{"id":1378,"date":"2019-05-02T13:39:43","date_gmt":"2019-05-02T17:39:43","guid":{"rendered":"https:\/\/nellydevuyst.com\/privacy\/"},"modified":"2024-01-30T14:03:18","modified_gmt":"2024-01-30T19:03:18","slug":"confidentialite","status":"publish","type":"page","link":"https:\/\/nellydevuyst.com\/fr\/confidentialite\/","title":{"rendered":"Politique de Confidentialit\u00e9"},"content":{"rendered":"\n\t<section class=\"section\" id=\"section_899635029\">\n\t\t<div class=\"section-bg fill\" >\n\t\t\t\t\t\t\t\t\t\n\t\t\t\n\n\t\t<\/div>\n\n\t\t\n\n\t\t<div class=\"section-content relative\">\n\t\t\t\n<div class=\"row\"  id=\"row-87613715\">\n\n\t<div id=\"col-1101274449\" class=\"col small-12 large-12\"  >\n\t\t\t\t<div class=\"col-inner text-center\"  >\n\t\t\t\n\t\t\t\n<p class=\"uppercase\" data-line-height=\"xs\"><span style=\"font-size: 90%;\"><strong>Veuillez lire attentivement<\/strong><\/span><\/p>\n<h1 class=\"uppercase\"><span style=\"font-size: 170%;\" data-line-height=\"xs\">Politique de confidentialit\u00e9<\/span><\/h1>\n\t\t<\/div>\n\t\t\t\t\t<\/div>\n\n\t\n<\/div>\n<p>Cette politique de confidentialit\u00e9 d\u00e9crit comment vos renseignements personnels sont recueillis, utilis\u00e9s et partag\u00e9s lorsque vous visitez ou faites un achat sur <strong>nellydevuyst.com.<\/strong><\/p>\n<h3>Notre engagement<\/h3>\n<p>Nelly De Vuyst s&rsquo;engage \u00e0 prot\u00e9ger votre vie priv\u00e9e en ligne et \u00e0 prot\u00e9ger les renseignements que nous recueillons. En aucun cas nous ne divulguons les renseignements vous concernant ni ne revendons les renseignements recueillis sur ce site. Pour mieux prot\u00e9ger votre vie priv\u00e9e, nous fournissons cet avis expliquant nos pratiques en mati\u00e8re d&rsquo;information et les choix que vous pouvez faire sur la fa\u00e7on dont vos renseignements sont recueillis et utilis\u00e9s.<\/p>\n<h3>Informations que nous recueillons<\/h3>\n<p>Certaines informations sont collect\u00e9es afin, entre autres, de v\u00e9rifier votre identit\u00e9 pour une utilisation ult\u00e9rieure de notre service. En tant que visiteur de notre site Web, il se peut que l&rsquo;on vous demande votre nom et votre adresse \u00e9lectronique pour diverses raisons. Vos coordonn\u00e9es sont utilis\u00e9es pour vous contacter en cas de besoin et pour vous envoyer de nouvelles informations importantes sur nos produits et services. Si, \u00e0 tout moment, vous souhaitez ne plus recevoir de courriels, vous pouvez le faire en suivant les instructions d\u00e9taill\u00e9es figurant au bas de chaque courriel ou en nous envoyant un bref courriel pour nous demander de vous d\u00e9sinscrire.<\/p>\n<h3>Adresse IP<\/h3>\n<p>Nous pouvons recueillir votre adresse de protocole Internet (IP) chaque fois que vous visitez notre site web. L&rsquo;adresse IP est un identifiant unique attribu\u00e9 \u00e0 votre ordinateur chaque fois que vous vous connectez \u00e0 l&rsquo;internet. L&rsquo;adresse IP est utilis\u00e9e pour \u00e9tablir des rapports et des analyses statistiques sur le trafic du site, afin d&rsquo;aider \u00e0 diagnostiquer les probl\u00e8mes de notre serveur et de prot\u00e9ger nos clients et nous-m\u00eames contre la fraude.<\/p>\n<h3>M\u00e9dias sociaux<\/h3>\n<p>Lors de l&rsquo;utilisation des Services ou de certains services de r\u00e9seaux sociaux tiers (par exemple, Facebook, Twitter, Google+) (chacun \u00e9tant un \u00ab\u00a0R\u00e9seau social\u00a0\u00bb), vous pouvez avoir la possibilit\u00e9 de connecter vos informations et votre activit\u00e9 sur les Services avec vos informations et votre activit\u00e9 sur les R\u00e9seaux sociaux. Si vous autorisez une telle connexion, vous nous permettez de partager ou de publier des informations sur votre activit\u00e9 dans le cadre du Service avec ce R\u00e9seau social et ses utilisateurs et d&rsquo;acc\u00e9der \u00e0 certaines de vos informations de R\u00e9seau social, comme cela vous a \u00e9t\u00e9 communiqu\u00e9 au moment o\u00f9 vous consentez \u00e0 la connexion. Les informations que nous pouvons partager avec un R\u00e9seau Social peuvent inclure, sans s&rsquo;y limiter : des informations techniques sur votre activit\u00e9 sur le Service, vos commentaires sur le Service ou les vid\u00e9os que vous regardez sur le Service. Les informations vous concernant auxquelles nous pouvons acc\u00e9der, avec votre consentement, \u00e0 partir d&rsquo;un R\u00e9seau Social peuvent inclure, sans s&rsquo;y limiter, vos informations de base sur le R\u00e9seau Social, vos donn\u00e9es de localisation, votre liste de contacts, d&rsquo;amis ou de suiveurs et certaines informations sur vos activit\u00e9s sur le R\u00e9seau Social. Si vous autorisez une connexion entre un R\u00e9seau social et un Service, nous (et ce R\u00e9seau social) pouvons \u00eatre en mesure de vous identifier et d&rsquo;associer les informations re\u00e7ues dans le cadre de la connexion aux informations dont nous disposons d\u00e9j\u00e0 sur vous. Pour plus d&rsquo;informations, veuillez consulter les clauses de confidentialit\u00e9 et les conditions de votre compte de R\u00e9seau Social, qui r\u00e9gissent la mani\u00e8re dont les informations de ce compte sont collect\u00e9es et partag\u00e9es avec nous.<\/p>\n<h3>Activit\u00e9 du serveur<\/h3>\n<p>Les connexions des clients et les autres activit\u00e9s d&rsquo;acc\u00e8s au serveur sont surveill\u00e9es et analys\u00e9es afin de prot\u00e9ger notre serveur contre les tentatives de connexion non autoris\u00e9es.<\/p>\n<h3>Correspondence<\/h3>\n<p>Nous nous r\u00e9servons le droit de conserver un enregistrement de toute correspondance (c&rsquo;est-\u00e0-dire courrier \u00e9lectronique ou courrier papier) que vous nous adressez.<\/p>\n<h3>Divulgation d&rsquo;informations<\/h3>\n<p>Nous ne pouvons pas garantir que toutes vos informations personnellement identifiables ne seront jamais divulgu\u00e9es d&rsquo;une mani\u00e8re non d\u00e9crite dans la pr\u00e9sente politique de confidentialit\u00e9. Par exemple, nous pouvons \u00eatre tenus de divulguer des informations personnellement identifiables au gouvernement, aux forces de l&rsquo;ordre ou \u00e0 un conseiller juridique (par exemple, sur ordonnance d&rsquo;un tribunal).<\/p>\n<h3>Mesures de s\u00e9curit\u00e9<\/h3>\n<p>Bien que nous proposions l&rsquo;utilisation d&rsquo;un serveur s\u00e9curis\u00e9 via la technologie Secure Socket Layer (SSL), aucune transmission de donn\u00e9es sur Internet ne peut \u00eatre garantie comme \u00e9tant 100% s\u00fbre. Par cons\u00e9quent, bien que nous nous efforcions de prot\u00e9ger vos informations personnelles, nous ne pouvons pas assurer ou garantir la s\u00e9curit\u00e9 des informations que vous nous transmettez et vous le faites \u00e0 vos propres risques. Une fois que nous avons re\u00e7u votre transmission, nous faisons de notre mieux pour assurer sa s\u00e9curit\u00e9 sur nos syst\u00e8mes.<\/p>\n<h3>G\u00e9n\u00e9ralit\u00e9s<\/h3>\n<p>La pr\u00e9sente politique de confidentialit\u00e9 est int\u00e9gr\u00e9e aux conditions g\u00e9n\u00e9rales de ce site et y est soumise. Nous ne sommes pas responsables des pratiques en mati\u00e8re de confidentialit\u00e9 ou du contenu des sites web li\u00e9s. Si vous avez des questions concernant cette d\u00e9claration, veuillez les adresser \u00e0 :<\/p>\n<div class=\"row row-small\"  id=\"row-1203624509\">\n\n\t<div id=\"col-2105279177\" class=\"col small-12 large-12\"  >\n\t\t\t\t<div class=\"col-inner\"  >\n\t\t\t\n\t\t\t\n<h3>Nelly De Vuyst<sup>\u00ae<\/sup><\/h3>\r\n<p>4930 ch. du Bois Franc<br \/>\r\nSaint-Laurent (QC)<br \/>\r\nCanada H4S 1A7<\/p>\r\n<div class=\"social-icons follow-icons\" ><a href=\"https:\/\/www.facebook.com\/NellyDeVuystSkincare\" target=\"_blank\" data-label=\"Facebook\" class=\"icon plain tooltip facebook\" title=\"Nous suivre sur Facebook\" aria-label=\"Nous suivre sur Facebook\" rel=\"noopener nofollow\"><i class=\"icon-facebook\" aria-hidden=\"true\"><\/i><\/a><a href=\"https:\/\/www.instagram.com\/nelly_devuyst\/\" target=\"_blank\" data-label=\"Instagram\" class=\"icon plain tooltip instagram\" title=\"Nous suivre sur Instagram\" aria-label=\"Nous suivre sur Instagram\" rel=\"noopener nofollow\"><i class=\"icon-instagram\" aria-hidden=\"true\"><\/i><\/a><a href=\"mailto:info@dermeco.com\" data-label=\"E-mail\" target=\"_blank\" class=\"icon plain tooltip email\" title=\"Nous envoyer un email\" aria-label=\"Nous envoyer un email\" rel=\"nofollow noopener\"><i class=\"icon-envelop\" aria-hidden=\"true\"><\/i><\/a><a href=\"tel:+1 (514) 333-8282\" data-label=\"Phone\" target=\"_blank\" class=\"icon plain tooltip phone\" title=\"Appelez-nous\" aria-label=\"Appelez-nous\" rel=\"nofollow noopener\"><i class=\"icon-phone\" aria-hidden=\"true\"><\/i><\/a><a href=\"https:\/\/www.youtube.com\/user\/derme8282\" data-label=\"YouTube\" target=\"_blank\" class=\"icon plain tooltip youtube\" title=\"Nous suivre sur Youtube\" aria-label=\"Nous suivre sur Youtube\" rel=\"noopener nofollow\"><i class=\"icon-youtube\" aria-hidden=\"true\"><\/i><\/a><\/div>\n\t\t<\/div>\n\t\t\t\t\t<\/div>\n\n\t\n\n<style>\n#row-1203624509 > .col > .col-inner {\n  padding: 30px 0px 0px 0px;\n}\n<\/style>\n<\/div>\n\t\t<\/div>\n\n\t\t\n<style>\n#section_899635029 {\n  padding-top: 45px;\n  padding-bottom: 45px;\n}\n@media (min-width:550px) {\n  #section_899635029 {\n    padding-top: 65px;\n    padding-bottom: 65px;\n  }\n}\n@media (min-width:850px) {\n  #section_899635029 {\n    padding-top: 50px;\n    padding-bottom: 50px;\n  }\n}\n<\/style>\n\t<\/section>\n\t\n","protected":false},"excerpt":{"rendered":"","protected":false},"author":2,"featured_media":0,"parent":0,"menu_order":0,"comment_status":"closed","ping_status":"closed","template":"","meta":{"footnotes":""},"class_list":["post-1378","page","type-page","status-publish","hentry"],"yoast_head":"<!-- This site is optimized with the Yoast SEO plugin v27.4 - https:\/\/yoast.com\/product\/yoast-seo-wordpress\/ -->\n<title>Politique de Confidentialit\u00e9 | Nelly De Vuyst\u00ae Skin Care<\/title>\n<meta name=\"robots\" content=\"index, follow, max-snippet:-1, max-image-preview:large, max-video-preview:-1\" \/>\n<link rel=\"canonical\" href=\"https:\/\/nellydevuyst.com\/fr\/confidentialite\/\" \/>\n<meta property=\"og:locale\" content=\"fr_FR\" \/>\n<meta property=\"og:type\" content=\"article\" \/>\n<meta property=\"og:title\" content=\"Politique de Confidentialit\u00e9 | Nelly De Vuyst\u00ae Skin Care\" \/>\n<meta property=\"og:url\" content=\"https:\/\/nellydevuyst.com\/fr\/confidentialite\/\" \/>\n<meta property=\"og:site_name\" content=\"Nelly De Vuyst\u00ae Skin Care\" \/>\n<meta property=\"article:publisher\" content=\"https:\/\/www.facebook.com\/NellyDeVuystSkincare\/\" \/>\n<meta property=\"article:modified_time\" content=\"2024-01-30T19:03:18+00:00\" \/>\n<meta property=\"og:image\" content=\"https:\/\/nellydevuyst.com\/wp-content\/uploads\/2024\/03\/BioAcne-Banner.jpg\" \/>\n\t<meta property=\"og:image:width\" content=\"1500\" \/>\n\t<meta property=\"og:image:height\" content=\"800\" \/>\n\t<meta property=\"og:image:type\" content=\"image\/jpeg\" \/>\n<meta name=\"twitter:card\" content=\"summary_large_image\" \/>\n<script type=\"application\/ld+json\" class=\"yoast-schema-graph\">{\"@context\":\"https:\\\/\\\/schema.org\",\"@graph\":[{\"@type\":\"WebPage\",\"@id\":\"https:\\\/\\\/nellydevuyst.com\\\/fr\\\/confidentialite\\\/\",\"url\":\"https:\\\/\\\/nellydevuyst.com\\\/fr\\\/confidentialite\\\/\",\"name\":\"Politique de Confidentialit\u00e9 | Nelly De Vuyst\u00ae Skin Care\",\"isPartOf\":{\"@id\":\"https:\\\/\\\/nellydevuyst.com\\\/fr\\\/#website\"},\"datePublished\":\"2019-05-02T17:39:43+00:00\",\"dateModified\":\"2024-01-30T19:03:18+00:00\",\"breadcrumb\":{\"@id\":\"https:\\\/\\\/nellydevuyst.com\\\/fr\\\/confidentialite\\\/#breadcrumb\"},\"inLanguage\":\"fr-FR\",\"potentialAction\":[{\"@type\":\"ReadAction\",\"target\":[\"https:\\\/\\\/nellydevuyst.com\\\/fr\\\/confidentialite\\\/\"]}]},{\"@type\":\"BreadcrumbList\",\"@id\":\"https:\\\/\\\/nellydevuyst.com\\\/fr\\\/confidentialite\\\/#breadcrumb\",\"itemListElement\":[{\"@type\":\"ListItem\",\"position\":1,\"name\":\"Home\",\"item\":\"https:\\\/\\\/nellydevuyst.com\\\/fr\\\/\"},{\"@type\":\"ListItem\",\"position\":2,\"name\":\"Politique de Confidentialit\u00e9\"}]},{\"@type\":\"WebSite\",\"@id\":\"https:\\\/\\\/nellydevuyst.com\\\/fr\\\/#website\",\"url\":\"https:\\\/\\\/nellydevuyst.com\\\/fr\\\/\",\"name\":\"Nelly De Vuyst\u00ae Skin Care\",\"description\":\"The Best of Science and Nature\",\"publisher\":{\"@id\":\"https:\\\/\\\/nellydevuyst.com\\\/fr\\\/#organization\"},\"alternateName\":\"NDV Skin Care\",\"potentialAction\":[{\"@type\":\"SearchAction\",\"target\":{\"@type\":\"EntryPoint\",\"urlTemplate\":\"https:\\\/\\\/nellydevuyst.com\\\/fr\\\/?s={search_term_string}\"},\"query-input\":{\"@type\":\"PropertyValueSpecification\",\"valueRequired\":true,\"valueName\":\"search_term_string\"}}],\"inLanguage\":\"fr-FR\"},{\"@type\":\"Organization\",\"@id\":\"https:\\\/\\\/nellydevuyst.com\\\/fr\\\/#organization\",\"name\":\"Nelly De Vuyst Skin Care\",\"alternateName\":\"NDV Skin Care\",\"url\":\"https:\\\/\\\/nellydevuyst.com\\\/fr\\\/\",\"logo\":{\"@type\":\"ImageObject\",\"inLanguage\":\"fr-FR\",\"@id\":\"https:\\\/\\\/nellydevuyst.com\\\/fr\\\/#\\\/schema\\\/logo\\\/image\\\/\",\"url\":\"https:\\\/\\\/nellydevuyst.com\\\/wp-content\\\/uploads\\\/2024\\\/01\\\/ndv-logo-favico.png\",\"contentUrl\":\"https:\\\/\\\/nellydevuyst.com\\\/wp-content\\\/uploads\\\/2024\\\/01\\\/ndv-logo-favico.png\",\"width\":512,\"height\":512,\"caption\":\"Nelly De Vuyst Skin Care\"},\"image\":{\"@id\":\"https:\\\/\\\/nellydevuyst.com\\\/fr\\\/#\\\/schema\\\/logo\\\/image\\\/\"},\"sameAs\":[\"https:\\\/\\\/www.facebook.com\\\/NellyDeVuystSkincare\\\/\",\"https:\\\/\\\/www.instagram.com\\\/nelly_devuyst\\\/\",\"https:\\\/\\\/www.youtube.com\\\/user\\\/derme8282\",\"https:\\\/\\\/www.tiktok.com\\\/@nellydevuyst\",\"https:\\\/\\\/www.pinterest.com.mx\\\/nellydevuystskincare\\\/\"]}]}<\/script>\n<!-- \/ Yoast SEO plugin. -->","yoast_head_json":{"title":"Politique de Confidentialit\u00e9 | Nelly De Vuyst\u00ae Skin Care","robots":{"index":"index","follow":"follow","max-snippet":"max-snippet:-1","max-image-preview":"max-image-preview:large","max-video-preview":"max-video-preview:-1"},"canonical":"https:\/\/nellydevuyst.com\/fr\/confidentialite\/","og_locale":"fr_FR","og_type":"article","og_title":"Politique de Confidentialit\u00e9 | Nelly De Vuyst\u00ae Skin Care","og_url":"https:\/\/nellydevuyst.com\/fr\/confidentialite\/","og_site_name":"Nelly De Vuyst\u00ae Skin Care","article_publisher":"https:\/\/www.facebook.com\/NellyDeVuystSkincare\/","article_modified_time":"2024-01-30T19:03:18+00:00","og_image":[{"width":1500,"height":800,"url":"https:\/\/nellydevuyst.com\/wp-content\/uploads\/2024\/03\/BioAcne-Banner.jpg","type":"image\/jpeg"}],"twitter_card":"summary_large_image","schema":{"@context":"https:\/\/schema.org","@graph":[{"@type":"WebPage","@id":"https:\/\/nellydevuyst.com\/fr\/confidentialite\/","url":"https:\/\/nellydevuyst.com\/fr\/confidentialite\/","name":"Politique de Confidentialit\u00e9 | Nelly De Vuyst\u00ae Skin Care","isPartOf":{"@id":"https:\/\/nellydevuyst.com\/fr\/#website"},"datePublished":"2019-05-02T17:39:43+00:00","dateModified":"2024-01-30T19:03:18+00:00","breadcrumb":{"@id":"https:\/\/nellydevuyst.com\/fr\/confidentialite\/#breadcrumb"},"inLanguage":"fr-FR","potentialAction":[{"@type":"ReadAction","target":["https:\/\/nellydevuyst.com\/fr\/confidentialite\/"]}]},{"@type":"BreadcrumbList","@id":"https:\/\/nellydevuyst.com\/fr\/confidentialite\/#breadcrumb","itemListElement":[{"@type":"ListItem","position":1,"name":"Home","item":"https:\/\/nellydevuyst.com\/fr\/"},{"@type":"ListItem","position":2,"name":"Politique de Confidentialit\u00e9"}]},{"@type":"WebSite","@id":"https:\/\/nellydevuyst.com\/fr\/#website","url":"https:\/\/nellydevuyst.com\/fr\/","name":"Nelly De Vuyst\u00ae Skin Care","description":"The Best of Science and Nature","publisher":{"@id":"https:\/\/nellydevuyst.com\/fr\/#organization"},"alternateName":"NDV Skin Care","potentialAction":[{"@type":"SearchAction","target":{"@type":"EntryPoint","urlTemplate":"https:\/\/nellydevuyst.com\/fr\/?s={search_term_string}"},"query-input":{"@type":"PropertyValueSpecification","valueRequired":true,"valueName":"search_term_string"}}],"inLanguage":"fr-FR"},{"@type":"Organization","@id":"https:\/\/nellydevuyst.com\/fr\/#organization","name":"Nelly De Vuyst Skin Care","alternateName":"NDV Skin Care","url":"https:\/\/nellydevuyst.com\/fr\/","logo":{"@type":"ImageObject","inLanguage":"fr-FR","@id":"https:\/\/nellydevuyst.com\/fr\/#\/schema\/logo\/image\/","url":"https:\/\/nellydevuyst.com\/wp-content\/uploads\/2024\/01\/ndv-logo-favico.png","contentUrl":"https:\/\/nellydevuyst.com\/wp-content\/uploads\/2024\/01\/ndv-logo-favico.png","width":512,"height":512,"caption":"Nelly De Vuyst Skin Care"},"image":{"@id":"https:\/\/nellydevuyst.com\/fr\/#\/schema\/logo\/image\/"},"sameAs":["https:\/\/www.facebook.com\/NellyDeVuystSkincare\/","https:\/\/www.instagram.com\/nelly_devuyst\/","https:\/\/www.youtube.com\/user\/derme8282","https:\/\/www.tiktok.com\/@nellydevuyst","https:\/\/www.pinterest.com.mx\/nellydevuystskincare\/"]}]}},"_links":{"self":[{"href":"https:\/\/nellydevuyst.com\/fr\/wp-json\/wp\/v2\/pages\/1378","targetHints":{"allow":["GET"]}}],"collection":[{"href":"https:\/\/nellydevuyst.com\/fr\/wp-json\/wp\/v2\/pages"}],"about":[{"href":"https:\/\/nellydevuyst.com\/fr\/wp-json\/wp\/v2\/types\/page"}],"author":[{"embeddable":true,"href":"https:\/\/nellydevuyst.com\/fr\/wp-json\/wp\/v2\/users\/2"}],"replies":[{"embeddable":true,"href":"https:\/\/nellydevuyst.com\/fr\/wp-json\/wp\/v2\/comments?post=1378"}],"version-history":[{"count":0,"href":"https:\/\/nellydevuyst.com\/fr\/wp-json\/wp\/v2\/pages\/1378\/revisions"}],"wp:attachment":[{"href":"https:\/\/nellydevuyst.com\/fr\/wp-json\/wp\/v2\/media?parent=1378"}],"curies":[{"name":"wp","href":"https:\/\/api.w.org\/{rel}","templated":true}]}}