{"id":14936,"date":"2024-03-21T13:34:13","date_gmt":"2024-03-21T17:34:13","guid":{"rendered":"https:\/\/nellydevuyst.com\/social-responsibility\/"},"modified":"2024-03-21T16:05:09","modified_gmt":"2024-03-21T20:05:09","slug":"responsabilite-sociale","status":"publish","type":"page","link":"https:\/\/nellydevuyst.com\/fr\/responsabilite-sociale\/","title":{"rendered":"Notre responsabilit\u00e9 sociale"},"content":{"rendered":"\n\t<section class=\"section dark\" id=\"section_338281931\">\n\t\t<div class=\"section-bg fill\" >\n\t\t\t<img loading=\"lazy\" decoding=\"async\" width=\"1271\" height=\"424\" src=\"https:\/\/nellydevuyst.com\/wp-content\/uploads\/2024\/03\/nature.jpg\" class=\"bg attachment-original size-original\" alt=\"\" \/>\t\t\t\t\t\t<div class=\"section-bg-overlay absolute fill\"><\/div>\n\t\t\t\n\n\t\t<\/div>\n\n\t\t\n\n\t\t<div class=\"section-content relative\">\n\t\t\t\n<div class=\"row align-equal align-center\"  id=\"row-69091658\">\n\n\t<div id=\"col-276973131\" class=\"col medium-10 small-12 large-8\"  >\n\t\t\t\t<div class=\"col-inner text-center\"  >\n\t\t\t\n\t\t\t\n<p class=\"uppercase\" data-line-height=\"xs\"><span style=\"font-size: 90%;\"><strong>Nelly De Vuyst<\/strong><\/span><\/p>\n<h1 class=\"uppercase\"><span style=\"font-size: 170%;\" data-line-height=\"xs\">Durabilit\u00e9 et responsabilit\u00e9 sociale<\/span><\/h1>\n<h2><span style=\"font-size: 80%;\">Nous prenons tr\u00e8s au s\u00e9rieux notre responsabilit\u00e9 \u00e0 l&rsquo;\u00e9gard de la plan\u00e8te<\/span><\/h2>\n\t\t<\/div>\n\t\t\t\t\t<\/div>\n\n\t\n<\/div>\n\t\t<\/div>\n\n\t\t\n<style>\n#section_338281931 {\n  padding-top: 30px;\n  padding-bottom: 30px;\n  min-height: 400px;\n  background-color: rgb(241, 241, 241);\n}\n#section_338281931 .section-bg-overlay {\n  background-color: rgba(0, 0, 0, 0.2);\n}\n#section_338281931 .section-bg img {\n  object-position: 100% 52%;\n}\n@media (min-width:550px) {\n  #section_338281931 {\n    min-height: 500px;\n  }\n  #section_338281931 .section-bg-overlay {\n    background-color: rgba(0, 0, 0, 0.3);\n  }\n}\n@media (min-width:850px) {\n  #section_338281931 {\n    min-height: 500px;\n  }\n}\n<\/style>\n\t<\/section>\n\t\n\n\t<section class=\"section\" id=\"section_797155466\">\n\t\t<div class=\"section-bg fill\" >\n\t\t\t\t\t\t\t\t\t\n\t\t\t\n\n\t\t<\/div>\n\n\t\t\n\n\t\t<div class=\"section-content relative\">\n\t\t\t\n<div class=\"row row-large align-middle\" style=\"max-width:1300px\" id=\"row-936878511\">\n\n\t<div id=\"col-766308597\" class=\"col medium-12 small-12 large-6\"  >\n\t\t\t\t<div class=\"col-inner\"  >\n\t\t\t\n\t\t\t\n\t<div id=\"text-1046115325\" class=\"text\">\n\t\t\n<p>Chez Nelly De Vuyst, nous prenons tr\u00e8s au s\u00e9rieux notre responsabilit\u00e9 envers la plan\u00e8te et nous reconnaissons l&rsquo;importance de la durabilit\u00e9 dans tout ce que nous faisons. De l&rsquo;approvisionnement en ingr\u00e9dients \u00e0 nos processus de fabrication, nous nous engageons \u00e0 minimiser notre impact sur l&rsquo;environnement et \u00e0 promouvoir des pratiques durables \u00e0 chaque \u00e9tape de nos op\u00e9rations commerciales.<\/p>\n\t\t\n<style>\n#text-1046115325 {\n  font-size: 1.5rem;\n}\n@media (min-width:550px) {\n  #text-1046115325 {\n    font-size: 1.5rem;\n  }\n}\n<\/style>\n\t<\/div>\n\t\n\t\t<\/div>\n\t\t\t\t\t<\/div>\n\n\t\n\n\t<div id=\"col-673216376\" class=\"col medium-12 small-12 large-6\"  >\n\t\t\t\t<div class=\"col-inner\"  >\n\t\t\t\n\t\t\t\n\n  <div class=\"banner has-hover\" id=\"banner-154165372\">\n          <div class=\"banner-inner fill\">\n        <div class=\"banner-bg fill\" >\n            <img loading=\"lazy\" decoding=\"async\" width=\"1000\" height=\"667\" src=\"https:\/\/nellydevuyst.com\/wp-content\/uploads\/2024\/03\/essential-oil.jpg\" class=\"bg attachment-original size-original\" alt=\"\" \/>                                    \n                    <\/div>\n\t\t\n        <div class=\"banner-layers container\">\n            <div class=\"fill banner-link\"><\/div>            \n        <\/div>\n      <\/div>\n\n            \n<style>\n#banner-154165372 {\n  padding-top: 400px;\n  background-color: rgb(241, 241, 241);\n}\n#banner-154165372 .banner-bg img {\n  object-position: 88% 100%;\n}\n<\/style>\n  <\/div>\n\n\n\t\t<\/div>\n\t\t\t\t\t<\/div>\n\n\t\n<\/div>\n\t\t<\/div>\n\n\t\t\n<style>\n#section_797155466 {\n  padding-top: 90px;\n  padding-bottom: 90px;\n}\n<\/style>\n\t<\/section>\n\t\n\n\t<section class=\"section\" id=\"section_62220925\">\n\t\t<div class=\"section-bg fill\" >\n\t\t\t<img decoding=\"async\" src=\"https:\/\/nellydevuyst.com\/wp-content\/uploads\/2024\/01\/background.svg\" class=\"bg attachment-original size-original\" alt=\"\" \/>\t\t\t\t\t\t<div class=\"section-bg-overlay absolute fill\"><\/div>\n\t\t\t\n\n\t\t<\/div>\n\n\t\t\n\n\t\t<div class=\"section-content relative\">\n\t\t\t\n<div class=\"row row-large align-middle\" style=\"max-width:1300px\" id=\"row-412878179\">\n\n\t<div id=\"col-1543830512\" class=\"col medium-12 small-12 large-6\"  >\n\t\t\t\t<div class=\"col-inner\"  >\n\t\t\t\n\t\t\t\n\n  <div class=\"banner has-hover\" id=\"banner-875826779\">\n          <div class=\"banner-inner fill\">\n        <div class=\"banner-bg fill\" >\n            <img loading=\"lazy\" decoding=\"async\" width=\"1400\" height=\"934\" src=\"https:\/\/nellydevuyst.com\/wp-content\/uploads\/2024\/03\/partners-eco.jpg\" class=\"bg attachment-original size-original\" alt=\"\" \/>                                    \n                    <\/div>\n\t\t\n        <div class=\"banner-layers container\">\n            <div class=\"fill banner-link\"><\/div>            \n        <\/div>\n      <\/div>\n\n            \n<style>\n#banner-875826779 {\n  padding-top: 300px;\n  background-color: rgb(255, 255, 255);\n}\n#banner-875826779 .banner-bg img {\n  object-position: 50%50%;\n}\n@media (min-width:550px) {\n  #banner-875826779 {\n    padding-top: 500px;\n  }\n}\n@media (min-width:850px) {\n  #banner-875826779 {\n    padding-top: 550px;\n  }\n}\n<\/style>\n  <\/div>\n\n\n\t\t<\/div>\n\t\t\t\t\t<\/div>\n\n\t\n\n\t<div id=\"col-2146148681\" class=\"col medium-12 small-12 large-6\"  >\n\t\t\t\t<div class=\"col-inner\"  >\n\t\t\t\n\t\t\t\n\t<div id=\"text-2154962373\" class=\"text\">\n\t\t\n<p>L&rsquo;un de nos principes fondamentaux est de donner la priorit\u00e9 aux ingr\u00e9dients issus de l&rsquo;agriculture biologique certifi\u00e9e, ce qui garantit que nos produits sont exempts de produits chimiques et de pesticides nocifs.<\/p>\n<p class=\"lead\"><em>Nous s\u00e9lectionnons avec soin des fournisseurs qui partagent notre engagement en faveur du d\u00e9veloppement durable, en choisissant des partenaires qui adh\u00e8rent \u00e0 des pratiques \u00e9thiques et respectueuses de l&rsquo;environnement.<\/em><\/p>\n\t\t\n<style>\n#text-2154962373 {\n  font-size: 1.5rem;\n}\n@media (min-width:550px) {\n  #text-2154962373 {\n    font-size: 1.5rem;\n  }\n}\n<\/style>\n\t<\/div>\n\t\n\t\t<\/div>\n\t\t\t\t\t<\/div>\n\n\t\n<\/div>\n\t\t<\/div>\n\n\t\t\n<style>\n#section_62220925 {\n  padding-top: 60px;\n  padding-bottom: 60px;\n  background-color: rgb(241, 241, 241);\n}\n#section_62220925 .section-bg-overlay {\n  background-color: rgba(255,255,255,.5);\n}\n<\/style>\n\t<\/section>\n\t\n\n\t<section class=\"section dark has-mask mask-arrow\" id=\"section_1341255434\">\n\t\t<div class=\"section-bg fill\" >\n\t\t\t\t\t\t\t\t\t\n\t\t\t\n\n\t\t<\/div>\n\n\t\t\n\n\t\t<div class=\"section-content relative\">\n\t\t\t\n<div class=\"row\"  id=\"row-1633918311\">\n\n\t<div id=\"col-1920924507\" class=\"col small-12 large-12\"  >\n\t\t\t\t<div class=\"col-inner\"  >\n\t\t\t\n\t\t\t\n\t<div id=\"gap-1402697625\" class=\"gap-element clearfix\" style=\"display:block; height:auto;\">\n\t\t\n<style>\n#gap-1402697625 {\n  padding-top: 60px;\n}\n<\/style>\n\t<\/div>\n\t\n\t<div id=\"text-707429634\" class=\"text\">\n\t\t\n<p class=\"uppercase\"><strong>Comme vous, nous nous soucions de notre plan\u00e8te<\/strong><\/p>\n\t\t\n<style>\n#text-707429634 {\n  font-size: 1.5rem;\n  text-align: center;\n}\n@media (min-width:850px) {\n  #text-707429634 {\n    font-size: 4rem;\n  }\n}\n<\/style>\n\t<\/div>\n\t\n\t<div id=\"text-1093390510\" class=\"text\">\n\t\t\n<p>Rejoignez-nous dans notre mission vers une approche meilleure et plus consciente des soins personnels.<\/p>\n\t\t\n<style>\n#text-1093390510 {\n  font-size: 1.25rem;\n  text-align: center;\n}\n<\/style>\n\t<\/div>\n\t\n\t\t<\/div>\n\t\t\t\t\t<\/div>\n\n\t\n<\/div>\n\t\t<\/div>\n\n\t\t\n<style>\n#section_1341255434 {\n  padding-top: 30px;\n  padding-bottom: 30px;\n  background-color: rgb(0,0,0);\n}\n<\/style>\n\t<\/section>\n\t\n\n\t<section class=\"section\" id=\"section_36158531\">\n\t\t<div class=\"section-bg fill\" >\n\t\t\t\t\t\t\t\t\t\n\t\t\t\n\n\t\t<\/div>\n\n\t\t\n\n\t\t<div class=\"section-content relative\">\n\t\t\t\n<div class=\"row row-large\" style=\"max-width:1300px\" id=\"row-7279701\">\n\n\t<div id=\"col-908842084\" class=\"col medium-12 small-12 large-6\"  >\n\t\t\t\t<div class=\"col-inner\"  >\n\t\t\t\n\t\t\t\n\t<div id=\"text-1280481974\" class=\"text\">\n\t\t\n<h2 class=\"uppercase\">Pour un avenir plus sain et plus durable<\/h2>\n\t\t\n<style>\n#text-1280481974 {\n  font-size: 2rem;\n  line-height: 1.25;\n}\n@media (min-width:550px) {\n  #text-1280481974 {\n    font-size: 1.85rem;\n  }\n}\n<\/style>\n\t<\/div>\n\t\n\t<div id=\"text-1185192808\" class=\"text\">\n\t\t\n<p>Outre notre engagement en faveur d&rsquo;un approvisionnement durable, nous nous effor\u00e7ons \u00e9galement de minimiser les d\u00e9chets et la consommation d&rsquo;\u00e9nergie dans nos installations de production. En mettant en \u0153uvre des processus de production efficaces et en investissant dans des technologies d&rsquo;\u00e9nergie renouvelable, nous visons \u00e0 r\u00e9duire notre impact sur l&rsquo;environnement et \u00e0 pr\u00e9server des ressources pr\u00e9cieuses.<\/p>\n<p>En outre, nous participons activement \u00e0 des initiatives qui soutiennent la conservation de l&rsquo;environnement et le d\u00e9veloppement des communaut\u00e9s. Gr\u00e2ce \u00e0 des partenariats avec des organisations locales et des programmes caritatifs, nous souhaitons rendre aux communaut\u00e9s qui nous soutiennent ce qu&rsquo;elles nous ont donn\u00e9 et <strong>contribuer \u00e0 un avenir plus sain et plus durable pour tous.<\/strong><\/p>\n\t\t\n<style>\n#text-1185192808 {\n  font-size: 1.5rem;\n}\n<\/style>\n\t<\/div>\n\t\n\t\t<\/div>\n\t\t\t\t\t<\/div>\n\n\t\n\n\t<div id=\"col-941110110\" class=\"col medium-12 small-12 large-6\"  >\n\t\t\t\t<div class=\"col-inner\"  >\n\t\t\t\n\t\t\t\n\n  <div class=\"banner has-hover bg-zoom-long\" id=\"banner-433113038\">\n          <div class=\"banner-inner fill\">\n        <div class=\"banner-bg fill\" >\n            <img loading=\"lazy\" decoding=\"async\" width=\"1382\" height=\"758\" src=\"https:\/\/nellydevuyst.com\/wp-content\/uploads\/2024\/03\/earth-love.jpg\" class=\"bg attachment-original size-original\" alt=\"\" \/>                                    \n                    <\/div>\n\t\t\n        <div class=\"banner-layers container\">\n            <div class=\"fill banner-link\"><\/div>            \n        <\/div>\n      <\/div>\n\n            \n<style>\n#banner-433113038 {\n  padding-top: 400px;\n  background-color: rgb(241, 241, 241);\n}\n@media (min-width:550px) {\n  #banner-433113038 {\n    padding-top: 500px;\n  }\n}\n@media (min-width:850px) {\n  #banner-433113038 {\n    padding-top: 700px;\n  }\n}\n<\/style>\n  <\/div>\n\n\n\t\t<\/div>\n\t\t\t\t\t<\/div>\n\n\t\n<\/div>\n\t\t<\/div>\n\n\t\t\n<style>\n#section_36158531 {\n  padding-top: 50px;\n  padding-bottom: 50px;\n}\n@media (min-width:550px) {\n  #section_36158531 {\n    padding-top: 100px;\n    padding-bottom: 100px;\n  }\n}\n@media (min-width:850px) {\n  #section_36158531 {\n    padding-top: 90px;\n    padding-bottom: 90px;\n  }\n}\n<\/style>\n\t<\/section>\n\t\n","protected":false},"excerpt":{"rendered":"","protected":false},"author":2,"featured_media":0,"parent":0,"menu_order":0,"comment_status":"closed","ping_status":"closed","template":"page-blank.php","meta":{"footnotes":""},"class_list":["post-14936","page","type-page","status-publish","hentry"],"yoast_head":"<!-- This site is optimized with the Yoast SEO plugin v27.4 - https:\/\/yoast.com\/product\/yoast-seo-wordpress\/ -->\n<title>Notre responsabilit\u00e9 sociale | Nelly De Vuyst\u00ae Skin Care<\/title>\n<meta name=\"robots\" content=\"index, follow, max-snippet:-1, max-image-preview:large, max-video-preview:-1\" \/>\n<link rel=\"canonical\" href=\"https:\/\/nellydevuyst.com\/fr\/responsabilite-sociale\/\" \/>\n<meta property=\"og:locale\" content=\"fr_FR\" \/>\n<meta property=\"og:type\" content=\"article\" \/>\n<meta property=\"og:title\" content=\"Notre responsabilit\u00e9 sociale | Nelly De Vuyst\u00ae Skin Care\" \/>\n<meta property=\"og:url\" content=\"https:\/\/nellydevuyst.com\/fr\/responsabilite-sociale\/\" \/>\n<meta property=\"og:site_name\" content=\"Nelly De Vuyst\u00ae Skin Care\" \/>\n<meta property=\"article:publisher\" content=\"https:\/\/www.facebook.com\/NellyDeVuystSkincare\/\" \/>\n<meta property=\"article:modified_time\" content=\"2024-03-21T20:05:09+00:00\" \/>\n<meta property=\"og:image\" content=\"https:\/\/nellydevuyst.com\/wp-content\/uploads\/2024\/03\/BioAcne-Banner.jpg\" \/>\n\t<meta property=\"og:image:width\" content=\"1500\" \/>\n\t<meta property=\"og:image:height\" content=\"800\" \/>\n\t<meta property=\"og:image:type\" content=\"image\/jpeg\" \/>\n<meta name=\"twitter:card\" content=\"summary_large_image\" \/>\n<script type=\"application\/ld+json\" class=\"yoast-schema-graph\">{\"@context\":\"https:\\\/\\\/schema.org\",\"@graph\":[{\"@type\":\"WebPage\",\"@id\":\"https:\\\/\\\/nellydevuyst.com\\\/fr\\\/responsabilite-sociale\\\/\",\"url\":\"https:\\\/\\\/nellydevuyst.com\\\/fr\\\/responsabilite-sociale\\\/\",\"name\":\"Notre responsabilit\u00e9 sociale | Nelly De Vuyst\u00ae Skin Care\",\"isPartOf\":{\"@id\":\"https:\\\/\\\/nellydevuyst.com\\\/fr\\\/#website\"},\"datePublished\":\"2024-03-21T17:34:13+00:00\",\"dateModified\":\"2024-03-21T20:05:09+00:00\",\"breadcrumb\":{\"@id\":\"https:\\\/\\\/nellydevuyst.com\\\/fr\\\/responsabilite-sociale\\\/#breadcrumb\"},\"inLanguage\":\"fr-FR\",\"potentialAction\":[{\"@type\":\"ReadAction\",\"target\":[\"https:\\\/\\\/nellydevuyst.com\\\/fr\\\/responsabilite-sociale\\\/\"]}]},{\"@type\":\"BreadcrumbList\",\"@id\":\"https:\\\/\\\/nellydevuyst.com\\\/fr\\\/responsabilite-sociale\\\/#breadcrumb\",\"itemListElement\":[{\"@type\":\"ListItem\",\"position\":1,\"name\":\"Home\",\"item\":\"https:\\\/\\\/nellydevuyst.com\\\/fr\\\/\"},{\"@type\":\"ListItem\",\"position\":2,\"name\":\"Notre responsabilit\u00e9 sociale\"}]},{\"@type\":\"WebSite\",\"@id\":\"https:\\\/\\\/nellydevuyst.com\\\/fr\\\/#website\",\"url\":\"https:\\\/\\\/nellydevuyst.com\\\/fr\\\/\",\"name\":\"Nelly De Vuyst\u00ae Skin Care\",\"description\":\"The Best of Science and Nature\",\"publisher\":{\"@id\":\"https:\\\/\\\/nellydevuyst.com\\\/fr\\\/#organization\"},\"alternateName\":\"NDV Skin Care\",\"potentialAction\":[{\"@type\":\"SearchAction\",\"target\":{\"@type\":\"EntryPoint\",\"urlTemplate\":\"https:\\\/\\\/nellydevuyst.com\\\/fr\\\/?s={search_term_string}\"},\"query-input\":{\"@type\":\"PropertyValueSpecification\",\"valueRequired\":true,\"valueName\":\"search_term_string\"}}],\"inLanguage\":\"fr-FR\"},{\"@type\":\"Organization\",\"@id\":\"https:\\\/\\\/nellydevuyst.com\\\/fr\\\/#organization\",\"name\":\"Nelly De Vuyst Skin Care\",\"alternateName\":\"NDV Skin Care\",\"url\":\"https:\\\/\\\/nellydevuyst.com\\\/fr\\\/\",\"logo\":{\"@type\":\"ImageObject\",\"inLanguage\":\"fr-FR\",\"@id\":\"https:\\\/\\\/nellydevuyst.com\\\/fr\\\/#\\\/schema\\\/logo\\\/image\\\/\",\"url\":\"https:\\\/\\\/nellydevuyst.com\\\/wp-content\\\/uploads\\\/2024\\\/01\\\/ndv-logo-favico.png\",\"contentUrl\":\"https:\\\/\\\/nellydevuyst.com\\\/wp-content\\\/uploads\\\/2024\\\/01\\\/ndv-logo-favico.png\",\"width\":512,\"height\":512,\"caption\":\"Nelly De Vuyst Skin Care\"},\"image\":{\"@id\":\"https:\\\/\\\/nellydevuyst.com\\\/fr\\\/#\\\/schema\\\/logo\\\/image\\\/\"},\"sameAs\":[\"https:\\\/\\\/www.facebook.com\\\/NellyDeVuystSkincare\\\/\",\"https:\\\/\\\/www.instagram.com\\\/nelly_devuyst\\\/\",\"https:\\\/\\\/www.youtube.com\\\/user\\\/derme8282\",\"https:\\\/\\\/www.tiktok.com\\\/@nellydevuyst\",\"https:\\\/\\\/www.pinterest.com.mx\\\/nellydevuystskincare\\\/\"]}]}<\/script>\n<!-- \/ Yoast SEO plugin. -->","yoast_head_json":{"title":"Notre responsabilit\u00e9 sociale | Nelly De Vuyst\u00ae Skin Care","robots":{"index":"index","follow":"follow","max-snippet":"max-snippet:-1","max-image-preview":"max-image-preview:large","max-video-preview":"max-video-preview:-1"},"canonical":"https:\/\/nellydevuyst.com\/fr\/responsabilite-sociale\/","og_locale":"fr_FR","og_type":"article","og_title":"Notre responsabilit\u00e9 sociale | Nelly De Vuyst\u00ae Skin Care","og_url":"https:\/\/nellydevuyst.com\/fr\/responsabilite-sociale\/","og_site_name":"Nelly De Vuyst\u00ae Skin Care","article_publisher":"https:\/\/www.facebook.com\/NellyDeVuystSkincare\/","article_modified_time":"2024-03-21T20:05:09+00:00","og_image":[{"width":1500,"height":800,"url":"https:\/\/nellydevuyst.com\/wp-content\/uploads\/2024\/03\/BioAcne-Banner.jpg","type":"image\/jpeg"}],"twitter_card":"summary_large_image","schema":{"@context":"https:\/\/schema.org","@graph":[{"@type":"WebPage","@id":"https:\/\/nellydevuyst.com\/fr\/responsabilite-sociale\/","url":"https:\/\/nellydevuyst.com\/fr\/responsabilite-sociale\/","name":"Notre responsabilit\u00e9 sociale | Nelly De Vuyst\u00ae Skin Care","isPartOf":{"@id":"https:\/\/nellydevuyst.com\/fr\/#website"},"datePublished":"2024-03-21T17:34:13+00:00","dateModified":"2024-03-21T20:05:09+00:00","breadcrumb":{"@id":"https:\/\/nellydevuyst.com\/fr\/responsabilite-sociale\/#breadcrumb"},"inLanguage":"fr-FR","potentialAction":[{"@type":"ReadAction","target":["https:\/\/nellydevuyst.com\/fr\/responsabilite-sociale\/"]}]},{"@type":"BreadcrumbList","@id":"https:\/\/nellydevuyst.com\/fr\/responsabilite-sociale\/#breadcrumb","itemListElement":[{"@type":"ListItem","position":1,"name":"Home","item":"https:\/\/nellydevuyst.com\/fr\/"},{"@type":"ListItem","position":2,"name":"Notre responsabilit\u00e9 sociale"}]},{"@type":"WebSite","@id":"https:\/\/nellydevuyst.com\/fr\/#website","url":"https:\/\/nellydevuyst.com\/fr\/","name":"Nelly De Vuyst\u00ae Skin Care","description":"The Best of Science and Nature","publisher":{"@id":"https:\/\/nellydevuyst.com\/fr\/#organization"},"alternateName":"NDV Skin Care","potentialAction":[{"@type":"SearchAction","target":{"@type":"EntryPoint","urlTemplate":"https:\/\/nellydevuyst.com\/fr\/?s={search_term_string}"},"query-input":{"@type":"PropertyValueSpecification","valueRequired":true,"valueName":"search_term_string"}}],"inLanguage":"fr-FR"},{"@type":"Organization","@id":"https:\/\/nellydevuyst.com\/fr\/#organization","name":"Nelly De Vuyst Skin Care","alternateName":"NDV Skin Care","url":"https:\/\/nellydevuyst.com\/fr\/","logo":{"@type":"ImageObject","inLanguage":"fr-FR","@id":"https:\/\/nellydevuyst.com\/fr\/#\/schema\/logo\/image\/","url":"https:\/\/nellydevuyst.com\/wp-content\/uploads\/2024\/01\/ndv-logo-favico.png","contentUrl":"https:\/\/nellydevuyst.com\/wp-content\/uploads\/2024\/01\/ndv-logo-favico.png","width":512,"height":512,"caption":"Nelly De Vuyst Skin Care"},"image":{"@id":"https:\/\/nellydevuyst.com\/fr\/#\/schema\/logo\/image\/"},"sameAs":["https:\/\/www.facebook.com\/NellyDeVuystSkincare\/","https:\/\/www.instagram.com\/nelly_devuyst\/","https:\/\/www.youtube.com\/user\/derme8282","https:\/\/www.tiktok.com\/@nellydevuyst","https:\/\/www.pinterest.com.mx\/nellydevuystskincare\/"]}]}},"_links":{"self":[{"href":"https:\/\/nellydevuyst.com\/fr\/wp-json\/wp\/v2\/pages\/14936","targetHints":{"allow":["GET"]}}],"collection":[{"href":"https:\/\/nellydevuyst.com\/fr\/wp-json\/wp\/v2\/pages"}],"about":[{"href":"https:\/\/nellydevuyst.com\/fr\/wp-json\/wp\/v2\/types\/page"}],"author":[{"embeddable":true,"href":"https:\/\/nellydevuyst.com\/fr\/wp-json\/wp\/v2\/users\/2"}],"replies":[{"embeddable":true,"href":"https:\/\/nellydevuyst.com\/fr\/wp-json\/wp\/v2\/comments?post=14936"}],"version-history":[{"count":0,"href":"https:\/\/nellydevuyst.com\/fr\/wp-json\/wp\/v2\/pages\/14936\/revisions"}],"wp:attachment":[{"href":"https:\/\/nellydevuyst.com\/fr\/wp-json\/wp\/v2\/media?parent=14936"}],"curies":[{"name":"wp","href":"https:\/\/api.w.org\/{rel}","templated":true}]}}