{"id":2397,"date":"2020-03-26T11:43:12","date_gmt":"2020-03-26T15:43:12","guid":{"rendered":"https:\/\/nellydevuyst.com\/conditions-of-sale\/"},"modified":"2024-01-30T14:08:21","modified_gmt":"2024-01-30T19:08:21","slug":"conditions-de-vente","status":"publish","type":"page","link":"https:\/\/nellydevuyst.com\/fr\/conditions-de-vente\/","title":{"rendered":"Conditions de Vente"},"content":{"rendered":"\n\t<section class=\"section\" id=\"section_1462551052\">\n\t\t<div class=\"section-bg fill\" >\n\t\t\t\t\t\t\t\t\t\n\t\t\t\n\n\t\t<\/div>\n\n\t\t\n\n\t\t<div class=\"section-content relative\">\n\t\t\t\n<div class=\"row\"  id=\"row-1693247840\">\n\n\t<div id=\"col-1564290012\" class=\"col small-12 large-12\"  >\n\t\t\t\t<div class=\"col-inner text-center\"  >\n\t\t\t\n\t\t\t\n<p class=\"uppercase\" data-line-height=\"xs\"><span style=\"font-size: 90%;\"><strong>Veuillez lire attentivement<\/strong><\/span><\/p>\n<h1 class=\"uppercase\"><span style=\"font-size: 170%;\" data-line-height=\"xs\">Conditions de vente<\/span><\/h1>\n\t\t<\/div>\n\t\t\t\t\t<\/div>\n\n\t\n<\/div>\n<h2>Produits, prix et taxes<\/h2>\n<h3>S\u00e9curit\u00e9<\/h3>\n<p>Le site de Nelly De Vuyst s\u00e9curise votre paiement avec SSL. Cela permet de garantir que toutes les donn\u00e9es transmises entre le serveur web et les navigateurs restent priv\u00e9es et int\u00e9grales. Dans le cadre du d\u00e9veloppement des nouveaux outils de communication, il est n\u00e9cessaire de porter une attention toute particuli\u00e8re aux informations personnelles. Nous mettons un point d&rsquo;honneur \u00e0 respecter la confidentialit\u00e9 des informations personnelles que nous recueillons.<\/p>\n<h3>Prix<\/h3>\n<p>Tous les prix sont susceptibles d&rsquo;\u00eatre modifi\u00e9s \u00e0 tout moment sans pr\u00e9avis. Si un produit est affich\u00e9 \u00e0 un prix incorrect en raison d&rsquo;une erreur typographique ou d&rsquo;une erreur dans l&rsquo;information sur les prix, Nelly De Vuyst a le droit de refuser ou d&rsquo;annuler ces commandes, que la commande ait \u00e9t\u00e9 confirm\u00e9e ou non et que votre carte de cr\u00e9dit ait \u00e9t\u00e9 d\u00e9bit\u00e9e. Si votre carte de cr\u00e9dit a d\u00e9j\u00e0 \u00e9t\u00e9 d\u00e9bit\u00e9e pour l&rsquo;achat et que votre commande est annul\u00e9e, Nelly De Vuyst \u00e9mettra un cr\u00e9dit sur le compte de votre carte de cr\u00e9dit du montant du prix incorrect.<\/p>\n<h3>Taxes<\/h3>\n<p>Tous les prix des produits affich\u00e9s sur ce site sont hors taxes. Nelly De Vuyst vous facturera la taxe de vente applicable \u00e0 votre ou vos achats en fonction des lois de la juridiction dans laquelle le produit doit \u00eatre livr\u00e9. La somme des taxes est calcul\u00e9e en fonction de l&rsquo;adresse de livraison. Les taxes seront indiqu\u00e9es et ajout\u00e9es \u00e0 votre commande\/facture ; toutes ces taxes seront pay\u00e9es par vous. Veuillez noter que les taxes de vente peuvent faire l&rsquo;objet de modifications.<\/p>\n<h3>Coupons et codes promotionnels<\/h3>\n<p>S&rsquo;ils sont sp\u00e9cifiquement jug\u00e9s applicables \u00e0 votre achat chez Nelly De Vuyst, les coupons et les codes promotionnels ne sont pas transf\u00e9rables, ne peuvent \u00eatre utilis\u00e9s qu&rsquo;une seule fois et ne peuvent \u00eatre \u00e9chang\u00e9s contre de l&rsquo;argent ou un cr\u00e9dit. Chaque coupon est identifi\u00e9 par un code de coupon et a des exigences et des r\u00e9compenses diff\u00e9rentes. Veuillez v\u00e9rifier votre coupon &#8211; toutes les conditions indiqu\u00e9es sur le coupon doivent \u00eatre remplies pour b\u00e9n\u00e9ficier de la r\u00e9duction. Les valeurs des coupons sont celles sp\u00e9cifi\u00e9es sur le coupon. Les coupons sont destin\u00e9s \u00e0 un usage unique. Certains codes et coupons ne peuvent \u00eatre combin\u00e9s avec des promotions en cours. Les coupons ne sont \u00e9changeables que pour l&rsquo;achat de produits d\u00e9sign\u00e9s achet\u00e9s sur ce site Web. Si vous avez des questions concernant un coupon ou un code promotionnel, veuillez contacter notre service client\u00e8le. Les programmes de coupons\/codes promotionnels peuvent \u00eatre r\u00e9sili\u00e9s ou modifi\u00e9s par Nelly De Vuyst \u00e0 tout moment et \u00e0 sa seule discr\u00e9tion.<\/p>\n<h3>Accord de paiement<\/h3>\n<p>Les produits demeurent la propri\u00e9t\u00e9 de Nelly De Vuyst jusqu&rsquo;\u00e0 ce que le paiement int\u00e9gral soit re\u00e7u. En achetant un produit de Nelly De Vuyst, vous acceptez de payer tous les frais associ\u00e9s au(x) produit(s) achet\u00e9(s). D\u00e8s que vous prenez physiquement possession des produits command\u00e9s, le risque de perte ou de dommage aux produits vous est transf\u00e9r\u00e9.<\/p>\n<h2>Commandes et acceptation<\/h2>\n<p>Toutes les commandes pass\u00e9es par vous sont non annulables et soumises \u00e0 l&rsquo;acceptation de Nelly De Vuyst. Nelly De Vuyst se r\u00e9serve le droit de rejeter toute commande que vous lui passez et\/ou de limiter les quantit\u00e9s de toute commande. Nonobstant toute confirmation de commande ou autre communication envoy\u00e9e par Nelly De Vuyst, votre commande ne sera pas consid\u00e9r\u00e9e comme accept\u00e9e avant l&rsquo;exp\u00e9dition des produits command\u00e9s. Nos produits sont disponibles \u00e0 l&rsquo;achat tant qu&rsquo;ils sont r\u00e9pertori\u00e9s sur notre site Web et que les quantit\u00e9s sont disponibles. Dans le cas o\u00f9 un produit devient indisponible apr\u00e8s la passation de votre commande, nous vous en informerons imm\u00e9diatement par courriel. Si nous ne sommes pas en mesure d&rsquo;ex\u00e9cuter votre commande, nous l&rsquo;annulerons automatiquement et aucun frais ne sera pr\u00e9lev\u00e9. L&rsquo;ENVOI DE VOTRE COMMANDE CONSTITUE VOTRE PLEINE ACCEPTATION DES PR\u00c9SENTES CONDITIONS G\u00c9N\u00c9RALES DE VENTE.<\/p>\n<h2 id=\"ShippingHandling\">Exp\u00e9dition et manutention<\/h2>\n<h3>Livraison<\/h3>\n<p>Les produits sont livr\u00e9s \u00e0 l&rsquo;adresse de livraison indiqu\u00e9e au cours du processus de commande. Les dates de livraison peuvent \u00eatre r\u00e9vis\u00e9es \u00e0 tout moment pour des raisons ind\u00e9pendantes de notre volont\u00e9. Tout retard ou d\u00e9faut de livraison caus\u00e9 par ce qui pr\u00e9c\u00e8de ne saurait entra\u00eener la responsabilit\u00e9 de Nelly De Vuyst. En cas de retard dans l&rsquo;exp\u00e9dition, un courriel sera envoy\u00e9 contenant toutes les informations. Aucune r\u00e9clamation relative \u00e0 la quantit\u00e9, \u00e0 l&rsquo;\u00e9tat, \u00e0 la perte ou aux dommages des marchandises ne sera accept\u00e9e apr\u00e8s trente (30) jours apr\u00e8s la date d&rsquo;exp\u00e9dition. Votre commande peut faire l&rsquo;objet de plusieurs envois.<\/p>\n<h3>Co\u00fbts<\/h3>\n<p>Les prix des produits ne comprennent pas les frais d&rsquo;exp\u00e9dition et de manutention. Nelly De Vuyst fera preuve de discr\u00e9tion dans le choix d&rsquo;un transporteur r\u00e9put\u00e9 et des moyens d&rsquo;exp\u00e9dition appropri\u00e9s. Les frais d&rsquo;exp\u00e9dition sont fixes ; ils comprennent l&#8217;emballage, l&rsquo;affranchissement et la manutention. Le risque de perte ou de dommage au(x) produit(s) en transit vous incombe. En cas d&rsquo;endommagement ou de perte du produit pendant le transport, il vous incombe de d\u00e9poser une r\u00e9clamation aupr\u00e8s du transporteur. Un soin particulier est apport\u00e9 \u00e0 chaque colis afin de vous apporter la satisfaction du client.<\/p>\n<ul>\n<li style=\"list-style-type: none;\">\n<ul>\n<li><strong>CANADA<\/strong>\n<ul>\n<li class=\"bullet-arrow\">Livraison gratuite pour toute commande de 100$ ou plus.<\/li>\n<li class=\"bullet-arrow\">Pour les commandes inf\u00e9rieures \u00e0 100$, des frais forfaitaires de 4,99$ seront appliqu\u00e9s.*<\/li>\n<\/ul>\n<\/li>\n<li><strong>\u00c9TATS-UNIS<\/strong>\n<ul>\n<li class=\"bullet-arrow\">Livraison gratuite pour toute commande de 100$ ou plus.<\/li>\n<li class=\"bullet-arrow\">Pour les commandes inf\u00e9rieures \u00e0 100$, des frais forfaitaires de 14,99$ seront appliqu\u00e9s.*<\/li>\n<\/ul>\n<\/li>\n<li><strong>INTERNATIONAL<\/strong>\n<ul>\n<li class=\"bullet-arrow\">Des frais forfaitaires de 45,00$ seront appliqu\u00e9s.*<\/li>\n<\/ul>\n<\/li>\n<\/ul>\n<\/li>\n<\/ul>\n<h2 id=\"ReturnsExchanges\">Politique de remboursement<\/h2>\n<p>Si, pour une raison quelconque, le produit ne r\u00e9pond pas \u00e0 vos attentes, vous disposerez d&rsquo;un d\u00e9lai de 30 jours pour exercer votre droit au remboursement. Les produits doivent \u00eatre retourn\u00e9s dans leur emballage d&rsquo;origine (emballage, accessoires, notice&#8230;) accompagn\u00e9s de votre ticket de caisse original. Attention, aucun retour ne sera accept\u00e9 si plus d&rsquo;un tiers du produit a \u00e9t\u00e9 utilis\u00e9.<\/p>\n<h3>Remplacement du produit<\/h3>\n<p>Si vous pensez avoir re\u00e7u le produit dans un mauvais \u00e9tat ou si l&#8217;emballage a \u00e9t\u00e9 alt\u00e9r\u00e9, vous pouvez faire une demande de remplacement en nous envoyant un e-mail avec les d\u00e9tails n\u00e9cessaires et nous ferons en sorte qu&rsquo;un nouvel emballage vous soit remis sans frais suppl\u00e9mentaires.<\/p>\n<h3>Annulation<\/h3>\n<p>Si vous changez d&rsquo;avis apr\u00e8s avoir pass\u00e9 votre commande, vous pouvez nous envoyer un courriel pour annuler votre commande. Veuillez noter que les demandes d&rsquo;annulation ne seront trait\u00e9es que dans les 3 heures suivant la r\u00e9ception de la commande. Une fois la commande pass\u00e9e, aucune annulation ne sera possible. Si vous avez des questions \u00e0 propos de cette d\u00e9claration, veuillez les envoyer \u00e0 :<\/p>\n<div class=\"row row-small\"  id=\"row-927713841\">\n\n\t<div id=\"col-1238323321\" class=\"col small-12 large-12\"  >\n\t\t\t\t<div class=\"col-inner\"  >\n\t\t\t\n\t\t\t\n<h3>Nelly De Vuyst<sup>\u00ae<\/sup><\/h3>\r\n<p>4930 ch. du Bois Franc<br \/>\r\nSaint-Laurent (QC)<br \/>\r\nCanada H4S 1A7<\/p>\r\n<div class=\"social-icons follow-icons\" ><a href=\"https:\/\/www.facebook.com\/NellyDeVuystSkincare\" target=\"_blank\" data-label=\"Facebook\" class=\"icon plain tooltip facebook\" title=\"Nous suivre sur Facebook\" aria-label=\"Nous suivre sur Facebook\" rel=\"noopener nofollow\"><i class=\"icon-facebook\" aria-hidden=\"true\"><\/i><\/a><a href=\"https:\/\/www.instagram.com\/nelly_devuyst\/\" target=\"_blank\" data-label=\"Instagram\" class=\"icon plain tooltip instagram\" title=\"Nous suivre sur Instagram\" aria-label=\"Nous suivre sur Instagram\" rel=\"noopener nofollow\"><i class=\"icon-instagram\" aria-hidden=\"true\"><\/i><\/a><a href=\"mailto:info@dermeco.com\" data-label=\"E-mail\" target=\"_blank\" class=\"icon plain tooltip email\" title=\"Nous envoyer un email\" aria-label=\"Nous envoyer un email\" rel=\"nofollow noopener\"><i class=\"icon-envelop\" aria-hidden=\"true\"><\/i><\/a><a href=\"tel:+1 (514) 333-8282\" data-label=\"Phone\" target=\"_blank\" class=\"icon plain tooltip phone\" title=\"Appelez-nous\" aria-label=\"Appelez-nous\" rel=\"nofollow noopener\"><i class=\"icon-phone\" aria-hidden=\"true\"><\/i><\/a><a href=\"https:\/\/www.youtube.com\/user\/derme8282\" data-label=\"YouTube\" target=\"_blank\" class=\"icon plain tooltip youtube\" title=\"Nous suivre sur Youtube\" aria-label=\"Nous suivre sur Youtube\" rel=\"noopener nofollow\"><i class=\"icon-youtube\" aria-hidden=\"true\"><\/i><\/a><\/div>\n\t\t<\/div>\n\t\t\t\t\t<\/div>\n\n\t\n\n<style>\n#row-927713841 > .col > .col-inner {\n  padding: 30px 0px 0px 0px;\n}\n<\/style>\n<\/div>\n\t\t<\/div>\n\n\t\t\n<style>\n#section_1462551052 {\n  padding-top: 45px;\n  padding-bottom: 45px;\n}\n@media (min-width:550px) {\n  #section_1462551052 {\n    padding-top: 65px;\n    padding-bottom: 65px;\n  }\n}\n@media (min-width:850px) {\n  #section_1462551052 {\n    padding-top: 50px;\n    padding-bottom: 50px;\n  }\n}\n<\/style>\n\t<\/section>\n\t\n","protected":false},"excerpt":{"rendered":"","protected":false},"author":2,"featured_media":0,"parent":0,"menu_order":0,"comment_status":"closed","ping_status":"closed","template":"","meta":{"footnotes":""},"class_list":["post-2397","page","type-page","status-publish","hentry"],"yoast_head":"<!-- This site is optimized with the Yoast SEO plugin v27.4 - https:\/\/yoast.com\/product\/yoast-seo-wordpress\/ -->\n<title>Conditions de Vente | Nelly De Vuyst\u00ae Skin Care<\/title>\n<meta name=\"robots\" content=\"index, follow, max-snippet:-1, max-image-preview:large, max-video-preview:-1\" \/>\n<link rel=\"canonical\" href=\"https:\/\/nellydevuyst.com\/fr\/conditions-de-vente\/\" \/>\n<meta property=\"og:locale\" content=\"fr_FR\" \/>\n<meta property=\"og:type\" content=\"article\" \/>\n<meta property=\"og:title\" content=\"Conditions de Vente | Nelly De Vuyst\u00ae Skin Care\" \/>\n<meta property=\"og:url\" content=\"https:\/\/nellydevuyst.com\/fr\/conditions-de-vente\/\" \/>\n<meta property=\"og:site_name\" content=\"Nelly De Vuyst\u00ae Skin Care\" \/>\n<meta property=\"article:publisher\" content=\"https:\/\/www.facebook.com\/NellyDeVuystSkincare\/\" \/>\n<meta property=\"article:modified_time\" content=\"2024-01-30T19:08:21+00:00\" \/>\n<meta property=\"og:image\" content=\"https:\/\/nellydevuyst.com\/wp-content\/uploads\/2024\/03\/BioAcne-Banner.jpg\" \/>\n\t<meta property=\"og:image:width\" content=\"1500\" \/>\n\t<meta property=\"og:image:height\" content=\"800\" \/>\n\t<meta property=\"og:image:type\" content=\"image\/jpeg\" \/>\n<meta name=\"twitter:card\" content=\"summary_large_image\" \/>\n<script type=\"application\/ld+json\" class=\"yoast-schema-graph\">{\"@context\":\"https:\\\/\\\/schema.org\",\"@graph\":[{\"@type\":\"WebPage\",\"@id\":\"https:\\\/\\\/nellydevuyst.com\\\/fr\\\/conditions-de-vente\\\/\",\"url\":\"https:\\\/\\\/nellydevuyst.com\\\/fr\\\/conditions-de-vente\\\/\",\"name\":\"Conditions de Vente | Nelly De Vuyst\u00ae Skin Care\",\"isPartOf\":{\"@id\":\"https:\\\/\\\/nellydevuyst.com\\\/fr\\\/#website\"},\"datePublished\":\"2020-03-26T15:43:12+00:00\",\"dateModified\":\"2024-01-30T19:08:21+00:00\",\"breadcrumb\":{\"@id\":\"https:\\\/\\\/nellydevuyst.com\\\/fr\\\/conditions-de-vente\\\/#breadcrumb\"},\"inLanguage\":\"fr-FR\",\"potentialAction\":[{\"@type\":\"ReadAction\",\"target\":[\"https:\\\/\\\/nellydevuyst.com\\\/fr\\\/conditions-de-vente\\\/\"]}]},{\"@type\":\"BreadcrumbList\",\"@id\":\"https:\\\/\\\/nellydevuyst.com\\\/fr\\\/conditions-de-vente\\\/#breadcrumb\",\"itemListElement\":[{\"@type\":\"ListItem\",\"position\":1,\"name\":\"Home\",\"item\":\"https:\\\/\\\/nellydevuyst.com\\\/fr\\\/\"},{\"@type\":\"ListItem\",\"position\":2,\"name\":\"Conditions de Vente\"}]},{\"@type\":\"WebSite\",\"@id\":\"https:\\\/\\\/nellydevuyst.com\\\/fr\\\/#website\",\"url\":\"https:\\\/\\\/nellydevuyst.com\\\/fr\\\/\",\"name\":\"Nelly De Vuyst\u00ae Skin Care\",\"description\":\"The Best of Science and Nature\",\"publisher\":{\"@id\":\"https:\\\/\\\/nellydevuyst.com\\\/fr\\\/#organization\"},\"alternateName\":\"NDV Skin Care\",\"potentialAction\":[{\"@type\":\"SearchAction\",\"target\":{\"@type\":\"EntryPoint\",\"urlTemplate\":\"https:\\\/\\\/nellydevuyst.com\\\/fr\\\/?s={search_term_string}\"},\"query-input\":{\"@type\":\"PropertyValueSpecification\",\"valueRequired\":true,\"valueName\":\"search_term_string\"}}],\"inLanguage\":\"fr-FR\"},{\"@type\":\"Organization\",\"@id\":\"https:\\\/\\\/nellydevuyst.com\\\/fr\\\/#organization\",\"name\":\"Nelly De Vuyst Skin Care\",\"alternateName\":\"NDV Skin Care\",\"url\":\"https:\\\/\\\/nellydevuyst.com\\\/fr\\\/\",\"logo\":{\"@type\":\"ImageObject\",\"inLanguage\":\"fr-FR\",\"@id\":\"https:\\\/\\\/nellydevuyst.com\\\/fr\\\/#\\\/schema\\\/logo\\\/image\\\/\",\"url\":\"https:\\\/\\\/nellydevuyst.com\\\/wp-content\\\/uploads\\\/2024\\\/01\\\/ndv-logo-favico.png\",\"contentUrl\":\"https:\\\/\\\/nellydevuyst.com\\\/wp-content\\\/uploads\\\/2024\\\/01\\\/ndv-logo-favico.png\",\"width\":512,\"height\":512,\"caption\":\"Nelly De Vuyst Skin Care\"},\"image\":{\"@id\":\"https:\\\/\\\/nellydevuyst.com\\\/fr\\\/#\\\/schema\\\/logo\\\/image\\\/\"},\"sameAs\":[\"https:\\\/\\\/www.facebook.com\\\/NellyDeVuystSkincare\\\/\",\"https:\\\/\\\/www.instagram.com\\\/nelly_devuyst\\\/\",\"https:\\\/\\\/www.youtube.com\\\/user\\\/derme8282\",\"https:\\\/\\\/www.tiktok.com\\\/@nellydevuyst\",\"https:\\\/\\\/www.pinterest.com.mx\\\/nellydevuystskincare\\\/\"]}]}<\/script>\n<!-- \/ Yoast SEO plugin. -->","yoast_head_json":{"title":"Conditions de Vente | Nelly De Vuyst\u00ae Skin Care","robots":{"index":"index","follow":"follow","max-snippet":"max-snippet:-1","max-image-preview":"max-image-preview:large","max-video-preview":"max-video-preview:-1"},"canonical":"https:\/\/nellydevuyst.com\/fr\/conditions-de-vente\/","og_locale":"fr_FR","og_type":"article","og_title":"Conditions de Vente | Nelly De Vuyst\u00ae Skin Care","og_url":"https:\/\/nellydevuyst.com\/fr\/conditions-de-vente\/","og_site_name":"Nelly De Vuyst\u00ae Skin Care","article_publisher":"https:\/\/www.facebook.com\/NellyDeVuystSkincare\/","article_modified_time":"2024-01-30T19:08:21+00:00","og_image":[{"width":1500,"height":800,"url":"https:\/\/nellydevuyst.com\/wp-content\/uploads\/2024\/03\/BioAcne-Banner.jpg","type":"image\/jpeg"}],"twitter_card":"summary_large_image","schema":{"@context":"https:\/\/schema.org","@graph":[{"@type":"WebPage","@id":"https:\/\/nellydevuyst.com\/fr\/conditions-de-vente\/","url":"https:\/\/nellydevuyst.com\/fr\/conditions-de-vente\/","name":"Conditions de Vente | Nelly De Vuyst\u00ae Skin Care","isPartOf":{"@id":"https:\/\/nellydevuyst.com\/fr\/#website"},"datePublished":"2020-03-26T15:43:12+00:00","dateModified":"2024-01-30T19:08:21+00:00","breadcrumb":{"@id":"https:\/\/nellydevuyst.com\/fr\/conditions-de-vente\/#breadcrumb"},"inLanguage":"fr-FR","potentialAction":[{"@type":"ReadAction","target":["https:\/\/nellydevuyst.com\/fr\/conditions-de-vente\/"]}]},{"@type":"BreadcrumbList","@id":"https:\/\/nellydevuyst.com\/fr\/conditions-de-vente\/#breadcrumb","itemListElement":[{"@type":"ListItem","position":1,"name":"Home","item":"https:\/\/nellydevuyst.com\/fr\/"},{"@type":"ListItem","position":2,"name":"Conditions de Vente"}]},{"@type":"WebSite","@id":"https:\/\/nellydevuyst.com\/fr\/#website","url":"https:\/\/nellydevuyst.com\/fr\/","name":"Nelly De Vuyst\u00ae Skin Care","description":"The Best of Science and Nature","publisher":{"@id":"https:\/\/nellydevuyst.com\/fr\/#organization"},"alternateName":"NDV Skin Care","potentialAction":[{"@type":"SearchAction","target":{"@type":"EntryPoint","urlTemplate":"https:\/\/nellydevuyst.com\/fr\/?s={search_term_string}"},"query-input":{"@type":"PropertyValueSpecification","valueRequired":true,"valueName":"search_term_string"}}],"inLanguage":"fr-FR"},{"@type":"Organization","@id":"https:\/\/nellydevuyst.com\/fr\/#organization","name":"Nelly De Vuyst Skin Care","alternateName":"NDV Skin Care","url":"https:\/\/nellydevuyst.com\/fr\/","logo":{"@type":"ImageObject","inLanguage":"fr-FR","@id":"https:\/\/nellydevuyst.com\/fr\/#\/schema\/logo\/image\/","url":"https:\/\/nellydevuyst.com\/wp-content\/uploads\/2024\/01\/ndv-logo-favico.png","contentUrl":"https:\/\/nellydevuyst.com\/wp-content\/uploads\/2024\/01\/ndv-logo-favico.png","width":512,"height":512,"caption":"Nelly De Vuyst Skin Care"},"image":{"@id":"https:\/\/nellydevuyst.com\/fr\/#\/schema\/logo\/image\/"},"sameAs":["https:\/\/www.facebook.com\/NellyDeVuystSkincare\/","https:\/\/www.instagram.com\/nelly_devuyst\/","https:\/\/www.youtube.com\/user\/derme8282","https:\/\/www.tiktok.com\/@nellydevuyst","https:\/\/www.pinterest.com.mx\/nellydevuystskincare\/"]}]}},"_links":{"self":[{"href":"https:\/\/nellydevuyst.com\/fr\/wp-json\/wp\/v2\/pages\/2397","targetHints":{"allow":["GET"]}}],"collection":[{"href":"https:\/\/nellydevuyst.com\/fr\/wp-json\/wp\/v2\/pages"}],"about":[{"href":"https:\/\/nellydevuyst.com\/fr\/wp-json\/wp\/v2\/types\/page"}],"author":[{"embeddable":true,"href":"https:\/\/nellydevuyst.com\/fr\/wp-json\/wp\/v2\/users\/2"}],"replies":[{"embeddable":true,"href":"https:\/\/nellydevuyst.com\/fr\/wp-json\/wp\/v2\/comments?post=2397"}],"version-history":[{"count":0,"href":"https:\/\/nellydevuyst.com\/fr\/wp-json\/wp\/v2\/pages\/2397\/revisions"}],"wp:attachment":[{"href":"https:\/\/nellydevuyst.com\/fr\/wp-json\/wp\/v2\/media?parent=2397"}],"curies":[{"name":"wp","href":"https:\/\/api.w.org\/{rel}","templated":true}]}}