{"id":11548,"date":"2023-02-23T14:59:34","date_gmt":"2023-02-23T19:59:34","guid":{"rendered":"https:\/\/nellydevuyst.com\/product\/ndv-ph-indicator-strip\/"},"modified":"2024-09-06T13:40:42","modified_gmt":"2024-09-06T17:40:42","slug":"batonnet-indicateur-ph-ndv","status":"publish","type":"product","link":"https:\/\/nellydevuyst.com\/fr\/produit\/batonnet-indicateur-ph-ndv\/","title":{"rendered":"B\u00e2tonnet Indicateur de pH NDV"},"content":{"rendered":"<h2 class=\"uppercase\">\u00cates-vous sujette aux infections vaginales ?<\/h2>\n<p>Offrir un moyen rapide et facile de v\u00e9rifier les niveaux de pH vaginal selon les besoins. Ce test ultra pr\u00e9cis indique la plage de pH de 3,5 \u00e0 6 et permet de d\u00e9terminer le protocole Biofemme id\u00e9al.<\/p>\n","protected":false},"excerpt":{"rendered":"<p>Si vous \u00eates sujette \u00e0 des infections vaginales aux levures de mani\u00e8re r\u00e9currente, il est important de suivre une hygi\u00e8ne intime quotidienne sp\u00e9cifique pour les traiter et les pr\u00e9venir. Commencez par mesurer votre pH vaginal en utilisant un b\u00e2tonnet indicateur de pH et suivez la routine appropri\u00e9e \u00e0 votre r\u00e9sultat pour mettre fin \u00e0 votre infection vaginale \u00e0 levures.<\/p>\n<ul>\n<li class=\"bullet-arrow\"><strong>Texture :<\/strong> Papier tournesol<\/li>\n<li class=\"bullet-arrow\"><strong>Format :<\/strong> 1 Bande pH + pH indicateur de pH<\/li>\n<\/ul>\n","protected":false},"featured_media":14079,"comment_status":"open","ping_status":"closed","template":"","meta":[],"product_brand":[],"product_cat":[198,194],"product_tag":[228,254],"giftcard-category":[],"class_list":{"0":"post-11548","1":"product","2":"type-product","3":"status-publish","4":"has-post-thumbnail","6":"product_cat-collection-biofemme","7":"product_cat-hygiene-feminine","8":"product_tag-equilibrage-du-ph","9":"product_tag-hygiene-feminine","11":"first","12":"instock","13":"taxable","14":"shipping-taxable","15":"purchasable","16":"product-type-variable","17":"has-default-attributes"},"yoast_head":"<!-- This site is optimized with the Yoast SEO plugin v27.2 - https:\/\/yoast.com\/product\/yoast-seo-wordpress\/ -->\n<title>B\u00e2tonnet Indicateur de pH NDV | Nelly De Vuyst\u00ae Skin Care<\/title>\n<meta name=\"description\" content=\"Si vous \u00eates sujette \u00e0 des infections vaginales aux levures de mani\u00e8re r\u00e9currente, il est important de suivre une hygi\u00e8ne intime quotidienne sp\u00e9cifique pour les traiter et les pr\u00e9venir. Commencez par mesurer votre pH vaginal en utilisant un b\u00e2tonnet indicateur de pH et suivez la routine appropri\u00e9e \u00e0 votre r\u00e9sultat pour mettre fin \u00e0 votre infection vaginale \u00e0 levures.\" \/>\n<meta name=\"robots\" content=\"index, follow, max-snippet:-1, max-image-preview:large, max-video-preview:-1\" \/>\n<link rel=\"canonical\" href=\"https:\/\/nellydevuyst.com\/fr\/produit\/batonnet-indicateur-ph-ndv\/\" \/>\n<meta property=\"og:locale\" content=\"fr_FR\" \/>\n<meta property=\"og:type\" content=\"article\" \/>\n<meta property=\"og:title\" content=\"B\u00e2tonnet Indicateur de pH NDV | Nelly De Vuyst\u00ae Skin Care\" \/>\n<meta property=\"og:description\" content=\"Si vous \u00eates sujette \u00e0 des infections vaginales aux levures de mani\u00e8re r\u00e9currente, il est important de suivre une hygi\u00e8ne intime quotidienne sp\u00e9cifique pour les traiter et les pr\u00e9venir. Commencez par mesurer votre pH vaginal en utilisant un b\u00e2tonnet indicateur de pH et suivez la routine appropri\u00e9e \u00e0 votre r\u00e9sultat pour mettre fin \u00e0 votre infection vaginale \u00e0 levures.\" \/>\n<meta property=\"og:url\" content=\"https:\/\/nellydevuyst.com\/fr\/produit\/batonnet-indicateur-ph-ndv\/\" \/>\n<meta property=\"og:site_name\" content=\"Nelly De Vuyst\u00ae Skin Care\" \/>\n<meta property=\"article:publisher\" content=\"https:\/\/www.facebook.com\/NellyDeVuystSkincare\/\" \/>\n<meta property=\"article:modified_time\" content=\"2024-09-06T17:40:42+00:00\" \/>\n<meta property=\"og:image\" content=\"https:\/\/nellydevuyst.com\/wp-content\/uploads\/2023\/02\/NDV-pH-Indicator-Strip.jpg\" \/>\n\t<meta property=\"og:image:width\" content=\"1200\" \/>\n\t<meta property=\"og:image:height\" content=\"1200\" \/>\n\t<meta property=\"og:image:type\" content=\"image\/jpeg\" \/>\n<meta name=\"twitter:card\" content=\"summary_large_image\" \/>\n<script type=\"application\/ld+json\" class=\"yoast-schema-graph\">{\"@context\":\"https:\/\/schema.org\",\"@graph\":[{\"@type\":[\"WebPage\",\"ItemPage\"],\"@id\":\"https:\/\/nellydevuyst.com\/fr\/produit\/batonnet-indicateur-ph-ndv\/\",\"url\":\"https:\/\/nellydevuyst.com\/fr\/produit\/batonnet-indicateur-ph-ndv\/\",\"name\":\"B\u00e2tonnet Indicateur de pH NDV | Nelly De Vuyst\u00ae Skin Care\",\"isPartOf\":{\"@id\":\"https:\/\/nellydevuyst.com\/fr\/#website\"},\"primaryImageOfPage\":{\"@id\":\"https:\/\/nellydevuyst.com\/fr\/produit\/batonnet-indicateur-ph-ndv\/#primaryimage\"},\"image\":{\"@id\":\"https:\/\/nellydevuyst.com\/fr\/produit\/batonnet-indicateur-ph-ndv\/#primaryimage\"},\"thumbnailUrl\":\"https:\/\/nellydevuyst.com\/wp-content\/uploads\/2023\/02\/NDV-pH-Indicator-Strip.jpg\",\"datePublished\":\"2023-02-23T19:59:34+00:00\",\"dateModified\":\"2024-09-06T17:40:42+00:00\",\"description\":\"Si vous \u00eates sujette \u00e0 des infections vaginales aux levures de mani\u00e8re r\u00e9currente, il est important de suivre une hygi\u00e8ne intime quotidienne sp\u00e9cifique pour les traiter et les pr\u00e9venir. Commencez par mesurer votre pH vaginal en utilisant un b\u00e2tonnet indicateur de pH et suivez la routine appropri\u00e9e \u00e0 votre r\u00e9sultat pour mettre fin \u00e0 votre infection vaginale \u00e0 levures.\",\"breadcrumb\":{\"@id\":\"https:\/\/nellydevuyst.com\/fr\/produit\/batonnet-indicateur-ph-ndv\/#breadcrumb\"},\"inLanguage\":\"fr-FR\",\"potentialAction\":[{\"@type\":\"ReadAction\",\"target\":[\"https:\/\/nellydevuyst.com\/fr\/produit\/batonnet-indicateur-ph-ndv\/\"]}]},{\"@type\":\"ImageObject\",\"inLanguage\":\"fr-FR\",\"@id\":\"https:\/\/nellydevuyst.com\/fr\/produit\/batonnet-indicateur-ph-ndv\/#primaryimage\",\"url\":\"https:\/\/nellydevuyst.com\/wp-content\/uploads\/2023\/02\/NDV-pH-Indicator-Strip.jpg\",\"contentUrl\":\"https:\/\/nellydevuyst.com\/wp-content\/uploads\/2023\/02\/NDV-pH-Indicator-Strip.jpg\",\"width\":1200,\"height\":1200,\"caption\":\"B\u00e2tonnet Indicateur de pH NDV\"},{\"@type\":\"BreadcrumbList\",\"@id\":\"https:\/\/nellydevuyst.com\/fr\/produit\/batonnet-indicateur-ph-ndv\/#breadcrumb\",\"itemListElement\":[{\"@type\":\"ListItem\",\"position\":1,\"name\":\"Home\",\"item\":\"https:\/\/nellydevuyst.com\/fr\/\"},{\"@type\":\"ListItem\",\"position\":2,\"name\":\"Boutique\",\"item\":\"https:\/\/nellydevuyst.com\/fr\/boutique\/\"},{\"@type\":\"ListItem\",\"position\":3,\"name\":\"B\u00e2tonnet Indicateur de pH NDV\"}]},{\"@type\":\"WebSite\",\"@id\":\"https:\/\/nellydevuyst.com\/fr\/#website\",\"url\":\"https:\/\/nellydevuyst.com\/fr\/\",\"name\":\"Nelly De Vuyst\u00ae Skin Care\",\"description\":\"The Best of Science and Nature\",\"publisher\":{\"@id\":\"https:\/\/nellydevuyst.com\/fr\/#organization\"},\"alternateName\":\"NDV Skin Care\",\"potentialAction\":[{\"@type\":\"SearchAction\",\"target\":{\"@type\":\"EntryPoint\",\"urlTemplate\":\"https:\/\/nellydevuyst.com\/fr\/?s={search_term_string}\"},\"query-input\":{\"@type\":\"PropertyValueSpecification\",\"valueRequired\":true,\"valueName\":\"search_term_string\"}}],\"inLanguage\":\"fr-FR\"},{\"@type\":\"Organization\",\"@id\":\"https:\/\/nellydevuyst.com\/fr\/#organization\",\"name\":\"Nelly De Vuyst Skin Care\",\"alternateName\":\"NDV Skin Care\",\"url\":\"https:\/\/nellydevuyst.com\/fr\/\",\"logo\":{\"@type\":\"ImageObject\",\"inLanguage\":\"fr-FR\",\"@id\":\"https:\/\/nellydevuyst.com\/fr\/#\/schema\/logo\/image\/\",\"url\":\"https:\/\/nellydevuyst.com\/wp-content\/uploads\/2024\/01\/ndv-logo-favico.png\",\"contentUrl\":\"https:\/\/nellydevuyst.com\/wp-content\/uploads\/2024\/01\/ndv-logo-favico.png\",\"width\":512,\"height\":512,\"caption\":\"Nelly De Vuyst Skin Care\"},\"image\":{\"@id\":\"https:\/\/nellydevuyst.com\/fr\/#\/schema\/logo\/image\/\"},\"sameAs\":[\"https:\/\/www.facebook.com\/NellyDeVuystSkincare\/\",\"https:\/\/www.instagram.com\/nelly_devuyst\/\",\"https:\/\/www.youtube.com\/user\/derme8282\",\"https:\/\/www.tiktok.com\/@nellydevuyst\",\"https:\/\/www.pinterest.com.mx\/nellydevuystskincare\/\"]}]}<\/script>\n<!-- \/ Yoast SEO plugin. -->","yoast_head_json":{"title":"B\u00e2tonnet Indicateur de pH NDV | Nelly De Vuyst\u00ae Skin Care","description":"Si vous \u00eates sujette \u00e0 des infections vaginales aux levures de mani\u00e8re r\u00e9currente, il est important de suivre une hygi\u00e8ne intime quotidienne sp\u00e9cifique pour les traiter et les pr\u00e9venir. Commencez par mesurer votre pH vaginal en utilisant un b\u00e2tonnet indicateur de pH et suivez la routine appropri\u00e9e \u00e0 votre r\u00e9sultat pour mettre fin \u00e0 votre infection vaginale \u00e0 levures.","robots":{"index":"index","follow":"follow","max-snippet":"max-snippet:-1","max-image-preview":"max-image-preview:large","max-video-preview":"max-video-preview:-1"},"canonical":"https:\/\/nellydevuyst.com\/fr\/produit\/batonnet-indicateur-ph-ndv\/","og_locale":"fr_FR","og_type":"article","og_title":"B\u00e2tonnet Indicateur de pH NDV | Nelly De Vuyst\u00ae Skin Care","og_description":"Si vous \u00eates sujette \u00e0 des infections vaginales aux levures de mani\u00e8re r\u00e9currente, il est important de suivre une hygi\u00e8ne intime quotidienne sp\u00e9cifique pour les traiter et les pr\u00e9venir. Commencez par mesurer votre pH vaginal en utilisant un b\u00e2tonnet indicateur de pH et suivez la routine appropri\u00e9e \u00e0 votre r\u00e9sultat pour mettre fin \u00e0 votre infection vaginale \u00e0 levures.","og_url":"https:\/\/nellydevuyst.com\/fr\/produit\/batonnet-indicateur-ph-ndv\/","og_site_name":"Nelly De Vuyst\u00ae Skin Care","article_publisher":"https:\/\/www.facebook.com\/NellyDeVuystSkincare\/","article_modified_time":"2024-09-06T17:40:42+00:00","og_image":[{"width":1200,"height":1200,"url":"https:\/\/nellydevuyst.com\/wp-content\/uploads\/2023\/02\/NDV-pH-Indicator-Strip.jpg","type":"image\/jpeg"}],"twitter_card":"summary_large_image","schema":{"@context":"https:\/\/schema.org","@graph":[{"@type":["WebPage","ItemPage"],"@id":"https:\/\/nellydevuyst.com\/fr\/produit\/batonnet-indicateur-ph-ndv\/","url":"https:\/\/nellydevuyst.com\/fr\/produit\/batonnet-indicateur-ph-ndv\/","name":"B\u00e2tonnet Indicateur de pH NDV | Nelly De Vuyst\u00ae Skin Care","isPartOf":{"@id":"https:\/\/nellydevuyst.com\/fr\/#website"},"primaryImageOfPage":{"@id":"https:\/\/nellydevuyst.com\/fr\/produit\/batonnet-indicateur-ph-ndv\/#primaryimage"},"image":{"@id":"https:\/\/nellydevuyst.com\/fr\/produit\/batonnet-indicateur-ph-ndv\/#primaryimage"},"thumbnailUrl":"https:\/\/nellydevuyst.com\/wp-content\/uploads\/2023\/02\/NDV-pH-Indicator-Strip.jpg","datePublished":"2023-02-23T19:59:34+00:00","dateModified":"2024-09-06T17:40:42+00:00","description":"Si vous \u00eates sujette \u00e0 des infections vaginales aux levures de mani\u00e8re r\u00e9currente, il est important de suivre une hygi\u00e8ne intime quotidienne sp\u00e9cifique pour les traiter et les pr\u00e9venir. Commencez par mesurer votre pH vaginal en utilisant un b\u00e2tonnet indicateur de pH et suivez la routine appropri\u00e9e \u00e0 votre r\u00e9sultat pour mettre fin \u00e0 votre infection vaginale \u00e0 levures.","breadcrumb":{"@id":"https:\/\/nellydevuyst.com\/fr\/produit\/batonnet-indicateur-ph-ndv\/#breadcrumb"},"inLanguage":"fr-FR","potentialAction":[{"@type":"ReadAction","target":["https:\/\/nellydevuyst.com\/fr\/produit\/batonnet-indicateur-ph-ndv\/"]}]},{"@type":"ImageObject","inLanguage":"fr-FR","@id":"https:\/\/nellydevuyst.com\/fr\/produit\/batonnet-indicateur-ph-ndv\/#primaryimage","url":"https:\/\/nellydevuyst.com\/wp-content\/uploads\/2023\/02\/NDV-pH-Indicator-Strip.jpg","contentUrl":"https:\/\/nellydevuyst.com\/wp-content\/uploads\/2023\/02\/NDV-pH-Indicator-Strip.jpg","width":1200,"height":1200,"caption":"B\u00e2tonnet Indicateur de pH NDV"},{"@type":"BreadcrumbList","@id":"https:\/\/nellydevuyst.com\/fr\/produit\/batonnet-indicateur-ph-ndv\/#breadcrumb","itemListElement":[{"@type":"ListItem","position":1,"name":"Home","item":"https:\/\/nellydevuyst.com\/fr\/"},{"@type":"ListItem","position":2,"name":"Boutique","item":"https:\/\/nellydevuyst.com\/fr\/boutique\/"},{"@type":"ListItem","position":3,"name":"B\u00e2tonnet Indicateur de pH NDV"}]},{"@type":"WebSite","@id":"https:\/\/nellydevuyst.com\/fr\/#website","url":"https:\/\/nellydevuyst.com\/fr\/","name":"Nelly De Vuyst\u00ae Skin Care","description":"The Best of Science and Nature","publisher":{"@id":"https:\/\/nellydevuyst.com\/fr\/#organization"},"alternateName":"NDV Skin Care","potentialAction":[{"@type":"SearchAction","target":{"@type":"EntryPoint","urlTemplate":"https:\/\/nellydevuyst.com\/fr\/?s={search_term_string}"},"query-input":{"@type":"PropertyValueSpecification","valueRequired":true,"valueName":"search_term_string"}}],"inLanguage":"fr-FR"},{"@type":"Organization","@id":"https:\/\/nellydevuyst.com\/fr\/#organization","name":"Nelly De Vuyst Skin Care","alternateName":"NDV Skin Care","url":"https:\/\/nellydevuyst.com\/fr\/","logo":{"@type":"ImageObject","inLanguage":"fr-FR","@id":"https:\/\/nellydevuyst.com\/fr\/#\/schema\/logo\/image\/","url":"https:\/\/nellydevuyst.com\/wp-content\/uploads\/2024\/01\/ndv-logo-favico.png","contentUrl":"https:\/\/nellydevuyst.com\/wp-content\/uploads\/2024\/01\/ndv-logo-favico.png","width":512,"height":512,"caption":"Nelly De Vuyst Skin Care"},"image":{"@id":"https:\/\/nellydevuyst.com\/fr\/#\/schema\/logo\/image\/"},"sameAs":["https:\/\/www.facebook.com\/NellyDeVuystSkincare\/","https:\/\/www.instagram.com\/nelly_devuyst\/","https:\/\/www.youtube.com\/user\/derme8282","https:\/\/www.tiktok.com\/@nellydevuyst","https:\/\/www.pinterest.com.mx\/nellydevuystskincare\/"]}]}},"_links":{"self":[{"href":"https:\/\/nellydevuyst.com\/fr\/wp-json\/wp\/v2\/product\/11548","targetHints":{"allow":["GET"]}}],"collection":[{"href":"https:\/\/nellydevuyst.com\/fr\/wp-json\/wp\/v2\/product"}],"about":[{"href":"https:\/\/nellydevuyst.com\/fr\/wp-json\/wp\/v2\/types\/product"}],"replies":[{"embeddable":true,"href":"https:\/\/nellydevuyst.com\/fr\/wp-json\/wp\/v2\/comments?post=11548"}],"wp:featuredmedia":[{"embeddable":true,"href":"https:\/\/nellydevuyst.com\/fr\/wp-json\/wp\/v2\/media\/14079"}],"wp:attachment":[{"href":"https:\/\/nellydevuyst.com\/fr\/wp-json\/wp\/v2\/media?parent=11548"}],"wp:term":[{"taxonomy":"product_brand","embeddable":true,"href":"https:\/\/nellydevuyst.com\/fr\/wp-json\/wp\/v2\/product_brand?post=11548"},{"taxonomy":"product_cat","embeddable":true,"href":"https:\/\/nellydevuyst.com\/fr\/wp-json\/wp\/v2\/product_cat?post=11548"},{"taxonomy":"product_tag","embeddable":true,"href":"https:\/\/nellydevuyst.com\/fr\/wp-json\/wp\/v2\/product_tag?post=11548"},{"taxonomy":"giftcard-category","embeddable":true,"href":"https:\/\/nellydevuyst.com\/fr\/wp-json\/wp\/v2\/giftcard-category?post=11548"}],"curies":[{"name":"wp","href":"https:\/\/api.w.org\/{rel}","templated":true}]}}