{"id":12368,"date":"2023-04-25T08:04:34","date_gmt":"2023-04-25T12:04:34","guid":{"rendered":"https:\/\/nellydevuyst.com\/product\/special-concerns-pigmentation\/"},"modified":"2024-03-28T16:38:03","modified_gmt":"2024-03-28T20:38:03","slug":"preoccupations-speciales-pigmentation","status":"publish","type":"product","link":"https:\/\/nellydevuyst.com\/fr\/produit\/preoccupations-speciales-pigmentation\/","title":{"rendered":"Pigmentation"},"content":{"rendered":"","protected":false},"excerpt":{"rendered":"<p><strong>\u00c9claircir, corriger et prot\u00e9ger<\/strong><\/p>\n<p>L&rsquo;hyperpigmentation peut \u00eatre due \u00e0 l&rsquo;exposition au soleil, \u00e0 des fluctuations hormonales ou \u00e0 des pr\u00e9dispositions g\u00e9n\u00e9tiques. Elle se manifeste le plus souvent sur le visage, la poitrine et le dos des mains. La pigmentation se d\u00e9veloppe avec le temps et peut \u00eatre contr\u00f4l\u00e9e. Eclaircissez, corrigez et prot\u00e9gez votre peau avec les soins Nelly De Vuyst\u00ae.<\/p>\n<p class=\"lead\">Vous trouverez ci-dessous les produits recommand\u00e9s par Nelly De Vuyst\u00ae. S\u00e9lectionnez la quantit\u00e9 \u00e0 acheter puis ajoutez au panier.<\/p>\n","protected":false},"featured_media":11927,"comment_status":"closed","ping_status":"closed","template":"","meta":[],"product_brand":[],"product_cat":[182],"product_tag":[247,275],"giftcard-category":[],"class_list":{"0":"post-12368","1":"product","2":"type-product","3":"status-publish","4":"has-post-thumbnail","6":"product_cat-preoccupations-cutanees","7":"product_tag-anti-age","8":"product_tag-pigmentation-fr","10":"first","11":"instock","12":"taxable","13":"shipping-taxable","14":"product-type-grouped"},"yoast_head":"<!-- This site is optimized with the Yoast SEO plugin v27.2 - https:\/\/yoast.com\/product\/yoast-seo-wordpress\/ -->\n<title>Pigmentation | Nelly De Vuyst\u00ae Skin Care<\/title>\n<meta name=\"description\" content=\"L&#039;hyperpigmentation peut \u00eatre due \u00e0 l&#039;exposition au soleil, \u00e0 des fluctuations hormonales ou \u00e0 des pr\u00e9dispositions g\u00e9n\u00e9tiques. Elle se manifeste le plus souvent sur le visage, la poitrine et le dos des mains. La pigmentation se d\u00e9veloppe avec le temps et peut \u00eatre contr\u00f4l\u00e9e. Eclaircissez, corrigez et prot\u00e9gez votre peau avec les soins Nelly De Vuyst\u00ae.\" \/>\n<meta name=\"robots\" content=\"index, follow, max-snippet:-1, max-image-preview:large, max-video-preview:-1\" \/>\n<link rel=\"canonical\" href=\"https:\/\/nellydevuyst.com\/fr\/produit\/preoccupations-speciales-pigmentation\/\" \/>\n<meta property=\"og:locale\" content=\"fr_FR\" \/>\n<meta property=\"og:type\" content=\"article\" \/>\n<meta property=\"og:title\" content=\"Pigmentation | Nelly De Vuyst\u00ae Skin Care\" \/>\n<meta property=\"og:description\" content=\"L&#039;hyperpigmentation peut \u00eatre due \u00e0 l&#039;exposition au soleil, \u00e0 des fluctuations hormonales ou \u00e0 des pr\u00e9dispositions g\u00e9n\u00e9tiques. Elle se manifeste le plus souvent sur le visage, la poitrine et le dos des mains. La pigmentation se d\u00e9veloppe avec le temps et peut \u00eatre contr\u00f4l\u00e9e. Eclaircissez, corrigez et prot\u00e9gez votre peau avec les soins Nelly De Vuyst\u00ae.\" \/>\n<meta property=\"og:url\" content=\"https:\/\/nellydevuyst.com\/fr\/produit\/preoccupations-speciales-pigmentation\/\" \/>\n<meta property=\"og:site_name\" content=\"Nelly De Vuyst\u00ae Skin Care\" \/>\n<meta property=\"article:publisher\" content=\"https:\/\/www.facebook.com\/NellyDeVuystSkincare\/\" \/>\n<meta property=\"article:modified_time\" content=\"2024-03-28T20:38:03+00:00\" \/>\n<meta property=\"og:image\" content=\"https:\/\/nellydevuyst.com\/wp-content\/uploads\/2023\/04\/pigmented-skin.jpg\" \/>\n\t<meta property=\"og:image:width\" content=\"1200\" \/>\n\t<meta property=\"og:image:height\" content=\"1200\" \/>\n\t<meta property=\"og:image:type\" content=\"image\/jpeg\" \/>\n<meta name=\"twitter:card\" content=\"summary_large_image\" \/>\n<script type=\"application\/ld+json\" class=\"yoast-schema-graph\">{\"@context\":\"https:\/\/schema.org\",\"@graph\":[{\"@type\":[\"WebPage\",\"ItemPage\"],\"@id\":\"https:\/\/nellydevuyst.com\/fr\/produit\/preoccupations-speciales-pigmentation\/\",\"url\":\"https:\/\/nellydevuyst.com\/fr\/produit\/preoccupations-speciales-pigmentation\/\",\"name\":\"Pigmentation | Nelly De Vuyst\u00ae Skin Care\",\"isPartOf\":{\"@id\":\"https:\/\/nellydevuyst.com\/fr\/#website\"},\"primaryImageOfPage\":{\"@id\":\"https:\/\/nellydevuyst.com\/fr\/produit\/preoccupations-speciales-pigmentation\/#primaryimage\"},\"image\":{\"@id\":\"https:\/\/nellydevuyst.com\/fr\/produit\/preoccupations-speciales-pigmentation\/#primaryimage\"},\"thumbnailUrl\":\"https:\/\/nellydevuyst.com\/wp-content\/uploads\/2023\/04\/pigmented-skin.jpg\",\"datePublished\":\"2023-04-25T12:04:34+00:00\",\"dateModified\":\"2024-03-28T20:38:03+00:00\",\"description\":\"L'hyperpigmentation peut \u00eatre due \u00e0 l'exposition au soleil, \u00e0 des fluctuations hormonales ou \u00e0 des pr\u00e9dispositions g\u00e9n\u00e9tiques. Elle se manifeste le plus souvent sur le visage, la poitrine et le dos des mains. La pigmentation se d\u00e9veloppe avec le temps et peut \u00eatre contr\u00f4l\u00e9e. Eclaircissez, corrigez et prot\u00e9gez votre peau avec les soins Nelly De Vuyst\u00ae.\",\"breadcrumb\":{\"@id\":\"https:\/\/nellydevuyst.com\/fr\/produit\/preoccupations-speciales-pigmentation\/#breadcrumb\"},\"inLanguage\":\"fr-FR\",\"potentialAction\":[{\"@type\":\"ReadAction\",\"target\":[\"https:\/\/nellydevuyst.com\/fr\/produit\/preoccupations-speciales-pigmentation\/\"]}]},{\"@type\":\"ImageObject\",\"inLanguage\":\"fr-FR\",\"@id\":\"https:\/\/nellydevuyst.com\/fr\/produit\/preoccupations-speciales-pigmentation\/#primaryimage\",\"url\":\"https:\/\/nellydevuyst.com\/wp-content\/uploads\/2023\/04\/pigmented-skin.jpg\",\"contentUrl\":\"https:\/\/nellydevuyst.com\/wp-content\/uploads\/2023\/04\/pigmented-skin.jpg\",\"width\":1200,\"height\":1200,\"caption\":\"Special Concerns | Pigmentation\"},{\"@type\":\"BreadcrumbList\",\"@id\":\"https:\/\/nellydevuyst.com\/fr\/produit\/preoccupations-speciales-pigmentation\/#breadcrumb\",\"itemListElement\":[{\"@type\":\"ListItem\",\"position\":1,\"name\":\"Home\",\"item\":\"https:\/\/nellydevuyst.com\/fr\/\"},{\"@type\":\"ListItem\",\"position\":2,\"name\":\"Boutique\",\"item\":\"https:\/\/nellydevuyst.com\/fr\/boutique\/\"},{\"@type\":\"ListItem\",\"position\":3,\"name\":\"Pigmentation\"}]},{\"@type\":\"WebSite\",\"@id\":\"https:\/\/nellydevuyst.com\/fr\/#website\",\"url\":\"https:\/\/nellydevuyst.com\/fr\/\",\"name\":\"Nelly De Vuyst\u00ae Skin Care\",\"description\":\"The Best of Science and Nature\",\"publisher\":{\"@id\":\"https:\/\/nellydevuyst.com\/fr\/#organization\"},\"alternateName\":\"NDV Skin Care\",\"potentialAction\":[{\"@type\":\"SearchAction\",\"target\":{\"@type\":\"EntryPoint\",\"urlTemplate\":\"https:\/\/nellydevuyst.com\/fr\/?s={search_term_string}\"},\"query-input\":{\"@type\":\"PropertyValueSpecification\",\"valueRequired\":true,\"valueName\":\"search_term_string\"}}],\"inLanguage\":\"fr-FR\"},{\"@type\":\"Organization\",\"@id\":\"https:\/\/nellydevuyst.com\/fr\/#organization\",\"name\":\"Nelly De Vuyst Skin Care\",\"alternateName\":\"NDV Skin Care\",\"url\":\"https:\/\/nellydevuyst.com\/fr\/\",\"logo\":{\"@type\":\"ImageObject\",\"inLanguage\":\"fr-FR\",\"@id\":\"https:\/\/nellydevuyst.com\/fr\/#\/schema\/logo\/image\/\",\"url\":\"https:\/\/nellydevuyst.com\/wp-content\/uploads\/2024\/01\/ndv-logo-favico.png\",\"contentUrl\":\"https:\/\/nellydevuyst.com\/wp-content\/uploads\/2024\/01\/ndv-logo-favico.png\",\"width\":512,\"height\":512,\"caption\":\"Nelly De Vuyst Skin Care\"},\"image\":{\"@id\":\"https:\/\/nellydevuyst.com\/fr\/#\/schema\/logo\/image\/\"},\"sameAs\":[\"https:\/\/www.facebook.com\/NellyDeVuystSkincare\/\",\"https:\/\/www.instagram.com\/nelly_devuyst\/\",\"https:\/\/www.youtube.com\/user\/derme8282\",\"https:\/\/www.tiktok.com\/@nellydevuyst\",\"https:\/\/www.pinterest.com.mx\/nellydevuystskincare\/\"]}]}<\/script>\n<!-- \/ Yoast SEO plugin. -->","yoast_head_json":{"title":"Pigmentation | Nelly De Vuyst\u00ae Skin Care","description":"L'hyperpigmentation peut \u00eatre due \u00e0 l'exposition au soleil, \u00e0 des fluctuations hormonales ou \u00e0 des pr\u00e9dispositions g\u00e9n\u00e9tiques. Elle se manifeste le plus souvent sur le visage, la poitrine et le dos des mains. La pigmentation se d\u00e9veloppe avec le temps et peut \u00eatre contr\u00f4l\u00e9e. Eclaircissez, corrigez et prot\u00e9gez votre peau avec les soins Nelly De Vuyst\u00ae.","robots":{"index":"index","follow":"follow","max-snippet":"max-snippet:-1","max-image-preview":"max-image-preview:large","max-video-preview":"max-video-preview:-1"},"canonical":"https:\/\/nellydevuyst.com\/fr\/produit\/preoccupations-speciales-pigmentation\/","og_locale":"fr_FR","og_type":"article","og_title":"Pigmentation | Nelly De Vuyst\u00ae Skin Care","og_description":"L'hyperpigmentation peut \u00eatre due \u00e0 l'exposition au soleil, \u00e0 des fluctuations hormonales ou \u00e0 des pr\u00e9dispositions g\u00e9n\u00e9tiques. Elle se manifeste le plus souvent sur le visage, la poitrine et le dos des mains. La pigmentation se d\u00e9veloppe avec le temps et peut \u00eatre contr\u00f4l\u00e9e. Eclaircissez, corrigez et prot\u00e9gez votre peau avec les soins Nelly De Vuyst\u00ae.","og_url":"https:\/\/nellydevuyst.com\/fr\/produit\/preoccupations-speciales-pigmentation\/","og_site_name":"Nelly De Vuyst\u00ae Skin Care","article_publisher":"https:\/\/www.facebook.com\/NellyDeVuystSkincare\/","article_modified_time":"2024-03-28T20:38:03+00:00","og_image":[{"width":1200,"height":1200,"url":"https:\/\/nellydevuyst.com\/wp-content\/uploads\/2023\/04\/pigmented-skin.jpg","type":"image\/jpeg"}],"twitter_card":"summary_large_image","schema":{"@context":"https:\/\/schema.org","@graph":[{"@type":["WebPage","ItemPage"],"@id":"https:\/\/nellydevuyst.com\/fr\/produit\/preoccupations-speciales-pigmentation\/","url":"https:\/\/nellydevuyst.com\/fr\/produit\/preoccupations-speciales-pigmentation\/","name":"Pigmentation | Nelly De Vuyst\u00ae Skin Care","isPartOf":{"@id":"https:\/\/nellydevuyst.com\/fr\/#website"},"primaryImageOfPage":{"@id":"https:\/\/nellydevuyst.com\/fr\/produit\/preoccupations-speciales-pigmentation\/#primaryimage"},"image":{"@id":"https:\/\/nellydevuyst.com\/fr\/produit\/preoccupations-speciales-pigmentation\/#primaryimage"},"thumbnailUrl":"https:\/\/nellydevuyst.com\/wp-content\/uploads\/2023\/04\/pigmented-skin.jpg","datePublished":"2023-04-25T12:04:34+00:00","dateModified":"2024-03-28T20:38:03+00:00","description":"L'hyperpigmentation peut \u00eatre due \u00e0 l'exposition au soleil, \u00e0 des fluctuations hormonales ou \u00e0 des pr\u00e9dispositions g\u00e9n\u00e9tiques. Elle se manifeste le plus souvent sur le visage, la poitrine et le dos des mains. La pigmentation se d\u00e9veloppe avec le temps et peut \u00eatre contr\u00f4l\u00e9e. Eclaircissez, corrigez et prot\u00e9gez votre peau avec les soins Nelly De Vuyst\u00ae.","breadcrumb":{"@id":"https:\/\/nellydevuyst.com\/fr\/produit\/preoccupations-speciales-pigmentation\/#breadcrumb"},"inLanguage":"fr-FR","potentialAction":[{"@type":"ReadAction","target":["https:\/\/nellydevuyst.com\/fr\/produit\/preoccupations-speciales-pigmentation\/"]}]},{"@type":"ImageObject","inLanguage":"fr-FR","@id":"https:\/\/nellydevuyst.com\/fr\/produit\/preoccupations-speciales-pigmentation\/#primaryimage","url":"https:\/\/nellydevuyst.com\/wp-content\/uploads\/2023\/04\/pigmented-skin.jpg","contentUrl":"https:\/\/nellydevuyst.com\/wp-content\/uploads\/2023\/04\/pigmented-skin.jpg","width":1200,"height":1200,"caption":"Special Concerns | Pigmentation"},{"@type":"BreadcrumbList","@id":"https:\/\/nellydevuyst.com\/fr\/produit\/preoccupations-speciales-pigmentation\/#breadcrumb","itemListElement":[{"@type":"ListItem","position":1,"name":"Home","item":"https:\/\/nellydevuyst.com\/fr\/"},{"@type":"ListItem","position":2,"name":"Boutique","item":"https:\/\/nellydevuyst.com\/fr\/boutique\/"},{"@type":"ListItem","position":3,"name":"Pigmentation"}]},{"@type":"WebSite","@id":"https:\/\/nellydevuyst.com\/fr\/#website","url":"https:\/\/nellydevuyst.com\/fr\/","name":"Nelly De Vuyst\u00ae Skin Care","description":"The Best of Science and Nature","publisher":{"@id":"https:\/\/nellydevuyst.com\/fr\/#organization"},"alternateName":"NDV Skin Care","potentialAction":[{"@type":"SearchAction","target":{"@type":"EntryPoint","urlTemplate":"https:\/\/nellydevuyst.com\/fr\/?s={search_term_string}"},"query-input":{"@type":"PropertyValueSpecification","valueRequired":true,"valueName":"search_term_string"}}],"inLanguage":"fr-FR"},{"@type":"Organization","@id":"https:\/\/nellydevuyst.com\/fr\/#organization","name":"Nelly De Vuyst Skin Care","alternateName":"NDV Skin Care","url":"https:\/\/nellydevuyst.com\/fr\/","logo":{"@type":"ImageObject","inLanguage":"fr-FR","@id":"https:\/\/nellydevuyst.com\/fr\/#\/schema\/logo\/image\/","url":"https:\/\/nellydevuyst.com\/wp-content\/uploads\/2024\/01\/ndv-logo-favico.png","contentUrl":"https:\/\/nellydevuyst.com\/wp-content\/uploads\/2024\/01\/ndv-logo-favico.png","width":512,"height":512,"caption":"Nelly De Vuyst Skin Care"},"image":{"@id":"https:\/\/nellydevuyst.com\/fr\/#\/schema\/logo\/image\/"},"sameAs":["https:\/\/www.facebook.com\/NellyDeVuystSkincare\/","https:\/\/www.instagram.com\/nelly_devuyst\/","https:\/\/www.youtube.com\/user\/derme8282","https:\/\/www.tiktok.com\/@nellydevuyst","https:\/\/www.pinterest.com.mx\/nellydevuystskincare\/"]}]}},"_links":{"self":[{"href":"https:\/\/nellydevuyst.com\/fr\/wp-json\/wp\/v2\/product\/12368","targetHints":{"allow":["GET"]}}],"collection":[{"href":"https:\/\/nellydevuyst.com\/fr\/wp-json\/wp\/v2\/product"}],"about":[{"href":"https:\/\/nellydevuyst.com\/fr\/wp-json\/wp\/v2\/types\/product"}],"replies":[{"embeddable":true,"href":"https:\/\/nellydevuyst.com\/fr\/wp-json\/wp\/v2\/comments?post=12368"}],"wp:featuredmedia":[{"embeddable":true,"href":"https:\/\/nellydevuyst.com\/fr\/wp-json\/wp\/v2\/media\/11927"}],"wp:attachment":[{"href":"https:\/\/nellydevuyst.com\/fr\/wp-json\/wp\/v2\/media?parent=12368"}],"wp:term":[{"taxonomy":"product_brand","embeddable":true,"href":"https:\/\/nellydevuyst.com\/fr\/wp-json\/wp\/v2\/product_brand?post=12368"},{"taxonomy":"product_cat","embeddable":true,"href":"https:\/\/nellydevuyst.com\/fr\/wp-json\/wp\/v2\/product_cat?post=12368"},{"taxonomy":"product_tag","embeddable":true,"href":"https:\/\/nellydevuyst.com\/fr\/wp-json\/wp\/v2\/product_tag?post=12368"},{"taxonomy":"giftcard-category","embeddable":true,"href":"https:\/\/nellydevuyst.com\/fr\/wp-json\/wp\/v2\/giftcard-category?post=12368"}],"curies":[{"name":"wp","href":"https:\/\/api.w.org\/{rel}","templated":true}]}}