{"id":12370,"date":"2023-04-25T08:10:11","date_gmt":"2023-04-25T12:10:11","guid":{"rendered":"https:\/\/nellydevuyst.com\/product\/special-concerns-sensitive-skin\/"},"modified":"2024-03-28T16:33:56","modified_gmt":"2024-03-28T20:33:56","slug":"preoccupations-speciales-peau-sensible","status":"publish","type":"product","link":"https:\/\/nellydevuyst.com\/fr\/produit\/preoccupations-speciales-peau-sensible\/","title":{"rendered":"Peau Sensible"},"content":{"rendered":"","protected":false},"excerpt":{"rendered":"<p><strong>Calme, apaise et renforce<\/strong><\/p>\n<p>Les peaux sensibles sont plus r\u00e9actives aux stimuli externes et internes. Les sympt\u00f4mes peuvent inclure des rougeurs temporaires, des d\u00e9mangeaisons et de l&rsquo;urticaire. Calmez, apaisez et renforcez votre peau avec les soins Nelly De Vuyst\u00ae.<\/p>\n<p class=\"lead\">Vous trouverez ci-dessous les produits recommand\u00e9s par Nelly De Vuyst\u00ae. S\u00e9lectionnez la quantit\u00e9 \u00e0 acheter puis ajoutez au panier.<\/p>\n","protected":false},"featured_media":11933,"comment_status":"closed","ping_status":"closed","template":"","meta":[],"product_brand":[],"product_cat":[182],"product_tag":[369,276,241],"giftcard-category":[],"class_list":{"0":"post-12370","1":"product","2":"type-product","3":"status-publish","4":"has-post-thumbnail","6":"product_cat-preoccupations-cutanees","7":"product_tag-anti-rougeur","8":"product_tag-hypersensibilite","9":"product_tag-peau-sensible","11":"first","12":"instock","13":"taxable","14":"shipping-taxable","15":"product-type-grouped"},"yoast_head":"<!-- This site is optimized with the Yoast SEO plugin v27.4 - https:\/\/yoast.com\/product\/yoast-seo-wordpress\/ -->\n<title>Peau Sensible | Nelly De Vuyst\u00ae Skin Care<\/title>\n<meta name=\"description\" content=\"Les peaux sensibles sont plus r\u00e9actives aux stimuli externes et internes. Les sympt\u00f4mes peuvent inclure des rougeurs temporaires, des d\u00e9mangeaisons et de l&#039;urticaire. Calmez, apaisez et renforcez votre peau avec les soins Nelly De Vuyst\u00ae.\" \/>\n<meta name=\"robots\" content=\"index, follow, max-snippet:-1, max-image-preview:large, max-video-preview:-1\" \/>\n<link rel=\"canonical\" href=\"https:\/\/nellydevuyst.com\/fr\/produit\/preoccupations-speciales-peau-sensible\/\" \/>\n<meta property=\"og:locale\" content=\"fr_FR\" \/>\n<meta property=\"og:type\" content=\"article\" \/>\n<meta property=\"og:title\" content=\"Peau Sensible | Nelly De Vuyst\u00ae Skin Care\" \/>\n<meta property=\"og:description\" content=\"Les peaux sensibles sont plus r\u00e9actives aux stimuli externes et internes. Les sympt\u00f4mes peuvent inclure des rougeurs temporaires, des d\u00e9mangeaisons et de l&#039;urticaire. Calmez, apaisez et renforcez votre peau avec les soins Nelly De Vuyst\u00ae.\" \/>\n<meta property=\"og:url\" content=\"https:\/\/nellydevuyst.com\/fr\/produit\/preoccupations-speciales-peau-sensible\/\" \/>\n<meta property=\"og:site_name\" content=\"Nelly De Vuyst\u00ae Skin Care\" \/>\n<meta property=\"article:publisher\" content=\"https:\/\/www.facebook.com\/NellyDeVuystSkincare\/\" \/>\n<meta property=\"article:modified_time\" content=\"2024-03-28T20:33:56+00:00\" \/>\n<meta property=\"og:image\" content=\"https:\/\/nellydevuyst.com\/wp-content\/uploads\/2023\/04\/sensitive-skin.jpg\" \/>\n\t<meta property=\"og:image:width\" content=\"1200\" \/>\n\t<meta property=\"og:image:height\" content=\"1200\" \/>\n\t<meta property=\"og:image:type\" content=\"image\/jpeg\" \/>\n<meta name=\"twitter:card\" content=\"summary_large_image\" \/>\n<script type=\"application\/ld+json\" class=\"yoast-schema-graph\">{\"@context\":\"https:\\\/\\\/schema.org\",\"@graph\":[{\"@type\":[\"WebPage\",\"ItemPage\"],\"@id\":\"https:\\\/\\\/nellydevuyst.com\\\/fr\\\/produit\\\/preoccupations-speciales-peau-sensible\\\/\",\"url\":\"https:\\\/\\\/nellydevuyst.com\\\/fr\\\/produit\\\/preoccupations-speciales-peau-sensible\\\/\",\"name\":\"Peau Sensible | Nelly De Vuyst\u00ae Skin Care\",\"isPartOf\":{\"@id\":\"https:\\\/\\\/nellydevuyst.com\\\/fr\\\/#website\"},\"primaryImageOfPage\":{\"@id\":\"https:\\\/\\\/nellydevuyst.com\\\/fr\\\/produit\\\/preoccupations-speciales-peau-sensible\\\/#primaryimage\"},\"image\":{\"@id\":\"https:\\\/\\\/nellydevuyst.com\\\/fr\\\/produit\\\/preoccupations-speciales-peau-sensible\\\/#primaryimage\"},\"thumbnailUrl\":\"https:\\\/\\\/nellydevuyst.com\\\/wp-content\\\/uploads\\\/2023\\\/04\\\/sensitive-skin.jpg\",\"datePublished\":\"2023-04-25T12:10:11+00:00\",\"dateModified\":\"2024-03-28T20:33:56+00:00\",\"description\":\"Les peaux sensibles sont plus r\u00e9actives aux stimuli externes et internes. Les sympt\u00f4mes peuvent inclure des rougeurs temporaires, des d\u00e9mangeaisons et de l'urticaire. Calmez, apaisez et renforcez votre peau avec les soins Nelly De Vuyst\u00ae.\",\"breadcrumb\":{\"@id\":\"https:\\\/\\\/nellydevuyst.com\\\/fr\\\/produit\\\/preoccupations-speciales-peau-sensible\\\/#breadcrumb\"},\"inLanguage\":\"fr-FR\",\"potentialAction\":[{\"@type\":\"ReadAction\",\"target\":[\"https:\\\/\\\/nellydevuyst.com\\\/fr\\\/produit\\\/preoccupations-speciales-peau-sensible\\\/\"]}]},{\"@type\":\"ImageObject\",\"inLanguage\":\"fr-FR\",\"@id\":\"https:\\\/\\\/nellydevuyst.com\\\/fr\\\/produit\\\/preoccupations-speciales-peau-sensible\\\/#primaryimage\",\"url\":\"https:\\\/\\\/nellydevuyst.com\\\/wp-content\\\/uploads\\\/2023\\\/04\\\/sensitive-skin.jpg\",\"contentUrl\":\"https:\\\/\\\/nellydevuyst.com\\\/wp-content\\\/uploads\\\/2023\\\/04\\\/sensitive-skin.jpg\",\"width\":1200,\"height\":1200,\"caption\":\"Peau Sensible\"},{\"@type\":\"BreadcrumbList\",\"@id\":\"https:\\\/\\\/nellydevuyst.com\\\/fr\\\/produit\\\/preoccupations-speciales-peau-sensible\\\/#breadcrumb\",\"itemListElement\":[{\"@type\":\"ListItem\",\"position\":1,\"name\":\"Home\",\"item\":\"https:\\\/\\\/nellydevuyst.com\\\/fr\\\/\"},{\"@type\":\"ListItem\",\"position\":2,\"name\":\"Boutique\",\"item\":\"https:\\\/\\\/nellydevuyst.com\\\/fr\\\/boutique\\\/\"},{\"@type\":\"ListItem\",\"position\":3,\"name\":\"Peau Sensible\"}]},{\"@type\":\"WebSite\",\"@id\":\"https:\\\/\\\/nellydevuyst.com\\\/fr\\\/#website\",\"url\":\"https:\\\/\\\/nellydevuyst.com\\\/fr\\\/\",\"name\":\"Nelly De Vuyst\u00ae Skin Care\",\"description\":\"The Best of Science and Nature\",\"publisher\":{\"@id\":\"https:\\\/\\\/nellydevuyst.com\\\/fr\\\/#organization\"},\"alternateName\":\"NDV Skin Care\",\"potentialAction\":[{\"@type\":\"SearchAction\",\"target\":{\"@type\":\"EntryPoint\",\"urlTemplate\":\"https:\\\/\\\/nellydevuyst.com\\\/fr\\\/?s={search_term_string}\"},\"query-input\":{\"@type\":\"PropertyValueSpecification\",\"valueRequired\":true,\"valueName\":\"search_term_string\"}}],\"inLanguage\":\"fr-FR\"},{\"@type\":\"Organization\",\"@id\":\"https:\\\/\\\/nellydevuyst.com\\\/fr\\\/#organization\",\"name\":\"Nelly De Vuyst Skin Care\",\"alternateName\":\"NDV Skin Care\",\"url\":\"https:\\\/\\\/nellydevuyst.com\\\/fr\\\/\",\"logo\":{\"@type\":\"ImageObject\",\"inLanguage\":\"fr-FR\",\"@id\":\"https:\\\/\\\/nellydevuyst.com\\\/fr\\\/#\\\/schema\\\/logo\\\/image\\\/\",\"url\":\"https:\\\/\\\/nellydevuyst.com\\\/wp-content\\\/uploads\\\/2024\\\/01\\\/ndv-logo-favico.png\",\"contentUrl\":\"https:\\\/\\\/nellydevuyst.com\\\/wp-content\\\/uploads\\\/2024\\\/01\\\/ndv-logo-favico.png\",\"width\":512,\"height\":512,\"caption\":\"Nelly De Vuyst Skin Care\"},\"image\":{\"@id\":\"https:\\\/\\\/nellydevuyst.com\\\/fr\\\/#\\\/schema\\\/logo\\\/image\\\/\"},\"sameAs\":[\"https:\\\/\\\/www.facebook.com\\\/NellyDeVuystSkincare\\\/\",\"https:\\\/\\\/www.instagram.com\\\/nelly_devuyst\\\/\",\"https:\\\/\\\/www.youtube.com\\\/user\\\/derme8282\",\"https:\\\/\\\/www.tiktok.com\\\/@nellydevuyst\",\"https:\\\/\\\/www.pinterest.com.mx\\\/nellydevuystskincare\\\/\"]}]}<\/script>\n<!-- \/ Yoast SEO plugin. -->","yoast_head_json":{"title":"Peau Sensible | Nelly De Vuyst\u00ae Skin Care","description":"Les peaux sensibles sont plus r\u00e9actives aux stimuli externes et internes. Les sympt\u00f4mes peuvent inclure des rougeurs temporaires, des d\u00e9mangeaisons et de l'urticaire. Calmez, apaisez et renforcez votre peau avec les soins Nelly De Vuyst\u00ae.","robots":{"index":"index","follow":"follow","max-snippet":"max-snippet:-1","max-image-preview":"max-image-preview:large","max-video-preview":"max-video-preview:-1"},"canonical":"https:\/\/nellydevuyst.com\/fr\/produit\/preoccupations-speciales-peau-sensible\/","og_locale":"fr_FR","og_type":"article","og_title":"Peau Sensible | Nelly De Vuyst\u00ae Skin Care","og_description":"Les peaux sensibles sont plus r\u00e9actives aux stimuli externes et internes. Les sympt\u00f4mes peuvent inclure des rougeurs temporaires, des d\u00e9mangeaisons et de l'urticaire. Calmez, apaisez et renforcez votre peau avec les soins Nelly De Vuyst\u00ae.","og_url":"https:\/\/nellydevuyst.com\/fr\/produit\/preoccupations-speciales-peau-sensible\/","og_site_name":"Nelly De Vuyst\u00ae Skin Care","article_publisher":"https:\/\/www.facebook.com\/NellyDeVuystSkincare\/","article_modified_time":"2024-03-28T20:33:56+00:00","og_image":[{"width":1200,"height":1200,"url":"https:\/\/nellydevuyst.com\/wp-content\/uploads\/2023\/04\/sensitive-skin.jpg","type":"image\/jpeg"}],"twitter_card":"summary_large_image","schema":{"@context":"https:\/\/schema.org","@graph":[{"@type":["WebPage","ItemPage"],"@id":"https:\/\/nellydevuyst.com\/fr\/produit\/preoccupations-speciales-peau-sensible\/","url":"https:\/\/nellydevuyst.com\/fr\/produit\/preoccupations-speciales-peau-sensible\/","name":"Peau Sensible | Nelly De Vuyst\u00ae Skin Care","isPartOf":{"@id":"https:\/\/nellydevuyst.com\/fr\/#website"},"primaryImageOfPage":{"@id":"https:\/\/nellydevuyst.com\/fr\/produit\/preoccupations-speciales-peau-sensible\/#primaryimage"},"image":{"@id":"https:\/\/nellydevuyst.com\/fr\/produit\/preoccupations-speciales-peau-sensible\/#primaryimage"},"thumbnailUrl":"https:\/\/nellydevuyst.com\/wp-content\/uploads\/2023\/04\/sensitive-skin.jpg","datePublished":"2023-04-25T12:10:11+00:00","dateModified":"2024-03-28T20:33:56+00:00","description":"Les peaux sensibles sont plus r\u00e9actives aux stimuli externes et internes. Les sympt\u00f4mes peuvent inclure des rougeurs temporaires, des d\u00e9mangeaisons et de l'urticaire. Calmez, apaisez et renforcez votre peau avec les soins Nelly De Vuyst\u00ae.","breadcrumb":{"@id":"https:\/\/nellydevuyst.com\/fr\/produit\/preoccupations-speciales-peau-sensible\/#breadcrumb"},"inLanguage":"fr-FR","potentialAction":[{"@type":"ReadAction","target":["https:\/\/nellydevuyst.com\/fr\/produit\/preoccupations-speciales-peau-sensible\/"]}]},{"@type":"ImageObject","inLanguage":"fr-FR","@id":"https:\/\/nellydevuyst.com\/fr\/produit\/preoccupations-speciales-peau-sensible\/#primaryimage","url":"https:\/\/nellydevuyst.com\/wp-content\/uploads\/2023\/04\/sensitive-skin.jpg","contentUrl":"https:\/\/nellydevuyst.com\/wp-content\/uploads\/2023\/04\/sensitive-skin.jpg","width":1200,"height":1200,"caption":"Peau Sensible"},{"@type":"BreadcrumbList","@id":"https:\/\/nellydevuyst.com\/fr\/produit\/preoccupations-speciales-peau-sensible\/#breadcrumb","itemListElement":[{"@type":"ListItem","position":1,"name":"Home","item":"https:\/\/nellydevuyst.com\/fr\/"},{"@type":"ListItem","position":2,"name":"Boutique","item":"https:\/\/nellydevuyst.com\/fr\/boutique\/"},{"@type":"ListItem","position":3,"name":"Peau Sensible"}]},{"@type":"WebSite","@id":"https:\/\/nellydevuyst.com\/fr\/#website","url":"https:\/\/nellydevuyst.com\/fr\/","name":"Nelly De Vuyst\u00ae Skin Care","description":"The Best of Science and Nature","publisher":{"@id":"https:\/\/nellydevuyst.com\/fr\/#organization"},"alternateName":"NDV Skin Care","potentialAction":[{"@type":"SearchAction","target":{"@type":"EntryPoint","urlTemplate":"https:\/\/nellydevuyst.com\/fr\/?s={search_term_string}"},"query-input":{"@type":"PropertyValueSpecification","valueRequired":true,"valueName":"search_term_string"}}],"inLanguage":"fr-FR"},{"@type":"Organization","@id":"https:\/\/nellydevuyst.com\/fr\/#organization","name":"Nelly De Vuyst Skin Care","alternateName":"NDV Skin Care","url":"https:\/\/nellydevuyst.com\/fr\/","logo":{"@type":"ImageObject","inLanguage":"fr-FR","@id":"https:\/\/nellydevuyst.com\/fr\/#\/schema\/logo\/image\/","url":"https:\/\/nellydevuyst.com\/wp-content\/uploads\/2024\/01\/ndv-logo-favico.png","contentUrl":"https:\/\/nellydevuyst.com\/wp-content\/uploads\/2024\/01\/ndv-logo-favico.png","width":512,"height":512,"caption":"Nelly De Vuyst Skin Care"},"image":{"@id":"https:\/\/nellydevuyst.com\/fr\/#\/schema\/logo\/image\/"},"sameAs":["https:\/\/www.facebook.com\/NellyDeVuystSkincare\/","https:\/\/www.instagram.com\/nelly_devuyst\/","https:\/\/www.youtube.com\/user\/derme8282","https:\/\/www.tiktok.com\/@nellydevuyst","https:\/\/www.pinterest.com.mx\/nellydevuystskincare\/"]}]}},"_links":{"self":[{"href":"https:\/\/nellydevuyst.com\/fr\/wp-json\/wp\/v2\/product\/12370","targetHints":{"allow":["GET"]}}],"collection":[{"href":"https:\/\/nellydevuyst.com\/fr\/wp-json\/wp\/v2\/product"}],"about":[{"href":"https:\/\/nellydevuyst.com\/fr\/wp-json\/wp\/v2\/types\/product"}],"replies":[{"embeddable":true,"href":"https:\/\/nellydevuyst.com\/fr\/wp-json\/wp\/v2\/comments?post=12370"}],"wp:featuredmedia":[{"embeddable":true,"href":"https:\/\/nellydevuyst.com\/fr\/wp-json\/wp\/v2\/media\/11933"}],"wp:attachment":[{"href":"https:\/\/nellydevuyst.com\/fr\/wp-json\/wp\/v2\/media?parent=12370"}],"wp:term":[{"taxonomy":"product_brand","embeddable":true,"href":"https:\/\/nellydevuyst.com\/fr\/wp-json\/wp\/v2\/product_brand?post=12370"},{"taxonomy":"product_cat","embeddable":true,"href":"https:\/\/nellydevuyst.com\/fr\/wp-json\/wp\/v2\/product_cat?post=12370"},{"taxonomy":"product_tag","embeddable":true,"href":"https:\/\/nellydevuyst.com\/fr\/wp-json\/wp\/v2\/product_tag?post=12370"},{"taxonomy":"giftcard-category","embeddable":true,"href":"https:\/\/nellydevuyst.com\/fr\/wp-json\/wp\/v2\/giftcard-category?post=12370"}],"curies":[{"name":"wp","href":"https:\/\/api.w.org\/{rel}","templated":true}]}}