{"id":12374,"date":"2023-04-25T09:09:18","date_gmt":"2023-04-25T13:09:18","guid":{"rendered":"https:\/\/nellydevuyst.com\/product\/special-concerns-eye-bags\/"},"modified":"2024-03-28T16:29:14","modified_gmt":"2024-03-28T20:29:14","slug":"preoccupations-speciales-sacs-paupieres","status":"publish","type":"product","link":"https:\/\/nellydevuyst.com\/fr\/produit\/preoccupations-speciales-sacs-paupieres\/","title":{"rendered":"Soins des Yeux | Sacs \u00e0 Paupi\u00e8res"},"content":{"rendered":"","protected":false},"excerpt":{"rendered":"<p><strong>Dites adieu aux yeux gonfl\u00e9s<\/strong><\/p>\n<p>La peau des yeux est l&rsquo;une des plus fines de notre corps. La perte d&rsquo;\u00e9lasticit\u00e9 de la peau et des vaisseaux entra\u00eene une fuite accrue de liquide dans les vaisseaux fragiles et vieillissants. La peau n&rsquo;a donc pas l&rsquo;\u00e9lasticit\u00e9 n\u00e9cessaire pour r\u00e9sister au gonflement d\u00fb \u00e0 l&rsquo;augmentation du liquide caus\u00e9e par la fuite des vaisseaux. Les produits Nelly De Vuyst\u00ae Eye Contour sont formul\u00e9s pour respecter la physiologie de la peau du contour des yeux.<\/p>\n<p class=\"lead\">Vous trouverez ci-dessous les produits recommand\u00e9s par Nelly De Vuyst\u00ae. S\u00e9lectionnez la quantit\u00e9 \u00e0 acheter puis ajoutez au panier.<\/p>\n","protected":false},"featured_media":11938,"comment_status":"closed","ping_status":"closed","template":"","meta":[],"product_brand":[],"product_cat":[182],"product_tag":[247,268,269],"giftcard-category":[],"class_list":{"0":"post-12374","1":"product","2":"type-product","3":"status-publish","4":"has-post-thumbnail","6":"product_cat-preoccupations-cutanees","7":"product_tag-anti-age","8":"product_tag-cernes","9":"product_tag-contour-des-yeux","11":"first","12":"instock","13":"taxable","14":"shipping-taxable","15":"product-type-grouped"},"yoast_head":"<!-- This site is optimized with the Yoast SEO plugin v27.4 - https:\/\/yoast.com\/product\/yoast-seo-wordpress\/ -->\n<title>Soins des Yeux | Sacs \u00e0 Paupi\u00e8res | Nelly De Vuyst\u00ae Skin Care<\/title>\n<meta name=\"description\" content=\"La peau des yeux est l&#039;une des plus fines de notre corps. La perte d&#039;\u00e9lasticit\u00e9 de la peau et des vaisseaux entra\u00eene une fuite accrue de liquide dans les vaisseaux fragiles et vieillissants. La peau n&#039;a donc pas l&#039;\u00e9lasticit\u00e9 n\u00e9cessaire pour r\u00e9sister au gonflement d\u00fb \u00e0 l&#039;augmentation du liquide caus\u00e9e par la fuite des vaisseaux. Les produits Nelly De Vuyst\u00ae Eye Contour sont formul\u00e9s pour respecter la physiologie de la peau du contour des yeux.\" \/>\n<meta name=\"robots\" content=\"index, follow, max-snippet:-1, max-image-preview:large, max-video-preview:-1\" \/>\n<link rel=\"canonical\" href=\"https:\/\/nellydevuyst.com\/fr\/produit\/preoccupations-speciales-sacs-paupieres\/\" \/>\n<meta property=\"og:locale\" content=\"fr_FR\" \/>\n<meta property=\"og:type\" content=\"article\" \/>\n<meta property=\"og:title\" content=\"Soins des Yeux | Sacs \u00e0 Paupi\u00e8res | Nelly De Vuyst\u00ae Skin Care\" \/>\n<meta property=\"og:description\" content=\"La peau des yeux est l&#039;une des plus fines de notre corps. La perte d&#039;\u00e9lasticit\u00e9 de la peau et des vaisseaux entra\u00eene une fuite accrue de liquide dans les vaisseaux fragiles et vieillissants. La peau n&#039;a donc pas l&#039;\u00e9lasticit\u00e9 n\u00e9cessaire pour r\u00e9sister au gonflement d\u00fb \u00e0 l&#039;augmentation du liquide caus\u00e9e par la fuite des vaisseaux. Les produits Nelly De Vuyst\u00ae Eye Contour sont formul\u00e9s pour respecter la physiologie de la peau du contour des yeux.\" \/>\n<meta property=\"og:url\" content=\"https:\/\/nellydevuyst.com\/fr\/produit\/preoccupations-speciales-sacs-paupieres\/\" \/>\n<meta property=\"og:site_name\" content=\"Nelly De Vuyst\u00ae Skin Care\" \/>\n<meta property=\"article:publisher\" content=\"https:\/\/www.facebook.com\/NellyDeVuystSkincare\/\" \/>\n<meta property=\"article:modified_time\" content=\"2024-03-28T20:29:14+00:00\" \/>\n<meta property=\"og:image\" content=\"https:\/\/nellydevuyst.com\/wp-content\/uploads\/2023\/04\/eyes-bags.jpg\" \/>\n\t<meta property=\"og:image:width\" content=\"1200\" \/>\n\t<meta property=\"og:image:height\" content=\"1200\" \/>\n\t<meta property=\"og:image:type\" content=\"image\/jpeg\" \/>\n<meta name=\"twitter:card\" content=\"summary_large_image\" \/>\n<script type=\"application\/ld+json\" class=\"yoast-schema-graph\">{\"@context\":\"https:\\\/\\\/schema.org\",\"@graph\":[{\"@type\":[\"WebPage\",\"ItemPage\"],\"@id\":\"https:\\\/\\\/nellydevuyst.com\\\/fr\\\/produit\\\/preoccupations-speciales-sacs-paupieres\\\/\",\"url\":\"https:\\\/\\\/nellydevuyst.com\\\/fr\\\/produit\\\/preoccupations-speciales-sacs-paupieres\\\/\",\"name\":\"Soins des Yeux | Sacs \u00e0 Paupi\u00e8res | Nelly De Vuyst\u00ae Skin Care\",\"isPartOf\":{\"@id\":\"https:\\\/\\\/nellydevuyst.com\\\/fr\\\/#website\"},\"primaryImageOfPage\":{\"@id\":\"https:\\\/\\\/nellydevuyst.com\\\/fr\\\/produit\\\/preoccupations-speciales-sacs-paupieres\\\/#primaryimage\"},\"image\":{\"@id\":\"https:\\\/\\\/nellydevuyst.com\\\/fr\\\/produit\\\/preoccupations-speciales-sacs-paupieres\\\/#primaryimage\"},\"thumbnailUrl\":\"https:\\\/\\\/nellydevuyst.com\\\/wp-content\\\/uploads\\\/2023\\\/04\\\/eyes-bags.jpg\",\"datePublished\":\"2023-04-25T13:09:18+00:00\",\"dateModified\":\"2024-03-28T20:29:14+00:00\",\"description\":\"La peau des yeux est l'une des plus fines de notre corps. La perte d'\u00e9lasticit\u00e9 de la peau et des vaisseaux entra\u00eene une fuite accrue de liquide dans les vaisseaux fragiles et vieillissants. La peau n'a donc pas l'\u00e9lasticit\u00e9 n\u00e9cessaire pour r\u00e9sister au gonflement d\u00fb \u00e0 l'augmentation du liquide caus\u00e9e par la fuite des vaisseaux. Les produits Nelly De Vuyst\u00ae Eye Contour sont formul\u00e9s pour respecter la physiologie de la peau du contour des yeux.\",\"breadcrumb\":{\"@id\":\"https:\\\/\\\/nellydevuyst.com\\\/fr\\\/produit\\\/preoccupations-speciales-sacs-paupieres\\\/#breadcrumb\"},\"inLanguage\":\"fr-FR\",\"potentialAction\":[{\"@type\":\"ReadAction\",\"target\":[\"https:\\\/\\\/nellydevuyst.com\\\/fr\\\/produit\\\/preoccupations-speciales-sacs-paupieres\\\/\"]}]},{\"@type\":\"ImageObject\",\"inLanguage\":\"fr-FR\",\"@id\":\"https:\\\/\\\/nellydevuyst.com\\\/fr\\\/produit\\\/preoccupations-speciales-sacs-paupieres\\\/#primaryimage\",\"url\":\"https:\\\/\\\/nellydevuyst.com\\\/wp-content\\\/uploads\\\/2023\\\/04\\\/eyes-bags.jpg\",\"contentUrl\":\"https:\\\/\\\/nellydevuyst.com\\\/wp-content\\\/uploads\\\/2023\\\/04\\\/eyes-bags.jpg\",\"width\":1200,\"height\":1200,\"caption\":\"Soins des Yeux | Sacs \u00e0 Paupi\u00e8res\"},{\"@type\":\"BreadcrumbList\",\"@id\":\"https:\\\/\\\/nellydevuyst.com\\\/fr\\\/produit\\\/preoccupations-speciales-sacs-paupieres\\\/#breadcrumb\",\"itemListElement\":[{\"@type\":\"ListItem\",\"position\":1,\"name\":\"Home\",\"item\":\"https:\\\/\\\/nellydevuyst.com\\\/fr\\\/\"},{\"@type\":\"ListItem\",\"position\":2,\"name\":\"Boutique\",\"item\":\"https:\\\/\\\/nellydevuyst.com\\\/fr\\\/boutique\\\/\"},{\"@type\":\"ListItem\",\"position\":3,\"name\":\"Soins des Yeux | Sacs \u00e0 Paupi\u00e8res\"}]},{\"@type\":\"WebSite\",\"@id\":\"https:\\\/\\\/nellydevuyst.com\\\/fr\\\/#website\",\"url\":\"https:\\\/\\\/nellydevuyst.com\\\/fr\\\/\",\"name\":\"Nelly De Vuyst\u00ae Skin Care\",\"description\":\"The Best of Science and Nature\",\"publisher\":{\"@id\":\"https:\\\/\\\/nellydevuyst.com\\\/fr\\\/#organization\"},\"alternateName\":\"NDV Skin Care\",\"potentialAction\":[{\"@type\":\"SearchAction\",\"target\":{\"@type\":\"EntryPoint\",\"urlTemplate\":\"https:\\\/\\\/nellydevuyst.com\\\/fr\\\/?s={search_term_string}\"},\"query-input\":{\"@type\":\"PropertyValueSpecification\",\"valueRequired\":true,\"valueName\":\"search_term_string\"}}],\"inLanguage\":\"fr-FR\"},{\"@type\":\"Organization\",\"@id\":\"https:\\\/\\\/nellydevuyst.com\\\/fr\\\/#organization\",\"name\":\"Nelly De Vuyst Skin Care\",\"alternateName\":\"NDV Skin Care\",\"url\":\"https:\\\/\\\/nellydevuyst.com\\\/fr\\\/\",\"logo\":{\"@type\":\"ImageObject\",\"inLanguage\":\"fr-FR\",\"@id\":\"https:\\\/\\\/nellydevuyst.com\\\/fr\\\/#\\\/schema\\\/logo\\\/image\\\/\",\"url\":\"https:\\\/\\\/nellydevuyst.com\\\/wp-content\\\/uploads\\\/2024\\\/01\\\/ndv-logo-favico.png\",\"contentUrl\":\"https:\\\/\\\/nellydevuyst.com\\\/wp-content\\\/uploads\\\/2024\\\/01\\\/ndv-logo-favico.png\",\"width\":512,\"height\":512,\"caption\":\"Nelly De Vuyst Skin Care\"},\"image\":{\"@id\":\"https:\\\/\\\/nellydevuyst.com\\\/fr\\\/#\\\/schema\\\/logo\\\/image\\\/\"},\"sameAs\":[\"https:\\\/\\\/www.facebook.com\\\/NellyDeVuystSkincare\\\/\",\"https:\\\/\\\/www.instagram.com\\\/nelly_devuyst\\\/\",\"https:\\\/\\\/www.youtube.com\\\/user\\\/derme8282\",\"https:\\\/\\\/www.tiktok.com\\\/@nellydevuyst\",\"https:\\\/\\\/www.pinterest.com.mx\\\/nellydevuystskincare\\\/\"]}]}<\/script>\n<!-- \/ Yoast SEO plugin. -->","yoast_head_json":{"title":"Soins des Yeux | Sacs \u00e0 Paupi\u00e8res | Nelly De Vuyst\u00ae Skin Care","description":"La peau des yeux est l'une des plus fines de notre corps. La perte d'\u00e9lasticit\u00e9 de la peau et des vaisseaux entra\u00eene une fuite accrue de liquide dans les vaisseaux fragiles et vieillissants. La peau n'a donc pas l'\u00e9lasticit\u00e9 n\u00e9cessaire pour r\u00e9sister au gonflement d\u00fb \u00e0 l'augmentation du liquide caus\u00e9e par la fuite des vaisseaux. Les produits Nelly De Vuyst\u00ae Eye Contour sont formul\u00e9s pour respecter la physiologie de la peau du contour des yeux.","robots":{"index":"index","follow":"follow","max-snippet":"max-snippet:-1","max-image-preview":"max-image-preview:large","max-video-preview":"max-video-preview:-1"},"canonical":"https:\/\/nellydevuyst.com\/fr\/produit\/preoccupations-speciales-sacs-paupieres\/","og_locale":"fr_FR","og_type":"article","og_title":"Soins des Yeux | Sacs \u00e0 Paupi\u00e8res | Nelly De Vuyst\u00ae Skin Care","og_description":"La peau des yeux est l'une des plus fines de notre corps. La perte d'\u00e9lasticit\u00e9 de la peau et des vaisseaux entra\u00eene une fuite accrue de liquide dans les vaisseaux fragiles et vieillissants. La peau n'a donc pas l'\u00e9lasticit\u00e9 n\u00e9cessaire pour r\u00e9sister au gonflement d\u00fb \u00e0 l'augmentation du liquide caus\u00e9e par la fuite des vaisseaux. Les produits Nelly De Vuyst\u00ae Eye Contour sont formul\u00e9s pour respecter la physiologie de la peau du contour des yeux.","og_url":"https:\/\/nellydevuyst.com\/fr\/produit\/preoccupations-speciales-sacs-paupieres\/","og_site_name":"Nelly De Vuyst\u00ae Skin Care","article_publisher":"https:\/\/www.facebook.com\/NellyDeVuystSkincare\/","article_modified_time":"2024-03-28T20:29:14+00:00","og_image":[{"width":1200,"height":1200,"url":"https:\/\/nellydevuyst.com\/wp-content\/uploads\/2023\/04\/eyes-bags.jpg","type":"image\/jpeg"}],"twitter_card":"summary_large_image","schema":{"@context":"https:\/\/schema.org","@graph":[{"@type":["WebPage","ItemPage"],"@id":"https:\/\/nellydevuyst.com\/fr\/produit\/preoccupations-speciales-sacs-paupieres\/","url":"https:\/\/nellydevuyst.com\/fr\/produit\/preoccupations-speciales-sacs-paupieres\/","name":"Soins des Yeux | Sacs \u00e0 Paupi\u00e8res | Nelly De Vuyst\u00ae Skin Care","isPartOf":{"@id":"https:\/\/nellydevuyst.com\/fr\/#website"},"primaryImageOfPage":{"@id":"https:\/\/nellydevuyst.com\/fr\/produit\/preoccupations-speciales-sacs-paupieres\/#primaryimage"},"image":{"@id":"https:\/\/nellydevuyst.com\/fr\/produit\/preoccupations-speciales-sacs-paupieres\/#primaryimage"},"thumbnailUrl":"https:\/\/nellydevuyst.com\/wp-content\/uploads\/2023\/04\/eyes-bags.jpg","datePublished":"2023-04-25T13:09:18+00:00","dateModified":"2024-03-28T20:29:14+00:00","description":"La peau des yeux est l'une des plus fines de notre corps. La perte d'\u00e9lasticit\u00e9 de la peau et des vaisseaux entra\u00eene une fuite accrue de liquide dans les vaisseaux fragiles et vieillissants. La peau n'a donc pas l'\u00e9lasticit\u00e9 n\u00e9cessaire pour r\u00e9sister au gonflement d\u00fb \u00e0 l'augmentation du liquide caus\u00e9e par la fuite des vaisseaux. Les produits Nelly De Vuyst\u00ae Eye Contour sont formul\u00e9s pour respecter la physiologie de la peau du contour des yeux.","breadcrumb":{"@id":"https:\/\/nellydevuyst.com\/fr\/produit\/preoccupations-speciales-sacs-paupieres\/#breadcrumb"},"inLanguage":"fr-FR","potentialAction":[{"@type":"ReadAction","target":["https:\/\/nellydevuyst.com\/fr\/produit\/preoccupations-speciales-sacs-paupieres\/"]}]},{"@type":"ImageObject","inLanguage":"fr-FR","@id":"https:\/\/nellydevuyst.com\/fr\/produit\/preoccupations-speciales-sacs-paupieres\/#primaryimage","url":"https:\/\/nellydevuyst.com\/wp-content\/uploads\/2023\/04\/eyes-bags.jpg","contentUrl":"https:\/\/nellydevuyst.com\/wp-content\/uploads\/2023\/04\/eyes-bags.jpg","width":1200,"height":1200,"caption":"Soins des Yeux | Sacs \u00e0 Paupi\u00e8res"},{"@type":"BreadcrumbList","@id":"https:\/\/nellydevuyst.com\/fr\/produit\/preoccupations-speciales-sacs-paupieres\/#breadcrumb","itemListElement":[{"@type":"ListItem","position":1,"name":"Home","item":"https:\/\/nellydevuyst.com\/fr\/"},{"@type":"ListItem","position":2,"name":"Boutique","item":"https:\/\/nellydevuyst.com\/fr\/boutique\/"},{"@type":"ListItem","position":3,"name":"Soins des Yeux | Sacs \u00e0 Paupi\u00e8res"}]},{"@type":"WebSite","@id":"https:\/\/nellydevuyst.com\/fr\/#website","url":"https:\/\/nellydevuyst.com\/fr\/","name":"Nelly De Vuyst\u00ae Skin Care","description":"The Best of Science and Nature","publisher":{"@id":"https:\/\/nellydevuyst.com\/fr\/#organization"},"alternateName":"NDV Skin Care","potentialAction":[{"@type":"SearchAction","target":{"@type":"EntryPoint","urlTemplate":"https:\/\/nellydevuyst.com\/fr\/?s={search_term_string}"},"query-input":{"@type":"PropertyValueSpecification","valueRequired":true,"valueName":"search_term_string"}}],"inLanguage":"fr-FR"},{"@type":"Organization","@id":"https:\/\/nellydevuyst.com\/fr\/#organization","name":"Nelly De Vuyst Skin Care","alternateName":"NDV Skin Care","url":"https:\/\/nellydevuyst.com\/fr\/","logo":{"@type":"ImageObject","inLanguage":"fr-FR","@id":"https:\/\/nellydevuyst.com\/fr\/#\/schema\/logo\/image\/","url":"https:\/\/nellydevuyst.com\/wp-content\/uploads\/2024\/01\/ndv-logo-favico.png","contentUrl":"https:\/\/nellydevuyst.com\/wp-content\/uploads\/2024\/01\/ndv-logo-favico.png","width":512,"height":512,"caption":"Nelly De Vuyst Skin Care"},"image":{"@id":"https:\/\/nellydevuyst.com\/fr\/#\/schema\/logo\/image\/"},"sameAs":["https:\/\/www.facebook.com\/NellyDeVuystSkincare\/","https:\/\/www.instagram.com\/nelly_devuyst\/","https:\/\/www.youtube.com\/user\/derme8282","https:\/\/www.tiktok.com\/@nellydevuyst","https:\/\/www.pinterest.com.mx\/nellydevuystskincare\/"]}]}},"_links":{"self":[{"href":"https:\/\/nellydevuyst.com\/fr\/wp-json\/wp\/v2\/product\/12374","targetHints":{"allow":["GET"]}}],"collection":[{"href":"https:\/\/nellydevuyst.com\/fr\/wp-json\/wp\/v2\/product"}],"about":[{"href":"https:\/\/nellydevuyst.com\/fr\/wp-json\/wp\/v2\/types\/product"}],"replies":[{"embeddable":true,"href":"https:\/\/nellydevuyst.com\/fr\/wp-json\/wp\/v2\/comments?post=12374"}],"wp:featuredmedia":[{"embeddable":true,"href":"https:\/\/nellydevuyst.com\/fr\/wp-json\/wp\/v2\/media\/11938"}],"wp:attachment":[{"href":"https:\/\/nellydevuyst.com\/fr\/wp-json\/wp\/v2\/media?parent=12374"}],"wp:term":[{"taxonomy":"product_brand","embeddable":true,"href":"https:\/\/nellydevuyst.com\/fr\/wp-json\/wp\/v2\/product_brand?post=12374"},{"taxonomy":"product_cat","embeddable":true,"href":"https:\/\/nellydevuyst.com\/fr\/wp-json\/wp\/v2\/product_cat?post=12374"},{"taxonomy":"product_tag","embeddable":true,"href":"https:\/\/nellydevuyst.com\/fr\/wp-json\/wp\/v2\/product_tag?post=12374"},{"taxonomy":"giftcard-category","embeddable":true,"href":"https:\/\/nellydevuyst.com\/fr\/wp-json\/wp\/v2\/giftcard-category?post=12374"}],"curies":[{"name":"wp","href":"https:\/\/api.w.org\/{rel}","templated":true}]}}