{"id":15533,"date":"2024-06-05T10:49:42","date_gmt":"2024-06-05T14:49:42","guid":{"rendered":"https:\/\/nellydevuyst.com\/?post_type=product&#038;p=15533"},"modified":"2026-02-28T08:59:01","modified_gmt":"2026-02-28T13:59:01","slug":"masque-collagen","status":"publish","type":"product","link":"https:\/\/nellydevuyst.com\/fr\/produit\/masque-collagen\/","title":{"rendered":"Masque Collagen"},"content":{"rendered":"<h2 class=\"uppercase\">Vous faire briller de mille feux !<\/h2>\n<p>Une transformation ultime apr\u00e8s 20 minutes seulement ! Faites l&rsquo;exp\u00e9rience d&rsquo;un voyage transformateur vers une beaut\u00e9 sans \u00e2ge avec le Masque Collagen Nelly De Vuyst. Ce masque anti-\u00e2ge est m\u00e9ticuleusement formul\u00e9 pour retrouver l&rsquo;\u00e9clat de la jeunesse et d\u00e9fier les rides, les ridules et les pigments sombres de la peau. Gr\u00e2ce \u00e0 une technologie innovante, le masque en feuille redonne \u00e0 votre peau l&rsquo;\u00e9clat de la jeunesse, la fermet\u00e9 et la luminosit\u00e9 naturelle.<\/p>\n<p>Le Masque Collagen est id\u00e9al pour les peaux qui manquent de fermet\u00e9 et\/ou qui pr\u00e9sentent des signes de vieillissement cutan\u00e9 tels que les rides, les ridules ou les taches sombres. Sa formule, riche en ingr\u00e9dients antioxydants et anti-\u00e2ge, est un v\u00e9ritable concentr\u00e9 d\u2019\u00e9clat et de jeunesse. Cette formule innovante s&rsquo;oppose \u00e0 l&rsquo;effet n\u00e9faste des radicaux libres sur la peau et limite l&rsquo;apparition des rides, ridules et taches pigmentaires. La peau retrouve son \u00e9clat. \u00c9galement riche en collag\u00e8ne et en acide hyaluronique, ce Masque Collagen contribue \u00e0 am\u00e9liorer l&rsquo;\u00e9lasticit\u00e9 et la souplesse de la peau, pour une peau plus ferme, plus lisse et plus douce.<\/p>\n<p>Les contours du visage sont redessin\u00e9s. Pour compl\u00e9ter cette synergie, notre Masque Collagen utilise la technologie des exosomes. Cette innovation exploite les bienfaits anti-inflammatoires de la Centella Asiatica, acc\u00e9l\u00e8re la r\u00e9g\u00e9n\u00e9ration cellulaire et stimule la production naturelle de collag\u00e8ne, ce qui permet d&rsquo;agir sur le collag\u00e8ne de la peau \u00e0 deux niveaux.<\/p>\n","protected":false},"excerpt":{"rendered":"<p>Le Masque Collagen Nelly De Vuyst est id\u00e9al pour les peaux manquant de fermet\u00e9 ou pr\u00e9sentant des signes de vieillissement cutan\u00e9 tels que rides, ridules ou taches brunes. Sa formule, riche en ingr\u00e9dients antioxydants et anti-\u00e2ge, est un v\u00e9ritable concentr\u00e9 de jeunesse et d&rsquo;\u00e9clat. Associ\u00e9s \u00e0 la technologie des exosomes v\u00e9g\u00e9taux, les peptides de collag\u00e8ne hydrolys\u00e9s p\u00e9n\u00e8trent les couches profondes de la peau pour un impact \u00e0 long terme sur la fermet\u00e9 et le rebondi de la peau.<\/p>\n<ul>\n<li class=\"bullet-arrow\"><strong>Texture :<\/strong> Masque en feuille<\/li>\n<li class=\"bullet-arrow\"><strong>Type de peau :<\/strong> Peau mature<\/li>\n<li class=\"bullet-arrow\"><strong>Pr\u00e9occupation cutan\u00e9e :<\/strong> Peau manquant de fermet\u00e9 et\/ou pr\u00e9sentant des signes de vieillissement cutan\u00e9.<\/li>\n<li class=\"bullet-arrow\"><strong>Format :<\/strong> 1 feuille visage <em>(Sachet aluminium)<\/em><\/li>\n<\/ul>\n<div class=\"row row-full-width align-equal\"  id=\"row-344499323\">\n\t<div id=\"col-6339980\" class=\"col small-12 large-12\"  >\n\t\t\t\t<div class=\"col-inner\"  >\n\t\t\t\n\t\t\t\n\n  \n    <div class=\"row large-columns-8 medium-columns-8 small-columns-8 row-collapse\" >\n  <div class=\"gallery-col col\" >\n          <div class=\"col-inner\">\n                        <div class=\"box has-hover gallery-box box-none\">\n              <div class=\"box-image\" >\n                <img width=\"1\" height=\"1\" src=\"https:\/\/nellydevuyst.com\/wp-content\/uploads\/2023\/05\/BPF-FR.svg\" class=\"attachment-medium size-medium\" alt=\"CERTIFIE BPF\" ids=\"12305, 12311, 12302,12319,12321,12309\" style=\"none\" lightbox=\"false\" col_spacing=\"collapse\" columns=\"8\" columns__sm=\"8\" columns__md=\"8\" decoding=\"async\" loading=\"lazy\" \/>                                                              <\/div>\n              <div class=\"box-text text-left\" >\n                 <p>CERTIFIE BPF<\/p>\n              <\/div>\n            <\/div>\n                      <\/div>\n         <\/div><div class=\"gallery-col col\" >\n          <div class=\"col-inner\">\n                        <div class=\"box has-hover gallery-box box-none\">\n              <div class=\"box-image\" >\n                <img width=\"1\" height=\"1\" src=\"https:\/\/nellydevuyst.com\/wp-content\/uploads\/2023\/05\/COSMOS-EN.svg\" class=\"attachment-medium size-medium\" alt=\"BIO COSMETIQUE\" ids=\"12305, 12311, 12302,12319,12321,12309\" style=\"none\" lightbox=\"false\" col_spacing=\"collapse\" columns=\"8\" columns__sm=\"8\" columns__md=\"8\" decoding=\"async\" loading=\"lazy\" \/>                                                              <\/div>\n              <div class=\"box-text text-left\" >\n                 <p>BIO COSMETIQUE<\/p>\n              <\/div>\n            <\/div>\n                      <\/div>\n         <\/div><div class=\"gallery-col col\" >\n          <div class=\"col-inner\">\n                        <div class=\"box has-hover gallery-box box-none\">\n              <div class=\"box-image\" >\n                <img width=\"1\" height=\"1\" src=\"https:\/\/nellydevuyst.com\/wp-content\/uploads\/2023\/05\/ANIMALCRUELTY-EN.svg\" class=\"attachment-medium size-medium\" alt=\"NO ANIMAL CRUELTY\" ids=\"12305, 12311, 12302,12319,12321,12309\" style=\"none\" lightbox=\"false\" col_spacing=\"collapse\" columns=\"8\" columns__sm=\"8\" columns__md=\"8\" decoding=\"async\" loading=\"lazy\" \/>                                                              <\/div>\n              <div class=\"box-text text-left\" >\n                 <p>NO ANIMAL CRUELTY <\/p>\n              <\/div>\n            <\/div>\n                      <\/div>\n         <\/div><div class=\"gallery-col col\" >\n          <div class=\"col-inner\">\n                        <div class=\"box has-hover gallery-box box-none\">\n              <div class=\"box-image\" >\n                <img width=\"1\" height=\"1\" src=\"https:\/\/nellydevuyst.com\/wp-content\/uploads\/2023\/05\/OGM-FR.svg\" class=\"attachment-medium size-medium\" alt=\"GLUTEN OGM\" ids=\"12305, 12311, 12302,12319,12321,12309\" style=\"none\" lightbox=\"false\" col_spacing=\"collapse\" columns=\"8\" columns__sm=\"8\" columns__md=\"8\" decoding=\"async\" loading=\"lazy\" \/>                                                              <\/div>\n              <div class=\"box-text text-left\" >\n                 <p>GLUTEN OGM<\/p>\n              <\/div>\n            <\/div>\n                      <\/div>\n         <\/div><div class=\"gallery-col col\" >\n          <div class=\"col-inner\">\n                        <div class=\"box has-hover gallery-box box-none\">\n              <div class=\"box-image\" >\n                <img width=\"1\" height=\"1\" src=\"https:\/\/nellydevuyst.com\/wp-content\/uploads\/2023\/05\/RECYCLABLE-EN.svg\" class=\"attachment-medium size-medium\" alt=\"RECYCLABLE\" ids=\"12305, 12311, 12302,12319,12321,12309\" style=\"none\" lightbox=\"false\" col_spacing=\"collapse\" columns=\"8\" columns__sm=\"8\" columns__md=\"8\" decoding=\"async\" loading=\"lazy\" \/>                                                              <\/div>\n              <div class=\"box-text text-left\" >\n                 <p>RECYCLABLE<\/p>\n              <\/div>\n            <\/div>\n                      <\/div>\n         <\/div><div class=\"gallery-col col\" >\n          <div class=\"col-inner\">\n                        <div class=\"box has-hover gallery-box box-none\">\n              <div class=\"box-image\" >\n                <img width=\"1\" height=\"1\" src=\"https:\/\/nellydevuyst.com\/wp-content\/uploads\/2023\/05\/CANADA-FR.svg\" class=\"attachment-medium size-medium\" alt=\"FABRIQUE AU CANADA\" ids=\"12305, 12311, 12302,12319,12321,12309\" style=\"none\" lightbox=\"false\" col_spacing=\"collapse\" columns=\"8\" columns__sm=\"8\" columns__md=\"8\" decoding=\"async\" loading=\"lazy\" \/>                                                              <\/div>\n              <div class=\"box-text text-left\" >\n                 <p>FABRIQUE AU CANADA<\/p>\n              <\/div>\n            <\/div>\n                      <\/div>\n         <\/div><\/div>\n\t\t<\/div>\n\t\t\t\t\t<\/div>\n\n\t<\/div>\n","protected":false},"featured_media":15536,"comment_status":"open","ping_status":"closed","template":"","meta":[],"product_brand":[],"product_cat":[206,546,191],"product_tag":[234,250,251,249],"giftcard-category":[],"class_list":{"0":"post-15533","1":"product","2":"type-product","3":"status-publish","4":"has-post-thumbnail","6":"product_cat-anti-age-ridules","7":"product_cat-collagen","8":"product_cat-masques","9":"product_tag-masque","10":"product_tag-peau-relachee","11":"product_tag-peau-ridee","12":"product_tag-relachee","14":"first","15":"instock","16":"featured","17":"taxable","18":"shipping-taxable","19":"purchasable","20":"product-type-simple"},"yoast_head":"<!-- This site is optimized with the Yoast SEO plugin v27.2 - https:\/\/yoast.com\/product\/yoast-seo-wordpress\/ -->\n<title>Masque Collagen | Nelly De Vuyst\u00ae Skin Care<\/title>\n<meta name=\"description\" content=\"Le Masque Collag\u00e8ne de Nelly De Vuyst contient des peptides de collag\u00e8ne hydrolys\u00e9s combin\u00e9s \u00e0 la technologie des exosomes v\u00e9g\u00e9taux pour d\u00e9voiler une peau radieuse et hydrat\u00e9e.\" \/>\n<meta name=\"robots\" content=\"index, follow, max-snippet:-1, max-image-preview:large, max-video-preview:-1\" \/>\n<link rel=\"canonical\" href=\"https:\/\/nellydevuyst.com\/fr\/produit\/masque-collagen\/\" \/>\n<meta property=\"og:locale\" content=\"fr_FR\" \/>\n<meta property=\"og:type\" content=\"article\" \/>\n<meta property=\"og:title\" content=\"Masque Collagen | Nelly De Vuyst\u00ae Skin Care\" \/>\n<meta property=\"og:description\" content=\"Le Masque Collag\u00e8ne de Nelly De Vuyst contient des peptides de collag\u00e8ne hydrolys\u00e9s combin\u00e9s \u00e0 la technologie des exosomes v\u00e9g\u00e9taux pour d\u00e9voiler une peau radieuse et hydrat\u00e9e.\" \/>\n<meta property=\"og:url\" content=\"https:\/\/nellydevuyst.com\/fr\/produit\/masque-collagen\/\" \/>\n<meta property=\"og:site_name\" content=\"Nelly De Vuyst\u00ae Skin Care\" \/>\n<meta property=\"article:publisher\" content=\"https:\/\/www.facebook.com\/NellyDeVuystSkincare\/\" \/>\n<meta property=\"article:modified_time\" content=\"2026-02-28T13:59:01+00:00\" \/>\n<meta property=\"og:image\" content=\"https:\/\/nellydevuyst.com\/wp-content\/uploads\/2024\/06\/Collagen-Mask.jpg\" \/>\n\t<meta property=\"og:image:width\" content=\"1200\" \/>\n\t<meta property=\"og:image:height\" content=\"1200\" \/>\n\t<meta property=\"og:image:type\" content=\"image\/jpeg\" \/>\n<meta name=\"twitter:card\" content=\"summary_large_image\" \/>\n<script type=\"application\/ld+json\" class=\"yoast-schema-graph\">{\"@context\":\"https:\/\/schema.org\",\"@graph\":[{\"@type\":[\"WebPage\",\"ItemPage\"],\"@id\":\"https:\/\/nellydevuyst.com\/fr\/produit\/masque-collagen\/\",\"url\":\"https:\/\/nellydevuyst.com\/fr\/produit\/masque-collagen\/\",\"name\":\"Masque Collagen | Nelly De Vuyst\u00ae Skin Care\",\"isPartOf\":{\"@id\":\"https:\/\/nellydevuyst.com\/fr\/#website\"},\"primaryImageOfPage\":{\"@id\":\"https:\/\/nellydevuyst.com\/fr\/produit\/masque-collagen\/#primaryimage\"},\"image\":{\"@id\":\"https:\/\/nellydevuyst.com\/fr\/produit\/masque-collagen\/#primaryimage\"},\"thumbnailUrl\":\"https:\/\/nellydevuyst.com\/wp-content\/uploads\/2024\/06\/Collagen-Mask.jpg\",\"datePublished\":\"2024-06-05T14:49:42+00:00\",\"dateModified\":\"2026-02-28T13:59:01+00:00\",\"description\":\"Le Masque Collag\u00e8ne de Nelly De Vuyst contient des peptides de collag\u00e8ne hydrolys\u00e9s combin\u00e9s \u00e0 la technologie des exosomes v\u00e9g\u00e9taux pour d\u00e9voiler une peau radieuse et hydrat\u00e9e.\",\"breadcrumb\":{\"@id\":\"https:\/\/nellydevuyst.com\/fr\/produit\/masque-collagen\/#breadcrumb\"},\"inLanguage\":\"fr-FR\",\"potentialAction\":[{\"@type\":\"ReadAction\",\"target\":[\"https:\/\/nellydevuyst.com\/fr\/produit\/masque-collagen\/\"]}]},{\"@type\":\"ImageObject\",\"inLanguage\":\"fr-FR\",\"@id\":\"https:\/\/nellydevuyst.com\/fr\/produit\/masque-collagen\/#primaryimage\",\"url\":\"https:\/\/nellydevuyst.com\/wp-content\/uploads\/2024\/06\/Collagen-Mask.jpg\",\"contentUrl\":\"https:\/\/nellydevuyst.com\/wp-content\/uploads\/2024\/06\/Collagen-Mask.jpg\",\"width\":1200,\"height\":1200,\"caption\":\"Masque Collagen\"},{\"@type\":\"BreadcrumbList\",\"@id\":\"https:\/\/nellydevuyst.com\/fr\/produit\/masque-collagen\/#breadcrumb\",\"itemListElement\":[{\"@type\":\"ListItem\",\"position\":1,\"name\":\"Home\",\"item\":\"https:\/\/nellydevuyst.com\/fr\/\"},{\"@type\":\"ListItem\",\"position\":2,\"name\":\"Boutique\",\"item\":\"https:\/\/nellydevuyst.com\/fr\/boutique\/\"},{\"@type\":\"ListItem\",\"position\":3,\"name\":\"Masque Collagen\"}]},{\"@type\":\"WebSite\",\"@id\":\"https:\/\/nellydevuyst.com\/fr\/#website\",\"url\":\"https:\/\/nellydevuyst.com\/fr\/\",\"name\":\"Nelly De Vuyst\u00ae Skin Care\",\"description\":\"The Best of Science and Nature\",\"publisher\":{\"@id\":\"https:\/\/nellydevuyst.com\/fr\/#organization\"},\"alternateName\":\"NDV Skin Care\",\"potentialAction\":[{\"@type\":\"SearchAction\",\"target\":{\"@type\":\"EntryPoint\",\"urlTemplate\":\"https:\/\/nellydevuyst.com\/fr\/?s={search_term_string}\"},\"query-input\":{\"@type\":\"PropertyValueSpecification\",\"valueRequired\":true,\"valueName\":\"search_term_string\"}}],\"inLanguage\":\"fr-FR\"},{\"@type\":\"Organization\",\"@id\":\"https:\/\/nellydevuyst.com\/fr\/#organization\",\"name\":\"Nelly De Vuyst Skin Care\",\"alternateName\":\"NDV Skin Care\",\"url\":\"https:\/\/nellydevuyst.com\/fr\/\",\"logo\":{\"@type\":\"ImageObject\",\"inLanguage\":\"fr-FR\",\"@id\":\"https:\/\/nellydevuyst.com\/fr\/#\/schema\/logo\/image\/\",\"url\":\"https:\/\/nellydevuyst.com\/wp-content\/uploads\/2024\/01\/ndv-logo-favico.png\",\"contentUrl\":\"https:\/\/nellydevuyst.com\/wp-content\/uploads\/2024\/01\/ndv-logo-favico.png\",\"width\":512,\"height\":512,\"caption\":\"Nelly De Vuyst Skin Care\"},\"image\":{\"@id\":\"https:\/\/nellydevuyst.com\/fr\/#\/schema\/logo\/image\/\"},\"sameAs\":[\"https:\/\/www.facebook.com\/NellyDeVuystSkincare\/\",\"https:\/\/www.instagram.com\/nelly_devuyst\/\",\"https:\/\/www.youtube.com\/user\/derme8282\",\"https:\/\/www.tiktok.com\/@nellydevuyst\",\"https:\/\/www.pinterest.com.mx\/nellydevuystskincare\/\"]}]}<\/script>\n<!-- \/ Yoast SEO plugin. -->","yoast_head_json":{"title":"Masque Collagen | Nelly De Vuyst\u00ae Skin Care","description":"Le Masque Collag\u00e8ne de Nelly De Vuyst contient des peptides de collag\u00e8ne hydrolys\u00e9s combin\u00e9s \u00e0 la technologie des exosomes v\u00e9g\u00e9taux pour d\u00e9voiler une peau radieuse et hydrat\u00e9e.","robots":{"index":"index","follow":"follow","max-snippet":"max-snippet:-1","max-image-preview":"max-image-preview:large","max-video-preview":"max-video-preview:-1"},"canonical":"https:\/\/nellydevuyst.com\/fr\/produit\/masque-collagen\/","og_locale":"fr_FR","og_type":"article","og_title":"Masque Collagen | Nelly De Vuyst\u00ae Skin Care","og_description":"Le Masque Collag\u00e8ne de Nelly De Vuyst contient des peptides de collag\u00e8ne hydrolys\u00e9s combin\u00e9s \u00e0 la technologie des exosomes v\u00e9g\u00e9taux pour d\u00e9voiler une peau radieuse et hydrat\u00e9e.","og_url":"https:\/\/nellydevuyst.com\/fr\/produit\/masque-collagen\/","og_site_name":"Nelly De Vuyst\u00ae Skin Care","article_publisher":"https:\/\/www.facebook.com\/NellyDeVuystSkincare\/","article_modified_time":"2026-02-28T13:59:01+00:00","og_image":[{"width":1200,"height":1200,"url":"https:\/\/nellydevuyst.com\/wp-content\/uploads\/2024\/06\/Collagen-Mask.jpg","type":"image\/jpeg"}],"twitter_card":"summary_large_image","schema":{"@context":"https:\/\/schema.org","@graph":[{"@type":["WebPage","ItemPage"],"@id":"https:\/\/nellydevuyst.com\/fr\/produit\/masque-collagen\/","url":"https:\/\/nellydevuyst.com\/fr\/produit\/masque-collagen\/","name":"Masque Collagen | Nelly De Vuyst\u00ae Skin Care","isPartOf":{"@id":"https:\/\/nellydevuyst.com\/fr\/#website"},"primaryImageOfPage":{"@id":"https:\/\/nellydevuyst.com\/fr\/produit\/masque-collagen\/#primaryimage"},"image":{"@id":"https:\/\/nellydevuyst.com\/fr\/produit\/masque-collagen\/#primaryimage"},"thumbnailUrl":"https:\/\/nellydevuyst.com\/wp-content\/uploads\/2024\/06\/Collagen-Mask.jpg","datePublished":"2024-06-05T14:49:42+00:00","dateModified":"2026-02-28T13:59:01+00:00","description":"Le Masque Collag\u00e8ne de Nelly De Vuyst contient des peptides de collag\u00e8ne hydrolys\u00e9s combin\u00e9s \u00e0 la technologie des exosomes v\u00e9g\u00e9taux pour d\u00e9voiler une peau radieuse et hydrat\u00e9e.","breadcrumb":{"@id":"https:\/\/nellydevuyst.com\/fr\/produit\/masque-collagen\/#breadcrumb"},"inLanguage":"fr-FR","potentialAction":[{"@type":"ReadAction","target":["https:\/\/nellydevuyst.com\/fr\/produit\/masque-collagen\/"]}]},{"@type":"ImageObject","inLanguage":"fr-FR","@id":"https:\/\/nellydevuyst.com\/fr\/produit\/masque-collagen\/#primaryimage","url":"https:\/\/nellydevuyst.com\/wp-content\/uploads\/2024\/06\/Collagen-Mask.jpg","contentUrl":"https:\/\/nellydevuyst.com\/wp-content\/uploads\/2024\/06\/Collagen-Mask.jpg","width":1200,"height":1200,"caption":"Masque Collagen"},{"@type":"BreadcrumbList","@id":"https:\/\/nellydevuyst.com\/fr\/produit\/masque-collagen\/#breadcrumb","itemListElement":[{"@type":"ListItem","position":1,"name":"Home","item":"https:\/\/nellydevuyst.com\/fr\/"},{"@type":"ListItem","position":2,"name":"Boutique","item":"https:\/\/nellydevuyst.com\/fr\/boutique\/"},{"@type":"ListItem","position":3,"name":"Masque Collagen"}]},{"@type":"WebSite","@id":"https:\/\/nellydevuyst.com\/fr\/#website","url":"https:\/\/nellydevuyst.com\/fr\/","name":"Nelly De Vuyst\u00ae Skin Care","description":"The Best of Science and Nature","publisher":{"@id":"https:\/\/nellydevuyst.com\/fr\/#organization"},"alternateName":"NDV Skin Care","potentialAction":[{"@type":"SearchAction","target":{"@type":"EntryPoint","urlTemplate":"https:\/\/nellydevuyst.com\/fr\/?s={search_term_string}"},"query-input":{"@type":"PropertyValueSpecification","valueRequired":true,"valueName":"search_term_string"}}],"inLanguage":"fr-FR"},{"@type":"Organization","@id":"https:\/\/nellydevuyst.com\/fr\/#organization","name":"Nelly De Vuyst Skin Care","alternateName":"NDV Skin Care","url":"https:\/\/nellydevuyst.com\/fr\/","logo":{"@type":"ImageObject","inLanguage":"fr-FR","@id":"https:\/\/nellydevuyst.com\/fr\/#\/schema\/logo\/image\/","url":"https:\/\/nellydevuyst.com\/wp-content\/uploads\/2024\/01\/ndv-logo-favico.png","contentUrl":"https:\/\/nellydevuyst.com\/wp-content\/uploads\/2024\/01\/ndv-logo-favico.png","width":512,"height":512,"caption":"Nelly De Vuyst Skin Care"},"image":{"@id":"https:\/\/nellydevuyst.com\/fr\/#\/schema\/logo\/image\/"},"sameAs":["https:\/\/www.facebook.com\/NellyDeVuystSkincare\/","https:\/\/www.instagram.com\/nelly_devuyst\/","https:\/\/www.youtube.com\/user\/derme8282","https:\/\/www.tiktok.com\/@nellydevuyst","https:\/\/www.pinterest.com.mx\/nellydevuystskincare\/"]}]}},"_links":{"self":[{"href":"https:\/\/nellydevuyst.com\/fr\/wp-json\/wp\/v2\/product\/15533","targetHints":{"allow":["GET"]}}],"collection":[{"href":"https:\/\/nellydevuyst.com\/fr\/wp-json\/wp\/v2\/product"}],"about":[{"href":"https:\/\/nellydevuyst.com\/fr\/wp-json\/wp\/v2\/types\/product"}],"replies":[{"embeddable":true,"href":"https:\/\/nellydevuyst.com\/fr\/wp-json\/wp\/v2\/comments?post=15533"}],"wp:featuredmedia":[{"embeddable":true,"href":"https:\/\/nellydevuyst.com\/fr\/wp-json\/wp\/v2\/media\/15536"}],"wp:attachment":[{"href":"https:\/\/nellydevuyst.com\/fr\/wp-json\/wp\/v2\/media?parent=15533"}],"wp:term":[{"taxonomy":"product_brand","embeddable":true,"href":"https:\/\/nellydevuyst.com\/fr\/wp-json\/wp\/v2\/product_brand?post=15533"},{"taxonomy":"product_cat","embeddable":true,"href":"https:\/\/nellydevuyst.com\/fr\/wp-json\/wp\/v2\/product_cat?post=15533"},{"taxonomy":"product_tag","embeddable":true,"href":"https:\/\/nellydevuyst.com\/fr\/wp-json\/wp\/v2\/product_tag?post=15533"},{"taxonomy":"giftcard-category","embeddable":true,"href":"https:\/\/nellydevuyst.com\/fr\/wp-json\/wp\/v2\/giftcard-category?post=15533"}],"curies":[{"name":"wp","href":"https:\/\/api.w.org\/{rel}","templated":true}]}}