{"id":15571,"date":"2024-06-05T14:58:45","date_gmt":"2024-06-05T18:58:45","guid":{"rendered":"https:\/\/nellydevuyst.com\/product\/hydra-contour-ndv-body-oil\/"},"modified":"2025-02-11T08:47:12","modified_gmt":"2025-02-11T13:47:12","slug":"huile-corporelle-ndv-hydra-contour","status":"publish","type":"product","link":"https:\/\/nellydevuyst.com\/fr\/produit\/huile-corporelle-ndv-hydra-contour\/","title":{"rendered":"Huile Corporelle NDV Hydra Contour"},"content":{"rendered":"<h2 class=\"uppercase\">Votre beaut\u00e9 n\u2019a pas d\u2019\u00e2ge !<\/h2>\n<p>L&rsquo;Huile Corporelle NDV Hydra Contour enveloppe votre peau d&rsquo;un voile l\u00e9ger de pure indulgence. Formul\u00e9e \u00e0 partir d&rsquo;un m\u00e9lange m\u00e9ticuleux d&rsquo;huiles v\u00e9g\u00e9tales riches en om\u00e9ga, de vitamines et de min\u00e9raux, elle offre bien plus qu&rsquo;une simple hydratation. Cet \u00e9lixir puissant nourrit et soutient la production naturelle de prot\u00e9ines structurelles de la peau, notamment le collag\u00e8ne et l&rsquo;\u00e9lastine.<\/p>\n<p>D\u00e9couvrez notre huile corporelle anti-\u00e2ge ultime, m\u00e9ticuleusement con\u00e7ue pour hydrater votre peau et bannir le dess\u00e8chement. Notre formule exploite le pouvoir d&rsquo;un riche m\u00e9lange d&rsquo;ingr\u00e9dients biologiques et naturels COSMOS\u00ae, notamment l&rsquo;huile d&rsquo;argan, l&rsquo;huile d&rsquo;olive, l&rsquo;huile d&rsquo;onagre, l&rsquo;huile de graines de canneberge, l&rsquo;huile de rose, le complexe d&rsquo;huiles essentielles de lavande, de patchouli et de bois de Ho, ainsi que d&rsquo;autres huiles naturelles et biologiques, afin d&rsquo;am\u00e9liorer l&rsquo;\u00e9lasticit\u00e9 de la peau.<\/p>\n<p>Pour des r\u00e9sultats optimaux, incorporez-la \u00e0 votre routine quotidienne apr\u00e8s avoir utilis\u00e9 la <a href=\"\/fr\/produit\/brosse-pour-le-corps-ndv\/\">Brosse Corporelle NDV<\/a>, \u00e0 la suite de votre douche. Les peaux m\u00e9nopaus\u00e9es b\u00e9n\u00e9ficient particuli\u00e8rement d&rsquo;une application biquotidienne, assurant l&rsquo;\u00e9limination de tous les signes de s\u00e9cheresse et laissant une peau lisse et souple.<\/p>\n<p class=\"lead\">Dites adieu \u00e0 la \u00ab peau de crocodile \u00bb avec Hydra Contour.<\/p>\n","protected":false},"excerpt":{"rendered":"<p>Cette Huile Corporelle NDV Hydra Contour hydratante et nourrissante contient des huiles v\u00e9g\u00e9tales riches en om\u00e9ga, des vitamines et des min\u00e9raux qui soutiennent la production naturelle de prot\u00e9ines structurelles de la peau, lui redonnant souplesse et \u00e9lasticit\u00e9. Id\u00e9ale pour les peaux pr\u00e9sentant des vergetures, elle aide \u00e9galement \u00e0 raffermir la peau. Enrichie en antioxydants, cette huile prot\u00e8ge la peau des agressions ext\u00e9rieures et pr\u00e9vient les signes du vieillissement. Cette formule l\u00e9g\u00e8re ne laisse pas de film gras ou collant sur la peau. La peau retrouve sa douceur, sa souplesse et sa fermet\u00e9, tout en restant hydrat\u00e9e.<\/p>\n<ul>\n<li class=\"bullet-arrow\"><strong>Texture :<\/strong> Huile l\u00e9g\u00e8re<\/li>\n<li class=\"bullet-arrow\"><strong>Type de peau :<\/strong> Tous types de peau<\/li>\n<li class=\"bullet-arrow\"><strong>Pr\u00e9occupation cutan\u00e9e : <\/strong>Peau s\u00e8che, Vergetures<\/li>\n<li class=\"bullet-arrow\"><strong>Format :<\/strong> 3.50 fl.oz. &#8211; 100 ml<\/li>\n<\/ul>\n<div class=\"row row-full-width align-equal\"  id=\"row-81960358\">\n\t<div id=\"col-1715208210\" class=\"col small-12 large-12\"  >\n\t\t\t\t<div class=\"col-inner\"  >\n\t\t\t\n\t\t\t\n\n  \n    <div class=\"row large-columns-8 medium-columns-8 small-columns-8 row-collapse\" >\n  <div class=\"gallery-col col\" >\n          <div class=\"col-inner\">\n                        <div class=\"box has-hover gallery-box box-none\">\n              <div class=\"box-image\" >\n                <img width=\"1\" height=\"1\" src=\"https:\/\/nellydevuyst.com\/wp-content\/uploads\/2023\/05\/ECOCERT-EN.svg\" class=\"attachment-medium size-medium\" alt=\"ECOCERT COSMOS ORGANIC\" ids=\"12313,12323,12303,12319,12321,12309\" style=\"none\" lightbox=\"false\" col_spacing=\"collapse\" columns=\"8\" columns__sm=\"8\" columns__md=\"8\" decoding=\"async\" loading=\"lazy\" \/>                                                              <\/div>\n              <div class=\"box-text text-left\" >\n                 <p>ECOCERT COSMOS ORGANIC<\/p>\n              <\/div>\n            <\/div>\n                      <\/div>\n         <\/div><div class=\"gallery-col col\" >\n          <div class=\"col-inner\">\n                        <div class=\"box has-hover gallery-box box-none\">\n              <div class=\"box-image\" >\n                <img width=\"1\" height=\"1\" src=\"https:\/\/nellydevuyst.com\/wp-content\/uploads\/2023\/05\/VEGAN-EN.svg\" class=\"attachment-medium size-medium\" alt=\"VEGAN\" ids=\"12313,12323,12303,12319,12321,12309\" style=\"none\" lightbox=\"false\" col_spacing=\"collapse\" columns=\"8\" columns__sm=\"8\" columns__md=\"8\" decoding=\"async\" loading=\"lazy\" \/>                                                              <\/div>\n              <div class=\"box-text text-left\" >\n                 <p>VEGAN<\/p>\n              <\/div>\n            <\/div>\n                      <\/div>\n         <\/div><div class=\"gallery-col col\" >\n          <div class=\"col-inner\">\n                        <div class=\"box has-hover gallery-box box-none\">\n              <div class=\"box-image\" >\n                <img width=\"1\" height=\"1\" src=\"https:\/\/nellydevuyst.com\/wp-content\/uploads\/2023\/05\/ANIMALCRUELTY-EN.svg\" class=\"attachment-medium size-medium\" alt=\"NO ANIMAL CRUELTY\" ids=\"12313,12323,12303,12319,12321,12309\" style=\"none\" lightbox=\"false\" col_spacing=\"collapse\" columns=\"8\" columns__sm=\"8\" columns__md=\"8\" decoding=\"async\" loading=\"lazy\" \/>                                                              <\/div>\n              <div class=\"box-text text-left\" >\n                 <p>NO ANIMAL CRUELTY <\/p>\n              <\/div>\n            <\/div>\n                      <\/div>\n         <\/div><div class=\"gallery-col col\" >\n          <div class=\"col-inner\">\n                        <div class=\"box has-hover gallery-box box-none\">\n              <div class=\"box-image\" >\n                <img width=\"1\" height=\"1\" src=\"https:\/\/nellydevuyst.com\/wp-content\/uploads\/2023\/05\/OGM-FR.svg\" class=\"attachment-medium size-medium\" alt=\"GLUTEN OGM\" ids=\"12313,12323,12303,12319,12321,12309\" style=\"none\" lightbox=\"false\" col_spacing=\"collapse\" columns=\"8\" columns__sm=\"8\" columns__md=\"8\" decoding=\"async\" loading=\"lazy\" \/>                                                              <\/div>\n              <div class=\"box-text text-left\" >\n                 <p>GLUTEN OGM<\/p>\n              <\/div>\n            <\/div>\n                      <\/div>\n         <\/div><div class=\"gallery-col col\" >\n          <div class=\"col-inner\">\n                        <div class=\"box has-hover gallery-box box-none\">\n              <div class=\"box-image\" >\n                <img width=\"1\" height=\"1\" src=\"https:\/\/nellydevuyst.com\/wp-content\/uploads\/2023\/05\/RECYCLABLE-EN.svg\" class=\"attachment-medium size-medium\" alt=\"RECYCLABLE\" ids=\"12313,12323,12303,12319,12321,12309\" style=\"none\" lightbox=\"false\" col_spacing=\"collapse\" columns=\"8\" columns__sm=\"8\" columns__md=\"8\" decoding=\"async\" loading=\"lazy\" \/>                                                              <\/div>\n              <div class=\"box-text text-left\" >\n                 <p>RECYCLABLE<\/p>\n              <\/div>\n            <\/div>\n                      <\/div>\n         <\/div><div class=\"gallery-col col\" >\n          <div class=\"col-inner\">\n                        <div class=\"box has-hover gallery-box box-none\">\n              <div class=\"box-image\" >\n                <img width=\"1\" height=\"1\" src=\"https:\/\/nellydevuyst.com\/wp-content\/uploads\/2023\/05\/CANADA-FR.svg\" class=\"attachment-medium size-medium\" alt=\"FABRIQUE AU CANADA\" ids=\"12313,12323,12303,12319,12321,12309\" style=\"none\" lightbox=\"false\" col_spacing=\"collapse\" columns=\"8\" columns__sm=\"8\" columns__md=\"8\" decoding=\"async\" loading=\"lazy\" \/>                                                              <\/div>\n              <div class=\"box-text text-left\" >\n                 <p>FABRIQUE AU CANADA<\/p>\n              <\/div>\n            <\/div>\n                      <\/div>\n         <\/div><\/div>\n\t\t<\/div>\n\t\t\t\t\t<\/div>\n\n\t<\/div>\n","protected":false},"featured_media":15568,"comment_status":"open","ping_status":"closed","template":"","meta":[],"product_brand":[],"product_cat":[516,200,193],"product_tag":[247,263,236,248,267],"giftcard-category":[],"class_list":{"0":"post-15571","1":"product","2":"type-product","3":"status-publish","4":"has-post-thumbnail","6":"product_cat-collection-hydra-contour","7":"product_cat-peau-seche","8":"product_cat-soins-corporels","9":"product_tag-anti-age","10":"product_tag-corps","11":"product_tag-hydratant","12":"product_tag-raffermissant","13":"product_tag-vergetures","15":"first","16":"instock","17":"featured","18":"taxable","19":"shipping-taxable","20":"purchasable","21":"product-type-simple"},"yoast_head":"<!-- This site is optimized with the Yoast SEO plugin v27.4 - https:\/\/yoast.com\/product\/yoast-seo-wordpress\/ -->\n<title>Huile Corporelle NDV Hydra Contour | Nelly De Vuyst\u00ae Skin Care<\/title>\n<meta name=\"description\" content=\"L\u2019Huile Corporelle NDV Bio enveloppe la peau d&#039;un voile l\u00e9ger qui aide \u00e0 maintenir l&#039;hydratation de la peau. Enrichie en antioxydants, cette huile prot\u00e8ge la peau des agressions ext\u00e9rieures et pr\u00e9vient les signes de l&#039;\u00e2ge.\" \/>\n<meta name=\"robots\" content=\"index, follow, max-snippet:-1, max-image-preview:large, max-video-preview:-1\" \/>\n<link rel=\"canonical\" href=\"https:\/\/nellydevuyst.com\/fr\/produit\/huile-corporelle-ndv-hydra-contour\/\" \/>\n<meta property=\"og:locale\" content=\"fr_FR\" \/>\n<meta property=\"og:type\" content=\"article\" \/>\n<meta property=\"og:title\" content=\"Huile Corporelle NDV Hydra Contour | Nelly De Vuyst\u00ae Skin Care\" \/>\n<meta property=\"og:description\" content=\"L\u2019Huile Corporelle NDV Bio enveloppe la peau d&#039;un voile l\u00e9ger qui aide \u00e0 maintenir l&#039;hydratation de la peau. Enrichie en antioxydants, cette huile prot\u00e8ge la peau des agressions ext\u00e9rieures et pr\u00e9vient les signes de l&#039;\u00e2ge.\" \/>\n<meta property=\"og:url\" content=\"https:\/\/nellydevuyst.com\/fr\/produit\/huile-corporelle-ndv-hydra-contour\/\" \/>\n<meta property=\"og:site_name\" content=\"Nelly De Vuyst\u00ae Skin Care\" \/>\n<meta property=\"article:publisher\" content=\"https:\/\/www.facebook.com\/NellyDeVuystSkincare\/\" \/>\n<meta property=\"article:modified_time\" content=\"2025-02-11T13:47:12+00:00\" \/>\n<meta property=\"og:image\" content=\"https:\/\/nellydevuyst.com\/wp-content\/uploads\/2024\/06\/Hydra-Contour-NDV-Body-Oil.jpg\" \/>\n\t<meta property=\"og:image:width\" content=\"1200\" \/>\n\t<meta property=\"og:image:height\" content=\"1200\" \/>\n\t<meta property=\"og:image:type\" content=\"image\/jpeg\" \/>\n<meta name=\"twitter:card\" content=\"summary_large_image\" \/>\n<script type=\"application\/ld+json\" class=\"yoast-schema-graph\">{\"@context\":\"https:\\\/\\\/schema.org\",\"@graph\":[{\"@type\":[\"WebPage\",\"ItemPage\"],\"@id\":\"https:\\\/\\\/nellydevuyst.com\\\/fr\\\/produit\\\/huile-corporelle-ndv-hydra-contour\\\/\",\"url\":\"https:\\\/\\\/nellydevuyst.com\\\/fr\\\/produit\\\/huile-corporelle-ndv-hydra-contour\\\/\",\"name\":\"Huile Corporelle NDV Hydra Contour | Nelly De Vuyst\u00ae Skin Care\",\"isPartOf\":{\"@id\":\"https:\\\/\\\/nellydevuyst.com\\\/fr\\\/#website\"},\"primaryImageOfPage\":{\"@id\":\"https:\\\/\\\/nellydevuyst.com\\\/fr\\\/produit\\\/huile-corporelle-ndv-hydra-contour\\\/#primaryimage\"},\"image\":{\"@id\":\"https:\\\/\\\/nellydevuyst.com\\\/fr\\\/produit\\\/huile-corporelle-ndv-hydra-contour\\\/#primaryimage\"},\"thumbnailUrl\":\"https:\\\/\\\/nellydevuyst.com\\\/wp-content\\\/uploads\\\/2024\\\/06\\\/Hydra-Contour-NDV-Body-Oil.jpg\",\"datePublished\":\"2024-06-05T18:58:45+00:00\",\"dateModified\":\"2025-02-11T13:47:12+00:00\",\"description\":\"L\u2019Huile Corporelle NDV Bio enveloppe la peau d'un voile l\u00e9ger qui aide \u00e0 maintenir l'hydratation de la peau. Enrichie en antioxydants, cette huile prot\u00e8ge la peau des agressions ext\u00e9rieures et pr\u00e9vient les signes de l'\u00e2ge.\",\"breadcrumb\":{\"@id\":\"https:\\\/\\\/nellydevuyst.com\\\/fr\\\/produit\\\/huile-corporelle-ndv-hydra-contour\\\/#breadcrumb\"},\"inLanguage\":\"fr-FR\",\"potentialAction\":[{\"@type\":\"ReadAction\",\"target\":[\"https:\\\/\\\/nellydevuyst.com\\\/fr\\\/produit\\\/huile-corporelle-ndv-hydra-contour\\\/\"]}]},{\"@type\":\"ImageObject\",\"inLanguage\":\"fr-FR\",\"@id\":\"https:\\\/\\\/nellydevuyst.com\\\/fr\\\/produit\\\/huile-corporelle-ndv-hydra-contour\\\/#primaryimage\",\"url\":\"https:\\\/\\\/nellydevuyst.com\\\/wp-content\\\/uploads\\\/2024\\\/06\\\/Hydra-Contour-NDV-Body-Oil.jpg\",\"contentUrl\":\"https:\\\/\\\/nellydevuyst.com\\\/wp-content\\\/uploads\\\/2024\\\/06\\\/Hydra-Contour-NDV-Body-Oil.jpg\",\"width\":1200,\"height\":1200,\"caption\":\"Huile Corporelle NDV Hydra Contour\"},{\"@type\":\"BreadcrumbList\",\"@id\":\"https:\\\/\\\/nellydevuyst.com\\\/fr\\\/produit\\\/huile-corporelle-ndv-hydra-contour\\\/#breadcrumb\",\"itemListElement\":[{\"@type\":\"ListItem\",\"position\":1,\"name\":\"Home\",\"item\":\"https:\\\/\\\/nellydevuyst.com\\\/fr\\\/\"},{\"@type\":\"ListItem\",\"position\":2,\"name\":\"Boutique\",\"item\":\"https:\\\/\\\/nellydevuyst.com\\\/fr\\\/boutique\\\/\"},{\"@type\":\"ListItem\",\"position\":3,\"name\":\"Huile Corporelle NDV Hydra Contour\"}]},{\"@type\":\"WebSite\",\"@id\":\"https:\\\/\\\/nellydevuyst.com\\\/fr\\\/#website\",\"url\":\"https:\\\/\\\/nellydevuyst.com\\\/fr\\\/\",\"name\":\"Nelly De Vuyst\u00ae Skin Care\",\"description\":\"The Best of Science and Nature\",\"publisher\":{\"@id\":\"https:\\\/\\\/nellydevuyst.com\\\/fr\\\/#organization\"},\"alternateName\":\"NDV Skin Care\",\"potentialAction\":[{\"@type\":\"SearchAction\",\"target\":{\"@type\":\"EntryPoint\",\"urlTemplate\":\"https:\\\/\\\/nellydevuyst.com\\\/fr\\\/?s={search_term_string}\"},\"query-input\":{\"@type\":\"PropertyValueSpecification\",\"valueRequired\":true,\"valueName\":\"search_term_string\"}}],\"inLanguage\":\"fr-FR\"},{\"@type\":\"Organization\",\"@id\":\"https:\\\/\\\/nellydevuyst.com\\\/fr\\\/#organization\",\"name\":\"Nelly De Vuyst Skin Care\",\"alternateName\":\"NDV Skin Care\",\"url\":\"https:\\\/\\\/nellydevuyst.com\\\/fr\\\/\",\"logo\":{\"@type\":\"ImageObject\",\"inLanguage\":\"fr-FR\",\"@id\":\"https:\\\/\\\/nellydevuyst.com\\\/fr\\\/#\\\/schema\\\/logo\\\/image\\\/\",\"url\":\"https:\\\/\\\/nellydevuyst.com\\\/wp-content\\\/uploads\\\/2024\\\/01\\\/ndv-logo-favico.png\",\"contentUrl\":\"https:\\\/\\\/nellydevuyst.com\\\/wp-content\\\/uploads\\\/2024\\\/01\\\/ndv-logo-favico.png\",\"width\":512,\"height\":512,\"caption\":\"Nelly De Vuyst Skin Care\"},\"image\":{\"@id\":\"https:\\\/\\\/nellydevuyst.com\\\/fr\\\/#\\\/schema\\\/logo\\\/image\\\/\"},\"sameAs\":[\"https:\\\/\\\/www.facebook.com\\\/NellyDeVuystSkincare\\\/\",\"https:\\\/\\\/www.instagram.com\\\/nelly_devuyst\\\/\",\"https:\\\/\\\/www.youtube.com\\\/user\\\/derme8282\",\"https:\\\/\\\/www.tiktok.com\\\/@nellydevuyst\",\"https:\\\/\\\/www.pinterest.com.mx\\\/nellydevuystskincare\\\/\"]}]}<\/script>\n<!-- \/ Yoast SEO plugin. -->","yoast_head_json":{"title":"Huile Corporelle NDV Hydra Contour | Nelly De Vuyst\u00ae Skin Care","description":"L\u2019Huile Corporelle NDV Bio enveloppe la peau d'un voile l\u00e9ger qui aide \u00e0 maintenir l'hydratation de la peau. Enrichie en antioxydants, cette huile prot\u00e8ge la peau des agressions ext\u00e9rieures et pr\u00e9vient les signes de l'\u00e2ge.","robots":{"index":"index","follow":"follow","max-snippet":"max-snippet:-1","max-image-preview":"max-image-preview:large","max-video-preview":"max-video-preview:-1"},"canonical":"https:\/\/nellydevuyst.com\/fr\/produit\/huile-corporelle-ndv-hydra-contour\/","og_locale":"fr_FR","og_type":"article","og_title":"Huile Corporelle NDV Hydra Contour | Nelly De Vuyst\u00ae Skin Care","og_description":"L\u2019Huile Corporelle NDV Bio enveloppe la peau d'un voile l\u00e9ger qui aide \u00e0 maintenir l'hydratation de la peau. Enrichie en antioxydants, cette huile prot\u00e8ge la peau des agressions ext\u00e9rieures et pr\u00e9vient les signes de l'\u00e2ge.","og_url":"https:\/\/nellydevuyst.com\/fr\/produit\/huile-corporelle-ndv-hydra-contour\/","og_site_name":"Nelly De Vuyst\u00ae Skin Care","article_publisher":"https:\/\/www.facebook.com\/NellyDeVuystSkincare\/","article_modified_time":"2025-02-11T13:47:12+00:00","og_image":[{"width":1200,"height":1200,"url":"https:\/\/nellydevuyst.com\/wp-content\/uploads\/2024\/06\/Hydra-Contour-NDV-Body-Oil.jpg","type":"image\/jpeg"}],"twitter_card":"summary_large_image","schema":{"@context":"https:\/\/schema.org","@graph":[{"@type":["WebPage","ItemPage"],"@id":"https:\/\/nellydevuyst.com\/fr\/produit\/huile-corporelle-ndv-hydra-contour\/","url":"https:\/\/nellydevuyst.com\/fr\/produit\/huile-corporelle-ndv-hydra-contour\/","name":"Huile Corporelle NDV Hydra Contour | Nelly De Vuyst\u00ae Skin Care","isPartOf":{"@id":"https:\/\/nellydevuyst.com\/fr\/#website"},"primaryImageOfPage":{"@id":"https:\/\/nellydevuyst.com\/fr\/produit\/huile-corporelle-ndv-hydra-contour\/#primaryimage"},"image":{"@id":"https:\/\/nellydevuyst.com\/fr\/produit\/huile-corporelle-ndv-hydra-contour\/#primaryimage"},"thumbnailUrl":"https:\/\/nellydevuyst.com\/wp-content\/uploads\/2024\/06\/Hydra-Contour-NDV-Body-Oil.jpg","datePublished":"2024-06-05T18:58:45+00:00","dateModified":"2025-02-11T13:47:12+00:00","description":"L\u2019Huile Corporelle NDV Bio enveloppe la peau d'un voile l\u00e9ger qui aide \u00e0 maintenir l'hydratation de la peau. Enrichie en antioxydants, cette huile prot\u00e8ge la peau des agressions ext\u00e9rieures et pr\u00e9vient les signes de l'\u00e2ge.","breadcrumb":{"@id":"https:\/\/nellydevuyst.com\/fr\/produit\/huile-corporelle-ndv-hydra-contour\/#breadcrumb"},"inLanguage":"fr-FR","potentialAction":[{"@type":"ReadAction","target":["https:\/\/nellydevuyst.com\/fr\/produit\/huile-corporelle-ndv-hydra-contour\/"]}]},{"@type":"ImageObject","inLanguage":"fr-FR","@id":"https:\/\/nellydevuyst.com\/fr\/produit\/huile-corporelle-ndv-hydra-contour\/#primaryimage","url":"https:\/\/nellydevuyst.com\/wp-content\/uploads\/2024\/06\/Hydra-Contour-NDV-Body-Oil.jpg","contentUrl":"https:\/\/nellydevuyst.com\/wp-content\/uploads\/2024\/06\/Hydra-Contour-NDV-Body-Oil.jpg","width":1200,"height":1200,"caption":"Huile Corporelle NDV Hydra Contour"},{"@type":"BreadcrumbList","@id":"https:\/\/nellydevuyst.com\/fr\/produit\/huile-corporelle-ndv-hydra-contour\/#breadcrumb","itemListElement":[{"@type":"ListItem","position":1,"name":"Home","item":"https:\/\/nellydevuyst.com\/fr\/"},{"@type":"ListItem","position":2,"name":"Boutique","item":"https:\/\/nellydevuyst.com\/fr\/boutique\/"},{"@type":"ListItem","position":3,"name":"Huile Corporelle NDV Hydra Contour"}]},{"@type":"WebSite","@id":"https:\/\/nellydevuyst.com\/fr\/#website","url":"https:\/\/nellydevuyst.com\/fr\/","name":"Nelly De Vuyst\u00ae Skin Care","description":"The Best of Science and Nature","publisher":{"@id":"https:\/\/nellydevuyst.com\/fr\/#organization"},"alternateName":"NDV Skin Care","potentialAction":[{"@type":"SearchAction","target":{"@type":"EntryPoint","urlTemplate":"https:\/\/nellydevuyst.com\/fr\/?s={search_term_string}"},"query-input":{"@type":"PropertyValueSpecification","valueRequired":true,"valueName":"search_term_string"}}],"inLanguage":"fr-FR"},{"@type":"Organization","@id":"https:\/\/nellydevuyst.com\/fr\/#organization","name":"Nelly De Vuyst Skin Care","alternateName":"NDV Skin Care","url":"https:\/\/nellydevuyst.com\/fr\/","logo":{"@type":"ImageObject","inLanguage":"fr-FR","@id":"https:\/\/nellydevuyst.com\/fr\/#\/schema\/logo\/image\/","url":"https:\/\/nellydevuyst.com\/wp-content\/uploads\/2024\/01\/ndv-logo-favico.png","contentUrl":"https:\/\/nellydevuyst.com\/wp-content\/uploads\/2024\/01\/ndv-logo-favico.png","width":512,"height":512,"caption":"Nelly De Vuyst Skin Care"},"image":{"@id":"https:\/\/nellydevuyst.com\/fr\/#\/schema\/logo\/image\/"},"sameAs":["https:\/\/www.facebook.com\/NellyDeVuystSkincare\/","https:\/\/www.instagram.com\/nelly_devuyst\/","https:\/\/www.youtube.com\/user\/derme8282","https:\/\/www.tiktok.com\/@nellydevuyst","https:\/\/www.pinterest.com.mx\/nellydevuystskincare\/"]}]}},"_links":{"self":[{"href":"https:\/\/nellydevuyst.com\/fr\/wp-json\/wp\/v2\/product\/15571","targetHints":{"allow":["GET"]}}],"collection":[{"href":"https:\/\/nellydevuyst.com\/fr\/wp-json\/wp\/v2\/product"}],"about":[{"href":"https:\/\/nellydevuyst.com\/fr\/wp-json\/wp\/v2\/types\/product"}],"replies":[{"embeddable":true,"href":"https:\/\/nellydevuyst.com\/fr\/wp-json\/wp\/v2\/comments?post=15571"}],"wp:featuredmedia":[{"embeddable":true,"href":"https:\/\/nellydevuyst.com\/fr\/wp-json\/wp\/v2\/media\/15568"}],"wp:attachment":[{"href":"https:\/\/nellydevuyst.com\/fr\/wp-json\/wp\/v2\/media?parent=15571"}],"wp:term":[{"taxonomy":"product_brand","embeddable":true,"href":"https:\/\/nellydevuyst.com\/fr\/wp-json\/wp\/v2\/product_brand?post=15571"},{"taxonomy":"product_cat","embeddable":true,"href":"https:\/\/nellydevuyst.com\/fr\/wp-json\/wp\/v2\/product_cat?post=15571"},{"taxonomy":"product_tag","embeddable":true,"href":"https:\/\/nellydevuyst.com\/fr\/wp-json\/wp\/v2\/product_tag?post=15571"},{"taxonomy":"giftcard-category","embeddable":true,"href":"https:\/\/nellydevuyst.com\/fr\/wp-json\/wp\/v2\/giftcard-category?post=15571"}],"curies":[{"name":"wp","href":"https:\/\/api.w.org\/{rel}","templated":true}]}}