{"id":1585,"date":"2019-05-31T10:38:39","date_gmt":"2019-05-31T14:38:39","guid":{"rendered":"https:\/\/nellydevuyst.com\/product\/lifting-cream-for-men\/"},"modified":"2025-03-02T10:15:58","modified_gmt":"2025-03-02T15:15:58","slug":"creme-lifting-biohomme","status":"publish","type":"product","link":"https:\/\/nellydevuyst.com\/fr\/produit\/creme-lifting-biohomme\/","title":{"rendered":"Cr\u00e8me Lifting BioHomme"},"content":{"rendered":"<h2 class=\"uppercase\">Red\u00e9couvrez la jeunesse avec la Cr\u00e8me Lifting BioHomme<\/h2>\n<p>Red\u00e9couvrez la jeunesse avec la Cr\u00e8me Lifting BioHomme, qui cible les signes de vieillissement tels que les rides et ridules. Cette formule sp\u00e9cialis\u00e9e revitalise la peau gr\u00e2ce \u00e0 des ingr\u00e9dients puissants, favorisant une apparence plus jeune. Enrichie pour am\u00e9liorer la fermet\u00e9, elle lifte et tonifie visiblement la peau pour un teint renouvel\u00e9. Au-del\u00e0 des pr\u00e9occupations li\u00e9es au vieillissement, cette cr\u00e8me est \u00e9nergisante et offre une hydratation profonde avec une texture l\u00e9g\u00e8re. Adapt\u00e9e aux besoins des hommes, elle revitalise les routines de soins et renforce la confiance en soi. Am\u00e9liorez votre soin de la peau, adoptez une apparence jeune et r\u00e9sistante et affrontez chaque jour avec confiance et revitalisation.<\/p>\n","protected":false},"excerpt":{"rendered":"<p>Red\u00e9couvrez la jeunesse avec la cr\u00e8me liftante. Combattez les signes de l&rsquo;\u00e2ge, r\u00e9duisez l&rsquo;apparence des rides et revitalisez la peau pour une apparence plus jeune. Des soins sur mesure pour une peau ferme et rajeunie.<\/p>\n<ul>\n<li class=\"bullet-arrow\"><strong>Texture :<\/strong> Cr\u00e8me<\/li>\n<li class=\"bullet-arrow\"><strong>Type de peau :<\/strong> Pour tous les types de peau<\/li>\n<li class=\"bullet-arrow\"><strong>Pr\u00e9occupation cutan\u00e9e :<\/strong> Anti-\u00e2ge<\/li>\n<li class=\"bullet-arrow\"><strong>Format :<\/strong> 1.75 oz. &#8211; 50 g <em>(Pompe sans air)<\/em><\/li>\n<\/ul>\n<div class=\"row row-full-width align-equal\"  id=\"row-2054210735\">\n\t<div id=\"col-194673960\" class=\"col small-12 large-12\"  >\n\t\t\t\t<div class=\"col-inner\"  >\n\t\t\t\n\t\t\t\n\n  \n    <div class=\"row large-columns-8 medium-columns-8 small-columns-8 row-collapse\" >\n  <div class=\"gallery-col col\" >\n          <div class=\"col-inner\">\n                        <div class=\"box has-hover gallery-box box-none\">\n              <div class=\"box-image\" >\n                <img width=\"1\" height=\"1\" src=\"https:\/\/nellydevuyst.com\/wp-content\/uploads\/2023\/05\/OGM-FR.svg\" class=\"attachment-medium size-medium\" alt=\"GLUTEN OGM\" ids=\"12318,12322,12302,12321,12309\" style=\"none\" lightbox=\"false\" col_spacing=\"collapse\" columns=\"8\" columns__sm=\"8\" columns__md=\"8\" decoding=\"async\" loading=\"lazy\" \/>                                                              <\/div>\n              <div class=\"box-text text-left\" >\n                 <p>GLUTEN OGM<\/p>\n              <\/div>\n            <\/div>\n                      <\/div>\n         <\/div><div class=\"gallery-col col\" >\n          <div class=\"col-inner\">\n                        <div class=\"box has-hover gallery-box box-none\">\n              <div class=\"box-image\" >\n                <img width=\"1\" height=\"1\" src=\"https:\/\/nellydevuyst.com\/wp-content\/uploads\/2023\/05\/VEGAN-EN.svg\" class=\"attachment-medium size-medium\" alt=\"VEGAN\" ids=\"12318,12322,12302,12321,12309\" style=\"none\" lightbox=\"false\" col_spacing=\"collapse\" columns=\"8\" columns__sm=\"8\" columns__md=\"8\" decoding=\"async\" loading=\"lazy\" \/>                                                              <\/div>\n              <div class=\"box-text text-left\" >\n                 <p>VEGAN<\/p>\n              <\/div>\n            <\/div>\n                      <\/div>\n         <\/div><div class=\"gallery-col col\" >\n          <div class=\"col-inner\">\n                        <div class=\"box has-hover gallery-box box-none\">\n              <div class=\"box-image\" >\n                <img width=\"1\" height=\"1\" src=\"https:\/\/nellydevuyst.com\/wp-content\/uploads\/2023\/05\/ANIMALCRUELTY-EN.svg\" class=\"attachment-medium size-medium\" alt=\"NO ANIMAL CRUELTY\" ids=\"12318,12322,12302,12321,12309\" style=\"none\" lightbox=\"false\" col_spacing=\"collapse\" columns=\"8\" columns__sm=\"8\" columns__md=\"8\" decoding=\"async\" loading=\"lazy\" \/>                                                              <\/div>\n              <div class=\"box-text text-left\" >\n                 <p>NO ANIMAL CRUELTY <\/p>\n              <\/div>\n            <\/div>\n                      <\/div>\n         <\/div><div class=\"gallery-col col\" >\n          <div class=\"col-inner\">\n                        <div class=\"box has-hover gallery-box box-none\">\n              <div class=\"box-image\" >\n                <img width=\"1\" height=\"1\" src=\"https:\/\/nellydevuyst.com\/wp-content\/uploads\/2023\/05\/RECYCLABLE-EN.svg\" class=\"attachment-medium size-medium\" alt=\"RECYCLABLE\" ids=\"12318,12322,12302,12321,12309\" style=\"none\" lightbox=\"false\" col_spacing=\"collapse\" columns=\"8\" columns__sm=\"8\" columns__md=\"8\" decoding=\"async\" loading=\"lazy\" \/>                                                              <\/div>\n              <div class=\"box-text text-left\" >\n                 <p>RECYCLABLE<\/p>\n              <\/div>\n            <\/div>\n                      <\/div>\n         <\/div><div class=\"gallery-col col\" >\n          <div class=\"col-inner\">\n                        <div class=\"box has-hover gallery-box box-none\">\n              <div class=\"box-image\" >\n                <img width=\"1\" height=\"1\" src=\"https:\/\/nellydevuyst.com\/wp-content\/uploads\/2023\/05\/CANADA-FR.svg\" class=\"attachment-medium size-medium\" alt=\"FABRIQUE AU CANADA\" ids=\"12318,12322,12302,12321,12309\" style=\"none\" lightbox=\"false\" col_spacing=\"collapse\" columns=\"8\" columns__sm=\"8\" columns__md=\"8\" decoding=\"async\" loading=\"lazy\" \/>                                                              <\/div>\n              <div class=\"box-text text-left\" >\n                 <p>FABRIQUE AU CANADA<\/p>\n              <\/div>\n            <\/div>\n                      <\/div>\n         <\/div><\/div>\n\t\t<\/div>\n\t\t\t\t\t<\/div>\n\n\t<\/div>\n","protected":false},"featured_media":13958,"comment_status":"open","ping_status":"closed","template":"","meta":[],"product_brand":[],"product_cat":[199],"product_tag":[247,237,250,251,239,248,249],"giftcard-category":[],"class_list":{"0":"post-1585","1":"product","2":"type-product","3":"status-publish","4":"has-post-thumbnail","6":"product_cat-pour-hommes","7":"product_tag-anti-age","8":"product_tag-creme-traitante","9":"product_tag-peau-relachee","10":"product_tag-peau-ridee","11":"product_tag-pour-hommes","12":"product_tag-raffermissant","13":"product_tag-relachee","15":"first","16":"instock","17":"taxable","18":"shipping-taxable","19":"purchasable","20":"product-type-simple"},"yoast_head":"<!-- This site is optimized with the Yoast SEO plugin v27.2 - https:\/\/yoast.com\/product\/yoast-seo-wordpress\/ -->\n<title>Cr\u00e8me Lifting BioHomme | Nelly De Vuyst\u00ae Skin Care<\/title>\n<meta name=\"description\" content=\"La cr\u00e8me lifting Nelly De Vuyst aide \u00e0 retrouver la jeunesse et cible efficacement les signes de l&#039;\u00e2ge.\" \/>\n<meta name=\"robots\" content=\"index, follow, max-snippet:-1, max-image-preview:large, max-video-preview:-1\" \/>\n<link rel=\"canonical\" href=\"https:\/\/nellydevuyst.com\/fr\/produit\/creme-lifting-biohomme\/\" \/>\n<meta property=\"og:locale\" content=\"fr_FR\" \/>\n<meta property=\"og:type\" content=\"article\" \/>\n<meta property=\"og:title\" content=\"Cr\u00e8me Lifting BioHomme | Nelly De Vuyst\u00ae Skin Care\" \/>\n<meta property=\"og:description\" content=\"La cr\u00e8me lifting Nelly De Vuyst aide \u00e0 retrouver la jeunesse et cible efficacement les signes de l&#039;\u00e2ge.\" \/>\n<meta property=\"og:url\" content=\"https:\/\/nellydevuyst.com\/fr\/produit\/creme-lifting-biohomme\/\" \/>\n<meta property=\"og:site_name\" content=\"Nelly De Vuyst\u00ae Skin Care\" \/>\n<meta property=\"article:publisher\" content=\"https:\/\/www.facebook.com\/NellyDeVuystSkincare\/\" \/>\n<meta property=\"article:modified_time\" content=\"2025-03-02T15:15:58+00:00\" \/>\n<meta property=\"og:image\" content=\"https:\/\/nellydevuyst.com\/wp-content\/uploads\/2019\/05\/Lifting-Cream-For-Men.jpg\" \/>\n\t<meta property=\"og:image:width\" content=\"1200\" \/>\n\t<meta property=\"og:image:height\" content=\"1200\" \/>\n\t<meta property=\"og:image:type\" content=\"image\/jpeg\" \/>\n<meta name=\"twitter:card\" content=\"summary_large_image\" \/>\n<script type=\"application\/ld+json\" class=\"yoast-schema-graph\">{\"@context\":\"https:\/\/schema.org\",\"@graph\":[{\"@type\":[\"WebPage\",\"ItemPage\"],\"@id\":\"https:\/\/nellydevuyst.com\/fr\/produit\/creme-lifting-biohomme\/\",\"url\":\"https:\/\/nellydevuyst.com\/fr\/produit\/creme-lifting-biohomme\/\",\"name\":\"Cr\u00e8me Lifting BioHomme | Nelly De Vuyst\u00ae Skin Care\",\"isPartOf\":{\"@id\":\"https:\/\/nellydevuyst.com\/fr\/#website\"},\"primaryImageOfPage\":{\"@id\":\"https:\/\/nellydevuyst.com\/fr\/produit\/creme-lifting-biohomme\/#primaryimage\"},\"image\":{\"@id\":\"https:\/\/nellydevuyst.com\/fr\/produit\/creme-lifting-biohomme\/#primaryimage\"},\"thumbnailUrl\":\"https:\/\/nellydevuyst.com\/wp-content\/uploads\/2019\/05\/Lifting-Cream-For-Men.jpg\",\"datePublished\":\"2019-05-31T14:38:39+00:00\",\"dateModified\":\"2025-03-02T15:15:58+00:00\",\"description\":\"La cr\u00e8me lifting Nelly De Vuyst aide \u00e0 retrouver la jeunesse et cible efficacement les signes de l'\u00e2ge.\",\"breadcrumb\":{\"@id\":\"https:\/\/nellydevuyst.com\/fr\/produit\/creme-lifting-biohomme\/#breadcrumb\"},\"inLanguage\":\"fr-FR\",\"potentialAction\":[{\"@type\":\"ReadAction\",\"target\":[\"https:\/\/nellydevuyst.com\/fr\/produit\/creme-lifting-biohomme\/\"]}]},{\"@type\":\"ImageObject\",\"inLanguage\":\"fr-FR\",\"@id\":\"https:\/\/nellydevuyst.com\/fr\/produit\/creme-lifting-biohomme\/#primaryimage\",\"url\":\"https:\/\/nellydevuyst.com\/wp-content\/uploads\/2019\/05\/Lifting-Cream-For-Men.jpg\",\"contentUrl\":\"https:\/\/nellydevuyst.com\/wp-content\/uploads\/2019\/05\/Lifting-Cream-For-Men.jpg\",\"width\":1200,\"height\":1200,\"caption\":\"Cr\u00e8me Lifting \u2013 Pour Hommes\"},{\"@type\":\"BreadcrumbList\",\"@id\":\"https:\/\/nellydevuyst.com\/fr\/produit\/creme-lifting-biohomme\/#breadcrumb\",\"itemListElement\":[{\"@type\":\"ListItem\",\"position\":1,\"name\":\"Home\",\"item\":\"https:\/\/nellydevuyst.com\/fr\/\"},{\"@type\":\"ListItem\",\"position\":2,\"name\":\"Boutique\",\"item\":\"https:\/\/nellydevuyst.com\/fr\/boutique\/\"},{\"@type\":\"ListItem\",\"position\":3,\"name\":\"Cr\u00e8me Lifting BioHomme\"}]},{\"@type\":\"WebSite\",\"@id\":\"https:\/\/nellydevuyst.com\/fr\/#website\",\"url\":\"https:\/\/nellydevuyst.com\/fr\/\",\"name\":\"Nelly De Vuyst\u00ae Skin Care\",\"description\":\"The Best of Science and Nature\",\"publisher\":{\"@id\":\"https:\/\/nellydevuyst.com\/fr\/#organization\"},\"alternateName\":\"NDV Skin Care\",\"potentialAction\":[{\"@type\":\"SearchAction\",\"target\":{\"@type\":\"EntryPoint\",\"urlTemplate\":\"https:\/\/nellydevuyst.com\/fr\/?s={search_term_string}\"},\"query-input\":{\"@type\":\"PropertyValueSpecification\",\"valueRequired\":true,\"valueName\":\"search_term_string\"}}],\"inLanguage\":\"fr-FR\"},{\"@type\":\"Organization\",\"@id\":\"https:\/\/nellydevuyst.com\/fr\/#organization\",\"name\":\"Nelly De Vuyst Skin Care\",\"alternateName\":\"NDV Skin Care\",\"url\":\"https:\/\/nellydevuyst.com\/fr\/\",\"logo\":{\"@type\":\"ImageObject\",\"inLanguage\":\"fr-FR\",\"@id\":\"https:\/\/nellydevuyst.com\/fr\/#\/schema\/logo\/image\/\",\"url\":\"https:\/\/nellydevuyst.com\/wp-content\/uploads\/2024\/01\/ndv-logo-favico.png\",\"contentUrl\":\"https:\/\/nellydevuyst.com\/wp-content\/uploads\/2024\/01\/ndv-logo-favico.png\",\"width\":512,\"height\":512,\"caption\":\"Nelly De Vuyst Skin Care\"},\"image\":{\"@id\":\"https:\/\/nellydevuyst.com\/fr\/#\/schema\/logo\/image\/\"},\"sameAs\":[\"https:\/\/www.facebook.com\/NellyDeVuystSkincare\/\",\"https:\/\/www.instagram.com\/nelly_devuyst\/\",\"https:\/\/www.youtube.com\/user\/derme8282\",\"https:\/\/www.tiktok.com\/@nellydevuyst\",\"https:\/\/www.pinterest.com.mx\/nellydevuystskincare\/\"]}]}<\/script>\n<!-- \/ Yoast SEO plugin. -->","yoast_head_json":{"title":"Cr\u00e8me Lifting BioHomme | Nelly De Vuyst\u00ae Skin Care","description":"La cr\u00e8me lifting Nelly De Vuyst aide \u00e0 retrouver la jeunesse et cible efficacement les signes de l'\u00e2ge.","robots":{"index":"index","follow":"follow","max-snippet":"max-snippet:-1","max-image-preview":"max-image-preview:large","max-video-preview":"max-video-preview:-1"},"canonical":"https:\/\/nellydevuyst.com\/fr\/produit\/creme-lifting-biohomme\/","og_locale":"fr_FR","og_type":"article","og_title":"Cr\u00e8me Lifting BioHomme | Nelly De Vuyst\u00ae Skin Care","og_description":"La cr\u00e8me lifting Nelly De Vuyst aide \u00e0 retrouver la jeunesse et cible efficacement les signes de l'\u00e2ge.","og_url":"https:\/\/nellydevuyst.com\/fr\/produit\/creme-lifting-biohomme\/","og_site_name":"Nelly De Vuyst\u00ae Skin Care","article_publisher":"https:\/\/www.facebook.com\/NellyDeVuystSkincare\/","article_modified_time":"2025-03-02T15:15:58+00:00","og_image":[{"width":1200,"height":1200,"url":"https:\/\/nellydevuyst.com\/wp-content\/uploads\/2019\/05\/Lifting-Cream-For-Men.jpg","type":"image\/jpeg"}],"twitter_card":"summary_large_image","schema":{"@context":"https:\/\/schema.org","@graph":[{"@type":["WebPage","ItemPage"],"@id":"https:\/\/nellydevuyst.com\/fr\/produit\/creme-lifting-biohomme\/","url":"https:\/\/nellydevuyst.com\/fr\/produit\/creme-lifting-biohomme\/","name":"Cr\u00e8me Lifting BioHomme | Nelly De Vuyst\u00ae Skin Care","isPartOf":{"@id":"https:\/\/nellydevuyst.com\/fr\/#website"},"primaryImageOfPage":{"@id":"https:\/\/nellydevuyst.com\/fr\/produit\/creme-lifting-biohomme\/#primaryimage"},"image":{"@id":"https:\/\/nellydevuyst.com\/fr\/produit\/creme-lifting-biohomme\/#primaryimage"},"thumbnailUrl":"https:\/\/nellydevuyst.com\/wp-content\/uploads\/2019\/05\/Lifting-Cream-For-Men.jpg","datePublished":"2019-05-31T14:38:39+00:00","dateModified":"2025-03-02T15:15:58+00:00","description":"La cr\u00e8me lifting Nelly De Vuyst aide \u00e0 retrouver la jeunesse et cible efficacement les signes de l'\u00e2ge.","breadcrumb":{"@id":"https:\/\/nellydevuyst.com\/fr\/produit\/creme-lifting-biohomme\/#breadcrumb"},"inLanguage":"fr-FR","potentialAction":[{"@type":"ReadAction","target":["https:\/\/nellydevuyst.com\/fr\/produit\/creme-lifting-biohomme\/"]}]},{"@type":"ImageObject","inLanguage":"fr-FR","@id":"https:\/\/nellydevuyst.com\/fr\/produit\/creme-lifting-biohomme\/#primaryimage","url":"https:\/\/nellydevuyst.com\/wp-content\/uploads\/2019\/05\/Lifting-Cream-For-Men.jpg","contentUrl":"https:\/\/nellydevuyst.com\/wp-content\/uploads\/2019\/05\/Lifting-Cream-For-Men.jpg","width":1200,"height":1200,"caption":"Cr\u00e8me Lifting \u2013 Pour Hommes"},{"@type":"BreadcrumbList","@id":"https:\/\/nellydevuyst.com\/fr\/produit\/creme-lifting-biohomme\/#breadcrumb","itemListElement":[{"@type":"ListItem","position":1,"name":"Home","item":"https:\/\/nellydevuyst.com\/fr\/"},{"@type":"ListItem","position":2,"name":"Boutique","item":"https:\/\/nellydevuyst.com\/fr\/boutique\/"},{"@type":"ListItem","position":3,"name":"Cr\u00e8me Lifting BioHomme"}]},{"@type":"WebSite","@id":"https:\/\/nellydevuyst.com\/fr\/#website","url":"https:\/\/nellydevuyst.com\/fr\/","name":"Nelly De Vuyst\u00ae Skin Care","description":"The Best of Science and Nature","publisher":{"@id":"https:\/\/nellydevuyst.com\/fr\/#organization"},"alternateName":"NDV Skin Care","potentialAction":[{"@type":"SearchAction","target":{"@type":"EntryPoint","urlTemplate":"https:\/\/nellydevuyst.com\/fr\/?s={search_term_string}"},"query-input":{"@type":"PropertyValueSpecification","valueRequired":true,"valueName":"search_term_string"}}],"inLanguage":"fr-FR"},{"@type":"Organization","@id":"https:\/\/nellydevuyst.com\/fr\/#organization","name":"Nelly De Vuyst Skin Care","alternateName":"NDV Skin Care","url":"https:\/\/nellydevuyst.com\/fr\/","logo":{"@type":"ImageObject","inLanguage":"fr-FR","@id":"https:\/\/nellydevuyst.com\/fr\/#\/schema\/logo\/image\/","url":"https:\/\/nellydevuyst.com\/wp-content\/uploads\/2024\/01\/ndv-logo-favico.png","contentUrl":"https:\/\/nellydevuyst.com\/wp-content\/uploads\/2024\/01\/ndv-logo-favico.png","width":512,"height":512,"caption":"Nelly De Vuyst Skin Care"},"image":{"@id":"https:\/\/nellydevuyst.com\/fr\/#\/schema\/logo\/image\/"},"sameAs":["https:\/\/www.facebook.com\/NellyDeVuystSkincare\/","https:\/\/www.instagram.com\/nelly_devuyst\/","https:\/\/www.youtube.com\/user\/derme8282","https:\/\/www.tiktok.com\/@nellydevuyst","https:\/\/www.pinterest.com.mx\/nellydevuystskincare\/"]}]}},"_links":{"self":[{"href":"https:\/\/nellydevuyst.com\/fr\/wp-json\/wp\/v2\/product\/1585","targetHints":{"allow":["GET"]}}],"collection":[{"href":"https:\/\/nellydevuyst.com\/fr\/wp-json\/wp\/v2\/product"}],"about":[{"href":"https:\/\/nellydevuyst.com\/fr\/wp-json\/wp\/v2\/types\/product"}],"replies":[{"embeddable":true,"href":"https:\/\/nellydevuyst.com\/fr\/wp-json\/wp\/v2\/comments?post=1585"}],"wp:featuredmedia":[{"embeddable":true,"href":"https:\/\/nellydevuyst.com\/fr\/wp-json\/wp\/v2\/media\/13958"}],"wp:attachment":[{"href":"https:\/\/nellydevuyst.com\/fr\/wp-json\/wp\/v2\/media?parent=1585"}],"wp:term":[{"taxonomy":"product_brand","embeddable":true,"href":"https:\/\/nellydevuyst.com\/fr\/wp-json\/wp\/v2\/product_brand?post=1585"},{"taxonomy":"product_cat","embeddable":true,"href":"https:\/\/nellydevuyst.com\/fr\/wp-json\/wp\/v2\/product_cat?post=1585"},{"taxonomy":"product_tag","embeddable":true,"href":"https:\/\/nellydevuyst.com\/fr\/wp-json\/wp\/v2\/product_tag?post=1585"},{"taxonomy":"giftcard-category","embeddable":true,"href":"https:\/\/nellydevuyst.com\/fr\/wp-json\/wp\/v2\/giftcard-category?post=1585"}],"curies":[{"name":"wp","href":"https:\/\/api.w.org\/{rel}","templated":true}]}}