{"id":1683,"date":"2014-08-10T10:06:55","date_gmt":"2014-08-10T14:06:55","guid":{"rendered":"https:\/\/nellydevuyst.com\/product\/cleansing-milk-cellular-matrix\/"},"modified":"2026-04-29T15:39:36","modified_gmt":"2026-04-29T19:39:36","slug":"lait-nettoyant-cellular-matrix","status":"publish","type":"product","link":"https:\/\/nellydevuyst.com\/fr\/produit\/lait-nettoyant-cellular-matrix\/","title":{"rendered":"Lait Nettoyant Cellular-Matrix"},"content":{"rendered":"<h2 class=\"uppercase\">D\u00e9couvrez une peau plus jeune avec notre Lait Nettoyant Cellular-Matrix<\/h2>\n<p>D\u00e9couvrez notre lait nettoyant anti-\u00e2ge, un m\u00e9lange luxueux sp\u00e9cialement con\u00e7u pour r\u00e9pondre aux besoins sp\u00e9cifiques des peaux matures et s\u00e8ches. Avec l&rsquo;\u00e2ge, notre peau requiert un toucher plus d\u00e9licat, et ce lait nettoyant rafra\u00eechissant est \u00e0 la hauteur de la situation, offrant une solution \u00e0 la fois douce et efficace pour les soins quotidiens de la peau. Infus\u00e9 d&rsquo;une synergie scientifique d&rsquo;ingr\u00e9dients nourrissants, il ne se contente pas de nettoyer, il r\u00e9g\u00e9n\u00e8re aussi, garantissant que votre peau reste hydrat\u00e9e et revitalis\u00e9e apr\u00e8s chaque utilisation.<\/p>\n<p>L&rsquo;une des principales caract\u00e9ristiques de ce nettoyant anti-\u00e2ge est sa capacit\u00e9 \u00e0 combattre les signes visibles de l&rsquo;\u00e2ge gr\u00e2ce \u00e0 son ingr\u00e9dient principal, l&rsquo;ADN de saumon : L&rsquo;ADN de saumon. En incorporant de puissants composants anti-\u00e2ge, il agit activement pour minimiser l&rsquo;apparence des rides, des ridules et du rel\u00e2chement, favorisant un teint plus radieux. Votre peau est plus souple et plus \u00e9lastique, ce qui pr\u00e9vient le manque de fermet\u00e9 et lui donne un \u00e9clat de jeunesse.<\/p>\n<p>Conform\u00e9ment \u00e0 notre engagement envers votre peau et l&rsquo;environnement, ce lait nettoyant doux est biod\u00e9gradable, sans alcool, sans silicone, sans parab\u00e8ne, sans PEG, sans gluten, sans OGM, sans perturbateur endocrinien, sans goudron, sans quaternium, sans colorant et n&rsquo;est pas test\u00e9 sur les animaux.<\/p>\n","protected":false},"excerpt":{"rendered":"<p>Notre lait d\u00e9maquillant anti-\u00e2ge est sp\u00e9cialement con\u00e7u pour les peaux matures et les peaux s\u00e8ches, offrant un nettoyage doux et hydratant. Enrichi d&rsquo;ingr\u00e9dients nourrissants, il aide \u00e0 combattre les signes de l&rsquo;\u00e2ge tels que les rides, les ridules et le manque de fermet\u00e9, tout en laissant \u00e0 votre peau une sensation de fra\u00eecheur et de revitalisation. D\u00e9couvrez un teint renouvel\u00e9 et radieux \u00e0 chaque utilisation gr\u00e2ce \u00e0 notre nettoyant anti-\u00e2ge.<\/p>\n<ul>\n<li class=\"bullet-arrow\"><strong>Texture :<\/strong> Cr\u00e8meuse<\/li>\n<li class=\"bullet-arrow\"><strong>Type de peau :<\/strong> Mature, peau s\u00e8che<\/li>\n<li class=\"bullet-arrow\"><strong>Pr\u00e9occupations cutan\u00e9es :<\/strong> Rides, ridules, affaissement, manque de fermet\u00e9, s\u00e9cheresse<\/li>\n<li class=\"bullet-arrow\"><strong>Format :<\/strong> 5.30 fl.oz. &#8211; 150 ml <em>(Pompe sans air)<\/em><\/li>\n<\/ul>\n<div class=\"row row-full-width align-equal\"  id=\"row-1819418550\">\n\t<div id=\"col-1251724418\" class=\"col small-12 large-12\"  >\n\t\t\t\t<div class=\"col-inner\"  >\n\t\t\t\n\t\t\t\n\n  \n    <div class=\"row large-columns-8 medium-columns-8 small-columns-8 row-collapse\" >\n  <div class=\"gallery-col col\" >\n          <div class=\"col-inner\">\n                        <div class=\"box has-hover gallery-box box-none\">\n              <div class=\"box-image\" >\n                <img width=\"1\" height=\"1\" src=\"https:\/\/nellydevuyst.com\/wp-content\/uploads\/2023\/05\/VEGAN-EN.svg\" class=\"attachment-medium size-medium\" alt=\"VEGAN\" ids=\"12323,12303,12319,12321,12309\" style=\"none\" lightbox=\"false\" col_spacing=\"collapse\" columns=\"8\" columns__sm=\"8\" columns__md=\"8\" decoding=\"async\" loading=\"lazy\" \/>                                                              <\/div>\n              <div class=\"box-text text-left\" >\n                 <p>VEGAN<\/p>\n              <\/div>\n            <\/div>\n                      <\/div>\n         <\/div><div class=\"gallery-col col\" >\n          <div class=\"col-inner\">\n                        <div class=\"box has-hover gallery-box box-none\">\n              <div class=\"box-image\" >\n                <img width=\"1\" height=\"1\" src=\"https:\/\/nellydevuyst.com\/wp-content\/uploads\/2023\/05\/ANIMALCRUELTY-EN.svg\" class=\"attachment-medium size-medium\" alt=\"NO ANIMAL CRUELTY\" ids=\"12323,12303,12319,12321,12309\" style=\"none\" lightbox=\"false\" col_spacing=\"collapse\" columns=\"8\" columns__sm=\"8\" columns__md=\"8\" decoding=\"async\" loading=\"lazy\" \/>                                                              <\/div>\n              <div class=\"box-text text-left\" >\n                 <p>NO ANIMAL CRUELTY <\/p>\n              <\/div>\n            <\/div>\n                      <\/div>\n         <\/div><div class=\"gallery-col col\" >\n          <div class=\"col-inner\">\n                        <div class=\"box has-hover gallery-box box-none\">\n              <div class=\"box-image\" >\n                <img width=\"1\" height=\"1\" src=\"https:\/\/nellydevuyst.com\/wp-content\/uploads\/2023\/05\/OGM-FR.svg\" class=\"attachment-medium size-medium\" alt=\"GLUTEN OGM\" ids=\"12323,12303,12319,12321,12309\" style=\"none\" lightbox=\"false\" col_spacing=\"collapse\" columns=\"8\" columns__sm=\"8\" columns__md=\"8\" decoding=\"async\" loading=\"lazy\" \/>                                                              <\/div>\n              <div class=\"box-text text-left\" >\n                 <p>GLUTEN OGM<\/p>\n              <\/div>\n            <\/div>\n                      <\/div>\n         <\/div><div class=\"gallery-col col\" >\n          <div class=\"col-inner\">\n                        <div class=\"box has-hover gallery-box box-none\">\n              <div class=\"box-image\" >\n                <img width=\"1\" height=\"1\" src=\"https:\/\/nellydevuyst.com\/wp-content\/uploads\/2023\/05\/RECYCLABLE-EN.svg\" class=\"attachment-medium size-medium\" alt=\"RECYCLABLE\" ids=\"12323,12303,12319,12321,12309\" style=\"none\" lightbox=\"false\" col_spacing=\"collapse\" columns=\"8\" columns__sm=\"8\" columns__md=\"8\" decoding=\"async\" loading=\"lazy\" \/>                                                              <\/div>\n              <div class=\"box-text text-left\" >\n                 <p>RECYCLABLE<\/p>\n              <\/div>\n            <\/div>\n                      <\/div>\n         <\/div><div class=\"gallery-col col\" >\n          <div class=\"col-inner\">\n                        <div class=\"box has-hover gallery-box box-none\">\n              <div class=\"box-image\" >\n                <img width=\"1\" height=\"1\" src=\"https:\/\/nellydevuyst.com\/wp-content\/uploads\/2023\/05\/CANADA-FR.svg\" class=\"attachment-medium size-medium\" alt=\"FABRIQUE AU CANADA\" ids=\"12323,12303,12319,12321,12309\" style=\"none\" lightbox=\"false\" col_spacing=\"collapse\" columns=\"8\" columns__sm=\"8\" columns__md=\"8\" decoding=\"async\" loading=\"lazy\" \/>                                                              <\/div>\n              <div class=\"box-text text-left\" >\n                 <p>FABRIQUE AU CANADA<\/p>\n              <\/div>\n            <\/div>\n                      <\/div>\n         <\/div><\/div>\n\t\t<\/div>\n\t\t\t\t\t<\/div>\n\n\t<\/div>\n","protected":false},"featured_media":14378,"comment_status":"open","ping_status":"closed","template":"","meta":[],"product_brand":[],"product_cat":[206,522,208,184,207],"product_tag":[247,371,269,244,236,222,265,227,250,251,275,243],"giftcard-category":[],"class_list":{"0":"post-1683","1":"product","2":"type-product","3":"status-publish","4":"has-post-thumbnail","6":"product_cat-anti-age-ridules","7":"product_cat-collection-cellular-matrix","8":"product_cat-hyperpigmentation","9":"product_cat-nettoyants","10":"product_cat-peau-mature-exces-peau","11":"product_tag-anti-age","12":"product_tag-cicatrices","13":"product_tag-contour-des-yeux","14":"product_tag-cou","15":"product_tag-hydratant","16":"product_tag-nettoyant","17":"product_tag-peau-devitalisee","18":"product_tag-peau-impure","19":"product_tag-peau-relachee","20":"product_tag-peau-ridee","21":"product_tag-pigmentation-fr","22":"product_tag-visage","24":"first","25":"instock","26":"taxable","27":"shipping-taxable","28":"purchasable","29":"product-type-simple"},"yoast_head":"<!-- This site is optimized with the Yoast SEO plugin v27.4 - https:\/\/yoast.com\/product\/yoast-seo-wordpress\/ -->\n<title>Lait Nettoyant Cellular-Matrix | Nelly De Vuyst\u00ae Skin Care<\/title>\n<meta name=\"description\" content=\"D\u00e9couvrez notre lait d\u00e9maquillant anti-\u00e2ge : doux et hydratant, id\u00e9al pour r\u00e9duire l&#039;apparence des rides et ridules. Le meilleur ami des peaux matures et des peaux s\u00e8ches !\" \/>\n<meta name=\"robots\" content=\"index, follow, max-snippet:-1, max-image-preview:large, max-video-preview:-1\" \/>\n<link rel=\"canonical\" href=\"https:\/\/nellydevuyst.com\/fr\/produit\/lait-nettoyant-cellular-matrix\/\" \/>\n<meta property=\"og:locale\" content=\"fr_FR\" \/>\n<meta property=\"og:type\" content=\"article\" \/>\n<meta property=\"og:title\" content=\"Lait Nettoyant Cellular-Matrix | Nelly De Vuyst\u00ae Skin Care\" \/>\n<meta property=\"og:description\" content=\"D\u00e9couvrez notre lait d\u00e9maquillant anti-\u00e2ge : doux et hydratant, id\u00e9al pour r\u00e9duire l&#039;apparence des rides et ridules. Le meilleur ami des peaux matures et des peaux s\u00e8ches !\" \/>\n<meta property=\"og:url\" content=\"https:\/\/nellydevuyst.com\/fr\/produit\/lait-nettoyant-cellular-matrix\/\" \/>\n<meta property=\"og:site_name\" content=\"Nelly De Vuyst\u00ae Skin Care\" \/>\n<meta property=\"article:publisher\" content=\"https:\/\/www.facebook.com\/NellyDeVuystSkincare\/\" \/>\n<meta property=\"article:modified_time\" content=\"2026-04-29T19:39:36+00:00\" \/>\n<meta property=\"og:image\" content=\"https:\/\/nellydevuyst.com\/wp-content\/uploads\/2014\/08\/Cellular-Matrix-Cleansing-Milk.jpg\" \/>\n\t<meta property=\"og:image:width\" content=\"1200\" \/>\n\t<meta property=\"og:image:height\" content=\"1200\" \/>\n\t<meta property=\"og:image:type\" content=\"image\/jpeg\" \/>\n<meta name=\"twitter:card\" content=\"summary_large_image\" \/>\n<script type=\"application\/ld+json\" class=\"yoast-schema-graph\">{\"@context\":\"https:\\\/\\\/schema.org\",\"@graph\":[{\"@type\":[\"WebPage\",\"ItemPage\"],\"@id\":\"https:\\\/\\\/nellydevuyst.com\\\/fr\\\/produit\\\/lait-nettoyant-cellular-matrix\\\/\",\"url\":\"https:\\\/\\\/nellydevuyst.com\\\/fr\\\/produit\\\/lait-nettoyant-cellular-matrix\\\/\",\"name\":\"Lait Nettoyant Cellular-Matrix | Nelly De Vuyst\u00ae Skin Care\",\"isPartOf\":{\"@id\":\"https:\\\/\\\/nellydevuyst.com\\\/fr\\\/#website\"},\"primaryImageOfPage\":{\"@id\":\"https:\\\/\\\/nellydevuyst.com\\\/fr\\\/produit\\\/lait-nettoyant-cellular-matrix\\\/#primaryimage\"},\"image\":{\"@id\":\"https:\\\/\\\/nellydevuyst.com\\\/fr\\\/produit\\\/lait-nettoyant-cellular-matrix\\\/#primaryimage\"},\"thumbnailUrl\":\"https:\\\/\\\/nellydevuyst.com\\\/wp-content\\\/uploads\\\/2014\\\/08\\\/Cellular-Matrix-Cleansing-Milk.jpg\",\"datePublished\":\"2014-08-10T14:06:55+00:00\",\"dateModified\":\"2026-04-29T19:39:36+00:00\",\"description\":\"D\u00e9couvrez notre lait d\u00e9maquillant anti-\u00e2ge : doux et hydratant, id\u00e9al pour r\u00e9duire l'apparence des rides et ridules. Le meilleur ami des peaux matures et des peaux s\u00e8ches !\",\"breadcrumb\":{\"@id\":\"https:\\\/\\\/nellydevuyst.com\\\/fr\\\/produit\\\/lait-nettoyant-cellular-matrix\\\/#breadcrumb\"},\"inLanguage\":\"fr-FR\",\"potentialAction\":[{\"@type\":\"ReadAction\",\"target\":[\"https:\\\/\\\/nellydevuyst.com\\\/fr\\\/produit\\\/lait-nettoyant-cellular-matrix\\\/\"]}]},{\"@type\":\"ImageObject\",\"inLanguage\":\"fr-FR\",\"@id\":\"https:\\\/\\\/nellydevuyst.com\\\/fr\\\/produit\\\/lait-nettoyant-cellular-matrix\\\/#primaryimage\",\"url\":\"https:\\\/\\\/nellydevuyst.com\\\/wp-content\\\/uploads\\\/2014\\\/08\\\/Cellular-Matrix-Cleansing-Milk.jpg\",\"contentUrl\":\"https:\\\/\\\/nellydevuyst.com\\\/wp-content\\\/uploads\\\/2014\\\/08\\\/Cellular-Matrix-Cleansing-Milk.jpg\",\"width\":1200,\"height\":1200,\"caption\":\"Lait Nettoyant Cellular-Matrix\"},{\"@type\":\"BreadcrumbList\",\"@id\":\"https:\\\/\\\/nellydevuyst.com\\\/fr\\\/produit\\\/lait-nettoyant-cellular-matrix\\\/#breadcrumb\",\"itemListElement\":[{\"@type\":\"ListItem\",\"position\":1,\"name\":\"Home\",\"item\":\"https:\\\/\\\/nellydevuyst.com\\\/fr\\\/\"},{\"@type\":\"ListItem\",\"position\":2,\"name\":\"Boutique\",\"item\":\"https:\\\/\\\/nellydevuyst.com\\\/fr\\\/boutique\\\/\"},{\"@type\":\"ListItem\",\"position\":3,\"name\":\"Lait Nettoyant Cellular-Matrix\"}]},{\"@type\":\"WebSite\",\"@id\":\"https:\\\/\\\/nellydevuyst.com\\\/fr\\\/#website\",\"url\":\"https:\\\/\\\/nellydevuyst.com\\\/fr\\\/\",\"name\":\"Nelly De Vuyst\u00ae Skin Care\",\"description\":\"The Best of Science and Nature\",\"publisher\":{\"@id\":\"https:\\\/\\\/nellydevuyst.com\\\/fr\\\/#organization\"},\"alternateName\":\"NDV Skin Care\",\"potentialAction\":[{\"@type\":\"SearchAction\",\"target\":{\"@type\":\"EntryPoint\",\"urlTemplate\":\"https:\\\/\\\/nellydevuyst.com\\\/fr\\\/?s={search_term_string}\"},\"query-input\":{\"@type\":\"PropertyValueSpecification\",\"valueRequired\":true,\"valueName\":\"search_term_string\"}}],\"inLanguage\":\"fr-FR\"},{\"@type\":\"Organization\",\"@id\":\"https:\\\/\\\/nellydevuyst.com\\\/fr\\\/#organization\",\"name\":\"Nelly De Vuyst Skin Care\",\"alternateName\":\"NDV Skin Care\",\"url\":\"https:\\\/\\\/nellydevuyst.com\\\/fr\\\/\",\"logo\":{\"@type\":\"ImageObject\",\"inLanguage\":\"fr-FR\",\"@id\":\"https:\\\/\\\/nellydevuyst.com\\\/fr\\\/#\\\/schema\\\/logo\\\/image\\\/\",\"url\":\"https:\\\/\\\/nellydevuyst.com\\\/wp-content\\\/uploads\\\/2024\\\/01\\\/ndv-logo-favico.png\",\"contentUrl\":\"https:\\\/\\\/nellydevuyst.com\\\/wp-content\\\/uploads\\\/2024\\\/01\\\/ndv-logo-favico.png\",\"width\":512,\"height\":512,\"caption\":\"Nelly De Vuyst Skin Care\"},\"image\":{\"@id\":\"https:\\\/\\\/nellydevuyst.com\\\/fr\\\/#\\\/schema\\\/logo\\\/image\\\/\"},\"sameAs\":[\"https:\\\/\\\/www.facebook.com\\\/NellyDeVuystSkincare\\\/\",\"https:\\\/\\\/www.instagram.com\\\/nelly_devuyst\\\/\",\"https:\\\/\\\/www.youtube.com\\\/user\\\/derme8282\",\"https:\\\/\\\/www.tiktok.com\\\/@nellydevuyst\",\"https:\\\/\\\/www.pinterest.com.mx\\\/nellydevuystskincare\\\/\"]}]}<\/script>\n<!-- \/ Yoast SEO plugin. -->","yoast_head_json":{"title":"Lait Nettoyant Cellular-Matrix | Nelly De Vuyst\u00ae Skin Care","description":"D\u00e9couvrez notre lait d\u00e9maquillant anti-\u00e2ge : doux et hydratant, id\u00e9al pour r\u00e9duire l'apparence des rides et ridules. Le meilleur ami des peaux matures et des peaux s\u00e8ches !","robots":{"index":"index","follow":"follow","max-snippet":"max-snippet:-1","max-image-preview":"max-image-preview:large","max-video-preview":"max-video-preview:-1"},"canonical":"https:\/\/nellydevuyst.com\/fr\/produit\/lait-nettoyant-cellular-matrix\/","og_locale":"fr_FR","og_type":"article","og_title":"Lait Nettoyant Cellular-Matrix | Nelly De Vuyst\u00ae Skin Care","og_description":"D\u00e9couvrez notre lait d\u00e9maquillant anti-\u00e2ge : doux et hydratant, id\u00e9al pour r\u00e9duire l'apparence des rides et ridules. Le meilleur ami des peaux matures et des peaux s\u00e8ches !","og_url":"https:\/\/nellydevuyst.com\/fr\/produit\/lait-nettoyant-cellular-matrix\/","og_site_name":"Nelly De Vuyst\u00ae Skin Care","article_publisher":"https:\/\/www.facebook.com\/NellyDeVuystSkincare\/","article_modified_time":"2026-04-29T19:39:36+00:00","og_image":[{"width":1200,"height":1200,"url":"https:\/\/nellydevuyst.com\/wp-content\/uploads\/2014\/08\/Cellular-Matrix-Cleansing-Milk.jpg","type":"image\/jpeg"}],"twitter_card":"summary_large_image","schema":{"@context":"https:\/\/schema.org","@graph":[{"@type":["WebPage","ItemPage"],"@id":"https:\/\/nellydevuyst.com\/fr\/produit\/lait-nettoyant-cellular-matrix\/","url":"https:\/\/nellydevuyst.com\/fr\/produit\/lait-nettoyant-cellular-matrix\/","name":"Lait Nettoyant Cellular-Matrix | Nelly De Vuyst\u00ae Skin Care","isPartOf":{"@id":"https:\/\/nellydevuyst.com\/fr\/#website"},"primaryImageOfPage":{"@id":"https:\/\/nellydevuyst.com\/fr\/produit\/lait-nettoyant-cellular-matrix\/#primaryimage"},"image":{"@id":"https:\/\/nellydevuyst.com\/fr\/produit\/lait-nettoyant-cellular-matrix\/#primaryimage"},"thumbnailUrl":"https:\/\/nellydevuyst.com\/wp-content\/uploads\/2014\/08\/Cellular-Matrix-Cleansing-Milk.jpg","datePublished":"2014-08-10T14:06:55+00:00","dateModified":"2026-04-29T19:39:36+00:00","description":"D\u00e9couvrez notre lait d\u00e9maquillant anti-\u00e2ge : doux et hydratant, id\u00e9al pour r\u00e9duire l'apparence des rides et ridules. Le meilleur ami des peaux matures et des peaux s\u00e8ches !","breadcrumb":{"@id":"https:\/\/nellydevuyst.com\/fr\/produit\/lait-nettoyant-cellular-matrix\/#breadcrumb"},"inLanguage":"fr-FR","potentialAction":[{"@type":"ReadAction","target":["https:\/\/nellydevuyst.com\/fr\/produit\/lait-nettoyant-cellular-matrix\/"]}]},{"@type":"ImageObject","inLanguage":"fr-FR","@id":"https:\/\/nellydevuyst.com\/fr\/produit\/lait-nettoyant-cellular-matrix\/#primaryimage","url":"https:\/\/nellydevuyst.com\/wp-content\/uploads\/2014\/08\/Cellular-Matrix-Cleansing-Milk.jpg","contentUrl":"https:\/\/nellydevuyst.com\/wp-content\/uploads\/2014\/08\/Cellular-Matrix-Cleansing-Milk.jpg","width":1200,"height":1200,"caption":"Lait Nettoyant Cellular-Matrix"},{"@type":"BreadcrumbList","@id":"https:\/\/nellydevuyst.com\/fr\/produit\/lait-nettoyant-cellular-matrix\/#breadcrumb","itemListElement":[{"@type":"ListItem","position":1,"name":"Home","item":"https:\/\/nellydevuyst.com\/fr\/"},{"@type":"ListItem","position":2,"name":"Boutique","item":"https:\/\/nellydevuyst.com\/fr\/boutique\/"},{"@type":"ListItem","position":3,"name":"Lait Nettoyant Cellular-Matrix"}]},{"@type":"WebSite","@id":"https:\/\/nellydevuyst.com\/fr\/#website","url":"https:\/\/nellydevuyst.com\/fr\/","name":"Nelly De Vuyst\u00ae Skin Care","description":"The Best of Science and Nature","publisher":{"@id":"https:\/\/nellydevuyst.com\/fr\/#organization"},"alternateName":"NDV Skin Care","potentialAction":[{"@type":"SearchAction","target":{"@type":"EntryPoint","urlTemplate":"https:\/\/nellydevuyst.com\/fr\/?s={search_term_string}"},"query-input":{"@type":"PropertyValueSpecification","valueRequired":true,"valueName":"search_term_string"}}],"inLanguage":"fr-FR"},{"@type":"Organization","@id":"https:\/\/nellydevuyst.com\/fr\/#organization","name":"Nelly De Vuyst Skin Care","alternateName":"NDV Skin Care","url":"https:\/\/nellydevuyst.com\/fr\/","logo":{"@type":"ImageObject","inLanguage":"fr-FR","@id":"https:\/\/nellydevuyst.com\/fr\/#\/schema\/logo\/image\/","url":"https:\/\/nellydevuyst.com\/wp-content\/uploads\/2024\/01\/ndv-logo-favico.png","contentUrl":"https:\/\/nellydevuyst.com\/wp-content\/uploads\/2024\/01\/ndv-logo-favico.png","width":512,"height":512,"caption":"Nelly De Vuyst Skin Care"},"image":{"@id":"https:\/\/nellydevuyst.com\/fr\/#\/schema\/logo\/image\/"},"sameAs":["https:\/\/www.facebook.com\/NellyDeVuystSkincare\/","https:\/\/www.instagram.com\/nelly_devuyst\/","https:\/\/www.youtube.com\/user\/derme8282","https:\/\/www.tiktok.com\/@nellydevuyst","https:\/\/www.pinterest.com.mx\/nellydevuystskincare\/"]}]}},"_links":{"self":[{"href":"https:\/\/nellydevuyst.com\/fr\/wp-json\/wp\/v2\/product\/1683","targetHints":{"allow":["GET"]}}],"collection":[{"href":"https:\/\/nellydevuyst.com\/fr\/wp-json\/wp\/v2\/product"}],"about":[{"href":"https:\/\/nellydevuyst.com\/fr\/wp-json\/wp\/v2\/types\/product"}],"replies":[{"embeddable":true,"href":"https:\/\/nellydevuyst.com\/fr\/wp-json\/wp\/v2\/comments?post=1683"}],"wp:featuredmedia":[{"embeddable":true,"href":"https:\/\/nellydevuyst.com\/fr\/wp-json\/wp\/v2\/media\/14378"}],"wp:attachment":[{"href":"https:\/\/nellydevuyst.com\/fr\/wp-json\/wp\/v2\/media?parent=1683"}],"wp:term":[{"taxonomy":"product_brand","embeddable":true,"href":"https:\/\/nellydevuyst.com\/fr\/wp-json\/wp\/v2\/product_brand?post=1683"},{"taxonomy":"product_cat","embeddable":true,"href":"https:\/\/nellydevuyst.com\/fr\/wp-json\/wp\/v2\/product_cat?post=1683"},{"taxonomy":"product_tag","embeddable":true,"href":"https:\/\/nellydevuyst.com\/fr\/wp-json\/wp\/v2\/product_tag?post=1683"},{"taxonomy":"giftcard-category","embeddable":true,"href":"https:\/\/nellydevuyst.com\/fr\/wp-json\/wp\/v2\/giftcard-category?post=1683"}],"curies":[{"name":"wp","href":"https:\/\/api.w.org\/{rel}","templated":true}]}}