{"id":1686,"date":"2013-08-09T17:13:41","date_gmt":"2013-08-09T21:13:41","guid":{"rendered":"https:\/\/nellydevuyst.com\/product\/cleansing-milk-hydrocell\/"},"modified":"2026-03-08T19:16:38","modified_gmt":"2026-03-08T23:16:38","slug":"lait-nettoyant-hydrocell","status":"publish","type":"product","link":"https:\/\/nellydevuyst.com\/fr\/produit\/lait-nettoyant-hydrocell\/","title":{"rendered":"Lait Nettoyant Hydrocell"},"content":{"rendered":"<h2 class=\"uppercase\">Recouvrez votre peau d&rsquo;un voile r\u00e9confortant gr\u00e2ce \u00e0 notre Lait Nettoyant Hydrocell<\/h2>\n<p>D\u00e9couvrez la douceur de notre lait nettoyant hydratant, formul\u00e9 pour r\u00e9pondre aux besoins uniques des peaux d\u00e9shydrat\u00e9es, s\u00e8ches et sensibles. Contrairement aux nettoyants conventionnels qui peuvent alt\u00e9rer le film hydrolipidique essentiel de la peau, notre formule hydratante est enrichie en huiles naturelles et en ingr\u00e9dients hydratants. Cela permet de purifier et d&rsquo;\u00e9liminer les impuret\u00e9s, mais aussi de r\u00e9tablir l&rsquo;hydratation naturelle de la peau, la laissant radieuse et revitalis\u00e9e.<\/p>\n<p>Au c\u0153ur de notre lait d\u00e9maquillant se trouve un m\u00e9lange harmonieux de composants doux mais efficaces. Les ingr\u00e9dients \u00e9mollients et apaisants agissent en synergie pour dissoudre le maquillage, la salet\u00e9 et les polluants quotidiens, ce qui permet de les rincer facilement sans provoquer de s\u00e9cheresse, d&rsquo;irritation ou de sensation d&rsquo;inconfort. De plus, notre formule apaisante respecte l&rsquo;\u00e9quilibre du pH de la peau, ce qui permet de maintenir l&rsquo;\u00e9quilibre de la peau et de favoriser une barri\u00e8re lipidique saine qui prot\u00e8ge contre la perte d&rsquo;hydratation.<br \/>\nPour celles qui recherchent une exp\u00e9rience de soin transformatrice, notre lait nettoyant hydratant offre plus qu&rsquo;une simple propret\u00e9 : c&rsquo;est un rituel quotidien de nutrition et de soin. Adapt\u00e9 aux peaux sensibles, il laisse la peau hydrat\u00e9e et souple, sans aucune sensation d&rsquo;inconfort.<\/p>\n<p>Conform\u00e9ment \u00e0 notre engagement envers votre peau et l&rsquo;environnement, ce lait nettoyant doux est biod\u00e9gradable, sans alcool, sans silicone, sans parab\u00e8ne, sans PEG, sans gluten, sans OGM, sans perturbateur endocrinien, sans goudron, sans quaternium, sans colorant et non test\u00e9 sur les animaux.<\/p>\n","protected":false},"excerpt":{"rendered":"<p>Faites l&rsquo;exp\u00e9rience d&rsquo;un nettoyage en douceur gr\u00e2ce \u00e0 notre lait nettoyant hydratant sp\u00e9cialement con\u00e7u pour les peaux d\u00e9shydrat\u00e9es. Enrichi d&rsquo;ingr\u00e9dients hydratants, il respecte l&rsquo;\u00e9quilibre du pH et pr\u00e9serve la barri\u00e8re d&rsquo;hydratation naturelle de la peau. Id\u00e9al pour un usage quotidien, ce nettoyant \u00e9mollient \u00e9limine efficacement les impuret\u00e9s tout en laissant la peau hydrat\u00e9e. Am\u00e9liorez votre routine de soins de la peau avec notre formule nourrissante.<\/p>\n<ul>\n<li class=\"bullet-arrow\"><strong>Texture :<\/strong> Lait liquide l\u00e9ger<\/li>\n<li class=\"bullet-arrow\"><strong>Type de peau :<\/strong> D\u00e9shydrat\u00e9e, s\u00e8che<\/li>\n<li class=\"bullet-arrow\"><strong>Pr\u00e9occupation cutan\u00e9e :<\/strong> D\u00e9shydratation, s\u00e9cheresse, sensation d&rsquo;inconfort, sensibilit\u00e9<\/li>\n<li class=\"bullet-arrow\"><strong>Format :<\/strong> 5.3 fl.oz. &#8211; 150 ml <em>(Pompe sans air)<\/em><\/li>\n<\/ul>\n<div class=\"row row-full-width align-equal\"  id=\"row-1046807547\">\n\t<div id=\"col-1765792438\" class=\"col small-12 large-12\"  >\n\t\t\t\t<div class=\"col-inner\"  >\n\t\t\t\n\t\t\t\n\n  \n    <div class=\"row large-columns-8 medium-columns-8 small-columns-8 row-collapse\" >\n  <div class=\"gallery-col col\" >\n          <div class=\"col-inner\">\n                        <div class=\"box has-hover gallery-box box-none\">\n              <div class=\"box-image\" >\n                <img width=\"1\" height=\"1\" src=\"https:\/\/nellydevuyst.com\/wp-content\/uploads\/2023\/05\/VEGAN-EN.svg\" class=\"attachment-medium size-medium\" alt=\"VEGAN\" ids=\"12323,12303,12319,12321,12309\" style=\"none\" lightbox=\"false\" col_spacing=\"collapse\" columns=\"8\" columns__sm=\"8\" columns__md=\"8\" decoding=\"async\" loading=\"lazy\" \/>                                                              <\/div>\n              <div class=\"box-text text-left\" >\n                 <p>VEGAN<\/p>\n              <\/div>\n            <\/div>\n                      <\/div>\n         <\/div><div class=\"gallery-col col\" >\n          <div class=\"col-inner\">\n                        <div class=\"box has-hover gallery-box box-none\">\n              <div class=\"box-image\" >\n                <img width=\"1\" height=\"1\" src=\"https:\/\/nellydevuyst.com\/wp-content\/uploads\/2023\/05\/ANIMALCRUELTY-EN.svg\" class=\"attachment-medium size-medium\" alt=\"NO ANIMAL CRUELTY\" ids=\"12323,12303,12319,12321,12309\" style=\"none\" lightbox=\"false\" col_spacing=\"collapse\" columns=\"8\" columns__sm=\"8\" columns__md=\"8\" decoding=\"async\" loading=\"lazy\" \/>                                                              <\/div>\n              <div class=\"box-text text-left\" >\n                 <p>NO ANIMAL CRUELTY <\/p>\n              <\/div>\n            <\/div>\n                      <\/div>\n         <\/div><div class=\"gallery-col col\" >\n          <div class=\"col-inner\">\n                        <div class=\"box has-hover gallery-box box-none\">\n              <div class=\"box-image\" >\n                <img width=\"1\" height=\"1\" src=\"https:\/\/nellydevuyst.com\/wp-content\/uploads\/2023\/05\/OGM-FR.svg\" class=\"attachment-medium size-medium\" alt=\"GLUTEN OGM\" ids=\"12323,12303,12319,12321,12309\" style=\"none\" lightbox=\"false\" col_spacing=\"collapse\" columns=\"8\" columns__sm=\"8\" columns__md=\"8\" decoding=\"async\" loading=\"lazy\" \/>                                                              <\/div>\n              <div class=\"box-text text-left\" >\n                 <p>GLUTEN OGM<\/p>\n              <\/div>\n            <\/div>\n                      <\/div>\n         <\/div><div class=\"gallery-col col\" >\n          <div class=\"col-inner\">\n                        <div class=\"box has-hover gallery-box box-none\">\n              <div class=\"box-image\" >\n                <img width=\"1\" height=\"1\" src=\"https:\/\/nellydevuyst.com\/wp-content\/uploads\/2023\/05\/RECYCLABLE-EN.svg\" class=\"attachment-medium size-medium\" alt=\"RECYCLABLE\" ids=\"12323,12303,12319,12321,12309\" style=\"none\" lightbox=\"false\" col_spacing=\"collapse\" columns=\"8\" columns__sm=\"8\" columns__md=\"8\" decoding=\"async\" loading=\"lazy\" \/>                                                              <\/div>\n              <div class=\"box-text text-left\" >\n                 <p>RECYCLABLE<\/p>\n              <\/div>\n            <\/div>\n                      <\/div>\n         <\/div><div class=\"gallery-col col\" >\n          <div class=\"col-inner\">\n                        <div class=\"box has-hover gallery-box box-none\">\n              <div class=\"box-image\" >\n                <img width=\"1\" height=\"1\" src=\"https:\/\/nellydevuyst.com\/wp-content\/uploads\/2023\/05\/CANADA-FR.svg\" class=\"attachment-medium size-medium\" alt=\"FABRIQUE AU CANADA\" ids=\"12323,12303,12319,12321,12309\" style=\"none\" lightbox=\"false\" col_spacing=\"collapse\" columns=\"8\" columns__sm=\"8\" columns__md=\"8\" decoding=\"async\" loading=\"lazy\" \/>                                                              <\/div>\n              <div class=\"box-text text-left\" >\n                 <p>FABRIQUE AU CANADA<\/p>\n              <\/div>\n            <\/div>\n                      <\/div>\n         <\/div><\/div>\n\t\t<\/div>\n\t\t\t\t\t<\/div>\n\n\t<\/div>\n","protected":false},"featured_media":14224,"comment_status":"open","ping_status":"closed","template":"","meta":[],"product_brand":[],"product_cat":[510,184,201,203,200,202],"product_tag":[269,244,236,222,261,253,241,243],"giftcard-category":[],"class_list":{"0":"post-1686","1":"product","2":"type-product","3":"status-publish","4":"has-post-thumbnail","6":"product_cat-collection-hydrocell","7":"product_cat-nettoyants","8":"product_cat-peau-deshydratee","9":"product_cat-peau-hyper-sensible-reactive","10":"product_cat-peau-seche","11":"product_cat-peau-sensible-rosacee","12":"product_tag-contour-des-yeux","13":"product_tag-cou","14":"product_tag-hydratant","15":"product_tag-nettoyant","16":"product_tag-peau-deshydratee","17":"product_tag-peau-irritee","18":"product_tag-peau-sensible","19":"product_tag-visage","21":"first","22":"instock","23":"taxable","24":"shipping-taxable","25":"purchasable","26":"product-type-simple"},"yoast_head":"<!-- This site is optimized with the Yoast SEO plugin v27.2 - https:\/\/yoast.com\/product\/yoast-seo-wordpress\/ -->\n<title>Lait Nettoyant Hydrocell | Nelly De Vuyst\u00ae Skin Care<\/title>\n<meta name=\"description\" content=\"Lait nettoyant hydratant, Lait nettoyant doux, \u00c9mollient, Hydratant, Nourrissant, Apaisant, \u00c9quilibre du pH, Huiles naturelles, Peau d\u00e9shydrat\u00e9e, Peau s\u00e8che, Peau sensible, Cr\u00e8me Hydratante.\" \/>\n<meta name=\"robots\" content=\"index, follow, max-snippet:-1, max-image-preview:large, max-video-preview:-1\" \/>\n<link rel=\"canonical\" href=\"https:\/\/nellydevuyst.com\/fr\/produit\/lait-nettoyant-hydrocell\/\" \/>\n<meta property=\"og:locale\" content=\"fr_FR\" \/>\n<meta property=\"og:type\" content=\"article\" \/>\n<meta property=\"og:title\" content=\"Lait Nettoyant Hydrocell | Nelly De Vuyst\u00ae Skin Care\" \/>\n<meta property=\"og:description\" content=\"Lait nettoyant hydratant, Lait nettoyant doux, \u00c9mollient, Hydratant, Nourrissant, Apaisant, \u00c9quilibre du pH, Huiles naturelles, Peau d\u00e9shydrat\u00e9e, Peau s\u00e8che, Peau sensible, Cr\u00e8me Hydratante.\" \/>\n<meta property=\"og:url\" content=\"https:\/\/nellydevuyst.com\/fr\/produit\/lait-nettoyant-hydrocell\/\" \/>\n<meta property=\"og:site_name\" content=\"Nelly De Vuyst\u00ae Skin Care\" \/>\n<meta property=\"article:publisher\" content=\"https:\/\/www.facebook.com\/NellyDeVuystSkincare\/\" \/>\n<meta property=\"article:modified_time\" content=\"2026-03-08T23:16:38+00:00\" \/>\n<meta property=\"og:image\" content=\"https:\/\/nellydevuyst.com\/wp-content\/uploads\/2013\/08\/Hydrocell-Cleansing-Milk.jpg\" \/>\n\t<meta property=\"og:image:width\" content=\"1200\" \/>\n\t<meta property=\"og:image:height\" content=\"1200\" \/>\n\t<meta property=\"og:image:type\" content=\"image\/jpeg\" \/>\n<meta name=\"twitter:card\" content=\"summary_large_image\" \/>\n<script type=\"application\/ld+json\" class=\"yoast-schema-graph\">{\"@context\":\"https:\/\/schema.org\",\"@graph\":[{\"@type\":[\"WebPage\",\"ItemPage\"],\"@id\":\"https:\/\/nellydevuyst.com\/fr\/produit\/lait-nettoyant-hydrocell\/\",\"url\":\"https:\/\/nellydevuyst.com\/fr\/produit\/lait-nettoyant-hydrocell\/\",\"name\":\"Lait Nettoyant Hydrocell | Nelly De Vuyst\u00ae Skin Care\",\"isPartOf\":{\"@id\":\"https:\/\/nellydevuyst.com\/fr\/#website\"},\"primaryImageOfPage\":{\"@id\":\"https:\/\/nellydevuyst.com\/fr\/produit\/lait-nettoyant-hydrocell\/#primaryimage\"},\"image\":{\"@id\":\"https:\/\/nellydevuyst.com\/fr\/produit\/lait-nettoyant-hydrocell\/#primaryimage\"},\"thumbnailUrl\":\"https:\/\/nellydevuyst.com\/wp-content\/uploads\/2013\/08\/Hydrocell-Cleansing-Milk.jpg\",\"datePublished\":\"2013-08-09T21:13:41+00:00\",\"dateModified\":\"2026-03-08T23:16:38+00:00\",\"description\":\"Lait nettoyant hydratant, Lait nettoyant doux, \u00c9mollient, Hydratant, Nourrissant, Apaisant, \u00c9quilibre du pH, Huiles naturelles, Peau d\u00e9shydrat\u00e9e, Peau s\u00e8che, Peau sensible, Cr\u00e8me Hydratante.\",\"breadcrumb\":{\"@id\":\"https:\/\/nellydevuyst.com\/fr\/produit\/lait-nettoyant-hydrocell\/#breadcrumb\"},\"inLanguage\":\"fr-FR\",\"potentialAction\":[{\"@type\":\"ReadAction\",\"target\":[\"https:\/\/nellydevuyst.com\/fr\/produit\/lait-nettoyant-hydrocell\/\"]}]},{\"@type\":\"ImageObject\",\"inLanguage\":\"fr-FR\",\"@id\":\"https:\/\/nellydevuyst.com\/fr\/produit\/lait-nettoyant-hydrocell\/#primaryimage\",\"url\":\"https:\/\/nellydevuyst.com\/wp-content\/uploads\/2013\/08\/Hydrocell-Cleansing-Milk.jpg\",\"contentUrl\":\"https:\/\/nellydevuyst.com\/wp-content\/uploads\/2013\/08\/Hydrocell-Cleansing-Milk.jpg\",\"width\":1200,\"height\":1200,\"caption\":\"Lait Nettoyant Hydrocell\"},{\"@type\":\"BreadcrumbList\",\"@id\":\"https:\/\/nellydevuyst.com\/fr\/produit\/lait-nettoyant-hydrocell\/#breadcrumb\",\"itemListElement\":[{\"@type\":\"ListItem\",\"position\":1,\"name\":\"Home\",\"item\":\"https:\/\/nellydevuyst.com\/fr\/\"},{\"@type\":\"ListItem\",\"position\":2,\"name\":\"Boutique\",\"item\":\"https:\/\/nellydevuyst.com\/fr\/boutique\/\"},{\"@type\":\"ListItem\",\"position\":3,\"name\":\"Lait Nettoyant Hydrocell\"}]},{\"@type\":\"WebSite\",\"@id\":\"https:\/\/nellydevuyst.com\/fr\/#website\",\"url\":\"https:\/\/nellydevuyst.com\/fr\/\",\"name\":\"Nelly De Vuyst\u00ae Skin Care\",\"description\":\"The Best of Science and Nature\",\"publisher\":{\"@id\":\"https:\/\/nellydevuyst.com\/fr\/#organization\"},\"alternateName\":\"NDV Skin Care\",\"potentialAction\":[{\"@type\":\"SearchAction\",\"target\":{\"@type\":\"EntryPoint\",\"urlTemplate\":\"https:\/\/nellydevuyst.com\/fr\/?s={search_term_string}\"},\"query-input\":{\"@type\":\"PropertyValueSpecification\",\"valueRequired\":true,\"valueName\":\"search_term_string\"}}],\"inLanguage\":\"fr-FR\"},{\"@type\":\"Organization\",\"@id\":\"https:\/\/nellydevuyst.com\/fr\/#organization\",\"name\":\"Nelly De Vuyst Skin Care\",\"alternateName\":\"NDV Skin Care\",\"url\":\"https:\/\/nellydevuyst.com\/fr\/\",\"logo\":{\"@type\":\"ImageObject\",\"inLanguage\":\"fr-FR\",\"@id\":\"https:\/\/nellydevuyst.com\/fr\/#\/schema\/logo\/image\/\",\"url\":\"https:\/\/nellydevuyst.com\/wp-content\/uploads\/2024\/01\/ndv-logo-favico.png\",\"contentUrl\":\"https:\/\/nellydevuyst.com\/wp-content\/uploads\/2024\/01\/ndv-logo-favico.png\",\"width\":512,\"height\":512,\"caption\":\"Nelly De Vuyst Skin Care\"},\"image\":{\"@id\":\"https:\/\/nellydevuyst.com\/fr\/#\/schema\/logo\/image\/\"},\"sameAs\":[\"https:\/\/www.facebook.com\/NellyDeVuystSkincare\/\",\"https:\/\/www.instagram.com\/nelly_devuyst\/\",\"https:\/\/www.youtube.com\/user\/derme8282\",\"https:\/\/www.tiktok.com\/@nellydevuyst\",\"https:\/\/www.pinterest.com.mx\/nellydevuystskincare\/\"]}]}<\/script>\n<!-- \/ Yoast SEO plugin. -->","yoast_head_json":{"title":"Lait Nettoyant Hydrocell | Nelly De Vuyst\u00ae Skin Care","description":"Lait nettoyant hydratant, Lait nettoyant doux, \u00c9mollient, Hydratant, Nourrissant, Apaisant, \u00c9quilibre du pH, Huiles naturelles, Peau d\u00e9shydrat\u00e9e, Peau s\u00e8che, Peau sensible, Cr\u00e8me Hydratante.","robots":{"index":"index","follow":"follow","max-snippet":"max-snippet:-1","max-image-preview":"max-image-preview:large","max-video-preview":"max-video-preview:-1"},"canonical":"https:\/\/nellydevuyst.com\/fr\/produit\/lait-nettoyant-hydrocell\/","og_locale":"fr_FR","og_type":"article","og_title":"Lait Nettoyant Hydrocell | Nelly De Vuyst\u00ae Skin Care","og_description":"Lait nettoyant hydratant, Lait nettoyant doux, \u00c9mollient, Hydratant, Nourrissant, Apaisant, \u00c9quilibre du pH, Huiles naturelles, Peau d\u00e9shydrat\u00e9e, Peau s\u00e8che, Peau sensible, Cr\u00e8me Hydratante.","og_url":"https:\/\/nellydevuyst.com\/fr\/produit\/lait-nettoyant-hydrocell\/","og_site_name":"Nelly De Vuyst\u00ae Skin Care","article_publisher":"https:\/\/www.facebook.com\/NellyDeVuystSkincare\/","article_modified_time":"2026-03-08T23:16:38+00:00","og_image":[{"width":1200,"height":1200,"url":"https:\/\/nellydevuyst.com\/wp-content\/uploads\/2013\/08\/Hydrocell-Cleansing-Milk.jpg","type":"image\/jpeg"}],"twitter_card":"summary_large_image","schema":{"@context":"https:\/\/schema.org","@graph":[{"@type":["WebPage","ItemPage"],"@id":"https:\/\/nellydevuyst.com\/fr\/produit\/lait-nettoyant-hydrocell\/","url":"https:\/\/nellydevuyst.com\/fr\/produit\/lait-nettoyant-hydrocell\/","name":"Lait Nettoyant Hydrocell | Nelly De Vuyst\u00ae Skin Care","isPartOf":{"@id":"https:\/\/nellydevuyst.com\/fr\/#website"},"primaryImageOfPage":{"@id":"https:\/\/nellydevuyst.com\/fr\/produit\/lait-nettoyant-hydrocell\/#primaryimage"},"image":{"@id":"https:\/\/nellydevuyst.com\/fr\/produit\/lait-nettoyant-hydrocell\/#primaryimage"},"thumbnailUrl":"https:\/\/nellydevuyst.com\/wp-content\/uploads\/2013\/08\/Hydrocell-Cleansing-Milk.jpg","datePublished":"2013-08-09T21:13:41+00:00","dateModified":"2026-03-08T23:16:38+00:00","description":"Lait nettoyant hydratant, Lait nettoyant doux, \u00c9mollient, Hydratant, Nourrissant, Apaisant, \u00c9quilibre du pH, Huiles naturelles, Peau d\u00e9shydrat\u00e9e, Peau s\u00e8che, Peau sensible, Cr\u00e8me Hydratante.","breadcrumb":{"@id":"https:\/\/nellydevuyst.com\/fr\/produit\/lait-nettoyant-hydrocell\/#breadcrumb"},"inLanguage":"fr-FR","potentialAction":[{"@type":"ReadAction","target":["https:\/\/nellydevuyst.com\/fr\/produit\/lait-nettoyant-hydrocell\/"]}]},{"@type":"ImageObject","inLanguage":"fr-FR","@id":"https:\/\/nellydevuyst.com\/fr\/produit\/lait-nettoyant-hydrocell\/#primaryimage","url":"https:\/\/nellydevuyst.com\/wp-content\/uploads\/2013\/08\/Hydrocell-Cleansing-Milk.jpg","contentUrl":"https:\/\/nellydevuyst.com\/wp-content\/uploads\/2013\/08\/Hydrocell-Cleansing-Milk.jpg","width":1200,"height":1200,"caption":"Lait Nettoyant Hydrocell"},{"@type":"BreadcrumbList","@id":"https:\/\/nellydevuyst.com\/fr\/produit\/lait-nettoyant-hydrocell\/#breadcrumb","itemListElement":[{"@type":"ListItem","position":1,"name":"Home","item":"https:\/\/nellydevuyst.com\/fr\/"},{"@type":"ListItem","position":2,"name":"Boutique","item":"https:\/\/nellydevuyst.com\/fr\/boutique\/"},{"@type":"ListItem","position":3,"name":"Lait Nettoyant Hydrocell"}]},{"@type":"WebSite","@id":"https:\/\/nellydevuyst.com\/fr\/#website","url":"https:\/\/nellydevuyst.com\/fr\/","name":"Nelly De Vuyst\u00ae Skin Care","description":"The Best of Science and Nature","publisher":{"@id":"https:\/\/nellydevuyst.com\/fr\/#organization"},"alternateName":"NDV Skin Care","potentialAction":[{"@type":"SearchAction","target":{"@type":"EntryPoint","urlTemplate":"https:\/\/nellydevuyst.com\/fr\/?s={search_term_string}"},"query-input":{"@type":"PropertyValueSpecification","valueRequired":true,"valueName":"search_term_string"}}],"inLanguage":"fr-FR"},{"@type":"Organization","@id":"https:\/\/nellydevuyst.com\/fr\/#organization","name":"Nelly De Vuyst Skin Care","alternateName":"NDV Skin Care","url":"https:\/\/nellydevuyst.com\/fr\/","logo":{"@type":"ImageObject","inLanguage":"fr-FR","@id":"https:\/\/nellydevuyst.com\/fr\/#\/schema\/logo\/image\/","url":"https:\/\/nellydevuyst.com\/wp-content\/uploads\/2024\/01\/ndv-logo-favico.png","contentUrl":"https:\/\/nellydevuyst.com\/wp-content\/uploads\/2024\/01\/ndv-logo-favico.png","width":512,"height":512,"caption":"Nelly De Vuyst Skin Care"},"image":{"@id":"https:\/\/nellydevuyst.com\/fr\/#\/schema\/logo\/image\/"},"sameAs":["https:\/\/www.facebook.com\/NellyDeVuystSkincare\/","https:\/\/www.instagram.com\/nelly_devuyst\/","https:\/\/www.youtube.com\/user\/derme8282","https:\/\/www.tiktok.com\/@nellydevuyst","https:\/\/www.pinterest.com.mx\/nellydevuystskincare\/"]}]}},"_links":{"self":[{"href":"https:\/\/nellydevuyst.com\/fr\/wp-json\/wp\/v2\/product\/1686","targetHints":{"allow":["GET"]}}],"collection":[{"href":"https:\/\/nellydevuyst.com\/fr\/wp-json\/wp\/v2\/product"}],"about":[{"href":"https:\/\/nellydevuyst.com\/fr\/wp-json\/wp\/v2\/types\/product"}],"replies":[{"embeddable":true,"href":"https:\/\/nellydevuyst.com\/fr\/wp-json\/wp\/v2\/comments?post=1686"}],"wp:featuredmedia":[{"embeddable":true,"href":"https:\/\/nellydevuyst.com\/fr\/wp-json\/wp\/v2\/media\/14224"}],"wp:attachment":[{"href":"https:\/\/nellydevuyst.com\/fr\/wp-json\/wp\/v2\/media?parent=1686"}],"wp:term":[{"taxonomy":"product_brand","embeddable":true,"href":"https:\/\/nellydevuyst.com\/fr\/wp-json\/wp\/v2\/product_brand?post=1686"},{"taxonomy":"product_cat","embeddable":true,"href":"https:\/\/nellydevuyst.com\/fr\/wp-json\/wp\/v2\/product_cat?post=1686"},{"taxonomy":"product_tag","embeddable":true,"href":"https:\/\/nellydevuyst.com\/fr\/wp-json\/wp\/v2\/product_tag?post=1686"},{"taxonomy":"giftcard-category","embeddable":true,"href":"https:\/\/nellydevuyst.com\/fr\/wp-json\/wp\/v2\/giftcard-category?post=1686"}],"curies":[{"name":"wp","href":"https:\/\/api.w.org\/{rel}","templated":true}]}}