{"id":1689,"date":"2013-08-10T09:34:34","date_gmt":"2013-08-10T13:34:34","guid":{"rendered":"https:\/\/nellydevuyst.com\/product\/foaming-wash-sensitive-skin\/"},"modified":"2026-03-29T15:41:46","modified_gmt":"2026-03-29T19:41:46","slug":"lotion-moussante-peaux-sensibles-biocalm","status":"publish","type":"product","link":"https:\/\/nellydevuyst.com\/fr\/produit\/lotion-moussante-peaux-sensibles-biocalm\/","title":{"rendered":"Lotion Moussante Peaux Sensibles BioCalm"},"content":{"rendered":"<h2 class=\"uppercase\">D\u00e9couvrez un nettoyant complet pour les Rougeurs, la Rosac\u00e9e et l&rsquo;Inflammation<\/h2>\n<p>D\u00e9couvrez les bienfaits calmants de notre produit et plongez dans un rituel quotidien qui donne la priorit\u00e9 \u00e0 la sant\u00e9 et au confort de la peau. Avec notre Mousse Nettoyante pour Peau Sensible, vous pouvez nettoyer votre peau en toute confiance avec la gentillesse et le respect qu&rsquo;elle m\u00e9rite, id\u00e9alement adapt\u00e9 pour les peaux s\u00e8ches.<\/p>\n<p>Au c\u0153ur de notre formule se trouve un m\u00e9lange d&rsquo;ingr\u00e9dients non-irritants soigneusement choisi pour nettoyer sans d\u00e9s\u00e9quilibrer le film hydrolipidique de la peau. Sans SLS et sans parfum, ce nettoyant doux fournit une mousse r\u00e9confortante qui respecte l&rsquo;\u00e9quilibre naturel de la peau et pr\u00e9vient les dommages caus\u00e9s par l&rsquo;inflammation.<\/p>\n<p>Infus\u00e9 d&rsquo;extraits botaniques calmants et de pr\u00e9biotiques \u00e9quilibrant la peau, notre nettoyant offre plus que de la propret\u00e9 ; il offre une protection contre les agressions ext\u00e9rieures. Sa synergie d&rsquo;ingr\u00e9dients calmants assure une compatibilit\u00e9 avec les types de peau les plus sensibles, r\u00e9duisant le risque d&rsquo;inflammation ou de rougeurs. Que vous soyez confront\u00e9 \u00e0 une sensibilit\u00e9 occasionnelle ou \u00e0 un probl\u00e8me de peau chronique comme la rosac\u00e9e, notre Mousse Nettoyante pour Peau Sensible est votre alli\u00e9 de confiance pour maintenir une apparence de peau calme, claire et radieuse.<\/p>\n<p>Conform\u00e9ment \u00e0 notre engagement envers votre peau et l&rsquo;environnement, ce nettoyant visage calmant et non-irritant et biod\u00e9gradable, sans SLS, sans alcool, sans silicone, sans parab\u00e8nes, sans PEG, sans gluten, sans OGM, sans perturbateurs endocriniens, sans goudron, sans quaternium, sans parfum, sans colorant et non test\u00e9 sur les animaux.<\/p>\n","protected":false},"excerpt":{"rendered":"<p>Plongez dans notre formule douce et sans SLS sp\u00e9cifiquement formul\u00e9e comme un nettoyant visage non-irritant pour les peaux sensibles. Con\u00e7u comme une solution calmante, il est id\u00e9al pour les peaux s\u00e8ches rougeurs et \u00e0 la rosac\u00e9e. Ce produit ne contient aucun ingr\u00e9dient chimique et il respecte le film hydrolipidique cutan\u00e9.<\/p>\n<ul>\n<li class=\"bullet-arrow\"><strong>Texture :<\/strong> Mousse l\u00e9g\u00e8re<\/li>\n<li class=\"bullet-arrow\"><strong>Type de Peau :<\/strong> Peau Sensible<\/li>\n<li class=\"bullet-arrow\"><strong>Pr\u00e9occupation cutan\u00e9e :<\/strong> Rougeurs, inflammation, irritation, rosac\u00e9e, acn\u00e9 rosac\u00e9e<\/li>\n<li class=\"bullet-arrow\"><strong>Format :<\/strong> 5.3 fl.oz. &#8211; 150 ml <em>(Ppompe moussante)<\/em><\/li>\n<\/ul>\n<div class=\"row row-full-width align-equal\"  id=\"row-1717294435\">\n\t<div id=\"col-1723468588\" class=\"col small-12 large-12\"  >\n\t\t\t\t<div class=\"col-inner\"  >\n\t\t\t\n\t\t\t\n\n  \n    <div class=\"row large-columns-8 medium-columns-8 small-columns-8 row-collapse\" >\n  <div class=\"gallery-col col\" >\n          <div class=\"col-inner\">\n                        <div class=\"box has-hover gallery-box box-none\">\n              <div class=\"box-image\" >\n                <img width=\"1\" height=\"1\" src=\"https:\/\/nellydevuyst.com\/wp-content\/uploads\/2023\/05\/VEGAN-EN.svg\" class=\"attachment-medium size-medium\" alt=\"VEGAN\" ids=\"12323,12303,12319,12321,12309\" style=\"none\" lightbox=\"false\" col_spacing=\"collapse\" columns=\"8\" columns__sm=\"8\" columns__md=\"8\" decoding=\"async\" loading=\"lazy\" \/>                                                              <\/div>\n              <div class=\"box-text text-left\" >\n                 <p>VEGAN<\/p>\n              <\/div>\n            <\/div>\n                      <\/div>\n         <\/div><div class=\"gallery-col col\" >\n          <div class=\"col-inner\">\n                        <div class=\"box has-hover gallery-box box-none\">\n              <div class=\"box-image\" >\n                <img width=\"1\" height=\"1\" src=\"https:\/\/nellydevuyst.com\/wp-content\/uploads\/2023\/05\/ANIMALCRUELTY-EN.svg\" class=\"attachment-medium size-medium\" alt=\"NO ANIMAL CRUELTY\" ids=\"12323,12303,12319,12321,12309\" style=\"none\" lightbox=\"false\" col_spacing=\"collapse\" columns=\"8\" columns__sm=\"8\" columns__md=\"8\" decoding=\"async\" loading=\"lazy\" \/>                                                              <\/div>\n              <div class=\"box-text text-left\" >\n                 <p>NO ANIMAL CRUELTY <\/p>\n              <\/div>\n            <\/div>\n                      <\/div>\n         <\/div><div class=\"gallery-col col\" >\n          <div class=\"col-inner\">\n                        <div class=\"box has-hover gallery-box box-none\">\n              <div class=\"box-image\" >\n                <img width=\"1\" height=\"1\" src=\"https:\/\/nellydevuyst.com\/wp-content\/uploads\/2023\/05\/OGM-FR.svg\" class=\"attachment-medium size-medium\" alt=\"GLUTEN OGM\" ids=\"12323,12303,12319,12321,12309\" style=\"none\" lightbox=\"false\" col_spacing=\"collapse\" columns=\"8\" columns__sm=\"8\" columns__md=\"8\" decoding=\"async\" loading=\"lazy\" \/>                                                              <\/div>\n              <div class=\"box-text text-left\" >\n                 <p>GLUTEN OGM<\/p>\n              <\/div>\n            <\/div>\n                      <\/div>\n         <\/div><div class=\"gallery-col col\" >\n          <div class=\"col-inner\">\n                        <div class=\"box has-hover gallery-box box-none\">\n              <div class=\"box-image\" >\n                <img width=\"1\" height=\"1\" src=\"https:\/\/nellydevuyst.com\/wp-content\/uploads\/2023\/05\/RECYCLABLE-EN.svg\" class=\"attachment-medium size-medium\" alt=\"RECYCLABLE\" ids=\"12323,12303,12319,12321,12309\" style=\"none\" lightbox=\"false\" col_spacing=\"collapse\" columns=\"8\" columns__sm=\"8\" columns__md=\"8\" decoding=\"async\" loading=\"lazy\" \/>                                                              <\/div>\n              <div class=\"box-text text-left\" >\n                 <p>RECYCLABLE<\/p>\n              <\/div>\n            <\/div>\n                      <\/div>\n         <\/div><div class=\"gallery-col col\" >\n          <div class=\"col-inner\">\n                        <div class=\"box has-hover gallery-box box-none\">\n              <div class=\"box-image\" >\n                <img width=\"1\" height=\"1\" src=\"https:\/\/nellydevuyst.com\/wp-content\/uploads\/2023\/05\/CANADA-FR.svg\" class=\"attachment-medium size-medium\" alt=\"FABRIQUE AU CANADA\" ids=\"12323,12303,12319,12321,12309\" style=\"none\" lightbox=\"false\" col_spacing=\"collapse\" columns=\"8\" columns__sm=\"8\" columns__md=\"8\" decoding=\"async\" loading=\"lazy\" \/>                                                              <\/div>\n              <div class=\"box-text text-left\" >\n                 <p>FABRIQUE AU CANADA<\/p>\n              <\/div>\n            <\/div>\n                      <\/div>\n         <\/div><\/div>\n\t\t<\/div>\n\t\t\t\t\t<\/div>\n\n\t<\/div>\n","protected":false},"featured_media":14157,"comment_status":"open","ping_status":"closed","template":"","meta":[],"product_brand":[],"product_cat":[499,184,203,202],"product_tag":[238,222,261,227,241,240],"giftcard-category":[],"class_list":{"0":"post-1689","1":"product","2":"type-product","3":"status-publish","4":"has-post-thumbnail","6":"product_cat-collection-biocalm","7":"product_cat-nettoyants","8":"product_cat-peau-hyper-sensible-reactive","9":"product_cat-peau-sensible-rosacee","10":"product_tag-acne-rosacee","11":"product_tag-nettoyant","12":"product_tag-peau-deshydratee","13":"product_tag-peau-impure","14":"product_tag-peau-sensible","15":"product_tag-rosacee","17":"first","18":"instock","19":"taxable","20":"shipping-taxable","21":"purchasable","22":"product-type-simple"},"yoast_head":"<!-- This site is optimized with the Yoast SEO plugin v27.4 - https:\/\/yoast.com\/product\/yoast-seo-wordpress\/ -->\n<title>Lotion Moussante Peaux Sensibles BioCalm | Nelly De Vuyst\u00ae Skin Care<\/title>\n<meta name=\"description\" content=\"D\u00e9couvrez notre nettoyant doux non irritant pour les peaux sensibles. Notre formule sans SLS est un nettoyant visage calmant id\u00e9al pour les peaux s\u00e8ches sujettes aux rougeurs et \u00e0 la rosac\u00e9e.\" \/>\n<meta name=\"robots\" content=\"index, follow, max-snippet:-1, max-image-preview:large, max-video-preview:-1\" \/>\n<link rel=\"canonical\" href=\"https:\/\/nellydevuyst.com\/fr\/produit\/lotion-moussante-peaux-sensibles-biocalm\/\" \/>\n<meta property=\"og:locale\" content=\"fr_FR\" \/>\n<meta property=\"og:type\" content=\"article\" \/>\n<meta property=\"og:title\" content=\"Lotion Moussante Peaux Sensibles BioCalm | Nelly De Vuyst\u00ae Skin Care\" \/>\n<meta property=\"og:description\" content=\"D\u00e9couvrez notre nettoyant doux non irritant pour les peaux sensibles. Notre formule sans SLS est un nettoyant visage calmant id\u00e9al pour les peaux s\u00e8ches sujettes aux rougeurs et \u00e0 la rosac\u00e9e.\" \/>\n<meta property=\"og:url\" content=\"https:\/\/nellydevuyst.com\/fr\/produit\/lotion-moussante-peaux-sensibles-biocalm\/\" \/>\n<meta property=\"og:site_name\" content=\"Nelly De Vuyst\u00ae Skin Care\" \/>\n<meta property=\"article:publisher\" content=\"https:\/\/www.facebook.com\/NellyDeVuystSkincare\/\" \/>\n<meta property=\"article:modified_time\" content=\"2026-03-29T19:41:46+00:00\" \/>\n<meta property=\"og:image\" content=\"https:\/\/nellydevuyst.com\/wp-content\/uploads\/2013\/08\/BioCalm-Sensitive-Skin-Foaming-Wash.jpg\" \/>\n\t<meta property=\"og:image:width\" content=\"1200\" \/>\n\t<meta property=\"og:image:height\" content=\"1200\" \/>\n\t<meta property=\"og:image:type\" content=\"image\/jpeg\" \/>\n<meta name=\"twitter:card\" content=\"summary_large_image\" \/>\n<script type=\"application\/ld+json\" class=\"yoast-schema-graph\">{\"@context\":\"https:\\\/\\\/schema.org\",\"@graph\":[{\"@type\":[\"WebPage\",\"ItemPage\"],\"@id\":\"https:\\\/\\\/nellydevuyst.com\\\/fr\\\/produit\\\/lotion-moussante-peaux-sensibles-biocalm\\\/\",\"url\":\"https:\\\/\\\/nellydevuyst.com\\\/fr\\\/produit\\\/lotion-moussante-peaux-sensibles-biocalm\\\/\",\"name\":\"Lotion Moussante Peaux Sensibles BioCalm | Nelly De Vuyst\u00ae Skin Care\",\"isPartOf\":{\"@id\":\"https:\\\/\\\/nellydevuyst.com\\\/fr\\\/#website\"},\"primaryImageOfPage\":{\"@id\":\"https:\\\/\\\/nellydevuyst.com\\\/fr\\\/produit\\\/lotion-moussante-peaux-sensibles-biocalm\\\/#primaryimage\"},\"image\":{\"@id\":\"https:\\\/\\\/nellydevuyst.com\\\/fr\\\/produit\\\/lotion-moussante-peaux-sensibles-biocalm\\\/#primaryimage\"},\"thumbnailUrl\":\"https:\\\/\\\/nellydevuyst.com\\\/wp-content\\\/uploads\\\/2013\\\/08\\\/BioCalm-Sensitive-Skin-Foaming-Wash.jpg\",\"datePublished\":\"2013-08-10T13:34:34+00:00\",\"dateModified\":\"2026-03-29T19:41:46+00:00\",\"description\":\"D\u00e9couvrez notre nettoyant doux non irritant pour les peaux sensibles. Notre formule sans SLS est un nettoyant visage calmant id\u00e9al pour les peaux s\u00e8ches sujettes aux rougeurs et \u00e0 la rosac\u00e9e.\",\"breadcrumb\":{\"@id\":\"https:\\\/\\\/nellydevuyst.com\\\/fr\\\/produit\\\/lotion-moussante-peaux-sensibles-biocalm\\\/#breadcrumb\"},\"inLanguage\":\"fr-FR\",\"potentialAction\":[{\"@type\":\"ReadAction\",\"target\":[\"https:\\\/\\\/nellydevuyst.com\\\/fr\\\/produit\\\/lotion-moussante-peaux-sensibles-biocalm\\\/\"]}]},{\"@type\":\"ImageObject\",\"inLanguage\":\"fr-FR\",\"@id\":\"https:\\\/\\\/nellydevuyst.com\\\/fr\\\/produit\\\/lotion-moussante-peaux-sensibles-biocalm\\\/#primaryimage\",\"url\":\"https:\\\/\\\/nellydevuyst.com\\\/wp-content\\\/uploads\\\/2013\\\/08\\\/BioCalm-Sensitive-Skin-Foaming-Wash.jpg\",\"contentUrl\":\"https:\\\/\\\/nellydevuyst.com\\\/wp-content\\\/uploads\\\/2013\\\/08\\\/BioCalm-Sensitive-Skin-Foaming-Wash.jpg\",\"width\":1200,\"height\":1200,\"caption\":\"Lotion Moussante Peaux Sensibles BioCalm\"},{\"@type\":\"BreadcrumbList\",\"@id\":\"https:\\\/\\\/nellydevuyst.com\\\/fr\\\/produit\\\/lotion-moussante-peaux-sensibles-biocalm\\\/#breadcrumb\",\"itemListElement\":[{\"@type\":\"ListItem\",\"position\":1,\"name\":\"Home\",\"item\":\"https:\\\/\\\/nellydevuyst.com\\\/fr\\\/\"},{\"@type\":\"ListItem\",\"position\":2,\"name\":\"Boutique\",\"item\":\"https:\\\/\\\/nellydevuyst.com\\\/fr\\\/boutique\\\/\"},{\"@type\":\"ListItem\",\"position\":3,\"name\":\"Lotion Moussante Peaux Sensibles BioCalm\"}]},{\"@type\":\"WebSite\",\"@id\":\"https:\\\/\\\/nellydevuyst.com\\\/fr\\\/#website\",\"url\":\"https:\\\/\\\/nellydevuyst.com\\\/fr\\\/\",\"name\":\"Nelly De Vuyst\u00ae Skin Care\",\"description\":\"The Best of Science and Nature\",\"publisher\":{\"@id\":\"https:\\\/\\\/nellydevuyst.com\\\/fr\\\/#organization\"},\"alternateName\":\"NDV Skin Care\",\"potentialAction\":[{\"@type\":\"SearchAction\",\"target\":{\"@type\":\"EntryPoint\",\"urlTemplate\":\"https:\\\/\\\/nellydevuyst.com\\\/fr\\\/?s={search_term_string}\"},\"query-input\":{\"@type\":\"PropertyValueSpecification\",\"valueRequired\":true,\"valueName\":\"search_term_string\"}}],\"inLanguage\":\"fr-FR\"},{\"@type\":\"Organization\",\"@id\":\"https:\\\/\\\/nellydevuyst.com\\\/fr\\\/#organization\",\"name\":\"Nelly De Vuyst Skin Care\",\"alternateName\":\"NDV Skin Care\",\"url\":\"https:\\\/\\\/nellydevuyst.com\\\/fr\\\/\",\"logo\":{\"@type\":\"ImageObject\",\"inLanguage\":\"fr-FR\",\"@id\":\"https:\\\/\\\/nellydevuyst.com\\\/fr\\\/#\\\/schema\\\/logo\\\/image\\\/\",\"url\":\"https:\\\/\\\/nellydevuyst.com\\\/wp-content\\\/uploads\\\/2024\\\/01\\\/ndv-logo-favico.png\",\"contentUrl\":\"https:\\\/\\\/nellydevuyst.com\\\/wp-content\\\/uploads\\\/2024\\\/01\\\/ndv-logo-favico.png\",\"width\":512,\"height\":512,\"caption\":\"Nelly De Vuyst Skin Care\"},\"image\":{\"@id\":\"https:\\\/\\\/nellydevuyst.com\\\/fr\\\/#\\\/schema\\\/logo\\\/image\\\/\"},\"sameAs\":[\"https:\\\/\\\/www.facebook.com\\\/NellyDeVuystSkincare\\\/\",\"https:\\\/\\\/www.instagram.com\\\/nelly_devuyst\\\/\",\"https:\\\/\\\/www.youtube.com\\\/user\\\/derme8282\",\"https:\\\/\\\/www.tiktok.com\\\/@nellydevuyst\",\"https:\\\/\\\/www.pinterest.com.mx\\\/nellydevuystskincare\\\/\"]}]}<\/script>\n<!-- \/ Yoast SEO plugin. -->","yoast_head_json":{"title":"Lotion Moussante Peaux Sensibles BioCalm | Nelly De Vuyst\u00ae Skin Care","description":"D\u00e9couvrez notre nettoyant doux non irritant pour les peaux sensibles. Notre formule sans SLS est un nettoyant visage calmant id\u00e9al pour les peaux s\u00e8ches sujettes aux rougeurs et \u00e0 la rosac\u00e9e.","robots":{"index":"index","follow":"follow","max-snippet":"max-snippet:-1","max-image-preview":"max-image-preview:large","max-video-preview":"max-video-preview:-1"},"canonical":"https:\/\/nellydevuyst.com\/fr\/produit\/lotion-moussante-peaux-sensibles-biocalm\/","og_locale":"fr_FR","og_type":"article","og_title":"Lotion Moussante Peaux Sensibles BioCalm | Nelly De Vuyst\u00ae Skin Care","og_description":"D\u00e9couvrez notre nettoyant doux non irritant pour les peaux sensibles. Notre formule sans SLS est un nettoyant visage calmant id\u00e9al pour les peaux s\u00e8ches sujettes aux rougeurs et \u00e0 la rosac\u00e9e.","og_url":"https:\/\/nellydevuyst.com\/fr\/produit\/lotion-moussante-peaux-sensibles-biocalm\/","og_site_name":"Nelly De Vuyst\u00ae Skin Care","article_publisher":"https:\/\/www.facebook.com\/NellyDeVuystSkincare\/","article_modified_time":"2026-03-29T19:41:46+00:00","og_image":[{"width":1200,"height":1200,"url":"https:\/\/nellydevuyst.com\/wp-content\/uploads\/2013\/08\/BioCalm-Sensitive-Skin-Foaming-Wash.jpg","type":"image\/jpeg"}],"twitter_card":"summary_large_image","schema":{"@context":"https:\/\/schema.org","@graph":[{"@type":["WebPage","ItemPage"],"@id":"https:\/\/nellydevuyst.com\/fr\/produit\/lotion-moussante-peaux-sensibles-biocalm\/","url":"https:\/\/nellydevuyst.com\/fr\/produit\/lotion-moussante-peaux-sensibles-biocalm\/","name":"Lotion Moussante Peaux Sensibles BioCalm | Nelly De Vuyst\u00ae Skin Care","isPartOf":{"@id":"https:\/\/nellydevuyst.com\/fr\/#website"},"primaryImageOfPage":{"@id":"https:\/\/nellydevuyst.com\/fr\/produit\/lotion-moussante-peaux-sensibles-biocalm\/#primaryimage"},"image":{"@id":"https:\/\/nellydevuyst.com\/fr\/produit\/lotion-moussante-peaux-sensibles-biocalm\/#primaryimage"},"thumbnailUrl":"https:\/\/nellydevuyst.com\/wp-content\/uploads\/2013\/08\/BioCalm-Sensitive-Skin-Foaming-Wash.jpg","datePublished":"2013-08-10T13:34:34+00:00","dateModified":"2026-03-29T19:41:46+00:00","description":"D\u00e9couvrez notre nettoyant doux non irritant pour les peaux sensibles. Notre formule sans SLS est un nettoyant visage calmant id\u00e9al pour les peaux s\u00e8ches sujettes aux rougeurs et \u00e0 la rosac\u00e9e.","breadcrumb":{"@id":"https:\/\/nellydevuyst.com\/fr\/produit\/lotion-moussante-peaux-sensibles-biocalm\/#breadcrumb"},"inLanguage":"fr-FR","potentialAction":[{"@type":"ReadAction","target":["https:\/\/nellydevuyst.com\/fr\/produit\/lotion-moussante-peaux-sensibles-biocalm\/"]}]},{"@type":"ImageObject","inLanguage":"fr-FR","@id":"https:\/\/nellydevuyst.com\/fr\/produit\/lotion-moussante-peaux-sensibles-biocalm\/#primaryimage","url":"https:\/\/nellydevuyst.com\/wp-content\/uploads\/2013\/08\/BioCalm-Sensitive-Skin-Foaming-Wash.jpg","contentUrl":"https:\/\/nellydevuyst.com\/wp-content\/uploads\/2013\/08\/BioCalm-Sensitive-Skin-Foaming-Wash.jpg","width":1200,"height":1200,"caption":"Lotion Moussante Peaux Sensibles BioCalm"},{"@type":"BreadcrumbList","@id":"https:\/\/nellydevuyst.com\/fr\/produit\/lotion-moussante-peaux-sensibles-biocalm\/#breadcrumb","itemListElement":[{"@type":"ListItem","position":1,"name":"Home","item":"https:\/\/nellydevuyst.com\/fr\/"},{"@type":"ListItem","position":2,"name":"Boutique","item":"https:\/\/nellydevuyst.com\/fr\/boutique\/"},{"@type":"ListItem","position":3,"name":"Lotion Moussante Peaux Sensibles BioCalm"}]},{"@type":"WebSite","@id":"https:\/\/nellydevuyst.com\/fr\/#website","url":"https:\/\/nellydevuyst.com\/fr\/","name":"Nelly De Vuyst\u00ae Skin Care","description":"The Best of Science and Nature","publisher":{"@id":"https:\/\/nellydevuyst.com\/fr\/#organization"},"alternateName":"NDV Skin Care","potentialAction":[{"@type":"SearchAction","target":{"@type":"EntryPoint","urlTemplate":"https:\/\/nellydevuyst.com\/fr\/?s={search_term_string}"},"query-input":{"@type":"PropertyValueSpecification","valueRequired":true,"valueName":"search_term_string"}}],"inLanguage":"fr-FR"},{"@type":"Organization","@id":"https:\/\/nellydevuyst.com\/fr\/#organization","name":"Nelly De Vuyst Skin Care","alternateName":"NDV Skin Care","url":"https:\/\/nellydevuyst.com\/fr\/","logo":{"@type":"ImageObject","inLanguage":"fr-FR","@id":"https:\/\/nellydevuyst.com\/fr\/#\/schema\/logo\/image\/","url":"https:\/\/nellydevuyst.com\/wp-content\/uploads\/2024\/01\/ndv-logo-favico.png","contentUrl":"https:\/\/nellydevuyst.com\/wp-content\/uploads\/2024\/01\/ndv-logo-favico.png","width":512,"height":512,"caption":"Nelly De Vuyst Skin Care"},"image":{"@id":"https:\/\/nellydevuyst.com\/fr\/#\/schema\/logo\/image\/"},"sameAs":["https:\/\/www.facebook.com\/NellyDeVuystSkincare\/","https:\/\/www.instagram.com\/nelly_devuyst\/","https:\/\/www.youtube.com\/user\/derme8282","https:\/\/www.tiktok.com\/@nellydevuyst","https:\/\/www.pinterest.com.mx\/nellydevuystskincare\/"]}]}},"_links":{"self":[{"href":"https:\/\/nellydevuyst.com\/fr\/wp-json\/wp\/v2\/product\/1689","targetHints":{"allow":["GET"]}}],"collection":[{"href":"https:\/\/nellydevuyst.com\/fr\/wp-json\/wp\/v2\/product"}],"about":[{"href":"https:\/\/nellydevuyst.com\/fr\/wp-json\/wp\/v2\/types\/product"}],"replies":[{"embeddable":true,"href":"https:\/\/nellydevuyst.com\/fr\/wp-json\/wp\/v2\/comments?post=1689"}],"wp:featuredmedia":[{"embeddable":true,"href":"https:\/\/nellydevuyst.com\/fr\/wp-json\/wp\/v2\/media\/14157"}],"wp:attachment":[{"href":"https:\/\/nellydevuyst.com\/fr\/wp-json\/wp\/v2\/media?parent=1689"}],"wp:term":[{"taxonomy":"product_brand","embeddable":true,"href":"https:\/\/nellydevuyst.com\/fr\/wp-json\/wp\/v2\/product_brand?post=1689"},{"taxonomy":"product_cat","embeddable":true,"href":"https:\/\/nellydevuyst.com\/fr\/wp-json\/wp\/v2\/product_cat?post=1689"},{"taxonomy":"product_tag","embeddable":true,"href":"https:\/\/nellydevuyst.com\/fr\/wp-json\/wp\/v2\/product_tag?post=1689"},{"taxonomy":"giftcard-category","embeddable":true,"href":"https:\/\/nellydevuyst.com\/fr\/wp-json\/wp\/v2\/giftcard-category?post=1689"}],"curies":[{"name":"wp","href":"https:\/\/api.w.org\/{rel}","templated":true}]}}