{"id":1701,"date":"2013-06-07T11:25:01","date_gmt":"2013-06-07T15:25:01","guid":{"rendered":"https:\/\/nellydevuyst.com\/product\/ndv-body-brush\/"},"modified":"2025-08-12T09:23:21","modified_gmt":"2025-08-12T13:23:21","slug":"brosse-pour-le-corps-ndv","status":"publish","type":"product","link":"https:\/\/nellydevuyst.com\/fr\/produit\/brosse-pour-le-corps-ndv\/","title":{"rendered":"Brosse Pour Le Corps"},"content":{"rendered":"<h2>Un outil indispensable pour le soin du corps<\/h2>\n<p>Am\u00e9liorez votre routine de soins avec la brosse pour le corps Nelly De Vuyst\u00ae, un outil sp\u00e9cialement con\u00e7u avec des poils de sanglier pour une gamme de bienfaits pour la peau. Cette brosse essentielle va au-del\u00e0 des soins corporels habituels, offrant une exp\u00e9rience \u00e9nergisante et revitalisante qui non seulement exfolie mais aide aussi \u00e0 minimiser la cellulite. Int\u00e9grez-la \u00e0 votre routine quotidienne pour b\u00e9n\u00e9ficier de nombreux avantages.<\/p>\n<p>Le brossage corporel stimule la circulation sanguine, ce qui donne \u00e0 la peau un \u00e9clat sain et am\u00e9liore la vitalit\u00e9 g\u00e9n\u00e9rale. En favorisant le drainage lymphatique, cette pratique contribue \u00e0 la d\u00e9sintoxication et r\u00e9duit l&rsquo;apparence de la cellulite, laissant votre peau plus lisse et plus ferme.Les poils naturels exfolient en douceur, \u00e9liminant les cellules mortes et favorisant le renouvellement cellulaire pour un teint \u00e9clatant.Utilisez la brosse pour le corps Nelly De Vuyst\u00ae sur peau s\u00e8che avant votre douche en effectuant des mouvements circulaires pour am\u00e9liorer l&rsquo;absorption et l&rsquo;efficacit\u00e9 de vos produits de soins corporels.<\/p>\n","protected":false},"excerpt":{"rendered":"<p>La brosse pour le corps Nelly De Vuyst\u00ae est fabriqu\u00e9e avec des poils de sanglier pour am\u00e9liorer votre routine de soins corporels. Cet outil essentiel est con\u00e7u pour r\u00e9duire la cellulite et offre une exp\u00e9rience vivifiante et oxyg\u00e9nante. Incorporez-la \u00e0 votre r\u00e9gime quotidien pour une absorption optimale et une efficacit\u00e9 accrue des produits de soins corporels.  <\/p>\n<ul>\n<li class=\"bullet-arrow\"><strong>Texture :<\/strong> Bois, poils de sanglier naturels et bande de cuir<\/li>\n<li class=\"bullet-arrow\"><strong>Type de peau :<\/strong> Tous les types de peau<\/li>\n<li class=\"bullet-arrow\"><strong>Pr\u00e9occupations cutan\u00e9es :<\/strong> Cellulite corporelle <\/li>\n<\/ul>\n","protected":false},"featured_media":14244,"comment_status":"open","ping_status":"closed","template":"","meta":[],"product_brand":[],"product_cat":[456,198,212,193],"product_tag":[263,245],"giftcard-category":[],"class_list":{"0":"post-1701","1":"product","2":"type-product","3":"status-publish","4":"has-post-thumbnail","6":"product_cat-accessoires","7":"product_cat-collection-biofemme","8":"product_cat-cellulite","9":"product_cat-soins-corporels","10":"product_tag-corps","11":"product_tag-exfoliant-fr","13":"first","14":"instock","15":"taxable","16":"shipping-taxable","17":"purchasable","18":"product-type-simple"},"yoast_head":"<!-- This site is optimized with the Yoast SEO plugin v27.4 - https:\/\/yoast.com\/product\/yoast-seo-wordpress\/ -->\n<title>Brosse Pour Le Corps | Nelly De Vuyst\u00ae Skin Care<\/title>\n<meta name=\"description\" content=\"Une brosse corporelle \u00e9nergisante et oxyg\u00e9nante qui optimise l&#039;absorption et l&#039;efficacit\u00e9 de tous les produits corps.\" \/>\n<meta name=\"robots\" content=\"index, follow, max-snippet:-1, max-image-preview:large, max-video-preview:-1\" \/>\n<link rel=\"canonical\" href=\"https:\/\/nellydevuyst.com\/fr\/produit\/brosse-pour-le-corps-ndv\/\" \/>\n<meta property=\"og:locale\" content=\"fr_FR\" \/>\n<meta property=\"og:type\" content=\"article\" \/>\n<meta property=\"og:title\" content=\"Brosse Pour Le Corps | Nelly De Vuyst\u00ae Skin Care\" \/>\n<meta property=\"og:description\" content=\"Une brosse corporelle \u00e9nergisante et oxyg\u00e9nante qui optimise l&#039;absorption et l&#039;efficacit\u00e9 de tous les produits corps.\" \/>\n<meta property=\"og:url\" content=\"https:\/\/nellydevuyst.com\/fr\/produit\/brosse-pour-le-corps-ndv\/\" \/>\n<meta property=\"og:site_name\" content=\"Nelly De Vuyst\u00ae Skin Care\" \/>\n<meta property=\"article:publisher\" content=\"https:\/\/www.facebook.com\/NellyDeVuystSkincare\/\" \/>\n<meta property=\"article:modified_time\" content=\"2025-08-12T13:23:21+00:00\" \/>\n<meta property=\"og:image\" content=\"https:\/\/nellydevuyst.com\/wp-content\/uploads\/2013\/06\/NDV-Body-Brush.jpg\" \/>\n\t<meta property=\"og:image:width\" content=\"1200\" \/>\n\t<meta property=\"og:image:height\" content=\"1200\" \/>\n\t<meta property=\"og:image:type\" content=\"image\/jpeg\" \/>\n<meta name=\"twitter:card\" content=\"summary_large_image\" \/>\n<script type=\"application\/ld+json\" class=\"yoast-schema-graph\">{\"@context\":\"https:\\\/\\\/schema.org\",\"@graph\":[{\"@type\":[\"WebPage\",\"ItemPage\"],\"@id\":\"https:\\\/\\\/nellydevuyst.com\\\/fr\\\/produit\\\/brosse-pour-le-corps-ndv\\\/\",\"url\":\"https:\\\/\\\/nellydevuyst.com\\\/fr\\\/produit\\\/brosse-pour-le-corps-ndv\\\/\",\"name\":\"Brosse Pour Le Corps | Nelly De Vuyst\u00ae Skin Care\",\"isPartOf\":{\"@id\":\"https:\\\/\\\/nellydevuyst.com\\\/fr\\\/#website\"},\"primaryImageOfPage\":{\"@id\":\"https:\\\/\\\/nellydevuyst.com\\\/fr\\\/produit\\\/brosse-pour-le-corps-ndv\\\/#primaryimage\"},\"image\":{\"@id\":\"https:\\\/\\\/nellydevuyst.com\\\/fr\\\/produit\\\/brosse-pour-le-corps-ndv\\\/#primaryimage\"},\"thumbnailUrl\":\"https:\\\/\\\/nellydevuyst.com\\\/wp-content\\\/uploads\\\/2013\\\/06\\\/NDV-Body-Brush.jpg\",\"datePublished\":\"2013-06-07T15:25:01+00:00\",\"dateModified\":\"2025-08-12T13:23:21+00:00\",\"description\":\"Une brosse corporelle \u00e9nergisante et oxyg\u00e9nante qui optimise l'absorption et l'efficacit\u00e9 de tous les produits corps.\",\"breadcrumb\":{\"@id\":\"https:\\\/\\\/nellydevuyst.com\\\/fr\\\/produit\\\/brosse-pour-le-corps-ndv\\\/#breadcrumb\"},\"inLanguage\":\"fr-FR\",\"potentialAction\":[{\"@type\":\"ReadAction\",\"target\":[\"https:\\\/\\\/nellydevuyst.com\\\/fr\\\/produit\\\/brosse-pour-le-corps-ndv\\\/\"]}]},{\"@type\":\"ImageObject\",\"inLanguage\":\"fr-FR\",\"@id\":\"https:\\\/\\\/nellydevuyst.com\\\/fr\\\/produit\\\/brosse-pour-le-corps-ndv\\\/#primaryimage\",\"url\":\"https:\\\/\\\/nellydevuyst.com\\\/wp-content\\\/uploads\\\/2013\\\/06\\\/NDV-Body-Brush.jpg\",\"contentUrl\":\"https:\\\/\\\/nellydevuyst.com\\\/wp-content\\\/uploads\\\/2013\\\/06\\\/NDV-Body-Brush.jpg\",\"width\":1200,\"height\":1200,\"caption\":\"Brosse Pour Le Corps\"},{\"@type\":\"BreadcrumbList\",\"@id\":\"https:\\\/\\\/nellydevuyst.com\\\/fr\\\/produit\\\/brosse-pour-le-corps-ndv\\\/#breadcrumb\",\"itemListElement\":[{\"@type\":\"ListItem\",\"position\":1,\"name\":\"Home\",\"item\":\"https:\\\/\\\/nellydevuyst.com\\\/fr\\\/\"},{\"@type\":\"ListItem\",\"position\":2,\"name\":\"Boutique\",\"item\":\"https:\\\/\\\/nellydevuyst.com\\\/fr\\\/boutique\\\/\"},{\"@type\":\"ListItem\",\"position\":3,\"name\":\"Brosse Pour Le Corps\"}]},{\"@type\":\"WebSite\",\"@id\":\"https:\\\/\\\/nellydevuyst.com\\\/fr\\\/#website\",\"url\":\"https:\\\/\\\/nellydevuyst.com\\\/fr\\\/\",\"name\":\"Nelly De Vuyst\u00ae Skin Care\",\"description\":\"The Best of Science and Nature\",\"publisher\":{\"@id\":\"https:\\\/\\\/nellydevuyst.com\\\/fr\\\/#organization\"},\"alternateName\":\"NDV Skin Care\",\"potentialAction\":[{\"@type\":\"SearchAction\",\"target\":{\"@type\":\"EntryPoint\",\"urlTemplate\":\"https:\\\/\\\/nellydevuyst.com\\\/fr\\\/?s={search_term_string}\"},\"query-input\":{\"@type\":\"PropertyValueSpecification\",\"valueRequired\":true,\"valueName\":\"search_term_string\"}}],\"inLanguage\":\"fr-FR\"},{\"@type\":\"Organization\",\"@id\":\"https:\\\/\\\/nellydevuyst.com\\\/fr\\\/#organization\",\"name\":\"Nelly De Vuyst Skin Care\",\"alternateName\":\"NDV Skin Care\",\"url\":\"https:\\\/\\\/nellydevuyst.com\\\/fr\\\/\",\"logo\":{\"@type\":\"ImageObject\",\"inLanguage\":\"fr-FR\",\"@id\":\"https:\\\/\\\/nellydevuyst.com\\\/fr\\\/#\\\/schema\\\/logo\\\/image\\\/\",\"url\":\"https:\\\/\\\/nellydevuyst.com\\\/wp-content\\\/uploads\\\/2024\\\/01\\\/ndv-logo-favico.png\",\"contentUrl\":\"https:\\\/\\\/nellydevuyst.com\\\/wp-content\\\/uploads\\\/2024\\\/01\\\/ndv-logo-favico.png\",\"width\":512,\"height\":512,\"caption\":\"Nelly De Vuyst Skin Care\"},\"image\":{\"@id\":\"https:\\\/\\\/nellydevuyst.com\\\/fr\\\/#\\\/schema\\\/logo\\\/image\\\/\"},\"sameAs\":[\"https:\\\/\\\/www.facebook.com\\\/NellyDeVuystSkincare\\\/\",\"https:\\\/\\\/www.instagram.com\\\/nelly_devuyst\\\/\",\"https:\\\/\\\/www.youtube.com\\\/user\\\/derme8282\",\"https:\\\/\\\/www.tiktok.com\\\/@nellydevuyst\",\"https:\\\/\\\/www.pinterest.com.mx\\\/nellydevuystskincare\\\/\"]}]}<\/script>\n<!-- \/ Yoast SEO plugin. -->","yoast_head_json":{"title":"Brosse Pour Le Corps | Nelly De Vuyst\u00ae Skin Care","description":"Une brosse corporelle \u00e9nergisante et oxyg\u00e9nante qui optimise l'absorption et l'efficacit\u00e9 de tous les produits corps.","robots":{"index":"index","follow":"follow","max-snippet":"max-snippet:-1","max-image-preview":"max-image-preview:large","max-video-preview":"max-video-preview:-1"},"canonical":"https:\/\/nellydevuyst.com\/fr\/produit\/brosse-pour-le-corps-ndv\/","og_locale":"fr_FR","og_type":"article","og_title":"Brosse Pour Le Corps | Nelly De Vuyst\u00ae Skin Care","og_description":"Une brosse corporelle \u00e9nergisante et oxyg\u00e9nante qui optimise l'absorption et l'efficacit\u00e9 de tous les produits corps.","og_url":"https:\/\/nellydevuyst.com\/fr\/produit\/brosse-pour-le-corps-ndv\/","og_site_name":"Nelly De Vuyst\u00ae Skin Care","article_publisher":"https:\/\/www.facebook.com\/NellyDeVuystSkincare\/","article_modified_time":"2025-08-12T13:23:21+00:00","og_image":[{"width":1200,"height":1200,"url":"https:\/\/nellydevuyst.com\/wp-content\/uploads\/2013\/06\/NDV-Body-Brush.jpg","type":"image\/jpeg"}],"twitter_card":"summary_large_image","schema":{"@context":"https:\/\/schema.org","@graph":[{"@type":["WebPage","ItemPage"],"@id":"https:\/\/nellydevuyst.com\/fr\/produit\/brosse-pour-le-corps-ndv\/","url":"https:\/\/nellydevuyst.com\/fr\/produit\/brosse-pour-le-corps-ndv\/","name":"Brosse Pour Le Corps | Nelly De Vuyst\u00ae Skin Care","isPartOf":{"@id":"https:\/\/nellydevuyst.com\/fr\/#website"},"primaryImageOfPage":{"@id":"https:\/\/nellydevuyst.com\/fr\/produit\/brosse-pour-le-corps-ndv\/#primaryimage"},"image":{"@id":"https:\/\/nellydevuyst.com\/fr\/produit\/brosse-pour-le-corps-ndv\/#primaryimage"},"thumbnailUrl":"https:\/\/nellydevuyst.com\/wp-content\/uploads\/2013\/06\/NDV-Body-Brush.jpg","datePublished":"2013-06-07T15:25:01+00:00","dateModified":"2025-08-12T13:23:21+00:00","description":"Une brosse corporelle \u00e9nergisante et oxyg\u00e9nante qui optimise l'absorption et l'efficacit\u00e9 de tous les produits corps.","breadcrumb":{"@id":"https:\/\/nellydevuyst.com\/fr\/produit\/brosse-pour-le-corps-ndv\/#breadcrumb"},"inLanguage":"fr-FR","potentialAction":[{"@type":"ReadAction","target":["https:\/\/nellydevuyst.com\/fr\/produit\/brosse-pour-le-corps-ndv\/"]}]},{"@type":"ImageObject","inLanguage":"fr-FR","@id":"https:\/\/nellydevuyst.com\/fr\/produit\/brosse-pour-le-corps-ndv\/#primaryimage","url":"https:\/\/nellydevuyst.com\/wp-content\/uploads\/2013\/06\/NDV-Body-Brush.jpg","contentUrl":"https:\/\/nellydevuyst.com\/wp-content\/uploads\/2013\/06\/NDV-Body-Brush.jpg","width":1200,"height":1200,"caption":"Brosse Pour Le Corps"},{"@type":"BreadcrumbList","@id":"https:\/\/nellydevuyst.com\/fr\/produit\/brosse-pour-le-corps-ndv\/#breadcrumb","itemListElement":[{"@type":"ListItem","position":1,"name":"Home","item":"https:\/\/nellydevuyst.com\/fr\/"},{"@type":"ListItem","position":2,"name":"Boutique","item":"https:\/\/nellydevuyst.com\/fr\/boutique\/"},{"@type":"ListItem","position":3,"name":"Brosse Pour Le Corps"}]},{"@type":"WebSite","@id":"https:\/\/nellydevuyst.com\/fr\/#website","url":"https:\/\/nellydevuyst.com\/fr\/","name":"Nelly De Vuyst\u00ae Skin Care","description":"The Best of Science and Nature","publisher":{"@id":"https:\/\/nellydevuyst.com\/fr\/#organization"},"alternateName":"NDV Skin Care","potentialAction":[{"@type":"SearchAction","target":{"@type":"EntryPoint","urlTemplate":"https:\/\/nellydevuyst.com\/fr\/?s={search_term_string}"},"query-input":{"@type":"PropertyValueSpecification","valueRequired":true,"valueName":"search_term_string"}}],"inLanguage":"fr-FR"},{"@type":"Organization","@id":"https:\/\/nellydevuyst.com\/fr\/#organization","name":"Nelly De Vuyst Skin Care","alternateName":"NDV Skin Care","url":"https:\/\/nellydevuyst.com\/fr\/","logo":{"@type":"ImageObject","inLanguage":"fr-FR","@id":"https:\/\/nellydevuyst.com\/fr\/#\/schema\/logo\/image\/","url":"https:\/\/nellydevuyst.com\/wp-content\/uploads\/2024\/01\/ndv-logo-favico.png","contentUrl":"https:\/\/nellydevuyst.com\/wp-content\/uploads\/2024\/01\/ndv-logo-favico.png","width":512,"height":512,"caption":"Nelly De Vuyst Skin Care"},"image":{"@id":"https:\/\/nellydevuyst.com\/fr\/#\/schema\/logo\/image\/"},"sameAs":["https:\/\/www.facebook.com\/NellyDeVuystSkincare\/","https:\/\/www.instagram.com\/nelly_devuyst\/","https:\/\/www.youtube.com\/user\/derme8282","https:\/\/www.tiktok.com\/@nellydevuyst","https:\/\/www.pinterest.com.mx\/nellydevuystskincare\/"]}]}},"_links":{"self":[{"href":"https:\/\/nellydevuyst.com\/fr\/wp-json\/wp\/v2\/product\/1701","targetHints":{"allow":["GET"]}}],"collection":[{"href":"https:\/\/nellydevuyst.com\/fr\/wp-json\/wp\/v2\/product"}],"about":[{"href":"https:\/\/nellydevuyst.com\/fr\/wp-json\/wp\/v2\/types\/product"}],"replies":[{"embeddable":true,"href":"https:\/\/nellydevuyst.com\/fr\/wp-json\/wp\/v2\/comments?post=1701"}],"wp:featuredmedia":[{"embeddable":true,"href":"https:\/\/nellydevuyst.com\/fr\/wp-json\/wp\/v2\/media\/14244"}],"wp:attachment":[{"href":"https:\/\/nellydevuyst.com\/fr\/wp-json\/wp\/v2\/media?parent=1701"}],"wp:term":[{"taxonomy":"product_brand","embeddable":true,"href":"https:\/\/nellydevuyst.com\/fr\/wp-json\/wp\/v2\/product_brand?post=1701"},{"taxonomy":"product_cat","embeddable":true,"href":"https:\/\/nellydevuyst.com\/fr\/wp-json\/wp\/v2\/product_cat?post=1701"},{"taxonomy":"product_tag","embeddable":true,"href":"https:\/\/nellydevuyst.com\/fr\/wp-json\/wp\/v2\/product_tag?post=1701"},{"taxonomy":"giftcard-category","embeddable":true,"href":"https:\/\/nellydevuyst.com\/fr\/wp-json\/wp\/v2\/giftcard-category?post=1701"}],"curies":[{"name":"wp","href":"https:\/\/api.w.org\/{rel}","templated":true}]}}