{"id":1705,"date":"2013-07-06T11:02:20","date_gmt":"2013-07-06T15:02:20","guid":{"rendered":"https:\/\/nellydevuyst.com\/product\/soothing-lotion\/"},"modified":"2026-02-21T23:39:51","modified_gmt":"2026-02-22T04:39:51","slug":"lotion-apaisante-biorepair","status":"publish","type":"product","link":"https:\/\/nellydevuyst.com\/fr\/produit\/lotion-apaisante-biorepair\/","title":{"rendered":"Lotion Apaisante BioRepair"},"content":{"rendered":"<h2 class=\"uppercase\">Un calmant et un \u00e9quilibreur de pH pour le confort de votre peau<\/h2>\n<p>D\u00e9couvrez un tonique doux \u00e0 l\u2019eau de rose et de bleuet. Parfait comme compresseur post-extraction pour les coups de soleil, les cernes et les poches. C&rsquo;est aussi un compagnon id\u00e9al apr\u00e8s les traitements au peeling, au laser ou \u00e0 l&rsquo;IPL. Avec le pouvoir de stabiliser le pH de la peau et d&rsquo;offrir un effet rafra\u00eechissant, les r\u00e9sultats sont imm\u00e9diats : votre visage para\u00eet plus frais et plus lumineux. Le pH de la peau est parfaitement \u00e9quilibr\u00e9, ce qui permet \u00e0 la peau d&rsquo;\u00eatre pr\u00eate pour les \u00e9tapes suivantes de votre programme de soins.<\/p>\n<p>Profitez des avantages transformateurs de cette solution polyvalente, qui offre une approche holistique des soins de la peau.<\/p>\n","protected":false},"excerpt":{"rendered":"<p>Parfait pour les peaux sensibles et enflamm\u00e9es et pour ceux qui luttent contre les poches sous les yeux. Compos\u00e9e d&rsquo;eau de bleuet d\u00e9congestionnante et d&rsquo;eau florale de rose apaisante, cette solution unique calme et r\u00e9duit rapidement les rougeurs. Id\u00e9ale apr\u00e8s un traitement au laser, \u00e0 la lumi\u00e8re puls\u00e9e ou un peeling. Utiliser comme une compresse de 10 minutes pour les paupi\u00e8res pour un soulagement instantan\u00e9 des poches sous les yeux et un regard frais..<\/p>\n<ul>\n<li class=\"bullet-arrow\"><strong>Texture :<\/strong> Liquide (vaporisateur)<\/li>\n<li class=\"bullet-arrow\"><strong>Type de peau :<\/strong> Peau s\u00e8che, peau mature, peau sensible<\/li>\n<li class=\"bullet-arrow\"><strong>Pr\u00e9occupations cutan\u00e9es :<\/strong> Peau m\u00e8nopaus\u00e9e, s\u00e9cheress, rougeur<\/li>\n<li class=\"bullet-arrow\"><strong>Format :<\/strong> 3.30 fl.oz. &#8211; 100 ml <em>(Vaporisateur)<\/em><\/li>\n<\/ul>\n<div class=\"row row-full-width align-equal\"  id=\"row-276001437\">\n\t<div id=\"col-1741478380\" class=\"col small-12 large-12\"  >\n\t\t\t\t<div class=\"col-inner\"  >\n\t\t\t\n\t\t\t\n\n  \n    <div class=\"row large-columns-8 medium-columns-8 small-columns-8 row-collapse\" >\n  <div class=\"gallery-col col\" >\n          <div class=\"col-inner\">\n                        <div class=\"box has-hover gallery-box box-none\">\n              <div class=\"box-image\" >\n                <img width=\"1\" height=\"1\" src=\"https:\/\/nellydevuyst.com\/wp-content\/uploads\/2023\/05\/VEGAN-EN.svg\" class=\"attachment-medium size-medium\" alt=\"VEGAN\" ids=\"12323,12303,12319,12321,12309\" style=\"none\" lightbox=\"false\" col_spacing=\"collapse\" columns=\"8\" columns__sm=\"8\" columns__md=\"8\" decoding=\"async\" loading=\"lazy\" \/>                                                              <\/div>\n              <div class=\"box-text text-left\" >\n                 <p>VEGAN<\/p>\n              <\/div>\n            <\/div>\n                      <\/div>\n         <\/div><div class=\"gallery-col col\" >\n          <div class=\"col-inner\">\n                        <div class=\"box has-hover gallery-box box-none\">\n              <div class=\"box-image\" >\n                <img width=\"1\" height=\"1\" src=\"https:\/\/nellydevuyst.com\/wp-content\/uploads\/2023\/05\/ANIMALCRUELTY-EN.svg\" class=\"attachment-medium size-medium\" alt=\"NO ANIMAL CRUELTY\" ids=\"12323,12303,12319,12321,12309\" style=\"none\" lightbox=\"false\" col_spacing=\"collapse\" columns=\"8\" columns__sm=\"8\" columns__md=\"8\" decoding=\"async\" loading=\"lazy\" \/>                                                              <\/div>\n              <div class=\"box-text text-left\" >\n                 <p>NO ANIMAL CRUELTY <\/p>\n              <\/div>\n            <\/div>\n                      <\/div>\n         <\/div><div class=\"gallery-col col\" >\n          <div class=\"col-inner\">\n                        <div class=\"box has-hover gallery-box box-none\">\n              <div class=\"box-image\" >\n                <img width=\"1\" height=\"1\" src=\"https:\/\/nellydevuyst.com\/wp-content\/uploads\/2023\/05\/OGM-FR.svg\" class=\"attachment-medium size-medium\" alt=\"GLUTEN OGM\" ids=\"12323,12303,12319,12321,12309\" style=\"none\" lightbox=\"false\" col_spacing=\"collapse\" columns=\"8\" columns__sm=\"8\" columns__md=\"8\" decoding=\"async\" loading=\"lazy\" \/>                                                              <\/div>\n              <div class=\"box-text text-left\" >\n                 <p>GLUTEN OGM<\/p>\n              <\/div>\n            <\/div>\n                      <\/div>\n         <\/div><div class=\"gallery-col col\" >\n          <div class=\"col-inner\">\n                        <div class=\"box has-hover gallery-box box-none\">\n              <div class=\"box-image\" >\n                <img width=\"1\" height=\"1\" src=\"https:\/\/nellydevuyst.com\/wp-content\/uploads\/2023\/05\/RECYCLABLE-EN.svg\" class=\"attachment-medium size-medium\" alt=\"RECYCLABLE\" ids=\"12323,12303,12319,12321,12309\" style=\"none\" lightbox=\"false\" col_spacing=\"collapse\" columns=\"8\" columns__sm=\"8\" columns__md=\"8\" decoding=\"async\" loading=\"lazy\" \/>                                                              <\/div>\n              <div class=\"box-text text-left\" >\n                 <p>RECYCLABLE<\/p>\n              <\/div>\n            <\/div>\n                      <\/div>\n         <\/div><div class=\"gallery-col col\" >\n          <div class=\"col-inner\">\n                        <div class=\"box has-hover gallery-box box-none\">\n              <div class=\"box-image\" >\n                <img width=\"1\" height=\"1\" src=\"https:\/\/nellydevuyst.com\/wp-content\/uploads\/2023\/05\/CANADA-FR.svg\" class=\"attachment-medium size-medium\" alt=\"FABRIQUE AU CANADA\" ids=\"12323,12303,12319,12321,12309\" style=\"none\" lightbox=\"false\" col_spacing=\"collapse\" columns=\"8\" columns__sm=\"8\" columns__md=\"8\" decoding=\"async\" loading=\"lazy\" \/>                                                              <\/div>\n              <div class=\"box-text text-left\" >\n                 <p>FABRIQUE AU CANADA<\/p>\n              <\/div>\n            <\/div>\n                      <\/div>\n         <\/div><\/div>\n\t\t<\/div>\n\t\t\t\t\t<\/div>\n\n\t<\/div>\n","protected":false},"featured_media":14269,"comment_status":"open","ping_status":"closed","template":"","meta":[],"product_brand":[],"product_cat":[514,525,526,203,202,185],"product_tag":[268,270,276,229],"giftcard-category":[],"class_list":{"0":"post-1705","1":"product","2":"type-product","3":"status-publish","4":"has-post-thumbnail","6":"product_cat-collection-biorepair","7":"product_cat-contour-des-yeux-cernes","8":"product_cat-contour-des-yeux-rides","9":"product_cat-peau-hyper-sensible-reactive","10":"product_cat-peau-sensible-rosacee","11":"product_cat-toniques","12":"product_tag-cernes","13":"product_tag-gonflement","14":"product_tag-hypersensibilite","15":"product_tag-tonique","17":"first","18":"instock","19":"taxable","20":"shipping-taxable","21":"purchasable","22":"product-type-simple"},"yoast_head":"<!-- This site is optimized with the Yoast SEO plugin v27.2 - https:\/\/yoast.com\/product\/yoast-seo-wordpress\/ -->\n<title>Lotion Apaisante BioRepair | Nelly De Vuyst\u00ae Skin Care<\/title>\n<meta name=\"description\" content=\"Un tonique apaisant et doux \u00e0 l\u2019eau de rose pour le visage, id\u00e9al pour les peaux enflamm\u00e9es ou irrit\u00e9es. Recommand\u00e9 apr\u00e8s un laser, un IPL ou un peeling chimique.\" \/>\n<meta name=\"robots\" content=\"index, follow, max-snippet:-1, max-image-preview:large, max-video-preview:-1\" \/>\n<link rel=\"canonical\" href=\"https:\/\/nellydevuyst.com\/fr\/produit\/lotion-apaisante-biorepair\/\" \/>\n<meta property=\"og:locale\" content=\"fr_FR\" \/>\n<meta property=\"og:type\" content=\"article\" \/>\n<meta property=\"og:title\" content=\"Lotion Apaisante BioRepair | Nelly De Vuyst\u00ae Skin Care\" \/>\n<meta property=\"og:description\" content=\"Un tonique apaisant et doux \u00e0 l\u2019eau de rose pour le visage, id\u00e9al pour les peaux enflamm\u00e9es ou irrit\u00e9es. Recommand\u00e9 apr\u00e8s un laser, un IPL ou un peeling chimique.\" \/>\n<meta property=\"og:url\" content=\"https:\/\/nellydevuyst.com\/fr\/produit\/lotion-apaisante-biorepair\/\" \/>\n<meta property=\"og:site_name\" content=\"Nelly De Vuyst\u00ae Skin Care\" \/>\n<meta property=\"article:publisher\" content=\"https:\/\/www.facebook.com\/NellyDeVuystSkincare\/\" \/>\n<meta property=\"article:modified_time\" content=\"2026-02-22T04:39:51+00:00\" \/>\n<meta property=\"og:image\" content=\"https:\/\/nellydevuyst.com\/wp-content\/uploads\/2013\/07\/BioRepair-Soothing-Lotion.jpg\" \/>\n\t<meta property=\"og:image:width\" content=\"1200\" \/>\n\t<meta property=\"og:image:height\" content=\"1200\" \/>\n\t<meta property=\"og:image:type\" content=\"image\/jpeg\" \/>\n<meta name=\"twitter:card\" content=\"summary_large_image\" \/>\n<script type=\"application\/ld+json\" class=\"yoast-schema-graph\">{\"@context\":\"https:\/\/schema.org\",\"@graph\":[{\"@type\":[\"WebPage\",\"ItemPage\"],\"@id\":\"https:\/\/nellydevuyst.com\/fr\/produit\/lotion-apaisante-biorepair\/\",\"url\":\"https:\/\/nellydevuyst.com\/fr\/produit\/lotion-apaisante-biorepair\/\",\"name\":\"Lotion Apaisante BioRepair | Nelly De Vuyst\u00ae Skin Care\",\"isPartOf\":{\"@id\":\"https:\/\/nellydevuyst.com\/fr\/#website\"},\"primaryImageOfPage\":{\"@id\":\"https:\/\/nellydevuyst.com\/fr\/produit\/lotion-apaisante-biorepair\/#primaryimage\"},\"image\":{\"@id\":\"https:\/\/nellydevuyst.com\/fr\/produit\/lotion-apaisante-biorepair\/#primaryimage\"},\"thumbnailUrl\":\"https:\/\/nellydevuyst.com\/wp-content\/uploads\/2013\/07\/BioRepair-Soothing-Lotion.jpg\",\"datePublished\":\"2013-07-06T15:02:20+00:00\",\"dateModified\":\"2026-02-22T04:39:51+00:00\",\"description\":\"Un tonique apaisant et doux \u00e0 l\u2019eau de rose pour le visage, id\u00e9al pour les peaux enflamm\u00e9es ou irrit\u00e9es. Recommand\u00e9 apr\u00e8s un laser, un IPL ou un peeling chimique.\",\"breadcrumb\":{\"@id\":\"https:\/\/nellydevuyst.com\/fr\/produit\/lotion-apaisante-biorepair\/#breadcrumb\"},\"inLanguage\":\"fr-FR\",\"potentialAction\":[{\"@type\":\"ReadAction\",\"target\":[\"https:\/\/nellydevuyst.com\/fr\/produit\/lotion-apaisante-biorepair\/\"]}]},{\"@type\":\"ImageObject\",\"inLanguage\":\"fr-FR\",\"@id\":\"https:\/\/nellydevuyst.com\/fr\/produit\/lotion-apaisante-biorepair\/#primaryimage\",\"url\":\"https:\/\/nellydevuyst.com\/wp-content\/uploads\/2013\/07\/BioRepair-Soothing-Lotion.jpg\",\"contentUrl\":\"https:\/\/nellydevuyst.com\/wp-content\/uploads\/2013\/07\/BioRepair-Soothing-Lotion.jpg\",\"width\":1200,\"height\":1200,\"caption\":\"Lotion Apaisante BioRepair\"},{\"@type\":\"BreadcrumbList\",\"@id\":\"https:\/\/nellydevuyst.com\/fr\/produit\/lotion-apaisante-biorepair\/#breadcrumb\",\"itemListElement\":[{\"@type\":\"ListItem\",\"position\":1,\"name\":\"Home\",\"item\":\"https:\/\/nellydevuyst.com\/fr\/\"},{\"@type\":\"ListItem\",\"position\":2,\"name\":\"Boutique\",\"item\":\"https:\/\/nellydevuyst.com\/fr\/boutique\/\"},{\"@type\":\"ListItem\",\"position\":3,\"name\":\"Lotion Apaisante BioRepair\"}]},{\"@type\":\"WebSite\",\"@id\":\"https:\/\/nellydevuyst.com\/fr\/#website\",\"url\":\"https:\/\/nellydevuyst.com\/fr\/\",\"name\":\"Nelly De Vuyst\u00ae Skin Care\",\"description\":\"The Best of Science and Nature\",\"publisher\":{\"@id\":\"https:\/\/nellydevuyst.com\/fr\/#organization\"},\"alternateName\":\"NDV Skin Care\",\"potentialAction\":[{\"@type\":\"SearchAction\",\"target\":{\"@type\":\"EntryPoint\",\"urlTemplate\":\"https:\/\/nellydevuyst.com\/fr\/?s={search_term_string}\"},\"query-input\":{\"@type\":\"PropertyValueSpecification\",\"valueRequired\":true,\"valueName\":\"search_term_string\"}}],\"inLanguage\":\"fr-FR\"},{\"@type\":\"Organization\",\"@id\":\"https:\/\/nellydevuyst.com\/fr\/#organization\",\"name\":\"Nelly De Vuyst Skin Care\",\"alternateName\":\"NDV Skin Care\",\"url\":\"https:\/\/nellydevuyst.com\/fr\/\",\"logo\":{\"@type\":\"ImageObject\",\"inLanguage\":\"fr-FR\",\"@id\":\"https:\/\/nellydevuyst.com\/fr\/#\/schema\/logo\/image\/\",\"url\":\"https:\/\/nellydevuyst.com\/wp-content\/uploads\/2024\/01\/ndv-logo-favico.png\",\"contentUrl\":\"https:\/\/nellydevuyst.com\/wp-content\/uploads\/2024\/01\/ndv-logo-favico.png\",\"width\":512,\"height\":512,\"caption\":\"Nelly De Vuyst Skin Care\"},\"image\":{\"@id\":\"https:\/\/nellydevuyst.com\/fr\/#\/schema\/logo\/image\/\"},\"sameAs\":[\"https:\/\/www.facebook.com\/NellyDeVuystSkincare\/\",\"https:\/\/www.instagram.com\/nelly_devuyst\/\",\"https:\/\/www.youtube.com\/user\/derme8282\",\"https:\/\/www.tiktok.com\/@nellydevuyst\",\"https:\/\/www.pinterest.com.mx\/nellydevuystskincare\/\"]}]}<\/script>\n<!-- \/ Yoast SEO plugin. -->","yoast_head_json":{"title":"Lotion Apaisante BioRepair | Nelly De Vuyst\u00ae Skin Care","description":"Un tonique apaisant et doux \u00e0 l\u2019eau de rose pour le visage, id\u00e9al pour les peaux enflamm\u00e9es ou irrit\u00e9es. Recommand\u00e9 apr\u00e8s un laser, un IPL ou un peeling chimique.","robots":{"index":"index","follow":"follow","max-snippet":"max-snippet:-1","max-image-preview":"max-image-preview:large","max-video-preview":"max-video-preview:-1"},"canonical":"https:\/\/nellydevuyst.com\/fr\/produit\/lotion-apaisante-biorepair\/","og_locale":"fr_FR","og_type":"article","og_title":"Lotion Apaisante BioRepair | Nelly De Vuyst\u00ae Skin Care","og_description":"Un tonique apaisant et doux \u00e0 l\u2019eau de rose pour le visage, id\u00e9al pour les peaux enflamm\u00e9es ou irrit\u00e9es. Recommand\u00e9 apr\u00e8s un laser, un IPL ou un peeling chimique.","og_url":"https:\/\/nellydevuyst.com\/fr\/produit\/lotion-apaisante-biorepair\/","og_site_name":"Nelly De Vuyst\u00ae Skin Care","article_publisher":"https:\/\/www.facebook.com\/NellyDeVuystSkincare\/","article_modified_time":"2026-02-22T04:39:51+00:00","og_image":[{"width":1200,"height":1200,"url":"https:\/\/nellydevuyst.com\/wp-content\/uploads\/2013\/07\/BioRepair-Soothing-Lotion.jpg","type":"image\/jpeg"}],"twitter_card":"summary_large_image","schema":{"@context":"https:\/\/schema.org","@graph":[{"@type":["WebPage","ItemPage"],"@id":"https:\/\/nellydevuyst.com\/fr\/produit\/lotion-apaisante-biorepair\/","url":"https:\/\/nellydevuyst.com\/fr\/produit\/lotion-apaisante-biorepair\/","name":"Lotion Apaisante BioRepair | Nelly De Vuyst\u00ae Skin Care","isPartOf":{"@id":"https:\/\/nellydevuyst.com\/fr\/#website"},"primaryImageOfPage":{"@id":"https:\/\/nellydevuyst.com\/fr\/produit\/lotion-apaisante-biorepair\/#primaryimage"},"image":{"@id":"https:\/\/nellydevuyst.com\/fr\/produit\/lotion-apaisante-biorepair\/#primaryimage"},"thumbnailUrl":"https:\/\/nellydevuyst.com\/wp-content\/uploads\/2013\/07\/BioRepair-Soothing-Lotion.jpg","datePublished":"2013-07-06T15:02:20+00:00","dateModified":"2026-02-22T04:39:51+00:00","description":"Un tonique apaisant et doux \u00e0 l\u2019eau de rose pour le visage, id\u00e9al pour les peaux enflamm\u00e9es ou irrit\u00e9es. Recommand\u00e9 apr\u00e8s un laser, un IPL ou un peeling chimique.","breadcrumb":{"@id":"https:\/\/nellydevuyst.com\/fr\/produit\/lotion-apaisante-biorepair\/#breadcrumb"},"inLanguage":"fr-FR","potentialAction":[{"@type":"ReadAction","target":["https:\/\/nellydevuyst.com\/fr\/produit\/lotion-apaisante-biorepair\/"]}]},{"@type":"ImageObject","inLanguage":"fr-FR","@id":"https:\/\/nellydevuyst.com\/fr\/produit\/lotion-apaisante-biorepair\/#primaryimage","url":"https:\/\/nellydevuyst.com\/wp-content\/uploads\/2013\/07\/BioRepair-Soothing-Lotion.jpg","contentUrl":"https:\/\/nellydevuyst.com\/wp-content\/uploads\/2013\/07\/BioRepair-Soothing-Lotion.jpg","width":1200,"height":1200,"caption":"Lotion Apaisante BioRepair"},{"@type":"BreadcrumbList","@id":"https:\/\/nellydevuyst.com\/fr\/produit\/lotion-apaisante-biorepair\/#breadcrumb","itemListElement":[{"@type":"ListItem","position":1,"name":"Home","item":"https:\/\/nellydevuyst.com\/fr\/"},{"@type":"ListItem","position":2,"name":"Boutique","item":"https:\/\/nellydevuyst.com\/fr\/boutique\/"},{"@type":"ListItem","position":3,"name":"Lotion Apaisante BioRepair"}]},{"@type":"WebSite","@id":"https:\/\/nellydevuyst.com\/fr\/#website","url":"https:\/\/nellydevuyst.com\/fr\/","name":"Nelly De Vuyst\u00ae Skin Care","description":"The Best of Science and Nature","publisher":{"@id":"https:\/\/nellydevuyst.com\/fr\/#organization"},"alternateName":"NDV Skin Care","potentialAction":[{"@type":"SearchAction","target":{"@type":"EntryPoint","urlTemplate":"https:\/\/nellydevuyst.com\/fr\/?s={search_term_string}"},"query-input":{"@type":"PropertyValueSpecification","valueRequired":true,"valueName":"search_term_string"}}],"inLanguage":"fr-FR"},{"@type":"Organization","@id":"https:\/\/nellydevuyst.com\/fr\/#organization","name":"Nelly De Vuyst Skin Care","alternateName":"NDV Skin Care","url":"https:\/\/nellydevuyst.com\/fr\/","logo":{"@type":"ImageObject","inLanguage":"fr-FR","@id":"https:\/\/nellydevuyst.com\/fr\/#\/schema\/logo\/image\/","url":"https:\/\/nellydevuyst.com\/wp-content\/uploads\/2024\/01\/ndv-logo-favico.png","contentUrl":"https:\/\/nellydevuyst.com\/wp-content\/uploads\/2024\/01\/ndv-logo-favico.png","width":512,"height":512,"caption":"Nelly De Vuyst Skin Care"},"image":{"@id":"https:\/\/nellydevuyst.com\/fr\/#\/schema\/logo\/image\/"},"sameAs":["https:\/\/www.facebook.com\/NellyDeVuystSkincare\/","https:\/\/www.instagram.com\/nelly_devuyst\/","https:\/\/www.youtube.com\/user\/derme8282","https:\/\/www.tiktok.com\/@nellydevuyst","https:\/\/www.pinterest.com.mx\/nellydevuystskincare\/"]}]}},"_links":{"self":[{"href":"https:\/\/nellydevuyst.com\/fr\/wp-json\/wp\/v2\/product\/1705","targetHints":{"allow":["GET"]}}],"collection":[{"href":"https:\/\/nellydevuyst.com\/fr\/wp-json\/wp\/v2\/product"}],"about":[{"href":"https:\/\/nellydevuyst.com\/fr\/wp-json\/wp\/v2\/types\/product"}],"replies":[{"embeddable":true,"href":"https:\/\/nellydevuyst.com\/fr\/wp-json\/wp\/v2\/comments?post=1705"}],"wp:featuredmedia":[{"embeddable":true,"href":"https:\/\/nellydevuyst.com\/fr\/wp-json\/wp\/v2\/media\/14269"}],"wp:attachment":[{"href":"https:\/\/nellydevuyst.com\/fr\/wp-json\/wp\/v2\/media?parent=1705"}],"wp:term":[{"taxonomy":"product_brand","embeddable":true,"href":"https:\/\/nellydevuyst.com\/fr\/wp-json\/wp\/v2\/product_brand?post=1705"},{"taxonomy":"product_cat","embeddable":true,"href":"https:\/\/nellydevuyst.com\/fr\/wp-json\/wp\/v2\/product_cat?post=1705"},{"taxonomy":"product_tag","embeddable":true,"href":"https:\/\/nellydevuyst.com\/fr\/wp-json\/wp\/v2\/product_tag?post=1705"},{"taxonomy":"giftcard-category","embeddable":true,"href":"https:\/\/nellydevuyst.com\/fr\/wp-json\/wp\/v2\/giftcard-category?post=1705"}],"curies":[{"name":"wp","href":"https:\/\/api.w.org\/{rel}","templated":true}]}}