{"id":1711,"date":"2013-07-05T19:32:57","date_gmt":"2013-07-05T23:32:57","guid":{"rendered":"https:\/\/nellydevuyst.com\/product\/lifting-complex-toner\/"},"modified":"2026-04-18T20:26:28","modified_gmt":"2026-04-19T00:26:28","slug":"tonique-ph-lifting-complex","status":"publish","type":"product","link":"https:\/\/nellydevuyst.com\/fr\/produit\/tonique-ph-lifting-complex\/","title":{"rendered":"Tonique pH Lifting Complex"},"content":{"rendered":"<h2 class=\"uppercase\">Donnez \u00e0 votre peau une vitalit\u00e9 renouvel\u00e9e avec notre tonique anti-\u00e2ge<\/h2>\n<p>Notre tonique anti-\u00e2ge est un m\u00e9lange harmonieux des meilleurs ingr\u00e9dients naturels et d&rsquo;une technologie de soin avanc\u00e9e. Sp\u00e9cifiquement formul\u00e9 pour ceux qui cherchent \u00e0 combattre les signes visibles du vieillissement, ce tonique puise dans les pouvoirs r\u00e9parateurs des plantes et des fleurs. Ces ingr\u00e9dients raffermissants et rafra\u00eechissants agissent en synergie pour raffermir et tonifier la peau, l&rsquo;hydrater en profondeur et renforcer son \u00e9lasticit\u00e9.<\/p>\n<p>Au-del\u00e0 de son objectif anti-\u00e2ge principal, ce tonique offre une approche polyvalente des soins de la peau. Il sert de pont vital entre le nettoyage et l&rsquo;hydratation, en affinant les pores et en pr\u00e9parant la peau \u00e0 recevoir les produits de soin suivants. En l&rsquo;utilisant r\u00e9guli\u00e8rement, vous pouvez vous attendre \u00e0 un teint plus jeune, \u00e0 une diminution des rides et ridules et \u00e0 un rel\u00e2chement de la peau.<\/p>\n<p>Plus qu&rsquo;un simple produit, notre tonique anti-\u00e2ge incarne un rituel de soin luxueux. Sa formule l\u00e9g\u00e8re et rafra\u00eechissante glisse sur la peau, lui conf\u00e9rant une sensation imm\u00e9diate d&rsquo;hydratation et d&rsquo;\u00e9quilibre. Qu&rsquo;il soit int\u00e9gr\u00e9 \u00e0 la routine du matin ou \u00e0 celle du soir, ce tonique t\u00e9moigne de notre engagement en faveur de la qualit\u00e9, de l&rsquo;efficacit\u00e9 et de la recherche intemporelle d&rsquo;une beaut\u00e9 sans \u00e2ge.<\/p>\n<p>Conform\u00e9ment \u00e0 notre engagement envers votre peau et l&rsquo;environnement, ce tonique anti-\u00e2ge est biod\u00e9gradable, sans alcool, sans silicone, sans parab\u00e8ne, sans PEG, sans gluten, sans OGM, sans perturbateur endocrinien, sans goudron, sans quaternium, sans colorant et non test\u00e9 sur les animaux.<\/p>\n","protected":false},"excerpt":{"rendered":"<p>D\u00e9couvrez le pouvoir de transformation de notre tonique anti-\u00e2ge, m\u00e9ticuleusement d\u00e9velopp\u00e9 pour combattre les rides, les ridules et le rel\u00e2chement cutan\u00e9. Infus\u00e9 d&rsquo;eaux florales liftantes, hydratantes et rafra\u00eechissantes, il hydrate en profondeur, et apporte un raffermissement, un rajeunissement des peaux matures. Am\u00e9liorez votre routine de soins de la peau et d\u00e9voilez un teint jeune et rafra\u00eechi \u00e0 chaque utilisation.<\/p>\n<ul>\n<li class=\"bullet-arrow\"><strong>Texture :<\/strong> Liquide (Vaporisateur)<\/li>\n<li class=\"bullet-arrow\"><strong>Type de peau :<\/strong> Mature<\/li>\n<li class=\"bullet-arrow\"><strong>Pr\u00e9occupation cuatan\u00e9e :<\/strong> Rides, ridules, affaissement, manqu\u00e9 de fermet\u00e9<\/li>\n<li class=\"bullet-arrow\"><strong>Format :<\/strong> 3.30 fl.oz. &#8211; 100 ml <em>(Vaporisateur)<\/em><\/li>\n<\/ul>\n<div class=\"row row-full-width align-equal\"  id=\"row-168453275\">\n\t<div id=\"col-1123938536\" class=\"col small-12 large-12\"  >\n\t\t\t\t<div class=\"col-inner\"  >\n\t\t\t\n\t\t\t\n\n  \n    <div class=\"row large-columns-8 medium-columns-8 small-columns-8 row-collapse\" >\n  <div class=\"gallery-col col\" >\n          <div class=\"col-inner\">\n                        <div class=\"box has-hover gallery-box box-none\">\n              <div class=\"box-image\" >\n                <img width=\"1\" height=\"1\" src=\"https:\/\/nellydevuyst.com\/wp-content\/uploads\/2023\/05\/VEGAN-EN.svg\" class=\"attachment-medium size-medium\" alt=\"VEGAN\" ids=\"12323,12303,12319,12321,12309\" style=\"none\" lightbox=\"false\" col_spacing=\"collapse\" columns=\"8\" columns__sm=\"8\" columns__md=\"8\" decoding=\"async\" loading=\"lazy\" \/>                                                              <\/div>\n              <div class=\"box-text text-left\" >\n                 <p>VEGAN<\/p>\n              <\/div>\n            <\/div>\n                      <\/div>\n         <\/div><div class=\"gallery-col col\" >\n          <div class=\"col-inner\">\n                        <div class=\"box has-hover gallery-box box-none\">\n              <div class=\"box-image\" >\n                <img width=\"1\" height=\"1\" src=\"https:\/\/nellydevuyst.com\/wp-content\/uploads\/2023\/05\/ANIMALCRUELTY-EN.svg\" class=\"attachment-medium size-medium\" alt=\"NO ANIMAL CRUELTY\" ids=\"12323,12303,12319,12321,12309\" style=\"none\" lightbox=\"false\" col_spacing=\"collapse\" columns=\"8\" columns__sm=\"8\" columns__md=\"8\" decoding=\"async\" loading=\"lazy\" \/>                                                              <\/div>\n              <div class=\"box-text text-left\" >\n                 <p>NO ANIMAL CRUELTY <\/p>\n              <\/div>\n            <\/div>\n                      <\/div>\n         <\/div><div class=\"gallery-col col\" >\n          <div class=\"col-inner\">\n                        <div class=\"box has-hover gallery-box box-none\">\n              <div class=\"box-image\" >\n                <img width=\"1\" height=\"1\" src=\"https:\/\/nellydevuyst.com\/wp-content\/uploads\/2023\/05\/OGM-FR.svg\" class=\"attachment-medium size-medium\" alt=\"GLUTEN OGM\" ids=\"12323,12303,12319,12321,12309\" style=\"none\" lightbox=\"false\" col_spacing=\"collapse\" columns=\"8\" columns__sm=\"8\" columns__md=\"8\" decoding=\"async\" loading=\"lazy\" \/>                                                              <\/div>\n              <div class=\"box-text text-left\" >\n                 <p>GLUTEN OGM<\/p>\n              <\/div>\n            <\/div>\n                      <\/div>\n         <\/div><div class=\"gallery-col col\" >\n          <div class=\"col-inner\">\n                        <div class=\"box has-hover gallery-box box-none\">\n              <div class=\"box-image\" >\n                <img width=\"1\" height=\"1\" src=\"https:\/\/nellydevuyst.com\/wp-content\/uploads\/2023\/05\/RECYCLABLE-EN.svg\" class=\"attachment-medium size-medium\" alt=\"RECYCLABLE\" ids=\"12323,12303,12319,12321,12309\" style=\"none\" lightbox=\"false\" col_spacing=\"collapse\" columns=\"8\" columns__sm=\"8\" columns__md=\"8\" decoding=\"async\" loading=\"lazy\" \/>                                                              <\/div>\n              <div class=\"box-text text-left\" >\n                 <p>RECYCLABLE<\/p>\n              <\/div>\n            <\/div>\n                      <\/div>\n         <\/div><div class=\"gallery-col col\" >\n          <div class=\"col-inner\">\n                        <div class=\"box has-hover gallery-box box-none\">\n              <div class=\"box-image\" >\n                <img width=\"1\" height=\"1\" src=\"https:\/\/nellydevuyst.com\/wp-content\/uploads\/2023\/05\/CANADA-FR.svg\" class=\"attachment-medium size-medium\" alt=\"FABRIQUE AU CANADA\" ids=\"12323,12303,12319,12321,12309\" style=\"none\" lightbox=\"false\" col_spacing=\"collapse\" columns=\"8\" columns__sm=\"8\" columns__md=\"8\" decoding=\"async\" loading=\"lazy\" \/>                                                              <\/div>\n              <div class=\"box-text text-left\" >\n                 <p>FABRIQUE AU CANADA<\/p>\n              <\/div>\n            <\/div>\n                      <\/div>\n         <\/div><\/div>\n\t\t<\/div>\n\t\t\t\t\t<\/div>\n\n\t<\/div>\n","protected":false},"featured_media":14303,"comment_status":"open","ping_status":"closed","template":"","meta":[],"product_brand":[],"product_cat":[206,208,518,207,185],"product_tag":[228,252,262,251,249,229],"giftcard-category":[],"class_list":{"0":"post-1711","1":"product","2":"type-product","3":"status-publish","4":"has-post-thumbnail","6":"product_cat-anti-age-ridules","7":"product_cat-hyperpigmentation","8":"product_cat-collection-lifting-complex","9":"product_cat-peau-mature-exces-peau","10":"product_cat-toniques","11":"product_tag-equilibrage-du-ph","12":"product_tag-hydratants","13":"product_tag-peau-mature","14":"product_tag-peau-ridee","15":"product_tag-relachee","16":"product_tag-tonique","18":"first","19":"instock","20":"taxable","21":"shipping-taxable","22":"purchasable","23":"product-type-simple"},"yoast_head":"<!-- This site is optimized with the Yoast SEO plugin v27.4 - https:\/\/yoast.com\/product\/yoast-seo-wordpress\/ -->\n<title>Tonique pH Lifting Complex | Nelly De Vuyst\u00ae Skin Care<\/title>\n<meta name=\"description\" content=\"D\u00e9couvrez notre tonique anti-\u00e2ge enrichi en eaux florales pour revitaliser les peaux matures, r\u00e9duire les rides et redonner de l&#039;\u00e9clat. Achetez maintenant pour un \u00e9clat de jeunesse ! Id\u00e9al pour un raffermissement optimal de la peau.\" \/>\n<meta name=\"robots\" content=\"index, follow, max-snippet:-1, max-image-preview:large, max-video-preview:-1\" \/>\n<link rel=\"canonical\" href=\"https:\/\/nellydevuyst.com\/fr\/produit\/tonique-ph-lifting-complex\/\" \/>\n<meta property=\"og:locale\" content=\"fr_FR\" \/>\n<meta property=\"og:type\" content=\"article\" \/>\n<meta property=\"og:title\" content=\"Tonique pH Lifting Complex | Nelly De Vuyst\u00ae Skin Care\" \/>\n<meta property=\"og:description\" content=\"D\u00e9couvrez notre tonique anti-\u00e2ge enrichi en eaux florales pour revitaliser les peaux matures, r\u00e9duire les rides et redonner de l&#039;\u00e9clat. Achetez maintenant pour un \u00e9clat de jeunesse ! Id\u00e9al pour un raffermissement optimal de la peau.\" \/>\n<meta property=\"og:url\" content=\"https:\/\/nellydevuyst.com\/fr\/produit\/tonique-ph-lifting-complex\/\" \/>\n<meta property=\"og:site_name\" content=\"Nelly De Vuyst\u00ae Skin Care\" \/>\n<meta property=\"article:publisher\" content=\"https:\/\/www.facebook.com\/NellyDeVuystSkincare\/\" \/>\n<meta property=\"article:modified_time\" content=\"2026-04-19T00:26:28+00:00\" \/>\n<meta property=\"og:image\" content=\"https:\/\/nellydevuyst.com\/wp-content\/uploads\/2013\/07\/Lifting-Complex-pH-Toner.jpg\" \/>\n\t<meta property=\"og:image:width\" content=\"1200\" \/>\n\t<meta property=\"og:image:height\" content=\"1200\" \/>\n\t<meta property=\"og:image:type\" content=\"image\/jpeg\" \/>\n<meta name=\"twitter:card\" content=\"summary_large_image\" \/>\n<script type=\"application\/ld+json\" class=\"yoast-schema-graph\">{\"@context\":\"https:\\\/\\\/schema.org\",\"@graph\":[{\"@type\":[\"WebPage\",\"ItemPage\"],\"@id\":\"https:\\\/\\\/nellydevuyst.com\\\/fr\\\/produit\\\/tonique-ph-lifting-complex\\\/\",\"url\":\"https:\\\/\\\/nellydevuyst.com\\\/fr\\\/produit\\\/tonique-ph-lifting-complex\\\/\",\"name\":\"Tonique pH Lifting Complex | Nelly De Vuyst\u00ae Skin Care\",\"isPartOf\":{\"@id\":\"https:\\\/\\\/nellydevuyst.com\\\/fr\\\/#website\"},\"primaryImageOfPage\":{\"@id\":\"https:\\\/\\\/nellydevuyst.com\\\/fr\\\/produit\\\/tonique-ph-lifting-complex\\\/#primaryimage\"},\"image\":{\"@id\":\"https:\\\/\\\/nellydevuyst.com\\\/fr\\\/produit\\\/tonique-ph-lifting-complex\\\/#primaryimage\"},\"thumbnailUrl\":\"https:\\\/\\\/nellydevuyst.com\\\/wp-content\\\/uploads\\\/2013\\\/07\\\/Lifting-Complex-pH-Toner.jpg\",\"datePublished\":\"2013-07-05T23:32:57+00:00\",\"dateModified\":\"2026-04-19T00:26:28+00:00\",\"description\":\"D\u00e9couvrez notre tonique anti-\u00e2ge enrichi en eaux florales pour revitaliser les peaux matures, r\u00e9duire les rides et redonner de l'\u00e9clat. Achetez maintenant pour un \u00e9clat de jeunesse ! Id\u00e9al pour un raffermissement optimal de la peau.\",\"breadcrumb\":{\"@id\":\"https:\\\/\\\/nellydevuyst.com\\\/fr\\\/produit\\\/tonique-ph-lifting-complex\\\/#breadcrumb\"},\"inLanguage\":\"fr-FR\",\"potentialAction\":[{\"@type\":\"ReadAction\",\"target\":[\"https:\\\/\\\/nellydevuyst.com\\\/fr\\\/produit\\\/tonique-ph-lifting-complex\\\/\"]}]},{\"@type\":\"ImageObject\",\"inLanguage\":\"fr-FR\",\"@id\":\"https:\\\/\\\/nellydevuyst.com\\\/fr\\\/produit\\\/tonique-ph-lifting-complex\\\/#primaryimage\",\"url\":\"https:\\\/\\\/nellydevuyst.com\\\/wp-content\\\/uploads\\\/2013\\\/07\\\/Lifting-Complex-pH-Toner.jpg\",\"contentUrl\":\"https:\\\/\\\/nellydevuyst.com\\\/wp-content\\\/uploads\\\/2013\\\/07\\\/Lifting-Complex-pH-Toner.jpg\",\"width\":1200,\"height\":1200,\"caption\":\"Tonique pH Lifting Complex\"},{\"@type\":\"BreadcrumbList\",\"@id\":\"https:\\\/\\\/nellydevuyst.com\\\/fr\\\/produit\\\/tonique-ph-lifting-complex\\\/#breadcrumb\",\"itemListElement\":[{\"@type\":\"ListItem\",\"position\":1,\"name\":\"Home\",\"item\":\"https:\\\/\\\/nellydevuyst.com\\\/fr\\\/\"},{\"@type\":\"ListItem\",\"position\":2,\"name\":\"Boutique\",\"item\":\"https:\\\/\\\/nellydevuyst.com\\\/fr\\\/boutique\\\/\"},{\"@type\":\"ListItem\",\"position\":3,\"name\":\"Tonique pH Lifting Complex\"}]},{\"@type\":\"WebSite\",\"@id\":\"https:\\\/\\\/nellydevuyst.com\\\/fr\\\/#website\",\"url\":\"https:\\\/\\\/nellydevuyst.com\\\/fr\\\/\",\"name\":\"Nelly De Vuyst\u00ae Skin Care\",\"description\":\"The Best of Science and Nature\",\"publisher\":{\"@id\":\"https:\\\/\\\/nellydevuyst.com\\\/fr\\\/#organization\"},\"alternateName\":\"NDV Skin Care\",\"potentialAction\":[{\"@type\":\"SearchAction\",\"target\":{\"@type\":\"EntryPoint\",\"urlTemplate\":\"https:\\\/\\\/nellydevuyst.com\\\/fr\\\/?s={search_term_string}\"},\"query-input\":{\"@type\":\"PropertyValueSpecification\",\"valueRequired\":true,\"valueName\":\"search_term_string\"}}],\"inLanguage\":\"fr-FR\"},{\"@type\":\"Organization\",\"@id\":\"https:\\\/\\\/nellydevuyst.com\\\/fr\\\/#organization\",\"name\":\"Nelly De Vuyst Skin Care\",\"alternateName\":\"NDV Skin Care\",\"url\":\"https:\\\/\\\/nellydevuyst.com\\\/fr\\\/\",\"logo\":{\"@type\":\"ImageObject\",\"inLanguage\":\"fr-FR\",\"@id\":\"https:\\\/\\\/nellydevuyst.com\\\/fr\\\/#\\\/schema\\\/logo\\\/image\\\/\",\"url\":\"https:\\\/\\\/nellydevuyst.com\\\/wp-content\\\/uploads\\\/2024\\\/01\\\/ndv-logo-favico.png\",\"contentUrl\":\"https:\\\/\\\/nellydevuyst.com\\\/wp-content\\\/uploads\\\/2024\\\/01\\\/ndv-logo-favico.png\",\"width\":512,\"height\":512,\"caption\":\"Nelly De Vuyst Skin Care\"},\"image\":{\"@id\":\"https:\\\/\\\/nellydevuyst.com\\\/fr\\\/#\\\/schema\\\/logo\\\/image\\\/\"},\"sameAs\":[\"https:\\\/\\\/www.facebook.com\\\/NellyDeVuystSkincare\\\/\",\"https:\\\/\\\/www.instagram.com\\\/nelly_devuyst\\\/\",\"https:\\\/\\\/www.youtube.com\\\/user\\\/derme8282\",\"https:\\\/\\\/www.tiktok.com\\\/@nellydevuyst\",\"https:\\\/\\\/www.pinterest.com.mx\\\/nellydevuystskincare\\\/\"]}]}<\/script>\n<!-- \/ Yoast SEO plugin. -->","yoast_head_json":{"title":"Tonique pH Lifting Complex | Nelly De Vuyst\u00ae Skin Care","description":"D\u00e9couvrez notre tonique anti-\u00e2ge enrichi en eaux florales pour revitaliser les peaux matures, r\u00e9duire les rides et redonner de l'\u00e9clat. Achetez maintenant pour un \u00e9clat de jeunesse ! Id\u00e9al pour un raffermissement optimal de la peau.","robots":{"index":"index","follow":"follow","max-snippet":"max-snippet:-1","max-image-preview":"max-image-preview:large","max-video-preview":"max-video-preview:-1"},"canonical":"https:\/\/nellydevuyst.com\/fr\/produit\/tonique-ph-lifting-complex\/","og_locale":"fr_FR","og_type":"article","og_title":"Tonique pH Lifting Complex | Nelly De Vuyst\u00ae Skin Care","og_description":"D\u00e9couvrez notre tonique anti-\u00e2ge enrichi en eaux florales pour revitaliser les peaux matures, r\u00e9duire les rides et redonner de l'\u00e9clat. Achetez maintenant pour un \u00e9clat de jeunesse ! Id\u00e9al pour un raffermissement optimal de la peau.","og_url":"https:\/\/nellydevuyst.com\/fr\/produit\/tonique-ph-lifting-complex\/","og_site_name":"Nelly De Vuyst\u00ae Skin Care","article_publisher":"https:\/\/www.facebook.com\/NellyDeVuystSkincare\/","article_modified_time":"2026-04-19T00:26:28+00:00","og_image":[{"width":1200,"height":1200,"url":"https:\/\/nellydevuyst.com\/wp-content\/uploads\/2013\/07\/Lifting-Complex-pH-Toner.jpg","type":"image\/jpeg"}],"twitter_card":"summary_large_image","schema":{"@context":"https:\/\/schema.org","@graph":[{"@type":["WebPage","ItemPage"],"@id":"https:\/\/nellydevuyst.com\/fr\/produit\/tonique-ph-lifting-complex\/","url":"https:\/\/nellydevuyst.com\/fr\/produit\/tonique-ph-lifting-complex\/","name":"Tonique pH Lifting Complex | Nelly De Vuyst\u00ae Skin Care","isPartOf":{"@id":"https:\/\/nellydevuyst.com\/fr\/#website"},"primaryImageOfPage":{"@id":"https:\/\/nellydevuyst.com\/fr\/produit\/tonique-ph-lifting-complex\/#primaryimage"},"image":{"@id":"https:\/\/nellydevuyst.com\/fr\/produit\/tonique-ph-lifting-complex\/#primaryimage"},"thumbnailUrl":"https:\/\/nellydevuyst.com\/wp-content\/uploads\/2013\/07\/Lifting-Complex-pH-Toner.jpg","datePublished":"2013-07-05T23:32:57+00:00","dateModified":"2026-04-19T00:26:28+00:00","description":"D\u00e9couvrez notre tonique anti-\u00e2ge enrichi en eaux florales pour revitaliser les peaux matures, r\u00e9duire les rides et redonner de l'\u00e9clat. Achetez maintenant pour un \u00e9clat de jeunesse ! Id\u00e9al pour un raffermissement optimal de la peau.","breadcrumb":{"@id":"https:\/\/nellydevuyst.com\/fr\/produit\/tonique-ph-lifting-complex\/#breadcrumb"},"inLanguage":"fr-FR","potentialAction":[{"@type":"ReadAction","target":["https:\/\/nellydevuyst.com\/fr\/produit\/tonique-ph-lifting-complex\/"]}]},{"@type":"ImageObject","inLanguage":"fr-FR","@id":"https:\/\/nellydevuyst.com\/fr\/produit\/tonique-ph-lifting-complex\/#primaryimage","url":"https:\/\/nellydevuyst.com\/wp-content\/uploads\/2013\/07\/Lifting-Complex-pH-Toner.jpg","contentUrl":"https:\/\/nellydevuyst.com\/wp-content\/uploads\/2013\/07\/Lifting-Complex-pH-Toner.jpg","width":1200,"height":1200,"caption":"Tonique pH Lifting Complex"},{"@type":"BreadcrumbList","@id":"https:\/\/nellydevuyst.com\/fr\/produit\/tonique-ph-lifting-complex\/#breadcrumb","itemListElement":[{"@type":"ListItem","position":1,"name":"Home","item":"https:\/\/nellydevuyst.com\/fr\/"},{"@type":"ListItem","position":2,"name":"Boutique","item":"https:\/\/nellydevuyst.com\/fr\/boutique\/"},{"@type":"ListItem","position":3,"name":"Tonique pH Lifting Complex"}]},{"@type":"WebSite","@id":"https:\/\/nellydevuyst.com\/fr\/#website","url":"https:\/\/nellydevuyst.com\/fr\/","name":"Nelly De Vuyst\u00ae Skin Care","description":"The Best of Science and Nature","publisher":{"@id":"https:\/\/nellydevuyst.com\/fr\/#organization"},"alternateName":"NDV Skin Care","potentialAction":[{"@type":"SearchAction","target":{"@type":"EntryPoint","urlTemplate":"https:\/\/nellydevuyst.com\/fr\/?s={search_term_string}"},"query-input":{"@type":"PropertyValueSpecification","valueRequired":true,"valueName":"search_term_string"}}],"inLanguage":"fr-FR"},{"@type":"Organization","@id":"https:\/\/nellydevuyst.com\/fr\/#organization","name":"Nelly De Vuyst Skin Care","alternateName":"NDV Skin Care","url":"https:\/\/nellydevuyst.com\/fr\/","logo":{"@type":"ImageObject","inLanguage":"fr-FR","@id":"https:\/\/nellydevuyst.com\/fr\/#\/schema\/logo\/image\/","url":"https:\/\/nellydevuyst.com\/wp-content\/uploads\/2024\/01\/ndv-logo-favico.png","contentUrl":"https:\/\/nellydevuyst.com\/wp-content\/uploads\/2024\/01\/ndv-logo-favico.png","width":512,"height":512,"caption":"Nelly De Vuyst Skin Care"},"image":{"@id":"https:\/\/nellydevuyst.com\/fr\/#\/schema\/logo\/image\/"},"sameAs":["https:\/\/www.facebook.com\/NellyDeVuystSkincare\/","https:\/\/www.instagram.com\/nelly_devuyst\/","https:\/\/www.youtube.com\/user\/derme8282","https:\/\/www.tiktok.com\/@nellydevuyst","https:\/\/www.pinterest.com.mx\/nellydevuystskincare\/"]}]}},"_links":{"self":[{"href":"https:\/\/nellydevuyst.com\/fr\/wp-json\/wp\/v2\/product\/1711","targetHints":{"allow":["GET"]}}],"collection":[{"href":"https:\/\/nellydevuyst.com\/fr\/wp-json\/wp\/v2\/product"}],"about":[{"href":"https:\/\/nellydevuyst.com\/fr\/wp-json\/wp\/v2\/types\/product"}],"replies":[{"embeddable":true,"href":"https:\/\/nellydevuyst.com\/fr\/wp-json\/wp\/v2\/comments?post=1711"}],"wp:featuredmedia":[{"embeddable":true,"href":"https:\/\/nellydevuyst.com\/fr\/wp-json\/wp\/v2\/media\/14303"}],"wp:attachment":[{"href":"https:\/\/nellydevuyst.com\/fr\/wp-json\/wp\/v2\/media?parent=1711"}],"wp:term":[{"taxonomy":"product_brand","embeddable":true,"href":"https:\/\/nellydevuyst.com\/fr\/wp-json\/wp\/v2\/product_brand?post=1711"},{"taxonomy":"product_cat","embeddable":true,"href":"https:\/\/nellydevuyst.com\/fr\/wp-json\/wp\/v2\/product_cat?post=1711"},{"taxonomy":"product_tag","embeddable":true,"href":"https:\/\/nellydevuyst.com\/fr\/wp-json\/wp\/v2\/product_tag?post=1711"},{"taxonomy":"giftcard-category","embeddable":true,"href":"https:\/\/nellydevuyst.com\/fr\/wp-json\/wp\/v2\/giftcard-category?post=1711"}],"curies":[{"name":"wp","href":"https:\/\/api.w.org\/{rel}","templated":true}]}}