{"id":1726,"date":"2013-08-10T10:26:25","date_gmt":"2013-08-10T14:26:25","guid":{"rendered":"https:\/\/nellydevuyst.com\/product\/cellular-matrix-serum\/"},"modified":"2025-11-18T07:07:55","modified_gmt":"2025-11-18T12:07:55","slug":"serum-matrix-cellulaire","status":"publish","type":"product","link":"https:\/\/nellydevuyst.com\/fr\/produit\/serum-matrix-cellulaire\/","title":{"rendered":"S\u00e9rum Cellular-Matrix"},"content":{"rendered":"<h2 class=\"uppercase\">D\u00e9couvrez une exp\u00e9rience de r\u00e9sultats visibles avec notre S\u00e9rum Cellular-Matrix<\/h2>\n<p>D\u00e9couvrez le secret d&rsquo;une peau radieuse et jeune gr\u00e2ce \u00e0 notre s\u00e9rum anti-\u00e2ge, formul\u00e9 pour lutter contre les ridules visibles et les rides de d\u00e9shydratation. Au c\u0153ur de ce s\u00e9rum transformateur se trouve un puissant m\u00e9lange de collag\u00e8ne et d&rsquo;\u00e9lastine, deux prot\u00e9ines vitales r\u00e9put\u00e9es pour leur r\u00f4le dans le maintien de la fermet\u00e9 et de l&rsquo;\u00e9lasticit\u00e9 de la peau. Avec l&rsquo;\u00e2ge, la production de ces prot\u00e9ines essentielles diminue naturellement, entra\u00eenant l&rsquo;apparition de ridules, de rides et d&rsquo;un manque de fermet\u00e9. Notre formule avanc\u00e9e reconstitue ces \u00e9l\u00e9ments vitaux, revitalisant votre peau de l&rsquo;int\u00e9rieur.<\/p>\n<p>Au-del\u00e0 de sa composition riche en collag\u00e8ne et en \u00e9lastine, ce s\u00e9rum repulpant est une fusion harmonieuse de la nature et de la science. Chaque ingr\u00e9dient est soigneusement s\u00e9lectionn\u00e9 pour sa capacit\u00e9 \u00e0 am\u00e9liorer l&rsquo;hydratation de la peau s\u00e9che et son \u00e9clat g\u00e9n\u00e9ral. Riche en antioxydants qui agissent en synergie avec les ingr\u00e9dients hydratants, notre s\u00e9rum anti-\u00e2ge constitue une barri\u00e8re protectrice contre les agressions ext\u00e9rieures. Avec une utilisation r\u00e9guli\u00e8re, vous pouvez vous attendre \u00e0 une r\u00e9duction notable des rides et ridules, associ\u00e9e \u00e0 un teint rajeuni et plus ferme.<\/p>\n<p>Conform\u00e9ment \u00e0 notre engagement envers votre peau et l&rsquo;environnement, ce s\u00e9rum anti-\u00e2ge est biod\u00e9gradable, sans alcool, sans silicone, sans parab\u00e8ne, sans PEG, sans gluten, sans OGM, sans perturbateur endocrinien, sans goudron, sans quaternium, sans colorant et non test\u00e9 sur les animaux.<\/p>\n","protected":false},"excerpt":{"rendered":"<p>D\u00e9couvrez la puissance de notre s\u00e9rum anti-\u00e2ge, enrichi en collag\u00e8ne et en \u00e9lastine, sp\u00e9cialement con\u00e7u pour les peaux matures et s\u00e8ches. Con\u00e7ue pour cibler les ridules, cette formule repulpante am\u00e9liore l&rsquo;\u00e9lasticit\u00e9 de la peau, r\u00e9v\u00e9lant un teint plus lisse et plus jeune. Am\u00e9liorez votre routine de soins de la peau avec des r\u00e9sultats visibles.<\/p>\n<ul>\n<li class=\"bullet-arrow\"><strong>Texture :<\/strong> Gel l\u00e9ger<\/li>\n<li class=\"bullet-arrow\"><strong>Type de peau :<\/strong> Mature, peau s\u00e8che<\/li>\n<li class=\"bullet-arrow\"><strong>Pr\u00e9occupations cutan\u00e9es :<\/strong> Rides, ridules, manqu\u00e9 de fermet\u00e9, s\u00e9chresse<\/li>\n<li class=\"bullet-arrow\"><strong>Format :<\/strong> 0.33 fl.oz. &#8211; 10 ml <em>(Seringue recharge)<\/em><\/li>\n<\/ul>\n<div class=\"row row-full-width align-equal\"  id=\"row-1536310885\">\n\t<div id=\"col-1832364146\" class=\"col small-12 large-12\"  >\n\t\t\t\t<div class=\"col-inner\"  >\n\t\t\t\n\t\t\t\n\n  \n    <div class=\"row large-columns-8 medium-columns-8 small-columns-8 row-collapse\" >\n  <div class=\"gallery-col col\" >\n          <div class=\"col-inner\">\n                        <div class=\"box has-hover gallery-box box-none\">\n              <div class=\"box-image\" >\n                <img width=\"1\" height=\"1\" src=\"https:\/\/nellydevuyst.com\/wp-content\/uploads\/2023\/05\/ANIMALCRUELTY-EN.svg\" class=\"attachment-medium size-medium\" alt=\"NO ANIMAL CRUELTY\" ids=\"12302,12314,12320,12306\" style=\"none\" lightbox=\"false\" col_spacing=\"collapse\" columns=\"8\" columns__sm=\"8\" columns__md=\"8\" decoding=\"async\" loading=\"lazy\" \/>                                                              <\/div>\n              <div class=\"box-text text-left\" >\n                 <p>NO ANIMAL CRUELTY <\/p>\n              <\/div>\n            <\/div>\n                      <\/div>\n         <\/div><div class=\"gallery-col col\" >\n          <div class=\"col-inner\">\n                        <div class=\"box has-hover gallery-box box-none\">\n              <div class=\"box-image\" >\n                <img width=\"1\" height=\"1\" src=\"https:\/\/nellydevuyst.com\/wp-content\/uploads\/2023\/05\/GMO-EN.svg\" class=\"attachment-medium size-medium\" alt=\"GLUTEN GMO\" ids=\"12302,12314,12320,12306\" style=\"none\" lightbox=\"false\" col_spacing=\"collapse\" columns=\"8\" columns__sm=\"8\" columns__md=\"8\" decoding=\"async\" loading=\"lazy\" \/>                                                              <\/div>\n              <div class=\"box-text text-left\" >\n                 <p>GLUTEN GMO<\/p>\n              <\/div>\n            <\/div>\n                      <\/div>\n         <\/div><div class=\"gallery-col col\" >\n          <div class=\"col-inner\">\n                        <div class=\"box has-hover gallery-box box-none\">\n              <div class=\"box-image\" >\n                <img width=\"1\" height=\"1\" src=\"https:\/\/nellydevuyst.com\/wp-content\/uploads\/2023\/05\/RECYCLABLE-EN.svg\" class=\"attachment-medium size-medium\" alt=\"RECYCLABLE\" ids=\"12302,12314,12320,12306\" style=\"none\" lightbox=\"false\" col_spacing=\"collapse\" columns=\"8\" columns__sm=\"8\" columns__md=\"8\" decoding=\"async\" loading=\"lazy\" \/>                                                              <\/div>\n              <div class=\"box-text text-left\" >\n                 <p>RECYCLABLE<\/p>\n              <\/div>\n            <\/div>\n                      <\/div>\n         <\/div><div class=\"gallery-col col\" >\n          <div class=\"col-inner\">\n                        <div class=\"box has-hover gallery-box box-none\">\n              <div class=\"box-image\" >\n                <img width=\"1\" height=\"1\" src=\"https:\/\/nellydevuyst.com\/wp-content\/uploads\/2023\/05\/CANADA-EN.svg\" class=\"attachment-medium size-medium\" alt=\"MADE IN CANADA\" ids=\"12302,12314,12320,12306\" style=\"none\" lightbox=\"false\" col_spacing=\"collapse\" columns=\"8\" columns__sm=\"8\" columns__md=\"8\" decoding=\"async\" loading=\"lazy\" \/>                                                              <\/div>\n              <div class=\"box-text text-left\" >\n                 <p>MADE IN CANADA<\/p>\n              <\/div>\n            <\/div>\n                      <\/div>\n         <\/div><\/div>\n\t\t<\/div>\n\t\t\t\t\t<\/div>\n\n\t<\/div>\n","protected":false},"featured_media":14389,"comment_status":"open","ping_status":"closed","template":"","meta":[],"product_brand":[],"product_cat":[206,522,526,187],"product_tag":[247,236,252,262,251,232],"giftcard-category":[],"class_list":{"0":"post-1726","1":"product","2":"type-product","3":"status-publish","4":"has-post-thumbnail","6":"product_cat-anti-age-ridules","7":"product_cat-collection-cellular-matrix","8":"product_cat-contour-des-yeux-rides","9":"product_cat-serums-fr","10":"product_tag-anti-age","11":"product_tag-hydratant","12":"product_tag-hydratants","13":"product_tag-peau-mature","14":"product_tag-peau-ridee","15":"product_tag-serum","17":"first","18":"instock","19":"taxable","20":"shipping-taxable","21":"purchasable","22":"product-type-simple"},"yoast_head":"<!-- This site is optimized with the Yoast SEO plugin v27.4 - https:\/\/yoast.com\/product\/yoast-seo-wordpress\/ -->\n<title>S\u00e9rum Cellular-Matrix | Nelly De Vuyst\u00ae Skin Care<\/title>\n<meta name=\"description\" content=\"Revitalisez votre peau avec notre s\u00e9rum anti-\u00e2ge. Infus\u00e9 de collag\u00e8ne et d&#039;\u00e9lastine, il combat les ridules et am\u00e9liore l&#039;\u00e9lasticit\u00e9 pour un \u00e9clat de jeunesse. Id\u00e9al pour les peaux s\u00e9ches.\" \/>\n<meta name=\"robots\" content=\"index, follow, max-snippet:-1, max-image-preview:large, max-video-preview:-1\" \/>\n<link rel=\"canonical\" href=\"https:\/\/nellydevuyst.com\/fr\/produit\/serum-matrix-cellulaire\/\" \/>\n<meta property=\"og:locale\" content=\"fr_FR\" \/>\n<meta property=\"og:type\" content=\"article\" \/>\n<meta property=\"og:title\" content=\"S\u00e9rum Cellular-Matrix | Nelly De Vuyst\u00ae Skin Care\" \/>\n<meta property=\"og:description\" content=\"Revitalisez votre peau avec notre s\u00e9rum anti-\u00e2ge. Infus\u00e9 de collag\u00e8ne et d&#039;\u00e9lastine, il combat les ridules et am\u00e9liore l&#039;\u00e9lasticit\u00e9 pour un \u00e9clat de jeunesse. Id\u00e9al pour les peaux s\u00e9ches.\" \/>\n<meta property=\"og:url\" content=\"https:\/\/nellydevuyst.com\/fr\/produit\/serum-matrix-cellulaire\/\" \/>\n<meta property=\"og:site_name\" content=\"Nelly De Vuyst\u00ae Skin Care\" \/>\n<meta property=\"article:publisher\" content=\"https:\/\/www.facebook.com\/NellyDeVuystSkincare\/\" \/>\n<meta property=\"article:modified_time\" content=\"2025-11-18T12:07:55+00:00\" \/>\n<meta property=\"og:image\" content=\"https:\/\/nellydevuyst.com\/wp-content\/uploads\/2013\/08\/Cellular-Matrix-Serum.jpg\" \/>\n\t<meta property=\"og:image:width\" content=\"1200\" \/>\n\t<meta property=\"og:image:height\" content=\"1200\" \/>\n\t<meta property=\"og:image:type\" content=\"image\/jpeg\" \/>\n<meta name=\"twitter:card\" content=\"summary_large_image\" \/>\n<script type=\"application\/ld+json\" class=\"yoast-schema-graph\">{\"@context\":\"https:\\\/\\\/schema.org\",\"@graph\":[{\"@type\":[\"WebPage\",\"ItemPage\"],\"@id\":\"https:\\\/\\\/nellydevuyst.com\\\/fr\\\/produit\\\/serum-matrix-cellulaire\\\/\",\"url\":\"https:\\\/\\\/nellydevuyst.com\\\/fr\\\/produit\\\/serum-matrix-cellulaire\\\/\",\"name\":\"S\u00e9rum Cellular-Matrix | Nelly De Vuyst\u00ae Skin Care\",\"isPartOf\":{\"@id\":\"https:\\\/\\\/nellydevuyst.com\\\/fr\\\/#website\"},\"primaryImageOfPage\":{\"@id\":\"https:\\\/\\\/nellydevuyst.com\\\/fr\\\/produit\\\/serum-matrix-cellulaire\\\/#primaryimage\"},\"image\":{\"@id\":\"https:\\\/\\\/nellydevuyst.com\\\/fr\\\/produit\\\/serum-matrix-cellulaire\\\/#primaryimage\"},\"thumbnailUrl\":\"https:\\\/\\\/nellydevuyst.com\\\/wp-content\\\/uploads\\\/2013\\\/08\\\/Cellular-Matrix-Serum.jpg\",\"datePublished\":\"2013-08-10T14:26:25+00:00\",\"dateModified\":\"2025-11-18T12:07:55+00:00\",\"description\":\"Revitalisez votre peau avec notre s\u00e9rum anti-\u00e2ge. Infus\u00e9 de collag\u00e8ne et d'\u00e9lastine, il combat les ridules et am\u00e9liore l'\u00e9lasticit\u00e9 pour un \u00e9clat de jeunesse. Id\u00e9al pour les peaux s\u00e9ches.\",\"breadcrumb\":{\"@id\":\"https:\\\/\\\/nellydevuyst.com\\\/fr\\\/produit\\\/serum-matrix-cellulaire\\\/#breadcrumb\"},\"inLanguage\":\"fr-FR\",\"potentialAction\":[{\"@type\":\"ReadAction\",\"target\":[\"https:\\\/\\\/nellydevuyst.com\\\/fr\\\/produit\\\/serum-matrix-cellulaire\\\/\"]}]},{\"@type\":\"ImageObject\",\"inLanguage\":\"fr-FR\",\"@id\":\"https:\\\/\\\/nellydevuyst.com\\\/fr\\\/produit\\\/serum-matrix-cellulaire\\\/#primaryimage\",\"url\":\"https:\\\/\\\/nellydevuyst.com\\\/wp-content\\\/uploads\\\/2013\\\/08\\\/Cellular-Matrix-Serum.jpg\",\"contentUrl\":\"https:\\\/\\\/nellydevuyst.com\\\/wp-content\\\/uploads\\\/2013\\\/08\\\/Cellular-Matrix-Serum.jpg\",\"width\":1200,\"height\":1200,\"caption\":\"S\u00e9rum Cellular-Matrix\"},{\"@type\":\"BreadcrumbList\",\"@id\":\"https:\\\/\\\/nellydevuyst.com\\\/fr\\\/produit\\\/serum-matrix-cellulaire\\\/#breadcrumb\",\"itemListElement\":[{\"@type\":\"ListItem\",\"position\":1,\"name\":\"Home\",\"item\":\"https:\\\/\\\/nellydevuyst.com\\\/fr\\\/\"},{\"@type\":\"ListItem\",\"position\":2,\"name\":\"Boutique\",\"item\":\"https:\\\/\\\/nellydevuyst.com\\\/fr\\\/boutique\\\/\"},{\"@type\":\"ListItem\",\"position\":3,\"name\":\"S\u00e9rum Cellular-Matrix\"}]},{\"@type\":\"WebSite\",\"@id\":\"https:\\\/\\\/nellydevuyst.com\\\/fr\\\/#website\",\"url\":\"https:\\\/\\\/nellydevuyst.com\\\/fr\\\/\",\"name\":\"Nelly De Vuyst\u00ae Skin Care\",\"description\":\"The Best of Science and Nature\",\"publisher\":{\"@id\":\"https:\\\/\\\/nellydevuyst.com\\\/fr\\\/#organization\"},\"alternateName\":\"NDV Skin Care\",\"potentialAction\":[{\"@type\":\"SearchAction\",\"target\":{\"@type\":\"EntryPoint\",\"urlTemplate\":\"https:\\\/\\\/nellydevuyst.com\\\/fr\\\/?s={search_term_string}\"},\"query-input\":{\"@type\":\"PropertyValueSpecification\",\"valueRequired\":true,\"valueName\":\"search_term_string\"}}],\"inLanguage\":\"fr-FR\"},{\"@type\":\"Organization\",\"@id\":\"https:\\\/\\\/nellydevuyst.com\\\/fr\\\/#organization\",\"name\":\"Nelly De Vuyst Skin Care\",\"alternateName\":\"NDV Skin Care\",\"url\":\"https:\\\/\\\/nellydevuyst.com\\\/fr\\\/\",\"logo\":{\"@type\":\"ImageObject\",\"inLanguage\":\"fr-FR\",\"@id\":\"https:\\\/\\\/nellydevuyst.com\\\/fr\\\/#\\\/schema\\\/logo\\\/image\\\/\",\"url\":\"https:\\\/\\\/nellydevuyst.com\\\/wp-content\\\/uploads\\\/2024\\\/01\\\/ndv-logo-favico.png\",\"contentUrl\":\"https:\\\/\\\/nellydevuyst.com\\\/wp-content\\\/uploads\\\/2024\\\/01\\\/ndv-logo-favico.png\",\"width\":512,\"height\":512,\"caption\":\"Nelly De Vuyst Skin Care\"},\"image\":{\"@id\":\"https:\\\/\\\/nellydevuyst.com\\\/fr\\\/#\\\/schema\\\/logo\\\/image\\\/\"},\"sameAs\":[\"https:\\\/\\\/www.facebook.com\\\/NellyDeVuystSkincare\\\/\",\"https:\\\/\\\/www.instagram.com\\\/nelly_devuyst\\\/\",\"https:\\\/\\\/www.youtube.com\\\/user\\\/derme8282\",\"https:\\\/\\\/www.tiktok.com\\\/@nellydevuyst\",\"https:\\\/\\\/www.pinterest.com.mx\\\/nellydevuystskincare\\\/\"]}]}<\/script>\n<!-- \/ Yoast SEO plugin. -->","yoast_head_json":{"title":"S\u00e9rum Cellular-Matrix | Nelly De Vuyst\u00ae Skin Care","description":"Revitalisez votre peau avec notre s\u00e9rum anti-\u00e2ge. Infus\u00e9 de collag\u00e8ne et d'\u00e9lastine, il combat les ridules et am\u00e9liore l'\u00e9lasticit\u00e9 pour un \u00e9clat de jeunesse. Id\u00e9al pour les peaux s\u00e9ches.","robots":{"index":"index","follow":"follow","max-snippet":"max-snippet:-1","max-image-preview":"max-image-preview:large","max-video-preview":"max-video-preview:-1"},"canonical":"https:\/\/nellydevuyst.com\/fr\/produit\/serum-matrix-cellulaire\/","og_locale":"fr_FR","og_type":"article","og_title":"S\u00e9rum Cellular-Matrix | Nelly De Vuyst\u00ae Skin Care","og_description":"Revitalisez votre peau avec notre s\u00e9rum anti-\u00e2ge. Infus\u00e9 de collag\u00e8ne et d'\u00e9lastine, il combat les ridules et am\u00e9liore l'\u00e9lasticit\u00e9 pour un \u00e9clat de jeunesse. Id\u00e9al pour les peaux s\u00e9ches.","og_url":"https:\/\/nellydevuyst.com\/fr\/produit\/serum-matrix-cellulaire\/","og_site_name":"Nelly De Vuyst\u00ae Skin Care","article_publisher":"https:\/\/www.facebook.com\/NellyDeVuystSkincare\/","article_modified_time":"2025-11-18T12:07:55+00:00","og_image":[{"width":1200,"height":1200,"url":"https:\/\/nellydevuyst.com\/wp-content\/uploads\/2013\/08\/Cellular-Matrix-Serum.jpg","type":"image\/jpeg"}],"twitter_card":"summary_large_image","schema":{"@context":"https:\/\/schema.org","@graph":[{"@type":["WebPage","ItemPage"],"@id":"https:\/\/nellydevuyst.com\/fr\/produit\/serum-matrix-cellulaire\/","url":"https:\/\/nellydevuyst.com\/fr\/produit\/serum-matrix-cellulaire\/","name":"S\u00e9rum Cellular-Matrix | Nelly De Vuyst\u00ae Skin Care","isPartOf":{"@id":"https:\/\/nellydevuyst.com\/fr\/#website"},"primaryImageOfPage":{"@id":"https:\/\/nellydevuyst.com\/fr\/produit\/serum-matrix-cellulaire\/#primaryimage"},"image":{"@id":"https:\/\/nellydevuyst.com\/fr\/produit\/serum-matrix-cellulaire\/#primaryimage"},"thumbnailUrl":"https:\/\/nellydevuyst.com\/wp-content\/uploads\/2013\/08\/Cellular-Matrix-Serum.jpg","datePublished":"2013-08-10T14:26:25+00:00","dateModified":"2025-11-18T12:07:55+00:00","description":"Revitalisez votre peau avec notre s\u00e9rum anti-\u00e2ge. Infus\u00e9 de collag\u00e8ne et d'\u00e9lastine, il combat les ridules et am\u00e9liore l'\u00e9lasticit\u00e9 pour un \u00e9clat de jeunesse. Id\u00e9al pour les peaux s\u00e9ches.","breadcrumb":{"@id":"https:\/\/nellydevuyst.com\/fr\/produit\/serum-matrix-cellulaire\/#breadcrumb"},"inLanguage":"fr-FR","potentialAction":[{"@type":"ReadAction","target":["https:\/\/nellydevuyst.com\/fr\/produit\/serum-matrix-cellulaire\/"]}]},{"@type":"ImageObject","inLanguage":"fr-FR","@id":"https:\/\/nellydevuyst.com\/fr\/produit\/serum-matrix-cellulaire\/#primaryimage","url":"https:\/\/nellydevuyst.com\/wp-content\/uploads\/2013\/08\/Cellular-Matrix-Serum.jpg","contentUrl":"https:\/\/nellydevuyst.com\/wp-content\/uploads\/2013\/08\/Cellular-Matrix-Serum.jpg","width":1200,"height":1200,"caption":"S\u00e9rum Cellular-Matrix"},{"@type":"BreadcrumbList","@id":"https:\/\/nellydevuyst.com\/fr\/produit\/serum-matrix-cellulaire\/#breadcrumb","itemListElement":[{"@type":"ListItem","position":1,"name":"Home","item":"https:\/\/nellydevuyst.com\/fr\/"},{"@type":"ListItem","position":2,"name":"Boutique","item":"https:\/\/nellydevuyst.com\/fr\/boutique\/"},{"@type":"ListItem","position":3,"name":"S\u00e9rum Cellular-Matrix"}]},{"@type":"WebSite","@id":"https:\/\/nellydevuyst.com\/fr\/#website","url":"https:\/\/nellydevuyst.com\/fr\/","name":"Nelly De Vuyst\u00ae Skin Care","description":"The Best of Science and Nature","publisher":{"@id":"https:\/\/nellydevuyst.com\/fr\/#organization"},"alternateName":"NDV Skin Care","potentialAction":[{"@type":"SearchAction","target":{"@type":"EntryPoint","urlTemplate":"https:\/\/nellydevuyst.com\/fr\/?s={search_term_string}"},"query-input":{"@type":"PropertyValueSpecification","valueRequired":true,"valueName":"search_term_string"}}],"inLanguage":"fr-FR"},{"@type":"Organization","@id":"https:\/\/nellydevuyst.com\/fr\/#organization","name":"Nelly De Vuyst Skin Care","alternateName":"NDV Skin Care","url":"https:\/\/nellydevuyst.com\/fr\/","logo":{"@type":"ImageObject","inLanguage":"fr-FR","@id":"https:\/\/nellydevuyst.com\/fr\/#\/schema\/logo\/image\/","url":"https:\/\/nellydevuyst.com\/wp-content\/uploads\/2024\/01\/ndv-logo-favico.png","contentUrl":"https:\/\/nellydevuyst.com\/wp-content\/uploads\/2024\/01\/ndv-logo-favico.png","width":512,"height":512,"caption":"Nelly De Vuyst Skin Care"},"image":{"@id":"https:\/\/nellydevuyst.com\/fr\/#\/schema\/logo\/image\/"},"sameAs":["https:\/\/www.facebook.com\/NellyDeVuystSkincare\/","https:\/\/www.instagram.com\/nelly_devuyst\/","https:\/\/www.youtube.com\/user\/derme8282","https:\/\/www.tiktok.com\/@nellydevuyst","https:\/\/www.pinterest.com.mx\/nellydevuystskincare\/"]}]}},"_links":{"self":[{"href":"https:\/\/nellydevuyst.com\/fr\/wp-json\/wp\/v2\/product\/1726","targetHints":{"allow":["GET"]}}],"collection":[{"href":"https:\/\/nellydevuyst.com\/fr\/wp-json\/wp\/v2\/product"}],"about":[{"href":"https:\/\/nellydevuyst.com\/fr\/wp-json\/wp\/v2\/types\/product"}],"replies":[{"embeddable":true,"href":"https:\/\/nellydevuyst.com\/fr\/wp-json\/wp\/v2\/comments?post=1726"}],"wp:featuredmedia":[{"embeddable":true,"href":"https:\/\/nellydevuyst.com\/fr\/wp-json\/wp\/v2\/media\/14389"}],"wp:attachment":[{"href":"https:\/\/nellydevuyst.com\/fr\/wp-json\/wp\/v2\/media?parent=1726"}],"wp:term":[{"taxonomy":"product_brand","embeddable":true,"href":"https:\/\/nellydevuyst.com\/fr\/wp-json\/wp\/v2\/product_brand?post=1726"},{"taxonomy":"product_cat","embeddable":true,"href":"https:\/\/nellydevuyst.com\/fr\/wp-json\/wp\/v2\/product_cat?post=1726"},{"taxonomy":"product_tag","embeddable":true,"href":"https:\/\/nellydevuyst.com\/fr\/wp-json\/wp\/v2\/product_tag?post=1726"},{"taxonomy":"giftcard-category","embeddable":true,"href":"https:\/\/nellydevuyst.com\/fr\/wp-json\/wp\/v2\/giftcard-category?post=1726"}],"curies":[{"name":"wp","href":"https:\/\/api.w.org\/{rel}","templated":true}]}}