{"id":1732,"date":"2014-06-09T21:48:15","date_gmt":"2014-06-10T01:48:15","guid":{"rendered":"https:\/\/nellydevuyst.com\/product\/lifting-complex-serum\/"},"modified":"2026-04-08T13:59:37","modified_gmt":"2026-04-08T17:59:37","slug":"serum-lifting-complex","status":"publish","type":"product","link":"https:\/\/nellydevuyst.com\/fr\/produit\/serum-lifting-complex\/","title":{"rendered":"S\u00e9rum Lifting Complex"},"content":{"rendered":"<h2 class=\"uppercase\">D\u00e9couvrez la science de la beaut\u00e9 intemporelle avec notre S\u00e9rum Lifting Complex<\/h2>\n<p>Notre s\u00e9rum anti-\u00e2ge a \u00e9t\u00e9 m\u00e9ticuleusement mis au point pour les personnes qui privil\u00e9gient une beaut\u00e9 sans \u00e2ge. S&rsquo;appuyant sur les propri\u00e9t\u00e9s raffermissantes des peptides et de l&rsquo;ADN de saumon, ce s\u00e9rum agit comme un phare de rajeunissement, s&rsquo;attaquant avec pr\u00e9cision aux multiples signes de l&rsquo;\u00e2ge. Chaque goutte est un m\u00e9lange concentr\u00e9 con\u00e7u pour att\u00e9nuer les rides et les ridules, restaurer l&rsquo;\u00e9lasticit\u00e9 et la fermet\u00e9, et conf\u00e9rer \u00e0 la peau un \u00e9clat lumineux.<\/p>\n<p>Au-del\u00e0 de ses effets transformateurs imm\u00e9diats, ce s\u00e9rum t\u00e9moigne de la fusion de la nature et de la science. Sa synergie de peptides, de prot\u00e9ines et d&rsquo;ADN de saumon raffermit et tonifie la peau, luttant contre le rel\u00e2chement et donnant \u00e0 la peau une apparence plus jeune.<\/p>\n<p>Int\u00e9grer notre s\u00e9rum anti-\u00e2ge \u00e0 votre routine quotidienne est plus qu&rsquo;un simple geste, c&rsquo;est un engagement en faveur d&rsquo;une beaut\u00e9 radieuse et intemporelle. Sa texture soyeuse permet une application sans effort, enveloppant la peau d&rsquo;un voile de nutrition et de protection.<\/p>\n<p>Conform\u00e9ment \u00e0 notre engagement envers votre peau et l&rsquo;environnement, ce s\u00e9rum anti-\u00e2ge est biod\u00e9gradable, sans alcool, sans silicone, sans parab\u00e8ne, sans PEG, sans gluten, sans OGM, sans perturbateur endocrinien, sans goudron, sans quaternium, sans colorant et non test\u00e9 sur les animaux.<\/p>\n","protected":false},"excerpt":{"rendered":"<p>Notre s\u00e9rum anti-\u00e2ge vous offre une transformation puissante gr\u00e2ce \u00e0 ses propri\u00e9t\u00e9s raffermissantes et rajeunissantes. Enrichi en ingr\u00e9dients liftants tels que les peptides et l&rsquo;ADN de saumon, il cible les rides et les ridules, am\u00e9liore l&rsquo;\u00e9lasticit\u00e9 de la peau et r\u00e9v\u00e8le un \u00e9clat de jeunesse. Plongez dans un monde o\u00f9 les r\u00e9sultats anti-\u00e2ge rencontrent les soins de luxe.<\/p>\n<ul>\n<li class=\"bullet-arrow\"><strong>Texture :<\/strong> Gel<\/li>\n<li class=\"bullet-arrow\"><strong>Type de peau :<\/strong> Peau mature<\/li>\n<li class=\"bullet-arrow\"><strong>Pr\u00e9occupations cutan\u00e9es :<\/strong> Rides, ridules, affaissement, manque de fermet\u00e9<\/li>\n<li class=\"bullet-arrow\"><strong>Format :<\/strong> 1.00 fl.oz. &#8211; 30 ml <em>(Pompe sans air)<\/em><\/li>\n<\/ul>\n<div class=\"row row-full-width align-equal\"  id=\"row-648798864\">\n\t<div id=\"col-577853500\" class=\"col small-12 large-12\"  >\n\t\t\t\t<div class=\"col-inner\"  >\n\t\t\t\n\t\t\t\n\n  \n    <div class=\"row large-columns-8 medium-columns-8 small-columns-8 row-collapse\" >\n  <div class=\"gallery-col col\" >\n          <div class=\"col-inner\">\n                        <div class=\"box has-hover gallery-box box-none\">\n              <div class=\"box-image\" >\n                <img width=\"1\" height=\"1\" src=\"https:\/\/nellydevuyst.com\/wp-content\/uploads\/2023\/05\/ANIMALCRUELTY-EN.svg\" class=\"attachment-medium size-medium\" alt=\"NO ANIMAL CRUELTY\" ids=\"12303,12319,12321,12309\" style=\"none\" lightbox=\"false\" col_spacing=\"collapse\" columns=\"8\" columns__sm=\"8\" columns__md=\"8\" decoding=\"async\" loading=\"lazy\" \/>                                                              <\/div>\n              <div class=\"box-text text-left\" >\n                 <p>NO ANIMAL CRUELTY <\/p>\n              <\/div>\n            <\/div>\n                      <\/div>\n         <\/div><div class=\"gallery-col col\" >\n          <div class=\"col-inner\">\n                        <div class=\"box has-hover gallery-box box-none\">\n              <div class=\"box-image\" >\n                <img width=\"1\" height=\"1\" src=\"https:\/\/nellydevuyst.com\/wp-content\/uploads\/2023\/05\/OGM-FR.svg\" class=\"attachment-medium size-medium\" alt=\"GLUTEN OGM\" ids=\"12303,12319,12321,12309\" style=\"none\" lightbox=\"false\" col_spacing=\"collapse\" columns=\"8\" columns__sm=\"8\" columns__md=\"8\" decoding=\"async\" loading=\"lazy\" \/>                                                              <\/div>\n              <div class=\"box-text text-left\" >\n                 <p>GLUTEN OGM<\/p>\n              <\/div>\n            <\/div>\n                      <\/div>\n         <\/div><div class=\"gallery-col col\" >\n          <div class=\"col-inner\">\n                        <div class=\"box has-hover gallery-box box-none\">\n              <div class=\"box-image\" >\n                <img width=\"1\" height=\"1\" src=\"https:\/\/nellydevuyst.com\/wp-content\/uploads\/2023\/05\/RECYCLABLE-EN.svg\" class=\"attachment-medium size-medium\" alt=\"RECYCLABLE\" ids=\"12303,12319,12321,12309\" style=\"none\" lightbox=\"false\" col_spacing=\"collapse\" columns=\"8\" columns__sm=\"8\" columns__md=\"8\" decoding=\"async\" loading=\"lazy\" \/>                                                              <\/div>\n              <div class=\"box-text text-left\" >\n                 <p>RECYCLABLE<\/p>\n              <\/div>\n            <\/div>\n                      <\/div>\n         <\/div><div class=\"gallery-col col\" >\n          <div class=\"col-inner\">\n                        <div class=\"box has-hover gallery-box box-none\">\n              <div class=\"box-image\" >\n                <img width=\"1\" height=\"1\" src=\"https:\/\/nellydevuyst.com\/wp-content\/uploads\/2023\/05\/CANADA-FR.svg\" class=\"attachment-medium size-medium\" alt=\"FABRIQUE AU CANADA\" ids=\"12303,12319,12321,12309\" style=\"none\" lightbox=\"false\" col_spacing=\"collapse\" columns=\"8\" columns__sm=\"8\" columns__md=\"8\" decoding=\"async\" loading=\"lazy\" \/>                                                              <\/div>\n              <div class=\"box-text text-left\" >\n                 <p>FABRIQUE AU CANADA<\/p>\n              <\/div>\n            <\/div>\n                      <\/div>\n         <\/div><\/div>\n\t\t<\/div>\n\t\t\t\t\t<\/div>\n\n\t<\/div>\n","protected":false},"featured_media":14311,"comment_status":"open","ping_status":"closed","template":"","meta":[],"product_brand":[],"product_cat":[206,518,201,187],"product_tag":[247,261,262,251,232],"giftcard-category":[],"class_list":{"0":"post-1732","1":"product","2":"type-product","3":"status-publish","4":"has-post-thumbnail","6":"product_cat-anti-age-ridules","7":"product_cat-collection-lifting-complex","8":"product_cat-peau-deshydratee","9":"product_cat-serums-fr","10":"product_tag-anti-age","11":"product_tag-peau-deshydratee","12":"product_tag-peau-mature","13":"product_tag-peau-ridee","14":"product_tag-serum","16":"first","17":"instock","18":"taxable","19":"shipping-taxable","20":"purchasable","21":"product-type-simple"},"yoast_head":"<!-- This site is optimized with the Yoast SEO plugin v27.2 - https:\/\/yoast.com\/product\/yoast-seo-wordpress\/ -->\n<title>S\u00e9rum Lifting Complex | Nelly De Vuyst\u00ae Skin Care<\/title>\n<meta name=\"description\" content=\"D\u00e9couvrez notre s\u00e9rum anti-\u00e2ge, raffermissant et rajeunissant. Infus\u00e9 de peptides et d&#039;ADN de saumon, il att\u00e9nue les rides et r\u00e9v\u00e8le un \u00e9clat de jeunesse.\" \/>\n<meta name=\"robots\" content=\"index, follow, max-snippet:-1, max-image-preview:large, max-video-preview:-1\" \/>\n<link rel=\"canonical\" href=\"https:\/\/nellydevuyst.com\/fr\/produit\/serum-lifting-complex\/\" \/>\n<meta property=\"og:locale\" content=\"fr_FR\" \/>\n<meta property=\"og:type\" content=\"article\" \/>\n<meta property=\"og:title\" content=\"S\u00e9rum Lifting Complex | Nelly De Vuyst\u00ae Skin Care\" \/>\n<meta property=\"og:description\" content=\"D\u00e9couvrez notre s\u00e9rum anti-\u00e2ge, raffermissant et rajeunissant. Infus\u00e9 de peptides et d&#039;ADN de saumon, il att\u00e9nue les rides et r\u00e9v\u00e8le un \u00e9clat de jeunesse.\" \/>\n<meta property=\"og:url\" content=\"https:\/\/nellydevuyst.com\/fr\/produit\/serum-lifting-complex\/\" \/>\n<meta property=\"og:site_name\" content=\"Nelly De Vuyst\u00ae Skin Care\" \/>\n<meta property=\"article:publisher\" content=\"https:\/\/www.facebook.com\/NellyDeVuystSkincare\/\" \/>\n<meta property=\"article:modified_time\" content=\"2026-04-08T17:59:37+00:00\" \/>\n<meta property=\"og:image\" content=\"https:\/\/nellydevuyst.com\/wp-content\/uploads\/2014\/06\/Lifting-Complex-Serum.jpg\" \/>\n\t<meta property=\"og:image:width\" content=\"1200\" \/>\n\t<meta property=\"og:image:height\" content=\"1200\" \/>\n\t<meta property=\"og:image:type\" content=\"image\/jpeg\" \/>\n<meta name=\"twitter:card\" content=\"summary_large_image\" \/>\n<script type=\"application\/ld+json\" class=\"yoast-schema-graph\">{\"@context\":\"https:\/\/schema.org\",\"@graph\":[{\"@type\":[\"WebPage\",\"ItemPage\"],\"@id\":\"https:\/\/nellydevuyst.com\/fr\/produit\/serum-lifting-complex\/\",\"url\":\"https:\/\/nellydevuyst.com\/fr\/produit\/serum-lifting-complex\/\",\"name\":\"S\u00e9rum Lifting Complex | Nelly De Vuyst\u00ae Skin Care\",\"isPartOf\":{\"@id\":\"https:\/\/nellydevuyst.com\/fr\/#website\"},\"primaryImageOfPage\":{\"@id\":\"https:\/\/nellydevuyst.com\/fr\/produit\/serum-lifting-complex\/#primaryimage\"},\"image\":{\"@id\":\"https:\/\/nellydevuyst.com\/fr\/produit\/serum-lifting-complex\/#primaryimage\"},\"thumbnailUrl\":\"https:\/\/nellydevuyst.com\/wp-content\/uploads\/2014\/06\/Lifting-Complex-Serum.jpg\",\"datePublished\":\"2014-06-10T01:48:15+00:00\",\"dateModified\":\"2026-04-08T17:59:37+00:00\",\"description\":\"D\u00e9couvrez notre s\u00e9rum anti-\u00e2ge, raffermissant et rajeunissant. Infus\u00e9 de peptides et d'ADN de saumon, il att\u00e9nue les rides et r\u00e9v\u00e8le un \u00e9clat de jeunesse.\",\"breadcrumb\":{\"@id\":\"https:\/\/nellydevuyst.com\/fr\/produit\/serum-lifting-complex\/#breadcrumb\"},\"inLanguage\":\"fr-FR\",\"potentialAction\":[{\"@type\":\"ReadAction\",\"target\":[\"https:\/\/nellydevuyst.com\/fr\/produit\/serum-lifting-complex\/\"]}]},{\"@type\":\"ImageObject\",\"inLanguage\":\"fr-FR\",\"@id\":\"https:\/\/nellydevuyst.com\/fr\/produit\/serum-lifting-complex\/#primaryimage\",\"url\":\"https:\/\/nellydevuyst.com\/wp-content\/uploads\/2014\/06\/Lifting-Complex-Serum.jpg\",\"contentUrl\":\"https:\/\/nellydevuyst.com\/wp-content\/uploads\/2014\/06\/Lifting-Complex-Serum.jpg\",\"width\":1200,\"height\":1200,\"caption\":\"S\u00e9rum Lifting Complex\"},{\"@type\":\"BreadcrumbList\",\"@id\":\"https:\/\/nellydevuyst.com\/fr\/produit\/serum-lifting-complex\/#breadcrumb\",\"itemListElement\":[{\"@type\":\"ListItem\",\"position\":1,\"name\":\"Home\",\"item\":\"https:\/\/nellydevuyst.com\/fr\/\"},{\"@type\":\"ListItem\",\"position\":2,\"name\":\"Boutique\",\"item\":\"https:\/\/nellydevuyst.com\/fr\/boutique\/\"},{\"@type\":\"ListItem\",\"position\":3,\"name\":\"S\u00e9rum Lifting Complex\"}]},{\"@type\":\"WebSite\",\"@id\":\"https:\/\/nellydevuyst.com\/fr\/#website\",\"url\":\"https:\/\/nellydevuyst.com\/fr\/\",\"name\":\"Nelly De Vuyst\u00ae Skin Care\",\"description\":\"The Best of Science and Nature\",\"publisher\":{\"@id\":\"https:\/\/nellydevuyst.com\/fr\/#organization\"},\"alternateName\":\"NDV Skin Care\",\"potentialAction\":[{\"@type\":\"SearchAction\",\"target\":{\"@type\":\"EntryPoint\",\"urlTemplate\":\"https:\/\/nellydevuyst.com\/fr\/?s={search_term_string}\"},\"query-input\":{\"@type\":\"PropertyValueSpecification\",\"valueRequired\":true,\"valueName\":\"search_term_string\"}}],\"inLanguage\":\"fr-FR\"},{\"@type\":\"Organization\",\"@id\":\"https:\/\/nellydevuyst.com\/fr\/#organization\",\"name\":\"Nelly De Vuyst Skin Care\",\"alternateName\":\"NDV Skin Care\",\"url\":\"https:\/\/nellydevuyst.com\/fr\/\",\"logo\":{\"@type\":\"ImageObject\",\"inLanguage\":\"fr-FR\",\"@id\":\"https:\/\/nellydevuyst.com\/fr\/#\/schema\/logo\/image\/\",\"url\":\"https:\/\/nellydevuyst.com\/wp-content\/uploads\/2024\/01\/ndv-logo-favico.png\",\"contentUrl\":\"https:\/\/nellydevuyst.com\/wp-content\/uploads\/2024\/01\/ndv-logo-favico.png\",\"width\":512,\"height\":512,\"caption\":\"Nelly De Vuyst Skin Care\"},\"image\":{\"@id\":\"https:\/\/nellydevuyst.com\/fr\/#\/schema\/logo\/image\/\"},\"sameAs\":[\"https:\/\/www.facebook.com\/NellyDeVuystSkincare\/\",\"https:\/\/www.instagram.com\/nelly_devuyst\/\",\"https:\/\/www.youtube.com\/user\/derme8282\",\"https:\/\/www.tiktok.com\/@nellydevuyst\",\"https:\/\/www.pinterest.com.mx\/nellydevuystskincare\/\"]}]}<\/script>\n<!-- \/ Yoast SEO plugin. -->","yoast_head_json":{"title":"S\u00e9rum Lifting Complex | Nelly De Vuyst\u00ae Skin Care","description":"D\u00e9couvrez notre s\u00e9rum anti-\u00e2ge, raffermissant et rajeunissant. Infus\u00e9 de peptides et d'ADN de saumon, il att\u00e9nue les rides et r\u00e9v\u00e8le un \u00e9clat de jeunesse.","robots":{"index":"index","follow":"follow","max-snippet":"max-snippet:-1","max-image-preview":"max-image-preview:large","max-video-preview":"max-video-preview:-1"},"canonical":"https:\/\/nellydevuyst.com\/fr\/produit\/serum-lifting-complex\/","og_locale":"fr_FR","og_type":"article","og_title":"S\u00e9rum Lifting Complex | Nelly De Vuyst\u00ae Skin Care","og_description":"D\u00e9couvrez notre s\u00e9rum anti-\u00e2ge, raffermissant et rajeunissant. Infus\u00e9 de peptides et d'ADN de saumon, il att\u00e9nue les rides et r\u00e9v\u00e8le un \u00e9clat de jeunesse.","og_url":"https:\/\/nellydevuyst.com\/fr\/produit\/serum-lifting-complex\/","og_site_name":"Nelly De Vuyst\u00ae Skin Care","article_publisher":"https:\/\/www.facebook.com\/NellyDeVuystSkincare\/","article_modified_time":"2026-04-08T17:59:37+00:00","og_image":[{"width":1200,"height":1200,"url":"https:\/\/nellydevuyst.com\/wp-content\/uploads\/2014\/06\/Lifting-Complex-Serum.jpg","type":"image\/jpeg"}],"twitter_card":"summary_large_image","schema":{"@context":"https:\/\/schema.org","@graph":[{"@type":["WebPage","ItemPage"],"@id":"https:\/\/nellydevuyst.com\/fr\/produit\/serum-lifting-complex\/","url":"https:\/\/nellydevuyst.com\/fr\/produit\/serum-lifting-complex\/","name":"S\u00e9rum Lifting Complex | Nelly De Vuyst\u00ae Skin Care","isPartOf":{"@id":"https:\/\/nellydevuyst.com\/fr\/#website"},"primaryImageOfPage":{"@id":"https:\/\/nellydevuyst.com\/fr\/produit\/serum-lifting-complex\/#primaryimage"},"image":{"@id":"https:\/\/nellydevuyst.com\/fr\/produit\/serum-lifting-complex\/#primaryimage"},"thumbnailUrl":"https:\/\/nellydevuyst.com\/wp-content\/uploads\/2014\/06\/Lifting-Complex-Serum.jpg","datePublished":"2014-06-10T01:48:15+00:00","dateModified":"2026-04-08T17:59:37+00:00","description":"D\u00e9couvrez notre s\u00e9rum anti-\u00e2ge, raffermissant et rajeunissant. Infus\u00e9 de peptides et d'ADN de saumon, il att\u00e9nue les rides et r\u00e9v\u00e8le un \u00e9clat de jeunesse.","breadcrumb":{"@id":"https:\/\/nellydevuyst.com\/fr\/produit\/serum-lifting-complex\/#breadcrumb"},"inLanguage":"fr-FR","potentialAction":[{"@type":"ReadAction","target":["https:\/\/nellydevuyst.com\/fr\/produit\/serum-lifting-complex\/"]}]},{"@type":"ImageObject","inLanguage":"fr-FR","@id":"https:\/\/nellydevuyst.com\/fr\/produit\/serum-lifting-complex\/#primaryimage","url":"https:\/\/nellydevuyst.com\/wp-content\/uploads\/2014\/06\/Lifting-Complex-Serum.jpg","contentUrl":"https:\/\/nellydevuyst.com\/wp-content\/uploads\/2014\/06\/Lifting-Complex-Serum.jpg","width":1200,"height":1200,"caption":"S\u00e9rum Lifting Complex"},{"@type":"BreadcrumbList","@id":"https:\/\/nellydevuyst.com\/fr\/produit\/serum-lifting-complex\/#breadcrumb","itemListElement":[{"@type":"ListItem","position":1,"name":"Home","item":"https:\/\/nellydevuyst.com\/fr\/"},{"@type":"ListItem","position":2,"name":"Boutique","item":"https:\/\/nellydevuyst.com\/fr\/boutique\/"},{"@type":"ListItem","position":3,"name":"S\u00e9rum Lifting Complex"}]},{"@type":"WebSite","@id":"https:\/\/nellydevuyst.com\/fr\/#website","url":"https:\/\/nellydevuyst.com\/fr\/","name":"Nelly De Vuyst\u00ae Skin Care","description":"The Best of Science and Nature","publisher":{"@id":"https:\/\/nellydevuyst.com\/fr\/#organization"},"alternateName":"NDV Skin Care","potentialAction":[{"@type":"SearchAction","target":{"@type":"EntryPoint","urlTemplate":"https:\/\/nellydevuyst.com\/fr\/?s={search_term_string}"},"query-input":{"@type":"PropertyValueSpecification","valueRequired":true,"valueName":"search_term_string"}}],"inLanguage":"fr-FR"},{"@type":"Organization","@id":"https:\/\/nellydevuyst.com\/fr\/#organization","name":"Nelly De Vuyst Skin Care","alternateName":"NDV Skin Care","url":"https:\/\/nellydevuyst.com\/fr\/","logo":{"@type":"ImageObject","inLanguage":"fr-FR","@id":"https:\/\/nellydevuyst.com\/fr\/#\/schema\/logo\/image\/","url":"https:\/\/nellydevuyst.com\/wp-content\/uploads\/2024\/01\/ndv-logo-favico.png","contentUrl":"https:\/\/nellydevuyst.com\/wp-content\/uploads\/2024\/01\/ndv-logo-favico.png","width":512,"height":512,"caption":"Nelly De Vuyst Skin Care"},"image":{"@id":"https:\/\/nellydevuyst.com\/fr\/#\/schema\/logo\/image\/"},"sameAs":["https:\/\/www.facebook.com\/NellyDeVuystSkincare\/","https:\/\/www.instagram.com\/nelly_devuyst\/","https:\/\/www.youtube.com\/user\/derme8282","https:\/\/www.tiktok.com\/@nellydevuyst","https:\/\/www.pinterest.com.mx\/nellydevuystskincare\/"]}]}},"_links":{"self":[{"href":"https:\/\/nellydevuyst.com\/fr\/wp-json\/wp\/v2\/product\/1732","targetHints":{"allow":["GET"]}}],"collection":[{"href":"https:\/\/nellydevuyst.com\/fr\/wp-json\/wp\/v2\/product"}],"about":[{"href":"https:\/\/nellydevuyst.com\/fr\/wp-json\/wp\/v2\/types\/product"}],"replies":[{"embeddable":true,"href":"https:\/\/nellydevuyst.com\/fr\/wp-json\/wp\/v2\/comments?post=1732"}],"wp:featuredmedia":[{"embeddable":true,"href":"https:\/\/nellydevuyst.com\/fr\/wp-json\/wp\/v2\/media\/14311"}],"wp:attachment":[{"href":"https:\/\/nellydevuyst.com\/fr\/wp-json\/wp\/v2\/media?parent=1732"}],"wp:term":[{"taxonomy":"product_brand","embeddable":true,"href":"https:\/\/nellydevuyst.com\/fr\/wp-json\/wp\/v2\/product_brand?post=1732"},{"taxonomy":"product_cat","embeddable":true,"href":"https:\/\/nellydevuyst.com\/fr\/wp-json\/wp\/v2\/product_cat?post=1732"},{"taxonomy":"product_tag","embeddable":true,"href":"https:\/\/nellydevuyst.com\/fr\/wp-json\/wp\/v2\/product_tag?post=1732"},{"taxonomy":"giftcard-category","embeddable":true,"href":"https:\/\/nellydevuyst.com\/fr\/wp-json\/wp\/v2\/giftcard-category?post=1732"}],"curies":[{"name":"wp","href":"https:\/\/api.w.org\/{rel}","templated":true}]}}