{"id":1738,"date":"2013-08-10T10:17:13","date_gmt":"2013-08-10T14:17:13","guid":{"rendered":"https:\/\/nellydevuyst.com\/product\/vitalift-c-ha-serum\/"},"modified":"2026-04-24T09:59:26","modified_gmt":"2026-04-24T13:59:26","slug":"serum-vitalift-c-ha-radiance","status":"publish","type":"product","link":"https:\/\/nellydevuyst.com\/fr\/produit\/serum-vitalift-c-ha-radiance\/","title":{"rendered":"S\u00e9rum Vitalift-C HA Radiance"},"content":{"rendered":"<h2 class=\"uppercase\">Un \u00e9clat radieux et une transformation miraculeuse pour les peaux ternes<\/h2>\n<p>Plongez dans le monde merveilleux des soins de la peau avec notre s\u00e9rum Radiance VitaLift-C HA. Ce s\u00e9rum \u00e0 la vitamine C n&rsquo;est pas un simple produit de beaut\u00e9, c&rsquo;est la cl\u00e9 d&rsquo;une peau plus jeune, plus ferme et plus \u00e9clatante. Notre formule unique et puissante, enrichie d&rsquo;une dose concentr\u00e9e de vitamine C et d&rsquo;acide hyaluronique, d\u00e9voile un teint radieux et fait des miracles. Dites adieu aux ridules, aux taches brunes et au teint terne. Les puissants antioxydants prot\u00e8gent contre les agressions quotidiennes de l&rsquo;environnement, tandis que la texture l\u00e9g\u00e8re et soyeuse garantit une exp\u00e9rience luxueuse. Ce n&rsquo;est pas seulement un s\u00e9rum illuminateur, c&rsquo;est un \u00e9l\u00e9ment essentiel de vos rituels quotidiens pour un \u00e9clat, une r\u00e9silience et une beaut\u00e9 intemporelle.<\/p>\n<p>Am\u00e9liorez votre routine de soins de la peau avec Nelly De Vuyst, o\u00f9 la science rencontre le glamour pour une peau rayonnante !<\/p>\n","protected":false},"excerpt":{"rendered":"<p>Notre s\u00e9rum Radiance VitaLift-C HA, cr\u00e9\u00e9 \u00e0 partir d&rsquo;une formule tr\u00e8s puissante avec une forte concentration de vitamine C, un puissant antioxydant &amp; et de l&rsquo;acide hyaluronique fragment\u00e9. Ce s\u00e9rum offre une gamme de b\u00e9n\u00e9fices pour la peau, y compris l&rsquo;\u00e9claircissement, le raffermissement et l&rsquo;\u00e9clat.<\/p>\n<ul>\n<li class=\"bullet-arrow\"><strong>Texture :<\/strong> Gel<\/li>\n<li class=\"bullet-arrow\"><strong>Type de peau :<\/strong> Peau mature, peau terne<\/li>\n<li class=\"bullet-arrow\"><strong>Pr\u00e9occupations de la peau :<\/strong> Pigmentation et taches de vieillesse, lifting et raffermissement<\/li>\n<li class=\"bullet-arrow\"><strong>Format :<\/strong> 0.50 fl.oz. &#8211; 15 ml <em>(Pompe sans air)<\/em><\/li>\n<\/ul>\n<div class=\"row row-full-width align-equal\"  id=\"row-1630447111\">\n\t<div id=\"col-766596031\" class=\"col small-12 large-12\"  >\n\t\t\t\t<div class=\"col-inner\"  >\n\t\t\t\n\t\t\t\n\n  \n    <div class=\"row large-columns-8 medium-columns-8 small-columns-8 row-collapse\" >\n  <div class=\"gallery-col col\" >\n          <div class=\"col-inner\">\n                        <div class=\"box has-hover gallery-box box-none\">\n              <div class=\"box-image\" >\n                <img width=\"1\" height=\"1\" src=\"https:\/\/nellydevuyst.com\/wp-content\/uploads\/2023\/05\/OGM-FR.svg\" class=\"attachment-medium size-medium\" alt=\"GLUTEN OGM\" ids=\"12319,12303,12321,12309\" style=\"none\" lightbox=\"false\" col_spacing=\"collapse\" columns=\"8\" columns__sm=\"8\" columns__md=\"8\" decoding=\"async\" loading=\"lazy\" \/>                                                              <\/div>\n              <div class=\"box-text text-left\" >\n                 <p>GLUTEN OGM<\/p>\n              <\/div>\n            <\/div>\n                      <\/div>\n         <\/div><div class=\"gallery-col col\" >\n          <div class=\"col-inner\">\n                        <div class=\"box has-hover gallery-box box-none\">\n              <div class=\"box-image\" >\n                <img width=\"1\" height=\"1\" src=\"https:\/\/nellydevuyst.com\/wp-content\/uploads\/2023\/05\/ANIMALCRUELTY-EN.svg\" class=\"attachment-medium size-medium\" alt=\"NO ANIMAL CRUELTY\" ids=\"12319,12303,12321,12309\" style=\"none\" lightbox=\"false\" col_spacing=\"collapse\" columns=\"8\" columns__sm=\"8\" columns__md=\"8\" decoding=\"async\" loading=\"lazy\" \/>                                                              <\/div>\n              <div class=\"box-text text-left\" >\n                 <p>NO ANIMAL CRUELTY <\/p>\n              <\/div>\n            <\/div>\n                      <\/div>\n         <\/div><div class=\"gallery-col col\" >\n          <div class=\"col-inner\">\n                        <div class=\"box has-hover gallery-box box-none\">\n              <div class=\"box-image\" >\n                <img width=\"1\" height=\"1\" src=\"https:\/\/nellydevuyst.com\/wp-content\/uploads\/2023\/05\/RECYCLABLE-EN.svg\" class=\"attachment-medium size-medium\" alt=\"RECYCLABLE\" ids=\"12319,12303,12321,12309\" style=\"none\" lightbox=\"false\" col_spacing=\"collapse\" columns=\"8\" columns__sm=\"8\" columns__md=\"8\" decoding=\"async\" loading=\"lazy\" \/>                                                              <\/div>\n              <div class=\"box-text text-left\" >\n                 <p>RECYCLABLE<\/p>\n              <\/div>\n            <\/div>\n                      <\/div>\n         <\/div><div class=\"gallery-col col\" >\n          <div class=\"col-inner\">\n                        <div class=\"box has-hover gallery-box box-none\">\n              <div class=\"box-image\" >\n                <img width=\"1\" height=\"1\" src=\"https:\/\/nellydevuyst.com\/wp-content\/uploads\/2023\/05\/CANADA-FR.svg\" class=\"attachment-medium size-medium\" alt=\"FABRIQUE AU CANADA\" ids=\"12319,12303,12321,12309\" style=\"none\" lightbox=\"false\" col_spacing=\"collapse\" columns=\"8\" columns__sm=\"8\" columns__md=\"8\" decoding=\"async\" loading=\"lazy\" \/>                                                              <\/div>\n              <div class=\"box-text text-left\" >\n                 <p>FABRIQUE AU CANADA<\/p>\n              <\/div>\n            <\/div>\n                      <\/div>\n         <\/div><\/div>\n\t\t<\/div>\n\t\t\t\t\t<\/div>\n\n\t<\/div>\n","protected":false},"featured_media":14211,"comment_status":"open","ping_status":"closed","template":"","meta":[],"product_brand":[],"product_cat":[206,208,201,508,187],"product_tag":[247,251,275,232],"giftcard-category":[],"class_list":{"0":"post-1738","1":"product","2":"type-product","3":"status-publish","4":"has-post-thumbnail","6":"product_cat-anti-age-ridules","7":"product_cat-hyperpigmentation","8":"product_cat-peau-deshydratee","9":"product_cat-collection-radiance","10":"product_cat-serums-fr","11":"product_tag-anti-age","12":"product_tag-peau-ridee","13":"product_tag-pigmentation-fr","14":"product_tag-serum","16":"first","17":"instock","18":"taxable","19":"shipping-taxable","20":"purchasable","21":"product-type-simple"},"yoast_head":"<!-- This site is optimized with the Yoast SEO plugin v27.4 - https:\/\/yoast.com\/product\/yoast-seo-wordpress\/ -->\n<title>S\u00e9rum Vitalift-C HA Radiance | Nelly De Vuyst\u00ae Skin Care<\/title>\n<meta name=\"description\" content=\"S\u00e9rum Radiance VitaLift-C HA est un traitement antioxydant, \u00e9claircissant, illuminateur et lissant r\u00e9volutionnaire \u00e0 base de vitamine C stabilis\u00e9e et d&#039;acide hyaluronique fragment\u00e9.\" \/>\n<meta name=\"robots\" content=\"index, follow, max-snippet:-1, max-image-preview:large, max-video-preview:-1\" \/>\n<link rel=\"canonical\" href=\"https:\/\/nellydevuyst.com\/fr\/produit\/serum-vitalift-c-ha-radiance\/\" \/>\n<meta property=\"og:locale\" content=\"fr_FR\" \/>\n<meta property=\"og:type\" content=\"article\" \/>\n<meta property=\"og:title\" content=\"S\u00e9rum Vitalift-C HA Radiance | Nelly De Vuyst\u00ae Skin Care\" \/>\n<meta property=\"og:description\" content=\"S\u00e9rum Radiance VitaLift-C HA est un traitement antioxydant, \u00e9claircissant, illuminateur et lissant r\u00e9volutionnaire \u00e0 base de vitamine C stabilis\u00e9e et d&#039;acide hyaluronique fragment\u00e9.\" \/>\n<meta property=\"og:url\" content=\"https:\/\/nellydevuyst.com\/fr\/produit\/serum-vitalift-c-ha-radiance\/\" \/>\n<meta property=\"og:site_name\" content=\"Nelly De Vuyst\u00ae Skin Care\" \/>\n<meta property=\"article:publisher\" content=\"https:\/\/www.facebook.com\/NellyDeVuystSkincare\/\" \/>\n<meta property=\"article:modified_time\" content=\"2026-04-24T13:59:26+00:00\" \/>\n<meta property=\"og:image\" content=\"https:\/\/nellydevuyst.com\/wp-content\/uploads\/2013\/08\/Radiance-VitaLift-C-HA-Serum.jpg\" \/>\n\t<meta property=\"og:image:width\" content=\"1200\" \/>\n\t<meta property=\"og:image:height\" content=\"1200\" \/>\n\t<meta property=\"og:image:type\" content=\"image\/jpeg\" \/>\n<meta name=\"twitter:card\" content=\"summary_large_image\" \/>\n<script type=\"application\/ld+json\" class=\"yoast-schema-graph\">{\"@context\":\"https:\\\/\\\/schema.org\",\"@graph\":[{\"@type\":[\"WebPage\",\"ItemPage\"],\"@id\":\"https:\\\/\\\/nellydevuyst.com\\\/fr\\\/produit\\\/serum-vitalift-c-ha-radiance\\\/\",\"url\":\"https:\\\/\\\/nellydevuyst.com\\\/fr\\\/produit\\\/serum-vitalift-c-ha-radiance\\\/\",\"name\":\"S\u00e9rum Vitalift-C HA Radiance | Nelly De Vuyst\u00ae Skin Care\",\"isPartOf\":{\"@id\":\"https:\\\/\\\/nellydevuyst.com\\\/fr\\\/#website\"},\"primaryImageOfPage\":{\"@id\":\"https:\\\/\\\/nellydevuyst.com\\\/fr\\\/produit\\\/serum-vitalift-c-ha-radiance\\\/#primaryimage\"},\"image\":{\"@id\":\"https:\\\/\\\/nellydevuyst.com\\\/fr\\\/produit\\\/serum-vitalift-c-ha-radiance\\\/#primaryimage\"},\"thumbnailUrl\":\"https:\\\/\\\/nellydevuyst.com\\\/wp-content\\\/uploads\\\/2013\\\/08\\\/Radiance-VitaLift-C-HA-Serum.jpg\",\"datePublished\":\"2013-08-10T14:17:13+00:00\",\"dateModified\":\"2026-04-24T13:59:26+00:00\",\"description\":\"S\u00e9rum Radiance VitaLift-C HA est un traitement antioxydant, \u00e9claircissant, illuminateur et lissant r\u00e9volutionnaire \u00e0 base de vitamine C stabilis\u00e9e et d'acide hyaluronique fragment\u00e9.\",\"breadcrumb\":{\"@id\":\"https:\\\/\\\/nellydevuyst.com\\\/fr\\\/produit\\\/serum-vitalift-c-ha-radiance\\\/#breadcrumb\"},\"inLanguage\":\"fr-FR\",\"potentialAction\":[{\"@type\":\"ReadAction\",\"target\":[\"https:\\\/\\\/nellydevuyst.com\\\/fr\\\/produit\\\/serum-vitalift-c-ha-radiance\\\/\"]}]},{\"@type\":\"ImageObject\",\"inLanguage\":\"fr-FR\",\"@id\":\"https:\\\/\\\/nellydevuyst.com\\\/fr\\\/produit\\\/serum-vitalift-c-ha-radiance\\\/#primaryimage\",\"url\":\"https:\\\/\\\/nellydevuyst.com\\\/wp-content\\\/uploads\\\/2013\\\/08\\\/Radiance-VitaLift-C-HA-Serum.jpg\",\"contentUrl\":\"https:\\\/\\\/nellydevuyst.com\\\/wp-content\\\/uploads\\\/2013\\\/08\\\/Radiance-VitaLift-C-HA-Serum.jpg\",\"width\":1200,\"height\":1200,\"caption\":\"S\u00e9rum Vitalift-C HA Radiance\"},{\"@type\":\"BreadcrumbList\",\"@id\":\"https:\\\/\\\/nellydevuyst.com\\\/fr\\\/produit\\\/serum-vitalift-c-ha-radiance\\\/#breadcrumb\",\"itemListElement\":[{\"@type\":\"ListItem\",\"position\":1,\"name\":\"Home\",\"item\":\"https:\\\/\\\/nellydevuyst.com\\\/fr\\\/\"},{\"@type\":\"ListItem\",\"position\":2,\"name\":\"Boutique\",\"item\":\"https:\\\/\\\/nellydevuyst.com\\\/fr\\\/boutique\\\/\"},{\"@type\":\"ListItem\",\"position\":3,\"name\":\"S\u00e9rum Vitalift-C HA Radiance\"}]},{\"@type\":\"WebSite\",\"@id\":\"https:\\\/\\\/nellydevuyst.com\\\/fr\\\/#website\",\"url\":\"https:\\\/\\\/nellydevuyst.com\\\/fr\\\/\",\"name\":\"Nelly De Vuyst\u00ae Skin Care\",\"description\":\"The Best of Science and Nature\",\"publisher\":{\"@id\":\"https:\\\/\\\/nellydevuyst.com\\\/fr\\\/#organization\"},\"alternateName\":\"NDV Skin Care\",\"potentialAction\":[{\"@type\":\"SearchAction\",\"target\":{\"@type\":\"EntryPoint\",\"urlTemplate\":\"https:\\\/\\\/nellydevuyst.com\\\/fr\\\/?s={search_term_string}\"},\"query-input\":{\"@type\":\"PropertyValueSpecification\",\"valueRequired\":true,\"valueName\":\"search_term_string\"}}],\"inLanguage\":\"fr-FR\"},{\"@type\":\"Organization\",\"@id\":\"https:\\\/\\\/nellydevuyst.com\\\/fr\\\/#organization\",\"name\":\"Nelly De Vuyst Skin Care\",\"alternateName\":\"NDV Skin Care\",\"url\":\"https:\\\/\\\/nellydevuyst.com\\\/fr\\\/\",\"logo\":{\"@type\":\"ImageObject\",\"inLanguage\":\"fr-FR\",\"@id\":\"https:\\\/\\\/nellydevuyst.com\\\/fr\\\/#\\\/schema\\\/logo\\\/image\\\/\",\"url\":\"https:\\\/\\\/nellydevuyst.com\\\/wp-content\\\/uploads\\\/2024\\\/01\\\/ndv-logo-favico.png\",\"contentUrl\":\"https:\\\/\\\/nellydevuyst.com\\\/wp-content\\\/uploads\\\/2024\\\/01\\\/ndv-logo-favico.png\",\"width\":512,\"height\":512,\"caption\":\"Nelly De Vuyst Skin Care\"},\"image\":{\"@id\":\"https:\\\/\\\/nellydevuyst.com\\\/fr\\\/#\\\/schema\\\/logo\\\/image\\\/\"},\"sameAs\":[\"https:\\\/\\\/www.facebook.com\\\/NellyDeVuystSkincare\\\/\",\"https:\\\/\\\/www.instagram.com\\\/nelly_devuyst\\\/\",\"https:\\\/\\\/www.youtube.com\\\/user\\\/derme8282\",\"https:\\\/\\\/www.tiktok.com\\\/@nellydevuyst\",\"https:\\\/\\\/www.pinterest.com.mx\\\/nellydevuystskincare\\\/\"]}]}<\/script>\n<!-- \/ Yoast SEO plugin. -->","yoast_head_json":{"title":"S\u00e9rum Vitalift-C HA Radiance | Nelly De Vuyst\u00ae Skin Care","description":"S\u00e9rum Radiance VitaLift-C HA est un traitement antioxydant, \u00e9claircissant, illuminateur et lissant r\u00e9volutionnaire \u00e0 base de vitamine C stabilis\u00e9e et d'acide hyaluronique fragment\u00e9.","robots":{"index":"index","follow":"follow","max-snippet":"max-snippet:-1","max-image-preview":"max-image-preview:large","max-video-preview":"max-video-preview:-1"},"canonical":"https:\/\/nellydevuyst.com\/fr\/produit\/serum-vitalift-c-ha-radiance\/","og_locale":"fr_FR","og_type":"article","og_title":"S\u00e9rum Vitalift-C HA Radiance | Nelly De Vuyst\u00ae Skin Care","og_description":"S\u00e9rum Radiance VitaLift-C HA est un traitement antioxydant, \u00e9claircissant, illuminateur et lissant r\u00e9volutionnaire \u00e0 base de vitamine C stabilis\u00e9e et d'acide hyaluronique fragment\u00e9.","og_url":"https:\/\/nellydevuyst.com\/fr\/produit\/serum-vitalift-c-ha-radiance\/","og_site_name":"Nelly De Vuyst\u00ae Skin Care","article_publisher":"https:\/\/www.facebook.com\/NellyDeVuystSkincare\/","article_modified_time":"2026-04-24T13:59:26+00:00","og_image":[{"width":1200,"height":1200,"url":"https:\/\/nellydevuyst.com\/wp-content\/uploads\/2013\/08\/Radiance-VitaLift-C-HA-Serum.jpg","type":"image\/jpeg"}],"twitter_card":"summary_large_image","schema":{"@context":"https:\/\/schema.org","@graph":[{"@type":["WebPage","ItemPage"],"@id":"https:\/\/nellydevuyst.com\/fr\/produit\/serum-vitalift-c-ha-radiance\/","url":"https:\/\/nellydevuyst.com\/fr\/produit\/serum-vitalift-c-ha-radiance\/","name":"S\u00e9rum Vitalift-C HA Radiance | Nelly De Vuyst\u00ae Skin Care","isPartOf":{"@id":"https:\/\/nellydevuyst.com\/fr\/#website"},"primaryImageOfPage":{"@id":"https:\/\/nellydevuyst.com\/fr\/produit\/serum-vitalift-c-ha-radiance\/#primaryimage"},"image":{"@id":"https:\/\/nellydevuyst.com\/fr\/produit\/serum-vitalift-c-ha-radiance\/#primaryimage"},"thumbnailUrl":"https:\/\/nellydevuyst.com\/wp-content\/uploads\/2013\/08\/Radiance-VitaLift-C-HA-Serum.jpg","datePublished":"2013-08-10T14:17:13+00:00","dateModified":"2026-04-24T13:59:26+00:00","description":"S\u00e9rum Radiance VitaLift-C HA est un traitement antioxydant, \u00e9claircissant, illuminateur et lissant r\u00e9volutionnaire \u00e0 base de vitamine C stabilis\u00e9e et d'acide hyaluronique fragment\u00e9.","breadcrumb":{"@id":"https:\/\/nellydevuyst.com\/fr\/produit\/serum-vitalift-c-ha-radiance\/#breadcrumb"},"inLanguage":"fr-FR","potentialAction":[{"@type":"ReadAction","target":["https:\/\/nellydevuyst.com\/fr\/produit\/serum-vitalift-c-ha-radiance\/"]}]},{"@type":"ImageObject","inLanguage":"fr-FR","@id":"https:\/\/nellydevuyst.com\/fr\/produit\/serum-vitalift-c-ha-radiance\/#primaryimage","url":"https:\/\/nellydevuyst.com\/wp-content\/uploads\/2013\/08\/Radiance-VitaLift-C-HA-Serum.jpg","contentUrl":"https:\/\/nellydevuyst.com\/wp-content\/uploads\/2013\/08\/Radiance-VitaLift-C-HA-Serum.jpg","width":1200,"height":1200,"caption":"S\u00e9rum Vitalift-C HA Radiance"},{"@type":"BreadcrumbList","@id":"https:\/\/nellydevuyst.com\/fr\/produit\/serum-vitalift-c-ha-radiance\/#breadcrumb","itemListElement":[{"@type":"ListItem","position":1,"name":"Home","item":"https:\/\/nellydevuyst.com\/fr\/"},{"@type":"ListItem","position":2,"name":"Boutique","item":"https:\/\/nellydevuyst.com\/fr\/boutique\/"},{"@type":"ListItem","position":3,"name":"S\u00e9rum Vitalift-C HA Radiance"}]},{"@type":"WebSite","@id":"https:\/\/nellydevuyst.com\/fr\/#website","url":"https:\/\/nellydevuyst.com\/fr\/","name":"Nelly De Vuyst\u00ae Skin Care","description":"The Best of Science and Nature","publisher":{"@id":"https:\/\/nellydevuyst.com\/fr\/#organization"},"alternateName":"NDV Skin Care","potentialAction":[{"@type":"SearchAction","target":{"@type":"EntryPoint","urlTemplate":"https:\/\/nellydevuyst.com\/fr\/?s={search_term_string}"},"query-input":{"@type":"PropertyValueSpecification","valueRequired":true,"valueName":"search_term_string"}}],"inLanguage":"fr-FR"},{"@type":"Organization","@id":"https:\/\/nellydevuyst.com\/fr\/#organization","name":"Nelly De Vuyst Skin Care","alternateName":"NDV Skin Care","url":"https:\/\/nellydevuyst.com\/fr\/","logo":{"@type":"ImageObject","inLanguage":"fr-FR","@id":"https:\/\/nellydevuyst.com\/fr\/#\/schema\/logo\/image\/","url":"https:\/\/nellydevuyst.com\/wp-content\/uploads\/2024\/01\/ndv-logo-favico.png","contentUrl":"https:\/\/nellydevuyst.com\/wp-content\/uploads\/2024\/01\/ndv-logo-favico.png","width":512,"height":512,"caption":"Nelly De Vuyst Skin Care"},"image":{"@id":"https:\/\/nellydevuyst.com\/fr\/#\/schema\/logo\/image\/"},"sameAs":["https:\/\/www.facebook.com\/NellyDeVuystSkincare\/","https:\/\/www.instagram.com\/nelly_devuyst\/","https:\/\/www.youtube.com\/user\/derme8282","https:\/\/www.tiktok.com\/@nellydevuyst","https:\/\/www.pinterest.com.mx\/nellydevuystskincare\/"]}]}},"_links":{"self":[{"href":"https:\/\/nellydevuyst.com\/fr\/wp-json\/wp\/v2\/product\/1738","targetHints":{"allow":["GET"]}}],"collection":[{"href":"https:\/\/nellydevuyst.com\/fr\/wp-json\/wp\/v2\/product"}],"about":[{"href":"https:\/\/nellydevuyst.com\/fr\/wp-json\/wp\/v2\/types\/product"}],"replies":[{"embeddable":true,"href":"https:\/\/nellydevuyst.com\/fr\/wp-json\/wp\/v2\/comments?post=1738"}],"wp:featuredmedia":[{"embeddable":true,"href":"https:\/\/nellydevuyst.com\/fr\/wp-json\/wp\/v2\/media\/14211"}],"wp:attachment":[{"href":"https:\/\/nellydevuyst.com\/fr\/wp-json\/wp\/v2\/media?parent=1738"}],"wp:term":[{"taxonomy":"product_brand","embeddable":true,"href":"https:\/\/nellydevuyst.com\/fr\/wp-json\/wp\/v2\/product_brand?post=1738"},{"taxonomy":"product_cat","embeddable":true,"href":"https:\/\/nellydevuyst.com\/fr\/wp-json\/wp\/v2\/product_cat?post=1738"},{"taxonomy":"product_tag","embeddable":true,"href":"https:\/\/nellydevuyst.com\/fr\/wp-json\/wp\/v2\/product_tag?post=1738"},{"taxonomy":"giftcard-category","embeddable":true,"href":"https:\/\/nellydevuyst.com\/fr\/wp-json\/wp\/v2\/giftcard-category?post=1738"}],"curies":[{"name":"wp","href":"https:\/\/api.w.org\/{rel}","templated":true}]}}