{"id":1741,"date":"2014-08-09T21:11:51","date_gmt":"2014-08-10T01:11:51","guid":{"rendered":"https:\/\/nellydevuyst.com\/product\/cellular-matrix-oil\/"},"modified":"2026-01-03T09:11:27","modified_gmt":"2026-01-03T14:11:27","slug":"huile-matrix-cellulaire","status":"publish","type":"product","link":"https:\/\/nellydevuyst.com\/fr\/produit\/huile-matrix-cellulaire\/","title":{"rendered":"Huile Matrix-Cellulaire"},"content":{"rendered":"<h2 class=\"uppercase\">Retrouvez un \u00e9clat de jeunesse avec notre Huile Matrix-Cellulaire<\/h2>\n<p>D\u00e9couvrez le secret d&rsquo;une peau radieuse et rajeunie gr\u00e2ce \u00e0 notre huile anti-\u00e2ge, formul\u00e9e pour r\u00e9pondre \u00e0 une multitude pr\u00e9occupations cutan\u00e9es. Au c\u0153ur de ce m\u00e9lange transformateur se trouve une s\u00e9lection d&rsquo;ingr\u00e9dients naturels r\u00e9put\u00e9s pour leurs propri\u00e9t\u00e9s nourrissantes et r\u00e9g\u00e9n\u00e9ratrices de la peau. Que vous luttiez contre les ridules, les rides, les cicatrices ou les vergetures, notre huile offre une solution holistique, favorisant la r\u00e9paration et la sant\u00e9 de la peau dans son ensemble.<\/p>\n<p>Exploitant le pouvoir de la nature, notre huile anti-\u00e2ge peut \u00eatre utilis\u00e9e comme huile de traitement des cicatrices ou des vergetures. Elle apporte une dose puissante d&rsquo;hydratation et de nutrition \u00e0 la peau s\u00e9che, la laissant souple et hydrat\u00e9e. Riche en acides gras essentiels et en antioxydants, cette synergie d&rsquo;huiles naturelles p\u00e9n\u00e8tre profond\u00e9ment dans les couches de la peau, favorisant la production de collag\u00e8ne et am\u00e9liorant l&rsquo;\u00e9lasticit\u00e9. Le r\u00e9sultat est un teint plus ferme et plus lisse qui respire la jeunesse, sans les signes visibles de l&rsquo;\u00e2ge et les agressions de l&rsquo;environnement.<\/p>\n<p>Conform\u00e9ment \u00e0 notre engagement envers votre peau et l&rsquo;environnement, cette huile nourrissante est biod\u00e9gradable, sans alcool, sans silicone, sans parab\u00e8ne, sans PEG, sans gluten, sans OGM, sans perturbateurs endocriniens, sans goudron, sans quaternium, sans colorant et non test\u00e9e sur les animaux.<\/p>\n","protected":false},"excerpt":{"rendered":"<p>D\u00e9couvrez notre huile anti-\u00e2ge, con\u00e7ue pour lutter contre les ridules, les rides, les cicatrices et les vergetures. Ce m\u00e9lange naturel, id\u00e9al pour les peaux s\u00e8ches, nourrit et revitalise en profondeur les peaux s\u00e8ches et matures, r\u00e9v\u00e9lant un teint plus lisse et plus \u00e9clatant avec une application r\u00e9guli\u00e8re. Am\u00e9liorez votre routine de soins de la peau avec notre formule nourrissante.<\/p>\n<ul>\n<li class=\"bullet-arrow\"><strong>Texture :<\/strong> Huile l\u00e9g\u00e8re<\/li>\n<li class=\"bullet-arrow\"><strong>TeType de peau xture:<\/strong> Mature , peau s\u00e8che<\/li>\n<li class=\"bullet-arrow\"><strong>Pr\u00e9occupations cutan\u00e9es :<\/strong> Rides, ridules, s\u00e8cheresse, cicatrices, vergetures<\/li>\n<li class=\"bullet-arrow\"><strong>Format :<\/strong> 1.00 fl.oz. &#8211; 30 ml <em>(Compte-gouttes)<\/em><\/li>\n<\/ul>\n<div class=\"row row-full-width align-equal\"  id=\"row-517840669\">\n\t<div id=\"col-1199207167\" class=\"col small-12 large-12\"  >\n\t\t\t\t<div class=\"col-inner\"  >\n\t\t\t\n\t\t\t\n\n  \n    <div class=\"row large-columns-8 medium-columns-8 small-columns-8 row-collapse\" >\n  <div class=\"gallery-col col\" >\n          <div class=\"col-inner\">\n                        <div class=\"box has-hover gallery-box box-none\">\n              <div class=\"box-image\" >\n                <img width=\"1\" height=\"1\" src=\"https:\/\/nellydevuyst.com\/wp-content\/uploads\/2023\/05\/VEGAN-EN.svg\" class=\"attachment-medium size-medium\" alt=\"VEGAN\" ids=\"12322,12302,12314,12320,12306\" style=\"none\" lightbox=\"false\" col_spacing=\"collapse\" columns=\"8\" columns__sm=\"8\" columns__md=\"8\" decoding=\"async\" loading=\"lazy\" \/>                                                              <\/div>\n              <div class=\"box-text text-left\" >\n                 <p>VEGAN<\/p>\n              <\/div>\n            <\/div>\n                      <\/div>\n         <\/div><div class=\"gallery-col col\" >\n          <div class=\"col-inner\">\n                        <div class=\"box has-hover gallery-box box-none\">\n              <div class=\"box-image\" >\n                <img width=\"1\" height=\"1\" src=\"https:\/\/nellydevuyst.com\/wp-content\/uploads\/2023\/05\/ANIMALCRUELTY-EN.svg\" class=\"attachment-medium size-medium\" alt=\"NO ANIMAL CRUELTY\" ids=\"12322,12302,12314,12320,12306\" style=\"none\" lightbox=\"false\" col_spacing=\"collapse\" columns=\"8\" columns__sm=\"8\" columns__md=\"8\" decoding=\"async\" loading=\"lazy\" \/>                                                              <\/div>\n              <div class=\"box-text text-left\" >\n                 <p>NO ANIMAL CRUELTY <\/p>\n              <\/div>\n            <\/div>\n                      <\/div>\n         <\/div><div class=\"gallery-col col\" >\n          <div class=\"col-inner\">\n                        <div class=\"box has-hover gallery-box box-none\">\n              <div class=\"box-image\" >\n                <img width=\"1\" height=\"1\" src=\"https:\/\/nellydevuyst.com\/wp-content\/uploads\/2023\/05\/GMO-EN.svg\" class=\"attachment-medium size-medium\" alt=\"GLUTEN GMO\" ids=\"12322,12302,12314,12320,12306\" style=\"none\" lightbox=\"false\" col_spacing=\"collapse\" columns=\"8\" columns__sm=\"8\" columns__md=\"8\" decoding=\"async\" loading=\"lazy\" \/>                                                              <\/div>\n              <div class=\"box-text text-left\" >\n                 <p>GLUTEN GMO<\/p>\n              <\/div>\n            <\/div>\n                      <\/div>\n         <\/div><div class=\"gallery-col col\" >\n          <div class=\"col-inner\">\n                        <div class=\"box has-hover gallery-box box-none\">\n              <div class=\"box-image\" >\n                <img width=\"1\" height=\"1\" src=\"https:\/\/nellydevuyst.com\/wp-content\/uploads\/2023\/05\/RECYCLABLE-EN.svg\" class=\"attachment-medium size-medium\" alt=\"RECYCLABLE\" ids=\"12322,12302,12314,12320,12306\" style=\"none\" lightbox=\"false\" col_spacing=\"collapse\" columns=\"8\" columns__sm=\"8\" columns__md=\"8\" decoding=\"async\" loading=\"lazy\" \/>                                                              <\/div>\n              <div class=\"box-text text-left\" >\n                 <p>RECYCLABLE<\/p>\n              <\/div>\n            <\/div>\n                      <\/div>\n         <\/div><div class=\"gallery-col col\" >\n          <div class=\"col-inner\">\n                        <div class=\"box has-hover gallery-box box-none\">\n              <div class=\"box-image\" >\n                <img width=\"1\" height=\"1\" src=\"https:\/\/nellydevuyst.com\/wp-content\/uploads\/2023\/05\/CANADA-EN.svg\" class=\"attachment-medium size-medium\" alt=\"MADE IN CANADA\" ids=\"12322,12302,12314,12320,12306\" style=\"none\" lightbox=\"false\" col_spacing=\"collapse\" columns=\"8\" columns__sm=\"8\" columns__md=\"8\" decoding=\"async\" loading=\"lazy\" \/>                                                              <\/div>\n              <div class=\"box-text text-left\" >\n                 <p>MADE IN CANADA<\/p>\n              <\/div>\n            <\/div>\n                      <\/div>\n         <\/div><\/div>\n\t\t<\/div>\n\t\t\t\t\t<\/div>\n\n\t<\/div>\n","protected":false},"featured_media":16364,"comment_status":"open","ping_status":"closed","template":"","meta":[],"product_brand":[],"product_cat":[206,522,188,201],"product_tag":[371,271,264,236,252,265,262,251,259,275,267],"giftcard-category":[],"class_list":{"0":"post-1741","1":"product","2":"type-product","3":"status-publish","4":"has-post-thumbnail","6":"product_cat-anti-age-ridules","7":"product_cat-collection-cellular-matrix","8":"product_cat-huiles-extraits","9":"product_cat-peau-deshydratee","10":"product_tag-cicatrices","11":"product_tag-dommages-lies-au-soleil","12":"product_tag-huile","13":"product_tag-hydratant","14":"product_tag-hydratants","15":"product_tag-peau-devitalisee","16":"product_tag-peau-mature","17":"product_tag-peau-ridee","18":"product_tag-peau-seche","19":"product_tag-pigmentation-fr","20":"product_tag-vergetures","22":"first","23":"instock","24":"taxable","25":"shipping-taxable","26":"purchasable","27":"product-type-simple"},"yoast_head":"<!-- This site is optimized with the Yoast SEO plugin v27.4 - https:\/\/yoast.com\/product\/yoast-seo-wordpress\/ -->\n<title>Huile Matrix-Cellulaire | Nelly De Vuyst\u00ae Skin Care<\/title>\n<meta name=\"description\" content=\"D\u00e9couvrez notre huile anti-\u00e2ge aux propri\u00e9t\u00e9s nourrissantes qui cible les ridules, les rides, les cicatrices et les vergetures. Ce produit est particuli\u00e8rement adapt\u00e9 aux peaux s\u00e8ches. Dites adieu \u00e0 vos complexes !\" \/>\n<meta name=\"robots\" content=\"index, follow, max-snippet:-1, max-image-preview:large, max-video-preview:-1\" \/>\n<link rel=\"canonical\" href=\"https:\/\/nellydevuyst.com\/fr\/produit\/huile-matrix-cellulaire\/\" \/>\n<meta property=\"og:locale\" content=\"fr_FR\" \/>\n<meta property=\"og:type\" content=\"article\" \/>\n<meta property=\"og:title\" content=\"Huile Matrix-Cellulaire | Nelly De Vuyst\u00ae Skin Care\" \/>\n<meta property=\"og:description\" content=\"D\u00e9couvrez notre huile anti-\u00e2ge aux propri\u00e9t\u00e9s nourrissantes qui cible les ridules, les rides, les cicatrices et les vergetures. Ce produit est particuli\u00e8rement adapt\u00e9 aux peaux s\u00e8ches. Dites adieu \u00e0 vos complexes !\" \/>\n<meta property=\"og:url\" content=\"https:\/\/nellydevuyst.com\/fr\/produit\/huile-matrix-cellulaire\/\" \/>\n<meta property=\"og:site_name\" content=\"Nelly De Vuyst\u00ae Skin Care\" \/>\n<meta property=\"article:publisher\" content=\"https:\/\/www.facebook.com\/NellyDeVuystSkincare\/\" \/>\n<meta property=\"article:modified_time\" content=\"2026-01-03T14:11:27+00:00\" \/>\n<meta property=\"og:image\" content=\"https:\/\/nellydevuyst.com\/wp-content\/uploads\/2014\/08\/Cellular-Matrix-Oil-1.jpg\" \/>\n\t<meta property=\"og:image:width\" content=\"1200\" \/>\n\t<meta property=\"og:image:height\" content=\"1200\" \/>\n\t<meta property=\"og:image:type\" content=\"image\/jpeg\" \/>\n<meta name=\"twitter:card\" content=\"summary_large_image\" \/>\n<script type=\"application\/ld+json\" class=\"yoast-schema-graph\">{\"@context\":\"https:\\\/\\\/schema.org\",\"@graph\":[{\"@type\":[\"WebPage\",\"ItemPage\"],\"@id\":\"https:\\\/\\\/nellydevuyst.com\\\/fr\\\/produit\\\/huile-matrix-cellulaire\\\/\",\"url\":\"https:\\\/\\\/nellydevuyst.com\\\/fr\\\/produit\\\/huile-matrix-cellulaire\\\/\",\"name\":\"Huile Matrix-Cellulaire | Nelly De Vuyst\u00ae Skin Care\",\"isPartOf\":{\"@id\":\"https:\\\/\\\/nellydevuyst.com\\\/fr\\\/#website\"},\"primaryImageOfPage\":{\"@id\":\"https:\\\/\\\/nellydevuyst.com\\\/fr\\\/produit\\\/huile-matrix-cellulaire\\\/#primaryimage\"},\"image\":{\"@id\":\"https:\\\/\\\/nellydevuyst.com\\\/fr\\\/produit\\\/huile-matrix-cellulaire\\\/#primaryimage\"},\"thumbnailUrl\":\"https:\\\/\\\/nellydevuyst.com\\\/wp-content\\\/uploads\\\/2014\\\/08\\\/Cellular-Matrix-Oil-1.jpg\",\"datePublished\":\"2014-08-10T01:11:51+00:00\",\"dateModified\":\"2026-01-03T14:11:27+00:00\",\"description\":\"D\u00e9couvrez notre huile anti-\u00e2ge aux propri\u00e9t\u00e9s nourrissantes qui cible les ridules, les rides, les cicatrices et les vergetures. Ce produit est particuli\u00e8rement adapt\u00e9 aux peaux s\u00e8ches. Dites adieu \u00e0 vos complexes !\",\"breadcrumb\":{\"@id\":\"https:\\\/\\\/nellydevuyst.com\\\/fr\\\/produit\\\/huile-matrix-cellulaire\\\/#breadcrumb\"},\"inLanguage\":\"fr-FR\",\"potentialAction\":[{\"@type\":\"ReadAction\",\"target\":[\"https:\\\/\\\/nellydevuyst.com\\\/fr\\\/produit\\\/huile-matrix-cellulaire\\\/\"]}]},{\"@type\":\"ImageObject\",\"inLanguage\":\"fr-FR\",\"@id\":\"https:\\\/\\\/nellydevuyst.com\\\/fr\\\/produit\\\/huile-matrix-cellulaire\\\/#primaryimage\",\"url\":\"https:\\\/\\\/nellydevuyst.com\\\/wp-content\\\/uploads\\\/2014\\\/08\\\/Cellular-Matrix-Oil-1.jpg\",\"contentUrl\":\"https:\\\/\\\/nellydevuyst.com\\\/wp-content\\\/uploads\\\/2014\\\/08\\\/Cellular-Matrix-Oil-1.jpg\",\"width\":1200,\"height\":1200,\"caption\":\"Huile Matrix-Cellulaire\"},{\"@type\":\"BreadcrumbList\",\"@id\":\"https:\\\/\\\/nellydevuyst.com\\\/fr\\\/produit\\\/huile-matrix-cellulaire\\\/#breadcrumb\",\"itemListElement\":[{\"@type\":\"ListItem\",\"position\":1,\"name\":\"Home\",\"item\":\"https:\\\/\\\/nellydevuyst.com\\\/fr\\\/\"},{\"@type\":\"ListItem\",\"position\":2,\"name\":\"Boutique\",\"item\":\"https:\\\/\\\/nellydevuyst.com\\\/fr\\\/boutique\\\/\"},{\"@type\":\"ListItem\",\"position\":3,\"name\":\"Huile Matrix-Cellulaire\"}]},{\"@type\":\"WebSite\",\"@id\":\"https:\\\/\\\/nellydevuyst.com\\\/fr\\\/#website\",\"url\":\"https:\\\/\\\/nellydevuyst.com\\\/fr\\\/\",\"name\":\"Nelly De Vuyst\u00ae Skin Care\",\"description\":\"The Best of Science and Nature\",\"publisher\":{\"@id\":\"https:\\\/\\\/nellydevuyst.com\\\/fr\\\/#organization\"},\"alternateName\":\"NDV Skin Care\",\"potentialAction\":[{\"@type\":\"SearchAction\",\"target\":{\"@type\":\"EntryPoint\",\"urlTemplate\":\"https:\\\/\\\/nellydevuyst.com\\\/fr\\\/?s={search_term_string}\"},\"query-input\":{\"@type\":\"PropertyValueSpecification\",\"valueRequired\":true,\"valueName\":\"search_term_string\"}}],\"inLanguage\":\"fr-FR\"},{\"@type\":\"Organization\",\"@id\":\"https:\\\/\\\/nellydevuyst.com\\\/fr\\\/#organization\",\"name\":\"Nelly De Vuyst Skin Care\",\"alternateName\":\"NDV Skin Care\",\"url\":\"https:\\\/\\\/nellydevuyst.com\\\/fr\\\/\",\"logo\":{\"@type\":\"ImageObject\",\"inLanguage\":\"fr-FR\",\"@id\":\"https:\\\/\\\/nellydevuyst.com\\\/fr\\\/#\\\/schema\\\/logo\\\/image\\\/\",\"url\":\"https:\\\/\\\/nellydevuyst.com\\\/wp-content\\\/uploads\\\/2024\\\/01\\\/ndv-logo-favico.png\",\"contentUrl\":\"https:\\\/\\\/nellydevuyst.com\\\/wp-content\\\/uploads\\\/2024\\\/01\\\/ndv-logo-favico.png\",\"width\":512,\"height\":512,\"caption\":\"Nelly De Vuyst Skin Care\"},\"image\":{\"@id\":\"https:\\\/\\\/nellydevuyst.com\\\/fr\\\/#\\\/schema\\\/logo\\\/image\\\/\"},\"sameAs\":[\"https:\\\/\\\/www.facebook.com\\\/NellyDeVuystSkincare\\\/\",\"https:\\\/\\\/www.instagram.com\\\/nelly_devuyst\\\/\",\"https:\\\/\\\/www.youtube.com\\\/user\\\/derme8282\",\"https:\\\/\\\/www.tiktok.com\\\/@nellydevuyst\",\"https:\\\/\\\/www.pinterest.com.mx\\\/nellydevuystskincare\\\/\"]}]}<\/script>\n<!-- \/ Yoast SEO plugin. -->","yoast_head_json":{"title":"Huile Matrix-Cellulaire | Nelly De Vuyst\u00ae Skin Care","description":"D\u00e9couvrez notre huile anti-\u00e2ge aux propri\u00e9t\u00e9s nourrissantes qui cible les ridules, les rides, les cicatrices et les vergetures. Ce produit est particuli\u00e8rement adapt\u00e9 aux peaux s\u00e8ches. Dites adieu \u00e0 vos complexes !","robots":{"index":"index","follow":"follow","max-snippet":"max-snippet:-1","max-image-preview":"max-image-preview:large","max-video-preview":"max-video-preview:-1"},"canonical":"https:\/\/nellydevuyst.com\/fr\/produit\/huile-matrix-cellulaire\/","og_locale":"fr_FR","og_type":"article","og_title":"Huile Matrix-Cellulaire | Nelly De Vuyst\u00ae Skin Care","og_description":"D\u00e9couvrez notre huile anti-\u00e2ge aux propri\u00e9t\u00e9s nourrissantes qui cible les ridules, les rides, les cicatrices et les vergetures. Ce produit est particuli\u00e8rement adapt\u00e9 aux peaux s\u00e8ches. Dites adieu \u00e0 vos complexes !","og_url":"https:\/\/nellydevuyst.com\/fr\/produit\/huile-matrix-cellulaire\/","og_site_name":"Nelly De Vuyst\u00ae Skin Care","article_publisher":"https:\/\/www.facebook.com\/NellyDeVuystSkincare\/","article_modified_time":"2026-01-03T14:11:27+00:00","og_image":[{"width":1200,"height":1200,"url":"https:\/\/nellydevuyst.com\/wp-content\/uploads\/2014\/08\/Cellular-Matrix-Oil-1.jpg","type":"image\/jpeg"}],"twitter_card":"summary_large_image","schema":{"@context":"https:\/\/schema.org","@graph":[{"@type":["WebPage","ItemPage"],"@id":"https:\/\/nellydevuyst.com\/fr\/produit\/huile-matrix-cellulaire\/","url":"https:\/\/nellydevuyst.com\/fr\/produit\/huile-matrix-cellulaire\/","name":"Huile Matrix-Cellulaire | Nelly De Vuyst\u00ae Skin Care","isPartOf":{"@id":"https:\/\/nellydevuyst.com\/fr\/#website"},"primaryImageOfPage":{"@id":"https:\/\/nellydevuyst.com\/fr\/produit\/huile-matrix-cellulaire\/#primaryimage"},"image":{"@id":"https:\/\/nellydevuyst.com\/fr\/produit\/huile-matrix-cellulaire\/#primaryimage"},"thumbnailUrl":"https:\/\/nellydevuyst.com\/wp-content\/uploads\/2014\/08\/Cellular-Matrix-Oil-1.jpg","datePublished":"2014-08-10T01:11:51+00:00","dateModified":"2026-01-03T14:11:27+00:00","description":"D\u00e9couvrez notre huile anti-\u00e2ge aux propri\u00e9t\u00e9s nourrissantes qui cible les ridules, les rides, les cicatrices et les vergetures. Ce produit est particuli\u00e8rement adapt\u00e9 aux peaux s\u00e8ches. Dites adieu \u00e0 vos complexes !","breadcrumb":{"@id":"https:\/\/nellydevuyst.com\/fr\/produit\/huile-matrix-cellulaire\/#breadcrumb"},"inLanguage":"fr-FR","potentialAction":[{"@type":"ReadAction","target":["https:\/\/nellydevuyst.com\/fr\/produit\/huile-matrix-cellulaire\/"]}]},{"@type":"ImageObject","inLanguage":"fr-FR","@id":"https:\/\/nellydevuyst.com\/fr\/produit\/huile-matrix-cellulaire\/#primaryimage","url":"https:\/\/nellydevuyst.com\/wp-content\/uploads\/2014\/08\/Cellular-Matrix-Oil-1.jpg","contentUrl":"https:\/\/nellydevuyst.com\/wp-content\/uploads\/2014\/08\/Cellular-Matrix-Oil-1.jpg","width":1200,"height":1200,"caption":"Huile Matrix-Cellulaire"},{"@type":"BreadcrumbList","@id":"https:\/\/nellydevuyst.com\/fr\/produit\/huile-matrix-cellulaire\/#breadcrumb","itemListElement":[{"@type":"ListItem","position":1,"name":"Home","item":"https:\/\/nellydevuyst.com\/fr\/"},{"@type":"ListItem","position":2,"name":"Boutique","item":"https:\/\/nellydevuyst.com\/fr\/boutique\/"},{"@type":"ListItem","position":3,"name":"Huile Matrix-Cellulaire"}]},{"@type":"WebSite","@id":"https:\/\/nellydevuyst.com\/fr\/#website","url":"https:\/\/nellydevuyst.com\/fr\/","name":"Nelly De Vuyst\u00ae Skin Care","description":"The Best of Science and Nature","publisher":{"@id":"https:\/\/nellydevuyst.com\/fr\/#organization"},"alternateName":"NDV Skin Care","potentialAction":[{"@type":"SearchAction","target":{"@type":"EntryPoint","urlTemplate":"https:\/\/nellydevuyst.com\/fr\/?s={search_term_string}"},"query-input":{"@type":"PropertyValueSpecification","valueRequired":true,"valueName":"search_term_string"}}],"inLanguage":"fr-FR"},{"@type":"Organization","@id":"https:\/\/nellydevuyst.com\/fr\/#organization","name":"Nelly De Vuyst Skin Care","alternateName":"NDV Skin Care","url":"https:\/\/nellydevuyst.com\/fr\/","logo":{"@type":"ImageObject","inLanguage":"fr-FR","@id":"https:\/\/nellydevuyst.com\/fr\/#\/schema\/logo\/image\/","url":"https:\/\/nellydevuyst.com\/wp-content\/uploads\/2024\/01\/ndv-logo-favico.png","contentUrl":"https:\/\/nellydevuyst.com\/wp-content\/uploads\/2024\/01\/ndv-logo-favico.png","width":512,"height":512,"caption":"Nelly De Vuyst Skin Care"},"image":{"@id":"https:\/\/nellydevuyst.com\/fr\/#\/schema\/logo\/image\/"},"sameAs":["https:\/\/www.facebook.com\/NellyDeVuystSkincare\/","https:\/\/www.instagram.com\/nelly_devuyst\/","https:\/\/www.youtube.com\/user\/derme8282","https:\/\/www.tiktok.com\/@nellydevuyst","https:\/\/www.pinterest.com.mx\/nellydevuystskincare\/"]}]}},"_links":{"self":[{"href":"https:\/\/nellydevuyst.com\/fr\/wp-json\/wp\/v2\/product\/1741","targetHints":{"allow":["GET"]}}],"collection":[{"href":"https:\/\/nellydevuyst.com\/fr\/wp-json\/wp\/v2\/product"}],"about":[{"href":"https:\/\/nellydevuyst.com\/fr\/wp-json\/wp\/v2\/types\/product"}],"replies":[{"embeddable":true,"href":"https:\/\/nellydevuyst.com\/fr\/wp-json\/wp\/v2\/comments?post=1741"}],"wp:featuredmedia":[{"embeddable":true,"href":"https:\/\/nellydevuyst.com\/fr\/wp-json\/wp\/v2\/media\/16364"}],"wp:attachment":[{"href":"https:\/\/nellydevuyst.com\/fr\/wp-json\/wp\/v2\/media?parent=1741"}],"wp:term":[{"taxonomy":"product_brand","embeddable":true,"href":"https:\/\/nellydevuyst.com\/fr\/wp-json\/wp\/v2\/product_brand?post=1741"},{"taxonomy":"product_cat","embeddable":true,"href":"https:\/\/nellydevuyst.com\/fr\/wp-json\/wp\/v2\/product_cat?post=1741"},{"taxonomy":"product_tag","embeddable":true,"href":"https:\/\/nellydevuyst.com\/fr\/wp-json\/wp\/v2\/product_tag?post=1741"},{"taxonomy":"giftcard-category","embeddable":true,"href":"https:\/\/nellydevuyst.com\/fr\/wp-json\/wp\/v2\/giftcard-category?post=1741"}],"curies":[{"name":"wp","href":"https:\/\/api.w.org\/{rel}","templated":true}]}}