{"id":1754,"date":"2013-08-10T06:21:47","date_gmt":"2013-08-10T10:21:47","guid":{"rendered":"https:\/\/nellydevuyst.com\/product\/sensitive-skin-essential-concentrate\/"},"modified":"2026-03-17T15:59:19","modified_gmt":"2026-03-17T19:59:19","slug":"concentre-essentiel-peaux-sensibles-biocalm","status":"publish","type":"product","link":"https:\/\/nellydevuyst.com\/fr\/produit\/concentre-essentiel-peaux-sensibles-biocalm\/","title":{"rendered":"Concentr\u00e9 Essentiel Peaux Sensibles BioCalm"},"content":{"rendered":"<h2 class=\"uppercase\">Anticipez une exp\u00e9rience transformative avec notre Concentr\u00e9 Essentiel Peaux Sensibles BioCalm<\/h2>\n<p>D\u00e9couvrez la puissance de notre Concentr\u00e9 Essentiel pour Peaux Sensibles et S\u00e8ches, sp\u00e9cifiquement formul\u00e9 pour r\u00e9pondre aux d\u00e9fis de la peau sujette \u00e0 la rosac\u00e9e acn\u00e9ique et \u00e0 la s\u00e9cheresse. Con\u00e7u avec un m\u00e9lange d&rsquo;huiles essentielles apaisantes et purifiantes, ce soin doux cible les rougeurs \u00e0 leur racine tout en r\u00e9gulant efficacement la production de s\u00e9bum responsable de la congestion cutan\u00e9e et traitant les aspects de la peau s\u00e8che.<\/p>\n<p>Au-del\u00e0 de ses avantages cibl\u00e9s, notre s\u00e9rum se vante d&rsquo;une texture l\u00e9g\u00e8re et non grasse, assurant confort et facilit\u00e9 d&rsquo;application. Chaque goutte est infus\u00e9e d&rsquo;ingr\u00e9dients anti-inflammatoires qui travaillent en synergie pour calmer l&rsquo;irritation, r\u00e9duire l&rsquo;inflammation et nourrir profond\u00e9ment la peau s\u00e8che.<\/p>\n<p>Conform\u00e9ment \u00e0 notre engagement envers votre peau et l&rsquo;environnement, ce s\u00e9rum non-irritant est biod\u00e9gradable, sans alcool, sans silicone, sans parab\u00e8nes, sans PEG, sans gluten, sans OGM, sans perturbateurs endocriniens, sans goudron, sans quaternium, sans parfum, sans colorant et non test\u00e9 sur les animaux.<\/p>\n","protected":false},"excerpt":{"rendered":"<p>Ciblez les sympt\u00f4mes de la rosac\u00e9e acn\u00e9ique et la s\u00e9cheresse cutan\u00e9e avec notre Concentr\u00e9 pour Peaux Sensibles et S\u00e8ches, d\u00e9velopp\u00e9 pour apaiser les rougeurs et purifier la peau. Sa synergie d&rsquo;ingr\u00e9dients anti-inflammatoires et \u00e9quilibrants r\u00e9duit l&rsquo;inflammation, la congestion cutan\u00e9e et les d\u00e9sagr\u00e9ments li\u00e9s \u00e0 la peau s\u00e8che.<\/p>\n<ul>\n<li class=\"bullet-arrow\"><strong>Texture :<\/strong> Huile l\u00e9g\u00e8re<\/li>\n<li class=\"bullet-arrow\"><strong>Type de peau :<\/strong> Peaux sensibles<\/li>\n<li class=\"bullet-arrow\"><strong>Pr\u00e9occupations cutan\u00e9es :<\/strong> Rosac\u00e9e acn\u00e9ique, rougeurs, papules, congestion cutan\u00e9e<\/li>\n<li class=\"bullet-arrow\"><strong>Format :<\/strong> 1.00 fl.oz. &#8211; 30 ml <em>(Compte-gouttes)<\/em><\/li>\n<\/ul>\n<div class=\"row row-full-width align-equal\"  id=\"row-1019384008\">\n\t<div id=\"col-1336007917\" class=\"col small-12 large-12\"  >\n\t\t\t\t<div class=\"col-inner\"  >\n\t\t\t\n\t\t\t\n\n  \n    <div class=\"row large-columns-8 medium-columns-8 small-columns-8 row-collapse\" >\n  <div class=\"gallery-col col\" >\n          <div class=\"col-inner\">\n                        <div class=\"box has-hover gallery-box box-none\">\n              <div class=\"box-image\" >\n                <img width=\"1\" height=\"1\" src=\"https:\/\/nellydevuyst.com\/wp-content\/uploads\/2023\/05\/OGM-FR.svg\" class=\"attachment-medium size-medium\" alt=\"GLUTEN OGM\" ids=\"12318,12322,12302\" style=\"none\" lightbox=\"false\" col_spacing=\"collapse\" columns=\"8\" columns__sm=\"8\" columns__md=\"8\" decoding=\"async\" loading=\"lazy\" \/>                                                              <\/div>\n              <div class=\"box-text text-left\" >\n                 <p>GLUTEN OGM<\/p>\n              <\/div>\n            <\/div>\n                      <\/div>\n         <\/div><div class=\"gallery-col col\" >\n          <div class=\"col-inner\">\n                        <div class=\"box has-hover gallery-box box-none\">\n              <div class=\"box-image\" >\n                <img width=\"1\" height=\"1\" src=\"https:\/\/nellydevuyst.com\/wp-content\/uploads\/2023\/05\/VEGAN-EN.svg\" class=\"attachment-medium size-medium\" alt=\"VEGAN\" ids=\"12318,12322,12302\" style=\"none\" lightbox=\"false\" col_spacing=\"collapse\" columns=\"8\" columns__sm=\"8\" columns__md=\"8\" decoding=\"async\" loading=\"lazy\" \/>                                                              <\/div>\n              <div class=\"box-text text-left\" >\n                 <p>VEGAN<\/p>\n              <\/div>\n            <\/div>\n                      <\/div>\n         <\/div><div class=\"gallery-col col\" >\n          <div class=\"col-inner\">\n                        <div class=\"box has-hover gallery-box box-none\">\n              <div class=\"box-image\" >\n                <img width=\"1\" height=\"1\" src=\"https:\/\/nellydevuyst.com\/wp-content\/uploads\/2023\/05\/ANIMALCRUELTY-EN.svg\" class=\"attachment-medium size-medium\" alt=\"NO ANIMAL CRUELTY\" ids=\"12318,12322,12302\" style=\"none\" lightbox=\"false\" col_spacing=\"collapse\" columns=\"8\" columns__sm=\"8\" columns__md=\"8\" decoding=\"async\" loading=\"lazy\" \/>                                                              <\/div>\n              <div class=\"box-text text-left\" >\n                 <p>NO ANIMAL CRUELTY <\/p>\n              <\/div>\n            <\/div>\n                      <\/div>\n         <\/div><\/div>\n\t\t<\/div>\n\t\t\t\t\t<\/div>\n\n\t<\/div>\n","protected":false},"featured_media":16330,"comment_status":"open","ping_status":"closed","template":"","meta":[],"product_brand":[],"product_cat":[209,499,188],"product_tag":[238,264,231,241,230,240],"giftcard-category":[],"class_list":{"0":"post-1754","1":"product","2":"type-product","3":"status-publish","4":"has-post-thumbnail","6":"product_cat-acne-rosacee","7":"product_cat-collection-biocalm","8":"product_cat-huiles-extraits","9":"product_tag-acne-rosacee","10":"product_tag-huile","11":"product_tag-paupules-fr","12":"product_tag-peau-sensible","13":"product_tag-pustules","14":"product_tag-rosacee","16":"first","17":"instock","18":"taxable","19":"shipping-taxable","20":"purchasable","21":"product-type-simple"},"yoast_head":"<!-- This site is optimized with the Yoast SEO plugin v27.4 - https:\/\/yoast.com\/product\/yoast-seo-wordpress\/ -->\n<title>Concentr\u00e9 Essentiel Peaux Sensibles BioCalm | Nelly De Vuyst\u00ae Skin Care<\/title>\n<meta name=\"description\" content=\"D\u00e9couvrez notre huile purifiante et apaisante pour soulager les sympt\u00f4mes de la rosac\u00e9e acn\u00e9ique, sp\u00e9cialement formul\u00e9e pour les peaux sensibles et s\u00e8ches. Avec des ingr\u00e9dients anti-inflammatoires, elle apaise les rougeurs et promeut une peau claire et confortable\" \/>\n<meta name=\"robots\" content=\"index, follow, max-snippet:-1, max-image-preview:large, max-video-preview:-1\" \/>\n<link rel=\"canonical\" href=\"https:\/\/nellydevuyst.com\/fr\/produit\/concentre-essentiel-peaux-sensibles-biocalm\/\" \/>\n<meta property=\"og:locale\" content=\"fr_FR\" \/>\n<meta property=\"og:type\" content=\"article\" \/>\n<meta property=\"og:title\" content=\"Concentr\u00e9 Essentiel Peaux Sensibles BioCalm | Nelly De Vuyst\u00ae Skin Care\" \/>\n<meta property=\"og:description\" content=\"D\u00e9couvrez notre huile purifiante et apaisante pour soulager les sympt\u00f4mes de la rosac\u00e9e acn\u00e9ique, sp\u00e9cialement formul\u00e9e pour les peaux sensibles et s\u00e8ches. Avec des ingr\u00e9dients anti-inflammatoires, elle apaise les rougeurs et promeut une peau claire et confortable\" \/>\n<meta property=\"og:url\" content=\"https:\/\/nellydevuyst.com\/fr\/produit\/concentre-essentiel-peaux-sensibles-biocalm\/\" \/>\n<meta property=\"og:site_name\" content=\"Nelly De Vuyst\u00ae Skin Care\" \/>\n<meta property=\"article:publisher\" content=\"https:\/\/www.facebook.com\/NellyDeVuystSkincare\/\" \/>\n<meta property=\"article:modified_time\" content=\"2026-03-17T19:59:19+00:00\" \/>\n<meta property=\"og:image\" content=\"https:\/\/nellydevuyst.com\/wp-content\/uploads\/2013\/08\/BioCalm-Sensitive-Skin-Essential-Concentrate-1.jpg\" \/>\n\t<meta property=\"og:image:width\" content=\"1200\" \/>\n\t<meta property=\"og:image:height\" content=\"1200\" \/>\n\t<meta property=\"og:image:type\" content=\"image\/jpeg\" \/>\n<meta name=\"twitter:card\" content=\"summary_large_image\" \/>\n<script type=\"application\/ld+json\" class=\"yoast-schema-graph\">{\"@context\":\"https:\\\/\\\/schema.org\",\"@graph\":[{\"@type\":[\"WebPage\",\"ItemPage\"],\"@id\":\"https:\\\/\\\/nellydevuyst.com\\\/fr\\\/produit\\\/concentre-essentiel-peaux-sensibles-biocalm\\\/\",\"url\":\"https:\\\/\\\/nellydevuyst.com\\\/fr\\\/produit\\\/concentre-essentiel-peaux-sensibles-biocalm\\\/\",\"name\":\"Concentr\u00e9 Essentiel Peaux Sensibles BioCalm | Nelly De Vuyst\u00ae Skin Care\",\"isPartOf\":{\"@id\":\"https:\\\/\\\/nellydevuyst.com\\\/fr\\\/#website\"},\"primaryImageOfPage\":{\"@id\":\"https:\\\/\\\/nellydevuyst.com\\\/fr\\\/produit\\\/concentre-essentiel-peaux-sensibles-biocalm\\\/#primaryimage\"},\"image\":{\"@id\":\"https:\\\/\\\/nellydevuyst.com\\\/fr\\\/produit\\\/concentre-essentiel-peaux-sensibles-biocalm\\\/#primaryimage\"},\"thumbnailUrl\":\"https:\\\/\\\/nellydevuyst.com\\\/wp-content\\\/uploads\\\/2013\\\/08\\\/BioCalm-Sensitive-Skin-Essential-Concentrate-1.jpg\",\"datePublished\":\"2013-08-10T10:21:47+00:00\",\"dateModified\":\"2026-03-17T19:59:19+00:00\",\"description\":\"D\u00e9couvrez notre huile purifiante et apaisante pour soulager les sympt\u00f4mes de la rosac\u00e9e acn\u00e9ique, sp\u00e9cialement formul\u00e9e pour les peaux sensibles et s\u00e8ches. Avec des ingr\u00e9dients anti-inflammatoires, elle apaise les rougeurs et promeut une peau claire et confortable\",\"breadcrumb\":{\"@id\":\"https:\\\/\\\/nellydevuyst.com\\\/fr\\\/produit\\\/concentre-essentiel-peaux-sensibles-biocalm\\\/#breadcrumb\"},\"inLanguage\":\"fr-FR\",\"potentialAction\":[{\"@type\":\"ReadAction\",\"target\":[\"https:\\\/\\\/nellydevuyst.com\\\/fr\\\/produit\\\/concentre-essentiel-peaux-sensibles-biocalm\\\/\"]}]},{\"@type\":\"ImageObject\",\"inLanguage\":\"fr-FR\",\"@id\":\"https:\\\/\\\/nellydevuyst.com\\\/fr\\\/produit\\\/concentre-essentiel-peaux-sensibles-biocalm\\\/#primaryimage\",\"url\":\"https:\\\/\\\/nellydevuyst.com\\\/wp-content\\\/uploads\\\/2013\\\/08\\\/BioCalm-Sensitive-Skin-Essential-Concentrate-1.jpg\",\"contentUrl\":\"https:\\\/\\\/nellydevuyst.com\\\/wp-content\\\/uploads\\\/2013\\\/08\\\/BioCalm-Sensitive-Skin-Essential-Concentrate-1.jpg\",\"width\":1200,\"height\":1200,\"caption\":\"Concentr\u00e9 Essentiel Peaux Sensibles BioCalm\"},{\"@type\":\"BreadcrumbList\",\"@id\":\"https:\\\/\\\/nellydevuyst.com\\\/fr\\\/produit\\\/concentre-essentiel-peaux-sensibles-biocalm\\\/#breadcrumb\",\"itemListElement\":[{\"@type\":\"ListItem\",\"position\":1,\"name\":\"Home\",\"item\":\"https:\\\/\\\/nellydevuyst.com\\\/fr\\\/\"},{\"@type\":\"ListItem\",\"position\":2,\"name\":\"Boutique\",\"item\":\"https:\\\/\\\/nellydevuyst.com\\\/fr\\\/boutique\\\/\"},{\"@type\":\"ListItem\",\"position\":3,\"name\":\"Concentr\u00e9 Essentiel Peaux Sensibles BioCalm\"}]},{\"@type\":\"WebSite\",\"@id\":\"https:\\\/\\\/nellydevuyst.com\\\/fr\\\/#website\",\"url\":\"https:\\\/\\\/nellydevuyst.com\\\/fr\\\/\",\"name\":\"Nelly De Vuyst\u00ae Skin Care\",\"description\":\"The Best of Science and Nature\",\"publisher\":{\"@id\":\"https:\\\/\\\/nellydevuyst.com\\\/fr\\\/#organization\"},\"alternateName\":\"NDV Skin Care\",\"potentialAction\":[{\"@type\":\"SearchAction\",\"target\":{\"@type\":\"EntryPoint\",\"urlTemplate\":\"https:\\\/\\\/nellydevuyst.com\\\/fr\\\/?s={search_term_string}\"},\"query-input\":{\"@type\":\"PropertyValueSpecification\",\"valueRequired\":true,\"valueName\":\"search_term_string\"}}],\"inLanguage\":\"fr-FR\"},{\"@type\":\"Organization\",\"@id\":\"https:\\\/\\\/nellydevuyst.com\\\/fr\\\/#organization\",\"name\":\"Nelly De Vuyst Skin Care\",\"alternateName\":\"NDV Skin Care\",\"url\":\"https:\\\/\\\/nellydevuyst.com\\\/fr\\\/\",\"logo\":{\"@type\":\"ImageObject\",\"inLanguage\":\"fr-FR\",\"@id\":\"https:\\\/\\\/nellydevuyst.com\\\/fr\\\/#\\\/schema\\\/logo\\\/image\\\/\",\"url\":\"https:\\\/\\\/nellydevuyst.com\\\/wp-content\\\/uploads\\\/2024\\\/01\\\/ndv-logo-favico.png\",\"contentUrl\":\"https:\\\/\\\/nellydevuyst.com\\\/wp-content\\\/uploads\\\/2024\\\/01\\\/ndv-logo-favico.png\",\"width\":512,\"height\":512,\"caption\":\"Nelly De Vuyst Skin Care\"},\"image\":{\"@id\":\"https:\\\/\\\/nellydevuyst.com\\\/fr\\\/#\\\/schema\\\/logo\\\/image\\\/\"},\"sameAs\":[\"https:\\\/\\\/www.facebook.com\\\/NellyDeVuystSkincare\\\/\",\"https:\\\/\\\/www.instagram.com\\\/nelly_devuyst\\\/\",\"https:\\\/\\\/www.youtube.com\\\/user\\\/derme8282\",\"https:\\\/\\\/www.tiktok.com\\\/@nellydevuyst\",\"https:\\\/\\\/www.pinterest.com.mx\\\/nellydevuystskincare\\\/\"]}]}<\/script>\n<!-- \/ Yoast SEO plugin. -->","yoast_head_json":{"title":"Concentr\u00e9 Essentiel Peaux Sensibles BioCalm | Nelly De Vuyst\u00ae Skin Care","description":"D\u00e9couvrez notre huile purifiante et apaisante pour soulager les sympt\u00f4mes de la rosac\u00e9e acn\u00e9ique, sp\u00e9cialement formul\u00e9e pour les peaux sensibles et s\u00e8ches. Avec des ingr\u00e9dients anti-inflammatoires, elle apaise les rougeurs et promeut une peau claire et confortable","robots":{"index":"index","follow":"follow","max-snippet":"max-snippet:-1","max-image-preview":"max-image-preview:large","max-video-preview":"max-video-preview:-1"},"canonical":"https:\/\/nellydevuyst.com\/fr\/produit\/concentre-essentiel-peaux-sensibles-biocalm\/","og_locale":"fr_FR","og_type":"article","og_title":"Concentr\u00e9 Essentiel Peaux Sensibles BioCalm | Nelly De Vuyst\u00ae Skin Care","og_description":"D\u00e9couvrez notre huile purifiante et apaisante pour soulager les sympt\u00f4mes de la rosac\u00e9e acn\u00e9ique, sp\u00e9cialement formul\u00e9e pour les peaux sensibles et s\u00e8ches. Avec des ingr\u00e9dients anti-inflammatoires, elle apaise les rougeurs et promeut une peau claire et confortable","og_url":"https:\/\/nellydevuyst.com\/fr\/produit\/concentre-essentiel-peaux-sensibles-biocalm\/","og_site_name":"Nelly De Vuyst\u00ae Skin Care","article_publisher":"https:\/\/www.facebook.com\/NellyDeVuystSkincare\/","article_modified_time":"2026-03-17T19:59:19+00:00","og_image":[{"width":1200,"height":1200,"url":"https:\/\/nellydevuyst.com\/wp-content\/uploads\/2013\/08\/BioCalm-Sensitive-Skin-Essential-Concentrate-1.jpg","type":"image\/jpeg"}],"twitter_card":"summary_large_image","schema":{"@context":"https:\/\/schema.org","@graph":[{"@type":["WebPage","ItemPage"],"@id":"https:\/\/nellydevuyst.com\/fr\/produit\/concentre-essentiel-peaux-sensibles-biocalm\/","url":"https:\/\/nellydevuyst.com\/fr\/produit\/concentre-essentiel-peaux-sensibles-biocalm\/","name":"Concentr\u00e9 Essentiel Peaux Sensibles BioCalm | Nelly De Vuyst\u00ae Skin Care","isPartOf":{"@id":"https:\/\/nellydevuyst.com\/fr\/#website"},"primaryImageOfPage":{"@id":"https:\/\/nellydevuyst.com\/fr\/produit\/concentre-essentiel-peaux-sensibles-biocalm\/#primaryimage"},"image":{"@id":"https:\/\/nellydevuyst.com\/fr\/produit\/concentre-essentiel-peaux-sensibles-biocalm\/#primaryimage"},"thumbnailUrl":"https:\/\/nellydevuyst.com\/wp-content\/uploads\/2013\/08\/BioCalm-Sensitive-Skin-Essential-Concentrate-1.jpg","datePublished":"2013-08-10T10:21:47+00:00","dateModified":"2026-03-17T19:59:19+00:00","description":"D\u00e9couvrez notre huile purifiante et apaisante pour soulager les sympt\u00f4mes de la rosac\u00e9e acn\u00e9ique, sp\u00e9cialement formul\u00e9e pour les peaux sensibles et s\u00e8ches. Avec des ingr\u00e9dients anti-inflammatoires, elle apaise les rougeurs et promeut une peau claire et confortable","breadcrumb":{"@id":"https:\/\/nellydevuyst.com\/fr\/produit\/concentre-essentiel-peaux-sensibles-biocalm\/#breadcrumb"},"inLanguage":"fr-FR","potentialAction":[{"@type":"ReadAction","target":["https:\/\/nellydevuyst.com\/fr\/produit\/concentre-essentiel-peaux-sensibles-biocalm\/"]}]},{"@type":"ImageObject","inLanguage":"fr-FR","@id":"https:\/\/nellydevuyst.com\/fr\/produit\/concentre-essentiel-peaux-sensibles-biocalm\/#primaryimage","url":"https:\/\/nellydevuyst.com\/wp-content\/uploads\/2013\/08\/BioCalm-Sensitive-Skin-Essential-Concentrate-1.jpg","contentUrl":"https:\/\/nellydevuyst.com\/wp-content\/uploads\/2013\/08\/BioCalm-Sensitive-Skin-Essential-Concentrate-1.jpg","width":1200,"height":1200,"caption":"Concentr\u00e9 Essentiel Peaux Sensibles BioCalm"},{"@type":"BreadcrumbList","@id":"https:\/\/nellydevuyst.com\/fr\/produit\/concentre-essentiel-peaux-sensibles-biocalm\/#breadcrumb","itemListElement":[{"@type":"ListItem","position":1,"name":"Home","item":"https:\/\/nellydevuyst.com\/fr\/"},{"@type":"ListItem","position":2,"name":"Boutique","item":"https:\/\/nellydevuyst.com\/fr\/boutique\/"},{"@type":"ListItem","position":3,"name":"Concentr\u00e9 Essentiel Peaux Sensibles BioCalm"}]},{"@type":"WebSite","@id":"https:\/\/nellydevuyst.com\/fr\/#website","url":"https:\/\/nellydevuyst.com\/fr\/","name":"Nelly De Vuyst\u00ae Skin Care","description":"The Best of Science and Nature","publisher":{"@id":"https:\/\/nellydevuyst.com\/fr\/#organization"},"alternateName":"NDV Skin Care","potentialAction":[{"@type":"SearchAction","target":{"@type":"EntryPoint","urlTemplate":"https:\/\/nellydevuyst.com\/fr\/?s={search_term_string}"},"query-input":{"@type":"PropertyValueSpecification","valueRequired":true,"valueName":"search_term_string"}}],"inLanguage":"fr-FR"},{"@type":"Organization","@id":"https:\/\/nellydevuyst.com\/fr\/#organization","name":"Nelly De Vuyst Skin Care","alternateName":"NDV Skin Care","url":"https:\/\/nellydevuyst.com\/fr\/","logo":{"@type":"ImageObject","inLanguage":"fr-FR","@id":"https:\/\/nellydevuyst.com\/fr\/#\/schema\/logo\/image\/","url":"https:\/\/nellydevuyst.com\/wp-content\/uploads\/2024\/01\/ndv-logo-favico.png","contentUrl":"https:\/\/nellydevuyst.com\/wp-content\/uploads\/2024\/01\/ndv-logo-favico.png","width":512,"height":512,"caption":"Nelly De Vuyst Skin Care"},"image":{"@id":"https:\/\/nellydevuyst.com\/fr\/#\/schema\/logo\/image\/"},"sameAs":["https:\/\/www.facebook.com\/NellyDeVuystSkincare\/","https:\/\/www.instagram.com\/nelly_devuyst\/","https:\/\/www.youtube.com\/user\/derme8282","https:\/\/www.tiktok.com\/@nellydevuyst","https:\/\/www.pinterest.com.mx\/nellydevuystskincare\/"]}]}},"_links":{"self":[{"href":"https:\/\/nellydevuyst.com\/fr\/wp-json\/wp\/v2\/product\/1754","targetHints":{"allow":["GET"]}}],"collection":[{"href":"https:\/\/nellydevuyst.com\/fr\/wp-json\/wp\/v2\/product"}],"about":[{"href":"https:\/\/nellydevuyst.com\/fr\/wp-json\/wp\/v2\/types\/product"}],"replies":[{"embeddable":true,"href":"https:\/\/nellydevuyst.com\/fr\/wp-json\/wp\/v2\/comments?post=1754"}],"wp:featuredmedia":[{"embeddable":true,"href":"https:\/\/nellydevuyst.com\/fr\/wp-json\/wp\/v2\/media\/16330"}],"wp:attachment":[{"href":"https:\/\/nellydevuyst.com\/fr\/wp-json\/wp\/v2\/media?parent=1754"}],"wp:term":[{"taxonomy":"product_brand","embeddable":true,"href":"https:\/\/nellydevuyst.com\/fr\/wp-json\/wp\/v2\/product_brand?post=1754"},{"taxonomy":"product_cat","embeddable":true,"href":"https:\/\/nellydevuyst.com\/fr\/wp-json\/wp\/v2\/product_cat?post=1754"},{"taxonomy":"product_tag","embeddable":true,"href":"https:\/\/nellydevuyst.com\/fr\/wp-json\/wp\/v2\/product_tag?post=1754"},{"taxonomy":"giftcard-category","embeddable":true,"href":"https:\/\/nellydevuyst.com\/fr\/wp-json\/wp\/v2\/giftcard-category?post=1754"}],"curies":[{"name":"wp","href":"https:\/\/api.w.org\/{rel}","templated":true}]}}