{"id":1760,"date":"2013-06-07T11:35:18","date_gmt":"2013-06-07T15:35:18","guid":{"rendered":"https:\/\/nellydevuyst.com\/product\/dry-skin-cream\/"},"modified":"2026-04-18T20:26:28","modified_gmt":"2026-04-19T00:26:28","slug":"creme-peaux-seches-biorepair","status":"publish","type":"product","link":"https:\/\/nellydevuyst.com\/fr\/produit\/creme-peaux-seches-biorepair\/","title":{"rendered":"Cr\u00e8me Peaux S\u00e8ches BioRepair"},"content":{"rendered":"<h2 class=\"uppercase\">Revitalisez et hydratez avec la cr\u00e8me ultime pour les peaux s\u00e8ches. Hydratation pendant 24 heures.<\/h2>\n<p>Voici notre cr\u00e8me pour peaux s\u00e8ches, sp\u00e9cialement con\u00e7ue pour les peaux s\u00e8ches sujettes \u00e0 l&rsquo;ecz\u00e9ma, au psoriasis ou \u00e0 la sensibilit\u00e9 hivernale. Cette \u00e9mulsion, enrichie d&rsquo;ingr\u00e9dients hydratants \u00ab\u00a0bio-imitateurs\u00a0\u00bb tels que les facteurs naturels d&rsquo;hydratation (NMF) et les acides gras essentiels, offre une hydratation imm\u00e9diate et pour 24 heures. Les rides et ridules caus\u00e9es par la d\u00e9shydratation s&rsquo;estompent, laissant la peau plus saine et plus douce d\u00e8s la premi\u00e8re application. La formule, con\u00e7ue pour les peaux s\u00e8ches, fragiles, sensibles au froid et d\u00e9licates, est l\u00e9g\u00e8re au toucher tout en conf\u00e9rant une texture velout\u00e9e et en donnant un aspect tonique. Elle offre des avantages tels que l&rsquo;am\u00e9lioration de la r\u00e9tention d&rsquo;eau, la pr\u00e9vention de la d\u00e9shydratation dans les couches cutan\u00e9es les plus profondes et la restauration du film hydrolipidique. Cette cr\u00e8me apaise les r\u00e9actions inflammatoires et offre une protection contre les radicaux libres et la peroxydation des lipides pour un teint \u00e9clatant et r\u00e9sistant.<\/p>\n","protected":false},"excerpt":{"rendered":"<p>Notre cr\u00e8me apaisante pour les peaux irrit\u00e9es et s\u00e8ches offre une hydratation instantan\u00e9e et durable pour apaiser et nourrir votre peau. Sa formule luxueuse donne une sensation de l\u00e9g\u00e8ret\u00e9, laissant votre peau avec une texture velout\u00e9e et un aspect tonique et revitalis\u00e9. Con\u00e7ue pour les peaux s\u00e8ches, fragiles, sensibles au froid et d\u00e9licates, c&rsquo;est la solution ultime pour un confort durable.<\/p>\n<ul>\n<li class=\"bullet-arrow\"><strong>Texture :<\/strong> Cr\u00e8me<\/li>\n<li class=\"bullet-arrow\"><strong>Type de peau :<\/strong> Peau s\u00e8che, peau mature, peau sensible<\/li>\n<li class=\"bullet-arrow\"><strong>Pr\u00e9occupation cutan\u00e9e :<\/strong> Peau s\u00e8che, peau rugueuse, ecz\u00e9ma, psoriasis, zones squameuses sur le corps<\/li>\n<li class=\"bullet-arrow\"><strong>Format :<\/strong> 1.75 oz. &#8211; 50 g <em>(Pot en verre)<\/em><\/li>\n<\/ul>\n<div class=\"row row-full-width align-equal\"  id=\"row-506401002\">\n\t<div id=\"col-998543382\" class=\"col small-12 large-12\"  >\n\t\t\t\t<div class=\"col-inner\"  >\n\t\t\t\n\t\t\t\n\n  \n    <div class=\"row large-columns-8 medium-columns-8 small-columns-8 row-collapse\" >\n  <div class=\"gallery-col col\" >\n          <div class=\"col-inner\">\n                        <div class=\"box has-hover gallery-box box-none\">\n              <div class=\"box-image\" >\n                <img width=\"1\" height=\"1\" src=\"https:\/\/nellydevuyst.com\/wp-content\/uploads\/2023\/05\/ANIMALCRUELTY-EN.svg\" class=\"attachment-medium size-medium\" alt=\"NO ANIMAL CRUELTY\" ids=\"12303,12319,12321,12309\" style=\"none\" lightbox=\"false\" col_spacing=\"collapse\" columns=\"8\" columns__sm=\"8\" columns__md=\"8\" decoding=\"async\" loading=\"lazy\" \/>                                                              <\/div>\n              <div class=\"box-text text-left\" >\n                 <p>NO ANIMAL CRUELTY <\/p>\n              <\/div>\n            <\/div>\n                      <\/div>\n         <\/div><div class=\"gallery-col col\" >\n          <div class=\"col-inner\">\n                        <div class=\"box has-hover gallery-box box-none\">\n              <div class=\"box-image\" >\n                <img width=\"1\" height=\"1\" src=\"https:\/\/nellydevuyst.com\/wp-content\/uploads\/2023\/05\/OGM-FR.svg\" class=\"attachment-medium size-medium\" alt=\"GLUTEN OGM\" ids=\"12303,12319,12321,12309\" style=\"none\" lightbox=\"false\" col_spacing=\"collapse\" columns=\"8\" columns__sm=\"8\" columns__md=\"8\" decoding=\"async\" loading=\"lazy\" \/>                                                              <\/div>\n              <div class=\"box-text text-left\" >\n                 <p>GLUTEN OGM<\/p>\n              <\/div>\n            <\/div>\n                      <\/div>\n         <\/div><div class=\"gallery-col col\" >\n          <div class=\"col-inner\">\n                        <div class=\"box has-hover gallery-box box-none\">\n              <div class=\"box-image\" >\n                <img width=\"1\" height=\"1\" src=\"https:\/\/nellydevuyst.com\/wp-content\/uploads\/2023\/05\/RECYCLABLE-EN.svg\" class=\"attachment-medium size-medium\" alt=\"RECYCLABLE\" ids=\"12303,12319,12321,12309\" style=\"none\" lightbox=\"false\" col_spacing=\"collapse\" columns=\"8\" columns__sm=\"8\" columns__md=\"8\" decoding=\"async\" loading=\"lazy\" \/>                                                              <\/div>\n              <div class=\"box-text text-left\" >\n                 <p>RECYCLABLE<\/p>\n              <\/div>\n            <\/div>\n                      <\/div>\n         <\/div><div class=\"gallery-col col\" >\n          <div class=\"col-inner\">\n                        <div class=\"box has-hover gallery-box box-none\">\n              <div class=\"box-image\" >\n                <img width=\"1\" height=\"1\" src=\"https:\/\/nellydevuyst.com\/wp-content\/uploads\/2023\/05\/CANADA-FR.svg\" class=\"attachment-medium size-medium\" alt=\"FABRIQUE AU CANADA\" ids=\"12303,12319,12321,12309\" style=\"none\" lightbox=\"false\" col_spacing=\"collapse\" columns=\"8\" columns__sm=\"8\" columns__md=\"8\" decoding=\"async\" loading=\"lazy\" \/>                                                              <\/div>\n              <div class=\"box-text text-left\" >\n                 <p>FABRIQUE AU CANADA<\/p>\n              <\/div>\n            <\/div>\n                      <\/div>\n         <\/div><\/div>\n\t\t<\/div>\n\t\t\t\t\t<\/div>\n\n\t<\/div>\n","protected":false},"featured_media":14273,"comment_status":"open","ping_status":"closed","template":"","meta":[],"product_brand":[],"product_cat":[514,190,200],"product_tag":[237,279,236,252,261,259,280],"giftcard-category":[],"class_list":{"0":"post-1760","1":"product","2":"type-product","3":"status-publish","4":"has-post-thumbnail","6":"product_cat-collection-biorepair","7":"product_cat-cremes-traitantes","8":"product_cat-peau-seche","9":"product_tag-creme-traitante","10":"product_tag-eczema","11":"product_tag-hydratant","12":"product_tag-hydratants","13":"product_tag-peau-deshydratee","14":"product_tag-peau-seche","15":"product_tag-psoriasis-fr","17":"first","18":"instock","19":"taxable","20":"shipping-taxable","21":"purchasable","22":"product-type-simple"},"yoast_head":"<!-- This site is optimized with the Yoast SEO plugin v27.4 - https:\/\/yoast.com\/product\/yoast-seo-wordpress\/ -->\n<title>Cr\u00e8me Peaux S\u00e8ches BioRepair | Nelly De Vuyst\u00ae Skin Care<\/title>\n<meta name=\"description\" content=\"Cr\u00e8me apaisante pour le visage qui apporte une hydratation imm\u00e9diate et durable aux peaux s\u00e8ches et irrit\u00e9es. Sa formule riche donne \u00e0 la peau une texture velout\u00e9e et un aspect tonique.\" \/>\n<meta name=\"robots\" content=\"index, follow, max-snippet:-1, max-image-preview:large, max-video-preview:-1\" \/>\n<link rel=\"canonical\" href=\"https:\/\/nellydevuyst.com\/fr\/produit\/creme-peaux-seches-biorepair\/\" \/>\n<meta property=\"og:locale\" content=\"fr_FR\" \/>\n<meta property=\"og:type\" content=\"article\" \/>\n<meta property=\"og:title\" content=\"Cr\u00e8me Peaux S\u00e8ches BioRepair | Nelly De Vuyst\u00ae Skin Care\" \/>\n<meta property=\"og:description\" content=\"Cr\u00e8me apaisante pour le visage qui apporte une hydratation imm\u00e9diate et durable aux peaux s\u00e8ches et irrit\u00e9es. Sa formule riche donne \u00e0 la peau une texture velout\u00e9e et un aspect tonique.\" \/>\n<meta property=\"og:url\" content=\"https:\/\/nellydevuyst.com\/fr\/produit\/creme-peaux-seches-biorepair\/\" \/>\n<meta property=\"og:site_name\" content=\"Nelly De Vuyst\u00ae Skin Care\" \/>\n<meta property=\"article:publisher\" content=\"https:\/\/www.facebook.com\/NellyDeVuystSkincare\/\" \/>\n<meta property=\"article:modified_time\" content=\"2026-04-19T00:26:28+00:00\" \/>\n<meta property=\"og:image\" content=\"https:\/\/nellydevuyst.com\/wp-content\/uploads\/2013\/06\/BioRepair-Dry-Skin-Cream.jpg\" \/>\n\t<meta property=\"og:image:width\" content=\"1200\" \/>\n\t<meta property=\"og:image:height\" content=\"1200\" \/>\n\t<meta property=\"og:image:type\" content=\"image\/jpeg\" \/>\n<meta name=\"twitter:card\" content=\"summary_large_image\" \/>\n<script type=\"application\/ld+json\" class=\"yoast-schema-graph\">{\"@context\":\"https:\\\/\\\/schema.org\",\"@graph\":[{\"@type\":[\"WebPage\",\"ItemPage\"],\"@id\":\"https:\\\/\\\/nellydevuyst.com\\\/fr\\\/produit\\\/creme-peaux-seches-biorepair\\\/\",\"url\":\"https:\\\/\\\/nellydevuyst.com\\\/fr\\\/produit\\\/creme-peaux-seches-biorepair\\\/\",\"name\":\"Cr\u00e8me Peaux S\u00e8ches BioRepair | Nelly De Vuyst\u00ae Skin Care\",\"isPartOf\":{\"@id\":\"https:\\\/\\\/nellydevuyst.com\\\/fr\\\/#website\"},\"primaryImageOfPage\":{\"@id\":\"https:\\\/\\\/nellydevuyst.com\\\/fr\\\/produit\\\/creme-peaux-seches-biorepair\\\/#primaryimage\"},\"image\":{\"@id\":\"https:\\\/\\\/nellydevuyst.com\\\/fr\\\/produit\\\/creme-peaux-seches-biorepair\\\/#primaryimage\"},\"thumbnailUrl\":\"https:\\\/\\\/nellydevuyst.com\\\/wp-content\\\/uploads\\\/2013\\\/06\\\/BioRepair-Dry-Skin-Cream.jpg\",\"datePublished\":\"2013-06-07T15:35:18+00:00\",\"dateModified\":\"2026-04-19T00:26:28+00:00\",\"description\":\"Cr\u00e8me apaisante pour le visage qui apporte une hydratation imm\u00e9diate et durable aux peaux s\u00e8ches et irrit\u00e9es. Sa formule riche donne \u00e0 la peau une texture velout\u00e9e et un aspect tonique.\",\"breadcrumb\":{\"@id\":\"https:\\\/\\\/nellydevuyst.com\\\/fr\\\/produit\\\/creme-peaux-seches-biorepair\\\/#breadcrumb\"},\"inLanguage\":\"fr-FR\",\"potentialAction\":[{\"@type\":\"ReadAction\",\"target\":[\"https:\\\/\\\/nellydevuyst.com\\\/fr\\\/produit\\\/creme-peaux-seches-biorepair\\\/\"]}]},{\"@type\":\"ImageObject\",\"inLanguage\":\"fr-FR\",\"@id\":\"https:\\\/\\\/nellydevuyst.com\\\/fr\\\/produit\\\/creme-peaux-seches-biorepair\\\/#primaryimage\",\"url\":\"https:\\\/\\\/nellydevuyst.com\\\/wp-content\\\/uploads\\\/2013\\\/06\\\/BioRepair-Dry-Skin-Cream.jpg\",\"contentUrl\":\"https:\\\/\\\/nellydevuyst.com\\\/wp-content\\\/uploads\\\/2013\\\/06\\\/BioRepair-Dry-Skin-Cream.jpg\",\"width\":1200,\"height\":1200,\"caption\":\"Cr\u00e8me Peaux S\u00e8ches BioRepair\"},{\"@type\":\"BreadcrumbList\",\"@id\":\"https:\\\/\\\/nellydevuyst.com\\\/fr\\\/produit\\\/creme-peaux-seches-biorepair\\\/#breadcrumb\",\"itemListElement\":[{\"@type\":\"ListItem\",\"position\":1,\"name\":\"Home\",\"item\":\"https:\\\/\\\/nellydevuyst.com\\\/fr\\\/\"},{\"@type\":\"ListItem\",\"position\":2,\"name\":\"Boutique\",\"item\":\"https:\\\/\\\/nellydevuyst.com\\\/fr\\\/boutique\\\/\"},{\"@type\":\"ListItem\",\"position\":3,\"name\":\"Cr\u00e8me Peaux S\u00e8ches BioRepair\"}]},{\"@type\":\"WebSite\",\"@id\":\"https:\\\/\\\/nellydevuyst.com\\\/fr\\\/#website\",\"url\":\"https:\\\/\\\/nellydevuyst.com\\\/fr\\\/\",\"name\":\"Nelly De Vuyst\u00ae Skin Care\",\"description\":\"The Best of Science and Nature\",\"publisher\":{\"@id\":\"https:\\\/\\\/nellydevuyst.com\\\/fr\\\/#organization\"},\"alternateName\":\"NDV Skin Care\",\"potentialAction\":[{\"@type\":\"SearchAction\",\"target\":{\"@type\":\"EntryPoint\",\"urlTemplate\":\"https:\\\/\\\/nellydevuyst.com\\\/fr\\\/?s={search_term_string}\"},\"query-input\":{\"@type\":\"PropertyValueSpecification\",\"valueRequired\":true,\"valueName\":\"search_term_string\"}}],\"inLanguage\":\"fr-FR\"},{\"@type\":\"Organization\",\"@id\":\"https:\\\/\\\/nellydevuyst.com\\\/fr\\\/#organization\",\"name\":\"Nelly De Vuyst Skin Care\",\"alternateName\":\"NDV Skin Care\",\"url\":\"https:\\\/\\\/nellydevuyst.com\\\/fr\\\/\",\"logo\":{\"@type\":\"ImageObject\",\"inLanguage\":\"fr-FR\",\"@id\":\"https:\\\/\\\/nellydevuyst.com\\\/fr\\\/#\\\/schema\\\/logo\\\/image\\\/\",\"url\":\"https:\\\/\\\/nellydevuyst.com\\\/wp-content\\\/uploads\\\/2024\\\/01\\\/ndv-logo-favico.png\",\"contentUrl\":\"https:\\\/\\\/nellydevuyst.com\\\/wp-content\\\/uploads\\\/2024\\\/01\\\/ndv-logo-favico.png\",\"width\":512,\"height\":512,\"caption\":\"Nelly De Vuyst Skin Care\"},\"image\":{\"@id\":\"https:\\\/\\\/nellydevuyst.com\\\/fr\\\/#\\\/schema\\\/logo\\\/image\\\/\"},\"sameAs\":[\"https:\\\/\\\/www.facebook.com\\\/NellyDeVuystSkincare\\\/\",\"https:\\\/\\\/www.instagram.com\\\/nelly_devuyst\\\/\",\"https:\\\/\\\/www.youtube.com\\\/user\\\/derme8282\",\"https:\\\/\\\/www.tiktok.com\\\/@nellydevuyst\",\"https:\\\/\\\/www.pinterest.com.mx\\\/nellydevuystskincare\\\/\"]}]}<\/script>\n<!-- \/ Yoast SEO plugin. -->","yoast_head_json":{"title":"Cr\u00e8me Peaux S\u00e8ches BioRepair | Nelly De Vuyst\u00ae Skin Care","description":"Cr\u00e8me apaisante pour le visage qui apporte une hydratation imm\u00e9diate et durable aux peaux s\u00e8ches et irrit\u00e9es. Sa formule riche donne \u00e0 la peau une texture velout\u00e9e et un aspect tonique.","robots":{"index":"index","follow":"follow","max-snippet":"max-snippet:-1","max-image-preview":"max-image-preview:large","max-video-preview":"max-video-preview:-1"},"canonical":"https:\/\/nellydevuyst.com\/fr\/produit\/creme-peaux-seches-biorepair\/","og_locale":"fr_FR","og_type":"article","og_title":"Cr\u00e8me Peaux S\u00e8ches BioRepair | Nelly De Vuyst\u00ae Skin Care","og_description":"Cr\u00e8me apaisante pour le visage qui apporte une hydratation imm\u00e9diate et durable aux peaux s\u00e8ches et irrit\u00e9es. Sa formule riche donne \u00e0 la peau une texture velout\u00e9e et un aspect tonique.","og_url":"https:\/\/nellydevuyst.com\/fr\/produit\/creme-peaux-seches-biorepair\/","og_site_name":"Nelly De Vuyst\u00ae Skin Care","article_publisher":"https:\/\/www.facebook.com\/NellyDeVuystSkincare\/","article_modified_time":"2026-04-19T00:26:28+00:00","og_image":[{"width":1200,"height":1200,"url":"https:\/\/nellydevuyst.com\/wp-content\/uploads\/2013\/06\/BioRepair-Dry-Skin-Cream.jpg","type":"image\/jpeg"}],"twitter_card":"summary_large_image","schema":{"@context":"https:\/\/schema.org","@graph":[{"@type":["WebPage","ItemPage"],"@id":"https:\/\/nellydevuyst.com\/fr\/produit\/creme-peaux-seches-biorepair\/","url":"https:\/\/nellydevuyst.com\/fr\/produit\/creme-peaux-seches-biorepair\/","name":"Cr\u00e8me Peaux S\u00e8ches BioRepair | Nelly De Vuyst\u00ae Skin Care","isPartOf":{"@id":"https:\/\/nellydevuyst.com\/fr\/#website"},"primaryImageOfPage":{"@id":"https:\/\/nellydevuyst.com\/fr\/produit\/creme-peaux-seches-biorepair\/#primaryimage"},"image":{"@id":"https:\/\/nellydevuyst.com\/fr\/produit\/creme-peaux-seches-biorepair\/#primaryimage"},"thumbnailUrl":"https:\/\/nellydevuyst.com\/wp-content\/uploads\/2013\/06\/BioRepair-Dry-Skin-Cream.jpg","datePublished":"2013-06-07T15:35:18+00:00","dateModified":"2026-04-19T00:26:28+00:00","description":"Cr\u00e8me apaisante pour le visage qui apporte une hydratation imm\u00e9diate et durable aux peaux s\u00e8ches et irrit\u00e9es. Sa formule riche donne \u00e0 la peau une texture velout\u00e9e et un aspect tonique.","breadcrumb":{"@id":"https:\/\/nellydevuyst.com\/fr\/produit\/creme-peaux-seches-biorepair\/#breadcrumb"},"inLanguage":"fr-FR","potentialAction":[{"@type":"ReadAction","target":["https:\/\/nellydevuyst.com\/fr\/produit\/creme-peaux-seches-biorepair\/"]}]},{"@type":"ImageObject","inLanguage":"fr-FR","@id":"https:\/\/nellydevuyst.com\/fr\/produit\/creme-peaux-seches-biorepair\/#primaryimage","url":"https:\/\/nellydevuyst.com\/wp-content\/uploads\/2013\/06\/BioRepair-Dry-Skin-Cream.jpg","contentUrl":"https:\/\/nellydevuyst.com\/wp-content\/uploads\/2013\/06\/BioRepair-Dry-Skin-Cream.jpg","width":1200,"height":1200,"caption":"Cr\u00e8me Peaux S\u00e8ches BioRepair"},{"@type":"BreadcrumbList","@id":"https:\/\/nellydevuyst.com\/fr\/produit\/creme-peaux-seches-biorepair\/#breadcrumb","itemListElement":[{"@type":"ListItem","position":1,"name":"Home","item":"https:\/\/nellydevuyst.com\/fr\/"},{"@type":"ListItem","position":2,"name":"Boutique","item":"https:\/\/nellydevuyst.com\/fr\/boutique\/"},{"@type":"ListItem","position":3,"name":"Cr\u00e8me Peaux S\u00e8ches BioRepair"}]},{"@type":"WebSite","@id":"https:\/\/nellydevuyst.com\/fr\/#website","url":"https:\/\/nellydevuyst.com\/fr\/","name":"Nelly De Vuyst\u00ae Skin Care","description":"The Best of Science and Nature","publisher":{"@id":"https:\/\/nellydevuyst.com\/fr\/#organization"},"alternateName":"NDV Skin Care","potentialAction":[{"@type":"SearchAction","target":{"@type":"EntryPoint","urlTemplate":"https:\/\/nellydevuyst.com\/fr\/?s={search_term_string}"},"query-input":{"@type":"PropertyValueSpecification","valueRequired":true,"valueName":"search_term_string"}}],"inLanguage":"fr-FR"},{"@type":"Organization","@id":"https:\/\/nellydevuyst.com\/fr\/#organization","name":"Nelly De Vuyst Skin Care","alternateName":"NDV Skin Care","url":"https:\/\/nellydevuyst.com\/fr\/","logo":{"@type":"ImageObject","inLanguage":"fr-FR","@id":"https:\/\/nellydevuyst.com\/fr\/#\/schema\/logo\/image\/","url":"https:\/\/nellydevuyst.com\/wp-content\/uploads\/2024\/01\/ndv-logo-favico.png","contentUrl":"https:\/\/nellydevuyst.com\/wp-content\/uploads\/2024\/01\/ndv-logo-favico.png","width":512,"height":512,"caption":"Nelly De Vuyst Skin Care"},"image":{"@id":"https:\/\/nellydevuyst.com\/fr\/#\/schema\/logo\/image\/"},"sameAs":["https:\/\/www.facebook.com\/NellyDeVuystSkincare\/","https:\/\/www.instagram.com\/nelly_devuyst\/","https:\/\/www.youtube.com\/user\/derme8282","https:\/\/www.tiktok.com\/@nellydevuyst","https:\/\/www.pinterest.com.mx\/nellydevuystskincare\/"]}]}},"_links":{"self":[{"href":"https:\/\/nellydevuyst.com\/fr\/wp-json\/wp\/v2\/product\/1760","targetHints":{"allow":["GET"]}}],"collection":[{"href":"https:\/\/nellydevuyst.com\/fr\/wp-json\/wp\/v2\/product"}],"about":[{"href":"https:\/\/nellydevuyst.com\/fr\/wp-json\/wp\/v2\/types\/product"}],"replies":[{"embeddable":true,"href":"https:\/\/nellydevuyst.com\/fr\/wp-json\/wp\/v2\/comments?post=1760"}],"wp:featuredmedia":[{"embeddable":true,"href":"https:\/\/nellydevuyst.com\/fr\/wp-json\/wp\/v2\/media\/14273"}],"wp:attachment":[{"href":"https:\/\/nellydevuyst.com\/fr\/wp-json\/wp\/v2\/media?parent=1760"}],"wp:term":[{"taxonomy":"product_brand","embeddable":true,"href":"https:\/\/nellydevuyst.com\/fr\/wp-json\/wp\/v2\/product_brand?post=1760"},{"taxonomy":"product_cat","embeddable":true,"href":"https:\/\/nellydevuyst.com\/fr\/wp-json\/wp\/v2\/product_cat?post=1760"},{"taxonomy":"product_tag","embeddable":true,"href":"https:\/\/nellydevuyst.com\/fr\/wp-json\/wp\/v2\/product_tag?post=1760"},{"taxonomy":"giftcard-category","embeddable":true,"href":"https:\/\/nellydevuyst.com\/fr\/wp-json\/wp\/v2\/giftcard-category?post=1760"}],"curies":[{"name":"wp","href":"https:\/\/api.w.org\/{rel}","templated":true}]}}