{"id":1772,"date":"2013-08-09T22:28:47","date_gmt":"2013-08-10T02:28:47","guid":{"rendered":"https:\/\/nellydevuyst.com\/product\/oily-skin-gel-cream\/"},"modified":"2026-04-03T13:18:15","modified_gmt":"2026-04-03T17:18:15","slug":"gel-creme-peaux-grasses-pure","status":"publish","type":"product","link":"https:\/\/nellydevuyst.com\/fr\/produit\/gel-creme-peaux-grasses-pure\/","title":{"rendered":"Gel Cr\u00e8me Peaux Grasses Pure"},"content":{"rendered":"<h2 class=\"uppercase\">Contr\u00f4ler les huiles et vaincre l&rsquo;acn\u00e9 avec notre Gel Cr\u00e8me Peaux Grasses Pure<\/h2>\n<p>Notre Cr\u00e8me Gel Peau Grasse est con\u00e7ue pour les peaux \u00e0 tendance acn\u00e9ique et sujettes \u00e0 l&rsquo;exc\u00e8s de s\u00e9bum. Il est con\u00e7u pour pr\u00e9venir et r\u00e9duire le s\u00e9bum, les zones brillantes, les points noirs, les boutons, les pustules et les kystes. Ce cr\u00e8me-gel offre un fini mat pour un teint sans brillance. Enrichie d&rsquo;ingr\u00e9dients cl\u00e9s tels que le Zinc PCA, l&rsquo;huile essentielle de citron, l&rsquo;huile essentielle de romarin et un complexe de biopolym\u00e8res matifiants, cette formule est id\u00e9ale pour les peaux grasses aux pores dilat\u00e9s.<\/p>\n<p>Sp\u00e9cifiquement con\u00e7ue pour r\u00e9duire les points noirs, les rougeurs et l&rsquo;inflammation tout en r\u00e9gulant l&rsquo;activit\u00e9 des glandes s\u00e9bac\u00e9es. Le gel-cr\u00e8me \u00e9quilibre le pH de la peau pour emp\u00eacher la prolif\u00e9ration des bact\u00e9ries responsables de l&rsquo;acn\u00e9, ce qui a pour effet de transformer la peau. Les imperfections sont visiblement att\u00e9nu\u00e9es, le teint est plus clair et la peau est plus fra\u00eeche et plus lisse. Adoptez un look mat et sans brillance avec notre gel-cr\u00e8me pour peaux grasses, votre solution pour un teint \u00e9quilibr\u00e9 et radieux.<\/p>\n","protected":false},"excerpt":{"rendered":"<p>Le Gel Cr\u00e8me Peaux Grasses Pure pour peaux grasses est une solution hydratante qui donne un fini velout\u00e9 et soyeux \u00e0 la peau en contr\u00f4lant l&rsquo;exc\u00e8s de s\u00e9bum. Il est formul\u00e9 avec des ingr\u00e9dients botaniques anti-inflammatoires et apaisants qui prot\u00e8gent la peau et limitent l&rsquo;apparition de t\u00e2ches. Id\u00e9al pour pr\u00e9venir et r\u00e9duire le s\u00e9bum, les zones brillantes, les points noirs, les boutons et les kystes, etc. tout en offrant un fini mat. Ce produit est essentiel dans votre routine visage.<\/p>\n<ul>\n<li class=\"bullet-arrow\"><strong>Texture :<\/strong> Gel cr\u00e8me<\/li>\n<li class=\"bullet-arrow\"><strong>Type de peau :<\/strong> Peau grasse<\/li>\n<li class=\"bullet-arrow\"><strong>Pr\u00e9occupations cutan\u00e9es :<\/strong> Pores dilat\u00e9s, taches et points noirs<\/li>\n<li class=\"bullet-arrow\"><strong>Format :<\/strong> 1.76 oz. &#8211; 50 g <em>(Pompe sans air)<\/em><\/li>\n<\/ul>\n<div class=\"row row-full-width align-equal\"  id=\"row-397401756\">\n\t<div id=\"col-1609272236\" class=\"col small-12 large-12\"  >\n\t\t\t\t<div class=\"col-inner\"  >\n\t\t\t\n\t\t\t\n\n  \n    <div class=\"row large-columns-8 medium-columns-8 small-columns-8 row-collapse\" >\n  <div class=\"gallery-col col\" >\n          <div class=\"col-inner\">\n                        <div class=\"box has-hover gallery-box box-none\">\n              <div class=\"box-image\" >\n                <img width=\"1\" height=\"1\" src=\"https:\/\/nellydevuyst.com\/wp-content\/uploads\/2023\/05\/VEGAN-EN.svg\" class=\"attachment-medium size-medium\" alt=\"VEGAN\" ids=\"12323,12303,12319,12321,12309\" style=\"none\" lightbox=\"false\" col_spacing=\"collapse\" columns=\"8\" columns__sm=\"8\" columns__md=\"8\" decoding=\"async\" loading=\"lazy\" \/>                                                              <\/div>\n              <div class=\"box-text text-left\" >\n                 <p>VEGAN<\/p>\n              <\/div>\n            <\/div>\n                      <\/div>\n         <\/div><div class=\"gallery-col col\" >\n          <div class=\"col-inner\">\n                        <div class=\"box has-hover gallery-box box-none\">\n              <div class=\"box-image\" >\n                <img width=\"1\" height=\"1\" src=\"https:\/\/nellydevuyst.com\/wp-content\/uploads\/2023\/05\/ANIMALCRUELTY-EN.svg\" class=\"attachment-medium size-medium\" alt=\"NO ANIMAL CRUELTY\" ids=\"12323,12303,12319,12321,12309\" style=\"none\" lightbox=\"false\" col_spacing=\"collapse\" columns=\"8\" columns__sm=\"8\" columns__md=\"8\" decoding=\"async\" loading=\"lazy\" \/>                                                              <\/div>\n              <div class=\"box-text text-left\" >\n                 <p>NO ANIMAL CRUELTY <\/p>\n              <\/div>\n            <\/div>\n                      <\/div>\n         <\/div><div class=\"gallery-col col\" >\n          <div class=\"col-inner\">\n                        <div class=\"box has-hover gallery-box box-none\">\n              <div class=\"box-image\" >\n                <img width=\"1\" height=\"1\" src=\"https:\/\/nellydevuyst.com\/wp-content\/uploads\/2023\/05\/OGM-FR.svg\" class=\"attachment-medium size-medium\" alt=\"GLUTEN OGM\" ids=\"12323,12303,12319,12321,12309\" style=\"none\" lightbox=\"false\" col_spacing=\"collapse\" columns=\"8\" columns__sm=\"8\" columns__md=\"8\" decoding=\"async\" loading=\"lazy\" \/>                                                              <\/div>\n              <div class=\"box-text text-left\" >\n                 <p>GLUTEN OGM<\/p>\n              <\/div>\n            <\/div>\n                      <\/div>\n         <\/div><div class=\"gallery-col col\" >\n          <div class=\"col-inner\">\n                        <div class=\"box has-hover gallery-box box-none\">\n              <div class=\"box-image\" >\n                <img width=\"1\" height=\"1\" src=\"https:\/\/nellydevuyst.com\/wp-content\/uploads\/2023\/05\/RECYCLABLE-EN.svg\" class=\"attachment-medium size-medium\" alt=\"RECYCLABLE\" ids=\"12323,12303,12319,12321,12309\" style=\"none\" lightbox=\"false\" col_spacing=\"collapse\" columns=\"8\" columns__sm=\"8\" columns__md=\"8\" decoding=\"async\" loading=\"lazy\" \/>                                                              <\/div>\n              <div class=\"box-text text-left\" >\n                 <p>RECYCLABLE<\/p>\n              <\/div>\n            <\/div>\n                      <\/div>\n         <\/div><div class=\"gallery-col col\" >\n          <div class=\"col-inner\">\n                        <div class=\"box has-hover gallery-box box-none\">\n              <div class=\"box-image\" >\n                <img width=\"1\" height=\"1\" src=\"https:\/\/nellydevuyst.com\/wp-content\/uploads\/2023\/05\/CANADA-FR.svg\" class=\"attachment-medium size-medium\" alt=\"FABRIQUE AU CANADA\" ids=\"12323,12303,12319,12321,12309\" style=\"none\" lightbox=\"false\" col_spacing=\"collapse\" columns=\"8\" columns__sm=\"8\" columns__md=\"8\" decoding=\"async\" loading=\"lazy\" \/>                                                              <\/div>\n              <div class=\"box-text text-left\" >\n                 <p>FABRIQUE AU CANADA<\/p>\n              <\/div>\n            <\/div>\n                      <\/div>\n         <\/div><\/div>\n\t\t<\/div>\n\t\t\t\t\t<\/div>\n\n\t<\/div>\n","protected":false},"featured_media":14351,"comment_status":"open","ping_status":"closed","template":"","meta":[],"product_brand":[],"product_cat":[190,204,210,520],"product_tag":[237,236,252,231,225,235,281,230],"giftcard-category":[],"class_list":{"0":"post-1772","1":"product","2":"type-product","3":"status-publish","4":"has-post-thumbnail","6":"product_cat-cremes-traitantes","7":"product_cat-peau-grasse","8":"product_cat-peau-mixte","9":"product_cat-collection-pure","10":"product_tag-creme-traitante","11":"product_tag-hydratant","12":"product_tag-hydratants","13":"product_tag-paupules-fr","14":"product_tag-peau-grasse","15":"product_tag-points-noirs","16":"product_tag-pores-dilates","17":"product_tag-pustules","19":"first","20":"instock","21":"taxable","22":"shipping-taxable","23":"purchasable","24":"product-type-simple"},"yoast_head":"<!-- This site is optimized with the Yoast SEO plugin v27.4 - https:\/\/yoast.com\/product\/yoast-seo-wordpress\/ -->\n<title>Gel Cr\u00e8me Peaux Grasses Pure | Nelly De Vuyst\u00ae Skin Care<\/title>\n<meta name=\"description\" content=\"Gel-cr\u00e8me sp\u00e9cialement formul\u00e9 pour les peaux grasses et \u00e0 tendance acn\u00e9ique. Il contr\u00f4le l&#039;exc\u00e8s de s\u00e9bum, est anti-inflammatoire, apaisant et id\u00e9al pour r\u00e9duire les points noirs.\" \/>\n<meta name=\"robots\" content=\"index, follow, max-snippet:-1, max-image-preview:large, max-video-preview:-1\" \/>\n<link rel=\"canonical\" href=\"https:\/\/nellydevuyst.com\/fr\/produit\/gel-creme-peaux-grasses-pure\/\" \/>\n<meta property=\"og:locale\" content=\"fr_FR\" \/>\n<meta property=\"og:type\" content=\"article\" \/>\n<meta property=\"og:title\" content=\"Gel Cr\u00e8me Peaux Grasses Pure | Nelly De Vuyst\u00ae Skin Care\" \/>\n<meta property=\"og:description\" content=\"Gel-cr\u00e8me sp\u00e9cialement formul\u00e9 pour les peaux grasses et \u00e0 tendance acn\u00e9ique. Il contr\u00f4le l&#039;exc\u00e8s de s\u00e9bum, est anti-inflammatoire, apaisant et id\u00e9al pour r\u00e9duire les points noirs.\" \/>\n<meta property=\"og:url\" content=\"https:\/\/nellydevuyst.com\/fr\/produit\/gel-creme-peaux-grasses-pure\/\" \/>\n<meta property=\"og:site_name\" content=\"Nelly De Vuyst\u00ae Skin Care\" \/>\n<meta property=\"article:publisher\" content=\"https:\/\/www.facebook.com\/NellyDeVuystSkincare\/\" \/>\n<meta property=\"article:modified_time\" content=\"2026-04-03T17:18:15+00:00\" \/>\n<meta property=\"og:image\" content=\"https:\/\/nellydevuyst.com\/wp-content\/uploads\/2013\/08\/Pure-Oily-Skin-Gel-Cream.jpg\" \/>\n\t<meta property=\"og:image:width\" content=\"1200\" \/>\n\t<meta property=\"og:image:height\" content=\"1200\" \/>\n\t<meta property=\"og:image:type\" content=\"image\/jpeg\" \/>\n<meta name=\"twitter:card\" content=\"summary_large_image\" \/>\n<script type=\"application\/ld+json\" class=\"yoast-schema-graph\">{\"@context\":\"https:\\\/\\\/schema.org\",\"@graph\":[{\"@type\":[\"WebPage\",\"ItemPage\"],\"@id\":\"https:\\\/\\\/nellydevuyst.com\\\/fr\\\/produit\\\/gel-creme-peaux-grasses-pure\\\/\",\"url\":\"https:\\\/\\\/nellydevuyst.com\\\/fr\\\/produit\\\/gel-creme-peaux-grasses-pure\\\/\",\"name\":\"Gel Cr\u00e8me Peaux Grasses Pure | Nelly De Vuyst\u00ae Skin Care\",\"isPartOf\":{\"@id\":\"https:\\\/\\\/nellydevuyst.com\\\/fr\\\/#website\"},\"primaryImageOfPage\":{\"@id\":\"https:\\\/\\\/nellydevuyst.com\\\/fr\\\/produit\\\/gel-creme-peaux-grasses-pure\\\/#primaryimage\"},\"image\":{\"@id\":\"https:\\\/\\\/nellydevuyst.com\\\/fr\\\/produit\\\/gel-creme-peaux-grasses-pure\\\/#primaryimage\"},\"thumbnailUrl\":\"https:\\\/\\\/nellydevuyst.com\\\/wp-content\\\/uploads\\\/2013\\\/08\\\/Pure-Oily-Skin-Gel-Cream.jpg\",\"datePublished\":\"2013-08-10T02:28:47+00:00\",\"dateModified\":\"2026-04-03T17:18:15+00:00\",\"description\":\"Gel-cr\u00e8me sp\u00e9cialement formul\u00e9 pour les peaux grasses et \u00e0 tendance acn\u00e9ique. Il contr\u00f4le l'exc\u00e8s de s\u00e9bum, est anti-inflammatoire, apaisant et id\u00e9al pour r\u00e9duire les points noirs.\",\"breadcrumb\":{\"@id\":\"https:\\\/\\\/nellydevuyst.com\\\/fr\\\/produit\\\/gel-creme-peaux-grasses-pure\\\/#breadcrumb\"},\"inLanguage\":\"fr-FR\",\"potentialAction\":[{\"@type\":\"ReadAction\",\"target\":[\"https:\\\/\\\/nellydevuyst.com\\\/fr\\\/produit\\\/gel-creme-peaux-grasses-pure\\\/\"]}]},{\"@type\":\"ImageObject\",\"inLanguage\":\"fr-FR\",\"@id\":\"https:\\\/\\\/nellydevuyst.com\\\/fr\\\/produit\\\/gel-creme-peaux-grasses-pure\\\/#primaryimage\",\"url\":\"https:\\\/\\\/nellydevuyst.com\\\/wp-content\\\/uploads\\\/2013\\\/08\\\/Pure-Oily-Skin-Gel-Cream.jpg\",\"contentUrl\":\"https:\\\/\\\/nellydevuyst.com\\\/wp-content\\\/uploads\\\/2013\\\/08\\\/Pure-Oily-Skin-Gel-Cream.jpg\",\"width\":1200,\"height\":1200,\"caption\":\"Gel Cr\u00e8me Peaux Grasses Pure\"},{\"@type\":\"BreadcrumbList\",\"@id\":\"https:\\\/\\\/nellydevuyst.com\\\/fr\\\/produit\\\/gel-creme-peaux-grasses-pure\\\/#breadcrumb\",\"itemListElement\":[{\"@type\":\"ListItem\",\"position\":1,\"name\":\"Home\",\"item\":\"https:\\\/\\\/nellydevuyst.com\\\/fr\\\/\"},{\"@type\":\"ListItem\",\"position\":2,\"name\":\"Boutique\",\"item\":\"https:\\\/\\\/nellydevuyst.com\\\/fr\\\/boutique\\\/\"},{\"@type\":\"ListItem\",\"position\":3,\"name\":\"Gel Cr\u00e8me Peaux Grasses Pure\"}]},{\"@type\":\"WebSite\",\"@id\":\"https:\\\/\\\/nellydevuyst.com\\\/fr\\\/#website\",\"url\":\"https:\\\/\\\/nellydevuyst.com\\\/fr\\\/\",\"name\":\"Nelly De Vuyst\u00ae Skin Care\",\"description\":\"The Best of Science and Nature\",\"publisher\":{\"@id\":\"https:\\\/\\\/nellydevuyst.com\\\/fr\\\/#organization\"},\"alternateName\":\"NDV Skin Care\",\"potentialAction\":[{\"@type\":\"SearchAction\",\"target\":{\"@type\":\"EntryPoint\",\"urlTemplate\":\"https:\\\/\\\/nellydevuyst.com\\\/fr\\\/?s={search_term_string}\"},\"query-input\":{\"@type\":\"PropertyValueSpecification\",\"valueRequired\":true,\"valueName\":\"search_term_string\"}}],\"inLanguage\":\"fr-FR\"},{\"@type\":\"Organization\",\"@id\":\"https:\\\/\\\/nellydevuyst.com\\\/fr\\\/#organization\",\"name\":\"Nelly De Vuyst Skin Care\",\"alternateName\":\"NDV Skin Care\",\"url\":\"https:\\\/\\\/nellydevuyst.com\\\/fr\\\/\",\"logo\":{\"@type\":\"ImageObject\",\"inLanguage\":\"fr-FR\",\"@id\":\"https:\\\/\\\/nellydevuyst.com\\\/fr\\\/#\\\/schema\\\/logo\\\/image\\\/\",\"url\":\"https:\\\/\\\/nellydevuyst.com\\\/wp-content\\\/uploads\\\/2024\\\/01\\\/ndv-logo-favico.png\",\"contentUrl\":\"https:\\\/\\\/nellydevuyst.com\\\/wp-content\\\/uploads\\\/2024\\\/01\\\/ndv-logo-favico.png\",\"width\":512,\"height\":512,\"caption\":\"Nelly De Vuyst Skin Care\"},\"image\":{\"@id\":\"https:\\\/\\\/nellydevuyst.com\\\/fr\\\/#\\\/schema\\\/logo\\\/image\\\/\"},\"sameAs\":[\"https:\\\/\\\/www.facebook.com\\\/NellyDeVuystSkincare\\\/\",\"https:\\\/\\\/www.instagram.com\\\/nelly_devuyst\\\/\",\"https:\\\/\\\/www.youtube.com\\\/user\\\/derme8282\",\"https:\\\/\\\/www.tiktok.com\\\/@nellydevuyst\",\"https:\\\/\\\/www.pinterest.com.mx\\\/nellydevuystskincare\\\/\"]}]}<\/script>\n<!-- \/ Yoast SEO plugin. -->","yoast_head_json":{"title":"Gel Cr\u00e8me Peaux Grasses Pure | Nelly De Vuyst\u00ae Skin Care","description":"Gel-cr\u00e8me sp\u00e9cialement formul\u00e9 pour les peaux grasses et \u00e0 tendance acn\u00e9ique. Il contr\u00f4le l'exc\u00e8s de s\u00e9bum, est anti-inflammatoire, apaisant et id\u00e9al pour r\u00e9duire les points noirs.","robots":{"index":"index","follow":"follow","max-snippet":"max-snippet:-1","max-image-preview":"max-image-preview:large","max-video-preview":"max-video-preview:-1"},"canonical":"https:\/\/nellydevuyst.com\/fr\/produit\/gel-creme-peaux-grasses-pure\/","og_locale":"fr_FR","og_type":"article","og_title":"Gel Cr\u00e8me Peaux Grasses Pure | Nelly De Vuyst\u00ae Skin Care","og_description":"Gel-cr\u00e8me sp\u00e9cialement formul\u00e9 pour les peaux grasses et \u00e0 tendance acn\u00e9ique. Il contr\u00f4le l'exc\u00e8s de s\u00e9bum, est anti-inflammatoire, apaisant et id\u00e9al pour r\u00e9duire les points noirs.","og_url":"https:\/\/nellydevuyst.com\/fr\/produit\/gel-creme-peaux-grasses-pure\/","og_site_name":"Nelly De Vuyst\u00ae Skin Care","article_publisher":"https:\/\/www.facebook.com\/NellyDeVuystSkincare\/","article_modified_time":"2026-04-03T17:18:15+00:00","og_image":[{"width":1200,"height":1200,"url":"https:\/\/nellydevuyst.com\/wp-content\/uploads\/2013\/08\/Pure-Oily-Skin-Gel-Cream.jpg","type":"image\/jpeg"}],"twitter_card":"summary_large_image","schema":{"@context":"https:\/\/schema.org","@graph":[{"@type":["WebPage","ItemPage"],"@id":"https:\/\/nellydevuyst.com\/fr\/produit\/gel-creme-peaux-grasses-pure\/","url":"https:\/\/nellydevuyst.com\/fr\/produit\/gel-creme-peaux-grasses-pure\/","name":"Gel Cr\u00e8me Peaux Grasses Pure | Nelly De Vuyst\u00ae Skin Care","isPartOf":{"@id":"https:\/\/nellydevuyst.com\/fr\/#website"},"primaryImageOfPage":{"@id":"https:\/\/nellydevuyst.com\/fr\/produit\/gel-creme-peaux-grasses-pure\/#primaryimage"},"image":{"@id":"https:\/\/nellydevuyst.com\/fr\/produit\/gel-creme-peaux-grasses-pure\/#primaryimage"},"thumbnailUrl":"https:\/\/nellydevuyst.com\/wp-content\/uploads\/2013\/08\/Pure-Oily-Skin-Gel-Cream.jpg","datePublished":"2013-08-10T02:28:47+00:00","dateModified":"2026-04-03T17:18:15+00:00","description":"Gel-cr\u00e8me sp\u00e9cialement formul\u00e9 pour les peaux grasses et \u00e0 tendance acn\u00e9ique. Il contr\u00f4le l'exc\u00e8s de s\u00e9bum, est anti-inflammatoire, apaisant et id\u00e9al pour r\u00e9duire les points noirs.","breadcrumb":{"@id":"https:\/\/nellydevuyst.com\/fr\/produit\/gel-creme-peaux-grasses-pure\/#breadcrumb"},"inLanguage":"fr-FR","potentialAction":[{"@type":"ReadAction","target":["https:\/\/nellydevuyst.com\/fr\/produit\/gel-creme-peaux-grasses-pure\/"]}]},{"@type":"ImageObject","inLanguage":"fr-FR","@id":"https:\/\/nellydevuyst.com\/fr\/produit\/gel-creme-peaux-grasses-pure\/#primaryimage","url":"https:\/\/nellydevuyst.com\/wp-content\/uploads\/2013\/08\/Pure-Oily-Skin-Gel-Cream.jpg","contentUrl":"https:\/\/nellydevuyst.com\/wp-content\/uploads\/2013\/08\/Pure-Oily-Skin-Gel-Cream.jpg","width":1200,"height":1200,"caption":"Gel Cr\u00e8me Peaux Grasses Pure"},{"@type":"BreadcrumbList","@id":"https:\/\/nellydevuyst.com\/fr\/produit\/gel-creme-peaux-grasses-pure\/#breadcrumb","itemListElement":[{"@type":"ListItem","position":1,"name":"Home","item":"https:\/\/nellydevuyst.com\/fr\/"},{"@type":"ListItem","position":2,"name":"Boutique","item":"https:\/\/nellydevuyst.com\/fr\/boutique\/"},{"@type":"ListItem","position":3,"name":"Gel Cr\u00e8me Peaux Grasses Pure"}]},{"@type":"WebSite","@id":"https:\/\/nellydevuyst.com\/fr\/#website","url":"https:\/\/nellydevuyst.com\/fr\/","name":"Nelly De Vuyst\u00ae Skin Care","description":"The Best of Science and Nature","publisher":{"@id":"https:\/\/nellydevuyst.com\/fr\/#organization"},"alternateName":"NDV Skin Care","potentialAction":[{"@type":"SearchAction","target":{"@type":"EntryPoint","urlTemplate":"https:\/\/nellydevuyst.com\/fr\/?s={search_term_string}"},"query-input":{"@type":"PropertyValueSpecification","valueRequired":true,"valueName":"search_term_string"}}],"inLanguage":"fr-FR"},{"@type":"Organization","@id":"https:\/\/nellydevuyst.com\/fr\/#organization","name":"Nelly De Vuyst Skin Care","alternateName":"NDV Skin Care","url":"https:\/\/nellydevuyst.com\/fr\/","logo":{"@type":"ImageObject","inLanguage":"fr-FR","@id":"https:\/\/nellydevuyst.com\/fr\/#\/schema\/logo\/image\/","url":"https:\/\/nellydevuyst.com\/wp-content\/uploads\/2024\/01\/ndv-logo-favico.png","contentUrl":"https:\/\/nellydevuyst.com\/wp-content\/uploads\/2024\/01\/ndv-logo-favico.png","width":512,"height":512,"caption":"Nelly De Vuyst Skin Care"},"image":{"@id":"https:\/\/nellydevuyst.com\/fr\/#\/schema\/logo\/image\/"},"sameAs":["https:\/\/www.facebook.com\/NellyDeVuystSkincare\/","https:\/\/www.instagram.com\/nelly_devuyst\/","https:\/\/www.youtube.com\/user\/derme8282","https:\/\/www.tiktok.com\/@nellydevuyst","https:\/\/www.pinterest.com.mx\/nellydevuystskincare\/"]}]}},"_links":{"self":[{"href":"https:\/\/nellydevuyst.com\/fr\/wp-json\/wp\/v2\/product\/1772","targetHints":{"allow":["GET"]}}],"collection":[{"href":"https:\/\/nellydevuyst.com\/fr\/wp-json\/wp\/v2\/product"}],"about":[{"href":"https:\/\/nellydevuyst.com\/fr\/wp-json\/wp\/v2\/types\/product"}],"replies":[{"embeddable":true,"href":"https:\/\/nellydevuyst.com\/fr\/wp-json\/wp\/v2\/comments?post=1772"}],"wp:featuredmedia":[{"embeddable":true,"href":"https:\/\/nellydevuyst.com\/fr\/wp-json\/wp\/v2\/media\/14351"}],"wp:attachment":[{"href":"https:\/\/nellydevuyst.com\/fr\/wp-json\/wp\/v2\/media?parent=1772"}],"wp:term":[{"taxonomy":"product_brand","embeddable":true,"href":"https:\/\/nellydevuyst.com\/fr\/wp-json\/wp\/v2\/product_brand?post=1772"},{"taxonomy":"product_cat","embeddable":true,"href":"https:\/\/nellydevuyst.com\/fr\/wp-json\/wp\/v2\/product_cat?post=1772"},{"taxonomy":"product_tag","embeddable":true,"href":"https:\/\/nellydevuyst.com\/fr\/wp-json\/wp\/v2\/product_tag?post=1772"},{"taxonomy":"giftcard-category","embeddable":true,"href":"https:\/\/nellydevuyst.com\/fr\/wp-json\/wp\/v2\/giftcard-category?post=1772"}],"curies":[{"name":"wp","href":"https:\/\/api.w.org\/{rel}","templated":true}]}}