{"id":1791,"date":"2019-05-31T12:28:06","date_gmt":"2019-05-31T16:28:06","guid":{"rendered":"https:\/\/nellydevuyst.com\/product\/circulacreme\/"},"modified":"2024-11-11T10:38:57","modified_gmt":"2024-11-11T15:38:57","slug":"circula-creme-hydra-contour","status":"publish","type":"product","link":"https:\/\/nellydevuyst.com\/fr\/produit\/circula-creme-hydra-contour\/","title":{"rendered":"Circula Cr\u00e8me Hydra Contour"},"content":{"rendered":"<h2 class=\"uppercase\">\u00c9levez votre routine d&rsquo;auto-soin avec cette cr\u00e8me de massage apaisante<\/h2>\n<p>D\u00e9couvrez notre cr\u00e8me pour le corps \u00e9quilibrant la pression hydrostatique, une formule innovante sp\u00e9cialement d\u00e9velopp\u00e9e pour transformer votre routine quotidienne en un rituel d&rsquo;hydratation profonde et d&rsquo;\u00e9quilibre. Formul\u00e9e pour hydrater en profondeur et r\u00e9guler les pressions hydrostatiques, ce m\u00e9lange d&rsquo;ingr\u00e9dients d\u00e9congestionnants, vasoconstricteurs et anti-inflammatoires est un pr\u00e9cieux cadeau pour les douleurs musculaires et les probl\u00e8mes de microcirculation.<\/p>\n<p>Cette cr\u00e8me hydratante va au-del\u00e0 des hydratants traditionnels en abordant l&rsquo;\u00e9quilibre complexe des pressions hydrostatiques dans la peau. En favorisant l&rsquo;\u00e9quilibre, elle garantit que votre peau reste hydrat\u00e9e au maximum, favorise une microcirculation optimale, aide \u00e0 la circulation veineuse et \u00e0 l&rsquo;apparence de la cellulite d&rsquo;eau. Profitez du soulagement offert par l&rsquo;am\u00e9lioration de la microcirculation, laissant la douleur derri\u00e8re vous et offrant une peau plus lisse.<\/p>\n<p>Conform\u00e9ment \u00e0 notre engagement envers votre peau et l&rsquo;environnement, cette cr\u00e8me pour le corps est biod\u00e9gradable, sans alcool, sans silicone, sans parab\u00e8nes, sans PEG, sans gluten, sans OGM, sans perturbateurs endocriniens, sans goudron, sans quaternium, sans parfum, sans colorant et n&rsquo;est pas test\u00e9e sur les animaux.<\/p>\n","protected":false},"excerpt":{"rendered":"<p>Faites plaisir \u00e0 votre peau avec un m\u00e9lange harmonieux d&rsquo;ingr\u00e9dients vasoconstricteurs et anti-inflammatoires gr\u00e2ce \u00e0 notre cr\u00e8me d\u00e9congestionnante pour le corps qui \u00e9quilibre la pression hydrostatique. Formul\u00e9e pour une hydratation en profondeur et la r\u00e9gulation des pressions cutan\u00e9es, cette cr\u00e8me garantit un \u00e9quilibre optimal. Chouchoutez votre peau avec une exp\u00e9rience luxueuse qui la laisse revitalis\u00e9e, souple et qui offre un soulagement des douleurs musculaires. \u00c9levez votre routine de soins de la peau avec notre formule unique!<\/p>\n<ul>\n<li class=\"bullet-arrow\"><strong>Texture :<\/strong> Cr\u00e8me<\/li>\n<li class=\"bullet-arrow\"><strong>Type de peau :<\/strong> Peau s\u00e8che<\/li>\n<li class=\"bullet-arrow\"><strong>Pr\u00e9occupations cutan\u00e9es :<\/strong> S\u00e9cheresse, d\u00e9shydratation, douleurs musculaires, cellulite d&rsquo;eau<\/li>\n<li class=\"bullet-arrow\"><strong>Format :<\/strong> 3.30 oz. &#8211; 100 g <em>(Pompe sans air)<\/em><\/li>\n<\/ul>\n<div class=\"row row-full-width align-equal\"  id=\"row-1711570285\">\n\t<div id=\"col-1786625108\" class=\"col small-12 large-12\"  >\n\t\t\t\t<div class=\"col-inner\"  >\n\t\t\t\n\t\t\t\n\n  \n    <div class=\"row large-columns-8 medium-columns-8 small-columns-8 row-collapse\" >\n  <div class=\"gallery-col col\" >\n          <div class=\"col-inner\">\n                        <div class=\"box has-hover gallery-box box-none\">\n              <div class=\"box-image\" >\n                <img width=\"1\" height=\"1\" src=\"https:\/\/nellydevuyst.com\/wp-content\/uploads\/2023\/05\/VEGAN-EN.svg\" class=\"attachment-medium size-medium\" alt=\"VEGAN\" ids=\"12323,12303,12319,12321,12309\" style=\"none\" lightbox=\"false\" col_spacing=\"collapse\" columns=\"8\" columns__sm=\"8\" columns__md=\"8\" decoding=\"async\" loading=\"lazy\" \/>                                                              <\/div>\n              <div class=\"box-text text-left\" >\n                 <p>VEGAN<\/p>\n              <\/div>\n            <\/div>\n                      <\/div>\n         <\/div><div class=\"gallery-col col\" >\n          <div class=\"col-inner\">\n                        <div class=\"box has-hover gallery-box box-none\">\n              <div class=\"box-image\" >\n                <img width=\"1\" height=\"1\" src=\"https:\/\/nellydevuyst.com\/wp-content\/uploads\/2023\/05\/ANIMALCRUELTY-EN.svg\" class=\"attachment-medium size-medium\" alt=\"NO ANIMAL CRUELTY\" ids=\"12323,12303,12319,12321,12309\" style=\"none\" lightbox=\"false\" col_spacing=\"collapse\" columns=\"8\" columns__sm=\"8\" columns__md=\"8\" decoding=\"async\" loading=\"lazy\" \/>                                                              <\/div>\n              <div class=\"box-text text-left\" >\n                 <p>NO ANIMAL CRUELTY <\/p>\n              <\/div>\n            <\/div>\n                      <\/div>\n         <\/div><div class=\"gallery-col col\" >\n          <div class=\"col-inner\">\n                        <div class=\"box has-hover gallery-box box-none\">\n              <div class=\"box-image\" >\n                <img width=\"1\" height=\"1\" src=\"https:\/\/nellydevuyst.com\/wp-content\/uploads\/2023\/05\/OGM-FR.svg\" class=\"attachment-medium size-medium\" alt=\"GLUTEN OGM\" ids=\"12323,12303,12319,12321,12309\" style=\"none\" lightbox=\"false\" col_spacing=\"collapse\" columns=\"8\" columns__sm=\"8\" columns__md=\"8\" decoding=\"async\" loading=\"lazy\" \/>                                                              <\/div>\n              <div class=\"box-text text-left\" >\n                 <p>GLUTEN OGM<\/p>\n              <\/div>\n            <\/div>\n                      <\/div>\n         <\/div><div class=\"gallery-col col\" >\n          <div class=\"col-inner\">\n                        <div class=\"box has-hover gallery-box box-none\">\n              <div class=\"box-image\" >\n                <img width=\"1\" height=\"1\" src=\"https:\/\/nellydevuyst.com\/wp-content\/uploads\/2023\/05\/RECYCLABLE-EN.svg\" class=\"attachment-medium size-medium\" alt=\"RECYCLABLE\" ids=\"12323,12303,12319,12321,12309\" style=\"none\" lightbox=\"false\" col_spacing=\"collapse\" columns=\"8\" columns__sm=\"8\" columns__md=\"8\" decoding=\"async\" loading=\"lazy\" \/>                                                              <\/div>\n              <div class=\"box-text text-left\" >\n                 <p>RECYCLABLE<\/p>\n              <\/div>\n            <\/div>\n                      <\/div>\n         <\/div><div class=\"gallery-col col\" >\n          <div class=\"col-inner\">\n                        <div class=\"box has-hover gallery-box box-none\">\n              <div class=\"box-image\" >\n                <img width=\"1\" height=\"1\" src=\"https:\/\/nellydevuyst.com\/wp-content\/uploads\/2023\/05\/CANADA-FR.svg\" class=\"attachment-medium size-medium\" alt=\"FABRIQUE AU CANADA\" ids=\"12323,12303,12319,12321,12309\" style=\"none\" lightbox=\"false\" col_spacing=\"collapse\" columns=\"8\" columns__sm=\"8\" columns__md=\"8\" decoding=\"async\" loading=\"lazy\" \/>                                                              <\/div>\n              <div class=\"box-text text-left\" >\n                 <p>FABRIQUE AU CANADA<\/p>\n              <\/div>\n            <\/div>\n                      <\/div>\n         <\/div><\/div>\n\t\t<\/div>\n\t\t\t\t\t<\/div>\n\n\t<\/div>\n","protected":false},"featured_media":14289,"comment_status":"open","ping_status":"closed","template":"","meta":[],"product_brand":[],"product_cat":[516,193],"product_tag":[221,283,284,263,285,286],"giftcard-category":[],"class_list":{"0":"post-1791","1":"product","2":"type-product","3":"status-publish","4":"has-post-thumbnail","6":"product_cat-collection-hydra-contour","7":"product_cat-soins-corporels","8":"product_tag-anti-inflammatoire","9":"product_tag-arthrite","10":"product_tag-cellulite-fr","11":"product_tag-corps","12":"product_tag-jambes-lourdes","13":"product_tag-osteoporose","15":"first","16":"instock","17":"taxable","18":"shipping-taxable","19":"purchasable","20":"product-type-simple"},"yoast_head":"<!-- This site is optimized with the Yoast SEO plugin v27.4 - https:\/\/yoast.com\/product\/yoast-seo-wordpress\/ -->\n<title>Circula Cr\u00e8me Hydra Contour | Nelly De Vuyst\u00ae Skin Care<\/title>\n<meta name=\"description\" content=\"D\u00e9couvrez une am\u00e9lioration de la microcirculation et un soulagement des douleurs musculaires gr\u00e2ce \u00e0 notre cr\u00e8me d\u00e9congestionnante pour le corps. Elle \u00e9quilibre la pression hydrostatique et contribue \u00e0 r\u00e9guler les pressions hydrostatiques pour une peau hydrat\u00e9e.\" \/>\n<meta name=\"robots\" content=\"index, follow, max-snippet:-1, max-image-preview:large, max-video-preview:-1\" \/>\n<link rel=\"canonical\" href=\"https:\/\/nellydevuyst.com\/fr\/produit\/circula-creme-hydra-contour\/\" \/>\n<meta property=\"og:locale\" content=\"fr_FR\" \/>\n<meta property=\"og:type\" content=\"article\" \/>\n<meta property=\"og:title\" content=\"Circula Cr\u00e8me Hydra Contour | Nelly De Vuyst\u00ae Skin Care\" \/>\n<meta property=\"og:description\" content=\"D\u00e9couvrez une am\u00e9lioration de la microcirculation et un soulagement des douleurs musculaires gr\u00e2ce \u00e0 notre cr\u00e8me d\u00e9congestionnante pour le corps. Elle \u00e9quilibre la pression hydrostatique et contribue \u00e0 r\u00e9guler les pressions hydrostatiques pour une peau hydrat\u00e9e.\" \/>\n<meta property=\"og:url\" content=\"https:\/\/nellydevuyst.com\/fr\/produit\/circula-creme-hydra-contour\/\" \/>\n<meta property=\"og:site_name\" content=\"Nelly De Vuyst\u00ae Skin Care\" \/>\n<meta property=\"article:publisher\" content=\"https:\/\/www.facebook.com\/NellyDeVuystSkincare\/\" \/>\n<meta property=\"article:modified_time\" content=\"2024-11-11T15:38:57+00:00\" \/>\n<meta property=\"og:image\" content=\"https:\/\/nellydevuyst.com\/wp-content\/uploads\/2019\/05\/Hydra-Contour-Circula-Cream.jpg\" \/>\n\t<meta property=\"og:image:width\" content=\"1200\" \/>\n\t<meta property=\"og:image:height\" content=\"1200\" \/>\n\t<meta property=\"og:image:type\" content=\"image\/jpeg\" \/>\n<meta name=\"twitter:card\" content=\"summary_large_image\" \/>\n<script type=\"application\/ld+json\" class=\"yoast-schema-graph\">{\"@context\":\"https:\\\/\\\/schema.org\",\"@graph\":[{\"@type\":[\"WebPage\",\"ItemPage\"],\"@id\":\"https:\\\/\\\/nellydevuyst.com\\\/fr\\\/produit\\\/circula-creme-hydra-contour\\\/\",\"url\":\"https:\\\/\\\/nellydevuyst.com\\\/fr\\\/produit\\\/circula-creme-hydra-contour\\\/\",\"name\":\"Circula Cr\u00e8me Hydra Contour | Nelly De Vuyst\u00ae Skin Care\",\"isPartOf\":{\"@id\":\"https:\\\/\\\/nellydevuyst.com\\\/fr\\\/#website\"},\"primaryImageOfPage\":{\"@id\":\"https:\\\/\\\/nellydevuyst.com\\\/fr\\\/produit\\\/circula-creme-hydra-contour\\\/#primaryimage\"},\"image\":{\"@id\":\"https:\\\/\\\/nellydevuyst.com\\\/fr\\\/produit\\\/circula-creme-hydra-contour\\\/#primaryimage\"},\"thumbnailUrl\":\"https:\\\/\\\/nellydevuyst.com\\\/wp-content\\\/uploads\\\/2019\\\/05\\\/Hydra-Contour-Circula-Cream.jpg\",\"datePublished\":\"2019-05-31T16:28:06+00:00\",\"dateModified\":\"2024-11-11T15:38:57+00:00\",\"description\":\"D\u00e9couvrez une am\u00e9lioration de la microcirculation et un soulagement des douleurs musculaires gr\u00e2ce \u00e0 notre cr\u00e8me d\u00e9congestionnante pour le corps. Elle \u00e9quilibre la pression hydrostatique et contribue \u00e0 r\u00e9guler les pressions hydrostatiques pour une peau hydrat\u00e9e.\",\"breadcrumb\":{\"@id\":\"https:\\\/\\\/nellydevuyst.com\\\/fr\\\/produit\\\/circula-creme-hydra-contour\\\/#breadcrumb\"},\"inLanguage\":\"fr-FR\",\"potentialAction\":[{\"@type\":\"ReadAction\",\"target\":[\"https:\\\/\\\/nellydevuyst.com\\\/fr\\\/produit\\\/circula-creme-hydra-contour\\\/\"]}]},{\"@type\":\"ImageObject\",\"inLanguage\":\"fr-FR\",\"@id\":\"https:\\\/\\\/nellydevuyst.com\\\/fr\\\/produit\\\/circula-creme-hydra-contour\\\/#primaryimage\",\"url\":\"https:\\\/\\\/nellydevuyst.com\\\/wp-content\\\/uploads\\\/2019\\\/05\\\/Hydra-Contour-Circula-Cream.jpg\",\"contentUrl\":\"https:\\\/\\\/nellydevuyst.com\\\/wp-content\\\/uploads\\\/2019\\\/05\\\/Hydra-Contour-Circula-Cream.jpg\",\"width\":1200,\"height\":1200,\"caption\":\"Circula Cr\u00e8me Hydra Contour\"},{\"@type\":\"BreadcrumbList\",\"@id\":\"https:\\\/\\\/nellydevuyst.com\\\/fr\\\/produit\\\/circula-creme-hydra-contour\\\/#breadcrumb\",\"itemListElement\":[{\"@type\":\"ListItem\",\"position\":1,\"name\":\"Home\",\"item\":\"https:\\\/\\\/nellydevuyst.com\\\/fr\\\/\"},{\"@type\":\"ListItem\",\"position\":2,\"name\":\"Boutique\",\"item\":\"https:\\\/\\\/nellydevuyst.com\\\/fr\\\/boutique\\\/\"},{\"@type\":\"ListItem\",\"position\":3,\"name\":\"Circula Cr\u00e8me Hydra Contour\"}]},{\"@type\":\"WebSite\",\"@id\":\"https:\\\/\\\/nellydevuyst.com\\\/fr\\\/#website\",\"url\":\"https:\\\/\\\/nellydevuyst.com\\\/fr\\\/\",\"name\":\"Nelly De Vuyst\u00ae Skin Care\",\"description\":\"The Best of Science and Nature\",\"publisher\":{\"@id\":\"https:\\\/\\\/nellydevuyst.com\\\/fr\\\/#organization\"},\"alternateName\":\"NDV Skin Care\",\"potentialAction\":[{\"@type\":\"SearchAction\",\"target\":{\"@type\":\"EntryPoint\",\"urlTemplate\":\"https:\\\/\\\/nellydevuyst.com\\\/fr\\\/?s={search_term_string}\"},\"query-input\":{\"@type\":\"PropertyValueSpecification\",\"valueRequired\":true,\"valueName\":\"search_term_string\"}}],\"inLanguage\":\"fr-FR\"},{\"@type\":\"Organization\",\"@id\":\"https:\\\/\\\/nellydevuyst.com\\\/fr\\\/#organization\",\"name\":\"Nelly De Vuyst Skin Care\",\"alternateName\":\"NDV Skin Care\",\"url\":\"https:\\\/\\\/nellydevuyst.com\\\/fr\\\/\",\"logo\":{\"@type\":\"ImageObject\",\"inLanguage\":\"fr-FR\",\"@id\":\"https:\\\/\\\/nellydevuyst.com\\\/fr\\\/#\\\/schema\\\/logo\\\/image\\\/\",\"url\":\"https:\\\/\\\/nellydevuyst.com\\\/wp-content\\\/uploads\\\/2024\\\/01\\\/ndv-logo-favico.png\",\"contentUrl\":\"https:\\\/\\\/nellydevuyst.com\\\/wp-content\\\/uploads\\\/2024\\\/01\\\/ndv-logo-favico.png\",\"width\":512,\"height\":512,\"caption\":\"Nelly De Vuyst Skin Care\"},\"image\":{\"@id\":\"https:\\\/\\\/nellydevuyst.com\\\/fr\\\/#\\\/schema\\\/logo\\\/image\\\/\"},\"sameAs\":[\"https:\\\/\\\/www.facebook.com\\\/NellyDeVuystSkincare\\\/\",\"https:\\\/\\\/www.instagram.com\\\/nelly_devuyst\\\/\",\"https:\\\/\\\/www.youtube.com\\\/user\\\/derme8282\",\"https:\\\/\\\/www.tiktok.com\\\/@nellydevuyst\",\"https:\\\/\\\/www.pinterest.com.mx\\\/nellydevuystskincare\\\/\"]}]}<\/script>\n<!-- \/ Yoast SEO plugin. -->","yoast_head_json":{"title":"Circula Cr\u00e8me Hydra Contour | Nelly De Vuyst\u00ae Skin Care","description":"D\u00e9couvrez une am\u00e9lioration de la microcirculation et un soulagement des douleurs musculaires gr\u00e2ce \u00e0 notre cr\u00e8me d\u00e9congestionnante pour le corps. Elle \u00e9quilibre la pression hydrostatique et contribue \u00e0 r\u00e9guler les pressions hydrostatiques pour une peau hydrat\u00e9e.","robots":{"index":"index","follow":"follow","max-snippet":"max-snippet:-1","max-image-preview":"max-image-preview:large","max-video-preview":"max-video-preview:-1"},"canonical":"https:\/\/nellydevuyst.com\/fr\/produit\/circula-creme-hydra-contour\/","og_locale":"fr_FR","og_type":"article","og_title":"Circula Cr\u00e8me Hydra Contour | Nelly De Vuyst\u00ae Skin Care","og_description":"D\u00e9couvrez une am\u00e9lioration de la microcirculation et un soulagement des douleurs musculaires gr\u00e2ce \u00e0 notre cr\u00e8me d\u00e9congestionnante pour le corps. Elle \u00e9quilibre la pression hydrostatique et contribue \u00e0 r\u00e9guler les pressions hydrostatiques pour une peau hydrat\u00e9e.","og_url":"https:\/\/nellydevuyst.com\/fr\/produit\/circula-creme-hydra-contour\/","og_site_name":"Nelly De Vuyst\u00ae Skin Care","article_publisher":"https:\/\/www.facebook.com\/NellyDeVuystSkincare\/","article_modified_time":"2024-11-11T15:38:57+00:00","og_image":[{"width":1200,"height":1200,"url":"https:\/\/nellydevuyst.com\/wp-content\/uploads\/2019\/05\/Hydra-Contour-Circula-Cream.jpg","type":"image\/jpeg"}],"twitter_card":"summary_large_image","schema":{"@context":"https:\/\/schema.org","@graph":[{"@type":["WebPage","ItemPage"],"@id":"https:\/\/nellydevuyst.com\/fr\/produit\/circula-creme-hydra-contour\/","url":"https:\/\/nellydevuyst.com\/fr\/produit\/circula-creme-hydra-contour\/","name":"Circula Cr\u00e8me Hydra Contour | Nelly De Vuyst\u00ae Skin Care","isPartOf":{"@id":"https:\/\/nellydevuyst.com\/fr\/#website"},"primaryImageOfPage":{"@id":"https:\/\/nellydevuyst.com\/fr\/produit\/circula-creme-hydra-contour\/#primaryimage"},"image":{"@id":"https:\/\/nellydevuyst.com\/fr\/produit\/circula-creme-hydra-contour\/#primaryimage"},"thumbnailUrl":"https:\/\/nellydevuyst.com\/wp-content\/uploads\/2019\/05\/Hydra-Contour-Circula-Cream.jpg","datePublished":"2019-05-31T16:28:06+00:00","dateModified":"2024-11-11T15:38:57+00:00","description":"D\u00e9couvrez une am\u00e9lioration de la microcirculation et un soulagement des douleurs musculaires gr\u00e2ce \u00e0 notre cr\u00e8me d\u00e9congestionnante pour le corps. Elle \u00e9quilibre la pression hydrostatique et contribue \u00e0 r\u00e9guler les pressions hydrostatiques pour une peau hydrat\u00e9e.","breadcrumb":{"@id":"https:\/\/nellydevuyst.com\/fr\/produit\/circula-creme-hydra-contour\/#breadcrumb"},"inLanguage":"fr-FR","potentialAction":[{"@type":"ReadAction","target":["https:\/\/nellydevuyst.com\/fr\/produit\/circula-creme-hydra-contour\/"]}]},{"@type":"ImageObject","inLanguage":"fr-FR","@id":"https:\/\/nellydevuyst.com\/fr\/produit\/circula-creme-hydra-contour\/#primaryimage","url":"https:\/\/nellydevuyst.com\/wp-content\/uploads\/2019\/05\/Hydra-Contour-Circula-Cream.jpg","contentUrl":"https:\/\/nellydevuyst.com\/wp-content\/uploads\/2019\/05\/Hydra-Contour-Circula-Cream.jpg","width":1200,"height":1200,"caption":"Circula Cr\u00e8me Hydra Contour"},{"@type":"BreadcrumbList","@id":"https:\/\/nellydevuyst.com\/fr\/produit\/circula-creme-hydra-contour\/#breadcrumb","itemListElement":[{"@type":"ListItem","position":1,"name":"Home","item":"https:\/\/nellydevuyst.com\/fr\/"},{"@type":"ListItem","position":2,"name":"Boutique","item":"https:\/\/nellydevuyst.com\/fr\/boutique\/"},{"@type":"ListItem","position":3,"name":"Circula Cr\u00e8me Hydra Contour"}]},{"@type":"WebSite","@id":"https:\/\/nellydevuyst.com\/fr\/#website","url":"https:\/\/nellydevuyst.com\/fr\/","name":"Nelly De Vuyst\u00ae Skin Care","description":"The Best of Science and Nature","publisher":{"@id":"https:\/\/nellydevuyst.com\/fr\/#organization"},"alternateName":"NDV Skin Care","potentialAction":[{"@type":"SearchAction","target":{"@type":"EntryPoint","urlTemplate":"https:\/\/nellydevuyst.com\/fr\/?s={search_term_string}"},"query-input":{"@type":"PropertyValueSpecification","valueRequired":true,"valueName":"search_term_string"}}],"inLanguage":"fr-FR"},{"@type":"Organization","@id":"https:\/\/nellydevuyst.com\/fr\/#organization","name":"Nelly De Vuyst Skin Care","alternateName":"NDV Skin Care","url":"https:\/\/nellydevuyst.com\/fr\/","logo":{"@type":"ImageObject","inLanguage":"fr-FR","@id":"https:\/\/nellydevuyst.com\/fr\/#\/schema\/logo\/image\/","url":"https:\/\/nellydevuyst.com\/wp-content\/uploads\/2024\/01\/ndv-logo-favico.png","contentUrl":"https:\/\/nellydevuyst.com\/wp-content\/uploads\/2024\/01\/ndv-logo-favico.png","width":512,"height":512,"caption":"Nelly De Vuyst Skin Care"},"image":{"@id":"https:\/\/nellydevuyst.com\/fr\/#\/schema\/logo\/image\/"},"sameAs":["https:\/\/www.facebook.com\/NellyDeVuystSkincare\/","https:\/\/www.instagram.com\/nelly_devuyst\/","https:\/\/www.youtube.com\/user\/derme8282","https:\/\/www.tiktok.com\/@nellydevuyst","https:\/\/www.pinterest.com.mx\/nellydevuystskincare\/"]}]}},"_links":{"self":[{"href":"https:\/\/nellydevuyst.com\/fr\/wp-json\/wp\/v2\/product\/1791","targetHints":{"allow":["GET"]}}],"collection":[{"href":"https:\/\/nellydevuyst.com\/fr\/wp-json\/wp\/v2\/product"}],"about":[{"href":"https:\/\/nellydevuyst.com\/fr\/wp-json\/wp\/v2\/types\/product"}],"replies":[{"embeddable":true,"href":"https:\/\/nellydevuyst.com\/fr\/wp-json\/wp\/v2\/comments?post=1791"}],"wp:featuredmedia":[{"embeddable":true,"href":"https:\/\/nellydevuyst.com\/fr\/wp-json\/wp\/v2\/media\/14289"}],"wp:attachment":[{"href":"https:\/\/nellydevuyst.com\/fr\/wp-json\/wp\/v2\/media?parent=1791"}],"wp:term":[{"taxonomy":"product_brand","embeddable":true,"href":"https:\/\/nellydevuyst.com\/fr\/wp-json\/wp\/v2\/product_brand?post=1791"},{"taxonomy":"product_cat","embeddable":true,"href":"https:\/\/nellydevuyst.com\/fr\/wp-json\/wp\/v2\/product_cat?post=1791"},{"taxonomy":"product_tag","embeddable":true,"href":"https:\/\/nellydevuyst.com\/fr\/wp-json\/wp\/v2\/product_tag?post=1791"},{"taxonomy":"giftcard-category","embeddable":true,"href":"https:\/\/nellydevuyst.com\/fr\/wp-json\/wp\/v2\/giftcard-category?post=1791"}],"curies":[{"name":"wp","href":"https:\/\/api.w.org\/{rel}","templated":true}]}}