{"id":1800,"date":"2019-05-31T11:02:15","date_gmt":"2019-05-31T15:02:15","guid":{"rendered":"https:\/\/nellydevuyst.com\/product\/hand-cream\/"},"modified":"2025-06-14T19:55:28","modified_gmt":"2025-06-14T23:55:28","slug":"creme-a-mains-hydra-contour","status":"publish","type":"product","link":"https:\/\/nellydevuyst.com\/fr\/produit\/creme-a-mains-hydra-contour\/","title":{"rendered":"Cr\u00e8me \u00c0 Mains Hydra Contour"},"content":{"rendered":"<h2 class=\"uppercase\">Sauvez vos mains avec notre Cr\u00e8me \u00c0 Mains Hydra Contour ultra-hydratante et nourrissante<\/h2>\n<p>Revitalisez vos mains avec notre cr\u00e8me intensive pour les mains, formul\u00e9e pour soulager de mani\u00e8re in\u00e9gal\u00e9e les peaux s\u00e8ches \u00e0 tr\u00e8s s\u00e8ches. Cette formule ultra-hydratante aide \u00e0 combattre la s\u00e9cheresse caus\u00e9e par le froid, le vent ou le lavage fr\u00e9quent des mains et offre une hydratation imm\u00e9diate pour soulager les mains s\u00e8ches. Enrichie en ingr\u00e9dients apaisants, notre cr\u00e8me pour les mains est plus qu&rsquo;un simple hydratant &#8211; c&rsquo;est un traitement revitalisant con\u00e7u pour r\u00e9parer et renouveler vos mains.<\/p>\n<p>Dites adieu \u00e0 l&rsquo;inconfort des mains s\u00e8ches et gerc\u00e9es alors que notre cr\u00e8me pour les mains op\u00e8re sa magie en fournissant une hydratation longue dur\u00e9e. Le m\u00e9lange d&rsquo;\u00e9mollients cr\u00e9e une barri\u00e8re protectrice, emp\u00eachant la perte d&rsquo;humidit\u00e9 suppl\u00e9mentaire et favorisant la douceur durable. Que vous luttiez contre les effets des conditions climatiques rigoureuses, du lavage fr\u00e9quent des mains ou que vous recherchiez simplement une indulgence quotidienne pour vos mains, notre formule \u00e0 absorption rapide et non grasse est un compagnon fiable dans votre qu\u00eate d&rsquo;une peau bien nourrie et en sant\u00e9.<\/p>\n<p>Conform\u00e9ment \u00e0 notre engagement envers votre peau et l&rsquo;environnement, cette cr\u00e8me nourrissante pour les mains est biod\u00e9gradable, sans alcool, sans silicone, sans parab\u00e8nes, sans PEG, sans gluten, sans OGM, sans perturbateurs endocriniens, sans goudron, sans quaternium, sans fragrance, sans colorant et n&rsquo;est pas test\u00e9e sur les animaux.<\/p>\n","protected":false},"excerpt":{"rendered":"<p>Offrez une mission de sauvetage \u00e0 vos mains avec notre cr\u00e8me intensive pour les mains, sp\u00e9cialement con\u00e7ue pour les peaux s\u00e8ches \u00e0 tr\u00e8s s\u00e8ches. Cette formule ultra-hydratante va au-del\u00e0 de l&rsquo;hydratation en surface, nourrissant en profondeur et r\u00e9parant m\u00eame les mains les plus s\u00e8ches. Ressentez le soulagement apaisant alors qu&rsquo;elle revitalise votre peau, laissant vos mains douces, souples et hydrat\u00e9es. \u00c9levez votre routine de soins des mains avec notre formule \u00e0 absorption rapide.<\/p>\n<ul>\n<li class=\"bullet-arrow\"><strong>Texture :<\/strong> Cr\u00e8me l\u00e9g\u00e8re<\/li>\n<li class=\"bullet-arrow\"><strong>Type de peau:<\/strong> Peau s\u00e8che<\/li>\n<li class=\"bullet-arrow\"><strong>Pr\u00e9occupations cutan\u00e9es :<\/strong> S\u00e9cheresse, d\u00e9shydratation<\/li>\n<li class=\"bullet-arrow\"><strong>Format :<\/strong> 5.30 oz. &#8211; 150 g <em>(Pompe sans air)<\/em><\/li>\n<\/ul>\n<div class=\"row row-full-width align-equal\"  id=\"row-893666849\">\n\t<div id=\"col-1340740756\" class=\"col small-12 large-12\"  >\n\t\t\t\t<div class=\"col-inner\"  >\n\t\t\t\n\t\t\t\n\n  \n    <div class=\"row large-columns-8 medium-columns-8 small-columns-8 row-collapse\" >\n  <div class=\"gallery-col col\" >\n          <div class=\"col-inner\">\n                        <div class=\"box has-hover gallery-box box-none\">\n              <div class=\"box-image\" >\n                <img width=\"1\" height=\"1\" src=\"https:\/\/nellydevuyst.com\/wp-content\/uploads\/2023\/05\/ECOCERT-EN.svg\" class=\"attachment-medium size-medium\" alt=\"ECOCERT COSMOS ORGANIC\" ids=\"12313, 12323,12303,12319,12321,12309\" style=\"none\" lightbox=\"false\" col_spacing=\"collapse\" columns=\"8\" columns__sm=\"8\" columns__md=\"8\" decoding=\"async\" loading=\"lazy\" \/>                                                              <\/div>\n              <div class=\"box-text text-left\" >\n                 <p>ECOCERT COSMOS ORGANIC<\/p>\n              <\/div>\n            <\/div>\n                      <\/div>\n         <\/div><div class=\"gallery-col col\" >\n          <div class=\"col-inner\">\n                        <div class=\"box has-hover gallery-box box-none\">\n              <div class=\"box-image\" >\n                <img width=\"1\" height=\"1\" src=\"https:\/\/nellydevuyst.com\/wp-content\/uploads\/2023\/05\/VEGAN-EN.svg\" class=\"attachment-medium size-medium\" alt=\"VEGAN\" ids=\"12313, 12323,12303,12319,12321,12309\" style=\"none\" lightbox=\"false\" col_spacing=\"collapse\" columns=\"8\" columns__sm=\"8\" columns__md=\"8\" decoding=\"async\" loading=\"lazy\" \/>                                                              <\/div>\n              <div class=\"box-text text-left\" >\n                 <p>VEGAN<\/p>\n              <\/div>\n            <\/div>\n                      <\/div>\n         <\/div><div class=\"gallery-col col\" >\n          <div class=\"col-inner\">\n                        <div class=\"box has-hover gallery-box box-none\">\n              <div class=\"box-image\" >\n                <img width=\"1\" height=\"1\" src=\"https:\/\/nellydevuyst.com\/wp-content\/uploads\/2023\/05\/ANIMALCRUELTY-EN.svg\" class=\"attachment-medium size-medium\" alt=\"NO ANIMAL CRUELTY\" ids=\"12313, 12323,12303,12319,12321,12309\" style=\"none\" lightbox=\"false\" col_spacing=\"collapse\" columns=\"8\" columns__sm=\"8\" columns__md=\"8\" decoding=\"async\" loading=\"lazy\" \/>                                                              <\/div>\n              <div class=\"box-text text-left\" >\n                 <p>NO ANIMAL CRUELTY <\/p>\n              <\/div>\n            <\/div>\n                      <\/div>\n         <\/div><div class=\"gallery-col col\" >\n          <div class=\"col-inner\">\n                        <div class=\"box has-hover gallery-box box-none\">\n              <div class=\"box-image\" >\n                <img width=\"1\" height=\"1\" src=\"https:\/\/nellydevuyst.com\/wp-content\/uploads\/2023\/05\/OGM-FR.svg\" class=\"attachment-medium size-medium\" alt=\"GLUTEN OGM\" ids=\"12313, 12323,12303,12319,12321,12309\" style=\"none\" lightbox=\"false\" col_spacing=\"collapse\" columns=\"8\" columns__sm=\"8\" columns__md=\"8\" decoding=\"async\" loading=\"lazy\" \/>                                                              <\/div>\n              <div class=\"box-text text-left\" >\n                 <p>GLUTEN OGM<\/p>\n              <\/div>\n            <\/div>\n                      <\/div>\n         <\/div><div class=\"gallery-col col\" >\n          <div class=\"col-inner\">\n                        <div class=\"box has-hover gallery-box box-none\">\n              <div class=\"box-image\" >\n                <img width=\"1\" height=\"1\" src=\"https:\/\/nellydevuyst.com\/wp-content\/uploads\/2023\/05\/RECYCLABLE-EN.svg\" class=\"attachment-medium size-medium\" alt=\"RECYCLABLE\" ids=\"12313, 12323,12303,12319,12321,12309\" style=\"none\" lightbox=\"false\" col_spacing=\"collapse\" columns=\"8\" columns__sm=\"8\" columns__md=\"8\" decoding=\"async\" loading=\"lazy\" \/>                                                              <\/div>\n              <div class=\"box-text text-left\" >\n                 <p>RECYCLABLE<\/p>\n              <\/div>\n            <\/div>\n                      <\/div>\n         <\/div><div class=\"gallery-col col\" >\n          <div class=\"col-inner\">\n                        <div class=\"box has-hover gallery-box box-none\">\n              <div class=\"box-image\" >\n                <img width=\"1\" height=\"1\" src=\"https:\/\/nellydevuyst.com\/wp-content\/uploads\/2023\/05\/CANADA-FR.svg\" class=\"attachment-medium size-medium\" alt=\"FABRIQUE AU CANADA\" ids=\"12313, 12323,12303,12319,12321,12309\" style=\"none\" lightbox=\"false\" col_spacing=\"collapse\" columns=\"8\" columns__sm=\"8\" columns__md=\"8\" decoding=\"async\" loading=\"lazy\" \/>                                                              <\/div>\n              <div class=\"box-text text-left\" >\n                 <p>FABRIQUE AU CANADA<\/p>\n              <\/div>\n            <\/div>\n                      <\/div>\n         <\/div><\/div>\n\t\t<\/div>\n\t\t\t\t\t<\/div>\n\n\t<\/div>\n","protected":false},"featured_media":14285,"comment_status":"open","ping_status":"closed","template":"","meta":[],"product_brand":[],"product_cat":[516,193],"product_tag":[263,236,252,259],"giftcard-category":[],"class_list":{"0":"post-1800","1":"product","2":"type-product","3":"status-publish","4":"has-post-thumbnail","6":"product_cat-collection-hydra-contour","7":"product_cat-soins-corporels","8":"product_tag-corps","9":"product_tag-hydratant","10":"product_tag-hydratants","11":"product_tag-peau-seche","13":"first","14":"instock","15":"taxable","16":"shipping-taxable","17":"purchasable","18":"product-type-simple"},"yoast_head":"<!-- This site is optimized with the Yoast SEO plugin v27.2 - https:\/\/yoast.com\/product\/yoast-seo-wordpress\/ -->\n<title>Cr\u00e8me \u00c0 Mains Hydra Contour | Nelly De Vuyst\u00ae Skin Care<\/title>\n<meta name=\"description\" content=\"Revitalisez vos mains s\u00e8ches avec notre cr\u00e8me intensive pour les mains. Nourrissante et apaisante, cette formule non grasse offre une hydratation longue dur\u00e9e pour soulager les mains s\u00e8ches.\" \/>\n<meta name=\"robots\" content=\"index, follow, max-snippet:-1, max-image-preview:large, max-video-preview:-1\" \/>\n<link rel=\"canonical\" href=\"https:\/\/nellydevuyst.com\/fr\/produit\/creme-a-mains-hydra-contour\/\" \/>\n<meta property=\"og:locale\" content=\"fr_FR\" \/>\n<meta property=\"og:type\" content=\"article\" \/>\n<meta property=\"og:title\" content=\"Cr\u00e8me \u00c0 Mains Hydra Contour | Nelly De Vuyst\u00ae Skin Care\" \/>\n<meta property=\"og:description\" content=\"Revitalisez vos mains s\u00e8ches avec notre cr\u00e8me intensive pour les mains. Nourrissante et apaisante, cette formule non grasse offre une hydratation longue dur\u00e9e pour soulager les mains s\u00e8ches.\" \/>\n<meta property=\"og:url\" content=\"https:\/\/nellydevuyst.com\/fr\/produit\/creme-a-mains-hydra-contour\/\" \/>\n<meta property=\"og:site_name\" content=\"Nelly De Vuyst\u00ae Skin Care\" \/>\n<meta property=\"article:publisher\" content=\"https:\/\/www.facebook.com\/NellyDeVuystSkincare\/\" \/>\n<meta property=\"article:modified_time\" content=\"2025-06-14T23:55:28+00:00\" \/>\n<meta property=\"og:image\" content=\"https:\/\/nellydevuyst.com\/wp-content\/uploads\/2019\/05\/Hydra-Contour-Hand-Cream.jpg\" \/>\n\t<meta property=\"og:image:width\" content=\"1200\" \/>\n\t<meta property=\"og:image:height\" content=\"1200\" \/>\n\t<meta property=\"og:image:type\" content=\"image\/jpeg\" \/>\n<meta name=\"twitter:card\" content=\"summary_large_image\" \/>\n<script type=\"application\/ld+json\" class=\"yoast-schema-graph\">{\"@context\":\"https:\/\/schema.org\",\"@graph\":[{\"@type\":[\"WebPage\",\"ItemPage\"],\"@id\":\"https:\/\/nellydevuyst.com\/fr\/produit\/creme-a-mains-hydra-contour\/\",\"url\":\"https:\/\/nellydevuyst.com\/fr\/produit\/creme-a-mains-hydra-contour\/\",\"name\":\"Cr\u00e8me \u00c0 Mains Hydra Contour | Nelly De Vuyst\u00ae Skin Care\",\"isPartOf\":{\"@id\":\"https:\/\/nellydevuyst.com\/fr\/#website\"},\"primaryImageOfPage\":{\"@id\":\"https:\/\/nellydevuyst.com\/fr\/produit\/creme-a-mains-hydra-contour\/#primaryimage\"},\"image\":{\"@id\":\"https:\/\/nellydevuyst.com\/fr\/produit\/creme-a-mains-hydra-contour\/#primaryimage\"},\"thumbnailUrl\":\"https:\/\/nellydevuyst.com\/wp-content\/uploads\/2019\/05\/Hydra-Contour-Hand-Cream.jpg\",\"datePublished\":\"2019-05-31T15:02:15+00:00\",\"dateModified\":\"2025-06-14T23:55:28+00:00\",\"description\":\"Revitalisez vos mains s\u00e8ches avec notre cr\u00e8me intensive pour les mains. Nourrissante et apaisante, cette formule non grasse offre une hydratation longue dur\u00e9e pour soulager les mains s\u00e8ches.\",\"breadcrumb\":{\"@id\":\"https:\/\/nellydevuyst.com\/fr\/produit\/creme-a-mains-hydra-contour\/#breadcrumb\"},\"inLanguage\":\"fr-FR\",\"potentialAction\":[{\"@type\":\"ReadAction\",\"target\":[\"https:\/\/nellydevuyst.com\/fr\/produit\/creme-a-mains-hydra-contour\/\"]}]},{\"@type\":\"ImageObject\",\"inLanguage\":\"fr-FR\",\"@id\":\"https:\/\/nellydevuyst.com\/fr\/produit\/creme-a-mains-hydra-contour\/#primaryimage\",\"url\":\"https:\/\/nellydevuyst.com\/wp-content\/uploads\/2019\/05\/Hydra-Contour-Hand-Cream.jpg\",\"contentUrl\":\"https:\/\/nellydevuyst.com\/wp-content\/uploads\/2019\/05\/Hydra-Contour-Hand-Cream.jpg\",\"width\":1200,\"height\":1200,\"caption\":\"Cr\u00e8me \u00c0 Mains Hydra Contour\"},{\"@type\":\"BreadcrumbList\",\"@id\":\"https:\/\/nellydevuyst.com\/fr\/produit\/creme-a-mains-hydra-contour\/#breadcrumb\",\"itemListElement\":[{\"@type\":\"ListItem\",\"position\":1,\"name\":\"Home\",\"item\":\"https:\/\/nellydevuyst.com\/fr\/\"},{\"@type\":\"ListItem\",\"position\":2,\"name\":\"Boutique\",\"item\":\"https:\/\/nellydevuyst.com\/fr\/boutique\/\"},{\"@type\":\"ListItem\",\"position\":3,\"name\":\"Cr\u00e8me \u00c0 Mains Hydra Contour\"}]},{\"@type\":\"WebSite\",\"@id\":\"https:\/\/nellydevuyst.com\/fr\/#website\",\"url\":\"https:\/\/nellydevuyst.com\/fr\/\",\"name\":\"Nelly De Vuyst\u00ae Skin Care\",\"description\":\"The Best of Science and Nature\",\"publisher\":{\"@id\":\"https:\/\/nellydevuyst.com\/fr\/#organization\"},\"alternateName\":\"NDV Skin Care\",\"potentialAction\":[{\"@type\":\"SearchAction\",\"target\":{\"@type\":\"EntryPoint\",\"urlTemplate\":\"https:\/\/nellydevuyst.com\/fr\/?s={search_term_string}\"},\"query-input\":{\"@type\":\"PropertyValueSpecification\",\"valueRequired\":true,\"valueName\":\"search_term_string\"}}],\"inLanguage\":\"fr-FR\"},{\"@type\":\"Organization\",\"@id\":\"https:\/\/nellydevuyst.com\/fr\/#organization\",\"name\":\"Nelly De Vuyst Skin Care\",\"alternateName\":\"NDV Skin Care\",\"url\":\"https:\/\/nellydevuyst.com\/fr\/\",\"logo\":{\"@type\":\"ImageObject\",\"inLanguage\":\"fr-FR\",\"@id\":\"https:\/\/nellydevuyst.com\/fr\/#\/schema\/logo\/image\/\",\"url\":\"https:\/\/nellydevuyst.com\/wp-content\/uploads\/2024\/01\/ndv-logo-favico.png\",\"contentUrl\":\"https:\/\/nellydevuyst.com\/wp-content\/uploads\/2024\/01\/ndv-logo-favico.png\",\"width\":512,\"height\":512,\"caption\":\"Nelly De Vuyst Skin Care\"},\"image\":{\"@id\":\"https:\/\/nellydevuyst.com\/fr\/#\/schema\/logo\/image\/\"},\"sameAs\":[\"https:\/\/www.facebook.com\/NellyDeVuystSkincare\/\",\"https:\/\/www.instagram.com\/nelly_devuyst\/\",\"https:\/\/www.youtube.com\/user\/derme8282\",\"https:\/\/www.tiktok.com\/@nellydevuyst\",\"https:\/\/www.pinterest.com.mx\/nellydevuystskincare\/\"]}]}<\/script>\n<!-- \/ Yoast SEO plugin. -->","yoast_head_json":{"title":"Cr\u00e8me \u00c0 Mains Hydra Contour | Nelly De Vuyst\u00ae Skin Care","description":"Revitalisez vos mains s\u00e8ches avec notre cr\u00e8me intensive pour les mains. Nourrissante et apaisante, cette formule non grasse offre une hydratation longue dur\u00e9e pour soulager les mains s\u00e8ches.","robots":{"index":"index","follow":"follow","max-snippet":"max-snippet:-1","max-image-preview":"max-image-preview:large","max-video-preview":"max-video-preview:-1"},"canonical":"https:\/\/nellydevuyst.com\/fr\/produit\/creme-a-mains-hydra-contour\/","og_locale":"fr_FR","og_type":"article","og_title":"Cr\u00e8me \u00c0 Mains Hydra Contour | Nelly De Vuyst\u00ae Skin Care","og_description":"Revitalisez vos mains s\u00e8ches avec notre cr\u00e8me intensive pour les mains. Nourrissante et apaisante, cette formule non grasse offre une hydratation longue dur\u00e9e pour soulager les mains s\u00e8ches.","og_url":"https:\/\/nellydevuyst.com\/fr\/produit\/creme-a-mains-hydra-contour\/","og_site_name":"Nelly De Vuyst\u00ae Skin Care","article_publisher":"https:\/\/www.facebook.com\/NellyDeVuystSkincare\/","article_modified_time":"2025-06-14T23:55:28+00:00","og_image":[{"width":1200,"height":1200,"url":"https:\/\/nellydevuyst.com\/wp-content\/uploads\/2019\/05\/Hydra-Contour-Hand-Cream.jpg","type":"image\/jpeg"}],"twitter_card":"summary_large_image","schema":{"@context":"https:\/\/schema.org","@graph":[{"@type":["WebPage","ItemPage"],"@id":"https:\/\/nellydevuyst.com\/fr\/produit\/creme-a-mains-hydra-contour\/","url":"https:\/\/nellydevuyst.com\/fr\/produit\/creme-a-mains-hydra-contour\/","name":"Cr\u00e8me \u00c0 Mains Hydra Contour | Nelly De Vuyst\u00ae Skin Care","isPartOf":{"@id":"https:\/\/nellydevuyst.com\/fr\/#website"},"primaryImageOfPage":{"@id":"https:\/\/nellydevuyst.com\/fr\/produit\/creme-a-mains-hydra-contour\/#primaryimage"},"image":{"@id":"https:\/\/nellydevuyst.com\/fr\/produit\/creme-a-mains-hydra-contour\/#primaryimage"},"thumbnailUrl":"https:\/\/nellydevuyst.com\/wp-content\/uploads\/2019\/05\/Hydra-Contour-Hand-Cream.jpg","datePublished":"2019-05-31T15:02:15+00:00","dateModified":"2025-06-14T23:55:28+00:00","description":"Revitalisez vos mains s\u00e8ches avec notre cr\u00e8me intensive pour les mains. Nourrissante et apaisante, cette formule non grasse offre une hydratation longue dur\u00e9e pour soulager les mains s\u00e8ches.","breadcrumb":{"@id":"https:\/\/nellydevuyst.com\/fr\/produit\/creme-a-mains-hydra-contour\/#breadcrumb"},"inLanguage":"fr-FR","potentialAction":[{"@type":"ReadAction","target":["https:\/\/nellydevuyst.com\/fr\/produit\/creme-a-mains-hydra-contour\/"]}]},{"@type":"ImageObject","inLanguage":"fr-FR","@id":"https:\/\/nellydevuyst.com\/fr\/produit\/creme-a-mains-hydra-contour\/#primaryimage","url":"https:\/\/nellydevuyst.com\/wp-content\/uploads\/2019\/05\/Hydra-Contour-Hand-Cream.jpg","contentUrl":"https:\/\/nellydevuyst.com\/wp-content\/uploads\/2019\/05\/Hydra-Contour-Hand-Cream.jpg","width":1200,"height":1200,"caption":"Cr\u00e8me \u00c0 Mains Hydra Contour"},{"@type":"BreadcrumbList","@id":"https:\/\/nellydevuyst.com\/fr\/produit\/creme-a-mains-hydra-contour\/#breadcrumb","itemListElement":[{"@type":"ListItem","position":1,"name":"Home","item":"https:\/\/nellydevuyst.com\/fr\/"},{"@type":"ListItem","position":2,"name":"Boutique","item":"https:\/\/nellydevuyst.com\/fr\/boutique\/"},{"@type":"ListItem","position":3,"name":"Cr\u00e8me \u00c0 Mains Hydra Contour"}]},{"@type":"WebSite","@id":"https:\/\/nellydevuyst.com\/fr\/#website","url":"https:\/\/nellydevuyst.com\/fr\/","name":"Nelly De Vuyst\u00ae Skin Care","description":"The Best of Science and Nature","publisher":{"@id":"https:\/\/nellydevuyst.com\/fr\/#organization"},"alternateName":"NDV Skin Care","potentialAction":[{"@type":"SearchAction","target":{"@type":"EntryPoint","urlTemplate":"https:\/\/nellydevuyst.com\/fr\/?s={search_term_string}"},"query-input":{"@type":"PropertyValueSpecification","valueRequired":true,"valueName":"search_term_string"}}],"inLanguage":"fr-FR"},{"@type":"Organization","@id":"https:\/\/nellydevuyst.com\/fr\/#organization","name":"Nelly De Vuyst Skin Care","alternateName":"NDV Skin Care","url":"https:\/\/nellydevuyst.com\/fr\/","logo":{"@type":"ImageObject","inLanguage":"fr-FR","@id":"https:\/\/nellydevuyst.com\/fr\/#\/schema\/logo\/image\/","url":"https:\/\/nellydevuyst.com\/wp-content\/uploads\/2024\/01\/ndv-logo-favico.png","contentUrl":"https:\/\/nellydevuyst.com\/wp-content\/uploads\/2024\/01\/ndv-logo-favico.png","width":512,"height":512,"caption":"Nelly De Vuyst Skin Care"},"image":{"@id":"https:\/\/nellydevuyst.com\/fr\/#\/schema\/logo\/image\/"},"sameAs":["https:\/\/www.facebook.com\/NellyDeVuystSkincare\/","https:\/\/www.instagram.com\/nelly_devuyst\/","https:\/\/www.youtube.com\/user\/derme8282","https:\/\/www.tiktok.com\/@nellydevuyst","https:\/\/www.pinterest.com.mx\/nellydevuystskincare\/"]}]}},"_links":{"self":[{"href":"https:\/\/nellydevuyst.com\/fr\/wp-json\/wp\/v2\/product\/1800","targetHints":{"allow":["GET"]}}],"collection":[{"href":"https:\/\/nellydevuyst.com\/fr\/wp-json\/wp\/v2\/product"}],"about":[{"href":"https:\/\/nellydevuyst.com\/fr\/wp-json\/wp\/v2\/types\/product"}],"replies":[{"embeddable":true,"href":"https:\/\/nellydevuyst.com\/fr\/wp-json\/wp\/v2\/comments?post=1800"}],"wp:featuredmedia":[{"embeddable":true,"href":"https:\/\/nellydevuyst.com\/fr\/wp-json\/wp\/v2\/media\/14285"}],"wp:attachment":[{"href":"https:\/\/nellydevuyst.com\/fr\/wp-json\/wp\/v2\/media?parent=1800"}],"wp:term":[{"taxonomy":"product_brand","embeddable":true,"href":"https:\/\/nellydevuyst.com\/fr\/wp-json\/wp\/v2\/product_brand?post=1800"},{"taxonomy":"product_cat","embeddable":true,"href":"https:\/\/nellydevuyst.com\/fr\/wp-json\/wp\/v2\/product_cat?post=1800"},{"taxonomy":"product_tag","embeddable":true,"href":"https:\/\/nellydevuyst.com\/fr\/wp-json\/wp\/v2\/product_tag?post=1800"},{"taxonomy":"giftcard-category","embeddable":true,"href":"https:\/\/nellydevuyst.com\/fr\/wp-json\/wp\/v2\/giftcard-category?post=1800"}],"curies":[{"name":"wp","href":"https:\/\/api.w.org\/{rel}","templated":true}]}}