{"id":1806,"date":"2019-05-31T10:41:34","date_gmt":"2019-05-31T14:41:34","guid":{"rendered":"https:\/\/nellydevuyst.com\/product\/oleaslim-bath\/"},"modified":"2025-11-26T22:11:21","modified_gmt":"2025-11-27T03:11:21","slug":"bain-oleaslim","status":"publish","type":"product","link":"https:\/\/nellydevuyst.com\/fr\/produit\/bain-oleaslim\/","title":{"rendered":"Bain Ol\u00e9aslim"},"content":{"rendered":"<h2 class=\"uppercase\">Vivez une exp\u00e9rience de silhouette plus sculpt\u00e9e gr\u00e2ce \u00e0 notre Bain Oleaslim<\/h2>\n<p>Plongez-vous dans le luxe pur de notre bain moussant raffermissant, un m\u00e9lange drainant et d\u00e9toxifiant d\u00e9velopp\u00e9 pour sublimer votre rituel de bain. Infus\u00e9es d&rsquo;ingr\u00e9dients tonifiants, nos bulles douces vont au-del\u00e0 de la simple relaxation : elles ciblent activement la cellulite et combattent la r\u00e9tention d&rsquo;eau. Alors que vous vous d\u00e9tendez, laissez cette synergie innovante op\u00e9rer sa magie, favorisant une peau plus ferme et une silhouette plus sculpt\u00e9e.<\/p>\n<p>Bas\u00e9 sur la science de l&rsquo;aromath\u00e9rapie, notre bain moussant raffermissant exploite la puissance des soins de la peau avanc\u00e9s pour vous offrir bien plus qu&rsquo;un simple bain rafra\u00eechissant. En vous pr\u00e9lassant dans les bulles riches et moussantes, ressentez l&rsquo;action douce mais efficace contre la cellulite, r\u00e9duisant l&rsquo;apparence de \u00ab\u00a0peau d&rsquo;orange\u00a0\u00bb associ\u00e9e \u00e0 la cellulite. Dites adieu \u00e0 la r\u00e9tention d&rsquo;eau tandis que le bain travaille \u00e0 revitaliser et hydrater votre peau, transformant votre bain quotidien en une exp\u00e9rience digne d&rsquo;un spa qui revitalise \u00e0 la fois le corps et l&rsquo;esprit. Votre circulation s&rsquo;am\u00e9liore et vos contours corporels sont plus d\u00e9finis.<\/p>\n<p>Laissez-vous emporter dans le voyage transformateur de notre bain moussant raffermissant, o\u00f9 la science des soins de la peau rencontre la b\u00e9atitude de la d\u00e9tente. \u00c0 chaque bulle aromatique, laissez les tensions de la journ\u00e9e fondre, remplac\u00e9es par un sentiment de rajeunissement et de soins personnels.<\/p>\n<p>Dans le respect de notre engagement envers votre peau et l&rsquo;environnement, ce bain moussant tonifiant est biod\u00e9gradable, sans alcool, sans silicone, sans parab\u00e8nes, sans PEG, sans gluten, sans OGM, sans perturbateurs endocriniens, sans goudron, sans quaternium, sans parfum, sans colorant et n&rsquo;est pas test\u00e9 sur les animaux.<\/p>\n","protected":false},"excerpt":{"rendered":"<p>D\u00e9couvrez l&rsquo;ultime exp\u00e9rience d&rsquo;auto-soin avec notre bain moussant raffermissant. D\u00e9velopp\u00e9 avec une formule scientifiquement avanc\u00e9e, notre bain drainant cible la cellulite et combat la r\u00e9tention d&rsquo;eau, laissant votre peau tonifi\u00e9e et rajeunie. \u00c9levez votre routine de bain \u00e0 une exp\u00e9rience digne d&rsquo;un spa de luxe et profitez des bienfaits d\u00e9toxifiants et tonifiants de ce bain raffermissant : une peau plus ferme, une r\u00e9duction de la cellulite, une am\u00e9lioration de la circulation et des contours plus d\u00e9finis.<\/p>\n<ul>\n<li class=\"bullet-arrow\"><strong>Texture :<\/strong> M\u00e9lange d&rsquo;huiles essentielles hydrodispersables<\/li>\n<li class=\"bullet-arrow\"><strong>Type de peau :<\/strong> Peau mature<\/li>\n<li class=\"bullet-arrow\"><strong>Pr\u00e9occupations cutan\u00e9es :<\/strong> Cellulite, r\u00e9tention d\u2019eau, manque de fermet\u00e9<\/li>\n<li class=\"bullet-arrow\"><strong>Format :<\/strong> 3.50 fl.oz. &#8211; 100 ml <em>(Compte-gouttes)<\/em><\/li>\n<\/ul>\n<div class=\"row row-full-width align-equal\"  id=\"row-778581969\">\n\t<div id=\"col-591636312\" class=\"col small-12 large-12\"  >\n\t\t\t\t<div class=\"col-inner\"  >\n\t\t\t\n\t\t\t\n\n  \n    <div class=\"row large-columns-8 medium-columns-8 small-columns-8 row-collapse\" >\n  <div class=\"gallery-col col\" >\n          <div class=\"col-inner\">\n                        <div class=\"box has-hover gallery-box box-none\">\n              <div class=\"box-image\" >\n                <img width=\"1\" height=\"1\" src=\"https:\/\/nellydevuyst.com\/wp-content\/uploads\/2023\/05\/VEGAN-EN.svg\" class=\"attachment-medium size-medium\" alt=\"VEGAN\" ids=\"12323,12303,12319,12321,12309\" style=\"none\" lightbox=\"false\" col_spacing=\"collapse\" columns=\"8\" columns__sm=\"8\" columns__md=\"8\" decoding=\"async\" loading=\"lazy\" \/>                                                              <\/div>\n              <div class=\"box-text text-left\" >\n                 <p>VEGAN<\/p>\n              <\/div>\n            <\/div>\n                      <\/div>\n         <\/div><div class=\"gallery-col col\" >\n          <div class=\"col-inner\">\n                        <div class=\"box has-hover gallery-box box-none\">\n              <div class=\"box-image\" >\n                <img width=\"1\" height=\"1\" src=\"https:\/\/nellydevuyst.com\/wp-content\/uploads\/2023\/05\/ANIMALCRUELTY-EN.svg\" class=\"attachment-medium size-medium\" alt=\"NO ANIMAL CRUELTY\" ids=\"12323,12303,12319,12321,12309\" style=\"none\" lightbox=\"false\" col_spacing=\"collapse\" columns=\"8\" columns__sm=\"8\" columns__md=\"8\" decoding=\"async\" loading=\"lazy\" \/>                                                              <\/div>\n              <div class=\"box-text text-left\" >\n                 <p>NO ANIMAL CRUELTY <\/p>\n              <\/div>\n            <\/div>\n                      <\/div>\n         <\/div><div class=\"gallery-col col\" >\n          <div class=\"col-inner\">\n                        <div class=\"box has-hover gallery-box box-none\">\n              <div class=\"box-image\" >\n                <img width=\"1\" height=\"1\" src=\"https:\/\/nellydevuyst.com\/wp-content\/uploads\/2023\/05\/OGM-FR.svg\" class=\"attachment-medium size-medium\" alt=\"GLUTEN OGM\" ids=\"12323,12303,12319,12321,12309\" style=\"none\" lightbox=\"false\" col_spacing=\"collapse\" columns=\"8\" columns__sm=\"8\" columns__md=\"8\" decoding=\"async\" loading=\"lazy\" \/>                                                              <\/div>\n              <div class=\"box-text text-left\" >\n                 <p>GLUTEN OGM<\/p>\n              <\/div>\n            <\/div>\n                      <\/div>\n         <\/div><div class=\"gallery-col col\" >\n          <div class=\"col-inner\">\n                        <div class=\"box has-hover gallery-box box-none\">\n              <div class=\"box-image\" >\n                <img width=\"1\" height=\"1\" src=\"https:\/\/nellydevuyst.com\/wp-content\/uploads\/2023\/05\/RECYCLABLE-EN.svg\" class=\"attachment-medium size-medium\" alt=\"RECYCLABLE\" ids=\"12323,12303,12319,12321,12309\" style=\"none\" lightbox=\"false\" col_spacing=\"collapse\" columns=\"8\" columns__sm=\"8\" columns__md=\"8\" decoding=\"async\" loading=\"lazy\" \/>                                                              <\/div>\n              <div class=\"box-text text-left\" >\n                 <p>RECYCLABLE<\/p>\n              <\/div>\n            <\/div>\n                      <\/div>\n         <\/div><div class=\"gallery-col col\" >\n          <div class=\"col-inner\">\n                        <div class=\"box has-hover gallery-box box-none\">\n              <div class=\"box-image\" >\n                <img width=\"1\" height=\"1\" src=\"https:\/\/nellydevuyst.com\/wp-content\/uploads\/2023\/05\/CANADA-FR.svg\" class=\"attachment-medium size-medium\" alt=\"FABRIQUE AU CANADA\" ids=\"12323,12303,12319,12321,12309\" style=\"none\" lightbox=\"false\" col_spacing=\"collapse\" columns=\"8\" columns__sm=\"8\" columns__md=\"8\" decoding=\"async\" loading=\"lazy\" \/>                                                              <\/div>\n              <div class=\"box-text text-left\" >\n                 <p>FABRIQUE AU CANADA<\/p>\n              <\/div>\n            <\/div>\n                      <\/div>\n         <\/div><\/div>\n\t\t<\/div>\n\t\t\t\t\t<\/div>\n\n\t<\/div>\n","protected":false},"featured_media":14265,"comment_status":"open","ping_status":"closed","template":"","meta":[],"product_brand":[],"product_cat":[212,512,193],"product_tag":[288,284,263,289,264,227],"giftcard-category":[],"class_list":{"0":"post-1806","1":"product","2":"type-product","3":"status-publish","4":"has-post-thumbnail","6":"product_cat-cellulite","7":"product_cat-collection-oleaslim","8":"product_cat-soins-corporels","9":"product_tag-bain","10":"product_tag-cellulite-fr","11":"product_tag-corps","12":"product_tag-detoxifiantes","13":"product_tag-huile","14":"product_tag-peau-impure","16":"first","17":"instock","18":"taxable","19":"shipping-taxable","20":"purchasable","21":"product-type-simple"},"yoast_head":"<!-- This site is optimized with the Yoast SEO plugin v27.2 - https:\/\/yoast.com\/product\/yoast-seo-wordpress\/ -->\n<title>Bain Ol\u00e9aslim | Nelly De Vuyst\u00ae Skin Care<\/title>\n<meta name=\"description\" content=\"Offrez-vous notre bain moussant raffermissant, scientifiquement formul\u00e9 pour cibler la cellulite et la r\u00e9tention d&#039;eau. Profitez de contours plus d\u00e9finis et d&#039;une peau plus ferme.\" \/>\n<meta name=\"robots\" content=\"index, follow, max-snippet:-1, max-image-preview:large, max-video-preview:-1\" \/>\n<link rel=\"canonical\" href=\"https:\/\/nellydevuyst.com\/fr\/produit\/bain-oleaslim\/\" \/>\n<meta property=\"og:locale\" content=\"fr_FR\" \/>\n<meta property=\"og:type\" content=\"article\" \/>\n<meta property=\"og:title\" content=\"Bain Ol\u00e9aslim | Nelly De Vuyst\u00ae Skin Care\" \/>\n<meta property=\"og:description\" content=\"Offrez-vous notre bain moussant raffermissant, scientifiquement formul\u00e9 pour cibler la cellulite et la r\u00e9tention d&#039;eau. Profitez de contours plus d\u00e9finis et d&#039;une peau plus ferme.\" \/>\n<meta property=\"og:url\" content=\"https:\/\/nellydevuyst.com\/fr\/produit\/bain-oleaslim\/\" \/>\n<meta property=\"og:site_name\" content=\"Nelly De Vuyst\u00ae Skin Care\" \/>\n<meta property=\"article:publisher\" content=\"https:\/\/www.facebook.com\/NellyDeVuystSkincare\/\" \/>\n<meta property=\"article:modified_time\" content=\"2025-11-27T03:11:21+00:00\" \/>\n<meta property=\"og:image\" content=\"https:\/\/nellydevuyst.com\/wp-content\/uploads\/2019\/05\/Oleaslim-Bath.jpg\" \/>\n\t<meta property=\"og:image:width\" content=\"1200\" \/>\n\t<meta property=\"og:image:height\" content=\"1200\" \/>\n\t<meta property=\"og:image:type\" content=\"image\/jpeg\" \/>\n<meta name=\"twitter:card\" content=\"summary_large_image\" \/>\n<script type=\"application\/ld+json\" class=\"yoast-schema-graph\">{\"@context\":\"https:\/\/schema.org\",\"@graph\":[{\"@type\":[\"WebPage\",\"ItemPage\"],\"@id\":\"https:\/\/nellydevuyst.com\/fr\/produit\/bain-oleaslim\/\",\"url\":\"https:\/\/nellydevuyst.com\/fr\/produit\/bain-oleaslim\/\",\"name\":\"Bain Ol\u00e9aslim | Nelly De Vuyst\u00ae Skin Care\",\"isPartOf\":{\"@id\":\"https:\/\/nellydevuyst.com\/fr\/#website\"},\"primaryImageOfPage\":{\"@id\":\"https:\/\/nellydevuyst.com\/fr\/produit\/bain-oleaslim\/#primaryimage\"},\"image\":{\"@id\":\"https:\/\/nellydevuyst.com\/fr\/produit\/bain-oleaslim\/#primaryimage\"},\"thumbnailUrl\":\"https:\/\/nellydevuyst.com\/wp-content\/uploads\/2019\/05\/Oleaslim-Bath.jpg\",\"datePublished\":\"2019-05-31T14:41:34+00:00\",\"dateModified\":\"2025-11-27T03:11:21+00:00\",\"description\":\"Offrez-vous notre bain moussant raffermissant, scientifiquement formul\u00e9 pour cibler la cellulite et la r\u00e9tention d'eau. Profitez de contours plus d\u00e9finis et d'une peau plus ferme.\",\"breadcrumb\":{\"@id\":\"https:\/\/nellydevuyst.com\/fr\/produit\/bain-oleaslim\/#breadcrumb\"},\"inLanguage\":\"fr-FR\",\"potentialAction\":[{\"@type\":\"ReadAction\",\"target\":[\"https:\/\/nellydevuyst.com\/fr\/produit\/bain-oleaslim\/\"]}]},{\"@type\":\"ImageObject\",\"inLanguage\":\"fr-FR\",\"@id\":\"https:\/\/nellydevuyst.com\/fr\/produit\/bain-oleaslim\/#primaryimage\",\"url\":\"https:\/\/nellydevuyst.com\/wp-content\/uploads\/2019\/05\/Oleaslim-Bath.jpg\",\"contentUrl\":\"https:\/\/nellydevuyst.com\/wp-content\/uploads\/2019\/05\/Oleaslim-Bath.jpg\",\"width\":1200,\"height\":1200,\"caption\":\"Bain Ol\u00e9aslim\"},{\"@type\":\"BreadcrumbList\",\"@id\":\"https:\/\/nellydevuyst.com\/fr\/produit\/bain-oleaslim\/#breadcrumb\",\"itemListElement\":[{\"@type\":\"ListItem\",\"position\":1,\"name\":\"Home\",\"item\":\"https:\/\/nellydevuyst.com\/fr\/\"},{\"@type\":\"ListItem\",\"position\":2,\"name\":\"Boutique\",\"item\":\"https:\/\/nellydevuyst.com\/fr\/boutique\/\"},{\"@type\":\"ListItem\",\"position\":3,\"name\":\"Bain Ol\u00e9aslim\"}]},{\"@type\":\"WebSite\",\"@id\":\"https:\/\/nellydevuyst.com\/fr\/#website\",\"url\":\"https:\/\/nellydevuyst.com\/fr\/\",\"name\":\"Nelly De Vuyst\u00ae Skin Care\",\"description\":\"The Best of Science and Nature\",\"publisher\":{\"@id\":\"https:\/\/nellydevuyst.com\/fr\/#organization\"},\"alternateName\":\"NDV Skin Care\",\"potentialAction\":[{\"@type\":\"SearchAction\",\"target\":{\"@type\":\"EntryPoint\",\"urlTemplate\":\"https:\/\/nellydevuyst.com\/fr\/?s={search_term_string}\"},\"query-input\":{\"@type\":\"PropertyValueSpecification\",\"valueRequired\":true,\"valueName\":\"search_term_string\"}}],\"inLanguage\":\"fr-FR\"},{\"@type\":\"Organization\",\"@id\":\"https:\/\/nellydevuyst.com\/fr\/#organization\",\"name\":\"Nelly De Vuyst Skin Care\",\"alternateName\":\"NDV Skin Care\",\"url\":\"https:\/\/nellydevuyst.com\/fr\/\",\"logo\":{\"@type\":\"ImageObject\",\"inLanguage\":\"fr-FR\",\"@id\":\"https:\/\/nellydevuyst.com\/fr\/#\/schema\/logo\/image\/\",\"url\":\"https:\/\/nellydevuyst.com\/wp-content\/uploads\/2024\/01\/ndv-logo-favico.png\",\"contentUrl\":\"https:\/\/nellydevuyst.com\/wp-content\/uploads\/2024\/01\/ndv-logo-favico.png\",\"width\":512,\"height\":512,\"caption\":\"Nelly De Vuyst Skin Care\"},\"image\":{\"@id\":\"https:\/\/nellydevuyst.com\/fr\/#\/schema\/logo\/image\/\"},\"sameAs\":[\"https:\/\/www.facebook.com\/NellyDeVuystSkincare\/\",\"https:\/\/www.instagram.com\/nelly_devuyst\/\",\"https:\/\/www.youtube.com\/user\/derme8282\",\"https:\/\/www.tiktok.com\/@nellydevuyst\",\"https:\/\/www.pinterest.com.mx\/nellydevuystskincare\/\"]}]}<\/script>\n<!-- \/ Yoast SEO plugin. -->","yoast_head_json":{"title":"Bain Ol\u00e9aslim | Nelly De Vuyst\u00ae Skin Care","description":"Offrez-vous notre bain moussant raffermissant, scientifiquement formul\u00e9 pour cibler la cellulite et la r\u00e9tention d'eau. Profitez de contours plus d\u00e9finis et d'une peau plus ferme.","robots":{"index":"index","follow":"follow","max-snippet":"max-snippet:-1","max-image-preview":"max-image-preview:large","max-video-preview":"max-video-preview:-1"},"canonical":"https:\/\/nellydevuyst.com\/fr\/produit\/bain-oleaslim\/","og_locale":"fr_FR","og_type":"article","og_title":"Bain Ol\u00e9aslim | Nelly De Vuyst\u00ae Skin Care","og_description":"Offrez-vous notre bain moussant raffermissant, scientifiquement formul\u00e9 pour cibler la cellulite et la r\u00e9tention d'eau. Profitez de contours plus d\u00e9finis et d'une peau plus ferme.","og_url":"https:\/\/nellydevuyst.com\/fr\/produit\/bain-oleaslim\/","og_site_name":"Nelly De Vuyst\u00ae Skin Care","article_publisher":"https:\/\/www.facebook.com\/NellyDeVuystSkincare\/","article_modified_time":"2025-11-27T03:11:21+00:00","og_image":[{"width":1200,"height":1200,"url":"https:\/\/nellydevuyst.com\/wp-content\/uploads\/2019\/05\/Oleaslim-Bath.jpg","type":"image\/jpeg"}],"twitter_card":"summary_large_image","schema":{"@context":"https:\/\/schema.org","@graph":[{"@type":["WebPage","ItemPage"],"@id":"https:\/\/nellydevuyst.com\/fr\/produit\/bain-oleaslim\/","url":"https:\/\/nellydevuyst.com\/fr\/produit\/bain-oleaslim\/","name":"Bain Ol\u00e9aslim | Nelly De Vuyst\u00ae Skin Care","isPartOf":{"@id":"https:\/\/nellydevuyst.com\/fr\/#website"},"primaryImageOfPage":{"@id":"https:\/\/nellydevuyst.com\/fr\/produit\/bain-oleaslim\/#primaryimage"},"image":{"@id":"https:\/\/nellydevuyst.com\/fr\/produit\/bain-oleaslim\/#primaryimage"},"thumbnailUrl":"https:\/\/nellydevuyst.com\/wp-content\/uploads\/2019\/05\/Oleaslim-Bath.jpg","datePublished":"2019-05-31T14:41:34+00:00","dateModified":"2025-11-27T03:11:21+00:00","description":"Offrez-vous notre bain moussant raffermissant, scientifiquement formul\u00e9 pour cibler la cellulite et la r\u00e9tention d'eau. Profitez de contours plus d\u00e9finis et d'une peau plus ferme.","breadcrumb":{"@id":"https:\/\/nellydevuyst.com\/fr\/produit\/bain-oleaslim\/#breadcrumb"},"inLanguage":"fr-FR","potentialAction":[{"@type":"ReadAction","target":["https:\/\/nellydevuyst.com\/fr\/produit\/bain-oleaslim\/"]}]},{"@type":"ImageObject","inLanguage":"fr-FR","@id":"https:\/\/nellydevuyst.com\/fr\/produit\/bain-oleaslim\/#primaryimage","url":"https:\/\/nellydevuyst.com\/wp-content\/uploads\/2019\/05\/Oleaslim-Bath.jpg","contentUrl":"https:\/\/nellydevuyst.com\/wp-content\/uploads\/2019\/05\/Oleaslim-Bath.jpg","width":1200,"height":1200,"caption":"Bain Ol\u00e9aslim"},{"@type":"BreadcrumbList","@id":"https:\/\/nellydevuyst.com\/fr\/produit\/bain-oleaslim\/#breadcrumb","itemListElement":[{"@type":"ListItem","position":1,"name":"Home","item":"https:\/\/nellydevuyst.com\/fr\/"},{"@type":"ListItem","position":2,"name":"Boutique","item":"https:\/\/nellydevuyst.com\/fr\/boutique\/"},{"@type":"ListItem","position":3,"name":"Bain Ol\u00e9aslim"}]},{"@type":"WebSite","@id":"https:\/\/nellydevuyst.com\/fr\/#website","url":"https:\/\/nellydevuyst.com\/fr\/","name":"Nelly De Vuyst\u00ae Skin Care","description":"The Best of Science and Nature","publisher":{"@id":"https:\/\/nellydevuyst.com\/fr\/#organization"},"alternateName":"NDV Skin Care","potentialAction":[{"@type":"SearchAction","target":{"@type":"EntryPoint","urlTemplate":"https:\/\/nellydevuyst.com\/fr\/?s={search_term_string}"},"query-input":{"@type":"PropertyValueSpecification","valueRequired":true,"valueName":"search_term_string"}}],"inLanguage":"fr-FR"},{"@type":"Organization","@id":"https:\/\/nellydevuyst.com\/fr\/#organization","name":"Nelly De Vuyst Skin Care","alternateName":"NDV Skin Care","url":"https:\/\/nellydevuyst.com\/fr\/","logo":{"@type":"ImageObject","inLanguage":"fr-FR","@id":"https:\/\/nellydevuyst.com\/fr\/#\/schema\/logo\/image\/","url":"https:\/\/nellydevuyst.com\/wp-content\/uploads\/2024\/01\/ndv-logo-favico.png","contentUrl":"https:\/\/nellydevuyst.com\/wp-content\/uploads\/2024\/01\/ndv-logo-favico.png","width":512,"height":512,"caption":"Nelly De Vuyst Skin Care"},"image":{"@id":"https:\/\/nellydevuyst.com\/fr\/#\/schema\/logo\/image\/"},"sameAs":["https:\/\/www.facebook.com\/NellyDeVuystSkincare\/","https:\/\/www.instagram.com\/nelly_devuyst\/","https:\/\/www.youtube.com\/user\/derme8282","https:\/\/www.tiktok.com\/@nellydevuyst","https:\/\/www.pinterest.com.mx\/nellydevuystskincare\/"]}]}},"_links":{"self":[{"href":"https:\/\/nellydevuyst.com\/fr\/wp-json\/wp\/v2\/product\/1806","targetHints":{"allow":["GET"]}}],"collection":[{"href":"https:\/\/nellydevuyst.com\/fr\/wp-json\/wp\/v2\/product"}],"about":[{"href":"https:\/\/nellydevuyst.com\/fr\/wp-json\/wp\/v2\/types\/product"}],"replies":[{"embeddable":true,"href":"https:\/\/nellydevuyst.com\/fr\/wp-json\/wp\/v2\/comments?post=1806"}],"wp:featuredmedia":[{"embeddable":true,"href":"https:\/\/nellydevuyst.com\/fr\/wp-json\/wp\/v2\/media\/14265"}],"wp:attachment":[{"href":"https:\/\/nellydevuyst.com\/fr\/wp-json\/wp\/v2\/media?parent=1806"}],"wp:term":[{"taxonomy":"product_brand","embeddable":true,"href":"https:\/\/nellydevuyst.com\/fr\/wp-json\/wp\/v2\/product_brand?post=1806"},{"taxonomy":"product_cat","embeddable":true,"href":"https:\/\/nellydevuyst.com\/fr\/wp-json\/wp\/v2\/product_cat?post=1806"},{"taxonomy":"product_tag","embeddable":true,"href":"https:\/\/nellydevuyst.com\/fr\/wp-json\/wp\/v2\/product_tag?post=1806"},{"taxonomy":"giftcard-category","embeddable":true,"href":"https:\/\/nellydevuyst.com\/fr\/wp-json\/wp\/v2\/giftcard-category?post=1806"}],"curies":[{"name":"wp","href":"https:\/\/api.w.org\/{rel}","templated":true}]}}