{"id":1812,"date":"2019-05-31T10:57:29","date_gmt":"2019-05-31T14:57:29","guid":{"rendered":"https:\/\/nellydevuyst.com\/product\/oleaslim-oil\/"},"modified":"2024-07-25T11:42:54","modified_gmt":"2024-07-25T15:42:54","slug":"huile-oleaslim","status":"publish","type":"product","link":"https:\/\/nellydevuyst.com\/fr\/produit\/huile-oleaslim\/","title":{"rendered":"Huile Ol\u00e9aslim"},"content":{"rendered":"<h2 class=\"uppercase\">Laissez votre peau rayonner d&rsquo;une nouvelle vitalit\u00e9 gr\u00e2ce \u00e0 notre Huile Oleaslim<\/h2>\n<p>Entamez un voyage vers une peau plus ferme avec notre huile raffermissante sp\u00e9cialis\u00e9e, sp\u00e9cialement d\u00e9velopp\u00e9e pour traiter les probl\u00e8mes de cellulite et de r\u00e9tention d&rsquo;eau. Cette synergie d&rsquo;huiles essentielles d\u00e9toxifiantes est le m\u00e9lange parfait pour r\u00e9duire l&rsquo;apparence de la \u00ab\u00a0peau d&rsquo;orange\u00a0\u00bb associ\u00e9e \u00e0 la cellulite, soulager la r\u00e9tention d&rsquo;eau et am\u00e9liorer la circulation. Plongez-vous dans la richesse nourrissante de cette huile amincissante, un \u00e9lixir transformateur con\u00e7u pour r\u00e9v\u00e9ler un teint tonifi\u00e9 et revitalis\u00e9.<\/p>\n<p>Laissez-vous tenter par le plaisir sensoriel de notre huile tonifiante qui s&rsquo;absorbe facilement, laissant votre peau d&rsquo;une douceur velout\u00e9e. Formul\u00e9e pour p\u00e9n\u00e9trer facilement, l&rsquo;huile cible les causes sous-jacentes de la cellulite et de la r\u00e9tention d&rsquo;eau, favorisant une meilleure \u00e9lasticit\u00e9, une texture plus ferme et une meilleure circulation. Enrichie en puissantes huiles naturelles, ce m\u00e9lange devient un rituel d&rsquo;auto-soin, infusant votre peau de l&rsquo;\u00e9nergie revitalisante qu&rsquo;elle m\u00e9rite. Rehaussez votre routine de soins de la peau en toute confiance, sachant que chaque application de notre huile raffermissante est un pas vers une peau plus ferme et une silhouette plus sculpt\u00e9e.<\/p>\n<p>Dans le cadre de notre engagement envers votre peau et l&rsquo;environnement, cette huile tonifiante est biod\u00e9gradable, sans alcool, sans silicone, sans parab\u00e8nes, sans PEG, sans gluten, sans OGM, sans perturbateurs endocriniens, sans goudron, sans quaternium, sans parfum, sans colorant et n&rsquo;est pas test\u00e9e sur les animaux.<\/p>\n","protected":false},"excerpt":{"rendered":"<p>Am\u00e9liorez votre routine de soins avec notre huile d\u00e9toxifiante, un m\u00e9lange harmonieux con\u00e7u pour combattre la cellulite et r\u00e9duire la r\u00e9tention d&rsquo;eau. Infus\u00e9e d&rsquo;ingr\u00e9dients tonifiants, cette huile p\u00e9n\u00e8tre facilement, favorisant la fermet\u00e9 de la peau, r\u00e9duisant l&rsquo;aspect peau d&rsquo;orange et am\u00e9liorant la circulation. Laissez-vous s\u00e9duire par la sensation luxueuse de notre huile raffermissante, un ajout transformateur \u00e0 votre routine qui nourrit la beaut\u00e9 naturelle de votre peau tout en ciblant les pr\u00e9occupations sp\u00e9cifiques des peaux matures.<\/p>\n<ul>\n<li class=\"bullet-arrow\"><strong>Texture :<\/strong> Huile l\u00e9g\u00e8re<\/li>\n<li class=\"bullet-arrow\"><strong>Type de peau :<\/strong> Peau mature<\/li>\n<li class=\"bullet-arrow\"><strong>Pr\u00e9occupations cutan\u00e9es :<\/strong> Cellulite, r\u00e9tention d&rsquo;eau, manque de fermet\u00e9<\/li>\n<li class=\"bullet-arrow\"><strong>Format :<\/strong> 3.50 fl.oz. &#8211; 100 ml <em>(Compte-gouttes)<\/em><\/li>\n<\/ul>\n<div class=\"row row-full-width align-equal\"  id=\"row-1064862188\">\n\t<div id=\"col-2067777599\" class=\"col small-12 large-12\"  >\n\t\t\t\t<div class=\"col-inner\"  >\n\t\t\t\n\t\t\t\n\n  \n    <div class=\"row large-columns-8 medium-columns-8 small-columns-8 row-collapse\" >\n  <div class=\"gallery-col col\" >\n          <div class=\"col-inner\">\n                        <div class=\"box has-hover gallery-box box-none\">\n              <div class=\"box-image\" >\n                <img width=\"1\" height=\"1\" src=\"https:\/\/nellydevuyst.com\/wp-content\/uploads\/2023\/05\/VEGAN-EN.svg\" class=\"attachment-medium size-medium\" alt=\"VEGAN\" ids=\"12323,12303,12319,12321,12309\" style=\"none\" lightbox=\"false\" col_spacing=\"collapse\" columns=\"8\" columns__sm=\"8\" columns__md=\"8\" decoding=\"async\" loading=\"lazy\" \/>                                                              <\/div>\n              <div class=\"box-text text-left\" >\n                 <p>VEGAN<\/p>\n              <\/div>\n            <\/div>\n                      <\/div>\n         <\/div><div class=\"gallery-col col\" >\n          <div class=\"col-inner\">\n                        <div class=\"box has-hover gallery-box box-none\">\n              <div class=\"box-image\" >\n                <img width=\"1\" height=\"1\" src=\"https:\/\/nellydevuyst.com\/wp-content\/uploads\/2023\/05\/ANIMALCRUELTY-EN.svg\" class=\"attachment-medium size-medium\" alt=\"NO ANIMAL CRUELTY\" ids=\"12323,12303,12319,12321,12309\" style=\"none\" lightbox=\"false\" col_spacing=\"collapse\" columns=\"8\" columns__sm=\"8\" columns__md=\"8\" decoding=\"async\" loading=\"lazy\" \/>                                                              <\/div>\n              <div class=\"box-text text-left\" >\n                 <p>NO ANIMAL CRUELTY <\/p>\n              <\/div>\n            <\/div>\n                      <\/div>\n         <\/div><div class=\"gallery-col col\" >\n          <div class=\"col-inner\">\n                        <div class=\"box has-hover gallery-box box-none\">\n              <div class=\"box-image\" >\n                <img width=\"1\" height=\"1\" src=\"https:\/\/nellydevuyst.com\/wp-content\/uploads\/2023\/05\/OGM-FR.svg\" class=\"attachment-medium size-medium\" alt=\"GLUTEN OGM\" ids=\"12323,12303,12319,12321,12309\" style=\"none\" lightbox=\"false\" col_spacing=\"collapse\" columns=\"8\" columns__sm=\"8\" columns__md=\"8\" decoding=\"async\" loading=\"lazy\" \/>                                                              <\/div>\n              <div class=\"box-text text-left\" >\n                 <p>GLUTEN OGM<\/p>\n              <\/div>\n            <\/div>\n                      <\/div>\n         <\/div><div class=\"gallery-col col\" >\n          <div class=\"col-inner\">\n                        <div class=\"box has-hover gallery-box box-none\">\n              <div class=\"box-image\" >\n                <img width=\"1\" height=\"1\" src=\"https:\/\/nellydevuyst.com\/wp-content\/uploads\/2023\/05\/RECYCLABLE-EN.svg\" class=\"attachment-medium size-medium\" alt=\"RECYCLABLE\" ids=\"12323,12303,12319,12321,12309\" style=\"none\" lightbox=\"false\" col_spacing=\"collapse\" columns=\"8\" columns__sm=\"8\" columns__md=\"8\" decoding=\"async\" loading=\"lazy\" \/>                                                              <\/div>\n              <div class=\"box-text text-left\" >\n                 <p>RECYCLABLE<\/p>\n              <\/div>\n            <\/div>\n                      <\/div>\n         <\/div><div class=\"gallery-col col\" >\n          <div class=\"col-inner\">\n                        <div class=\"box has-hover gallery-box box-none\">\n              <div class=\"box-image\" >\n                <img width=\"1\" height=\"1\" src=\"https:\/\/nellydevuyst.com\/wp-content\/uploads\/2023\/05\/CANADA-FR.svg\" class=\"attachment-medium size-medium\" alt=\"FABRIQUE AU CANADA\" ids=\"12323,12303,12319,12321,12309\" style=\"none\" lightbox=\"false\" col_spacing=\"collapse\" columns=\"8\" columns__sm=\"8\" columns__md=\"8\" decoding=\"async\" loading=\"lazy\" \/>                                                              <\/div>\n              <div class=\"box-text text-left\" >\n                 <p>FABRIQUE AU CANADA<\/p>\n              <\/div>\n            <\/div>\n                      <\/div>\n         <\/div><\/div>\n\t\t<\/div>\n\t\t\t\t\t<\/div>\n\n\t<\/div>\n","protected":false},"featured_media":14261,"comment_status":"open","ping_status":"closed","template":"","meta":[],"product_brand":[],"product_cat":[212,512,193],"product_tag":[290,284,263,289,264,259],"giftcard-category":[],"class_list":{"0":"post-1812","1":"product","2":"type-product","3":"status-publish","4":"has-post-thumbnail","6":"product_cat-cellulite","7":"product_cat-collection-oleaslim","8":"product_cat-soins-corporels","9":"product_tag-amincissantes","10":"product_tag-cellulite-fr","11":"product_tag-corps","12":"product_tag-detoxifiantes","13":"product_tag-huile","14":"product_tag-peau-seche","16":"first","17":"instock","18":"taxable","19":"shipping-taxable","20":"purchasable","21":"product-type-simple"},"yoast_head":"<!-- This site is optimized with the Yoast SEO plugin v27.4 - https:\/\/yoast.com\/product\/yoast-seo-wordpress\/ -->\n<title>Huile Ol\u00e9aslim | Nelly De Vuyst\u00ae Skin Care<\/title>\n<meta name=\"description\" content=\"Transformez votre routine de soins de la peau avec notre huile raffermissante d\u00e9velopp\u00e9e pour cibler la cellulite et r\u00e9duire la r\u00e9tention d&#039;eau. Profitez d&#039;une peau plus ferme gr\u00e2ce \u00e0 notre formule tonifiante !\" \/>\n<meta name=\"robots\" content=\"index, follow, max-snippet:-1, max-image-preview:large, max-video-preview:-1\" \/>\n<link rel=\"canonical\" href=\"https:\/\/nellydevuyst.com\/fr\/produit\/huile-oleaslim\/\" \/>\n<meta property=\"og:locale\" content=\"fr_FR\" \/>\n<meta property=\"og:type\" content=\"article\" \/>\n<meta property=\"og:title\" content=\"Huile Ol\u00e9aslim | Nelly De Vuyst\u00ae Skin Care\" \/>\n<meta property=\"og:description\" content=\"Transformez votre routine de soins de la peau avec notre huile raffermissante d\u00e9velopp\u00e9e pour cibler la cellulite et r\u00e9duire la r\u00e9tention d&#039;eau. Profitez d&#039;une peau plus ferme gr\u00e2ce \u00e0 notre formule tonifiante !\" \/>\n<meta property=\"og:url\" content=\"https:\/\/nellydevuyst.com\/fr\/produit\/huile-oleaslim\/\" \/>\n<meta property=\"og:site_name\" content=\"Nelly De Vuyst\u00ae Skin Care\" \/>\n<meta property=\"article:publisher\" content=\"https:\/\/www.facebook.com\/NellyDeVuystSkincare\/\" \/>\n<meta property=\"article:modified_time\" content=\"2024-07-25T15:42:54+00:00\" \/>\n<meta property=\"og:image\" content=\"https:\/\/nellydevuyst.com\/wp-content\/uploads\/2019\/05\/Oleaslim-Oil.jpg\" \/>\n\t<meta property=\"og:image:width\" content=\"1200\" \/>\n\t<meta property=\"og:image:height\" content=\"1200\" \/>\n\t<meta property=\"og:image:type\" content=\"image\/jpeg\" \/>\n<meta name=\"twitter:card\" content=\"summary_large_image\" \/>\n<script type=\"application\/ld+json\" class=\"yoast-schema-graph\">{\"@context\":\"https:\\\/\\\/schema.org\",\"@graph\":[{\"@type\":[\"WebPage\",\"ItemPage\"],\"@id\":\"https:\\\/\\\/nellydevuyst.com\\\/fr\\\/produit\\\/huile-oleaslim\\\/\",\"url\":\"https:\\\/\\\/nellydevuyst.com\\\/fr\\\/produit\\\/huile-oleaslim\\\/\",\"name\":\"Huile Ol\u00e9aslim | Nelly De Vuyst\u00ae Skin Care\",\"isPartOf\":{\"@id\":\"https:\\\/\\\/nellydevuyst.com\\\/fr\\\/#website\"},\"primaryImageOfPage\":{\"@id\":\"https:\\\/\\\/nellydevuyst.com\\\/fr\\\/produit\\\/huile-oleaslim\\\/#primaryimage\"},\"image\":{\"@id\":\"https:\\\/\\\/nellydevuyst.com\\\/fr\\\/produit\\\/huile-oleaslim\\\/#primaryimage\"},\"thumbnailUrl\":\"https:\\\/\\\/nellydevuyst.com\\\/wp-content\\\/uploads\\\/2019\\\/05\\\/Oleaslim-Oil.jpg\",\"datePublished\":\"2019-05-31T14:57:29+00:00\",\"dateModified\":\"2024-07-25T15:42:54+00:00\",\"description\":\"Transformez votre routine de soins de la peau avec notre huile raffermissante d\u00e9velopp\u00e9e pour cibler la cellulite et r\u00e9duire la r\u00e9tention d'eau. Profitez d'une peau plus ferme gr\u00e2ce \u00e0 notre formule tonifiante !\",\"breadcrumb\":{\"@id\":\"https:\\\/\\\/nellydevuyst.com\\\/fr\\\/produit\\\/huile-oleaslim\\\/#breadcrumb\"},\"inLanguage\":\"fr-FR\",\"potentialAction\":[{\"@type\":\"ReadAction\",\"target\":[\"https:\\\/\\\/nellydevuyst.com\\\/fr\\\/produit\\\/huile-oleaslim\\\/\"]}]},{\"@type\":\"ImageObject\",\"inLanguage\":\"fr-FR\",\"@id\":\"https:\\\/\\\/nellydevuyst.com\\\/fr\\\/produit\\\/huile-oleaslim\\\/#primaryimage\",\"url\":\"https:\\\/\\\/nellydevuyst.com\\\/wp-content\\\/uploads\\\/2019\\\/05\\\/Oleaslim-Oil.jpg\",\"contentUrl\":\"https:\\\/\\\/nellydevuyst.com\\\/wp-content\\\/uploads\\\/2019\\\/05\\\/Oleaslim-Oil.jpg\",\"width\":1200,\"height\":1200,\"caption\":\"Huile Ol\u00e9aslim\"},{\"@type\":\"BreadcrumbList\",\"@id\":\"https:\\\/\\\/nellydevuyst.com\\\/fr\\\/produit\\\/huile-oleaslim\\\/#breadcrumb\",\"itemListElement\":[{\"@type\":\"ListItem\",\"position\":1,\"name\":\"Home\",\"item\":\"https:\\\/\\\/nellydevuyst.com\\\/fr\\\/\"},{\"@type\":\"ListItem\",\"position\":2,\"name\":\"Boutique\",\"item\":\"https:\\\/\\\/nellydevuyst.com\\\/fr\\\/boutique\\\/\"},{\"@type\":\"ListItem\",\"position\":3,\"name\":\"Huile Ol\u00e9aslim\"}]},{\"@type\":\"WebSite\",\"@id\":\"https:\\\/\\\/nellydevuyst.com\\\/fr\\\/#website\",\"url\":\"https:\\\/\\\/nellydevuyst.com\\\/fr\\\/\",\"name\":\"Nelly De Vuyst\u00ae Skin Care\",\"description\":\"The Best of Science and Nature\",\"publisher\":{\"@id\":\"https:\\\/\\\/nellydevuyst.com\\\/fr\\\/#organization\"},\"alternateName\":\"NDV Skin Care\",\"potentialAction\":[{\"@type\":\"SearchAction\",\"target\":{\"@type\":\"EntryPoint\",\"urlTemplate\":\"https:\\\/\\\/nellydevuyst.com\\\/fr\\\/?s={search_term_string}\"},\"query-input\":{\"@type\":\"PropertyValueSpecification\",\"valueRequired\":true,\"valueName\":\"search_term_string\"}}],\"inLanguage\":\"fr-FR\"},{\"@type\":\"Organization\",\"@id\":\"https:\\\/\\\/nellydevuyst.com\\\/fr\\\/#organization\",\"name\":\"Nelly De Vuyst Skin Care\",\"alternateName\":\"NDV Skin Care\",\"url\":\"https:\\\/\\\/nellydevuyst.com\\\/fr\\\/\",\"logo\":{\"@type\":\"ImageObject\",\"inLanguage\":\"fr-FR\",\"@id\":\"https:\\\/\\\/nellydevuyst.com\\\/fr\\\/#\\\/schema\\\/logo\\\/image\\\/\",\"url\":\"https:\\\/\\\/nellydevuyst.com\\\/wp-content\\\/uploads\\\/2024\\\/01\\\/ndv-logo-favico.png\",\"contentUrl\":\"https:\\\/\\\/nellydevuyst.com\\\/wp-content\\\/uploads\\\/2024\\\/01\\\/ndv-logo-favico.png\",\"width\":512,\"height\":512,\"caption\":\"Nelly De Vuyst Skin Care\"},\"image\":{\"@id\":\"https:\\\/\\\/nellydevuyst.com\\\/fr\\\/#\\\/schema\\\/logo\\\/image\\\/\"},\"sameAs\":[\"https:\\\/\\\/www.facebook.com\\\/NellyDeVuystSkincare\\\/\",\"https:\\\/\\\/www.instagram.com\\\/nelly_devuyst\\\/\",\"https:\\\/\\\/www.youtube.com\\\/user\\\/derme8282\",\"https:\\\/\\\/www.tiktok.com\\\/@nellydevuyst\",\"https:\\\/\\\/www.pinterest.com.mx\\\/nellydevuystskincare\\\/\"]}]}<\/script>\n<!-- \/ Yoast SEO plugin. -->","yoast_head_json":{"title":"Huile Ol\u00e9aslim | Nelly De Vuyst\u00ae Skin Care","description":"Transformez votre routine de soins de la peau avec notre huile raffermissante d\u00e9velopp\u00e9e pour cibler la cellulite et r\u00e9duire la r\u00e9tention d'eau. Profitez d'une peau plus ferme gr\u00e2ce \u00e0 notre formule tonifiante !","robots":{"index":"index","follow":"follow","max-snippet":"max-snippet:-1","max-image-preview":"max-image-preview:large","max-video-preview":"max-video-preview:-1"},"canonical":"https:\/\/nellydevuyst.com\/fr\/produit\/huile-oleaslim\/","og_locale":"fr_FR","og_type":"article","og_title":"Huile Ol\u00e9aslim | Nelly De Vuyst\u00ae Skin Care","og_description":"Transformez votre routine de soins de la peau avec notre huile raffermissante d\u00e9velopp\u00e9e pour cibler la cellulite et r\u00e9duire la r\u00e9tention d'eau. Profitez d'une peau plus ferme gr\u00e2ce \u00e0 notre formule tonifiante !","og_url":"https:\/\/nellydevuyst.com\/fr\/produit\/huile-oleaslim\/","og_site_name":"Nelly De Vuyst\u00ae Skin Care","article_publisher":"https:\/\/www.facebook.com\/NellyDeVuystSkincare\/","article_modified_time":"2024-07-25T15:42:54+00:00","og_image":[{"width":1200,"height":1200,"url":"https:\/\/nellydevuyst.com\/wp-content\/uploads\/2019\/05\/Oleaslim-Oil.jpg","type":"image\/jpeg"}],"twitter_card":"summary_large_image","schema":{"@context":"https:\/\/schema.org","@graph":[{"@type":["WebPage","ItemPage"],"@id":"https:\/\/nellydevuyst.com\/fr\/produit\/huile-oleaslim\/","url":"https:\/\/nellydevuyst.com\/fr\/produit\/huile-oleaslim\/","name":"Huile Ol\u00e9aslim | Nelly De Vuyst\u00ae Skin Care","isPartOf":{"@id":"https:\/\/nellydevuyst.com\/fr\/#website"},"primaryImageOfPage":{"@id":"https:\/\/nellydevuyst.com\/fr\/produit\/huile-oleaslim\/#primaryimage"},"image":{"@id":"https:\/\/nellydevuyst.com\/fr\/produit\/huile-oleaslim\/#primaryimage"},"thumbnailUrl":"https:\/\/nellydevuyst.com\/wp-content\/uploads\/2019\/05\/Oleaslim-Oil.jpg","datePublished":"2019-05-31T14:57:29+00:00","dateModified":"2024-07-25T15:42:54+00:00","description":"Transformez votre routine de soins de la peau avec notre huile raffermissante d\u00e9velopp\u00e9e pour cibler la cellulite et r\u00e9duire la r\u00e9tention d'eau. Profitez d'une peau plus ferme gr\u00e2ce \u00e0 notre formule tonifiante !","breadcrumb":{"@id":"https:\/\/nellydevuyst.com\/fr\/produit\/huile-oleaslim\/#breadcrumb"},"inLanguage":"fr-FR","potentialAction":[{"@type":"ReadAction","target":["https:\/\/nellydevuyst.com\/fr\/produit\/huile-oleaslim\/"]}]},{"@type":"ImageObject","inLanguage":"fr-FR","@id":"https:\/\/nellydevuyst.com\/fr\/produit\/huile-oleaslim\/#primaryimage","url":"https:\/\/nellydevuyst.com\/wp-content\/uploads\/2019\/05\/Oleaslim-Oil.jpg","contentUrl":"https:\/\/nellydevuyst.com\/wp-content\/uploads\/2019\/05\/Oleaslim-Oil.jpg","width":1200,"height":1200,"caption":"Huile Ol\u00e9aslim"},{"@type":"BreadcrumbList","@id":"https:\/\/nellydevuyst.com\/fr\/produit\/huile-oleaslim\/#breadcrumb","itemListElement":[{"@type":"ListItem","position":1,"name":"Home","item":"https:\/\/nellydevuyst.com\/fr\/"},{"@type":"ListItem","position":2,"name":"Boutique","item":"https:\/\/nellydevuyst.com\/fr\/boutique\/"},{"@type":"ListItem","position":3,"name":"Huile Ol\u00e9aslim"}]},{"@type":"WebSite","@id":"https:\/\/nellydevuyst.com\/fr\/#website","url":"https:\/\/nellydevuyst.com\/fr\/","name":"Nelly De Vuyst\u00ae Skin Care","description":"The Best of Science and Nature","publisher":{"@id":"https:\/\/nellydevuyst.com\/fr\/#organization"},"alternateName":"NDV Skin Care","potentialAction":[{"@type":"SearchAction","target":{"@type":"EntryPoint","urlTemplate":"https:\/\/nellydevuyst.com\/fr\/?s={search_term_string}"},"query-input":{"@type":"PropertyValueSpecification","valueRequired":true,"valueName":"search_term_string"}}],"inLanguage":"fr-FR"},{"@type":"Organization","@id":"https:\/\/nellydevuyst.com\/fr\/#organization","name":"Nelly De Vuyst Skin Care","alternateName":"NDV Skin Care","url":"https:\/\/nellydevuyst.com\/fr\/","logo":{"@type":"ImageObject","inLanguage":"fr-FR","@id":"https:\/\/nellydevuyst.com\/fr\/#\/schema\/logo\/image\/","url":"https:\/\/nellydevuyst.com\/wp-content\/uploads\/2024\/01\/ndv-logo-favico.png","contentUrl":"https:\/\/nellydevuyst.com\/wp-content\/uploads\/2024\/01\/ndv-logo-favico.png","width":512,"height":512,"caption":"Nelly De Vuyst Skin Care"},"image":{"@id":"https:\/\/nellydevuyst.com\/fr\/#\/schema\/logo\/image\/"},"sameAs":["https:\/\/www.facebook.com\/NellyDeVuystSkincare\/","https:\/\/www.instagram.com\/nelly_devuyst\/","https:\/\/www.youtube.com\/user\/derme8282","https:\/\/www.tiktok.com\/@nellydevuyst","https:\/\/www.pinterest.com.mx\/nellydevuystskincare\/"]}]}},"_links":{"self":[{"href":"https:\/\/nellydevuyst.com\/fr\/wp-json\/wp\/v2\/product\/1812","targetHints":{"allow":["GET"]}}],"collection":[{"href":"https:\/\/nellydevuyst.com\/fr\/wp-json\/wp\/v2\/product"}],"about":[{"href":"https:\/\/nellydevuyst.com\/fr\/wp-json\/wp\/v2\/types\/product"}],"replies":[{"embeddable":true,"href":"https:\/\/nellydevuyst.com\/fr\/wp-json\/wp\/v2\/comments?post=1812"}],"wp:featuredmedia":[{"embeddable":true,"href":"https:\/\/nellydevuyst.com\/fr\/wp-json\/wp\/v2\/media\/14261"}],"wp:attachment":[{"href":"https:\/\/nellydevuyst.com\/fr\/wp-json\/wp\/v2\/media?parent=1812"}],"wp:term":[{"taxonomy":"product_brand","embeddable":true,"href":"https:\/\/nellydevuyst.com\/fr\/wp-json\/wp\/v2\/product_brand?post=1812"},{"taxonomy":"product_cat","embeddable":true,"href":"https:\/\/nellydevuyst.com\/fr\/wp-json\/wp\/v2\/product_cat?post=1812"},{"taxonomy":"product_tag","embeddable":true,"href":"https:\/\/nellydevuyst.com\/fr\/wp-json\/wp\/v2\/product_tag?post=1812"},{"taxonomy":"giftcard-category","embeddable":true,"href":"https:\/\/nellydevuyst.com\/fr\/wp-json\/wp\/v2\/giftcard-category?post=1812"}],"curies":[{"name":"wp","href":"https:\/\/api.w.org\/{rel}","templated":true}]}}