{"id":18182,"date":"2025-06-30T15:38:28","date_gmt":"2025-06-30T19:38:28","guid":{"rendered":"https:\/\/nellydevuyst.com\/?post_type=product&#038;p=18182"},"modified":"2025-06-30T15:39:24","modified_gmt":"2025-06-30T19:39:24","slug":"pochette-signature-nelly-de-vuyst","status":"publish","type":"product","link":"https:\/\/nellydevuyst.com\/fr\/produit\/pochette-signature-nelly-de-vuyst\/","title":{"rendered":"Pochette Signature Nelly De Vuyst"},"content":{"rendered":"<h2>Pochette Signature Nelly De Vuyst<\/h2>\n<ul>\n<li class=\"bullet-arrow\">Compacte, \u00e9l\u00e9gante et pratique<\/li>\n<li class=\"bullet-arrow\">Id\u00e9ale pour transporter vos indispensables en format voyage<\/li>\n<li class=\"bullet-arrow\">Un indispensable pour transporter vos produits chouchous avec vous<\/li>\n<\/ul>\n<p><strong>Format<\/strong> : 18 x 6.5 x 10cm<\/p>\n","protected":false},"excerpt":{"rendered":"<p>Transportez l\u2019essence du soin professionnel Nelly De Vuyst partout avec vous gr\u00e2ce \u00e0 notre pochette signature rouge, aussi chic que fonctionnelle. Parfaite pour les d\u00e9placements, les escapades de week-end ou simplement pour garder vos essentiels beaut\u00e9 \u00e0 port\u00e9e de main, cette pochette au format id\u00e9al accueille vos produits favoris en format voyage avec style et \u00e9l\u00e9gance.<\/p>\n","protected":false},"featured_media":18181,"comment_status":"open","ping_status":"closed","template":"","meta":[],"product_brand":[],"product_cat":[456,531],"product_tag":[],"giftcard-category":[],"class_list":{"0":"post-18182","1":"product","2":"type-product","3":"status-publish","4":"has-post-thumbnail","6":"product_cat-accessoires","7":"product_cat-formats-voyage","9":"first","10":"instock","11":"taxable","12":"shipping-taxable","13":"purchasable","14":"product-type-simple"},"yoast_head":"<!-- This site is optimized with the Yoast SEO plugin v27.2 - https:\/\/yoast.com\/product\/yoast-seo-wordpress\/ -->\n<title>Pochette Signature Nelly De Vuyst | Nelly De Vuyst\u00ae Skin Care<\/title>\n<meta name=\"description\" content=\"Transportez l\u2019essence du soin professionnel Nelly De Vuyst partout avec vous gr\u00e2ce \u00e0 notre pochette signature rouge, aussi chic que fonctionnelle.\" \/>\n<meta name=\"robots\" content=\"index, follow, max-snippet:-1, max-image-preview:large, max-video-preview:-1\" \/>\n<link rel=\"canonical\" href=\"https:\/\/nellydevuyst.com\/fr\/produit\/pochette-signature-nelly-de-vuyst\/\" \/>\n<meta property=\"og:locale\" content=\"fr_FR\" \/>\n<meta property=\"og:type\" content=\"article\" \/>\n<meta property=\"og:title\" content=\"Pochette Signature Nelly De Vuyst | Nelly De Vuyst\u00ae Skin Care\" \/>\n<meta property=\"og:description\" content=\"Transportez l\u2019essence du soin professionnel Nelly De Vuyst partout avec vous gr\u00e2ce \u00e0 notre pochette signature rouge, aussi chic que fonctionnelle.\" \/>\n<meta property=\"og:url\" content=\"https:\/\/nellydevuyst.com\/fr\/produit\/pochette-signature-nelly-de-vuyst\/\" \/>\n<meta property=\"og:site_name\" content=\"Nelly De Vuyst\u00ae Skin Care\" \/>\n<meta property=\"article:publisher\" content=\"https:\/\/www.facebook.com\/NellyDeVuystSkincare\/\" \/>\n<meta property=\"article:modified_time\" content=\"2025-06-30T19:39:24+00:00\" \/>\n<meta property=\"og:image\" content=\"https:\/\/nellydevuyst.com\/wp-content\/uploads\/2025\/06\/Nelly-De-Vuyst-Signature-Pouch-1.jpg\" \/>\n\t<meta property=\"og:image:width\" content=\"1200\" \/>\n\t<meta property=\"og:image:height\" content=\"1200\" \/>\n\t<meta property=\"og:image:type\" content=\"image\/jpeg\" \/>\n<meta name=\"twitter:card\" content=\"summary_large_image\" \/>\n<script type=\"application\/ld+json\" class=\"yoast-schema-graph\">{\"@context\":\"https:\/\/schema.org\",\"@graph\":[{\"@type\":[\"WebPage\",\"ItemPage\"],\"@id\":\"https:\/\/nellydevuyst.com\/fr\/produit\/pochette-signature-nelly-de-vuyst\/\",\"url\":\"https:\/\/nellydevuyst.com\/fr\/produit\/pochette-signature-nelly-de-vuyst\/\",\"name\":\"Pochette Signature Nelly De Vuyst | Nelly De Vuyst\u00ae Skin Care\",\"isPartOf\":{\"@id\":\"https:\/\/nellydevuyst.com\/fr\/#website\"},\"primaryImageOfPage\":{\"@id\":\"https:\/\/nellydevuyst.com\/fr\/produit\/pochette-signature-nelly-de-vuyst\/#primaryimage\"},\"image\":{\"@id\":\"https:\/\/nellydevuyst.com\/fr\/produit\/pochette-signature-nelly-de-vuyst\/#primaryimage\"},\"thumbnailUrl\":\"https:\/\/nellydevuyst.com\/wp-content\/uploads\/2025\/06\/Nelly-De-Vuyst-Signature-Pouch-1.jpg\",\"datePublished\":\"2025-06-30T19:38:28+00:00\",\"dateModified\":\"2025-06-30T19:39:24+00:00\",\"description\":\"Transportez l\u2019essence du soin professionnel Nelly De Vuyst partout avec vous gr\u00e2ce \u00e0 notre pochette signature rouge, aussi chic que fonctionnelle.\",\"breadcrumb\":{\"@id\":\"https:\/\/nellydevuyst.com\/fr\/produit\/pochette-signature-nelly-de-vuyst\/#breadcrumb\"},\"inLanguage\":\"fr-FR\",\"potentialAction\":[{\"@type\":\"ReadAction\",\"target\":[\"https:\/\/nellydevuyst.com\/fr\/produit\/pochette-signature-nelly-de-vuyst\/\"]}]},{\"@type\":\"ImageObject\",\"inLanguage\":\"fr-FR\",\"@id\":\"https:\/\/nellydevuyst.com\/fr\/produit\/pochette-signature-nelly-de-vuyst\/#primaryimage\",\"url\":\"https:\/\/nellydevuyst.com\/wp-content\/uploads\/2025\/06\/Nelly-De-Vuyst-Signature-Pouch-1.jpg\",\"contentUrl\":\"https:\/\/nellydevuyst.com\/wp-content\/uploads\/2025\/06\/Nelly-De-Vuyst-Signature-Pouch-1.jpg\",\"width\":1200,\"height\":1200,\"caption\":\"Pochette Signature Nelly De Vuyst\"},{\"@type\":\"BreadcrumbList\",\"@id\":\"https:\/\/nellydevuyst.com\/fr\/produit\/pochette-signature-nelly-de-vuyst\/#breadcrumb\",\"itemListElement\":[{\"@type\":\"ListItem\",\"position\":1,\"name\":\"Home\",\"item\":\"https:\/\/nellydevuyst.com\/fr\/\"},{\"@type\":\"ListItem\",\"position\":2,\"name\":\"Boutique\",\"item\":\"https:\/\/nellydevuyst.com\/fr\/boutique\/\"},{\"@type\":\"ListItem\",\"position\":3,\"name\":\"Pochette Signature Nelly De Vuyst\"}]},{\"@type\":\"WebSite\",\"@id\":\"https:\/\/nellydevuyst.com\/fr\/#website\",\"url\":\"https:\/\/nellydevuyst.com\/fr\/\",\"name\":\"Nelly De Vuyst\u00ae Skin Care\",\"description\":\"The Best of Science and Nature\",\"publisher\":{\"@id\":\"https:\/\/nellydevuyst.com\/fr\/#organization\"},\"alternateName\":\"NDV Skin Care\",\"potentialAction\":[{\"@type\":\"SearchAction\",\"target\":{\"@type\":\"EntryPoint\",\"urlTemplate\":\"https:\/\/nellydevuyst.com\/fr\/?s={search_term_string}\"},\"query-input\":{\"@type\":\"PropertyValueSpecification\",\"valueRequired\":true,\"valueName\":\"search_term_string\"}}],\"inLanguage\":\"fr-FR\"},{\"@type\":\"Organization\",\"@id\":\"https:\/\/nellydevuyst.com\/fr\/#organization\",\"name\":\"Nelly De Vuyst Skin Care\",\"alternateName\":\"NDV Skin Care\",\"url\":\"https:\/\/nellydevuyst.com\/fr\/\",\"logo\":{\"@type\":\"ImageObject\",\"inLanguage\":\"fr-FR\",\"@id\":\"https:\/\/nellydevuyst.com\/fr\/#\/schema\/logo\/image\/\",\"url\":\"https:\/\/nellydevuyst.com\/wp-content\/uploads\/2024\/01\/ndv-logo-favico.png\",\"contentUrl\":\"https:\/\/nellydevuyst.com\/wp-content\/uploads\/2024\/01\/ndv-logo-favico.png\",\"width\":512,\"height\":512,\"caption\":\"Nelly De Vuyst Skin Care\"},\"image\":{\"@id\":\"https:\/\/nellydevuyst.com\/fr\/#\/schema\/logo\/image\/\"},\"sameAs\":[\"https:\/\/www.facebook.com\/NellyDeVuystSkincare\/\",\"https:\/\/www.instagram.com\/nelly_devuyst\/\",\"https:\/\/www.youtube.com\/user\/derme8282\",\"https:\/\/www.tiktok.com\/@nellydevuyst\",\"https:\/\/www.pinterest.com.mx\/nellydevuystskincare\/\"]}]}<\/script>\n<!-- \/ Yoast SEO plugin. -->","yoast_head_json":{"title":"Pochette Signature Nelly De Vuyst | Nelly De Vuyst\u00ae Skin Care","description":"Transportez l\u2019essence du soin professionnel Nelly De Vuyst partout avec vous gr\u00e2ce \u00e0 notre pochette signature rouge, aussi chic que fonctionnelle.","robots":{"index":"index","follow":"follow","max-snippet":"max-snippet:-1","max-image-preview":"max-image-preview:large","max-video-preview":"max-video-preview:-1"},"canonical":"https:\/\/nellydevuyst.com\/fr\/produit\/pochette-signature-nelly-de-vuyst\/","og_locale":"fr_FR","og_type":"article","og_title":"Pochette Signature Nelly De Vuyst | Nelly De Vuyst\u00ae Skin Care","og_description":"Transportez l\u2019essence du soin professionnel Nelly De Vuyst partout avec vous gr\u00e2ce \u00e0 notre pochette signature rouge, aussi chic que fonctionnelle.","og_url":"https:\/\/nellydevuyst.com\/fr\/produit\/pochette-signature-nelly-de-vuyst\/","og_site_name":"Nelly De Vuyst\u00ae Skin Care","article_publisher":"https:\/\/www.facebook.com\/NellyDeVuystSkincare\/","article_modified_time":"2025-06-30T19:39:24+00:00","og_image":[{"width":1200,"height":1200,"url":"https:\/\/nellydevuyst.com\/wp-content\/uploads\/2025\/06\/Nelly-De-Vuyst-Signature-Pouch-1.jpg","type":"image\/jpeg"}],"twitter_card":"summary_large_image","schema":{"@context":"https:\/\/schema.org","@graph":[{"@type":["WebPage","ItemPage"],"@id":"https:\/\/nellydevuyst.com\/fr\/produit\/pochette-signature-nelly-de-vuyst\/","url":"https:\/\/nellydevuyst.com\/fr\/produit\/pochette-signature-nelly-de-vuyst\/","name":"Pochette Signature Nelly De Vuyst | Nelly De Vuyst\u00ae Skin Care","isPartOf":{"@id":"https:\/\/nellydevuyst.com\/fr\/#website"},"primaryImageOfPage":{"@id":"https:\/\/nellydevuyst.com\/fr\/produit\/pochette-signature-nelly-de-vuyst\/#primaryimage"},"image":{"@id":"https:\/\/nellydevuyst.com\/fr\/produit\/pochette-signature-nelly-de-vuyst\/#primaryimage"},"thumbnailUrl":"https:\/\/nellydevuyst.com\/wp-content\/uploads\/2025\/06\/Nelly-De-Vuyst-Signature-Pouch-1.jpg","datePublished":"2025-06-30T19:38:28+00:00","dateModified":"2025-06-30T19:39:24+00:00","description":"Transportez l\u2019essence du soin professionnel Nelly De Vuyst partout avec vous gr\u00e2ce \u00e0 notre pochette signature rouge, aussi chic que fonctionnelle.","breadcrumb":{"@id":"https:\/\/nellydevuyst.com\/fr\/produit\/pochette-signature-nelly-de-vuyst\/#breadcrumb"},"inLanguage":"fr-FR","potentialAction":[{"@type":"ReadAction","target":["https:\/\/nellydevuyst.com\/fr\/produit\/pochette-signature-nelly-de-vuyst\/"]}]},{"@type":"ImageObject","inLanguage":"fr-FR","@id":"https:\/\/nellydevuyst.com\/fr\/produit\/pochette-signature-nelly-de-vuyst\/#primaryimage","url":"https:\/\/nellydevuyst.com\/wp-content\/uploads\/2025\/06\/Nelly-De-Vuyst-Signature-Pouch-1.jpg","contentUrl":"https:\/\/nellydevuyst.com\/wp-content\/uploads\/2025\/06\/Nelly-De-Vuyst-Signature-Pouch-1.jpg","width":1200,"height":1200,"caption":"Pochette Signature Nelly De Vuyst"},{"@type":"BreadcrumbList","@id":"https:\/\/nellydevuyst.com\/fr\/produit\/pochette-signature-nelly-de-vuyst\/#breadcrumb","itemListElement":[{"@type":"ListItem","position":1,"name":"Home","item":"https:\/\/nellydevuyst.com\/fr\/"},{"@type":"ListItem","position":2,"name":"Boutique","item":"https:\/\/nellydevuyst.com\/fr\/boutique\/"},{"@type":"ListItem","position":3,"name":"Pochette Signature Nelly De Vuyst"}]},{"@type":"WebSite","@id":"https:\/\/nellydevuyst.com\/fr\/#website","url":"https:\/\/nellydevuyst.com\/fr\/","name":"Nelly De Vuyst\u00ae Skin Care","description":"The Best of Science and Nature","publisher":{"@id":"https:\/\/nellydevuyst.com\/fr\/#organization"},"alternateName":"NDV Skin Care","potentialAction":[{"@type":"SearchAction","target":{"@type":"EntryPoint","urlTemplate":"https:\/\/nellydevuyst.com\/fr\/?s={search_term_string}"},"query-input":{"@type":"PropertyValueSpecification","valueRequired":true,"valueName":"search_term_string"}}],"inLanguage":"fr-FR"},{"@type":"Organization","@id":"https:\/\/nellydevuyst.com\/fr\/#organization","name":"Nelly De Vuyst Skin Care","alternateName":"NDV Skin Care","url":"https:\/\/nellydevuyst.com\/fr\/","logo":{"@type":"ImageObject","inLanguage":"fr-FR","@id":"https:\/\/nellydevuyst.com\/fr\/#\/schema\/logo\/image\/","url":"https:\/\/nellydevuyst.com\/wp-content\/uploads\/2024\/01\/ndv-logo-favico.png","contentUrl":"https:\/\/nellydevuyst.com\/wp-content\/uploads\/2024\/01\/ndv-logo-favico.png","width":512,"height":512,"caption":"Nelly De Vuyst Skin Care"},"image":{"@id":"https:\/\/nellydevuyst.com\/fr\/#\/schema\/logo\/image\/"},"sameAs":["https:\/\/www.facebook.com\/NellyDeVuystSkincare\/","https:\/\/www.instagram.com\/nelly_devuyst\/","https:\/\/www.youtube.com\/user\/derme8282","https:\/\/www.tiktok.com\/@nellydevuyst","https:\/\/www.pinterest.com.mx\/nellydevuystskincare\/"]}]}},"_links":{"self":[{"href":"https:\/\/nellydevuyst.com\/fr\/wp-json\/wp\/v2\/product\/18182","targetHints":{"allow":["GET"]}}],"collection":[{"href":"https:\/\/nellydevuyst.com\/fr\/wp-json\/wp\/v2\/product"}],"about":[{"href":"https:\/\/nellydevuyst.com\/fr\/wp-json\/wp\/v2\/types\/product"}],"replies":[{"embeddable":true,"href":"https:\/\/nellydevuyst.com\/fr\/wp-json\/wp\/v2\/comments?post=18182"}],"wp:featuredmedia":[{"embeddable":true,"href":"https:\/\/nellydevuyst.com\/fr\/wp-json\/wp\/v2\/media\/18181"}],"wp:attachment":[{"href":"https:\/\/nellydevuyst.com\/fr\/wp-json\/wp\/v2\/media?parent=18182"}],"wp:term":[{"taxonomy":"product_brand","embeddable":true,"href":"https:\/\/nellydevuyst.com\/fr\/wp-json\/wp\/v2\/product_brand?post=18182"},{"taxonomy":"product_cat","embeddable":true,"href":"https:\/\/nellydevuyst.com\/fr\/wp-json\/wp\/v2\/product_cat?post=18182"},{"taxonomy":"product_tag","embeddable":true,"href":"https:\/\/nellydevuyst.com\/fr\/wp-json\/wp\/v2\/product_tag?post=18182"},{"taxonomy":"giftcard-category","embeddable":true,"href":"https:\/\/nellydevuyst.com\/fr\/wp-json\/wp\/v2\/giftcard-category?post=18182"}],"curies":[{"name":"wp","href":"https:\/\/api.w.org\/{rel}","templated":true}]}}