{"id":20537,"date":"2026-04-23T14:08:33","date_gmt":"2026-04-23T18:08:33","guid":{"rendered":"https:\/\/nellydevuyst.com\/?post_type=product&#038;p=20537"},"modified":"2026-04-23T14:09:10","modified_gmt":"2026-04-23T18:09:10","slug":"pochette-rituel-elixir-jeunesse","status":"publish","type":"product","link":"https:\/\/nellydevuyst.com\/fr\/produit\/pochette-rituel-elixir-jeunesse\/","title":{"rendered":"Pochette Rituel \u00c9lixir Jeunesse"},"content":{"rendered":"<h2>Pochette Rituel \u00c9lixir Jeunesse<\/h2>\n<p>\u00c0 l\u2019occasion de la F\u00eate des M\u00e8res, offrez un rituel de jeunesse \u00e0 celles qui prennent soin de tout le monde.<\/p>\n<p>D\u00e9couvrez cette pochette pens\u00e9e pour les peaux en qu\u00eate de fermet\u00e9 et de luminosit\u00e9, formul\u00e9e pour lisser, raffermir et redonner de la densit\u00e9 \u00e0 la peau au quotidien.<\/p>\n<p>Un rituel complet qui aide \u00e0 att\u00e9nuer les signes visibles de l\u2019\u00e2ge, \u00e0 am\u00e9liorer l\u2019\u00e9lasticit\u00e9 et \u00e0 soutenir la fermet\u00e9 de la peau. Sa s\u00e9lection de soins agit en synergie pour revitaliser et lisser les traits jour apr\u00e8s jour, tout en respectant l\u2019\u00e9quilibre cutan\u00e9.<\/p>\n<p>Id\u00e9ale pour les peaux matures ou en perte de tonus, cette pochette transforme la routine en un v\u00e9ritable rituel de r\u00e9g\u00e9n\u00e9ration et de confort.<\/p>\n<p><strong>Inclus :<\/strong><\/p>\n<ul>\n<li class=\"bullet-arrow\"><a href=\"https:\/\/nellydevuyst.com\/fr\/produit\/lait-nettoyant-matrix-cellulaire\/\">Lait Nettoyant Matrix-Cellulaire<\/a><\/li>\n<li class=\"bullet-arrow\"><a href=\"https:\/\/nellydevuyst.com\/fr\/produit\/creme-lifting-complex-voyage\/\">Cr\u00e8me Lifting Complex (Voyage)<\/a><\/li>\n<li class=\"bullet-arrow\"><a href=\"https:\/\/nellydevuyst.com\/fr\/produit\/gommage-biotense\/\">Gommage BioTense<\/a><\/li>\n<li class=\"bullet-arrow\"><a href=\"https:\/\/nellydevuyst.com\/fr\/produit\/creme-adn-contour-des-yeux\/\">Cr\u00e8me ADN Contour des Yeux<\/a><\/li>\n<li class=\"bullet-arrow\"><a href=\"https:\/\/nellydevuyst.com\/fr\/produit\/creme-solaire-minerale-fps-30-biosolar\/\">Cr\u00e8me Solaire Min\u00e9rale FPS 30 BioSolar<\/a><\/li>\n<li class=\"bullet-star\"><strong>GRATUIT :<\/strong> <a href=\"https:\/\/nellydevuyst.com\/fr\/produit\/gel-exfoliant-peaux-sensibles-biocalm\/\">Gel Exfoliant Peaux Sensibles BioCalm<\/a>\u00a0| 5 g<\/li>\n<li class=\"bullet-star\"><strong>GRATUIT : <\/strong><a href=\"https:\/\/nellydevuyst.com\/fr\/produit\/creme-complex-biorepair\/\">Cr\u00e8me Complex BioRepair<\/a>\u00a0| 5 g<\/li>\n<li class=\"bullet-star\"><strong>GRATUIT :<\/strong> <a href=\"https:\/\/nellydevuyst.com\/fr\/produit\/lait-nettoyant-hydrocell\/\">Lait Nettoyant Hydrocell<\/a> | 5 ml<\/li>\n<li class=\"bullet-star\"><strong>GRATUIT : <\/strong><a href=\"https:\/\/nellydevuyst.com\/fr\/produit\/creme-matrix-cellulaire\/\">Cr\u00e8me Matrix-Cellulaire<\/a> | 5 g<\/li>\n<li class=\"bullet-star\"><strong>GRATUIT : <\/strong>Pochette<\/li>\n<\/ul>\n","protected":false},"excerpt":{"rendered":"<p>\u00c0 l\u2019occasion de la F\u00eate des M\u00e8res, offrez un moment d\u2019\u00e9clat \u00e0 celles qui prennent soin de tout le monde.<br \/>\nD\u00e9couvrez cette pochette pens\u00e9e pour les peaux en qu\u00eate de fermet\u00e9 et de luminosit\u00e9, formul\u00e9e pour lisser, raffermir et redonner de la densit\u00e9 \u00e0 la peau des mamans au quotidien.<\/p>\n","protected":false},"featured_media":20536,"comment_status":"open","ping_status":"closed","template":"","meta":[],"product_brand":[],"product_cat":[206,529],"product_tag":[],"giftcard-category":[],"class_list":{"0":"post-20537","1":"product","2":"type-product","3":"status-publish","4":"has-post-thumbnail","6":"product_cat-anti-age-ridules","7":"product_cat-offres-speciales-idees-cadeaux","9":"first","10":"instock","11":"sale","12":"featured","13":"taxable","14":"shipping-taxable","15":"purchasable","16":"product-type-simple"},"yoast_head":"<!-- This site is optimized with the Yoast SEO plugin v27.4 - https:\/\/yoast.com\/product\/yoast-seo-wordpress\/ -->\n<title>Pochette Rituel \u00c9lixir Jeunesse | Nelly De Vuyst\u00ae Skin Care<\/title>\n<meta name=\"description\" content=\"D\u00e9couvrez cette pochette pens\u00e9e pour les peaux en qu\u00eate de fermet\u00e9 et de luminosit\u00e9, formul\u00e9e pour lisser, raffermir et redonner de la densit\u00e9 \u00e0 la peau des mamans au quotidien.\" \/>\n<meta name=\"robots\" content=\"index, follow, max-snippet:-1, max-image-preview:large, max-video-preview:-1\" \/>\n<link rel=\"canonical\" href=\"https:\/\/nellydevuyst.com\/fr\/produit\/pochette-rituel-elixir-jeunesse\/\" \/>\n<meta property=\"og:locale\" content=\"fr_FR\" \/>\n<meta property=\"og:type\" content=\"article\" \/>\n<meta property=\"og:title\" content=\"Pochette Rituel \u00c9lixir Jeunesse | Nelly De Vuyst\u00ae Skin Care\" \/>\n<meta property=\"og:description\" content=\"D\u00e9couvrez cette pochette pens\u00e9e pour les peaux en qu\u00eate de fermet\u00e9 et de luminosit\u00e9, formul\u00e9e pour lisser, raffermir et redonner de la densit\u00e9 \u00e0 la peau des mamans au quotidien.\" \/>\n<meta property=\"og:url\" content=\"https:\/\/nellydevuyst.com\/fr\/produit\/pochette-rituel-elixir-jeunesse\/\" \/>\n<meta property=\"og:site_name\" content=\"Nelly De Vuyst\u00ae Skin Care\" \/>\n<meta property=\"article:publisher\" content=\"https:\/\/www.facebook.com\/NellyDeVuystSkincare\/\" \/>\n<meta property=\"article:modified_time\" content=\"2026-04-23T18:09:10+00:00\" \/>\n<meta property=\"og:image\" content=\"https:\/\/nellydevuyst.com\/wp-content\/uploads\/2026\/04\/Youth-Renewal-Ritual.jpg\" \/>\n\t<meta property=\"og:image:width\" content=\"1200\" \/>\n\t<meta property=\"og:image:height\" content=\"1200\" \/>\n\t<meta property=\"og:image:type\" content=\"image\/jpeg\" \/>\n<meta name=\"twitter:card\" content=\"summary_large_image\" \/>\n<script type=\"application\/ld+json\" class=\"yoast-schema-graph\">{\"@context\":\"https:\\\/\\\/schema.org\",\"@graph\":[{\"@type\":[\"WebPage\",\"ItemPage\"],\"@id\":\"https:\\\/\\\/nellydevuyst.com\\\/fr\\\/produit\\\/pochette-rituel-elixir-jeunesse\\\/\",\"url\":\"https:\\\/\\\/nellydevuyst.com\\\/fr\\\/produit\\\/pochette-rituel-elixir-jeunesse\\\/\",\"name\":\"Pochette Rituel \u00c9lixir Jeunesse | Nelly De Vuyst\u00ae Skin Care\",\"isPartOf\":{\"@id\":\"https:\\\/\\\/nellydevuyst.com\\\/fr\\\/#website\"},\"primaryImageOfPage\":{\"@id\":\"https:\\\/\\\/nellydevuyst.com\\\/fr\\\/produit\\\/pochette-rituel-elixir-jeunesse\\\/#primaryimage\"},\"image\":{\"@id\":\"https:\\\/\\\/nellydevuyst.com\\\/fr\\\/produit\\\/pochette-rituel-elixir-jeunesse\\\/#primaryimage\"},\"thumbnailUrl\":\"https:\\\/\\\/nellydevuyst.com\\\/wp-content\\\/uploads\\\/2026\\\/04\\\/Youth-Renewal-Ritual.jpg\",\"datePublished\":\"2026-04-23T18:08:33+00:00\",\"dateModified\":\"2026-04-23T18:09:10+00:00\",\"description\":\"D\u00e9couvrez cette pochette pens\u00e9e pour les peaux en qu\u00eate de fermet\u00e9 et de luminosit\u00e9, formul\u00e9e pour lisser, raffermir et redonner de la densit\u00e9 \u00e0 la peau des mamans au quotidien.\",\"breadcrumb\":{\"@id\":\"https:\\\/\\\/nellydevuyst.com\\\/fr\\\/produit\\\/pochette-rituel-elixir-jeunesse\\\/#breadcrumb\"},\"inLanguage\":\"fr-FR\",\"potentialAction\":[{\"@type\":\"ReadAction\",\"target\":[\"https:\\\/\\\/nellydevuyst.com\\\/fr\\\/produit\\\/pochette-rituel-elixir-jeunesse\\\/\"]}]},{\"@type\":\"ImageObject\",\"inLanguage\":\"fr-FR\",\"@id\":\"https:\\\/\\\/nellydevuyst.com\\\/fr\\\/produit\\\/pochette-rituel-elixir-jeunesse\\\/#primaryimage\",\"url\":\"https:\\\/\\\/nellydevuyst.com\\\/wp-content\\\/uploads\\\/2026\\\/04\\\/Youth-Renewal-Ritual.jpg\",\"contentUrl\":\"https:\\\/\\\/nellydevuyst.com\\\/wp-content\\\/uploads\\\/2026\\\/04\\\/Youth-Renewal-Ritual.jpg\",\"width\":1200,\"height\":1200,\"caption\":\"Pochette Rituel \u00c9lixir Jeunesse\"},{\"@type\":\"BreadcrumbList\",\"@id\":\"https:\\\/\\\/nellydevuyst.com\\\/fr\\\/produit\\\/pochette-rituel-elixir-jeunesse\\\/#breadcrumb\",\"itemListElement\":[{\"@type\":\"ListItem\",\"position\":1,\"name\":\"Home\",\"item\":\"https:\\\/\\\/nellydevuyst.com\\\/fr\\\/\"},{\"@type\":\"ListItem\",\"position\":2,\"name\":\"Boutique\",\"item\":\"https:\\\/\\\/nellydevuyst.com\\\/fr\\\/boutique\\\/\"},{\"@type\":\"ListItem\",\"position\":3,\"name\":\"Pochette Rituel \u00c9lixir Jeunesse\"}]},{\"@type\":\"WebSite\",\"@id\":\"https:\\\/\\\/nellydevuyst.com\\\/fr\\\/#website\",\"url\":\"https:\\\/\\\/nellydevuyst.com\\\/fr\\\/\",\"name\":\"Nelly De Vuyst\u00ae Skin Care\",\"description\":\"The Best of Science and Nature\",\"publisher\":{\"@id\":\"https:\\\/\\\/nellydevuyst.com\\\/fr\\\/#organization\"},\"alternateName\":\"NDV Skin Care\",\"potentialAction\":[{\"@type\":\"SearchAction\",\"target\":{\"@type\":\"EntryPoint\",\"urlTemplate\":\"https:\\\/\\\/nellydevuyst.com\\\/fr\\\/?s={search_term_string}\"},\"query-input\":{\"@type\":\"PropertyValueSpecification\",\"valueRequired\":true,\"valueName\":\"search_term_string\"}}],\"inLanguage\":\"fr-FR\"},{\"@type\":\"Organization\",\"@id\":\"https:\\\/\\\/nellydevuyst.com\\\/fr\\\/#organization\",\"name\":\"Nelly De Vuyst Skin Care\",\"alternateName\":\"NDV Skin Care\",\"url\":\"https:\\\/\\\/nellydevuyst.com\\\/fr\\\/\",\"logo\":{\"@type\":\"ImageObject\",\"inLanguage\":\"fr-FR\",\"@id\":\"https:\\\/\\\/nellydevuyst.com\\\/fr\\\/#\\\/schema\\\/logo\\\/image\\\/\",\"url\":\"https:\\\/\\\/nellydevuyst.com\\\/wp-content\\\/uploads\\\/2024\\\/01\\\/ndv-logo-favico.png\",\"contentUrl\":\"https:\\\/\\\/nellydevuyst.com\\\/wp-content\\\/uploads\\\/2024\\\/01\\\/ndv-logo-favico.png\",\"width\":512,\"height\":512,\"caption\":\"Nelly De Vuyst Skin Care\"},\"image\":{\"@id\":\"https:\\\/\\\/nellydevuyst.com\\\/fr\\\/#\\\/schema\\\/logo\\\/image\\\/\"},\"sameAs\":[\"https:\\\/\\\/www.facebook.com\\\/NellyDeVuystSkincare\\\/\",\"https:\\\/\\\/www.instagram.com\\\/nelly_devuyst\\\/\",\"https:\\\/\\\/www.youtube.com\\\/user\\\/derme8282\",\"https:\\\/\\\/www.tiktok.com\\\/@nellydevuyst\",\"https:\\\/\\\/www.pinterest.com.mx\\\/nellydevuystskincare\\\/\"]}]}<\/script>\n<!-- \/ Yoast SEO plugin. -->","yoast_head_json":{"title":"Pochette Rituel \u00c9lixir Jeunesse | Nelly De Vuyst\u00ae Skin Care","description":"D\u00e9couvrez cette pochette pens\u00e9e pour les peaux en qu\u00eate de fermet\u00e9 et de luminosit\u00e9, formul\u00e9e pour lisser, raffermir et redonner de la densit\u00e9 \u00e0 la peau des mamans au quotidien.","robots":{"index":"index","follow":"follow","max-snippet":"max-snippet:-1","max-image-preview":"max-image-preview:large","max-video-preview":"max-video-preview:-1"},"canonical":"https:\/\/nellydevuyst.com\/fr\/produit\/pochette-rituel-elixir-jeunesse\/","og_locale":"fr_FR","og_type":"article","og_title":"Pochette Rituel \u00c9lixir Jeunesse | Nelly De Vuyst\u00ae Skin Care","og_description":"D\u00e9couvrez cette pochette pens\u00e9e pour les peaux en qu\u00eate de fermet\u00e9 et de luminosit\u00e9, formul\u00e9e pour lisser, raffermir et redonner de la densit\u00e9 \u00e0 la peau des mamans au quotidien.","og_url":"https:\/\/nellydevuyst.com\/fr\/produit\/pochette-rituel-elixir-jeunesse\/","og_site_name":"Nelly De Vuyst\u00ae Skin Care","article_publisher":"https:\/\/www.facebook.com\/NellyDeVuystSkincare\/","article_modified_time":"2026-04-23T18:09:10+00:00","og_image":[{"width":1200,"height":1200,"url":"https:\/\/nellydevuyst.com\/wp-content\/uploads\/2026\/04\/Youth-Renewal-Ritual.jpg","type":"image\/jpeg"}],"twitter_card":"summary_large_image","schema":{"@context":"https:\/\/schema.org","@graph":[{"@type":["WebPage","ItemPage"],"@id":"https:\/\/nellydevuyst.com\/fr\/produit\/pochette-rituel-elixir-jeunesse\/","url":"https:\/\/nellydevuyst.com\/fr\/produit\/pochette-rituel-elixir-jeunesse\/","name":"Pochette Rituel \u00c9lixir Jeunesse | Nelly De Vuyst\u00ae Skin Care","isPartOf":{"@id":"https:\/\/nellydevuyst.com\/fr\/#website"},"primaryImageOfPage":{"@id":"https:\/\/nellydevuyst.com\/fr\/produit\/pochette-rituel-elixir-jeunesse\/#primaryimage"},"image":{"@id":"https:\/\/nellydevuyst.com\/fr\/produit\/pochette-rituel-elixir-jeunesse\/#primaryimage"},"thumbnailUrl":"https:\/\/nellydevuyst.com\/wp-content\/uploads\/2026\/04\/Youth-Renewal-Ritual.jpg","datePublished":"2026-04-23T18:08:33+00:00","dateModified":"2026-04-23T18:09:10+00:00","description":"D\u00e9couvrez cette pochette pens\u00e9e pour les peaux en qu\u00eate de fermet\u00e9 et de luminosit\u00e9, formul\u00e9e pour lisser, raffermir et redonner de la densit\u00e9 \u00e0 la peau des mamans au quotidien.","breadcrumb":{"@id":"https:\/\/nellydevuyst.com\/fr\/produit\/pochette-rituel-elixir-jeunesse\/#breadcrumb"},"inLanguage":"fr-FR","potentialAction":[{"@type":"ReadAction","target":["https:\/\/nellydevuyst.com\/fr\/produit\/pochette-rituel-elixir-jeunesse\/"]}]},{"@type":"ImageObject","inLanguage":"fr-FR","@id":"https:\/\/nellydevuyst.com\/fr\/produit\/pochette-rituel-elixir-jeunesse\/#primaryimage","url":"https:\/\/nellydevuyst.com\/wp-content\/uploads\/2026\/04\/Youth-Renewal-Ritual.jpg","contentUrl":"https:\/\/nellydevuyst.com\/wp-content\/uploads\/2026\/04\/Youth-Renewal-Ritual.jpg","width":1200,"height":1200,"caption":"Pochette Rituel \u00c9lixir Jeunesse"},{"@type":"BreadcrumbList","@id":"https:\/\/nellydevuyst.com\/fr\/produit\/pochette-rituel-elixir-jeunesse\/#breadcrumb","itemListElement":[{"@type":"ListItem","position":1,"name":"Home","item":"https:\/\/nellydevuyst.com\/fr\/"},{"@type":"ListItem","position":2,"name":"Boutique","item":"https:\/\/nellydevuyst.com\/fr\/boutique\/"},{"@type":"ListItem","position":3,"name":"Pochette Rituel \u00c9lixir Jeunesse"}]},{"@type":"WebSite","@id":"https:\/\/nellydevuyst.com\/fr\/#website","url":"https:\/\/nellydevuyst.com\/fr\/","name":"Nelly De Vuyst\u00ae Skin Care","description":"The Best of Science and Nature","publisher":{"@id":"https:\/\/nellydevuyst.com\/fr\/#organization"},"alternateName":"NDV Skin Care","potentialAction":[{"@type":"SearchAction","target":{"@type":"EntryPoint","urlTemplate":"https:\/\/nellydevuyst.com\/fr\/?s={search_term_string}"},"query-input":{"@type":"PropertyValueSpecification","valueRequired":true,"valueName":"search_term_string"}}],"inLanguage":"fr-FR"},{"@type":"Organization","@id":"https:\/\/nellydevuyst.com\/fr\/#organization","name":"Nelly De Vuyst Skin Care","alternateName":"NDV Skin Care","url":"https:\/\/nellydevuyst.com\/fr\/","logo":{"@type":"ImageObject","inLanguage":"fr-FR","@id":"https:\/\/nellydevuyst.com\/fr\/#\/schema\/logo\/image\/","url":"https:\/\/nellydevuyst.com\/wp-content\/uploads\/2024\/01\/ndv-logo-favico.png","contentUrl":"https:\/\/nellydevuyst.com\/wp-content\/uploads\/2024\/01\/ndv-logo-favico.png","width":512,"height":512,"caption":"Nelly De Vuyst Skin Care"},"image":{"@id":"https:\/\/nellydevuyst.com\/fr\/#\/schema\/logo\/image\/"},"sameAs":["https:\/\/www.facebook.com\/NellyDeVuystSkincare\/","https:\/\/www.instagram.com\/nelly_devuyst\/","https:\/\/www.youtube.com\/user\/derme8282","https:\/\/www.tiktok.com\/@nellydevuyst","https:\/\/www.pinterest.com.mx\/nellydevuystskincare\/"]}]}},"_links":{"self":[{"href":"https:\/\/nellydevuyst.com\/fr\/wp-json\/wp\/v2\/product\/20537","targetHints":{"allow":["GET"]}}],"collection":[{"href":"https:\/\/nellydevuyst.com\/fr\/wp-json\/wp\/v2\/product"}],"about":[{"href":"https:\/\/nellydevuyst.com\/fr\/wp-json\/wp\/v2\/types\/product"}],"replies":[{"embeddable":true,"href":"https:\/\/nellydevuyst.com\/fr\/wp-json\/wp\/v2\/comments?post=20537"}],"wp:featuredmedia":[{"embeddable":true,"href":"https:\/\/nellydevuyst.com\/fr\/wp-json\/wp\/v2\/media\/20536"}],"wp:attachment":[{"href":"https:\/\/nellydevuyst.com\/fr\/wp-json\/wp\/v2\/media?parent=20537"}],"wp:term":[{"taxonomy":"product_brand","embeddable":true,"href":"https:\/\/nellydevuyst.com\/fr\/wp-json\/wp\/v2\/product_brand?post=20537"},{"taxonomy":"product_cat","embeddable":true,"href":"https:\/\/nellydevuyst.com\/fr\/wp-json\/wp\/v2\/product_cat?post=20537"},{"taxonomy":"product_tag","embeddable":true,"href":"https:\/\/nellydevuyst.com\/fr\/wp-json\/wp\/v2\/product_tag?post=20537"},{"taxonomy":"giftcard-category","embeddable":true,"href":"https:\/\/nellydevuyst.com\/fr\/wp-json\/wp\/v2\/giftcard-category?post=20537"}],"curies":[{"name":"wp","href":"https:\/\/api.w.org\/{rel}","templated":true}]}}