{"id":20541,"date":"2026-04-23T14:08:33","date_gmt":"2026-04-23T18:08:33","guid":{"rendered":"https:\/\/nellydevuyst.com\/?post_type=product&#038;p=20541"},"modified":"2026-04-23T14:09:11","modified_gmt":"2026-04-23T18:09:11","slug":"pochette-rituel-apaisant","status":"publish","type":"product","link":"https:\/\/nellydevuyst.com\/fr\/produit\/pochette-rituel-apaisant\/","title":{"rendered":"Pochette Rituel Apaisant"},"content":{"rendered":"<h2>Pochette Rituel Apaisant<\/h2>\n<p>\u00c0 l\u2019occasion de la F\u00eate des M\u00e8res, offrez un moment de bien-\u00eatre \u00e0 celles qui prennent soin de tout le monde.<\/p>\n<p>D\u00e9couvrez cette pochette pens\u00e9e pour le corps, formul\u00e9e pour apaiser, nourrir intens\u00e9ment la peau et lui redonner souplesse, confort et bien-\u00eatre au quotidien.<\/p>\n<p>Parce que prendre soin de son corps est tout aussi essentiel, ce rituel aide \u00e0 soulager les sensations de tiraillement, \u00e0 hydrater en profondeur et \u00e0 restaurer le confort cutan\u00e9. Chaque soin a \u00e9t\u00e9 s\u00e9lectionn\u00e9 pour envelopper la peau d\u2019une sensation de douceur durable.<\/p>\n<p>Id\u00e9ale pour les peaux s\u00e8ches ou en manque de confort, cette pochette transforme la routine en un v\u00e9ritable moment de pause et de r\u00e9confort.<\/p>\n<p><strong>Inclus :<\/strong><\/p>\n<ul>\n<li class=\"bullet-arrow\"><a href=\"https:\/\/nellydevuyst.com\/fr\/produit\/bain-relaxant-hydra-contour\/\">Bain Relaxant Hydra Contour<\/a><\/li>\n<li class=\"bullet-arrow\"><a href=\"https:\/\/nellydevuyst.com\/fr\/produit\/creme-a-mains-hydra-contour\/\">Cr\u00e8me \u00c0 Mains Hydra Contour<\/a> | 70 g<\/li>\n<li class=\"bullet-arrow\"><a href=\"https:\/\/nellydevuyst.com\/fr\/produit\/lotion-corps-ndv-hydra-contour\/\">Lotion Corps NDV Hydra Contour<\/a><\/li>\n<li class=\"bullet-arrow\"><a href=\"https:\/\/nellydevuyst.com\/fr\/produit\/brosse-pour-le-corps-ndv\/\">Brosse Pour Le Corps<\/a><\/li>\n<li class=\"bullet-star\"><strong>GRATUIT :<\/strong> Pochette<\/li>\n<\/ul>\n","protected":false},"excerpt":{"rendered":"<p>\u00c0 l\u2019occasion de la F\u00eate des M\u00e8res, offrez un moment de douceur \u00e0 celles qui prennent soin de tout le monde.<br \/>\nD\u00e9couvrez cette pochette pens\u00e9e pour le corps, formul\u00e9e pour apaiser, nourrir intens\u00e9ment la peau et lui redonner souplesse, confort et bien-\u00eatre au quotidien.<\/p>\n","protected":false},"featured_media":20540,"comment_status":"open","ping_status":"closed","template":"","meta":[],"product_brand":[],"product_cat":[529,193],"product_tag":[],"giftcard-category":[],"class_list":{"0":"post-20541","1":"product","2":"type-product","3":"status-publish","4":"has-post-thumbnail","6":"product_cat-offres-speciales-idees-cadeaux","7":"product_cat-soins-corporels","9":"first","10":"instock","11":"sale","12":"featured","13":"taxable","14":"shipping-taxable","15":"purchasable","16":"product-type-simple"},"yoast_head":"<!-- This site is optimized with the Yoast SEO plugin v27.4 - https:\/\/yoast.com\/product\/yoast-seo-wordpress\/ -->\n<title>Pochette Rituel Apaisant | Nelly De Vuyst\u00ae Skin Care<\/title>\n<meta name=\"description\" content=\"D\u00e9couvrez cette pochette pens\u00e9e pour le corps, formul\u00e9e pour apaiser, nourrir intens\u00e9ment la peau et lui redonner souplesse, confort et bien-\u00eatre au quotidien.\" \/>\n<meta name=\"robots\" content=\"index, follow, max-snippet:-1, max-image-preview:large, max-video-preview:-1\" \/>\n<link rel=\"canonical\" href=\"https:\/\/nellydevuyst.com\/fr\/produit\/pochette-rituel-apaisant\/\" \/>\n<meta property=\"og:locale\" content=\"fr_FR\" \/>\n<meta property=\"og:type\" content=\"article\" \/>\n<meta property=\"og:title\" content=\"Pochette Rituel Apaisant | Nelly De Vuyst\u00ae Skin Care\" \/>\n<meta property=\"og:description\" content=\"D\u00e9couvrez cette pochette pens\u00e9e pour le corps, formul\u00e9e pour apaiser, nourrir intens\u00e9ment la peau et lui redonner souplesse, confort et bien-\u00eatre au quotidien.\" \/>\n<meta property=\"og:url\" content=\"https:\/\/nellydevuyst.com\/fr\/produit\/pochette-rituel-apaisant\/\" \/>\n<meta property=\"og:site_name\" content=\"Nelly De Vuyst\u00ae Skin Care\" \/>\n<meta property=\"article:publisher\" content=\"https:\/\/www.facebook.com\/NellyDeVuystSkincare\/\" \/>\n<meta property=\"article:modified_time\" content=\"2026-04-23T18:09:11+00:00\" \/>\n<meta property=\"og:image\" content=\"https:\/\/nellydevuyst.com\/wp-content\/uploads\/2026\/04\/Nourishing-Body-Ritual.jpg\" \/>\n\t<meta property=\"og:image:width\" content=\"1200\" \/>\n\t<meta property=\"og:image:height\" content=\"1200\" \/>\n\t<meta property=\"og:image:type\" content=\"image\/jpeg\" \/>\n<meta name=\"twitter:card\" content=\"summary_large_image\" \/>\n<script type=\"application\/ld+json\" class=\"yoast-schema-graph\">{\"@context\":\"https:\\\/\\\/schema.org\",\"@graph\":[{\"@type\":[\"WebPage\",\"ItemPage\"],\"@id\":\"https:\\\/\\\/nellydevuyst.com\\\/fr\\\/produit\\\/pochette-rituel-apaisant\\\/\",\"url\":\"https:\\\/\\\/nellydevuyst.com\\\/fr\\\/produit\\\/pochette-rituel-apaisant\\\/\",\"name\":\"Pochette Rituel Apaisant | Nelly De Vuyst\u00ae Skin Care\",\"isPartOf\":{\"@id\":\"https:\\\/\\\/nellydevuyst.com\\\/fr\\\/#website\"},\"primaryImageOfPage\":{\"@id\":\"https:\\\/\\\/nellydevuyst.com\\\/fr\\\/produit\\\/pochette-rituel-apaisant\\\/#primaryimage\"},\"image\":{\"@id\":\"https:\\\/\\\/nellydevuyst.com\\\/fr\\\/produit\\\/pochette-rituel-apaisant\\\/#primaryimage\"},\"thumbnailUrl\":\"https:\\\/\\\/nellydevuyst.com\\\/wp-content\\\/uploads\\\/2026\\\/04\\\/Nourishing-Body-Ritual.jpg\",\"datePublished\":\"2026-04-23T18:08:33+00:00\",\"dateModified\":\"2026-04-23T18:09:11+00:00\",\"description\":\"D\u00e9couvrez cette pochette pens\u00e9e pour le corps, formul\u00e9e pour apaiser, nourrir intens\u00e9ment la peau et lui redonner souplesse, confort et bien-\u00eatre au quotidien.\",\"breadcrumb\":{\"@id\":\"https:\\\/\\\/nellydevuyst.com\\\/fr\\\/produit\\\/pochette-rituel-apaisant\\\/#breadcrumb\"},\"inLanguage\":\"fr-FR\",\"potentialAction\":[{\"@type\":\"ReadAction\",\"target\":[\"https:\\\/\\\/nellydevuyst.com\\\/fr\\\/produit\\\/pochette-rituel-apaisant\\\/\"]}]},{\"@type\":\"ImageObject\",\"inLanguage\":\"fr-FR\",\"@id\":\"https:\\\/\\\/nellydevuyst.com\\\/fr\\\/produit\\\/pochette-rituel-apaisant\\\/#primaryimage\",\"url\":\"https:\\\/\\\/nellydevuyst.com\\\/wp-content\\\/uploads\\\/2026\\\/04\\\/Nourishing-Body-Ritual.jpg\",\"contentUrl\":\"https:\\\/\\\/nellydevuyst.com\\\/wp-content\\\/uploads\\\/2026\\\/04\\\/Nourishing-Body-Ritual.jpg\",\"width\":1200,\"height\":1200,\"caption\":\"Pochette Rituel Apaisant\"},{\"@type\":\"BreadcrumbList\",\"@id\":\"https:\\\/\\\/nellydevuyst.com\\\/fr\\\/produit\\\/pochette-rituel-apaisant\\\/#breadcrumb\",\"itemListElement\":[{\"@type\":\"ListItem\",\"position\":1,\"name\":\"Home\",\"item\":\"https:\\\/\\\/nellydevuyst.com\\\/fr\\\/\"},{\"@type\":\"ListItem\",\"position\":2,\"name\":\"Boutique\",\"item\":\"https:\\\/\\\/nellydevuyst.com\\\/fr\\\/boutique\\\/\"},{\"@type\":\"ListItem\",\"position\":3,\"name\":\"Pochette Rituel Apaisant\"}]},{\"@type\":\"WebSite\",\"@id\":\"https:\\\/\\\/nellydevuyst.com\\\/fr\\\/#website\",\"url\":\"https:\\\/\\\/nellydevuyst.com\\\/fr\\\/\",\"name\":\"Nelly De Vuyst\u00ae Skin Care\",\"description\":\"The Best of Science and Nature\",\"publisher\":{\"@id\":\"https:\\\/\\\/nellydevuyst.com\\\/fr\\\/#organization\"},\"alternateName\":\"NDV Skin Care\",\"potentialAction\":[{\"@type\":\"SearchAction\",\"target\":{\"@type\":\"EntryPoint\",\"urlTemplate\":\"https:\\\/\\\/nellydevuyst.com\\\/fr\\\/?s={search_term_string}\"},\"query-input\":{\"@type\":\"PropertyValueSpecification\",\"valueRequired\":true,\"valueName\":\"search_term_string\"}}],\"inLanguage\":\"fr-FR\"},{\"@type\":\"Organization\",\"@id\":\"https:\\\/\\\/nellydevuyst.com\\\/fr\\\/#organization\",\"name\":\"Nelly De Vuyst Skin Care\",\"alternateName\":\"NDV Skin Care\",\"url\":\"https:\\\/\\\/nellydevuyst.com\\\/fr\\\/\",\"logo\":{\"@type\":\"ImageObject\",\"inLanguage\":\"fr-FR\",\"@id\":\"https:\\\/\\\/nellydevuyst.com\\\/fr\\\/#\\\/schema\\\/logo\\\/image\\\/\",\"url\":\"https:\\\/\\\/nellydevuyst.com\\\/wp-content\\\/uploads\\\/2024\\\/01\\\/ndv-logo-favico.png\",\"contentUrl\":\"https:\\\/\\\/nellydevuyst.com\\\/wp-content\\\/uploads\\\/2024\\\/01\\\/ndv-logo-favico.png\",\"width\":512,\"height\":512,\"caption\":\"Nelly De Vuyst Skin Care\"},\"image\":{\"@id\":\"https:\\\/\\\/nellydevuyst.com\\\/fr\\\/#\\\/schema\\\/logo\\\/image\\\/\"},\"sameAs\":[\"https:\\\/\\\/www.facebook.com\\\/NellyDeVuystSkincare\\\/\",\"https:\\\/\\\/www.instagram.com\\\/nelly_devuyst\\\/\",\"https:\\\/\\\/www.youtube.com\\\/user\\\/derme8282\",\"https:\\\/\\\/www.tiktok.com\\\/@nellydevuyst\",\"https:\\\/\\\/www.pinterest.com.mx\\\/nellydevuystskincare\\\/\"]}]}<\/script>\n<!-- \/ Yoast SEO plugin. -->","yoast_head_json":{"title":"Pochette Rituel Apaisant | Nelly De Vuyst\u00ae Skin Care","description":"D\u00e9couvrez cette pochette pens\u00e9e pour le corps, formul\u00e9e pour apaiser, nourrir intens\u00e9ment la peau et lui redonner souplesse, confort et bien-\u00eatre au quotidien.","robots":{"index":"index","follow":"follow","max-snippet":"max-snippet:-1","max-image-preview":"max-image-preview:large","max-video-preview":"max-video-preview:-1"},"canonical":"https:\/\/nellydevuyst.com\/fr\/produit\/pochette-rituel-apaisant\/","og_locale":"fr_FR","og_type":"article","og_title":"Pochette Rituel Apaisant | Nelly De Vuyst\u00ae Skin Care","og_description":"D\u00e9couvrez cette pochette pens\u00e9e pour le corps, formul\u00e9e pour apaiser, nourrir intens\u00e9ment la peau et lui redonner souplesse, confort et bien-\u00eatre au quotidien.","og_url":"https:\/\/nellydevuyst.com\/fr\/produit\/pochette-rituel-apaisant\/","og_site_name":"Nelly De Vuyst\u00ae Skin Care","article_publisher":"https:\/\/www.facebook.com\/NellyDeVuystSkincare\/","article_modified_time":"2026-04-23T18:09:11+00:00","og_image":[{"width":1200,"height":1200,"url":"https:\/\/nellydevuyst.com\/wp-content\/uploads\/2026\/04\/Nourishing-Body-Ritual.jpg","type":"image\/jpeg"}],"twitter_card":"summary_large_image","schema":{"@context":"https:\/\/schema.org","@graph":[{"@type":["WebPage","ItemPage"],"@id":"https:\/\/nellydevuyst.com\/fr\/produit\/pochette-rituel-apaisant\/","url":"https:\/\/nellydevuyst.com\/fr\/produit\/pochette-rituel-apaisant\/","name":"Pochette Rituel Apaisant | Nelly De Vuyst\u00ae Skin Care","isPartOf":{"@id":"https:\/\/nellydevuyst.com\/fr\/#website"},"primaryImageOfPage":{"@id":"https:\/\/nellydevuyst.com\/fr\/produit\/pochette-rituel-apaisant\/#primaryimage"},"image":{"@id":"https:\/\/nellydevuyst.com\/fr\/produit\/pochette-rituel-apaisant\/#primaryimage"},"thumbnailUrl":"https:\/\/nellydevuyst.com\/wp-content\/uploads\/2026\/04\/Nourishing-Body-Ritual.jpg","datePublished":"2026-04-23T18:08:33+00:00","dateModified":"2026-04-23T18:09:11+00:00","description":"D\u00e9couvrez cette pochette pens\u00e9e pour le corps, formul\u00e9e pour apaiser, nourrir intens\u00e9ment la peau et lui redonner souplesse, confort et bien-\u00eatre au quotidien.","breadcrumb":{"@id":"https:\/\/nellydevuyst.com\/fr\/produit\/pochette-rituel-apaisant\/#breadcrumb"},"inLanguage":"fr-FR","potentialAction":[{"@type":"ReadAction","target":["https:\/\/nellydevuyst.com\/fr\/produit\/pochette-rituel-apaisant\/"]}]},{"@type":"ImageObject","inLanguage":"fr-FR","@id":"https:\/\/nellydevuyst.com\/fr\/produit\/pochette-rituel-apaisant\/#primaryimage","url":"https:\/\/nellydevuyst.com\/wp-content\/uploads\/2026\/04\/Nourishing-Body-Ritual.jpg","contentUrl":"https:\/\/nellydevuyst.com\/wp-content\/uploads\/2026\/04\/Nourishing-Body-Ritual.jpg","width":1200,"height":1200,"caption":"Pochette Rituel Apaisant"},{"@type":"BreadcrumbList","@id":"https:\/\/nellydevuyst.com\/fr\/produit\/pochette-rituel-apaisant\/#breadcrumb","itemListElement":[{"@type":"ListItem","position":1,"name":"Home","item":"https:\/\/nellydevuyst.com\/fr\/"},{"@type":"ListItem","position":2,"name":"Boutique","item":"https:\/\/nellydevuyst.com\/fr\/boutique\/"},{"@type":"ListItem","position":3,"name":"Pochette Rituel Apaisant"}]},{"@type":"WebSite","@id":"https:\/\/nellydevuyst.com\/fr\/#website","url":"https:\/\/nellydevuyst.com\/fr\/","name":"Nelly De Vuyst\u00ae Skin Care","description":"The Best of Science and Nature","publisher":{"@id":"https:\/\/nellydevuyst.com\/fr\/#organization"},"alternateName":"NDV Skin Care","potentialAction":[{"@type":"SearchAction","target":{"@type":"EntryPoint","urlTemplate":"https:\/\/nellydevuyst.com\/fr\/?s={search_term_string}"},"query-input":{"@type":"PropertyValueSpecification","valueRequired":true,"valueName":"search_term_string"}}],"inLanguage":"fr-FR"},{"@type":"Organization","@id":"https:\/\/nellydevuyst.com\/fr\/#organization","name":"Nelly De Vuyst Skin Care","alternateName":"NDV Skin Care","url":"https:\/\/nellydevuyst.com\/fr\/","logo":{"@type":"ImageObject","inLanguage":"fr-FR","@id":"https:\/\/nellydevuyst.com\/fr\/#\/schema\/logo\/image\/","url":"https:\/\/nellydevuyst.com\/wp-content\/uploads\/2024\/01\/ndv-logo-favico.png","contentUrl":"https:\/\/nellydevuyst.com\/wp-content\/uploads\/2024\/01\/ndv-logo-favico.png","width":512,"height":512,"caption":"Nelly De Vuyst Skin Care"},"image":{"@id":"https:\/\/nellydevuyst.com\/fr\/#\/schema\/logo\/image\/"},"sameAs":["https:\/\/www.facebook.com\/NellyDeVuystSkincare\/","https:\/\/www.instagram.com\/nelly_devuyst\/","https:\/\/www.youtube.com\/user\/derme8282","https:\/\/www.tiktok.com\/@nellydevuyst","https:\/\/www.pinterest.com.mx\/nellydevuystskincare\/"]}]}},"_links":{"self":[{"href":"https:\/\/nellydevuyst.com\/fr\/wp-json\/wp\/v2\/product\/20541","targetHints":{"allow":["GET"]}}],"collection":[{"href":"https:\/\/nellydevuyst.com\/fr\/wp-json\/wp\/v2\/product"}],"about":[{"href":"https:\/\/nellydevuyst.com\/fr\/wp-json\/wp\/v2\/types\/product"}],"replies":[{"embeddable":true,"href":"https:\/\/nellydevuyst.com\/fr\/wp-json\/wp\/v2\/comments?post=20541"}],"wp:featuredmedia":[{"embeddable":true,"href":"https:\/\/nellydevuyst.com\/fr\/wp-json\/wp\/v2\/media\/20540"}],"wp:attachment":[{"href":"https:\/\/nellydevuyst.com\/fr\/wp-json\/wp\/v2\/media?parent=20541"}],"wp:term":[{"taxonomy":"product_brand","embeddable":true,"href":"https:\/\/nellydevuyst.com\/fr\/wp-json\/wp\/v2\/product_brand?post=20541"},{"taxonomy":"product_cat","embeddable":true,"href":"https:\/\/nellydevuyst.com\/fr\/wp-json\/wp\/v2\/product_cat?post=20541"},{"taxonomy":"product_tag","embeddable":true,"href":"https:\/\/nellydevuyst.com\/fr\/wp-json\/wp\/v2\/product_tag?post=20541"},{"taxonomy":"giftcard-category","embeddable":true,"href":"https:\/\/nellydevuyst.com\/fr\/wp-json\/wp\/v2\/giftcard-category?post=20541"}],"curies":[{"name":"wp","href":"https:\/\/api.w.org\/{rel}","templated":true}]}}