{"id":2312,"date":"2020-01-27T15:55:29","date_gmt":"2020-01-27T20:55:29","guid":{"rendered":"https:\/\/nellydevuyst.com\/product\/lifting-peptides-serum\/"},"modified":"2026-03-03T19:10:57","modified_gmt":"2026-03-04T00:10:57","slug":"serum-peptides-lifting-complex","status":"publish","type":"product","link":"https:\/\/nellydevuyst.com\/fr\/produit\/serum-peptides-lifting-complex\/","title":{"rendered":"S\u00e9rum Peptides Lifting Complex"},"content":{"rendered":"<h2 class=\"uppercase\">Une fusion de composants innovants adapt\u00e9s \u00e0 votre peau m\u00fbre<\/h2>\n<p>Notre s\u00e9rum densifiant et raffermissant est \u00e0 la pointe de l&rsquo;innovation en mati\u00e8re de soins de la peau, combinant les propri\u00e9t\u00e9s transformatrices des peptides, du collag\u00e8ne, de l&rsquo;acide hyaluronique et de la vitamine C. Chaque composant est choisi pour son r\u00f4le distinct dans la promotion de la sant\u00e9 de la peau et la lutte contre les signes visibles du vieillissement. Les peptides agissent avec diligence pour encourager le renouvellement de la peau, tandis que le collag\u00e8ne apporte \u00e0 la peau des prot\u00e9ines structurelles essentielles, am\u00e9liorant ainsi sa fermet\u00e9 et son \u00e9lasticit\u00e9. Simultan\u00e9ment, l&rsquo;acide hyaluronique et la vitamine C collaborent pour hydrater en profondeur, \u00e9claircir et prot\u00e9ger la peau, ce qui donne une solution anti-\u00e2ge compl\u00e8te adapt\u00e9e aux besoins des peaux matures.<\/p>\n<p>Comprenant les d\u00e9fis et les d\u00e9sirs uniques des peaux matures, notre s\u00e9rum anti-\u00e2ge offre des soins cibl\u00e9s qui vont au-del\u00e0 des am\u00e9liorations superficielles. Avec une utilisation r\u00e9guli\u00e8re, vous pouvez vous attendre \u00e0 une r\u00e9duction notable des rides et ridules, \u00e0 une am\u00e9lioration de la texture de la peau et \u00e0 un \u00e9clat de jeunesse. La synergie du m\u00e9lange garantit que chaque application est un pas vers un teint plus revitalis\u00e9, permettant aux individus d&#8217;embrasser leur \u00e2ge avec confiance et gr\u00e2ce.<\/p>\n<p>Conform\u00e9ment \u00e0 notre engagement envers votre peau et l&rsquo;environnement, ce s\u00e9rum anti-\u00e2ge est biod\u00e9gradable, sans alcool, sans silicone, sans parab\u00e8ne, sans PEG, sans gluten, sans OGM, sans perturbateur endocrinien, sans goudron, sans quaternium, sans colorant et non test\u00e9 sur les animaux.<\/p>\n","protected":false},"excerpt":{"rendered":"<p>Voici notre s\u00e9rum densifiant, un m\u00e9lange puissant de peptides, de collag\u00e8ne, d&rsquo;acide hyaluronique et de vitamine C aux propri\u00e9t\u00e9s tenseurs et \u00e9claircissantes. Sp\u00e9cialement con\u00e7u pour les peaux matures, il cible les rides et ridules, renforce l&rsquo;\u00e9lasticit\u00e9 et rehausse l&rsquo;\u00e9clat de la peau. Am\u00e9liorez votre routine de soins de la peau et profitez d&rsquo;un teint jeune et revitalis\u00e9.<\/p>\n<ul>\n<li class=\"bullet-arrow\"><strong>Texture :<\/strong> Gel<\/li>\n<li class=\"bullet-arrow\"><strong>Type de peau :<\/strong> Mature<\/li>\n<li class=\"bullet-arrow\"><strong>Pr\u00e9occupations cutan\u00e9es :<\/strong> Rides, ridules, affaissement, manque de fermet\u00e9, pores dilat\u00e9s associ\u00e9s au manque de fermet\u00e9, cou et buste manquant de tonus<\/li>\n<li class=\"bullet-arrow\"><strong>Format :<\/strong> 1.00 fl.oz. &#8211; 30 ml <em>(Compte-gouttes)<\/em><\/li>\n<\/ul>\n<div class=\"row row-full-width align-equal\"  id=\"row-656220387\">\n\t<div id=\"col-1307687183\" class=\"col small-12 large-12\"  >\n\t\t\t\t<div class=\"col-inner\"  >\n\t\t\t\n\t\t\t\n\n  \n    <div class=\"row large-columns-8 medium-columns-8 small-columns-8 row-collapse\" >\n  <div class=\"gallery-col col\" >\n          <div class=\"col-inner\">\n                        <div class=\"box has-hover gallery-box box-none\">\n              <div class=\"box-image\" >\n                <img width=\"1\" height=\"1\" src=\"https:\/\/nellydevuyst.com\/wp-content\/uploads\/2023\/05\/ANIMALCRUELTY-EN.svg\" class=\"attachment-medium size-medium\" alt=\"NO ANIMAL CRUELTY\" ids=\"12303,12319,12321,12309\" style=\"none\" lightbox=\"false\" col_spacing=\"collapse\" columns=\"8\" columns__sm=\"8\" columns__md=\"8\" decoding=\"async\" loading=\"lazy\" \/>                                                              <\/div>\n              <div class=\"box-text text-left\" >\n                 <p>NO ANIMAL CRUELTY <\/p>\n              <\/div>\n            <\/div>\n                      <\/div>\n         <\/div><div class=\"gallery-col col\" >\n          <div class=\"col-inner\">\n                        <div class=\"box has-hover gallery-box box-none\">\n              <div class=\"box-image\" >\n                <img width=\"1\" height=\"1\" src=\"https:\/\/nellydevuyst.com\/wp-content\/uploads\/2023\/05\/OGM-FR.svg\" class=\"attachment-medium size-medium\" alt=\"GLUTEN OGM\" ids=\"12303,12319,12321,12309\" style=\"none\" lightbox=\"false\" col_spacing=\"collapse\" columns=\"8\" columns__sm=\"8\" columns__md=\"8\" decoding=\"async\" loading=\"lazy\" \/>                                                              <\/div>\n              <div class=\"box-text text-left\" >\n                 <p>GLUTEN OGM<\/p>\n              <\/div>\n            <\/div>\n                      <\/div>\n         <\/div><div class=\"gallery-col col\" >\n          <div class=\"col-inner\">\n                        <div class=\"box has-hover gallery-box box-none\">\n              <div class=\"box-image\" >\n                <img width=\"1\" height=\"1\" src=\"https:\/\/nellydevuyst.com\/wp-content\/uploads\/2023\/05\/RECYCLABLE-EN.svg\" class=\"attachment-medium size-medium\" alt=\"RECYCLABLE\" ids=\"12303,12319,12321,12309\" style=\"none\" lightbox=\"false\" col_spacing=\"collapse\" columns=\"8\" columns__sm=\"8\" columns__md=\"8\" decoding=\"async\" loading=\"lazy\" \/>                                                              <\/div>\n              <div class=\"box-text text-left\" >\n                 <p>RECYCLABLE<\/p>\n              <\/div>\n            <\/div>\n                      <\/div>\n         <\/div><div class=\"gallery-col col\" >\n          <div class=\"col-inner\">\n                        <div class=\"box has-hover gallery-box box-none\">\n              <div class=\"box-image\" >\n                <img width=\"1\" height=\"1\" src=\"https:\/\/nellydevuyst.com\/wp-content\/uploads\/2023\/05\/CANADA-FR.svg\" class=\"attachment-medium size-medium\" alt=\"FABRIQUE AU CANADA\" ids=\"12303,12319,12321,12309\" style=\"none\" lightbox=\"false\" col_spacing=\"collapse\" columns=\"8\" columns__sm=\"8\" columns__md=\"8\" decoding=\"async\" loading=\"lazy\" \/>                                                              <\/div>\n              <div class=\"box-text text-left\" >\n                 <p>FABRIQUE AU CANADA<\/p>\n              <\/div>\n            <\/div>\n                      <\/div>\n         <\/div><\/div>\n\t\t<\/div>\n\t\t\t\t\t<\/div>\n\n\t<\/div>\n","protected":false},"featured_media":16321,"comment_status":"open","ping_status":"closed","template":"","meta":[],"product_brand":[],"product_cat":[518,187],"product_tag":[247,264,236,252,262,251,232],"giftcard-category":[],"class_list":{"0":"post-2312","1":"product","2":"type-product","3":"status-publish","4":"has-post-thumbnail","6":"product_cat-collection-lifting-complex","7":"product_cat-serums-fr","8":"product_tag-anti-age","9":"product_tag-huile","10":"product_tag-hydratant","11":"product_tag-hydratants","12":"product_tag-peau-mature","13":"product_tag-peau-ridee","14":"product_tag-serum","16":"first","17":"instock","18":"featured","19":"taxable","20":"shipping-taxable","21":"purchasable","22":"product-type-simple"},"yoast_head":"<!-- This site is optimized with the Yoast SEO plugin v27.4 - https:\/\/yoast.com\/product\/yoast-seo-wordpress\/ -->\n<title>S\u00e9rum Peptides Lifting Complex | Nelly De Vuyst\u00ae Skin Care<\/title>\n<meta name=\"description\" content=\"D\u00e9couvrez notre s\u00e9rum anti-\u00e2ge enrichi d&#039;ingr\u00e9dients densifiants, raffermissant et \u00e9claircissants. Il cible les peaux matures, att\u00e9nue les rides et redonne de l&#039;\u00e9clat.\" \/>\n<meta name=\"robots\" content=\"index, follow, max-snippet:-1, max-image-preview:large, max-video-preview:-1\" \/>\n<link rel=\"canonical\" href=\"https:\/\/nellydevuyst.com\/fr\/produit\/serum-peptides-lifting-complex\/\" \/>\n<meta property=\"og:locale\" content=\"fr_FR\" \/>\n<meta property=\"og:type\" content=\"article\" \/>\n<meta property=\"og:title\" content=\"S\u00e9rum Peptides Lifting Complex | Nelly De Vuyst\u00ae Skin Care\" \/>\n<meta property=\"og:description\" content=\"D\u00e9couvrez notre s\u00e9rum anti-\u00e2ge enrichi d&#039;ingr\u00e9dients densifiants, raffermissant et \u00e9claircissants. Il cible les peaux matures, att\u00e9nue les rides et redonne de l&#039;\u00e9clat.\" \/>\n<meta property=\"og:url\" content=\"https:\/\/nellydevuyst.com\/fr\/produit\/serum-peptides-lifting-complex\/\" \/>\n<meta property=\"og:site_name\" content=\"Nelly De Vuyst\u00ae Skin Care\" \/>\n<meta property=\"article:publisher\" content=\"https:\/\/www.facebook.com\/NellyDeVuystSkincare\/\" \/>\n<meta property=\"article:modified_time\" content=\"2026-03-04T00:10:57+00:00\" \/>\n<meta property=\"og:image\" content=\"https:\/\/nellydevuyst.com\/wp-content\/uploads\/2020\/01\/Lifting-Complex-Peptides-Serum-1.jpg\" \/>\n\t<meta property=\"og:image:width\" content=\"1200\" \/>\n\t<meta property=\"og:image:height\" content=\"1200\" \/>\n\t<meta property=\"og:image:type\" content=\"image\/jpeg\" \/>\n<meta name=\"twitter:card\" content=\"summary_large_image\" \/>\n<script type=\"application\/ld+json\" class=\"yoast-schema-graph\">{\"@context\":\"https:\\\/\\\/schema.org\",\"@graph\":[{\"@type\":[\"WebPage\",\"ItemPage\"],\"@id\":\"https:\\\/\\\/nellydevuyst.com\\\/fr\\\/produit\\\/serum-peptides-lifting-complex\\\/\",\"url\":\"https:\\\/\\\/nellydevuyst.com\\\/fr\\\/produit\\\/serum-peptides-lifting-complex\\\/\",\"name\":\"S\u00e9rum Peptides Lifting Complex | Nelly De Vuyst\u00ae Skin Care\",\"isPartOf\":{\"@id\":\"https:\\\/\\\/nellydevuyst.com\\\/fr\\\/#website\"},\"primaryImageOfPage\":{\"@id\":\"https:\\\/\\\/nellydevuyst.com\\\/fr\\\/produit\\\/serum-peptides-lifting-complex\\\/#primaryimage\"},\"image\":{\"@id\":\"https:\\\/\\\/nellydevuyst.com\\\/fr\\\/produit\\\/serum-peptides-lifting-complex\\\/#primaryimage\"},\"thumbnailUrl\":\"https:\\\/\\\/nellydevuyst.com\\\/wp-content\\\/uploads\\\/2020\\\/01\\\/Lifting-Complex-Peptides-Serum-1.jpg\",\"datePublished\":\"2020-01-27T20:55:29+00:00\",\"dateModified\":\"2026-03-04T00:10:57+00:00\",\"description\":\"D\u00e9couvrez notre s\u00e9rum anti-\u00e2ge enrichi d'ingr\u00e9dients densifiants, raffermissant et \u00e9claircissants. Il cible les peaux matures, att\u00e9nue les rides et redonne de l'\u00e9clat.\",\"breadcrumb\":{\"@id\":\"https:\\\/\\\/nellydevuyst.com\\\/fr\\\/produit\\\/serum-peptides-lifting-complex\\\/#breadcrumb\"},\"inLanguage\":\"fr-FR\",\"potentialAction\":[{\"@type\":\"ReadAction\",\"target\":[\"https:\\\/\\\/nellydevuyst.com\\\/fr\\\/produit\\\/serum-peptides-lifting-complex\\\/\"]}]},{\"@type\":\"ImageObject\",\"inLanguage\":\"fr-FR\",\"@id\":\"https:\\\/\\\/nellydevuyst.com\\\/fr\\\/produit\\\/serum-peptides-lifting-complex\\\/#primaryimage\",\"url\":\"https:\\\/\\\/nellydevuyst.com\\\/wp-content\\\/uploads\\\/2020\\\/01\\\/Lifting-Complex-Peptides-Serum-1.jpg\",\"contentUrl\":\"https:\\\/\\\/nellydevuyst.com\\\/wp-content\\\/uploads\\\/2020\\\/01\\\/Lifting-Complex-Peptides-Serum-1.jpg\",\"width\":1200,\"height\":1200,\"caption\":\"S\u00e9rum Peptides Lifting Complex\"},{\"@type\":\"BreadcrumbList\",\"@id\":\"https:\\\/\\\/nellydevuyst.com\\\/fr\\\/produit\\\/serum-peptides-lifting-complex\\\/#breadcrumb\",\"itemListElement\":[{\"@type\":\"ListItem\",\"position\":1,\"name\":\"Home\",\"item\":\"https:\\\/\\\/nellydevuyst.com\\\/fr\\\/\"},{\"@type\":\"ListItem\",\"position\":2,\"name\":\"Boutique\",\"item\":\"https:\\\/\\\/nellydevuyst.com\\\/fr\\\/boutique\\\/\"},{\"@type\":\"ListItem\",\"position\":3,\"name\":\"S\u00e9rum Peptides Lifting Complex\"}]},{\"@type\":\"WebSite\",\"@id\":\"https:\\\/\\\/nellydevuyst.com\\\/fr\\\/#website\",\"url\":\"https:\\\/\\\/nellydevuyst.com\\\/fr\\\/\",\"name\":\"Nelly De Vuyst\u00ae Skin Care\",\"description\":\"The Best of Science and Nature\",\"publisher\":{\"@id\":\"https:\\\/\\\/nellydevuyst.com\\\/fr\\\/#organization\"},\"alternateName\":\"NDV Skin Care\",\"potentialAction\":[{\"@type\":\"SearchAction\",\"target\":{\"@type\":\"EntryPoint\",\"urlTemplate\":\"https:\\\/\\\/nellydevuyst.com\\\/fr\\\/?s={search_term_string}\"},\"query-input\":{\"@type\":\"PropertyValueSpecification\",\"valueRequired\":true,\"valueName\":\"search_term_string\"}}],\"inLanguage\":\"fr-FR\"},{\"@type\":\"Organization\",\"@id\":\"https:\\\/\\\/nellydevuyst.com\\\/fr\\\/#organization\",\"name\":\"Nelly De Vuyst Skin Care\",\"alternateName\":\"NDV Skin Care\",\"url\":\"https:\\\/\\\/nellydevuyst.com\\\/fr\\\/\",\"logo\":{\"@type\":\"ImageObject\",\"inLanguage\":\"fr-FR\",\"@id\":\"https:\\\/\\\/nellydevuyst.com\\\/fr\\\/#\\\/schema\\\/logo\\\/image\\\/\",\"url\":\"https:\\\/\\\/nellydevuyst.com\\\/wp-content\\\/uploads\\\/2024\\\/01\\\/ndv-logo-favico.png\",\"contentUrl\":\"https:\\\/\\\/nellydevuyst.com\\\/wp-content\\\/uploads\\\/2024\\\/01\\\/ndv-logo-favico.png\",\"width\":512,\"height\":512,\"caption\":\"Nelly De Vuyst Skin Care\"},\"image\":{\"@id\":\"https:\\\/\\\/nellydevuyst.com\\\/fr\\\/#\\\/schema\\\/logo\\\/image\\\/\"},\"sameAs\":[\"https:\\\/\\\/www.facebook.com\\\/NellyDeVuystSkincare\\\/\",\"https:\\\/\\\/www.instagram.com\\\/nelly_devuyst\\\/\",\"https:\\\/\\\/www.youtube.com\\\/user\\\/derme8282\",\"https:\\\/\\\/www.tiktok.com\\\/@nellydevuyst\",\"https:\\\/\\\/www.pinterest.com.mx\\\/nellydevuystskincare\\\/\"]}]}<\/script>\n<!-- \/ Yoast SEO plugin. -->","yoast_head_json":{"title":"S\u00e9rum Peptides Lifting Complex | Nelly De Vuyst\u00ae Skin Care","description":"D\u00e9couvrez notre s\u00e9rum anti-\u00e2ge enrichi d'ingr\u00e9dients densifiants, raffermissant et \u00e9claircissants. Il cible les peaux matures, att\u00e9nue les rides et redonne de l'\u00e9clat.","robots":{"index":"index","follow":"follow","max-snippet":"max-snippet:-1","max-image-preview":"max-image-preview:large","max-video-preview":"max-video-preview:-1"},"canonical":"https:\/\/nellydevuyst.com\/fr\/produit\/serum-peptides-lifting-complex\/","og_locale":"fr_FR","og_type":"article","og_title":"S\u00e9rum Peptides Lifting Complex | Nelly De Vuyst\u00ae Skin Care","og_description":"D\u00e9couvrez notre s\u00e9rum anti-\u00e2ge enrichi d'ingr\u00e9dients densifiants, raffermissant et \u00e9claircissants. Il cible les peaux matures, att\u00e9nue les rides et redonne de l'\u00e9clat.","og_url":"https:\/\/nellydevuyst.com\/fr\/produit\/serum-peptides-lifting-complex\/","og_site_name":"Nelly De Vuyst\u00ae Skin Care","article_publisher":"https:\/\/www.facebook.com\/NellyDeVuystSkincare\/","article_modified_time":"2026-03-04T00:10:57+00:00","og_image":[{"width":1200,"height":1200,"url":"https:\/\/nellydevuyst.com\/wp-content\/uploads\/2020\/01\/Lifting-Complex-Peptides-Serum-1.jpg","type":"image\/jpeg"}],"twitter_card":"summary_large_image","schema":{"@context":"https:\/\/schema.org","@graph":[{"@type":["WebPage","ItemPage"],"@id":"https:\/\/nellydevuyst.com\/fr\/produit\/serum-peptides-lifting-complex\/","url":"https:\/\/nellydevuyst.com\/fr\/produit\/serum-peptides-lifting-complex\/","name":"S\u00e9rum Peptides Lifting Complex | Nelly De Vuyst\u00ae Skin Care","isPartOf":{"@id":"https:\/\/nellydevuyst.com\/fr\/#website"},"primaryImageOfPage":{"@id":"https:\/\/nellydevuyst.com\/fr\/produit\/serum-peptides-lifting-complex\/#primaryimage"},"image":{"@id":"https:\/\/nellydevuyst.com\/fr\/produit\/serum-peptides-lifting-complex\/#primaryimage"},"thumbnailUrl":"https:\/\/nellydevuyst.com\/wp-content\/uploads\/2020\/01\/Lifting-Complex-Peptides-Serum-1.jpg","datePublished":"2020-01-27T20:55:29+00:00","dateModified":"2026-03-04T00:10:57+00:00","description":"D\u00e9couvrez notre s\u00e9rum anti-\u00e2ge enrichi d'ingr\u00e9dients densifiants, raffermissant et \u00e9claircissants. Il cible les peaux matures, att\u00e9nue les rides et redonne de l'\u00e9clat.","breadcrumb":{"@id":"https:\/\/nellydevuyst.com\/fr\/produit\/serum-peptides-lifting-complex\/#breadcrumb"},"inLanguage":"fr-FR","potentialAction":[{"@type":"ReadAction","target":["https:\/\/nellydevuyst.com\/fr\/produit\/serum-peptides-lifting-complex\/"]}]},{"@type":"ImageObject","inLanguage":"fr-FR","@id":"https:\/\/nellydevuyst.com\/fr\/produit\/serum-peptides-lifting-complex\/#primaryimage","url":"https:\/\/nellydevuyst.com\/wp-content\/uploads\/2020\/01\/Lifting-Complex-Peptides-Serum-1.jpg","contentUrl":"https:\/\/nellydevuyst.com\/wp-content\/uploads\/2020\/01\/Lifting-Complex-Peptides-Serum-1.jpg","width":1200,"height":1200,"caption":"S\u00e9rum Peptides Lifting Complex"},{"@type":"BreadcrumbList","@id":"https:\/\/nellydevuyst.com\/fr\/produit\/serum-peptides-lifting-complex\/#breadcrumb","itemListElement":[{"@type":"ListItem","position":1,"name":"Home","item":"https:\/\/nellydevuyst.com\/fr\/"},{"@type":"ListItem","position":2,"name":"Boutique","item":"https:\/\/nellydevuyst.com\/fr\/boutique\/"},{"@type":"ListItem","position":3,"name":"S\u00e9rum Peptides Lifting Complex"}]},{"@type":"WebSite","@id":"https:\/\/nellydevuyst.com\/fr\/#website","url":"https:\/\/nellydevuyst.com\/fr\/","name":"Nelly De Vuyst\u00ae Skin Care","description":"The Best of Science and Nature","publisher":{"@id":"https:\/\/nellydevuyst.com\/fr\/#organization"},"alternateName":"NDV Skin Care","potentialAction":[{"@type":"SearchAction","target":{"@type":"EntryPoint","urlTemplate":"https:\/\/nellydevuyst.com\/fr\/?s={search_term_string}"},"query-input":{"@type":"PropertyValueSpecification","valueRequired":true,"valueName":"search_term_string"}}],"inLanguage":"fr-FR"},{"@type":"Organization","@id":"https:\/\/nellydevuyst.com\/fr\/#organization","name":"Nelly De Vuyst Skin Care","alternateName":"NDV Skin Care","url":"https:\/\/nellydevuyst.com\/fr\/","logo":{"@type":"ImageObject","inLanguage":"fr-FR","@id":"https:\/\/nellydevuyst.com\/fr\/#\/schema\/logo\/image\/","url":"https:\/\/nellydevuyst.com\/wp-content\/uploads\/2024\/01\/ndv-logo-favico.png","contentUrl":"https:\/\/nellydevuyst.com\/wp-content\/uploads\/2024\/01\/ndv-logo-favico.png","width":512,"height":512,"caption":"Nelly De Vuyst Skin Care"},"image":{"@id":"https:\/\/nellydevuyst.com\/fr\/#\/schema\/logo\/image\/"},"sameAs":["https:\/\/www.facebook.com\/NellyDeVuystSkincare\/","https:\/\/www.instagram.com\/nelly_devuyst\/","https:\/\/www.youtube.com\/user\/derme8282","https:\/\/www.tiktok.com\/@nellydevuyst","https:\/\/www.pinterest.com.mx\/nellydevuystskincare\/"]}]}},"_links":{"self":[{"href":"https:\/\/nellydevuyst.com\/fr\/wp-json\/wp\/v2\/product\/2312","targetHints":{"allow":["GET"]}}],"collection":[{"href":"https:\/\/nellydevuyst.com\/fr\/wp-json\/wp\/v2\/product"}],"about":[{"href":"https:\/\/nellydevuyst.com\/fr\/wp-json\/wp\/v2\/types\/product"}],"replies":[{"embeddable":true,"href":"https:\/\/nellydevuyst.com\/fr\/wp-json\/wp\/v2\/comments?post=2312"}],"wp:featuredmedia":[{"embeddable":true,"href":"https:\/\/nellydevuyst.com\/fr\/wp-json\/wp\/v2\/media\/16321"}],"wp:attachment":[{"href":"https:\/\/nellydevuyst.com\/fr\/wp-json\/wp\/v2\/media?parent=2312"}],"wp:term":[{"taxonomy":"product_brand","embeddable":true,"href":"https:\/\/nellydevuyst.com\/fr\/wp-json\/wp\/v2\/product_brand?post=2312"},{"taxonomy":"product_cat","embeddable":true,"href":"https:\/\/nellydevuyst.com\/fr\/wp-json\/wp\/v2\/product_cat?post=2312"},{"taxonomy":"product_tag","embeddable":true,"href":"https:\/\/nellydevuyst.com\/fr\/wp-json\/wp\/v2\/product_tag?post=2312"},{"taxonomy":"giftcard-category","embeddable":true,"href":"https:\/\/nellydevuyst.com\/fr\/wp-json\/wp\/v2\/giftcard-category?post=2312"}],"curies":[{"name":"wp","href":"https:\/\/api.w.org\/{rel}","templated":true}]}}