{"id":2604,"date":"2020-04-16T11:42:33","date_gmt":"2020-04-16T15:42:33","guid":{"rendered":"https:\/\/nellydevuyst.com\/?post_type=product&#038;p=2604"},"modified":"2025-12-28T13:07:35","modified_gmt":"2025-12-28T18:07:35","slug":"gel-exfoliant-peaux-sensibles-biocalm-voyage","status":"publish","type":"product","link":"https:\/\/nellydevuyst.com\/fr\/produit\/gel-exfoliant-peaux-sensibles-biocalm-voyage\/","title":{"rendered":"Gel Exfoliant Peaux Sensibles BioCalm (Voyage)"},"content":{"rendered":"<h2 class=\"uppercase\">Plongez dans une exfoliation r\u00e9g\u00e9n\u00e9rante avec notre Gel Exfoliant Peaux Sensibles BioCalm<\/h2>\n<p>Notre gommage exfoliant doux est soigneusement formul\u00e9 pour ceux avec une peau sensible et s\u00e8che, garantissant une exp\u00e9rience d&rsquo;exfoliation douce mais efficace. Reconnaissant les besoins uniques des peaux d\u00e9licates et s\u00e8ches, ce gommage assure s\u00e9curit\u00e9 et efficacit\u00e9. Infus\u00e9 d&rsquo;ingr\u00e9dients purifiants connus pour leurs propri\u00e9t\u00e9s apaisantes, il garantit que chaque utilisation \u00e9limine les impuret\u00e9s tout en calmant votre peau, la laissant rafra\u00eechie et revitalis\u00e9e.<\/p>\n<p>Au c\u0153ur de notre formule se trouve un engagement envers la puret\u00e9 et la qualit\u00e9, excluant les irritants communs comme les sulfates et les parfums, et optant pour des ingr\u00e9dients respectueux de l&rsquo;\u00e9quilibre naturel de la peau s\u00e8che.<\/p>\n<p>Ce gommage pour peau sensible et s\u00e8che est un t\u00e9moignage de notre d\u00e9vouement \u00e0 un soin de la peau holistique, combinant les meilleurs extraits naturels avec la science pour un produit phare de soin doux.<\/p>\n<p>Conform\u00e9ment \u00e0 notre engagement envers votre peau et l&rsquo;environnement, ce gommage est biod\u00e9gradable, sans sulfates, sans alcool, sans silicone, sans parab\u00e8nes, sans PEG, sans gluten, sans OGM, sans perturbateurs endocriniens, sans goudron, sans quaternium, sans parfum, sans colorant et non test\u00e9 sur les animaux.<\/p>\n","protected":false},"excerpt":{"rendered":"<p>Notre gommage facial non-irritant offre une exfoliation douce sp\u00e9cialement con\u00e7ue pour les peaux sensibles et s\u00e8ches. Sans parfum et sans sulfate, il apaise tout en \u00e9liminant les impuret\u00e9s, id\u00e9al pour ceux qui recherchent une solution de soin de la peau calmante mais efficace.<\/p>\n<ul>\n<li class=\"bullet-arrow\"><strong>Texture :<\/strong> Gel ultra-doux et cr\u00e9meux<\/li>\n<li class=\"bullet-arrow\"><strong>Type de peau :<\/strong> Peau Sensible, Peau S\u00e8che<\/li>\n<li class=\"bullet-arrow\"><strong>Pr\u00e9occupation cutan\u00e9e :<\/strong> Rougeurs, Inflammation, Irritation, Rosac\u00e9e, Acn\u00e9 Rosac\u00e9e<\/li>\n<li class=\"bullet-arrow\"><strong>Format:<\/strong> 1.00 oz. &#8211; 30 g <em>(Pompe sans air)<\/em><\/li>\n<\/ul>\n<div class=\"row row-full-width align-equal\"  id=\"row-1558885251\">\n\t<div id=\"col-724883466\" class=\"col small-12 large-12\"  >\n\t\t\t\t<div class=\"col-inner\"  >\n\t\t\t\n\t\t\t\n\n  \n    <div class=\"row large-columns-8 medium-columns-8 small-columns-8 row-collapse\" >\n  <div class=\"gallery-col col\" >\n          <div class=\"col-inner\">\n                        <div class=\"box has-hover gallery-box box-none\">\n              <div class=\"box-image\" >\n                <img width=\"1\" height=\"1\" src=\"https:\/\/nellydevuyst.com\/wp-content\/uploads\/2023\/05\/VEGAN-EN.svg\" class=\"attachment-medium size-medium\" alt=\"VEGAN\" ids=\"12323,12303,12319,12321,12309\" style=\"none\" lightbox=\"false\" col_spacing=\"collapse\" columns=\"8\" columns__sm=\"8\" columns__md=\"8\" decoding=\"async\" loading=\"lazy\" \/>                                                              <\/div>\n              <div class=\"box-text text-left\" >\n                 <p>VEGAN<\/p>\n              <\/div>\n            <\/div>\n                      <\/div>\n         <\/div><div class=\"gallery-col col\" >\n          <div class=\"col-inner\">\n                        <div class=\"box has-hover gallery-box box-none\">\n              <div class=\"box-image\" >\n                <img width=\"1\" height=\"1\" src=\"https:\/\/nellydevuyst.com\/wp-content\/uploads\/2023\/05\/ANIMALCRUELTY-EN.svg\" class=\"attachment-medium size-medium\" alt=\"NO ANIMAL CRUELTY\" ids=\"12323,12303,12319,12321,12309\" style=\"none\" lightbox=\"false\" col_spacing=\"collapse\" columns=\"8\" columns__sm=\"8\" columns__md=\"8\" decoding=\"async\" loading=\"lazy\" \/>                                                              <\/div>\n              <div class=\"box-text text-left\" >\n                 <p>NO ANIMAL CRUELTY <\/p>\n              <\/div>\n            <\/div>\n                      <\/div>\n         <\/div><div class=\"gallery-col col\" >\n          <div class=\"col-inner\">\n                        <div class=\"box has-hover gallery-box box-none\">\n              <div class=\"box-image\" >\n                <img width=\"1\" height=\"1\" src=\"https:\/\/nellydevuyst.com\/wp-content\/uploads\/2023\/05\/OGM-FR.svg\" class=\"attachment-medium size-medium\" alt=\"GLUTEN OGM\" ids=\"12323,12303,12319,12321,12309\" style=\"none\" lightbox=\"false\" col_spacing=\"collapse\" columns=\"8\" columns__sm=\"8\" columns__md=\"8\" decoding=\"async\" loading=\"lazy\" \/>                                                              <\/div>\n              <div class=\"box-text text-left\" >\n                 <p>GLUTEN OGM<\/p>\n              <\/div>\n            <\/div>\n                      <\/div>\n         <\/div><div class=\"gallery-col col\" >\n          <div class=\"col-inner\">\n                        <div class=\"box has-hover gallery-box box-none\">\n              <div class=\"box-image\" >\n                <img width=\"1\" height=\"1\" src=\"https:\/\/nellydevuyst.com\/wp-content\/uploads\/2023\/05\/RECYCLABLE-EN.svg\" class=\"attachment-medium size-medium\" alt=\"RECYCLABLE\" ids=\"12323,12303,12319,12321,12309\" style=\"none\" lightbox=\"false\" col_spacing=\"collapse\" columns=\"8\" columns__sm=\"8\" columns__md=\"8\" decoding=\"async\" loading=\"lazy\" \/>                                                              <\/div>\n              <div class=\"box-text text-left\" >\n                 <p>RECYCLABLE<\/p>\n              <\/div>\n            <\/div>\n                      <\/div>\n         <\/div><div class=\"gallery-col col\" >\n          <div class=\"col-inner\">\n                        <div class=\"box has-hover gallery-box box-none\">\n              <div class=\"box-image\" >\n                <img width=\"1\" height=\"1\" src=\"https:\/\/nellydevuyst.com\/wp-content\/uploads\/2023\/05\/CANADA-FR.svg\" class=\"attachment-medium size-medium\" alt=\"FABRIQUE AU CANADA\" ids=\"12323,12303,12319,12321,12309\" style=\"none\" lightbox=\"false\" col_spacing=\"collapse\" columns=\"8\" columns__sm=\"8\" columns__md=\"8\" decoding=\"async\" loading=\"lazy\" \/>                                                              <\/div>\n              <div class=\"box-text text-left\" >\n                 <p>FABRIQUE AU CANADA<\/p>\n              <\/div>\n            <\/div>\n                      <\/div>\n         <\/div><\/div>\n\t\t<\/div>\n\t\t\t\t\t<\/div>\n\n\t<\/div>\n","protected":false},"featured_media":14173,"comment_status":"open","ping_status":"closed","template":"","meta":[],"product_brand":[],"product_cat":[499,186,531],"product_tag":[245,246,227,241],"giftcard-category":[],"class_list":{"0":"post-2604","1":"product","2":"type-product","3":"status-publish","4":"has-post-thumbnail","6":"product_cat-collection-biocalm","7":"product_cat-exfoliants-fr","8":"product_cat-formats-voyage","9":"product_tag-exfoliant-fr","10":"product_tag-gommage-fr","11":"product_tag-peau-impure","12":"product_tag-peau-sensible","14":"first","15":"instock","16":"taxable","17":"shipping-taxable","18":"purchasable","19":"product-type-simple"},"yoast_head":"<!-- This site is optimized with the Yoast SEO plugin v27.2 - https:\/\/yoast.com\/product\/yoast-seo-wordpress\/ -->\n<title>Gel Exfoliant Peaux Sensibles BioCalm (Voyage) | Nelly De Vuyst\u00ae Skin Care<\/title>\n<meta name=\"description\" content=\"Exp\u00e9rimentez une exfoliation douce avec notre gommage non-irritant pour peau sensible. Sans parfum, il est parfaitement adapt\u00e9 aux peaux d\u00e9licates et s\u00e8ches sujettes aux rougeurs et \u00e0 la rosac\u00e9e.\" \/>\n<meta name=\"robots\" content=\"index, follow, max-snippet:-1, max-image-preview:large, max-video-preview:-1\" \/>\n<link rel=\"canonical\" href=\"https:\/\/nellydevuyst.com\/fr\/produit\/gel-exfoliant-peaux-sensibles-biocalm-voyage\/\" \/>\n<meta property=\"og:locale\" content=\"fr_FR\" \/>\n<meta property=\"og:type\" content=\"article\" \/>\n<meta property=\"og:title\" content=\"Gel Exfoliant Peaux Sensibles BioCalm (Voyage) | Nelly De Vuyst\u00ae Skin Care\" \/>\n<meta property=\"og:description\" content=\"Exp\u00e9rimentez une exfoliation douce avec notre gommage non-irritant pour peau sensible. Sans parfum, il est parfaitement adapt\u00e9 aux peaux d\u00e9licates et s\u00e8ches sujettes aux rougeurs et \u00e0 la rosac\u00e9e.\" \/>\n<meta property=\"og:url\" content=\"https:\/\/nellydevuyst.com\/fr\/produit\/gel-exfoliant-peaux-sensibles-biocalm-voyage\/\" \/>\n<meta property=\"og:site_name\" content=\"Nelly De Vuyst\u00ae Skin Care\" \/>\n<meta property=\"article:publisher\" content=\"https:\/\/www.facebook.com\/NellyDeVuystSkincare\/\" \/>\n<meta property=\"article:modified_time\" content=\"2025-12-28T18:07:35+00:00\" \/>\n<meta property=\"og:image\" content=\"https:\/\/nellydevuyst.com\/wp-content\/uploads\/2020\/04\/BioCalm-Sensitive-Skin-Exfoliating-Gel-Travel.jpg\" \/>\n\t<meta property=\"og:image:width\" content=\"1200\" \/>\n\t<meta property=\"og:image:height\" content=\"1200\" \/>\n\t<meta property=\"og:image:type\" content=\"image\/jpeg\" \/>\n<meta name=\"twitter:card\" content=\"summary_large_image\" \/>\n<script type=\"application\/ld+json\" class=\"yoast-schema-graph\">{\"@context\":\"https:\/\/schema.org\",\"@graph\":[{\"@type\":[\"WebPage\",\"ItemPage\"],\"@id\":\"https:\/\/nellydevuyst.com\/fr\/produit\/gel-exfoliant-peaux-sensibles-biocalm-voyage\/\",\"url\":\"https:\/\/nellydevuyst.com\/fr\/produit\/gel-exfoliant-peaux-sensibles-biocalm-voyage\/\",\"name\":\"Gel Exfoliant Peaux Sensibles BioCalm (Voyage) | Nelly De Vuyst\u00ae Skin Care\",\"isPartOf\":{\"@id\":\"https:\/\/nellydevuyst.com\/fr\/#website\"},\"primaryImageOfPage\":{\"@id\":\"https:\/\/nellydevuyst.com\/fr\/produit\/gel-exfoliant-peaux-sensibles-biocalm-voyage\/#primaryimage\"},\"image\":{\"@id\":\"https:\/\/nellydevuyst.com\/fr\/produit\/gel-exfoliant-peaux-sensibles-biocalm-voyage\/#primaryimage\"},\"thumbnailUrl\":\"https:\/\/nellydevuyst.com\/wp-content\/uploads\/2020\/04\/BioCalm-Sensitive-Skin-Exfoliating-Gel-Travel.jpg\",\"datePublished\":\"2020-04-16T15:42:33+00:00\",\"dateModified\":\"2025-12-28T18:07:35+00:00\",\"description\":\"Exp\u00e9rimentez une exfoliation douce avec notre gommage non-irritant pour peau sensible. Sans parfum, il est parfaitement adapt\u00e9 aux peaux d\u00e9licates et s\u00e8ches sujettes aux rougeurs et \u00e0 la rosac\u00e9e.\",\"breadcrumb\":{\"@id\":\"https:\/\/nellydevuyst.com\/fr\/produit\/gel-exfoliant-peaux-sensibles-biocalm-voyage\/#breadcrumb\"},\"inLanguage\":\"fr-FR\",\"potentialAction\":[{\"@type\":\"ReadAction\",\"target\":[\"https:\/\/nellydevuyst.com\/fr\/produit\/gel-exfoliant-peaux-sensibles-biocalm-voyage\/\"]}]},{\"@type\":\"ImageObject\",\"inLanguage\":\"fr-FR\",\"@id\":\"https:\/\/nellydevuyst.com\/fr\/produit\/gel-exfoliant-peaux-sensibles-biocalm-voyage\/#primaryimage\",\"url\":\"https:\/\/nellydevuyst.com\/wp-content\/uploads\/2020\/04\/BioCalm-Sensitive-Skin-Exfoliating-Gel-Travel.jpg\",\"contentUrl\":\"https:\/\/nellydevuyst.com\/wp-content\/uploads\/2020\/04\/BioCalm-Sensitive-Skin-Exfoliating-Gel-Travel.jpg\",\"width\":1200,\"height\":1200,\"caption\":\"Gel Exfoliant Peaux Sensibles BioCalm\"},{\"@type\":\"BreadcrumbList\",\"@id\":\"https:\/\/nellydevuyst.com\/fr\/produit\/gel-exfoliant-peaux-sensibles-biocalm-voyage\/#breadcrumb\",\"itemListElement\":[{\"@type\":\"ListItem\",\"position\":1,\"name\":\"Home\",\"item\":\"https:\/\/nellydevuyst.com\/fr\/\"},{\"@type\":\"ListItem\",\"position\":2,\"name\":\"Boutique\",\"item\":\"https:\/\/nellydevuyst.com\/fr\/boutique\/\"},{\"@type\":\"ListItem\",\"position\":3,\"name\":\"Gel Exfoliant Peaux Sensibles BioCalm (Voyage)\"}]},{\"@type\":\"WebSite\",\"@id\":\"https:\/\/nellydevuyst.com\/fr\/#website\",\"url\":\"https:\/\/nellydevuyst.com\/fr\/\",\"name\":\"Nelly De Vuyst\u00ae Skin Care\",\"description\":\"The Best of Science and Nature\",\"publisher\":{\"@id\":\"https:\/\/nellydevuyst.com\/fr\/#organization\"},\"alternateName\":\"NDV Skin Care\",\"potentialAction\":[{\"@type\":\"SearchAction\",\"target\":{\"@type\":\"EntryPoint\",\"urlTemplate\":\"https:\/\/nellydevuyst.com\/fr\/?s={search_term_string}\"},\"query-input\":{\"@type\":\"PropertyValueSpecification\",\"valueRequired\":true,\"valueName\":\"search_term_string\"}}],\"inLanguage\":\"fr-FR\"},{\"@type\":\"Organization\",\"@id\":\"https:\/\/nellydevuyst.com\/fr\/#organization\",\"name\":\"Nelly De Vuyst Skin Care\",\"alternateName\":\"NDV Skin Care\",\"url\":\"https:\/\/nellydevuyst.com\/fr\/\",\"logo\":{\"@type\":\"ImageObject\",\"inLanguage\":\"fr-FR\",\"@id\":\"https:\/\/nellydevuyst.com\/fr\/#\/schema\/logo\/image\/\",\"url\":\"https:\/\/nellydevuyst.com\/wp-content\/uploads\/2024\/01\/ndv-logo-favico.png\",\"contentUrl\":\"https:\/\/nellydevuyst.com\/wp-content\/uploads\/2024\/01\/ndv-logo-favico.png\",\"width\":512,\"height\":512,\"caption\":\"Nelly De Vuyst Skin Care\"},\"image\":{\"@id\":\"https:\/\/nellydevuyst.com\/fr\/#\/schema\/logo\/image\/\"},\"sameAs\":[\"https:\/\/www.facebook.com\/NellyDeVuystSkincare\/\",\"https:\/\/www.instagram.com\/nelly_devuyst\/\",\"https:\/\/www.youtube.com\/user\/derme8282\",\"https:\/\/www.tiktok.com\/@nellydevuyst\",\"https:\/\/www.pinterest.com.mx\/nellydevuystskincare\/\"]}]}<\/script>\n<!-- \/ Yoast SEO plugin. -->","yoast_head_json":{"title":"Gel Exfoliant Peaux Sensibles BioCalm (Voyage) | Nelly De Vuyst\u00ae Skin Care","description":"Exp\u00e9rimentez une exfoliation douce avec notre gommage non-irritant pour peau sensible. Sans parfum, il est parfaitement adapt\u00e9 aux peaux d\u00e9licates et s\u00e8ches sujettes aux rougeurs et \u00e0 la rosac\u00e9e.","robots":{"index":"index","follow":"follow","max-snippet":"max-snippet:-1","max-image-preview":"max-image-preview:large","max-video-preview":"max-video-preview:-1"},"canonical":"https:\/\/nellydevuyst.com\/fr\/produit\/gel-exfoliant-peaux-sensibles-biocalm-voyage\/","og_locale":"fr_FR","og_type":"article","og_title":"Gel Exfoliant Peaux Sensibles BioCalm (Voyage) | Nelly De Vuyst\u00ae Skin Care","og_description":"Exp\u00e9rimentez une exfoliation douce avec notre gommage non-irritant pour peau sensible. Sans parfum, il est parfaitement adapt\u00e9 aux peaux d\u00e9licates et s\u00e8ches sujettes aux rougeurs et \u00e0 la rosac\u00e9e.","og_url":"https:\/\/nellydevuyst.com\/fr\/produit\/gel-exfoliant-peaux-sensibles-biocalm-voyage\/","og_site_name":"Nelly De Vuyst\u00ae Skin Care","article_publisher":"https:\/\/www.facebook.com\/NellyDeVuystSkincare\/","article_modified_time":"2025-12-28T18:07:35+00:00","og_image":[{"width":1200,"height":1200,"url":"https:\/\/nellydevuyst.com\/wp-content\/uploads\/2020\/04\/BioCalm-Sensitive-Skin-Exfoliating-Gel-Travel.jpg","type":"image\/jpeg"}],"twitter_card":"summary_large_image","schema":{"@context":"https:\/\/schema.org","@graph":[{"@type":["WebPage","ItemPage"],"@id":"https:\/\/nellydevuyst.com\/fr\/produit\/gel-exfoliant-peaux-sensibles-biocalm-voyage\/","url":"https:\/\/nellydevuyst.com\/fr\/produit\/gel-exfoliant-peaux-sensibles-biocalm-voyage\/","name":"Gel Exfoliant Peaux Sensibles BioCalm (Voyage) | Nelly De Vuyst\u00ae Skin Care","isPartOf":{"@id":"https:\/\/nellydevuyst.com\/fr\/#website"},"primaryImageOfPage":{"@id":"https:\/\/nellydevuyst.com\/fr\/produit\/gel-exfoliant-peaux-sensibles-biocalm-voyage\/#primaryimage"},"image":{"@id":"https:\/\/nellydevuyst.com\/fr\/produit\/gel-exfoliant-peaux-sensibles-biocalm-voyage\/#primaryimage"},"thumbnailUrl":"https:\/\/nellydevuyst.com\/wp-content\/uploads\/2020\/04\/BioCalm-Sensitive-Skin-Exfoliating-Gel-Travel.jpg","datePublished":"2020-04-16T15:42:33+00:00","dateModified":"2025-12-28T18:07:35+00:00","description":"Exp\u00e9rimentez une exfoliation douce avec notre gommage non-irritant pour peau sensible. Sans parfum, il est parfaitement adapt\u00e9 aux peaux d\u00e9licates et s\u00e8ches sujettes aux rougeurs et \u00e0 la rosac\u00e9e.","breadcrumb":{"@id":"https:\/\/nellydevuyst.com\/fr\/produit\/gel-exfoliant-peaux-sensibles-biocalm-voyage\/#breadcrumb"},"inLanguage":"fr-FR","potentialAction":[{"@type":"ReadAction","target":["https:\/\/nellydevuyst.com\/fr\/produit\/gel-exfoliant-peaux-sensibles-biocalm-voyage\/"]}]},{"@type":"ImageObject","inLanguage":"fr-FR","@id":"https:\/\/nellydevuyst.com\/fr\/produit\/gel-exfoliant-peaux-sensibles-biocalm-voyage\/#primaryimage","url":"https:\/\/nellydevuyst.com\/wp-content\/uploads\/2020\/04\/BioCalm-Sensitive-Skin-Exfoliating-Gel-Travel.jpg","contentUrl":"https:\/\/nellydevuyst.com\/wp-content\/uploads\/2020\/04\/BioCalm-Sensitive-Skin-Exfoliating-Gel-Travel.jpg","width":1200,"height":1200,"caption":"Gel Exfoliant Peaux Sensibles BioCalm"},{"@type":"BreadcrumbList","@id":"https:\/\/nellydevuyst.com\/fr\/produit\/gel-exfoliant-peaux-sensibles-biocalm-voyage\/#breadcrumb","itemListElement":[{"@type":"ListItem","position":1,"name":"Home","item":"https:\/\/nellydevuyst.com\/fr\/"},{"@type":"ListItem","position":2,"name":"Boutique","item":"https:\/\/nellydevuyst.com\/fr\/boutique\/"},{"@type":"ListItem","position":3,"name":"Gel Exfoliant Peaux Sensibles BioCalm (Voyage)"}]},{"@type":"WebSite","@id":"https:\/\/nellydevuyst.com\/fr\/#website","url":"https:\/\/nellydevuyst.com\/fr\/","name":"Nelly De Vuyst\u00ae Skin Care","description":"The Best of Science and Nature","publisher":{"@id":"https:\/\/nellydevuyst.com\/fr\/#organization"},"alternateName":"NDV Skin Care","potentialAction":[{"@type":"SearchAction","target":{"@type":"EntryPoint","urlTemplate":"https:\/\/nellydevuyst.com\/fr\/?s={search_term_string}"},"query-input":{"@type":"PropertyValueSpecification","valueRequired":true,"valueName":"search_term_string"}}],"inLanguage":"fr-FR"},{"@type":"Organization","@id":"https:\/\/nellydevuyst.com\/fr\/#organization","name":"Nelly De Vuyst Skin Care","alternateName":"NDV Skin Care","url":"https:\/\/nellydevuyst.com\/fr\/","logo":{"@type":"ImageObject","inLanguage":"fr-FR","@id":"https:\/\/nellydevuyst.com\/fr\/#\/schema\/logo\/image\/","url":"https:\/\/nellydevuyst.com\/wp-content\/uploads\/2024\/01\/ndv-logo-favico.png","contentUrl":"https:\/\/nellydevuyst.com\/wp-content\/uploads\/2024\/01\/ndv-logo-favico.png","width":512,"height":512,"caption":"Nelly De Vuyst Skin Care"},"image":{"@id":"https:\/\/nellydevuyst.com\/fr\/#\/schema\/logo\/image\/"},"sameAs":["https:\/\/www.facebook.com\/NellyDeVuystSkincare\/","https:\/\/www.instagram.com\/nelly_devuyst\/","https:\/\/www.youtube.com\/user\/derme8282","https:\/\/www.tiktok.com\/@nellydevuyst","https:\/\/www.pinterest.com.mx\/nellydevuystskincare\/"]}]}},"_links":{"self":[{"href":"https:\/\/nellydevuyst.com\/fr\/wp-json\/wp\/v2\/product\/2604","targetHints":{"allow":["GET"]}}],"collection":[{"href":"https:\/\/nellydevuyst.com\/fr\/wp-json\/wp\/v2\/product"}],"about":[{"href":"https:\/\/nellydevuyst.com\/fr\/wp-json\/wp\/v2\/types\/product"}],"replies":[{"embeddable":true,"href":"https:\/\/nellydevuyst.com\/fr\/wp-json\/wp\/v2\/comments?post=2604"}],"wp:featuredmedia":[{"embeddable":true,"href":"https:\/\/nellydevuyst.com\/fr\/wp-json\/wp\/v2\/media\/14173"}],"wp:attachment":[{"href":"https:\/\/nellydevuyst.com\/fr\/wp-json\/wp\/v2\/media?parent=2604"}],"wp:term":[{"taxonomy":"product_brand","embeddable":true,"href":"https:\/\/nellydevuyst.com\/fr\/wp-json\/wp\/v2\/product_brand?post=2604"},{"taxonomy":"product_cat","embeddable":true,"href":"https:\/\/nellydevuyst.com\/fr\/wp-json\/wp\/v2\/product_cat?post=2604"},{"taxonomy":"product_tag","embeddable":true,"href":"https:\/\/nellydevuyst.com\/fr\/wp-json\/wp\/v2\/product_tag?post=2604"},{"taxonomy":"giftcard-category","embeddable":true,"href":"https:\/\/nellydevuyst.com\/fr\/wp-json\/wp\/v2\/giftcard-category?post=2604"}],"curies":[{"name":"wp","href":"https:\/\/api.w.org\/{rel}","templated":true}]}}