{"id":2621,"date":"2020-04-16T12:28:39","date_gmt":"2020-04-16T16:28:39","guid":{"rendered":"https:\/\/nellydevuyst.com\/?post_type=product&#038;p=2621"},"modified":"2026-03-08T20:07:27","modified_gmt":"2026-03-09T00:07:27","slug":"soft-net-creme-nettoyante-pure-voyage","status":"publish","type":"product","link":"https:\/\/nellydevuyst.com\/fr\/produit\/soft-net-creme-nettoyante-pure-voyage\/","title":{"rendered":"Soft Net Cr\u00e8me Nettoyante Pure (Voyage)"},"content":{"rendered":"<h2 class=\"uppercase\">Cr\u00e8me nettoyante luxueuse pour le visage pour un \u00e9clat pur<\/h2>\n<p>Voici notre luxueuse cr\u00e8me nettoyante pour le visage, un soin essentiel con\u00e7u pour offrir une exp\u00e9rience de nettoyage efficace et profond\u00e9ment nourrissante. Immergez-vous dans sa texture cr\u00e9meuse qui enveloppe d\u00e9licatement votre peau et \u00e9limine sans effort les impuret\u00e9s de votre visage et de votre cou. Formul\u00e9 avec pr\u00e9cision, ce nettoyant p\u00e9n\u00e8tre dans les pores pour \u00e9liminer la salet\u00e9, l&rsquo;exc\u00e8s de s\u00e9bum et le maquillage, laissant votre peau rafra\u00eechie, revitalis\u00e9e et hydrat\u00e9e. Enrichi d&rsquo;ingr\u00e9dients puissants mais doux, notre nettoyant cr\u00e9meux assure un nettoyage en profondeur sans enlever l&rsquo;hydratation essentielle, favorisant un teint doux et souple.<\/p>\n<p>Faites l&rsquo;exp\u00e9rience de notre m\u00e9lange unique, con\u00e7u pour offrir \u00e0 votre peau un traitement de type spa tous les jours. Am\u00e9liorez votre routine de soins de la peau avec notre cr\u00e8me nettoyante Soft Net, en adoptant la beaut\u00e9 d&rsquo;un nettoyage purifiant en profondeur pour un \u00e9clat radieux et lumineux.<\/p>\n","protected":false},"excerpt":{"rendered":"<p>Nettoyez votre peau en profondeur et revitalisez-la avec notre Cr\u00e8me Nettoyante Soft Net. C\u2019est un soin essentiel con\u00e7u pour offrir une exp\u00e9rience de nettoyage efficace et profond\u00e9ment nourrissante. Sa formule respecte la barri\u00e8re hydrolipidique tout en maintenant le pH de la peau, vous permettant ainsi d\u2019\u00e9liminer sans effort les impuret\u00e9s de votre visage et de votre cou.<\/p>\n<ul>\n<li class=\"bullet-arrow\"><strong>Texture :<\/strong> Cr\u00e8me<\/li>\n<li class=\"bullet-arrow\"><strong>Type de peau :<\/strong> Tous les types de peau<\/li>\n<li class=\"bullet-arrow\"><strong>Pr\u00e9occupations de la peau :<\/strong> Peau grasse, peau impure<\/li>\n<li class=\"bullet-arrow\"><strong>Format:<\/strong> 1.00 oz. &#8211; 30 g <em>(Pompe sans air)<\/em><\/li>\n<\/ul>\n<div class=\"row row-full-width align-equal\"  id=\"row-1468874585\">\n\t<div id=\"col-1135554261\" class=\"col small-12 large-12\"  >\n\t\t\t\t<div class=\"col-inner\"  >\n\t\t\t\n\t\t\t\n\n  \n    <div class=\"row large-columns-8 medium-columns-8 small-columns-8 row-collapse\" >\n  <div class=\"gallery-col col\" >\n          <div class=\"col-inner\">\n                        <div class=\"box has-hover gallery-box box-none\">\n              <div class=\"box-image\" >\n                <img width=\"1\" height=\"1\" src=\"https:\/\/nellydevuyst.com\/wp-content\/uploads\/2023\/05\/ANIMALCRUELTY-EN.svg\" class=\"attachment-medium size-medium\" alt=\"NO ANIMAL CRUELTY\" ids=\"12303,12319,12321,12309\" style=\"none\" lightbox=\"false\" col_spacing=\"collapse\" columns=\"8\" columns__sm=\"8\" columns__md=\"8\" decoding=\"async\" loading=\"lazy\" \/>                                                              <\/div>\n              <div class=\"box-text text-left\" >\n                 <p>NO ANIMAL CRUELTY <\/p>\n              <\/div>\n            <\/div>\n                      <\/div>\n         <\/div><div class=\"gallery-col col\" >\n          <div class=\"col-inner\">\n                        <div class=\"box has-hover gallery-box box-none\">\n              <div class=\"box-image\" >\n                <img width=\"1\" height=\"1\" src=\"https:\/\/nellydevuyst.com\/wp-content\/uploads\/2023\/05\/OGM-FR.svg\" class=\"attachment-medium size-medium\" alt=\"GLUTEN OGM\" ids=\"12303,12319,12321,12309\" style=\"none\" lightbox=\"false\" col_spacing=\"collapse\" columns=\"8\" columns__sm=\"8\" columns__md=\"8\" decoding=\"async\" loading=\"lazy\" \/>                                                              <\/div>\n              <div class=\"box-text text-left\" >\n                 <p>GLUTEN OGM<\/p>\n              <\/div>\n            <\/div>\n                      <\/div>\n         <\/div><div class=\"gallery-col col\" >\n          <div class=\"col-inner\">\n                        <div class=\"box has-hover gallery-box box-none\">\n              <div class=\"box-image\" >\n                <img width=\"1\" height=\"1\" src=\"https:\/\/nellydevuyst.com\/wp-content\/uploads\/2023\/05\/RECYCLABLE-EN.svg\" class=\"attachment-medium size-medium\" alt=\"RECYCLABLE\" ids=\"12303,12319,12321,12309\" style=\"none\" lightbox=\"false\" col_spacing=\"collapse\" columns=\"8\" columns__sm=\"8\" columns__md=\"8\" decoding=\"async\" loading=\"lazy\" \/>                                                              <\/div>\n              <div class=\"box-text text-left\" >\n                 <p>RECYCLABLE<\/p>\n              <\/div>\n            <\/div>\n                      <\/div>\n         <\/div><div class=\"gallery-col col\" >\n          <div class=\"col-inner\">\n                        <div class=\"box has-hover gallery-box box-none\">\n              <div class=\"box-image\" >\n                <img width=\"1\" height=\"1\" src=\"https:\/\/nellydevuyst.com\/wp-content\/uploads\/2023\/05\/CANADA-FR.svg\" class=\"attachment-medium size-medium\" alt=\"FABRIQUE AU CANADA\" ids=\"12303,12319,12321,12309\" style=\"none\" lightbox=\"false\" col_spacing=\"collapse\" columns=\"8\" columns__sm=\"8\" columns__md=\"8\" decoding=\"async\" loading=\"lazy\" \/>                                                              <\/div>\n              <div class=\"box-text text-left\" >\n                 <p>FABRIQUE AU CANADA<\/p>\n              <\/div>\n            <\/div>\n                      <\/div>\n         <\/div><\/div>\n\t\t<\/div>\n\t\t\t\t\t<\/div>\n\n\t<\/div>\n","protected":false},"featured_media":14372,"comment_status":"open","ping_status":"closed","template":"","meta":[],"product_brand":[],"product_cat":[531,184,520],"product_tag":[228,222,225,227,235,243],"giftcard-category":[],"class_list":{"0":"post-2621","1":"product","2":"type-product","3":"status-publish","4":"has-post-thumbnail","6":"product_cat-formats-voyage","7":"product_cat-nettoyants","8":"product_cat-collection-pure","9":"product_tag-equilibrage-du-ph","10":"product_tag-nettoyant","11":"product_tag-peau-grasse","12":"product_tag-peau-impure","13":"product_tag-points-noirs","14":"product_tag-visage","16":"first","17":"instock","18":"taxable","19":"shipping-taxable","20":"purchasable","21":"product-type-simple"},"yoast_head":"<!-- This site is optimized with the Yoast SEO plugin v27.2 - https:\/\/yoast.com\/product\/yoast-seo-wordpress\/ -->\n<title>Soft Net Cr\u00e8me Nettoyante Pure (Voyage) | Nelly De Vuyst\u00ae Skin Care<\/title>\n<meta name=\"description\" content=\"Profitez de la cr\u00e8me nettoyante Pure Soft Net lors de vos d\u00e9placements. Elimine les impuret\u00e9s et revitalise la peau.\" \/>\n<meta name=\"robots\" content=\"index, follow, max-snippet:-1, max-image-preview:large, max-video-preview:-1\" \/>\n<link rel=\"canonical\" href=\"https:\/\/nellydevuyst.com\/fr\/produit\/soft-net-creme-nettoyante-pure-voyage\/\" \/>\n<meta property=\"og:locale\" content=\"fr_FR\" \/>\n<meta property=\"og:type\" content=\"article\" \/>\n<meta property=\"og:title\" content=\"Soft Net Cr\u00e8me Nettoyante Pure (Voyage) | Nelly De Vuyst\u00ae Skin Care\" \/>\n<meta property=\"og:description\" content=\"Profitez de la cr\u00e8me nettoyante Pure Soft Net lors de vos d\u00e9placements. Elimine les impuret\u00e9s et revitalise la peau.\" \/>\n<meta property=\"og:url\" content=\"https:\/\/nellydevuyst.com\/fr\/produit\/soft-net-creme-nettoyante-pure-voyage\/\" \/>\n<meta property=\"og:site_name\" content=\"Nelly De Vuyst\u00ae Skin Care\" \/>\n<meta property=\"article:publisher\" content=\"https:\/\/www.facebook.com\/NellyDeVuystSkincare\/\" \/>\n<meta property=\"article:modified_time\" content=\"2026-03-09T00:07:27+00:00\" \/>\n<meta property=\"og:image\" content=\"https:\/\/nellydevuyst.com\/wp-content\/uploads\/2013\/08\/Pure-Soft-Net-Cleansing-Cream-Travel.jpg\" \/>\n\t<meta property=\"og:image:width\" content=\"1200\" \/>\n\t<meta property=\"og:image:height\" content=\"1200\" \/>\n\t<meta property=\"og:image:type\" content=\"image\/jpeg\" \/>\n<meta name=\"twitter:card\" content=\"summary_large_image\" \/>\n<script type=\"application\/ld+json\" class=\"yoast-schema-graph\">{\"@context\":\"https:\/\/schema.org\",\"@graph\":[{\"@type\":[\"WebPage\",\"ItemPage\"],\"@id\":\"https:\/\/nellydevuyst.com\/fr\/produit\/soft-net-creme-nettoyante-pure-voyage\/\",\"url\":\"https:\/\/nellydevuyst.com\/fr\/produit\/soft-net-creme-nettoyante-pure-voyage\/\",\"name\":\"Soft Net Cr\u00e8me Nettoyante Pure (Voyage) | Nelly De Vuyst\u00ae Skin Care\",\"isPartOf\":{\"@id\":\"https:\/\/nellydevuyst.com\/fr\/#website\"},\"primaryImageOfPage\":{\"@id\":\"https:\/\/nellydevuyst.com\/fr\/produit\/soft-net-creme-nettoyante-pure-voyage\/#primaryimage\"},\"image\":{\"@id\":\"https:\/\/nellydevuyst.com\/fr\/produit\/soft-net-creme-nettoyante-pure-voyage\/#primaryimage\"},\"thumbnailUrl\":\"https:\/\/nellydevuyst.com\/wp-content\/uploads\/2013\/08\/Pure-Soft-Net-Cleansing-Cream-Travel.jpg\",\"datePublished\":\"2020-04-16T16:28:39+00:00\",\"dateModified\":\"2026-03-09T00:07:27+00:00\",\"description\":\"Profitez de la cr\u00e8me nettoyante Pure Soft Net lors de vos d\u00e9placements. Elimine les impuret\u00e9s et revitalise la peau.\",\"breadcrumb\":{\"@id\":\"https:\/\/nellydevuyst.com\/fr\/produit\/soft-net-creme-nettoyante-pure-voyage\/#breadcrumb\"},\"inLanguage\":\"fr-FR\",\"potentialAction\":[{\"@type\":\"ReadAction\",\"target\":[\"https:\/\/nellydevuyst.com\/fr\/produit\/soft-net-creme-nettoyante-pure-voyage\/\"]}]},{\"@type\":\"ImageObject\",\"inLanguage\":\"fr-FR\",\"@id\":\"https:\/\/nellydevuyst.com\/fr\/produit\/soft-net-creme-nettoyante-pure-voyage\/#primaryimage\",\"url\":\"https:\/\/nellydevuyst.com\/wp-content\/uploads\/2013\/08\/Pure-Soft-Net-Cleansing-Cream-Travel.jpg\",\"contentUrl\":\"https:\/\/nellydevuyst.com\/wp-content\/uploads\/2013\/08\/Pure-Soft-Net-Cleansing-Cream-Travel.jpg\",\"width\":1200,\"height\":1200,\"caption\":\"Soft Net Cr\u00e8me Nettoyante Pure\"},{\"@type\":\"BreadcrumbList\",\"@id\":\"https:\/\/nellydevuyst.com\/fr\/produit\/soft-net-creme-nettoyante-pure-voyage\/#breadcrumb\",\"itemListElement\":[{\"@type\":\"ListItem\",\"position\":1,\"name\":\"Home\",\"item\":\"https:\/\/nellydevuyst.com\/fr\/\"},{\"@type\":\"ListItem\",\"position\":2,\"name\":\"Boutique\",\"item\":\"https:\/\/nellydevuyst.com\/fr\/boutique\/\"},{\"@type\":\"ListItem\",\"position\":3,\"name\":\"Soft Net Cr\u00e8me Nettoyante Pure (Voyage)\"}]},{\"@type\":\"WebSite\",\"@id\":\"https:\/\/nellydevuyst.com\/fr\/#website\",\"url\":\"https:\/\/nellydevuyst.com\/fr\/\",\"name\":\"Nelly De Vuyst\u00ae Skin Care\",\"description\":\"The Best of Science and Nature\",\"publisher\":{\"@id\":\"https:\/\/nellydevuyst.com\/fr\/#organization\"},\"alternateName\":\"NDV Skin Care\",\"potentialAction\":[{\"@type\":\"SearchAction\",\"target\":{\"@type\":\"EntryPoint\",\"urlTemplate\":\"https:\/\/nellydevuyst.com\/fr\/?s={search_term_string}\"},\"query-input\":{\"@type\":\"PropertyValueSpecification\",\"valueRequired\":true,\"valueName\":\"search_term_string\"}}],\"inLanguage\":\"fr-FR\"},{\"@type\":\"Organization\",\"@id\":\"https:\/\/nellydevuyst.com\/fr\/#organization\",\"name\":\"Nelly De Vuyst Skin Care\",\"alternateName\":\"NDV Skin Care\",\"url\":\"https:\/\/nellydevuyst.com\/fr\/\",\"logo\":{\"@type\":\"ImageObject\",\"inLanguage\":\"fr-FR\",\"@id\":\"https:\/\/nellydevuyst.com\/fr\/#\/schema\/logo\/image\/\",\"url\":\"https:\/\/nellydevuyst.com\/wp-content\/uploads\/2024\/01\/ndv-logo-favico.png\",\"contentUrl\":\"https:\/\/nellydevuyst.com\/wp-content\/uploads\/2024\/01\/ndv-logo-favico.png\",\"width\":512,\"height\":512,\"caption\":\"Nelly De Vuyst Skin Care\"},\"image\":{\"@id\":\"https:\/\/nellydevuyst.com\/fr\/#\/schema\/logo\/image\/\"},\"sameAs\":[\"https:\/\/www.facebook.com\/NellyDeVuystSkincare\/\",\"https:\/\/www.instagram.com\/nelly_devuyst\/\",\"https:\/\/www.youtube.com\/user\/derme8282\",\"https:\/\/www.tiktok.com\/@nellydevuyst\",\"https:\/\/www.pinterest.com.mx\/nellydevuystskincare\/\"]}]}<\/script>\n<!-- \/ Yoast SEO plugin. -->","yoast_head_json":{"title":"Soft Net Cr\u00e8me Nettoyante Pure (Voyage) | Nelly De Vuyst\u00ae Skin Care","description":"Profitez de la cr\u00e8me nettoyante Pure Soft Net lors de vos d\u00e9placements. Elimine les impuret\u00e9s et revitalise la peau.","robots":{"index":"index","follow":"follow","max-snippet":"max-snippet:-1","max-image-preview":"max-image-preview:large","max-video-preview":"max-video-preview:-1"},"canonical":"https:\/\/nellydevuyst.com\/fr\/produit\/soft-net-creme-nettoyante-pure-voyage\/","og_locale":"fr_FR","og_type":"article","og_title":"Soft Net Cr\u00e8me Nettoyante Pure (Voyage) | Nelly De Vuyst\u00ae Skin Care","og_description":"Profitez de la cr\u00e8me nettoyante Pure Soft Net lors de vos d\u00e9placements. Elimine les impuret\u00e9s et revitalise la peau.","og_url":"https:\/\/nellydevuyst.com\/fr\/produit\/soft-net-creme-nettoyante-pure-voyage\/","og_site_name":"Nelly De Vuyst\u00ae Skin Care","article_publisher":"https:\/\/www.facebook.com\/NellyDeVuystSkincare\/","article_modified_time":"2026-03-09T00:07:27+00:00","og_image":[{"width":1200,"height":1200,"url":"https:\/\/nellydevuyst.com\/wp-content\/uploads\/2013\/08\/Pure-Soft-Net-Cleansing-Cream-Travel.jpg","type":"image\/jpeg"}],"twitter_card":"summary_large_image","schema":{"@context":"https:\/\/schema.org","@graph":[{"@type":["WebPage","ItemPage"],"@id":"https:\/\/nellydevuyst.com\/fr\/produit\/soft-net-creme-nettoyante-pure-voyage\/","url":"https:\/\/nellydevuyst.com\/fr\/produit\/soft-net-creme-nettoyante-pure-voyage\/","name":"Soft Net Cr\u00e8me Nettoyante Pure (Voyage) | Nelly De Vuyst\u00ae Skin Care","isPartOf":{"@id":"https:\/\/nellydevuyst.com\/fr\/#website"},"primaryImageOfPage":{"@id":"https:\/\/nellydevuyst.com\/fr\/produit\/soft-net-creme-nettoyante-pure-voyage\/#primaryimage"},"image":{"@id":"https:\/\/nellydevuyst.com\/fr\/produit\/soft-net-creme-nettoyante-pure-voyage\/#primaryimage"},"thumbnailUrl":"https:\/\/nellydevuyst.com\/wp-content\/uploads\/2013\/08\/Pure-Soft-Net-Cleansing-Cream-Travel.jpg","datePublished":"2020-04-16T16:28:39+00:00","dateModified":"2026-03-09T00:07:27+00:00","description":"Profitez de la cr\u00e8me nettoyante Pure Soft Net lors de vos d\u00e9placements. Elimine les impuret\u00e9s et revitalise la peau.","breadcrumb":{"@id":"https:\/\/nellydevuyst.com\/fr\/produit\/soft-net-creme-nettoyante-pure-voyage\/#breadcrumb"},"inLanguage":"fr-FR","potentialAction":[{"@type":"ReadAction","target":["https:\/\/nellydevuyst.com\/fr\/produit\/soft-net-creme-nettoyante-pure-voyage\/"]}]},{"@type":"ImageObject","inLanguage":"fr-FR","@id":"https:\/\/nellydevuyst.com\/fr\/produit\/soft-net-creme-nettoyante-pure-voyage\/#primaryimage","url":"https:\/\/nellydevuyst.com\/wp-content\/uploads\/2013\/08\/Pure-Soft-Net-Cleansing-Cream-Travel.jpg","contentUrl":"https:\/\/nellydevuyst.com\/wp-content\/uploads\/2013\/08\/Pure-Soft-Net-Cleansing-Cream-Travel.jpg","width":1200,"height":1200,"caption":"Soft Net Cr\u00e8me Nettoyante Pure"},{"@type":"BreadcrumbList","@id":"https:\/\/nellydevuyst.com\/fr\/produit\/soft-net-creme-nettoyante-pure-voyage\/#breadcrumb","itemListElement":[{"@type":"ListItem","position":1,"name":"Home","item":"https:\/\/nellydevuyst.com\/fr\/"},{"@type":"ListItem","position":2,"name":"Boutique","item":"https:\/\/nellydevuyst.com\/fr\/boutique\/"},{"@type":"ListItem","position":3,"name":"Soft Net Cr\u00e8me Nettoyante Pure (Voyage)"}]},{"@type":"WebSite","@id":"https:\/\/nellydevuyst.com\/fr\/#website","url":"https:\/\/nellydevuyst.com\/fr\/","name":"Nelly De Vuyst\u00ae Skin Care","description":"The Best of Science and Nature","publisher":{"@id":"https:\/\/nellydevuyst.com\/fr\/#organization"},"alternateName":"NDV Skin Care","potentialAction":[{"@type":"SearchAction","target":{"@type":"EntryPoint","urlTemplate":"https:\/\/nellydevuyst.com\/fr\/?s={search_term_string}"},"query-input":{"@type":"PropertyValueSpecification","valueRequired":true,"valueName":"search_term_string"}}],"inLanguage":"fr-FR"},{"@type":"Organization","@id":"https:\/\/nellydevuyst.com\/fr\/#organization","name":"Nelly De Vuyst Skin Care","alternateName":"NDV Skin Care","url":"https:\/\/nellydevuyst.com\/fr\/","logo":{"@type":"ImageObject","inLanguage":"fr-FR","@id":"https:\/\/nellydevuyst.com\/fr\/#\/schema\/logo\/image\/","url":"https:\/\/nellydevuyst.com\/wp-content\/uploads\/2024\/01\/ndv-logo-favico.png","contentUrl":"https:\/\/nellydevuyst.com\/wp-content\/uploads\/2024\/01\/ndv-logo-favico.png","width":512,"height":512,"caption":"Nelly De Vuyst Skin Care"},"image":{"@id":"https:\/\/nellydevuyst.com\/fr\/#\/schema\/logo\/image\/"},"sameAs":["https:\/\/www.facebook.com\/NellyDeVuystSkincare\/","https:\/\/www.instagram.com\/nelly_devuyst\/","https:\/\/www.youtube.com\/user\/derme8282","https:\/\/www.tiktok.com\/@nellydevuyst","https:\/\/www.pinterest.com.mx\/nellydevuystskincare\/"]}]}},"_links":{"self":[{"href":"https:\/\/nellydevuyst.com\/fr\/wp-json\/wp\/v2\/product\/2621","targetHints":{"allow":["GET"]}}],"collection":[{"href":"https:\/\/nellydevuyst.com\/fr\/wp-json\/wp\/v2\/product"}],"about":[{"href":"https:\/\/nellydevuyst.com\/fr\/wp-json\/wp\/v2\/types\/product"}],"replies":[{"embeddable":true,"href":"https:\/\/nellydevuyst.com\/fr\/wp-json\/wp\/v2\/comments?post=2621"}],"wp:featuredmedia":[{"embeddable":true,"href":"https:\/\/nellydevuyst.com\/fr\/wp-json\/wp\/v2\/media\/14372"}],"wp:attachment":[{"href":"https:\/\/nellydevuyst.com\/fr\/wp-json\/wp\/v2\/media?parent=2621"}],"wp:term":[{"taxonomy":"product_brand","embeddable":true,"href":"https:\/\/nellydevuyst.com\/fr\/wp-json\/wp\/v2\/product_brand?post=2621"},{"taxonomy":"product_cat","embeddable":true,"href":"https:\/\/nellydevuyst.com\/fr\/wp-json\/wp\/v2\/product_cat?post=2621"},{"taxonomy":"product_tag","embeddable":true,"href":"https:\/\/nellydevuyst.com\/fr\/wp-json\/wp\/v2\/product_tag?post=2621"},{"taxonomy":"giftcard-category","embeddable":true,"href":"https:\/\/nellydevuyst.com\/fr\/wp-json\/wp\/v2\/giftcard-category?post=2621"}],"curies":[{"name":"wp","href":"https:\/\/api.w.org\/{rel}","templated":true}]}}