{"id":4275,"date":"2021-02-01T09:56:41","date_gmt":"2021-02-01T14:56:41","guid":{"rendered":"https:\/\/nellydevuyst.com\/product\/eye-make-up-remover\/"},"modified":"2026-03-08T08:53:02","modified_gmt":"2026-03-08T12:53:02","slug":"demaquillant-pour-le-contour-des-yeux","status":"publish","type":"product","link":"https:\/\/nellydevuyst.com\/fr\/produit\/demaquillant-pour-le-contour-des-yeux\/","title":{"rendered":"D\u00e9maquillant Pour le Contour des Yeux"},"content":{"rendered":"<h2 class=\"uppercase\">D\u00e9maquillez vos yeux sans effort avec notre d\u00e9maquillant pour le contour des yeux<\/h2>\n<p>D\u00e9couvrez une solution douce mais efficace pour d\u00e9maquiller les yeux avec notre d\u00e9maquillant pour le contour des yeux. D\u00e9velopp\u00e9 en tenant compte de la nature d\u00e9licate du contour des yeux, notre d\u00e9maquillant doux pour les yeux dissout efficacement toutes les traces de maquillage, y compris les formules r\u00e9sistantes \u00e0 l&rsquo;eau, sans provoquer de frottement ou d&rsquo;irritation inutiles. Chaque utilisation procure une sensation de propret\u00e9 et de fra\u00eecheur autour des yeux, tout en garantissant le confort de la peau.<\/p>\n<p>Priorisant le bien-\u00eatre de vos paupi\u00e8res, notre d\u00e9maquillant pour les yeux est formul\u00e9 pour offrir une exp\u00e9rience de nettoyage s\u00fbre et confortable. Sans huile ni parfum, cette formule non-irritante convient aux peaux sensibles et aux extensions de cils.<\/p>\n<p>Notre formule douce aide \u00e9galement \u00e0 maintenir l&rsquo;\u00e9quilibre naturel de l&rsquo;hydratation de la peau, laissant le contour des yeux doux, lisse et confortable. Faites de notre d\u00e9maquillant un \u00e9l\u00e9ment essentiel de votre routine beaut\u00e9 et profitez de la beaut\u00e9 d&rsquo;une peau propre sans effort.<\/p>\n<p>Conform\u00e9ment \u00e0 notre engagement envers votre peau et l&rsquo;environnement, ce d\u00e9maquillant pour les yeux est biod\u00e9gradable, sans alcool, sans silicone, sans parab\u00e8ne, sans PEG, sans gluten, sans OGM, sans perturbateur endocrinien, sans goudron, sans quaternium, sans colorant et n&rsquo;a pas \u00e9t\u00e9 test\u00e9 sur les animaux.<\/p>\n","protected":false},"excerpt":{"rendered":"<p>D\u00e9maquillez vos yeux sans effort gr\u00e2ce \u00e0 notre formule \u00e0 la fois douce et efficace. Sp\u00e9cialement con\u00e7u pour la zone sensible des yeux, notre d\u00e9maquillant micellaire pour les yeux est sans huile et sans parfum, ce qui en fait le d\u00e9maquillant non-irritant id\u00e9al pour les peaux sensibles et les extensions de cils. D\u00e9couvrez une peau propre et rafra\u00eechie sans irritation.<\/p>\n<ul>\n<li class=\"bullet-arrow\"><strong>Texture :<\/strong> Liquide<\/li>\n<li class=\"bullet-arrow\"><strong>Type de peau :<\/strong> Tous les types de peau<\/li>\n<li class=\"bullet-arrow\"><strong>Pr\u00e9occupations cutan\u00e9es :<\/strong> Contour des yeux<\/li>\n<li class=\"bullet-arrow\"><strong>Forma t:<\/strong> 1.00 fl.oz. &#8211; 30 ml <em>(Pompe sans air)<\/em><\/li>\n<\/ul>\n<div class=\"row row-full-width align-equal\"  id=\"row-1835205430\">\n\t<div id=\"col-1026764807\" class=\"col small-12 large-12\"  >\n\t\t\t\t<div class=\"col-inner\"  >\n\t\t\t\n\t\t\t\n\n  \n    <div class=\"row large-columns-8 medium-columns-8 small-columns-8 row-collapse\" >\n  <div class=\"gallery-col col\" >\n          <div class=\"col-inner\">\n                        <div class=\"box has-hover gallery-box box-none\">\n              <div class=\"box-image\" >\n                <img width=\"1\" height=\"1\" src=\"https:\/\/nellydevuyst.com\/wp-content\/uploads\/2023\/05\/VEGAN-EN.svg\" class=\"attachment-medium size-medium\" alt=\"VEGAN\" ids=\"12323,12303,12319,12321,12309\" style=\"none\" lightbox=\"false\" col_spacing=\"collapse\" columns=\"8\" columns__sm=\"8\" columns__md=\"8\" decoding=\"async\" loading=\"lazy\" \/>                                                              <\/div>\n              <div class=\"box-text text-left\" >\n                 <p>VEGAN<\/p>\n              <\/div>\n            <\/div>\n                      <\/div>\n         <\/div><div class=\"gallery-col col\" >\n          <div class=\"col-inner\">\n                        <div class=\"box has-hover gallery-box box-none\">\n              <div class=\"box-image\" >\n                <img width=\"1\" height=\"1\" src=\"https:\/\/nellydevuyst.com\/wp-content\/uploads\/2023\/05\/ANIMALCRUELTY-EN.svg\" class=\"attachment-medium size-medium\" alt=\"NO ANIMAL CRUELTY\" ids=\"12323,12303,12319,12321,12309\" style=\"none\" lightbox=\"false\" col_spacing=\"collapse\" columns=\"8\" columns__sm=\"8\" columns__md=\"8\" decoding=\"async\" loading=\"lazy\" \/>                                                              <\/div>\n              <div class=\"box-text text-left\" >\n                 <p>NO ANIMAL CRUELTY <\/p>\n              <\/div>\n            <\/div>\n                      <\/div>\n         <\/div><div class=\"gallery-col col\" >\n          <div class=\"col-inner\">\n                        <div class=\"box has-hover gallery-box box-none\">\n              <div class=\"box-image\" >\n                <img width=\"1\" height=\"1\" src=\"https:\/\/nellydevuyst.com\/wp-content\/uploads\/2023\/05\/OGM-FR.svg\" class=\"attachment-medium size-medium\" alt=\"GLUTEN OGM\" ids=\"12323,12303,12319,12321,12309\" style=\"none\" lightbox=\"false\" col_spacing=\"collapse\" columns=\"8\" columns__sm=\"8\" columns__md=\"8\" decoding=\"async\" loading=\"lazy\" \/>                                                              <\/div>\n              <div class=\"box-text text-left\" >\n                 <p>GLUTEN OGM<\/p>\n              <\/div>\n            <\/div>\n                      <\/div>\n         <\/div><div class=\"gallery-col col\" >\n          <div class=\"col-inner\">\n                        <div class=\"box has-hover gallery-box box-none\">\n              <div class=\"box-image\" >\n                <img width=\"1\" height=\"1\" src=\"https:\/\/nellydevuyst.com\/wp-content\/uploads\/2023\/05\/RECYCLABLE-EN.svg\" class=\"attachment-medium size-medium\" alt=\"RECYCLABLE\" ids=\"12323,12303,12319,12321,12309\" style=\"none\" lightbox=\"false\" col_spacing=\"collapse\" columns=\"8\" columns__sm=\"8\" columns__md=\"8\" decoding=\"async\" loading=\"lazy\" \/>                                                              <\/div>\n              <div class=\"box-text text-left\" >\n                 <p>RECYCLABLE<\/p>\n              <\/div>\n            <\/div>\n                      <\/div>\n         <\/div><div class=\"gallery-col col\" >\n          <div class=\"col-inner\">\n                        <div class=\"box has-hover gallery-box box-none\">\n              <div class=\"box-image\" >\n                <img width=\"1\" height=\"1\" src=\"https:\/\/nellydevuyst.com\/wp-content\/uploads\/2023\/05\/CANADA-FR.svg\" class=\"attachment-medium size-medium\" alt=\"FABRIQUE AU CANADA\" ids=\"12323,12303,12319,12321,12309\" style=\"none\" lightbox=\"false\" col_spacing=\"collapse\" columns=\"8\" columns__sm=\"8\" columns__md=\"8\" decoding=\"async\" loading=\"lazy\" \/>                                                              <\/div>\n              <div class=\"box-text text-left\" >\n                 <p>FABRIQUE AU CANADA<\/p>\n              <\/div>\n            <\/div>\n                      <\/div>\n         <\/div><\/div>\n\t\t<\/div>\n\t\t\t\t\t<\/div>\n\n\t<\/div>\n","protected":false},"featured_media":14198,"comment_status":"open","ping_status":"closed","template":"","meta":[],"product_brand":[],"product_cat":[506,525,526,184],"product_tag":[269],"giftcard-category":[],"class_list":{"0":"post-4275","1":"product","2":"type-product","3":"status-publish","4":"has-post-thumbnail","6":"product_cat-collection-contour-des-yeux","7":"product_cat-contour-des-yeux-cernes","8":"product_cat-contour-des-yeux-rides","9":"product_cat-nettoyants","10":"product_tag-contour-des-yeux","12":"first","13":"instock","14":"taxable","15":"shipping-taxable","16":"purchasable","17":"product-type-simple"},"yoast_head":"<!-- This site is optimized with the Yoast SEO plugin v27.2 - https:\/\/yoast.com\/product\/yoast-seo-wordpress\/ -->\n<title>D\u00e9maquillant Pour le Contour des Yeux | Nelly De Vuyst\u00ae Skin Care<\/title>\n<meta name=\"description\" content=\"Notre formule douce permet un d\u00e9maquillage efficace des yeux. Parfaite pour les yeux sensibles et les peaux s\u00e8ches, elle \u00e9limine le maquillage r\u00e9sistant \u00e0 l&#039;eau et convient aux extensions de cils.\" \/>\n<meta name=\"robots\" content=\"index, follow, max-snippet:-1, max-image-preview:large, max-video-preview:-1\" \/>\n<link rel=\"canonical\" href=\"https:\/\/nellydevuyst.com\/fr\/produit\/demaquillant-pour-le-contour-des-yeux\/\" \/>\n<meta property=\"og:locale\" content=\"fr_FR\" \/>\n<meta property=\"og:type\" content=\"article\" \/>\n<meta property=\"og:title\" content=\"D\u00e9maquillant Pour le Contour des Yeux | Nelly De Vuyst\u00ae Skin Care\" \/>\n<meta property=\"og:description\" content=\"Notre formule douce permet un d\u00e9maquillage efficace des yeux. Parfaite pour les yeux sensibles et les peaux s\u00e8ches, elle \u00e9limine le maquillage r\u00e9sistant \u00e0 l&#039;eau et convient aux extensions de cils.\" \/>\n<meta property=\"og:url\" content=\"https:\/\/nellydevuyst.com\/fr\/produit\/demaquillant-pour-le-contour-des-yeux\/\" \/>\n<meta property=\"og:site_name\" content=\"Nelly De Vuyst\u00ae Skin Care\" \/>\n<meta property=\"article:publisher\" content=\"https:\/\/www.facebook.com\/NellyDeVuystSkincare\/\" \/>\n<meta property=\"article:modified_time\" content=\"2026-03-08T12:53:02+00:00\" \/>\n<meta property=\"og:image\" content=\"https:\/\/nellydevuyst.com\/wp-content\/uploads\/2021\/02\/Eye-Contour-Make-Up-Remover.jpg\" \/>\n\t<meta property=\"og:image:width\" content=\"1200\" \/>\n\t<meta property=\"og:image:height\" content=\"1200\" \/>\n\t<meta property=\"og:image:type\" content=\"image\/jpeg\" \/>\n<meta name=\"twitter:card\" content=\"summary_large_image\" \/>\n<script type=\"application\/ld+json\" class=\"yoast-schema-graph\">{\"@context\":\"https:\/\/schema.org\",\"@graph\":[{\"@type\":[\"WebPage\",\"ItemPage\"],\"@id\":\"https:\/\/nellydevuyst.com\/fr\/produit\/demaquillant-pour-le-contour-des-yeux\/\",\"url\":\"https:\/\/nellydevuyst.com\/fr\/produit\/demaquillant-pour-le-contour-des-yeux\/\",\"name\":\"D\u00e9maquillant Pour le Contour des Yeux | Nelly De Vuyst\u00ae Skin Care\",\"isPartOf\":{\"@id\":\"https:\/\/nellydevuyst.com\/fr\/#website\"},\"primaryImageOfPage\":{\"@id\":\"https:\/\/nellydevuyst.com\/fr\/produit\/demaquillant-pour-le-contour-des-yeux\/#primaryimage\"},\"image\":{\"@id\":\"https:\/\/nellydevuyst.com\/fr\/produit\/demaquillant-pour-le-contour-des-yeux\/#primaryimage\"},\"thumbnailUrl\":\"https:\/\/nellydevuyst.com\/wp-content\/uploads\/2021\/02\/Eye-Contour-Make-Up-Remover.jpg\",\"datePublished\":\"2021-02-01T14:56:41+00:00\",\"dateModified\":\"2026-03-08T12:53:02+00:00\",\"description\":\"Notre formule douce permet un d\u00e9maquillage efficace des yeux. Parfaite pour les yeux sensibles et les peaux s\u00e8ches, elle \u00e9limine le maquillage r\u00e9sistant \u00e0 l'eau et convient aux extensions de cils.\",\"breadcrumb\":{\"@id\":\"https:\/\/nellydevuyst.com\/fr\/produit\/demaquillant-pour-le-contour-des-yeux\/#breadcrumb\"},\"inLanguage\":\"fr-FR\",\"potentialAction\":[{\"@type\":\"ReadAction\",\"target\":[\"https:\/\/nellydevuyst.com\/fr\/produit\/demaquillant-pour-le-contour-des-yeux\/\"]}]},{\"@type\":\"ImageObject\",\"inLanguage\":\"fr-FR\",\"@id\":\"https:\/\/nellydevuyst.com\/fr\/produit\/demaquillant-pour-le-contour-des-yeux\/#primaryimage\",\"url\":\"https:\/\/nellydevuyst.com\/wp-content\/uploads\/2021\/02\/Eye-Contour-Make-Up-Remover.jpg\",\"contentUrl\":\"https:\/\/nellydevuyst.com\/wp-content\/uploads\/2021\/02\/Eye-Contour-Make-Up-Remover.jpg\",\"width\":1200,\"height\":1200,\"caption\":\"D\u00e9maquillant Pour Les Yeux\"},{\"@type\":\"BreadcrumbList\",\"@id\":\"https:\/\/nellydevuyst.com\/fr\/produit\/demaquillant-pour-le-contour-des-yeux\/#breadcrumb\",\"itemListElement\":[{\"@type\":\"ListItem\",\"position\":1,\"name\":\"Home\",\"item\":\"https:\/\/nellydevuyst.com\/fr\/\"},{\"@type\":\"ListItem\",\"position\":2,\"name\":\"Boutique\",\"item\":\"https:\/\/nellydevuyst.com\/fr\/boutique\/\"},{\"@type\":\"ListItem\",\"position\":3,\"name\":\"D\u00e9maquillant Pour le Contour des Yeux\"}]},{\"@type\":\"WebSite\",\"@id\":\"https:\/\/nellydevuyst.com\/fr\/#website\",\"url\":\"https:\/\/nellydevuyst.com\/fr\/\",\"name\":\"Nelly De Vuyst\u00ae Skin Care\",\"description\":\"The Best of Science and Nature\",\"publisher\":{\"@id\":\"https:\/\/nellydevuyst.com\/fr\/#organization\"},\"alternateName\":\"NDV Skin Care\",\"potentialAction\":[{\"@type\":\"SearchAction\",\"target\":{\"@type\":\"EntryPoint\",\"urlTemplate\":\"https:\/\/nellydevuyst.com\/fr\/?s={search_term_string}\"},\"query-input\":{\"@type\":\"PropertyValueSpecification\",\"valueRequired\":true,\"valueName\":\"search_term_string\"}}],\"inLanguage\":\"fr-FR\"},{\"@type\":\"Organization\",\"@id\":\"https:\/\/nellydevuyst.com\/fr\/#organization\",\"name\":\"Nelly De Vuyst Skin Care\",\"alternateName\":\"NDV Skin Care\",\"url\":\"https:\/\/nellydevuyst.com\/fr\/\",\"logo\":{\"@type\":\"ImageObject\",\"inLanguage\":\"fr-FR\",\"@id\":\"https:\/\/nellydevuyst.com\/fr\/#\/schema\/logo\/image\/\",\"url\":\"https:\/\/nellydevuyst.com\/wp-content\/uploads\/2024\/01\/ndv-logo-favico.png\",\"contentUrl\":\"https:\/\/nellydevuyst.com\/wp-content\/uploads\/2024\/01\/ndv-logo-favico.png\",\"width\":512,\"height\":512,\"caption\":\"Nelly De Vuyst Skin Care\"},\"image\":{\"@id\":\"https:\/\/nellydevuyst.com\/fr\/#\/schema\/logo\/image\/\"},\"sameAs\":[\"https:\/\/www.facebook.com\/NellyDeVuystSkincare\/\",\"https:\/\/www.instagram.com\/nelly_devuyst\/\",\"https:\/\/www.youtube.com\/user\/derme8282\",\"https:\/\/www.tiktok.com\/@nellydevuyst\",\"https:\/\/www.pinterest.com.mx\/nellydevuystskincare\/\"]}]}<\/script>\n<!-- \/ Yoast SEO plugin. -->","yoast_head_json":{"title":"D\u00e9maquillant Pour le Contour des Yeux | Nelly De Vuyst\u00ae Skin Care","description":"Notre formule douce permet un d\u00e9maquillage efficace des yeux. Parfaite pour les yeux sensibles et les peaux s\u00e8ches, elle \u00e9limine le maquillage r\u00e9sistant \u00e0 l'eau et convient aux extensions de cils.","robots":{"index":"index","follow":"follow","max-snippet":"max-snippet:-1","max-image-preview":"max-image-preview:large","max-video-preview":"max-video-preview:-1"},"canonical":"https:\/\/nellydevuyst.com\/fr\/produit\/demaquillant-pour-le-contour-des-yeux\/","og_locale":"fr_FR","og_type":"article","og_title":"D\u00e9maquillant Pour le Contour des Yeux | Nelly De Vuyst\u00ae Skin Care","og_description":"Notre formule douce permet un d\u00e9maquillage efficace des yeux. Parfaite pour les yeux sensibles et les peaux s\u00e8ches, elle \u00e9limine le maquillage r\u00e9sistant \u00e0 l'eau et convient aux extensions de cils.","og_url":"https:\/\/nellydevuyst.com\/fr\/produit\/demaquillant-pour-le-contour-des-yeux\/","og_site_name":"Nelly De Vuyst\u00ae Skin Care","article_publisher":"https:\/\/www.facebook.com\/NellyDeVuystSkincare\/","article_modified_time":"2026-03-08T12:53:02+00:00","og_image":[{"width":1200,"height":1200,"url":"https:\/\/nellydevuyst.com\/wp-content\/uploads\/2021\/02\/Eye-Contour-Make-Up-Remover.jpg","type":"image\/jpeg"}],"twitter_card":"summary_large_image","schema":{"@context":"https:\/\/schema.org","@graph":[{"@type":["WebPage","ItemPage"],"@id":"https:\/\/nellydevuyst.com\/fr\/produit\/demaquillant-pour-le-contour-des-yeux\/","url":"https:\/\/nellydevuyst.com\/fr\/produit\/demaquillant-pour-le-contour-des-yeux\/","name":"D\u00e9maquillant Pour le Contour des Yeux | Nelly De Vuyst\u00ae Skin Care","isPartOf":{"@id":"https:\/\/nellydevuyst.com\/fr\/#website"},"primaryImageOfPage":{"@id":"https:\/\/nellydevuyst.com\/fr\/produit\/demaquillant-pour-le-contour-des-yeux\/#primaryimage"},"image":{"@id":"https:\/\/nellydevuyst.com\/fr\/produit\/demaquillant-pour-le-contour-des-yeux\/#primaryimage"},"thumbnailUrl":"https:\/\/nellydevuyst.com\/wp-content\/uploads\/2021\/02\/Eye-Contour-Make-Up-Remover.jpg","datePublished":"2021-02-01T14:56:41+00:00","dateModified":"2026-03-08T12:53:02+00:00","description":"Notre formule douce permet un d\u00e9maquillage efficace des yeux. Parfaite pour les yeux sensibles et les peaux s\u00e8ches, elle \u00e9limine le maquillage r\u00e9sistant \u00e0 l'eau et convient aux extensions de cils.","breadcrumb":{"@id":"https:\/\/nellydevuyst.com\/fr\/produit\/demaquillant-pour-le-contour-des-yeux\/#breadcrumb"},"inLanguage":"fr-FR","potentialAction":[{"@type":"ReadAction","target":["https:\/\/nellydevuyst.com\/fr\/produit\/demaquillant-pour-le-contour-des-yeux\/"]}]},{"@type":"ImageObject","inLanguage":"fr-FR","@id":"https:\/\/nellydevuyst.com\/fr\/produit\/demaquillant-pour-le-contour-des-yeux\/#primaryimage","url":"https:\/\/nellydevuyst.com\/wp-content\/uploads\/2021\/02\/Eye-Contour-Make-Up-Remover.jpg","contentUrl":"https:\/\/nellydevuyst.com\/wp-content\/uploads\/2021\/02\/Eye-Contour-Make-Up-Remover.jpg","width":1200,"height":1200,"caption":"D\u00e9maquillant Pour Les Yeux"},{"@type":"BreadcrumbList","@id":"https:\/\/nellydevuyst.com\/fr\/produit\/demaquillant-pour-le-contour-des-yeux\/#breadcrumb","itemListElement":[{"@type":"ListItem","position":1,"name":"Home","item":"https:\/\/nellydevuyst.com\/fr\/"},{"@type":"ListItem","position":2,"name":"Boutique","item":"https:\/\/nellydevuyst.com\/fr\/boutique\/"},{"@type":"ListItem","position":3,"name":"D\u00e9maquillant Pour le Contour des Yeux"}]},{"@type":"WebSite","@id":"https:\/\/nellydevuyst.com\/fr\/#website","url":"https:\/\/nellydevuyst.com\/fr\/","name":"Nelly De Vuyst\u00ae Skin Care","description":"The Best of Science and Nature","publisher":{"@id":"https:\/\/nellydevuyst.com\/fr\/#organization"},"alternateName":"NDV Skin Care","potentialAction":[{"@type":"SearchAction","target":{"@type":"EntryPoint","urlTemplate":"https:\/\/nellydevuyst.com\/fr\/?s={search_term_string}"},"query-input":{"@type":"PropertyValueSpecification","valueRequired":true,"valueName":"search_term_string"}}],"inLanguage":"fr-FR"},{"@type":"Organization","@id":"https:\/\/nellydevuyst.com\/fr\/#organization","name":"Nelly De Vuyst Skin Care","alternateName":"NDV Skin Care","url":"https:\/\/nellydevuyst.com\/fr\/","logo":{"@type":"ImageObject","inLanguage":"fr-FR","@id":"https:\/\/nellydevuyst.com\/fr\/#\/schema\/logo\/image\/","url":"https:\/\/nellydevuyst.com\/wp-content\/uploads\/2024\/01\/ndv-logo-favico.png","contentUrl":"https:\/\/nellydevuyst.com\/wp-content\/uploads\/2024\/01\/ndv-logo-favico.png","width":512,"height":512,"caption":"Nelly De Vuyst Skin Care"},"image":{"@id":"https:\/\/nellydevuyst.com\/fr\/#\/schema\/logo\/image\/"},"sameAs":["https:\/\/www.facebook.com\/NellyDeVuystSkincare\/","https:\/\/www.instagram.com\/nelly_devuyst\/","https:\/\/www.youtube.com\/user\/derme8282","https:\/\/www.tiktok.com\/@nellydevuyst","https:\/\/www.pinterest.com.mx\/nellydevuystskincare\/"]}]}},"_links":{"self":[{"href":"https:\/\/nellydevuyst.com\/fr\/wp-json\/wp\/v2\/product\/4275","targetHints":{"allow":["GET"]}}],"collection":[{"href":"https:\/\/nellydevuyst.com\/fr\/wp-json\/wp\/v2\/product"}],"about":[{"href":"https:\/\/nellydevuyst.com\/fr\/wp-json\/wp\/v2\/types\/product"}],"replies":[{"embeddable":true,"href":"https:\/\/nellydevuyst.com\/fr\/wp-json\/wp\/v2\/comments?post=4275"}],"wp:featuredmedia":[{"embeddable":true,"href":"https:\/\/nellydevuyst.com\/fr\/wp-json\/wp\/v2\/media\/14198"}],"wp:attachment":[{"href":"https:\/\/nellydevuyst.com\/fr\/wp-json\/wp\/v2\/media?parent=4275"}],"wp:term":[{"taxonomy":"product_brand","embeddable":true,"href":"https:\/\/nellydevuyst.com\/fr\/wp-json\/wp\/v2\/product_brand?post=4275"},{"taxonomy":"product_cat","embeddable":true,"href":"https:\/\/nellydevuyst.com\/fr\/wp-json\/wp\/v2\/product_cat?post=4275"},{"taxonomy":"product_tag","embeddable":true,"href":"https:\/\/nellydevuyst.com\/fr\/wp-json\/wp\/v2\/product_tag?post=4275"},{"taxonomy":"giftcard-category","embeddable":true,"href":"https:\/\/nellydevuyst.com\/fr\/wp-json\/wp\/v2\/giftcard-category?post=4275"}],"curies":[{"name":"wp","href":"https:\/\/api.w.org\/{rel}","templated":true}]}}