{"id":4815,"date":"2021-05-19T08:36:27","date_gmt":"2021-05-19T12:36:27","guid":{"rendered":"https:\/\/nellydevuyst.com\/?post_type=product&#038;p=4815"},"modified":"2026-04-19T09:38:11","modified_gmt":"2026-04-19T13:38:11","slug":"creme-peaux-sensibles-biologique-biocalm","status":"publish","type":"product","link":"https:\/\/nellydevuyst.com\/fr\/produit\/creme-peaux-sensibles-biologique-biocalm\/","title":{"rendered":"Cr\u00e8me Peaux Sensibles Biologique BioCalm"},"content":{"rendered":"<h2 class=\"uppercase\">Retrouvez le calme avec notre cr\u00e8me anti-rougeurs et rosac\u00e9e<\/h2>\n<p>Bienvenue dans la solution ultime pour les peaux sensibles et s\u00e8ches \u2013 notre cr\u00e8me anti-rougeurs et rosac\u00e9e. Con\u00e7ue avec pr\u00e9cision pour ceux qui recherchent des r\u00e9sultats cliniquement prouv\u00e9s, ce soin doux \u00e9tablit la r\u00e9f\u00e9rence en mati\u00e8re d&rsquo;apaisement et de calme pour les peaux d\u00e9licates.<\/p>\n<p>Formul\u00e9e avec un m\u00e9lange harmonieux d&rsquo;extraits naturels, incluant l&rsquo;apaisant extrait d&rsquo;arnica et la touche rafra\u00eechissante de l&rsquo;extrait d&rsquo;aloe vera, notre cr\u00e8me offre un soulagement instantan\u00e9. Non-irritante, elle se pr\u00e9sente comme un phare d&rsquo;efficacit\u00e9 et de s\u00e9curit\u00e9, offrant une r\u00e9ponse douce mais puissante aux rougeurs et \u00e0 la rosac\u00e9e.<\/p>\n<p>Au c\u0153ur de notre approche se trouve un engagement \u00e0 traiter les pr\u00e9occupations cutan\u00e9es de mani\u00e8re globale. Notre formule ne se contente pas de masquer les sympt\u00f4mes \u2013 elle cible la cause racine des rougeurs et de la rosac\u00e9e, fournissant non seulement une solution rapide mais aussi une solution durable et \u00e0 long terme pour une peau non irrit\u00e9e.<\/p>\n<p>Conform\u00e9ment \u00e0 notre engagement envers votre peau et l&rsquo;environnement, cette cr\u00e8me apaisante et calmante est biod\u00e9gradable, sans alcool, sans silicone, sans parab\u00e8nes, sans PEG, sans gluten, sans OGM, sans perturbateurs endocriniens, sans goudron, sans quaternium, sans colorant et non test\u00e9e sur les animaux.<\/p>\n","protected":false},"excerpt":{"rendered":"<p>Exp\u00e9rimentez un soin doux pour les peaux sensibles et s\u00e8ches avec notre cr\u00e8me sp\u00e9cialis\u00e9e anti-rougeurs et rosac\u00e9e. Prouv\u00e9e cliniquement pour un soulagement efficace, notre cr\u00e8me non-irritante r\u00e9duit les rougeurs et les sensations d&rsquo;inconfort.<\/p>\n<ul>\n<li class=\"bullet-arrow\"><strong>Texture :<\/strong> Riche, cr\u00e9meuse<\/li>\n<li class=\"bullet-arrow\"><strong>Type de peau :<\/strong> Peaux sensibles, peau s\u00e8che<\/li>\n<li class=\"bullet-arrow\"><strong>Pr\u00e9occupation cutan\u00e9e :<\/strong> Rougeurs, inflammation, irritation, rosac\u00e9e, acn\u00e9 rosac\u00e9e<\/li>\n<li class=\"bullet-arrow\"><strong>Format :<\/strong> 1.75 oz. &#8211; 50 g <em>(Pot en verre)<\/em><\/li>\n<\/ul>\n<div class=\"row row-full-width align-equal\"  id=\"row-2129917994\">\n\t<div id=\"col-693921081\" class=\"col small-12 large-12\"  >\n\t\t\t\t<div class=\"col-inner\"  >\n\t\t\t\n\t\t\t\n\n  \n    <div class=\"row large-columns-8 medium-columns-8 small-columns-8 row-collapse\" >\n  <div class=\"gallery-col col\" >\n          <div class=\"col-inner\">\n                        <div class=\"box has-hover gallery-box box-none\">\n              <div class=\"box-image\" >\n                <img width=\"1\" height=\"1\" src=\"https:\/\/nellydevuyst.com\/wp-content\/uploads\/2023\/05\/ECOCERT-EN.svg\" class=\"attachment-medium size-medium\" alt=\"ECOCERT COSMOS ORGANIC\" ids=\"12313,12323,12303,12319,12321,12309\" style=\"none\" lightbox=\"false\" col_spacing=\"collapse\" columns=\"8\" columns__sm=\"8\" columns__md=\"8\" decoding=\"async\" loading=\"lazy\" \/>                                                              <\/div>\n              <div class=\"box-text text-left\" >\n                 <p>ECOCERT COSMOS ORGANIC<\/p>\n              <\/div>\n            <\/div>\n                      <\/div>\n         <\/div><div class=\"gallery-col col\" >\n          <div class=\"col-inner\">\n                        <div class=\"box has-hover gallery-box box-none\">\n              <div class=\"box-image\" >\n                <img width=\"1\" height=\"1\" src=\"https:\/\/nellydevuyst.com\/wp-content\/uploads\/2023\/05\/VEGAN-EN.svg\" class=\"attachment-medium size-medium\" alt=\"VEGAN\" ids=\"12313,12323,12303,12319,12321,12309\" style=\"none\" lightbox=\"false\" col_spacing=\"collapse\" columns=\"8\" columns__sm=\"8\" columns__md=\"8\" decoding=\"async\" loading=\"lazy\" \/>                                                              <\/div>\n              <div class=\"box-text text-left\" >\n                 <p>VEGAN<\/p>\n              <\/div>\n            <\/div>\n                      <\/div>\n         <\/div><div class=\"gallery-col col\" >\n          <div class=\"col-inner\">\n                        <div class=\"box has-hover gallery-box box-none\">\n              <div class=\"box-image\" >\n                <img width=\"1\" height=\"1\" src=\"https:\/\/nellydevuyst.com\/wp-content\/uploads\/2023\/05\/ANIMALCRUELTY-EN.svg\" class=\"attachment-medium size-medium\" alt=\"NO ANIMAL CRUELTY\" ids=\"12313,12323,12303,12319,12321,12309\" style=\"none\" lightbox=\"false\" col_spacing=\"collapse\" columns=\"8\" columns__sm=\"8\" columns__md=\"8\" decoding=\"async\" loading=\"lazy\" \/>                                                              <\/div>\n              <div class=\"box-text text-left\" >\n                 <p>NO ANIMAL CRUELTY <\/p>\n              <\/div>\n            <\/div>\n                      <\/div>\n         <\/div><div class=\"gallery-col col\" >\n          <div class=\"col-inner\">\n                        <div class=\"box has-hover gallery-box box-none\">\n              <div class=\"box-image\" >\n                <img width=\"1\" height=\"1\" src=\"https:\/\/nellydevuyst.com\/wp-content\/uploads\/2023\/05\/OGM-FR.svg\" class=\"attachment-medium size-medium\" alt=\"GLUTEN OGM\" ids=\"12313,12323,12303,12319,12321,12309\" style=\"none\" lightbox=\"false\" col_spacing=\"collapse\" columns=\"8\" columns__sm=\"8\" columns__md=\"8\" decoding=\"async\" loading=\"lazy\" \/>                                                              <\/div>\n              <div class=\"box-text text-left\" >\n                 <p>GLUTEN OGM<\/p>\n              <\/div>\n            <\/div>\n                      <\/div>\n         <\/div><div class=\"gallery-col col\" >\n          <div class=\"col-inner\">\n                        <div class=\"box has-hover gallery-box box-none\">\n              <div class=\"box-image\" >\n                <img width=\"1\" height=\"1\" src=\"https:\/\/nellydevuyst.com\/wp-content\/uploads\/2023\/05\/RECYCLABLE-EN.svg\" class=\"attachment-medium size-medium\" alt=\"RECYCLABLE\" ids=\"12313,12323,12303,12319,12321,12309\" style=\"none\" lightbox=\"false\" col_spacing=\"collapse\" columns=\"8\" columns__sm=\"8\" columns__md=\"8\" decoding=\"async\" loading=\"lazy\" \/>                                                              <\/div>\n              <div class=\"box-text text-left\" >\n                 <p>RECYCLABLE<\/p>\n              <\/div>\n            <\/div>\n                      <\/div>\n         <\/div><div class=\"gallery-col col\" >\n          <div class=\"col-inner\">\n                        <div class=\"box has-hover gallery-box box-none\">\n              <div class=\"box-image\" >\n                <img width=\"1\" height=\"1\" src=\"https:\/\/nellydevuyst.com\/wp-content\/uploads\/2023\/05\/CANADA-FR.svg\" class=\"attachment-medium size-medium\" alt=\"FABRIQUE AU CANADA\" ids=\"12313,12323,12303,12319,12321,12309\" style=\"none\" lightbox=\"false\" col_spacing=\"collapse\" columns=\"8\" columns__sm=\"8\" columns__md=\"8\" decoding=\"async\" loading=\"lazy\" \/>                                                              <\/div>\n              <div class=\"box-text text-left\" >\n                 <p>FABRIQUE AU CANADA<\/p>\n              <\/div>\n            <\/div>\n                      <\/div>\n         <\/div><\/div>\n\t\t<\/div>\n\t\t\t\t\t<\/div>\n\n\t<\/div>\n","protected":false},"featured_media":16326,"comment_status":"open","ping_status":"closed","template":"","meta":[],"product_brand":[],"product_cat":[499,190,202],"product_tag":[237,271,252,241,240],"giftcard-category":[],"class_list":{"0":"post-4815","1":"product","2":"type-product","3":"status-publish","4":"has-post-thumbnail","6":"product_cat-collection-biocalm","7":"product_cat-cremes-traitantes","8":"product_cat-peau-sensible-rosacee","9":"product_tag-creme-traitante","10":"product_tag-dommages-lies-au-soleil","11":"product_tag-hydratants","12":"product_tag-peau-sensible","13":"product_tag-rosacee","15":"first","16":"instock","17":"taxable","18":"shipping-taxable","19":"purchasable","20":"product-type-simple"},"yoast_head":"<!-- This site is optimized with the Yoast SEO plugin v27.4 - https:\/\/yoast.com\/product\/yoast-seo-wordpress\/ -->\n<title>Cr\u00e8me Peaux Sensibles Biologique BioCalm | Nelly De Vuyst\u00ae Skin Care<\/title>\n<meta name=\"description\" content=\"D\u00e9couvrez un soulagement apaisant pour les peaux sensibles et s\u00e8ches avec notre cr\u00e8me anti-rougeurs et rosac\u00e9e. Test\u00e9e cliniquement, notre cr\u00e8me non-irritante r\u00e9duit efficacement les rougeurs.\" \/>\n<meta name=\"robots\" content=\"index, follow, max-snippet:-1, max-image-preview:large, max-video-preview:-1\" \/>\n<link rel=\"canonical\" href=\"https:\/\/nellydevuyst.com\/fr\/produit\/creme-peaux-sensibles-biologique-biocalm\/\" \/>\n<meta property=\"og:locale\" content=\"fr_FR\" \/>\n<meta property=\"og:type\" content=\"article\" \/>\n<meta property=\"og:title\" content=\"Cr\u00e8me Peaux Sensibles Biologique BioCalm | Nelly De Vuyst\u00ae Skin Care\" \/>\n<meta property=\"og:description\" content=\"D\u00e9couvrez un soulagement apaisant pour les peaux sensibles et s\u00e8ches avec notre cr\u00e8me anti-rougeurs et rosac\u00e9e. Test\u00e9e cliniquement, notre cr\u00e8me non-irritante r\u00e9duit efficacement les rougeurs.\" \/>\n<meta property=\"og:url\" content=\"https:\/\/nellydevuyst.com\/fr\/produit\/creme-peaux-sensibles-biologique-biocalm\/\" \/>\n<meta property=\"og:site_name\" content=\"Nelly De Vuyst\u00ae Skin Care\" \/>\n<meta property=\"article:publisher\" content=\"https:\/\/www.facebook.com\/NellyDeVuystSkincare\/\" \/>\n<meta property=\"article:modified_time\" content=\"2026-04-19T13:38:11+00:00\" \/>\n<meta property=\"og:image\" content=\"https:\/\/nellydevuyst.com\/wp-content\/uploads\/2021\/05\/BioCalm-Organic-Sensitive-Skin-Cream-1.jpg\" \/>\n\t<meta property=\"og:image:width\" content=\"1200\" \/>\n\t<meta property=\"og:image:height\" content=\"1200\" \/>\n\t<meta property=\"og:image:type\" content=\"image\/jpeg\" \/>\n<meta name=\"twitter:card\" content=\"summary_large_image\" \/>\n<script type=\"application\/ld+json\" class=\"yoast-schema-graph\">{\"@context\":\"https:\\\/\\\/schema.org\",\"@graph\":[{\"@type\":[\"WebPage\",\"ItemPage\"],\"@id\":\"https:\\\/\\\/nellydevuyst.com\\\/fr\\\/produit\\\/creme-peaux-sensibles-biologique-biocalm\\\/\",\"url\":\"https:\\\/\\\/nellydevuyst.com\\\/fr\\\/produit\\\/creme-peaux-sensibles-biologique-biocalm\\\/\",\"name\":\"Cr\u00e8me Peaux Sensibles Biologique BioCalm | Nelly De Vuyst\u00ae Skin Care\",\"isPartOf\":{\"@id\":\"https:\\\/\\\/nellydevuyst.com\\\/fr\\\/#website\"},\"primaryImageOfPage\":{\"@id\":\"https:\\\/\\\/nellydevuyst.com\\\/fr\\\/produit\\\/creme-peaux-sensibles-biologique-biocalm\\\/#primaryimage\"},\"image\":{\"@id\":\"https:\\\/\\\/nellydevuyst.com\\\/fr\\\/produit\\\/creme-peaux-sensibles-biologique-biocalm\\\/#primaryimage\"},\"thumbnailUrl\":\"https:\\\/\\\/nellydevuyst.com\\\/wp-content\\\/uploads\\\/2021\\\/05\\\/BioCalm-Organic-Sensitive-Skin-Cream-1.jpg\",\"datePublished\":\"2021-05-19T12:36:27+00:00\",\"dateModified\":\"2026-04-19T13:38:11+00:00\",\"description\":\"D\u00e9couvrez un soulagement apaisant pour les peaux sensibles et s\u00e8ches avec notre cr\u00e8me anti-rougeurs et rosac\u00e9e. Test\u00e9e cliniquement, notre cr\u00e8me non-irritante r\u00e9duit efficacement les rougeurs.\",\"breadcrumb\":{\"@id\":\"https:\\\/\\\/nellydevuyst.com\\\/fr\\\/produit\\\/creme-peaux-sensibles-biologique-biocalm\\\/#breadcrumb\"},\"inLanguage\":\"fr-FR\",\"potentialAction\":[{\"@type\":\"ReadAction\",\"target\":[\"https:\\\/\\\/nellydevuyst.com\\\/fr\\\/produit\\\/creme-peaux-sensibles-biologique-biocalm\\\/\"]}]},{\"@type\":\"ImageObject\",\"inLanguage\":\"fr-FR\",\"@id\":\"https:\\\/\\\/nellydevuyst.com\\\/fr\\\/produit\\\/creme-peaux-sensibles-biologique-biocalm\\\/#primaryimage\",\"url\":\"https:\\\/\\\/nellydevuyst.com\\\/wp-content\\\/uploads\\\/2021\\\/05\\\/BioCalm-Organic-Sensitive-Skin-Cream-1.jpg\",\"contentUrl\":\"https:\\\/\\\/nellydevuyst.com\\\/wp-content\\\/uploads\\\/2021\\\/05\\\/BioCalm-Organic-Sensitive-Skin-Cream-1.jpg\",\"width\":1200,\"height\":1200,\"caption\":\"Cr\u00e8me Peaux Sensibles Biologique BioCalm\"},{\"@type\":\"BreadcrumbList\",\"@id\":\"https:\\\/\\\/nellydevuyst.com\\\/fr\\\/produit\\\/creme-peaux-sensibles-biologique-biocalm\\\/#breadcrumb\",\"itemListElement\":[{\"@type\":\"ListItem\",\"position\":1,\"name\":\"Home\",\"item\":\"https:\\\/\\\/nellydevuyst.com\\\/fr\\\/\"},{\"@type\":\"ListItem\",\"position\":2,\"name\":\"Boutique\",\"item\":\"https:\\\/\\\/nellydevuyst.com\\\/fr\\\/boutique\\\/\"},{\"@type\":\"ListItem\",\"position\":3,\"name\":\"Cr\u00e8me Peaux Sensibles Biologique BioCalm\"}]},{\"@type\":\"WebSite\",\"@id\":\"https:\\\/\\\/nellydevuyst.com\\\/fr\\\/#website\",\"url\":\"https:\\\/\\\/nellydevuyst.com\\\/fr\\\/\",\"name\":\"Nelly De Vuyst\u00ae Skin Care\",\"description\":\"The Best of Science and Nature\",\"publisher\":{\"@id\":\"https:\\\/\\\/nellydevuyst.com\\\/fr\\\/#organization\"},\"alternateName\":\"NDV Skin Care\",\"potentialAction\":[{\"@type\":\"SearchAction\",\"target\":{\"@type\":\"EntryPoint\",\"urlTemplate\":\"https:\\\/\\\/nellydevuyst.com\\\/fr\\\/?s={search_term_string}\"},\"query-input\":{\"@type\":\"PropertyValueSpecification\",\"valueRequired\":true,\"valueName\":\"search_term_string\"}}],\"inLanguage\":\"fr-FR\"},{\"@type\":\"Organization\",\"@id\":\"https:\\\/\\\/nellydevuyst.com\\\/fr\\\/#organization\",\"name\":\"Nelly De Vuyst Skin Care\",\"alternateName\":\"NDV Skin Care\",\"url\":\"https:\\\/\\\/nellydevuyst.com\\\/fr\\\/\",\"logo\":{\"@type\":\"ImageObject\",\"inLanguage\":\"fr-FR\",\"@id\":\"https:\\\/\\\/nellydevuyst.com\\\/fr\\\/#\\\/schema\\\/logo\\\/image\\\/\",\"url\":\"https:\\\/\\\/nellydevuyst.com\\\/wp-content\\\/uploads\\\/2024\\\/01\\\/ndv-logo-favico.png\",\"contentUrl\":\"https:\\\/\\\/nellydevuyst.com\\\/wp-content\\\/uploads\\\/2024\\\/01\\\/ndv-logo-favico.png\",\"width\":512,\"height\":512,\"caption\":\"Nelly De Vuyst Skin Care\"},\"image\":{\"@id\":\"https:\\\/\\\/nellydevuyst.com\\\/fr\\\/#\\\/schema\\\/logo\\\/image\\\/\"},\"sameAs\":[\"https:\\\/\\\/www.facebook.com\\\/NellyDeVuystSkincare\\\/\",\"https:\\\/\\\/www.instagram.com\\\/nelly_devuyst\\\/\",\"https:\\\/\\\/www.youtube.com\\\/user\\\/derme8282\",\"https:\\\/\\\/www.tiktok.com\\\/@nellydevuyst\",\"https:\\\/\\\/www.pinterest.com.mx\\\/nellydevuystskincare\\\/\"]}]}<\/script>\n<!-- \/ Yoast SEO plugin. -->","yoast_head_json":{"title":"Cr\u00e8me Peaux Sensibles Biologique BioCalm | Nelly De Vuyst\u00ae Skin Care","description":"D\u00e9couvrez un soulagement apaisant pour les peaux sensibles et s\u00e8ches avec notre cr\u00e8me anti-rougeurs et rosac\u00e9e. Test\u00e9e cliniquement, notre cr\u00e8me non-irritante r\u00e9duit efficacement les rougeurs.","robots":{"index":"index","follow":"follow","max-snippet":"max-snippet:-1","max-image-preview":"max-image-preview:large","max-video-preview":"max-video-preview:-1"},"canonical":"https:\/\/nellydevuyst.com\/fr\/produit\/creme-peaux-sensibles-biologique-biocalm\/","og_locale":"fr_FR","og_type":"article","og_title":"Cr\u00e8me Peaux Sensibles Biologique BioCalm | Nelly De Vuyst\u00ae Skin Care","og_description":"D\u00e9couvrez un soulagement apaisant pour les peaux sensibles et s\u00e8ches avec notre cr\u00e8me anti-rougeurs et rosac\u00e9e. Test\u00e9e cliniquement, notre cr\u00e8me non-irritante r\u00e9duit efficacement les rougeurs.","og_url":"https:\/\/nellydevuyst.com\/fr\/produit\/creme-peaux-sensibles-biologique-biocalm\/","og_site_name":"Nelly De Vuyst\u00ae Skin Care","article_publisher":"https:\/\/www.facebook.com\/NellyDeVuystSkincare\/","article_modified_time":"2026-04-19T13:38:11+00:00","og_image":[{"width":1200,"height":1200,"url":"https:\/\/nellydevuyst.com\/wp-content\/uploads\/2021\/05\/BioCalm-Organic-Sensitive-Skin-Cream-1.jpg","type":"image\/jpeg"}],"twitter_card":"summary_large_image","schema":{"@context":"https:\/\/schema.org","@graph":[{"@type":["WebPage","ItemPage"],"@id":"https:\/\/nellydevuyst.com\/fr\/produit\/creme-peaux-sensibles-biologique-biocalm\/","url":"https:\/\/nellydevuyst.com\/fr\/produit\/creme-peaux-sensibles-biologique-biocalm\/","name":"Cr\u00e8me Peaux Sensibles Biologique BioCalm | Nelly De Vuyst\u00ae Skin Care","isPartOf":{"@id":"https:\/\/nellydevuyst.com\/fr\/#website"},"primaryImageOfPage":{"@id":"https:\/\/nellydevuyst.com\/fr\/produit\/creme-peaux-sensibles-biologique-biocalm\/#primaryimage"},"image":{"@id":"https:\/\/nellydevuyst.com\/fr\/produit\/creme-peaux-sensibles-biologique-biocalm\/#primaryimage"},"thumbnailUrl":"https:\/\/nellydevuyst.com\/wp-content\/uploads\/2021\/05\/BioCalm-Organic-Sensitive-Skin-Cream-1.jpg","datePublished":"2021-05-19T12:36:27+00:00","dateModified":"2026-04-19T13:38:11+00:00","description":"D\u00e9couvrez un soulagement apaisant pour les peaux sensibles et s\u00e8ches avec notre cr\u00e8me anti-rougeurs et rosac\u00e9e. Test\u00e9e cliniquement, notre cr\u00e8me non-irritante r\u00e9duit efficacement les rougeurs.","breadcrumb":{"@id":"https:\/\/nellydevuyst.com\/fr\/produit\/creme-peaux-sensibles-biologique-biocalm\/#breadcrumb"},"inLanguage":"fr-FR","potentialAction":[{"@type":"ReadAction","target":["https:\/\/nellydevuyst.com\/fr\/produit\/creme-peaux-sensibles-biologique-biocalm\/"]}]},{"@type":"ImageObject","inLanguage":"fr-FR","@id":"https:\/\/nellydevuyst.com\/fr\/produit\/creme-peaux-sensibles-biologique-biocalm\/#primaryimage","url":"https:\/\/nellydevuyst.com\/wp-content\/uploads\/2021\/05\/BioCalm-Organic-Sensitive-Skin-Cream-1.jpg","contentUrl":"https:\/\/nellydevuyst.com\/wp-content\/uploads\/2021\/05\/BioCalm-Organic-Sensitive-Skin-Cream-1.jpg","width":1200,"height":1200,"caption":"Cr\u00e8me Peaux Sensibles Biologique BioCalm"},{"@type":"BreadcrumbList","@id":"https:\/\/nellydevuyst.com\/fr\/produit\/creme-peaux-sensibles-biologique-biocalm\/#breadcrumb","itemListElement":[{"@type":"ListItem","position":1,"name":"Home","item":"https:\/\/nellydevuyst.com\/fr\/"},{"@type":"ListItem","position":2,"name":"Boutique","item":"https:\/\/nellydevuyst.com\/fr\/boutique\/"},{"@type":"ListItem","position":3,"name":"Cr\u00e8me Peaux Sensibles Biologique BioCalm"}]},{"@type":"WebSite","@id":"https:\/\/nellydevuyst.com\/fr\/#website","url":"https:\/\/nellydevuyst.com\/fr\/","name":"Nelly De Vuyst\u00ae Skin Care","description":"The Best of Science and Nature","publisher":{"@id":"https:\/\/nellydevuyst.com\/fr\/#organization"},"alternateName":"NDV Skin Care","potentialAction":[{"@type":"SearchAction","target":{"@type":"EntryPoint","urlTemplate":"https:\/\/nellydevuyst.com\/fr\/?s={search_term_string}"},"query-input":{"@type":"PropertyValueSpecification","valueRequired":true,"valueName":"search_term_string"}}],"inLanguage":"fr-FR"},{"@type":"Organization","@id":"https:\/\/nellydevuyst.com\/fr\/#organization","name":"Nelly De Vuyst Skin Care","alternateName":"NDV Skin Care","url":"https:\/\/nellydevuyst.com\/fr\/","logo":{"@type":"ImageObject","inLanguage":"fr-FR","@id":"https:\/\/nellydevuyst.com\/fr\/#\/schema\/logo\/image\/","url":"https:\/\/nellydevuyst.com\/wp-content\/uploads\/2024\/01\/ndv-logo-favico.png","contentUrl":"https:\/\/nellydevuyst.com\/wp-content\/uploads\/2024\/01\/ndv-logo-favico.png","width":512,"height":512,"caption":"Nelly De Vuyst Skin Care"},"image":{"@id":"https:\/\/nellydevuyst.com\/fr\/#\/schema\/logo\/image\/"},"sameAs":["https:\/\/www.facebook.com\/NellyDeVuystSkincare\/","https:\/\/www.instagram.com\/nelly_devuyst\/","https:\/\/www.youtube.com\/user\/derme8282","https:\/\/www.tiktok.com\/@nellydevuyst","https:\/\/www.pinterest.com.mx\/nellydevuystskincare\/"]}]}},"_links":{"self":[{"href":"https:\/\/nellydevuyst.com\/fr\/wp-json\/wp\/v2\/product\/4815","targetHints":{"allow":["GET"]}}],"collection":[{"href":"https:\/\/nellydevuyst.com\/fr\/wp-json\/wp\/v2\/product"}],"about":[{"href":"https:\/\/nellydevuyst.com\/fr\/wp-json\/wp\/v2\/types\/product"}],"replies":[{"embeddable":true,"href":"https:\/\/nellydevuyst.com\/fr\/wp-json\/wp\/v2\/comments?post=4815"}],"wp:featuredmedia":[{"embeddable":true,"href":"https:\/\/nellydevuyst.com\/fr\/wp-json\/wp\/v2\/media\/16326"}],"wp:attachment":[{"href":"https:\/\/nellydevuyst.com\/fr\/wp-json\/wp\/v2\/media?parent=4815"}],"wp:term":[{"taxonomy":"product_brand","embeddable":true,"href":"https:\/\/nellydevuyst.com\/fr\/wp-json\/wp\/v2\/product_brand?post=4815"},{"taxonomy":"product_cat","embeddable":true,"href":"https:\/\/nellydevuyst.com\/fr\/wp-json\/wp\/v2\/product_cat?post=4815"},{"taxonomy":"product_tag","embeddable":true,"href":"https:\/\/nellydevuyst.com\/fr\/wp-json\/wp\/v2\/product_tag?post=4815"},{"taxonomy":"giftcard-category","embeddable":true,"href":"https:\/\/nellydevuyst.com\/fr\/wp-json\/wp\/v2\/giftcard-category?post=4815"}],"curies":[{"name":"wp","href":"https:\/\/api.w.org\/{rel}","templated":true}]}}