{"id":4909,"date":"2021-05-31T11:37:33","date_gmt":"2021-05-31T15:37:33","guid":{"rendered":"https:\/\/nellydevuyst.com\/product\/anti-aging-organic\/"},"modified":"2026-04-15T07:43:55","modified_gmt":"2026-04-15T11:43:55","slug":"coffret-anti-age-biotense","status":"publish","type":"product","link":"https:\/\/nellydevuyst.com\/fr\/produit\/coffret-anti-age-biotense\/","title":{"rendered":"Coffret Anti-\u00c2ge BioTense"},"content":{"rendered":"<h2 class=\"uppercase\">Votre soin du visage \u00e0 la maison !<\/h2>\n<p>D\u00e9couvrez notre tousse anti-\u00e2ge biologique hypoallerg\u00e9nique Nelly De Vuyst\u00ae BioTense. Ce traitement propose des produits de soins anti-\u00e2ge 100% biologiques qui aident \u00e0 lifter et \u00e0 \u00e9claircir les peaux matures et d\u00e9vitalis\u00e9es.<\/p>\n<p><strong>Inclus:<\/strong><\/p>\n<ul>\n<li class=\"bullet-arrow\"><a href=\"https:\/\/nellydevuyst.com\/fr\/produit\/mousse-micellaire-biotense\/\">Mousse Micellaire BioTense<\/a><\/li>\n<li class=\"bullet-arrow\"><a href=\"https:\/\/nellydevuyst.com\/fr\/produit\/ph-tonique-biotense\/\">Tonique pH BioTense<\/a><\/li>\n<li class=\"bullet-arrow\"><a href=\"https:\/\/nellydevuyst.com\/fr\/produit\/gommage-biotense\/\">Gommage BioTense<\/a><\/li>\n<li class=\"bullet-arrow\"><a href=\"https:\/\/nellydevuyst.com\/fr\/produit\/serum-biotense\/\">S\u00e9rum BioTense<\/a><\/li>\n<li class=\"bullet-arrow\"><a href=\"https:\/\/nellydevuyst.com\/fr\/produit\/creme-biotense\/\">Cr\u00e8me BioTense<\/a><\/li>\n<li class=\"bullet-arrow\"><a href=\"https:\/\/nellydevuyst.com\/fr\/produit\/masque-biotense\/\">Masque BioTense<\/a><\/li>\n<li class=\"bullet-star\"><b>GRATUIT : <\/b><a href=\"https:\/\/nellydevuyst.com\/fr\/produit\/circulalift-patchs-contour-des-yeux\/\">Circulalift Patchs Contour des Yeux<\/a><\/li>\n<li class=\"bullet-star\"><b>GRATUIT : <\/b><a href=\"https:\/\/nellydevuyst.com\/fr\/produit\/brosse-faciale-ndv\/\">Brosse Faciale NDV<\/a><\/li>\n<\/ul>\n","protected":false},"excerpt":{"rendered":"<p>Le soin du visage Biologique Nelly De Vuyst\u00ae Anti-\u00c2ge est hypoallerg\u00e9nique, ultra-hydratant et <strong>Certifi\u00e9 COSMOS\u00ae<\/strong>.<\/p>\n","protected":false},"featured_media":14617,"comment_status":"open","ping_status":"closed","template":"","meta":[],"product_brand":[],"product_cat":[196,529],"product_tag":[247,223,333],"giftcard-category":[],"class_list":{"0":"post-4909","1":"product","2":"type-product","3":"status-publish","4":"has-post-thumbnail","6":"product_cat-collection-biotense","7":"product_cat-offres-speciales-idees-cadeaux","8":"product_tag-anti-age","9":"product_tag-cosmos-fr","10":"product_tag-promotion-fr","12":"first","13":"instock","14":"taxable","15":"shipping-taxable","16":"purchasable","17":"product-type-simple"},"yoast_head":"<!-- This site is optimized with the Yoast SEO plugin v27.5 - https:\/\/yoast.com\/product\/yoast-seo-wordpress\/ -->\n<title>Coffret Anti-\u00c2ge BioTense | Nelly De Vuyst\u00ae Skin Care<\/title>\n<meta name=\"description\" content=\"D\u00e9couvrez notre tousse anti-\u00e2ge biologique hypoallerg\u00e9nique Nelly De Vuyst\u00ae BioTense. Ce traitement propose des produits de soins anti-\u00e2ge 100% biologiques qui aident \u00e0 lifter et \u00e0 \u00e9claircir les peaux matures et d\u00e9vitalis\u00e9es.\" \/>\n<meta name=\"robots\" content=\"index, follow, max-snippet:-1, max-image-preview:large, max-video-preview:-1\" \/>\n<link rel=\"canonical\" href=\"https:\/\/nellydevuyst.com\/fr\/produit\/coffret-anti-age-biotense\/\" \/>\n<meta property=\"og:locale\" content=\"fr_FR\" \/>\n<meta property=\"og:type\" content=\"article\" \/>\n<meta property=\"og:title\" content=\"Coffret Anti-\u00c2ge BioTense | Nelly De Vuyst\u00ae Skin Care\" \/>\n<meta property=\"og:description\" content=\"D\u00e9couvrez notre tousse anti-\u00e2ge biologique hypoallerg\u00e9nique Nelly De Vuyst\u00ae BioTense. Ce traitement propose des produits de soins anti-\u00e2ge 100% biologiques qui aident \u00e0 lifter et \u00e0 \u00e9claircir les peaux matures et d\u00e9vitalis\u00e9es.\" \/>\n<meta property=\"og:url\" content=\"https:\/\/nellydevuyst.com\/fr\/produit\/coffret-anti-age-biotense\/\" \/>\n<meta property=\"og:site_name\" content=\"Nelly De Vuyst\u00ae Skin Care\" \/>\n<meta property=\"article:publisher\" content=\"https:\/\/www.facebook.com\/NellyDeVuystSkincare\/\" \/>\n<meta property=\"article:modified_time\" content=\"2026-04-15T11:43:55+00:00\" \/>\n<meta property=\"og:image\" content=\"https:\/\/nellydevuyst.com\/wp-content\/uploads\/2021\/05\/BioTense-Anti-Aging-Kit.jpg\" \/>\n\t<meta property=\"og:image:width\" content=\"1200\" \/>\n\t<meta property=\"og:image:height\" content=\"1200\" \/>\n\t<meta property=\"og:image:type\" content=\"image\/jpeg\" \/>\n<meta name=\"twitter:card\" content=\"summary_large_image\" \/>\n<script type=\"application\/ld+json\" class=\"yoast-schema-graph\">{\"@context\":\"https:\\\/\\\/schema.org\",\"@graph\":[{\"@type\":[\"WebPage\",\"ItemPage\"],\"@id\":\"https:\\\/\\\/nellydevuyst.com\\\/fr\\\/produit\\\/coffret-anti-age-biotense\\\/\",\"url\":\"https:\\\/\\\/nellydevuyst.com\\\/fr\\\/produit\\\/coffret-anti-age-biotense\\\/\",\"name\":\"Coffret Anti-\u00c2ge BioTense | Nelly De Vuyst\u00ae Skin Care\",\"isPartOf\":{\"@id\":\"https:\\\/\\\/nellydevuyst.com\\\/fr\\\/#website\"},\"primaryImageOfPage\":{\"@id\":\"https:\\\/\\\/nellydevuyst.com\\\/fr\\\/produit\\\/coffret-anti-age-biotense\\\/#primaryimage\"},\"image\":{\"@id\":\"https:\\\/\\\/nellydevuyst.com\\\/fr\\\/produit\\\/coffret-anti-age-biotense\\\/#primaryimage\"},\"thumbnailUrl\":\"https:\\\/\\\/nellydevuyst.com\\\/wp-content\\\/uploads\\\/2021\\\/05\\\/BioTense-Anti-Aging-Kit.jpg\",\"datePublished\":\"2021-05-31T15:37:33+00:00\",\"dateModified\":\"2026-04-15T11:43:55+00:00\",\"description\":\"D\u00e9couvrez notre tousse anti-\u00e2ge biologique hypoallerg\u00e9nique Nelly De Vuyst\u00ae BioTense. Ce traitement propose des produits de soins anti-\u00e2ge 100% biologiques qui aident \u00e0 lifter et \u00e0 \u00e9claircir les peaux matures et d\u00e9vitalis\u00e9es.\",\"breadcrumb\":{\"@id\":\"https:\\\/\\\/nellydevuyst.com\\\/fr\\\/produit\\\/coffret-anti-age-biotense\\\/#breadcrumb\"},\"inLanguage\":\"fr-FR\",\"potentialAction\":[{\"@type\":\"ReadAction\",\"target\":[\"https:\\\/\\\/nellydevuyst.com\\\/fr\\\/produit\\\/coffret-anti-age-biotense\\\/\"]}]},{\"@type\":\"ImageObject\",\"inLanguage\":\"fr-FR\",\"@id\":\"https:\\\/\\\/nellydevuyst.com\\\/fr\\\/produit\\\/coffret-anti-age-biotense\\\/#primaryimage\",\"url\":\"https:\\\/\\\/nellydevuyst.com\\\/wp-content\\\/uploads\\\/2021\\\/05\\\/BioTense-Anti-Aging-Kit.jpg\",\"contentUrl\":\"https:\\\/\\\/nellydevuyst.com\\\/wp-content\\\/uploads\\\/2021\\\/05\\\/BioTense-Anti-Aging-Kit.jpg\",\"width\":1200,\"height\":1200,\"caption\":\"Coffret Anti-\u00c2ge BioTense\"},{\"@type\":\"BreadcrumbList\",\"@id\":\"https:\\\/\\\/nellydevuyst.com\\\/fr\\\/produit\\\/coffret-anti-age-biotense\\\/#breadcrumb\",\"itemListElement\":[{\"@type\":\"ListItem\",\"position\":1,\"name\":\"Home\",\"item\":\"https:\\\/\\\/nellydevuyst.com\\\/fr\\\/\"},{\"@type\":\"ListItem\",\"position\":2,\"name\":\"Boutique\",\"item\":\"https:\\\/\\\/nellydevuyst.com\\\/fr\\\/boutique\\\/\"},{\"@type\":\"ListItem\",\"position\":3,\"name\":\"Coffret Anti-\u00c2ge BioTense\"}]},{\"@type\":\"WebSite\",\"@id\":\"https:\\\/\\\/nellydevuyst.com\\\/fr\\\/#website\",\"url\":\"https:\\\/\\\/nellydevuyst.com\\\/fr\\\/\",\"name\":\"Nelly De Vuyst\u00ae Skin Care\",\"description\":\"The Best of Science and Nature\",\"publisher\":{\"@id\":\"https:\\\/\\\/nellydevuyst.com\\\/fr\\\/#organization\"},\"alternateName\":\"NDV Skin Care\",\"potentialAction\":[{\"@type\":\"SearchAction\",\"target\":{\"@type\":\"EntryPoint\",\"urlTemplate\":\"https:\\\/\\\/nellydevuyst.com\\\/fr\\\/?s={search_term_string}\"},\"query-input\":{\"@type\":\"PropertyValueSpecification\",\"valueRequired\":true,\"valueName\":\"search_term_string\"}}],\"inLanguage\":\"fr-FR\"},{\"@type\":\"Organization\",\"@id\":\"https:\\\/\\\/nellydevuyst.com\\\/fr\\\/#organization\",\"name\":\"Nelly De Vuyst Skin Care\",\"alternateName\":\"NDV Skin Care\",\"url\":\"https:\\\/\\\/nellydevuyst.com\\\/fr\\\/\",\"logo\":{\"@type\":\"ImageObject\",\"inLanguage\":\"fr-FR\",\"@id\":\"https:\\\/\\\/nellydevuyst.com\\\/fr\\\/#\\\/schema\\\/logo\\\/image\\\/\",\"url\":\"https:\\\/\\\/nellydevuyst.com\\\/wp-content\\\/uploads\\\/2024\\\/01\\\/ndv-logo-favico.png\",\"contentUrl\":\"https:\\\/\\\/nellydevuyst.com\\\/wp-content\\\/uploads\\\/2024\\\/01\\\/ndv-logo-favico.png\",\"width\":512,\"height\":512,\"caption\":\"Nelly De Vuyst Skin Care\"},\"image\":{\"@id\":\"https:\\\/\\\/nellydevuyst.com\\\/fr\\\/#\\\/schema\\\/logo\\\/image\\\/\"},\"sameAs\":[\"https:\\\/\\\/www.facebook.com\\\/NellyDeVuystSkincare\\\/\",\"https:\\\/\\\/www.instagram.com\\\/nelly_devuyst\\\/\",\"https:\\\/\\\/www.youtube.com\\\/user\\\/derme8282\",\"https:\\\/\\\/www.tiktok.com\\\/@nellydevuyst\",\"https:\\\/\\\/www.pinterest.com.mx\\\/nellydevuystskincare\\\/\"]}]}<\/script>\n<!-- \/ Yoast SEO plugin. -->","yoast_head_json":{"title":"Coffret Anti-\u00c2ge BioTense | Nelly De Vuyst\u00ae Skin Care","description":"D\u00e9couvrez notre tousse anti-\u00e2ge biologique hypoallerg\u00e9nique Nelly De Vuyst\u00ae BioTense. Ce traitement propose des produits de soins anti-\u00e2ge 100% biologiques qui aident \u00e0 lifter et \u00e0 \u00e9claircir les peaux matures et d\u00e9vitalis\u00e9es.","robots":{"index":"index","follow":"follow","max-snippet":"max-snippet:-1","max-image-preview":"max-image-preview:large","max-video-preview":"max-video-preview:-1"},"canonical":"https:\/\/nellydevuyst.com\/fr\/produit\/coffret-anti-age-biotense\/","og_locale":"fr_FR","og_type":"article","og_title":"Coffret Anti-\u00c2ge BioTense | Nelly De Vuyst\u00ae Skin Care","og_description":"D\u00e9couvrez notre tousse anti-\u00e2ge biologique hypoallerg\u00e9nique Nelly De Vuyst\u00ae BioTense. Ce traitement propose des produits de soins anti-\u00e2ge 100% biologiques qui aident \u00e0 lifter et \u00e0 \u00e9claircir les peaux matures et d\u00e9vitalis\u00e9es.","og_url":"https:\/\/nellydevuyst.com\/fr\/produit\/coffret-anti-age-biotense\/","og_site_name":"Nelly De Vuyst\u00ae Skin Care","article_publisher":"https:\/\/www.facebook.com\/NellyDeVuystSkincare\/","article_modified_time":"2026-04-15T11:43:55+00:00","og_image":[{"width":1200,"height":1200,"url":"https:\/\/nellydevuyst.com\/wp-content\/uploads\/2021\/05\/BioTense-Anti-Aging-Kit.jpg","type":"image\/jpeg"}],"twitter_card":"summary_large_image","schema":{"@context":"https:\/\/schema.org","@graph":[{"@type":["WebPage","ItemPage"],"@id":"https:\/\/nellydevuyst.com\/fr\/produit\/coffret-anti-age-biotense\/","url":"https:\/\/nellydevuyst.com\/fr\/produit\/coffret-anti-age-biotense\/","name":"Coffret Anti-\u00c2ge BioTense | Nelly De Vuyst\u00ae Skin Care","isPartOf":{"@id":"https:\/\/nellydevuyst.com\/fr\/#website"},"primaryImageOfPage":{"@id":"https:\/\/nellydevuyst.com\/fr\/produit\/coffret-anti-age-biotense\/#primaryimage"},"image":{"@id":"https:\/\/nellydevuyst.com\/fr\/produit\/coffret-anti-age-biotense\/#primaryimage"},"thumbnailUrl":"https:\/\/nellydevuyst.com\/wp-content\/uploads\/2021\/05\/BioTense-Anti-Aging-Kit.jpg","datePublished":"2021-05-31T15:37:33+00:00","dateModified":"2026-04-15T11:43:55+00:00","description":"D\u00e9couvrez notre tousse anti-\u00e2ge biologique hypoallerg\u00e9nique Nelly De Vuyst\u00ae BioTense. Ce traitement propose des produits de soins anti-\u00e2ge 100% biologiques qui aident \u00e0 lifter et \u00e0 \u00e9claircir les peaux matures et d\u00e9vitalis\u00e9es.","breadcrumb":{"@id":"https:\/\/nellydevuyst.com\/fr\/produit\/coffret-anti-age-biotense\/#breadcrumb"},"inLanguage":"fr-FR","potentialAction":[{"@type":"ReadAction","target":["https:\/\/nellydevuyst.com\/fr\/produit\/coffret-anti-age-biotense\/"]}]},{"@type":"ImageObject","inLanguage":"fr-FR","@id":"https:\/\/nellydevuyst.com\/fr\/produit\/coffret-anti-age-biotense\/#primaryimage","url":"https:\/\/nellydevuyst.com\/wp-content\/uploads\/2021\/05\/BioTense-Anti-Aging-Kit.jpg","contentUrl":"https:\/\/nellydevuyst.com\/wp-content\/uploads\/2021\/05\/BioTense-Anti-Aging-Kit.jpg","width":1200,"height":1200,"caption":"Coffret Anti-\u00c2ge BioTense"},{"@type":"BreadcrumbList","@id":"https:\/\/nellydevuyst.com\/fr\/produit\/coffret-anti-age-biotense\/#breadcrumb","itemListElement":[{"@type":"ListItem","position":1,"name":"Home","item":"https:\/\/nellydevuyst.com\/fr\/"},{"@type":"ListItem","position":2,"name":"Boutique","item":"https:\/\/nellydevuyst.com\/fr\/boutique\/"},{"@type":"ListItem","position":3,"name":"Coffret Anti-\u00c2ge BioTense"}]},{"@type":"WebSite","@id":"https:\/\/nellydevuyst.com\/fr\/#website","url":"https:\/\/nellydevuyst.com\/fr\/","name":"Nelly De Vuyst\u00ae Skin Care","description":"The Best of Science and Nature","publisher":{"@id":"https:\/\/nellydevuyst.com\/fr\/#organization"},"alternateName":"NDV Skin Care","potentialAction":[{"@type":"SearchAction","target":{"@type":"EntryPoint","urlTemplate":"https:\/\/nellydevuyst.com\/fr\/?s={search_term_string}"},"query-input":{"@type":"PropertyValueSpecification","valueRequired":true,"valueName":"search_term_string"}}],"inLanguage":"fr-FR"},{"@type":"Organization","@id":"https:\/\/nellydevuyst.com\/fr\/#organization","name":"Nelly De Vuyst Skin Care","alternateName":"NDV Skin Care","url":"https:\/\/nellydevuyst.com\/fr\/","logo":{"@type":"ImageObject","inLanguage":"fr-FR","@id":"https:\/\/nellydevuyst.com\/fr\/#\/schema\/logo\/image\/","url":"https:\/\/nellydevuyst.com\/wp-content\/uploads\/2024\/01\/ndv-logo-favico.png","contentUrl":"https:\/\/nellydevuyst.com\/wp-content\/uploads\/2024\/01\/ndv-logo-favico.png","width":512,"height":512,"caption":"Nelly De Vuyst Skin Care"},"image":{"@id":"https:\/\/nellydevuyst.com\/fr\/#\/schema\/logo\/image\/"},"sameAs":["https:\/\/www.facebook.com\/NellyDeVuystSkincare\/","https:\/\/www.instagram.com\/nelly_devuyst\/","https:\/\/www.youtube.com\/user\/derme8282","https:\/\/www.tiktok.com\/@nellydevuyst","https:\/\/www.pinterest.com.mx\/nellydevuystskincare\/"]}]}},"_links":{"self":[{"href":"https:\/\/nellydevuyst.com\/fr\/wp-json\/wp\/v2\/product\/4909","targetHints":{"allow":["GET"]}}],"collection":[{"href":"https:\/\/nellydevuyst.com\/fr\/wp-json\/wp\/v2\/product"}],"about":[{"href":"https:\/\/nellydevuyst.com\/fr\/wp-json\/wp\/v2\/types\/product"}],"replies":[{"embeddable":true,"href":"https:\/\/nellydevuyst.com\/fr\/wp-json\/wp\/v2\/comments?post=4909"}],"wp:featuredmedia":[{"embeddable":true,"href":"https:\/\/nellydevuyst.com\/fr\/wp-json\/wp\/v2\/media\/14617"}],"wp:attachment":[{"href":"https:\/\/nellydevuyst.com\/fr\/wp-json\/wp\/v2\/media?parent=4909"}],"wp:term":[{"taxonomy":"product_brand","embeddable":true,"href":"https:\/\/nellydevuyst.com\/fr\/wp-json\/wp\/v2\/product_brand?post=4909"},{"taxonomy":"product_cat","embeddable":true,"href":"https:\/\/nellydevuyst.com\/fr\/wp-json\/wp\/v2\/product_cat?post=4909"},{"taxonomy":"product_tag","embeddable":true,"href":"https:\/\/nellydevuyst.com\/fr\/wp-json\/wp\/v2\/product_tag?post=4909"},{"taxonomy":"giftcard-category","embeddable":true,"href":"https:\/\/nellydevuyst.com\/fr\/wp-json\/wp\/v2\/giftcard-category?post=4909"}],"curies":[{"name":"wp","href":"https:\/\/api.w.org\/{rel}","templated":true}]}}