{"id":5145,"date":"2021-07-16T15:58:26","date_gmt":"2021-07-16T19:58:26","guid":{"rendered":"https:\/\/nellydevuyst.com\/product\/colorlift-2-biosolar-tinted-sunscreen-spf-30\/"},"modified":"2026-03-22T15:57:06","modified_gmt":"2026-03-22T19:57:06","slug":"colorlift-2-creme-solaire-teintee-fps-30-biosolar","status":"publish","type":"product","link":"https:\/\/nellydevuyst.com\/fr\/produit\/colorlift-2-creme-solaire-teintee-fps-30-biosolar\/","title":{"rendered":"ColorLift 2 Cr\u00e8me Solaire Teint\u00e9e FPS 30 BioSolar"},"content":{"rendered":"<h2 class=\"uppercase\">BioSolar ColorLift : Cr\u00e8me Solaire Teint\u00e9e FPS 30 prim\u00e9e<\/h2>\n<p>Voici notre laur\u00e9at BioSolar ColorLift, une cr\u00e8me de jour biologique teint\u00e9e anti-\u00e2ge et rehausseur de tonus qui r\u00e9volutionne les soins de la peau. Laur\u00e9at du prestigieux Prix de l&rsquo;Innovation 2022 d\u00e9cern\u00e9 par Les Nouvelles Esth\u00e9tiques, ce produit exceptionnel est formul\u00e9 pour les peaux endommag\u00e9es par le soleil, les teints ternes et irr\u00e9guliers, et les personnes pr\u00e9sentant des signes de rougeur ou de pigmentation.<\/p>\n<p>Avec trois (3) teintes disponibles, cette cr\u00e8me solaire teint\u00e9e de jour s&rsquo;adapte parfaitement \u00e0 toutes les carnations, permettant ainsi \u00e0 chacun de profiter de ses remarquables bienfaits. Non seulement elle aide \u00e0 pr\u00e9venir les coups de soleil, mais elle offre \u00e9galement une protection quotidienne contre les rayons UVA\/UVB, la pollution urbaine et les polluants num\u00e9riques. En dissimulant instantan\u00e9ment les imperfections de la peau, cette cr\u00e8me de jour att\u00e9nue l&rsquo;apparence des rides, des cicatrices et des pores, en procurant un effet liftant et lissant qui donne \u00e0 la peau une apparence et une sensation revitalis\u00e9es, sans fini gras.<\/p>\n","protected":false},"excerpt":{"rendered":"<p>Un \u00e9cran solaire hydratant et l\u00e9ger avec des pigments r\u00e9flecteurs de lumi\u00e8re qui cachent les imperfections, stimulent le collag\u00e8ne et prot\u00e8gent contre les rayons UV, la pollution et la lumi\u00e8re visible, laissant une apparence radieuse et jeune. Cette cr\u00e8me solaire teint\u00e9e est disponible en trois (3) teintes pour s&rsquo;adapter \u00e0 toutes les carnations.<\/p>\n<ul>\n<li class=\"bullet-arrow\"><strong>Texture:<\/strong> Cr\u00e8me l\u00e9g\u00e8re<\/li>\n<li class=\"bullet-arrow\"><strong>Teinte :<\/strong> <a href=\"\/fr\/produit\/colorlift-1-creme-solaire-teintee-fps-30-biosolar\/\">ColorLift 1<\/a> ou <a href=\"\/fr\/produit\/colorlift-2-creme-solaire-teintee-fps-30-biosolar\/\">ColorLift 2<\/a> ou <a href=\"\/fr\/produit\/colorlift-3-creme-solaire-teintee-fps-30-biosolar\/\">ColorLift 3<\/a><\/li>\n<li class=\"bullet-arrow\"><strong>Type de peau :<\/strong> Tous les types de peau | Fitzpatrick III &amp; IV (Peaux medium)<\/li>\n<li class=\"bullet-arrow\"><strong>Pr\u00e9occupations cutan\u00e9es :<\/strong> Protection solaire<\/li>\n<li class=\"bullet-arrow\"><strong>Format :<\/strong> 1.00 fl.oz. &#8211; 30 ml <em>(Pompe sans air)<\/em><\/li>\n<\/ul>\n<div class=\"row row-full-width align-equal\"  id=\"row-1025078882\">\n\t<div id=\"col-1125515185\" class=\"col small-12 large-12\"  >\n\t\t\t\t<div class=\"col-inner\"  >\n\t\t\t\n\t\t\t\n\n  \n    <div class=\"row large-columns-8 medium-columns-8 small-columns-8 row-collapse\" >\n  <div class=\"gallery-col col\" >\n          <div class=\"col-inner\">\n                        <div class=\"box has-hover gallery-box box-none\">\n              <div class=\"box-image\" >\n                <img width=\"1\" height=\"1\" src=\"https:\/\/nellydevuyst.com\/wp-content\/uploads\/2024\/06\/ECOCERTN2.svg\" class=\"attachment-medium size-medium\" alt=\"\" ids=\"15555,12311,12305,12323,12303,12319,12321,12309\" style=\"none\" lightbox=\"false\" col_spacing=\"collapse\" columns=\"8\" columns__sm=\"8\" columns__md=\"8\" decoding=\"async\" loading=\"lazy\" \/>                                                              <\/div>\n              <div class=\"box-text text-left\" >\n                 <p><\/p>\n              <\/div>\n            <\/div>\n                      <\/div>\n         <\/div><div class=\"gallery-col col\" >\n          <div class=\"col-inner\">\n                        <div class=\"box has-hover gallery-box box-none\">\n              <div class=\"box-image\" >\n                <img width=\"1\" height=\"1\" src=\"https:\/\/nellydevuyst.com\/wp-content\/uploads\/2023\/05\/COSMOS-EN.svg\" class=\"attachment-medium size-medium\" alt=\"BIO COSMETIQUE\" ids=\"15555,12311,12305,12323,12303,12319,12321,12309\" style=\"none\" lightbox=\"false\" col_spacing=\"collapse\" columns=\"8\" columns__sm=\"8\" columns__md=\"8\" decoding=\"async\" loading=\"lazy\" \/>                                                              <\/div>\n              <div class=\"box-text text-left\" >\n                 <p>BIO COSMETIQUE<\/p>\n              <\/div>\n            <\/div>\n                      <\/div>\n         <\/div><div class=\"gallery-col col\" >\n          <div class=\"col-inner\">\n                        <div class=\"box has-hover gallery-box box-none\">\n              <div class=\"box-image\" >\n                <img width=\"1\" height=\"1\" src=\"https:\/\/nellydevuyst.com\/wp-content\/uploads\/2023\/05\/BPF-FR.svg\" class=\"attachment-medium size-medium\" alt=\"CERTIFIE BPF\" ids=\"15555,12311,12305,12323,12303,12319,12321,12309\" style=\"none\" lightbox=\"false\" col_spacing=\"collapse\" columns=\"8\" columns__sm=\"8\" columns__md=\"8\" decoding=\"async\" loading=\"lazy\" \/>                                                              <\/div>\n              <div class=\"box-text text-left\" >\n                 <p>CERTIFIE BPF<\/p>\n              <\/div>\n            <\/div>\n                      <\/div>\n         <\/div><div class=\"gallery-col col\" >\n          <div class=\"col-inner\">\n                        <div class=\"box has-hover gallery-box box-none\">\n              <div class=\"box-image\" >\n                <img width=\"1\" height=\"1\" src=\"https:\/\/nellydevuyst.com\/wp-content\/uploads\/2023\/05\/VEGAN-EN.svg\" class=\"attachment-medium size-medium\" alt=\"VEGAN\" ids=\"15555,12311,12305,12323,12303,12319,12321,12309\" style=\"none\" lightbox=\"false\" col_spacing=\"collapse\" columns=\"8\" columns__sm=\"8\" columns__md=\"8\" decoding=\"async\" loading=\"lazy\" \/>                                                              <\/div>\n              <div class=\"box-text text-left\" >\n                 <p>VEGAN<\/p>\n              <\/div>\n            <\/div>\n                      <\/div>\n         <\/div><div class=\"gallery-col col\" >\n          <div class=\"col-inner\">\n                        <div class=\"box has-hover gallery-box box-none\">\n              <div class=\"box-image\" >\n                <img width=\"1\" height=\"1\" src=\"https:\/\/nellydevuyst.com\/wp-content\/uploads\/2023\/05\/ANIMALCRUELTY-EN.svg\" class=\"attachment-medium size-medium\" alt=\"NO ANIMAL CRUELTY\" ids=\"15555,12311,12305,12323,12303,12319,12321,12309\" style=\"none\" lightbox=\"false\" col_spacing=\"collapse\" columns=\"8\" columns__sm=\"8\" columns__md=\"8\" decoding=\"async\" loading=\"lazy\" \/>                                                              <\/div>\n              <div class=\"box-text text-left\" >\n                 <p>NO ANIMAL CRUELTY <\/p>\n              <\/div>\n            <\/div>\n                      <\/div>\n         <\/div><div class=\"gallery-col col\" >\n          <div class=\"col-inner\">\n                        <div class=\"box has-hover gallery-box box-none\">\n              <div class=\"box-image\" >\n                <img width=\"1\" height=\"1\" src=\"https:\/\/nellydevuyst.com\/wp-content\/uploads\/2023\/05\/OGM-FR.svg\" class=\"attachment-medium size-medium\" alt=\"GLUTEN OGM\" ids=\"15555,12311,12305,12323,12303,12319,12321,12309\" style=\"none\" lightbox=\"false\" col_spacing=\"collapse\" columns=\"8\" columns__sm=\"8\" columns__md=\"8\" decoding=\"async\" loading=\"lazy\" \/>                                                              <\/div>\n              <div class=\"box-text text-left\" >\n                 <p>GLUTEN OGM<\/p>\n              <\/div>\n            <\/div>\n                      <\/div>\n         <\/div><div class=\"gallery-col col\" >\n          <div class=\"col-inner\">\n                        <div class=\"box has-hover gallery-box box-none\">\n              <div class=\"box-image\" >\n                <img width=\"1\" height=\"1\" src=\"https:\/\/nellydevuyst.com\/wp-content\/uploads\/2023\/05\/RECYCLABLE-EN.svg\" class=\"attachment-medium size-medium\" alt=\"RECYCLABLE\" ids=\"15555,12311,12305,12323,12303,12319,12321,12309\" style=\"none\" lightbox=\"false\" col_spacing=\"collapse\" columns=\"8\" columns__sm=\"8\" columns__md=\"8\" decoding=\"async\" loading=\"lazy\" \/>                                                              <\/div>\n              <div class=\"box-text text-left\" >\n                 <p>RECYCLABLE<\/p>\n              <\/div>\n            <\/div>\n                      <\/div>\n         <\/div><div class=\"gallery-col col\" >\n          <div class=\"col-inner\">\n                        <div class=\"box has-hover gallery-box box-none\">\n              <div class=\"box-image\" >\n                <img width=\"1\" height=\"1\" src=\"https:\/\/nellydevuyst.com\/wp-content\/uploads\/2023\/05\/CANADA-FR.svg\" class=\"attachment-medium size-medium\" alt=\"FABRIQUE AU CANADA\" ids=\"15555,12311,12305,12323,12303,12319,12321,12309\" style=\"none\" lightbox=\"false\" col_spacing=\"collapse\" columns=\"8\" columns__sm=\"8\" columns__md=\"8\" decoding=\"async\" loading=\"lazy\" \/>                                                              <\/div>\n              <div class=\"box-text text-left\" >\n                 <p>FABRIQUE AU CANADA<\/p>\n              <\/div>\n            <\/div>\n                      <\/div>\n         <\/div><\/div>\n\t\t<\/div>\n\t\t\t\t\t<\/div>\n\n\t<\/div>\n","protected":false},"featured_media":14190,"comment_status":"open","ping_status":"closed","template":"","meta":[],"product_brand":[],"product_cat":[501,208,192,211],"product_tag":[226,223,272,271,273,274],"giftcard-category":[],"class_list":{"0":"post-5145","1":"product","2":"type-product","3":"status-publish","4":"has-post-thumbnail","6":"product_cat-collection-biosolar","7":"product_cat-hyperpigmentation","8":"product_cat-protection-solaire","9":"product_cat-protection-solaire-fr","10":"product_tag-biologique","11":"product_tag-cosmos-fr","12":"product_tag-creme-solaire","13":"product_tag-dommages-lies-au-soleil","14":"product_tag-uva-fr","15":"product_tag-uvb-fr","17":"first","18":"instock","19":"taxable","20":"shipping-taxable","21":"purchasable","22":"product-type-simple"},"yoast_head":"<!-- This site is optimized with the Yoast SEO plugin v27.4 - https:\/\/yoast.com\/product\/yoast-seo-wordpress\/ -->\n<title>ColorLift 2 Cr\u00e8me Solaire Teint\u00e9e FPS 30 BioSolar | Nelly De Vuyst\u00ae Skin Care<\/title>\n<meta name=\"description\" content=\"Certifi\u00e9 naturel, ColorLift 2 a une formule min\u00e9rale unique SPF 30 qui prot\u00e8ge la peau contre les UVA, les UVB et les \u00e9missions num\u00e9riques.\" \/>\n<meta name=\"robots\" content=\"index, follow, max-snippet:-1, max-image-preview:large, max-video-preview:-1\" \/>\n<link rel=\"canonical\" href=\"https:\/\/nellydevuyst.com\/fr\/produit\/colorlift-2-creme-solaire-teintee-fps-30-biosolar\/\" \/>\n<meta property=\"og:locale\" content=\"fr_FR\" \/>\n<meta property=\"og:type\" content=\"article\" \/>\n<meta property=\"og:title\" content=\"ColorLift 2 Cr\u00e8me Solaire Teint\u00e9e FPS 30 BioSolar | Nelly De Vuyst\u00ae Skin Care\" \/>\n<meta property=\"og:description\" content=\"Certifi\u00e9 naturel, ColorLift 2 a une formule min\u00e9rale unique SPF 30 qui prot\u00e8ge la peau contre les UVA, les UVB et les \u00e9missions num\u00e9riques.\" \/>\n<meta property=\"og:url\" content=\"https:\/\/nellydevuyst.com\/fr\/produit\/colorlift-2-creme-solaire-teintee-fps-30-biosolar\/\" \/>\n<meta property=\"og:site_name\" content=\"Nelly De Vuyst\u00ae Skin Care\" \/>\n<meta property=\"article:publisher\" content=\"https:\/\/www.facebook.com\/NellyDeVuystSkincare\/\" \/>\n<meta property=\"article:modified_time\" content=\"2026-03-22T19:57:06+00:00\" \/>\n<meta property=\"og:image\" content=\"https:\/\/nellydevuyst.com\/wp-content\/uploads\/2021\/07\/BioSolar-ColorLift-2-Tinted-Sunscreen-SPF-30.jpg\" \/>\n\t<meta property=\"og:image:width\" content=\"1200\" \/>\n\t<meta property=\"og:image:height\" content=\"1200\" \/>\n\t<meta property=\"og:image:type\" content=\"image\/jpeg\" \/>\n<meta name=\"twitter:card\" content=\"summary_large_image\" \/>\n<script type=\"application\/ld+json\" class=\"yoast-schema-graph\">{\"@context\":\"https:\\\/\\\/schema.org\",\"@graph\":[{\"@type\":[\"WebPage\",\"ItemPage\"],\"@id\":\"https:\\\/\\\/nellydevuyst.com\\\/fr\\\/produit\\\/colorlift-2-creme-solaire-teintee-fps-30-biosolar\\\/\",\"url\":\"https:\\\/\\\/nellydevuyst.com\\\/fr\\\/produit\\\/colorlift-2-creme-solaire-teintee-fps-30-biosolar\\\/\",\"name\":\"ColorLift 2 Cr\u00e8me Solaire Teint\u00e9e FPS 30 BioSolar | Nelly De Vuyst\u00ae Skin Care\",\"isPartOf\":{\"@id\":\"https:\\\/\\\/nellydevuyst.com\\\/fr\\\/#website\"},\"primaryImageOfPage\":{\"@id\":\"https:\\\/\\\/nellydevuyst.com\\\/fr\\\/produit\\\/colorlift-2-creme-solaire-teintee-fps-30-biosolar\\\/#primaryimage\"},\"image\":{\"@id\":\"https:\\\/\\\/nellydevuyst.com\\\/fr\\\/produit\\\/colorlift-2-creme-solaire-teintee-fps-30-biosolar\\\/#primaryimage\"},\"thumbnailUrl\":\"https:\\\/\\\/nellydevuyst.com\\\/wp-content\\\/uploads\\\/2021\\\/07\\\/BioSolar-ColorLift-2-Tinted-Sunscreen-SPF-30.jpg\",\"datePublished\":\"2021-07-16T19:58:26+00:00\",\"dateModified\":\"2026-03-22T19:57:06+00:00\",\"description\":\"Certifi\u00e9 naturel, ColorLift 2 a une formule min\u00e9rale unique SPF 30 qui prot\u00e8ge la peau contre les UVA, les UVB et les \u00e9missions num\u00e9riques.\",\"breadcrumb\":{\"@id\":\"https:\\\/\\\/nellydevuyst.com\\\/fr\\\/produit\\\/colorlift-2-creme-solaire-teintee-fps-30-biosolar\\\/#breadcrumb\"},\"inLanguage\":\"fr-FR\",\"potentialAction\":[{\"@type\":\"ReadAction\",\"target\":[\"https:\\\/\\\/nellydevuyst.com\\\/fr\\\/produit\\\/colorlift-2-creme-solaire-teintee-fps-30-biosolar\\\/\"]}]},{\"@type\":\"ImageObject\",\"inLanguage\":\"fr-FR\",\"@id\":\"https:\\\/\\\/nellydevuyst.com\\\/fr\\\/produit\\\/colorlift-2-creme-solaire-teintee-fps-30-biosolar\\\/#primaryimage\",\"url\":\"https:\\\/\\\/nellydevuyst.com\\\/wp-content\\\/uploads\\\/2021\\\/07\\\/BioSolar-ColorLift-2-Tinted-Sunscreen-SPF-30.jpg\",\"contentUrl\":\"https:\\\/\\\/nellydevuyst.com\\\/wp-content\\\/uploads\\\/2021\\\/07\\\/BioSolar-ColorLift-2-Tinted-Sunscreen-SPF-30.jpg\",\"width\":1200,\"height\":1200,\"caption\":\"ColorLift 2 Cr\u00e8me Solaire Teint\u00e9e FPS 30 BioSolar\"},{\"@type\":\"BreadcrumbList\",\"@id\":\"https:\\\/\\\/nellydevuyst.com\\\/fr\\\/produit\\\/colorlift-2-creme-solaire-teintee-fps-30-biosolar\\\/#breadcrumb\",\"itemListElement\":[{\"@type\":\"ListItem\",\"position\":1,\"name\":\"Home\",\"item\":\"https:\\\/\\\/nellydevuyst.com\\\/fr\\\/\"},{\"@type\":\"ListItem\",\"position\":2,\"name\":\"Boutique\",\"item\":\"https:\\\/\\\/nellydevuyst.com\\\/fr\\\/boutique\\\/\"},{\"@type\":\"ListItem\",\"position\":3,\"name\":\"ColorLift 2 Cr\u00e8me Solaire Teint\u00e9e FPS 30 BioSolar\"}]},{\"@type\":\"WebSite\",\"@id\":\"https:\\\/\\\/nellydevuyst.com\\\/fr\\\/#website\",\"url\":\"https:\\\/\\\/nellydevuyst.com\\\/fr\\\/\",\"name\":\"Nelly De Vuyst\u00ae Skin Care\",\"description\":\"The Best of Science and Nature\",\"publisher\":{\"@id\":\"https:\\\/\\\/nellydevuyst.com\\\/fr\\\/#organization\"},\"alternateName\":\"NDV Skin Care\",\"potentialAction\":[{\"@type\":\"SearchAction\",\"target\":{\"@type\":\"EntryPoint\",\"urlTemplate\":\"https:\\\/\\\/nellydevuyst.com\\\/fr\\\/?s={search_term_string}\"},\"query-input\":{\"@type\":\"PropertyValueSpecification\",\"valueRequired\":true,\"valueName\":\"search_term_string\"}}],\"inLanguage\":\"fr-FR\"},{\"@type\":\"Organization\",\"@id\":\"https:\\\/\\\/nellydevuyst.com\\\/fr\\\/#organization\",\"name\":\"Nelly De Vuyst Skin Care\",\"alternateName\":\"NDV Skin Care\",\"url\":\"https:\\\/\\\/nellydevuyst.com\\\/fr\\\/\",\"logo\":{\"@type\":\"ImageObject\",\"inLanguage\":\"fr-FR\",\"@id\":\"https:\\\/\\\/nellydevuyst.com\\\/fr\\\/#\\\/schema\\\/logo\\\/image\\\/\",\"url\":\"https:\\\/\\\/nellydevuyst.com\\\/wp-content\\\/uploads\\\/2024\\\/01\\\/ndv-logo-favico.png\",\"contentUrl\":\"https:\\\/\\\/nellydevuyst.com\\\/wp-content\\\/uploads\\\/2024\\\/01\\\/ndv-logo-favico.png\",\"width\":512,\"height\":512,\"caption\":\"Nelly De Vuyst Skin Care\"},\"image\":{\"@id\":\"https:\\\/\\\/nellydevuyst.com\\\/fr\\\/#\\\/schema\\\/logo\\\/image\\\/\"},\"sameAs\":[\"https:\\\/\\\/www.facebook.com\\\/NellyDeVuystSkincare\\\/\",\"https:\\\/\\\/www.instagram.com\\\/nelly_devuyst\\\/\",\"https:\\\/\\\/www.youtube.com\\\/user\\\/derme8282\",\"https:\\\/\\\/www.tiktok.com\\\/@nellydevuyst\",\"https:\\\/\\\/www.pinterest.com.mx\\\/nellydevuystskincare\\\/\"]}]}<\/script>\n<!-- \/ Yoast SEO plugin. -->","yoast_head_json":{"title":"ColorLift 2 Cr\u00e8me Solaire Teint\u00e9e FPS 30 BioSolar | Nelly De Vuyst\u00ae Skin Care","description":"Certifi\u00e9 naturel, ColorLift 2 a une formule min\u00e9rale unique SPF 30 qui prot\u00e8ge la peau contre les UVA, les UVB et les \u00e9missions num\u00e9riques.","robots":{"index":"index","follow":"follow","max-snippet":"max-snippet:-1","max-image-preview":"max-image-preview:large","max-video-preview":"max-video-preview:-1"},"canonical":"https:\/\/nellydevuyst.com\/fr\/produit\/colorlift-2-creme-solaire-teintee-fps-30-biosolar\/","og_locale":"fr_FR","og_type":"article","og_title":"ColorLift 2 Cr\u00e8me Solaire Teint\u00e9e FPS 30 BioSolar | Nelly De Vuyst\u00ae Skin Care","og_description":"Certifi\u00e9 naturel, ColorLift 2 a une formule min\u00e9rale unique SPF 30 qui prot\u00e8ge la peau contre les UVA, les UVB et les \u00e9missions num\u00e9riques.","og_url":"https:\/\/nellydevuyst.com\/fr\/produit\/colorlift-2-creme-solaire-teintee-fps-30-biosolar\/","og_site_name":"Nelly De Vuyst\u00ae Skin Care","article_publisher":"https:\/\/www.facebook.com\/NellyDeVuystSkincare\/","article_modified_time":"2026-03-22T19:57:06+00:00","og_image":[{"width":1200,"height":1200,"url":"https:\/\/nellydevuyst.com\/wp-content\/uploads\/2021\/07\/BioSolar-ColorLift-2-Tinted-Sunscreen-SPF-30.jpg","type":"image\/jpeg"}],"twitter_card":"summary_large_image","schema":{"@context":"https:\/\/schema.org","@graph":[{"@type":["WebPage","ItemPage"],"@id":"https:\/\/nellydevuyst.com\/fr\/produit\/colorlift-2-creme-solaire-teintee-fps-30-biosolar\/","url":"https:\/\/nellydevuyst.com\/fr\/produit\/colorlift-2-creme-solaire-teintee-fps-30-biosolar\/","name":"ColorLift 2 Cr\u00e8me Solaire Teint\u00e9e FPS 30 BioSolar | Nelly De Vuyst\u00ae Skin Care","isPartOf":{"@id":"https:\/\/nellydevuyst.com\/fr\/#website"},"primaryImageOfPage":{"@id":"https:\/\/nellydevuyst.com\/fr\/produit\/colorlift-2-creme-solaire-teintee-fps-30-biosolar\/#primaryimage"},"image":{"@id":"https:\/\/nellydevuyst.com\/fr\/produit\/colorlift-2-creme-solaire-teintee-fps-30-biosolar\/#primaryimage"},"thumbnailUrl":"https:\/\/nellydevuyst.com\/wp-content\/uploads\/2021\/07\/BioSolar-ColorLift-2-Tinted-Sunscreen-SPF-30.jpg","datePublished":"2021-07-16T19:58:26+00:00","dateModified":"2026-03-22T19:57:06+00:00","description":"Certifi\u00e9 naturel, ColorLift 2 a une formule min\u00e9rale unique SPF 30 qui prot\u00e8ge la peau contre les UVA, les UVB et les \u00e9missions num\u00e9riques.","breadcrumb":{"@id":"https:\/\/nellydevuyst.com\/fr\/produit\/colorlift-2-creme-solaire-teintee-fps-30-biosolar\/#breadcrumb"},"inLanguage":"fr-FR","potentialAction":[{"@type":"ReadAction","target":["https:\/\/nellydevuyst.com\/fr\/produit\/colorlift-2-creme-solaire-teintee-fps-30-biosolar\/"]}]},{"@type":"ImageObject","inLanguage":"fr-FR","@id":"https:\/\/nellydevuyst.com\/fr\/produit\/colorlift-2-creme-solaire-teintee-fps-30-biosolar\/#primaryimage","url":"https:\/\/nellydevuyst.com\/wp-content\/uploads\/2021\/07\/BioSolar-ColorLift-2-Tinted-Sunscreen-SPF-30.jpg","contentUrl":"https:\/\/nellydevuyst.com\/wp-content\/uploads\/2021\/07\/BioSolar-ColorLift-2-Tinted-Sunscreen-SPF-30.jpg","width":1200,"height":1200,"caption":"ColorLift 2 Cr\u00e8me Solaire Teint\u00e9e FPS 30 BioSolar"},{"@type":"BreadcrumbList","@id":"https:\/\/nellydevuyst.com\/fr\/produit\/colorlift-2-creme-solaire-teintee-fps-30-biosolar\/#breadcrumb","itemListElement":[{"@type":"ListItem","position":1,"name":"Home","item":"https:\/\/nellydevuyst.com\/fr\/"},{"@type":"ListItem","position":2,"name":"Boutique","item":"https:\/\/nellydevuyst.com\/fr\/boutique\/"},{"@type":"ListItem","position":3,"name":"ColorLift 2 Cr\u00e8me Solaire Teint\u00e9e FPS 30 BioSolar"}]},{"@type":"WebSite","@id":"https:\/\/nellydevuyst.com\/fr\/#website","url":"https:\/\/nellydevuyst.com\/fr\/","name":"Nelly De Vuyst\u00ae Skin Care","description":"The Best of Science and Nature","publisher":{"@id":"https:\/\/nellydevuyst.com\/fr\/#organization"},"alternateName":"NDV Skin Care","potentialAction":[{"@type":"SearchAction","target":{"@type":"EntryPoint","urlTemplate":"https:\/\/nellydevuyst.com\/fr\/?s={search_term_string}"},"query-input":{"@type":"PropertyValueSpecification","valueRequired":true,"valueName":"search_term_string"}}],"inLanguage":"fr-FR"},{"@type":"Organization","@id":"https:\/\/nellydevuyst.com\/fr\/#organization","name":"Nelly De Vuyst Skin Care","alternateName":"NDV Skin Care","url":"https:\/\/nellydevuyst.com\/fr\/","logo":{"@type":"ImageObject","inLanguage":"fr-FR","@id":"https:\/\/nellydevuyst.com\/fr\/#\/schema\/logo\/image\/","url":"https:\/\/nellydevuyst.com\/wp-content\/uploads\/2024\/01\/ndv-logo-favico.png","contentUrl":"https:\/\/nellydevuyst.com\/wp-content\/uploads\/2024\/01\/ndv-logo-favico.png","width":512,"height":512,"caption":"Nelly De Vuyst Skin Care"},"image":{"@id":"https:\/\/nellydevuyst.com\/fr\/#\/schema\/logo\/image\/"},"sameAs":["https:\/\/www.facebook.com\/NellyDeVuystSkincare\/","https:\/\/www.instagram.com\/nelly_devuyst\/","https:\/\/www.youtube.com\/user\/derme8282","https:\/\/www.tiktok.com\/@nellydevuyst","https:\/\/www.pinterest.com.mx\/nellydevuystskincare\/"]}]}},"_links":{"self":[{"href":"https:\/\/nellydevuyst.com\/fr\/wp-json\/wp\/v2\/product\/5145","targetHints":{"allow":["GET"]}}],"collection":[{"href":"https:\/\/nellydevuyst.com\/fr\/wp-json\/wp\/v2\/product"}],"about":[{"href":"https:\/\/nellydevuyst.com\/fr\/wp-json\/wp\/v2\/types\/product"}],"replies":[{"embeddable":true,"href":"https:\/\/nellydevuyst.com\/fr\/wp-json\/wp\/v2\/comments?post=5145"}],"wp:featuredmedia":[{"embeddable":true,"href":"https:\/\/nellydevuyst.com\/fr\/wp-json\/wp\/v2\/media\/14190"}],"wp:attachment":[{"href":"https:\/\/nellydevuyst.com\/fr\/wp-json\/wp\/v2\/media?parent=5145"}],"wp:term":[{"taxonomy":"product_brand","embeddable":true,"href":"https:\/\/nellydevuyst.com\/fr\/wp-json\/wp\/v2\/product_brand?post=5145"},{"taxonomy":"product_cat","embeddable":true,"href":"https:\/\/nellydevuyst.com\/fr\/wp-json\/wp\/v2\/product_cat?post=5145"},{"taxonomy":"product_tag","embeddable":true,"href":"https:\/\/nellydevuyst.com\/fr\/wp-json\/wp\/v2\/product_tag?post=5145"},{"taxonomy":"giftcard-category","embeddable":true,"href":"https:\/\/nellydevuyst.com\/fr\/wp-json\/wp\/v2\/giftcard-category?post=5145"}],"curies":[{"name":"wp","href":"https:\/\/api.w.org\/{rel}","templated":true}]}}