{"id":5823,"date":"2021-11-22T12:19:37","date_gmt":"2021-11-22T17:19:37","guid":{"rendered":"https:\/\/nellydevuyst.com\/?post_type=product&#038;p=5823"},"modified":"2025-08-01T00:08:27","modified_gmt":"2025-08-01T04:08:27","slug":"trousse-decouverte-biofemme","status":"publish","type":"product","link":"https:\/\/nellydevuyst.com\/fr\/produit\/trousse-decouverte-biofemme\/","title":{"rendered":"Trousse D\u00e9couverte BioFemme"},"content":{"rendered":"<h2 class=\"uppercase\">Hygi\u00e8ne naturelle f\u00e9minine<\/h2>\n<p>D\u00e9couvrez la Trousse D\u00e9couverte BioFemme. Une gamme compl\u00e8te de produits destin\u00e9e au soin des r\u00e9gions intimes f\u00e9minines. Formul\u00e9s pour le bien-\u00eatre f\u00e9minin.<\/p>\n<p><strong>Inclus:<\/strong><\/p>\n<ul>\n<li class=\"bullet-arrow\"><a href=\"\/fr\/produit\/lubielle-biofemme-voyage\/\">LubiElle BioFemme (Voyage)<\/a><\/li>\n<li class=\"bullet-arrow\"><a href=\"\/fr\/produit\/gel-raffermissant-biofemme-voyage\/\">Gel Raffermissant BioFemme (Voyage)<\/a><\/li>\n<li class=\"bullet-arrow\"><a href=\"\/fr\/produit\/tonique-raffermissant-biofemme-voyage\/\">Tonique Raffermissant BioFemme (Voyage)<\/a><\/li>\n<li class=\"bullet-arrow\"><a href=\"\/fr\/produit\/gel-apaisant-ph-biofemme-voyage\/\">Gel Apaisant pH BioFemme (Voyage)<\/a><\/li>\n<li class=\"bullet-arrow\"><a href=\"\/fr\/produit\/serum-regenerant-biofemme\/\">S\u00e9rum R\u00e9g\u00e9n\u00e9rant BioFemme<\/a><\/li>\n<\/ul>\n","protected":false},"excerpt":{"rendered":"<p>Id\u00e9al pour l\u2019hygi\u00e8ne quotidienne, l\u2019\u00e9quilibre du pH et la fermet\u00e9, ainsi que les poils incarn\u00e9s. La trousse de d\u00e9marrage parfait pour tous les obs\u00e9d\u00e9s des soins de la peau. BioFemme maintenant en format voyage.<\/p>\n","protected":false},"featured_media":16129,"comment_status":"open","ping_status":"closed","template":"","meta":[],"product_brand":[],"product_cat":[198,529],"product_tag":[478,254],"giftcard-category":[],"class_list":{"0":"post-5823","1":"product","2":"type-product","3":"status-publish","4":"has-post-thumbnail","6":"product_cat-collection-biofemme","7":"product_cat-offres-speciales-idees-cadeaux","8":"product_tag-biofemme-fr","9":"product_tag-hygiene-feminine","11":"first","12":"instock","13":"taxable","14":"shipping-taxable","15":"purchasable","16":"product-type-simple"},"yoast_head":"<!-- This site is optimized with the Yoast SEO plugin v27.2 - https:\/\/yoast.com\/product\/yoast-seo-wordpress\/ -->\n<title>Trousse D\u00e9couverte BioFemme | Nelly De Vuyst\u00ae Skin Care<\/title>\n<meta name=\"description\" content=\"Id\u00e9al pour l\u2019hygi\u00e8ne quotidienne, l\u2019\u00e9quilibre du pH et la fermet\u00e9, ainsi que les poils incarn\u00e9s. La trousse de d\u00e9marrage parfait pour tous les obs\u00e9d\u00e9s des soins de la peau. Bio Femme maintenant en format voyage.\" \/>\n<meta name=\"robots\" content=\"index, follow, max-snippet:-1, max-image-preview:large, max-video-preview:-1\" \/>\n<link rel=\"canonical\" href=\"https:\/\/nellydevuyst.com\/fr\/produit\/trousse-decouverte-biofemme\/\" \/>\n<meta property=\"og:locale\" content=\"fr_FR\" \/>\n<meta property=\"og:type\" content=\"article\" \/>\n<meta property=\"og:title\" content=\"Trousse D\u00e9couverte BioFemme | Nelly De Vuyst\u00ae Skin Care\" \/>\n<meta property=\"og:description\" content=\"Id\u00e9al pour l\u2019hygi\u00e8ne quotidienne, l\u2019\u00e9quilibre du pH et la fermet\u00e9, ainsi que les poils incarn\u00e9s. La trousse de d\u00e9marrage parfait pour tous les obs\u00e9d\u00e9s des soins de la peau. Bio Femme maintenant en format voyage.\" \/>\n<meta property=\"og:url\" content=\"https:\/\/nellydevuyst.com\/fr\/produit\/trousse-decouverte-biofemme\/\" \/>\n<meta property=\"og:site_name\" content=\"Nelly De Vuyst\u00ae Skin Care\" \/>\n<meta property=\"article:publisher\" content=\"https:\/\/www.facebook.com\/NellyDeVuystSkincare\/\" \/>\n<meta property=\"article:modified_time\" content=\"2025-08-01T04:08:27+00:00\" \/>\n<meta property=\"og:image\" content=\"https:\/\/nellydevuyst.com\/wp-content\/uploads\/2021\/11\/BioFemme-Discovery-Kit-1.jpg\" \/>\n\t<meta property=\"og:image:width\" content=\"1200\" \/>\n\t<meta property=\"og:image:height\" content=\"1200\" \/>\n\t<meta property=\"og:image:type\" content=\"image\/jpeg\" \/>\n<meta name=\"twitter:card\" content=\"summary_large_image\" \/>\n<script type=\"application\/ld+json\" class=\"yoast-schema-graph\">{\"@context\":\"https:\/\/schema.org\",\"@graph\":[{\"@type\":[\"WebPage\",\"ItemPage\"],\"@id\":\"https:\/\/nellydevuyst.com\/fr\/produit\/trousse-decouverte-biofemme\/\",\"url\":\"https:\/\/nellydevuyst.com\/fr\/produit\/trousse-decouverte-biofemme\/\",\"name\":\"Trousse D\u00e9couverte BioFemme | Nelly De Vuyst\u00ae Skin Care\",\"isPartOf\":{\"@id\":\"https:\/\/nellydevuyst.com\/fr\/#website\"},\"primaryImageOfPage\":{\"@id\":\"https:\/\/nellydevuyst.com\/fr\/produit\/trousse-decouverte-biofemme\/#primaryimage\"},\"image\":{\"@id\":\"https:\/\/nellydevuyst.com\/fr\/produit\/trousse-decouverte-biofemme\/#primaryimage\"},\"thumbnailUrl\":\"https:\/\/nellydevuyst.com\/wp-content\/uploads\/2021\/11\/BioFemme-Discovery-Kit-1.jpg\",\"datePublished\":\"2021-11-22T17:19:37+00:00\",\"dateModified\":\"2025-08-01T04:08:27+00:00\",\"description\":\"Id\u00e9al pour l\u2019hygi\u00e8ne quotidienne, l\u2019\u00e9quilibre du pH et la fermet\u00e9, ainsi que les poils incarn\u00e9s. La trousse de d\u00e9marrage parfait pour tous les obs\u00e9d\u00e9s des soins de la peau. Bio Femme maintenant en format voyage.\",\"breadcrumb\":{\"@id\":\"https:\/\/nellydevuyst.com\/fr\/produit\/trousse-decouverte-biofemme\/#breadcrumb\"},\"inLanguage\":\"fr-FR\",\"potentialAction\":[{\"@type\":\"ReadAction\",\"target\":[\"https:\/\/nellydevuyst.com\/fr\/produit\/trousse-decouverte-biofemme\/\"]}]},{\"@type\":\"ImageObject\",\"inLanguage\":\"fr-FR\",\"@id\":\"https:\/\/nellydevuyst.com\/fr\/produit\/trousse-decouverte-biofemme\/#primaryimage\",\"url\":\"https:\/\/nellydevuyst.com\/wp-content\/uploads\/2021\/11\/BioFemme-Discovery-Kit-1.jpg\",\"contentUrl\":\"https:\/\/nellydevuyst.com\/wp-content\/uploads\/2021\/11\/BioFemme-Discovery-Kit-1.jpg\",\"width\":1200,\"height\":1200,\"caption\":\"Trousse D\u00e9couverte BioFemme\"},{\"@type\":\"BreadcrumbList\",\"@id\":\"https:\/\/nellydevuyst.com\/fr\/produit\/trousse-decouverte-biofemme\/#breadcrumb\",\"itemListElement\":[{\"@type\":\"ListItem\",\"position\":1,\"name\":\"Home\",\"item\":\"https:\/\/nellydevuyst.com\/fr\/\"},{\"@type\":\"ListItem\",\"position\":2,\"name\":\"Boutique\",\"item\":\"https:\/\/nellydevuyst.com\/fr\/boutique\/\"},{\"@type\":\"ListItem\",\"position\":3,\"name\":\"Trousse D\u00e9couverte BioFemme\"}]},{\"@type\":\"WebSite\",\"@id\":\"https:\/\/nellydevuyst.com\/fr\/#website\",\"url\":\"https:\/\/nellydevuyst.com\/fr\/\",\"name\":\"Nelly De Vuyst\u00ae Skin Care\",\"description\":\"The Best of Science and Nature\",\"publisher\":{\"@id\":\"https:\/\/nellydevuyst.com\/fr\/#organization\"},\"alternateName\":\"NDV Skin Care\",\"potentialAction\":[{\"@type\":\"SearchAction\",\"target\":{\"@type\":\"EntryPoint\",\"urlTemplate\":\"https:\/\/nellydevuyst.com\/fr\/?s={search_term_string}\"},\"query-input\":{\"@type\":\"PropertyValueSpecification\",\"valueRequired\":true,\"valueName\":\"search_term_string\"}}],\"inLanguage\":\"fr-FR\"},{\"@type\":\"Organization\",\"@id\":\"https:\/\/nellydevuyst.com\/fr\/#organization\",\"name\":\"Nelly De Vuyst Skin Care\",\"alternateName\":\"NDV Skin Care\",\"url\":\"https:\/\/nellydevuyst.com\/fr\/\",\"logo\":{\"@type\":\"ImageObject\",\"inLanguage\":\"fr-FR\",\"@id\":\"https:\/\/nellydevuyst.com\/fr\/#\/schema\/logo\/image\/\",\"url\":\"https:\/\/nellydevuyst.com\/wp-content\/uploads\/2024\/01\/ndv-logo-favico.png\",\"contentUrl\":\"https:\/\/nellydevuyst.com\/wp-content\/uploads\/2024\/01\/ndv-logo-favico.png\",\"width\":512,\"height\":512,\"caption\":\"Nelly De Vuyst Skin Care\"},\"image\":{\"@id\":\"https:\/\/nellydevuyst.com\/fr\/#\/schema\/logo\/image\/\"},\"sameAs\":[\"https:\/\/www.facebook.com\/NellyDeVuystSkincare\/\",\"https:\/\/www.instagram.com\/nelly_devuyst\/\",\"https:\/\/www.youtube.com\/user\/derme8282\",\"https:\/\/www.tiktok.com\/@nellydevuyst\",\"https:\/\/www.pinterest.com.mx\/nellydevuystskincare\/\"]}]}<\/script>\n<!-- \/ Yoast SEO plugin. -->","yoast_head_json":{"title":"Trousse D\u00e9couverte BioFemme | Nelly De Vuyst\u00ae Skin Care","description":"Id\u00e9al pour l\u2019hygi\u00e8ne quotidienne, l\u2019\u00e9quilibre du pH et la fermet\u00e9, ainsi que les poils incarn\u00e9s. La trousse de d\u00e9marrage parfait pour tous les obs\u00e9d\u00e9s des soins de la peau. Bio Femme maintenant en format voyage.","robots":{"index":"index","follow":"follow","max-snippet":"max-snippet:-1","max-image-preview":"max-image-preview:large","max-video-preview":"max-video-preview:-1"},"canonical":"https:\/\/nellydevuyst.com\/fr\/produit\/trousse-decouverte-biofemme\/","og_locale":"fr_FR","og_type":"article","og_title":"Trousse D\u00e9couverte BioFemme | Nelly De Vuyst\u00ae Skin Care","og_description":"Id\u00e9al pour l\u2019hygi\u00e8ne quotidienne, l\u2019\u00e9quilibre du pH et la fermet\u00e9, ainsi que les poils incarn\u00e9s. La trousse de d\u00e9marrage parfait pour tous les obs\u00e9d\u00e9s des soins de la peau. Bio Femme maintenant en format voyage.","og_url":"https:\/\/nellydevuyst.com\/fr\/produit\/trousse-decouverte-biofemme\/","og_site_name":"Nelly De Vuyst\u00ae Skin Care","article_publisher":"https:\/\/www.facebook.com\/NellyDeVuystSkincare\/","article_modified_time":"2025-08-01T04:08:27+00:00","og_image":[{"width":1200,"height":1200,"url":"https:\/\/nellydevuyst.com\/wp-content\/uploads\/2021\/11\/BioFemme-Discovery-Kit-1.jpg","type":"image\/jpeg"}],"twitter_card":"summary_large_image","schema":{"@context":"https:\/\/schema.org","@graph":[{"@type":["WebPage","ItemPage"],"@id":"https:\/\/nellydevuyst.com\/fr\/produit\/trousse-decouverte-biofemme\/","url":"https:\/\/nellydevuyst.com\/fr\/produit\/trousse-decouverte-biofemme\/","name":"Trousse D\u00e9couverte BioFemme | Nelly De Vuyst\u00ae Skin Care","isPartOf":{"@id":"https:\/\/nellydevuyst.com\/fr\/#website"},"primaryImageOfPage":{"@id":"https:\/\/nellydevuyst.com\/fr\/produit\/trousse-decouverte-biofemme\/#primaryimage"},"image":{"@id":"https:\/\/nellydevuyst.com\/fr\/produit\/trousse-decouverte-biofemme\/#primaryimage"},"thumbnailUrl":"https:\/\/nellydevuyst.com\/wp-content\/uploads\/2021\/11\/BioFemme-Discovery-Kit-1.jpg","datePublished":"2021-11-22T17:19:37+00:00","dateModified":"2025-08-01T04:08:27+00:00","description":"Id\u00e9al pour l\u2019hygi\u00e8ne quotidienne, l\u2019\u00e9quilibre du pH et la fermet\u00e9, ainsi que les poils incarn\u00e9s. La trousse de d\u00e9marrage parfait pour tous les obs\u00e9d\u00e9s des soins de la peau. Bio Femme maintenant en format voyage.","breadcrumb":{"@id":"https:\/\/nellydevuyst.com\/fr\/produit\/trousse-decouverte-biofemme\/#breadcrumb"},"inLanguage":"fr-FR","potentialAction":[{"@type":"ReadAction","target":["https:\/\/nellydevuyst.com\/fr\/produit\/trousse-decouverte-biofemme\/"]}]},{"@type":"ImageObject","inLanguage":"fr-FR","@id":"https:\/\/nellydevuyst.com\/fr\/produit\/trousse-decouverte-biofemme\/#primaryimage","url":"https:\/\/nellydevuyst.com\/wp-content\/uploads\/2021\/11\/BioFemme-Discovery-Kit-1.jpg","contentUrl":"https:\/\/nellydevuyst.com\/wp-content\/uploads\/2021\/11\/BioFemme-Discovery-Kit-1.jpg","width":1200,"height":1200,"caption":"Trousse D\u00e9couverte BioFemme"},{"@type":"BreadcrumbList","@id":"https:\/\/nellydevuyst.com\/fr\/produit\/trousse-decouverte-biofemme\/#breadcrumb","itemListElement":[{"@type":"ListItem","position":1,"name":"Home","item":"https:\/\/nellydevuyst.com\/fr\/"},{"@type":"ListItem","position":2,"name":"Boutique","item":"https:\/\/nellydevuyst.com\/fr\/boutique\/"},{"@type":"ListItem","position":3,"name":"Trousse D\u00e9couverte BioFemme"}]},{"@type":"WebSite","@id":"https:\/\/nellydevuyst.com\/fr\/#website","url":"https:\/\/nellydevuyst.com\/fr\/","name":"Nelly De Vuyst\u00ae Skin Care","description":"The Best of Science and Nature","publisher":{"@id":"https:\/\/nellydevuyst.com\/fr\/#organization"},"alternateName":"NDV Skin Care","potentialAction":[{"@type":"SearchAction","target":{"@type":"EntryPoint","urlTemplate":"https:\/\/nellydevuyst.com\/fr\/?s={search_term_string}"},"query-input":{"@type":"PropertyValueSpecification","valueRequired":true,"valueName":"search_term_string"}}],"inLanguage":"fr-FR"},{"@type":"Organization","@id":"https:\/\/nellydevuyst.com\/fr\/#organization","name":"Nelly De Vuyst Skin Care","alternateName":"NDV Skin Care","url":"https:\/\/nellydevuyst.com\/fr\/","logo":{"@type":"ImageObject","inLanguage":"fr-FR","@id":"https:\/\/nellydevuyst.com\/fr\/#\/schema\/logo\/image\/","url":"https:\/\/nellydevuyst.com\/wp-content\/uploads\/2024\/01\/ndv-logo-favico.png","contentUrl":"https:\/\/nellydevuyst.com\/wp-content\/uploads\/2024\/01\/ndv-logo-favico.png","width":512,"height":512,"caption":"Nelly De Vuyst Skin Care"},"image":{"@id":"https:\/\/nellydevuyst.com\/fr\/#\/schema\/logo\/image\/"},"sameAs":["https:\/\/www.facebook.com\/NellyDeVuystSkincare\/","https:\/\/www.instagram.com\/nelly_devuyst\/","https:\/\/www.youtube.com\/user\/derme8282","https:\/\/www.tiktok.com\/@nellydevuyst","https:\/\/www.pinterest.com.mx\/nellydevuystskincare\/"]}]}},"_links":{"self":[{"href":"https:\/\/nellydevuyst.com\/fr\/wp-json\/wp\/v2\/product\/5823","targetHints":{"allow":["GET"]}}],"collection":[{"href":"https:\/\/nellydevuyst.com\/fr\/wp-json\/wp\/v2\/product"}],"about":[{"href":"https:\/\/nellydevuyst.com\/fr\/wp-json\/wp\/v2\/types\/product"}],"replies":[{"embeddable":true,"href":"https:\/\/nellydevuyst.com\/fr\/wp-json\/wp\/v2\/comments?post=5823"}],"wp:featuredmedia":[{"embeddable":true,"href":"https:\/\/nellydevuyst.com\/fr\/wp-json\/wp\/v2\/media\/16129"}],"wp:attachment":[{"href":"https:\/\/nellydevuyst.com\/fr\/wp-json\/wp\/v2\/media?parent=5823"}],"wp:term":[{"taxonomy":"product_brand","embeddable":true,"href":"https:\/\/nellydevuyst.com\/fr\/wp-json\/wp\/v2\/product_brand?post=5823"},{"taxonomy":"product_cat","embeddable":true,"href":"https:\/\/nellydevuyst.com\/fr\/wp-json\/wp\/v2\/product_cat?post=5823"},{"taxonomy":"product_tag","embeddable":true,"href":"https:\/\/nellydevuyst.com\/fr\/wp-json\/wp\/v2\/product_tag?post=5823"},{"taxonomy":"giftcard-category","embeddable":true,"href":"https:\/\/nellydevuyst.com\/fr\/wp-json\/wp\/v2\/giftcard-category?post=5823"}],"curies":[{"name":"wp","href":"https:\/\/api.w.org\/{rel}","templated":true}]}}