{"id":7076,"date":"2022-04-30T12:32:38","date_gmt":"2022-04-30T16:32:38","guid":{"rendered":"https:\/\/nellydevuyst.com\/product\/anti-redness-serum-bioacne\/"},"modified":"2026-04-23T22:11:21","modified_gmt":"2026-04-24T02:11:21","slug":"serum-anti-rougeurs-biorosacea","status":"publish","type":"product","link":"https:\/\/nellydevuyst.com\/fr\/produit\/serum-anti-rougeurs-biorosacea\/","title":{"rendered":"S\u00e9rum Anti-Rougeurs BioRosacea"},"content":{"rendered":"<h2 class=\"uppercase\">Un s\u00e9rum de traitement certifi\u00e9 biologique pour des r\u00e9sultats imm\u00e9diats !<\/h2>\n<p>Voici notre formulation unique Organic COSMOS, une solution r\u00e9volutionnaire pour les sympt\u00f4mes de l&rsquo;acn\u00e9 et de la rosac\u00e9e ainsi que pour l&rsquo;inflammation de la peau. Enrichie d&rsquo;avoine collo\u00efdale, d&rsquo;huile de graines de fleurs d&rsquo;onagre, d&rsquo;extrait de racine de curcuma et d&rsquo;autres ingr\u00e9dients, elle agit comme un puissant traitement anti-acn\u00e9 et anti-rougeurs. Le s\u00e9rum cible les rougeurs, les papules et les pustules gr\u00e2ce \u00e0 son puissant concentr\u00e9 antimicrobien, antioxydant et anti-inflammatoire. Il combat \u00e9galement les microbes et apaise instantan\u00e9ment l&rsquo;inflammation sans effets secondaires. Ce produit aide non seulement \u00e0 la gu\u00e9rison des l\u00e9sions acn\u00e9iques mais renforce \u00e9galement l&rsquo;\u00e9quilibre du microbiote de la peau. Les r\u00e9sultats sont remarquables, avec une r\u00e9duction visible des rougeurs, des papules et des pustules. La peau a un aspect plus sain et plus doux, et le teint devient plus clair et plus uniforme. Faites confiance \u00e0 ce s\u00e9rum pour un soulagement imm\u00e9diat et des b\u00e9n\u00e9fices \u00e0 long terme dans la gestion et la pr\u00e9vention des sympt\u00f4mes de l&rsquo;acn\u00e9 rosac\u00e9e.<\/p>\n","protected":false},"excerpt":{"rendered":"<p><strong>Certifi\u00e9 par COSMOS ORGANIC \u00c9cocert Greenlife<\/strong>, ce s\u00e9rum anti-rougeurs est un traitement efficace pour tous les probl\u00e8mes de peau associ\u00e9s \u00e0 l&rsquo;acn\u00e9 ou aux rougeurs. Il cible les papules, les pustules et les rougeurs li\u00e9es \u00e0 l&rsquo;acn\u00e9 rosac\u00e9e gr\u00e2ce \u00e0 son m\u00e9lange antimicrobien, calme l&rsquo;inflammation, estompe les rougeurs et am\u00e9liore significativement la sant\u00e9 de la peau en une semaine.<\/p>\n<ul>\n<li class=\"bullet-arrow\"><strong>Texture :<\/strong> Emulsion l\u00e9g\u00e8re<\/li>\n<li class=\"bullet-arrow\"><strong>Type de peau :<\/strong> Peau grasse, peau \u00e0 tendance acn\u00e9ique<\/li>\n<li class=\"bullet-arrow\"><strong>Pr\u00e9occupation cutan\u00e9e :<\/strong> Peau acn\u00e9ique, peau rosac\u00e9e, peau sensible<\/li>\n<li class=\"bullet-arrow\"><strong>Format :<\/strong> 1.00 fl.oz. &#8211; 30 ml <em>(Pompe sans air)<\/em><\/li>\n<\/ul>\n<div class=\"row row-full-width align-equal\"  id=\"row-1347780270\">\n\t<div id=\"col-80975818\" class=\"col small-12 large-12\"  >\n\t\t\t\t<div class=\"col-inner\"  >\n\t\t\t\n\t\t\t\n\n  \n    <div class=\"row large-columns-8 medium-columns-8 small-columns-8 row-collapse\" >\n  <div class=\"gallery-col col\" >\n          <div class=\"col-inner\">\n                        <div class=\"box has-hover gallery-box box-none\">\n              <div class=\"box-image\" >\n                <img width=\"1\" height=\"1\" src=\"https:\/\/nellydevuyst.com\/wp-content\/uploads\/2023\/05\/ECOCERT-EN.svg\" class=\"attachment-medium size-medium\" alt=\"ECOCERT COSMOS ORGANIC\" ids=\"12312,12310,12318,12322,12302,12321,12305,12309\" style=\"none\" lightbox=\"false\" col_spacing=\"collapse\" columns=\"8\" columns__sm=\"8\" columns__md=\"8\" decoding=\"async\" loading=\"lazy\" \/>                                                              <\/div>\n              <div class=\"box-text text-left\" >\n                 <p>ECOCERT COSMOS ORGANIC<\/p>\n              <\/div>\n            <\/div>\n                      <\/div>\n         <\/div><div class=\"gallery-col col\" >\n          <div class=\"col-inner\">\n                        <div class=\"box has-hover gallery-box box-none\">\n              <div class=\"box-image\" >\n                <img width=\"1\" height=\"1\" src=\"https:\/\/nellydevuyst.com\/wp-content\/uploads\/2023\/05\/COSMOS-EN.svg\" class=\"attachment-medium size-medium\" alt=\"BIO COSMETIQUE\" ids=\"12312,12310,12318,12322,12302,12321,12305,12309\" style=\"none\" lightbox=\"false\" col_spacing=\"collapse\" columns=\"8\" columns__sm=\"8\" columns__md=\"8\" decoding=\"async\" loading=\"lazy\" \/>                                                              <\/div>\n              <div class=\"box-text text-left\" >\n                 <p>BIO COSMETIQUE<\/p>\n              <\/div>\n            <\/div>\n                      <\/div>\n         <\/div><div class=\"gallery-col col\" >\n          <div class=\"col-inner\">\n                        <div class=\"box has-hover gallery-box box-none\">\n              <div class=\"box-image\" >\n                <img width=\"1\" height=\"1\" src=\"https:\/\/nellydevuyst.com\/wp-content\/uploads\/2023\/05\/OGM-FR.svg\" class=\"attachment-medium size-medium\" alt=\"GLUTEN OGM\" ids=\"12312,12310,12318,12322,12302,12321,12305,12309\" style=\"none\" lightbox=\"false\" col_spacing=\"collapse\" columns=\"8\" columns__sm=\"8\" columns__md=\"8\" decoding=\"async\" loading=\"lazy\" \/>                                                              <\/div>\n              <div class=\"box-text text-left\" >\n                 <p>GLUTEN OGM<\/p>\n              <\/div>\n            <\/div>\n                      <\/div>\n         <\/div><div class=\"gallery-col col\" >\n          <div class=\"col-inner\">\n                        <div class=\"box has-hover gallery-box box-none\">\n              <div class=\"box-image\" >\n                <img width=\"1\" height=\"1\" src=\"https:\/\/nellydevuyst.com\/wp-content\/uploads\/2023\/05\/VEGAN-EN.svg\" class=\"attachment-medium size-medium\" alt=\"VEGAN\" ids=\"12312,12310,12318,12322,12302,12321,12305,12309\" style=\"none\" lightbox=\"false\" col_spacing=\"collapse\" columns=\"8\" columns__sm=\"8\" columns__md=\"8\" decoding=\"async\" loading=\"lazy\" \/>                                                              <\/div>\n              <div class=\"box-text text-left\" >\n                 <p>VEGAN<\/p>\n              <\/div>\n            <\/div>\n                      <\/div>\n         <\/div><div class=\"gallery-col col\" >\n          <div class=\"col-inner\">\n                        <div class=\"box has-hover gallery-box box-none\">\n              <div class=\"box-image\" >\n                <img width=\"1\" height=\"1\" src=\"https:\/\/nellydevuyst.com\/wp-content\/uploads\/2023\/05\/ANIMALCRUELTY-EN.svg\" class=\"attachment-medium size-medium\" alt=\"NO ANIMAL CRUELTY\" ids=\"12312,12310,12318,12322,12302,12321,12305,12309\" style=\"none\" lightbox=\"false\" col_spacing=\"collapse\" columns=\"8\" columns__sm=\"8\" columns__md=\"8\" decoding=\"async\" loading=\"lazy\" \/>                                                              <\/div>\n              <div class=\"box-text text-left\" >\n                 <p>NO ANIMAL CRUELTY <\/p>\n              <\/div>\n            <\/div>\n                      <\/div>\n         <\/div><div class=\"gallery-col col\" >\n          <div class=\"col-inner\">\n                        <div class=\"box has-hover gallery-box box-none\">\n              <div class=\"box-image\" >\n                <img width=\"1\" height=\"1\" src=\"https:\/\/nellydevuyst.com\/wp-content\/uploads\/2023\/05\/RECYCLABLE-EN.svg\" class=\"attachment-medium size-medium\" alt=\"RECYCLABLE\" ids=\"12312,12310,12318,12322,12302,12321,12305,12309\" style=\"none\" lightbox=\"false\" col_spacing=\"collapse\" columns=\"8\" columns__sm=\"8\" columns__md=\"8\" decoding=\"async\" loading=\"lazy\" \/>                                                              <\/div>\n              <div class=\"box-text text-left\" >\n                 <p>RECYCLABLE<\/p>\n              <\/div>\n            <\/div>\n                      <\/div>\n         <\/div><div class=\"gallery-col col\" >\n          <div class=\"col-inner\">\n                        <div class=\"box has-hover gallery-box box-none\">\n              <div class=\"box-image\" >\n                <img width=\"1\" height=\"1\" src=\"https:\/\/nellydevuyst.com\/wp-content\/uploads\/2023\/05\/BPF-FR.svg\" class=\"attachment-medium size-medium\" alt=\"CERTIFIE BPF\" ids=\"12312,12310,12318,12322,12302,12321,12305,12309\" style=\"none\" lightbox=\"false\" col_spacing=\"collapse\" columns=\"8\" columns__sm=\"8\" columns__md=\"8\" decoding=\"async\" loading=\"lazy\" \/>                                                              <\/div>\n              <div class=\"box-text text-left\" >\n                 <p>CERTIFIE BPF<\/p>\n              <\/div>\n            <\/div>\n                      <\/div>\n         <\/div><div class=\"gallery-col col\" >\n          <div class=\"col-inner\">\n                        <div class=\"box has-hover gallery-box box-none\">\n              <div class=\"box-image\" >\n                <img width=\"1\" height=\"1\" src=\"https:\/\/nellydevuyst.com\/wp-content\/uploads\/2023\/05\/CANADA-FR.svg\" class=\"attachment-medium size-medium\" alt=\"FABRIQUE AU CANADA\" ids=\"12312,12310,12318,12322,12302,12321,12305,12309\" style=\"none\" lightbox=\"false\" col_spacing=\"collapse\" columns=\"8\" columns__sm=\"8\" columns__md=\"8\" decoding=\"async\" loading=\"lazy\" \/>                                                              <\/div>\n              <div class=\"box-text text-left\" >\n                 <p>FABRIQUE AU CANADA<\/p>\n              <\/div>\n            <\/div>\n                      <\/div>\n         <\/div><\/div>\n\t\t<\/div>\n\t\t\t\t\t<\/div>\n\n\t<\/div>\n","protected":false},"featured_media":13970,"comment_status":"open","ping_status":"closed","template":"","meta":[],"product_brand":[],"product_cat":[209,197,504,187],"product_tag":[238,369,226,223,224,220,225,227,240,232],"giftcard-category":[],"class_list":{"0":"post-7076","1":"product","2":"type-product","3":"status-publish","4":"has-post-thumbnail","6":"product_cat-acne-rosacee","7":"product_cat-collection-bioacne","8":"product_cat-collection-biorosacea","9":"product_cat-serums-fr","10":"product_tag-acne-rosacee","11":"product_tag-anti-rougeur","12":"product_tag-biologique","13":"product_tag-cosmos-fr","14":"product_tag-ecocert-fr","15":"product_tag-peau-acneique","16":"product_tag-peau-grasse","17":"product_tag-peau-impure","18":"product_tag-rosacee","19":"product_tag-serum","21":"first","22":"instock","23":"featured","24":"taxable","25":"shipping-taxable","26":"purchasable","27":"product-type-simple"},"yoast_head":"<!-- This site is optimized with the Yoast SEO plugin v27.4 - https:\/\/yoast.com\/product\/yoast-seo-wordpress\/ -->\n<title>S\u00e9rum Anti-Rougeurs BioRosacea | Nelly De Vuyst\u00ae Skin Care<\/title>\n<meta name=\"description\" content=\"Le s\u00e9rum anti-acn\u00e9 et anti-rougeurs Nelly De Vuyst cible les papules, les pustules et am\u00e9liore les rougeurs associ\u00e9es \u00e0 l&#039;acn\u00e9 rosac\u00e9e en une semaine.\" \/>\n<meta name=\"robots\" content=\"index, follow, max-snippet:-1, max-image-preview:large, max-video-preview:-1\" \/>\n<link rel=\"canonical\" href=\"https:\/\/nellydevuyst.com\/fr\/produit\/serum-anti-rougeurs-biorosacea\/\" \/>\n<meta property=\"og:locale\" content=\"fr_FR\" \/>\n<meta property=\"og:type\" content=\"article\" \/>\n<meta property=\"og:title\" content=\"S\u00e9rum Anti-Rougeurs BioRosacea | Nelly De Vuyst\u00ae Skin Care\" \/>\n<meta property=\"og:description\" content=\"Le s\u00e9rum anti-acn\u00e9 et anti-rougeurs Nelly De Vuyst cible les papules, les pustules et am\u00e9liore les rougeurs associ\u00e9es \u00e0 l&#039;acn\u00e9 rosac\u00e9e en une semaine.\" \/>\n<meta property=\"og:url\" content=\"https:\/\/nellydevuyst.com\/fr\/produit\/serum-anti-rougeurs-biorosacea\/\" \/>\n<meta property=\"og:site_name\" content=\"Nelly De Vuyst\u00ae Skin Care\" \/>\n<meta property=\"article:publisher\" content=\"https:\/\/www.facebook.com\/NellyDeVuystSkincare\/\" \/>\n<meta property=\"article:modified_time\" content=\"2026-04-24T02:11:21+00:00\" \/>\n<meta property=\"og:image\" content=\"https:\/\/nellydevuyst.com\/wp-content\/uploads\/2022\/04\/BioRosacea-Anti-Redness-Serum.jpg\" \/>\n\t<meta property=\"og:image:width\" content=\"1200\" \/>\n\t<meta property=\"og:image:height\" content=\"1200\" \/>\n\t<meta property=\"og:image:type\" content=\"image\/jpeg\" \/>\n<meta name=\"twitter:card\" content=\"summary_large_image\" \/>\n<script type=\"application\/ld+json\" class=\"yoast-schema-graph\">{\"@context\":\"https:\\\/\\\/schema.org\",\"@graph\":[{\"@type\":[\"WebPage\",\"ItemPage\"],\"@id\":\"https:\\\/\\\/nellydevuyst.com\\\/fr\\\/produit\\\/serum-anti-rougeurs-biorosacea\\\/\",\"url\":\"https:\\\/\\\/nellydevuyst.com\\\/fr\\\/produit\\\/serum-anti-rougeurs-biorosacea\\\/\",\"name\":\"S\u00e9rum Anti-Rougeurs BioRosacea | Nelly De Vuyst\u00ae Skin Care\",\"isPartOf\":{\"@id\":\"https:\\\/\\\/nellydevuyst.com\\\/fr\\\/#website\"},\"primaryImageOfPage\":{\"@id\":\"https:\\\/\\\/nellydevuyst.com\\\/fr\\\/produit\\\/serum-anti-rougeurs-biorosacea\\\/#primaryimage\"},\"image\":{\"@id\":\"https:\\\/\\\/nellydevuyst.com\\\/fr\\\/produit\\\/serum-anti-rougeurs-biorosacea\\\/#primaryimage\"},\"thumbnailUrl\":\"https:\\\/\\\/nellydevuyst.com\\\/wp-content\\\/uploads\\\/2022\\\/04\\\/BioRosacea-Anti-Redness-Serum.jpg\",\"datePublished\":\"2022-04-30T16:32:38+00:00\",\"dateModified\":\"2026-04-24T02:11:21+00:00\",\"description\":\"Le s\u00e9rum anti-acn\u00e9 et anti-rougeurs Nelly De Vuyst cible les papules, les pustules et am\u00e9liore les rougeurs associ\u00e9es \u00e0 l'acn\u00e9 rosac\u00e9e en une semaine.\",\"breadcrumb\":{\"@id\":\"https:\\\/\\\/nellydevuyst.com\\\/fr\\\/produit\\\/serum-anti-rougeurs-biorosacea\\\/#breadcrumb\"},\"inLanguage\":\"fr-FR\",\"potentialAction\":[{\"@type\":\"ReadAction\",\"target\":[\"https:\\\/\\\/nellydevuyst.com\\\/fr\\\/produit\\\/serum-anti-rougeurs-biorosacea\\\/\"]}]},{\"@type\":\"ImageObject\",\"inLanguage\":\"fr-FR\",\"@id\":\"https:\\\/\\\/nellydevuyst.com\\\/fr\\\/produit\\\/serum-anti-rougeurs-biorosacea\\\/#primaryimage\",\"url\":\"https:\\\/\\\/nellydevuyst.com\\\/wp-content\\\/uploads\\\/2022\\\/04\\\/BioRosacea-Anti-Redness-Serum.jpg\",\"contentUrl\":\"https:\\\/\\\/nellydevuyst.com\\\/wp-content\\\/uploads\\\/2022\\\/04\\\/BioRosacea-Anti-Redness-Serum.jpg\",\"width\":1200,\"height\":1200,\"caption\":\"S\u00e9rum Anti-Rougeurs BioRosacea\"},{\"@type\":\"BreadcrumbList\",\"@id\":\"https:\\\/\\\/nellydevuyst.com\\\/fr\\\/produit\\\/serum-anti-rougeurs-biorosacea\\\/#breadcrumb\",\"itemListElement\":[{\"@type\":\"ListItem\",\"position\":1,\"name\":\"Home\",\"item\":\"https:\\\/\\\/nellydevuyst.com\\\/fr\\\/\"},{\"@type\":\"ListItem\",\"position\":2,\"name\":\"Boutique\",\"item\":\"https:\\\/\\\/nellydevuyst.com\\\/fr\\\/boutique\\\/\"},{\"@type\":\"ListItem\",\"position\":3,\"name\":\"S\u00e9rum Anti-Rougeurs BioRosacea\"}]},{\"@type\":\"WebSite\",\"@id\":\"https:\\\/\\\/nellydevuyst.com\\\/fr\\\/#website\",\"url\":\"https:\\\/\\\/nellydevuyst.com\\\/fr\\\/\",\"name\":\"Nelly De Vuyst\u00ae Skin Care\",\"description\":\"The Best of Science and Nature\",\"publisher\":{\"@id\":\"https:\\\/\\\/nellydevuyst.com\\\/fr\\\/#organization\"},\"alternateName\":\"NDV Skin Care\",\"potentialAction\":[{\"@type\":\"SearchAction\",\"target\":{\"@type\":\"EntryPoint\",\"urlTemplate\":\"https:\\\/\\\/nellydevuyst.com\\\/fr\\\/?s={search_term_string}\"},\"query-input\":{\"@type\":\"PropertyValueSpecification\",\"valueRequired\":true,\"valueName\":\"search_term_string\"}}],\"inLanguage\":\"fr-FR\"},{\"@type\":\"Organization\",\"@id\":\"https:\\\/\\\/nellydevuyst.com\\\/fr\\\/#organization\",\"name\":\"Nelly De Vuyst Skin Care\",\"alternateName\":\"NDV Skin Care\",\"url\":\"https:\\\/\\\/nellydevuyst.com\\\/fr\\\/\",\"logo\":{\"@type\":\"ImageObject\",\"inLanguage\":\"fr-FR\",\"@id\":\"https:\\\/\\\/nellydevuyst.com\\\/fr\\\/#\\\/schema\\\/logo\\\/image\\\/\",\"url\":\"https:\\\/\\\/nellydevuyst.com\\\/wp-content\\\/uploads\\\/2024\\\/01\\\/ndv-logo-favico.png\",\"contentUrl\":\"https:\\\/\\\/nellydevuyst.com\\\/wp-content\\\/uploads\\\/2024\\\/01\\\/ndv-logo-favico.png\",\"width\":512,\"height\":512,\"caption\":\"Nelly De Vuyst Skin Care\"},\"image\":{\"@id\":\"https:\\\/\\\/nellydevuyst.com\\\/fr\\\/#\\\/schema\\\/logo\\\/image\\\/\"},\"sameAs\":[\"https:\\\/\\\/www.facebook.com\\\/NellyDeVuystSkincare\\\/\",\"https:\\\/\\\/www.instagram.com\\\/nelly_devuyst\\\/\",\"https:\\\/\\\/www.youtube.com\\\/user\\\/derme8282\",\"https:\\\/\\\/www.tiktok.com\\\/@nellydevuyst\",\"https:\\\/\\\/www.pinterest.com.mx\\\/nellydevuystskincare\\\/\"]}]}<\/script>\n<!-- \/ Yoast SEO plugin. -->","yoast_head_json":{"title":"S\u00e9rum Anti-Rougeurs BioRosacea | Nelly De Vuyst\u00ae Skin Care","description":"Le s\u00e9rum anti-acn\u00e9 et anti-rougeurs Nelly De Vuyst cible les papules, les pustules et am\u00e9liore les rougeurs associ\u00e9es \u00e0 l'acn\u00e9 rosac\u00e9e en une semaine.","robots":{"index":"index","follow":"follow","max-snippet":"max-snippet:-1","max-image-preview":"max-image-preview:large","max-video-preview":"max-video-preview:-1"},"canonical":"https:\/\/nellydevuyst.com\/fr\/produit\/serum-anti-rougeurs-biorosacea\/","og_locale":"fr_FR","og_type":"article","og_title":"S\u00e9rum Anti-Rougeurs BioRosacea | Nelly De Vuyst\u00ae Skin Care","og_description":"Le s\u00e9rum anti-acn\u00e9 et anti-rougeurs Nelly De Vuyst cible les papules, les pustules et am\u00e9liore les rougeurs associ\u00e9es \u00e0 l'acn\u00e9 rosac\u00e9e en une semaine.","og_url":"https:\/\/nellydevuyst.com\/fr\/produit\/serum-anti-rougeurs-biorosacea\/","og_site_name":"Nelly De Vuyst\u00ae Skin Care","article_publisher":"https:\/\/www.facebook.com\/NellyDeVuystSkincare\/","article_modified_time":"2026-04-24T02:11:21+00:00","og_image":[{"width":1200,"height":1200,"url":"https:\/\/nellydevuyst.com\/wp-content\/uploads\/2022\/04\/BioRosacea-Anti-Redness-Serum.jpg","type":"image\/jpeg"}],"twitter_card":"summary_large_image","schema":{"@context":"https:\/\/schema.org","@graph":[{"@type":["WebPage","ItemPage"],"@id":"https:\/\/nellydevuyst.com\/fr\/produit\/serum-anti-rougeurs-biorosacea\/","url":"https:\/\/nellydevuyst.com\/fr\/produit\/serum-anti-rougeurs-biorosacea\/","name":"S\u00e9rum Anti-Rougeurs BioRosacea | Nelly De Vuyst\u00ae Skin Care","isPartOf":{"@id":"https:\/\/nellydevuyst.com\/fr\/#website"},"primaryImageOfPage":{"@id":"https:\/\/nellydevuyst.com\/fr\/produit\/serum-anti-rougeurs-biorosacea\/#primaryimage"},"image":{"@id":"https:\/\/nellydevuyst.com\/fr\/produit\/serum-anti-rougeurs-biorosacea\/#primaryimage"},"thumbnailUrl":"https:\/\/nellydevuyst.com\/wp-content\/uploads\/2022\/04\/BioRosacea-Anti-Redness-Serum.jpg","datePublished":"2022-04-30T16:32:38+00:00","dateModified":"2026-04-24T02:11:21+00:00","description":"Le s\u00e9rum anti-acn\u00e9 et anti-rougeurs Nelly De Vuyst cible les papules, les pustules et am\u00e9liore les rougeurs associ\u00e9es \u00e0 l'acn\u00e9 rosac\u00e9e en une semaine.","breadcrumb":{"@id":"https:\/\/nellydevuyst.com\/fr\/produit\/serum-anti-rougeurs-biorosacea\/#breadcrumb"},"inLanguage":"fr-FR","potentialAction":[{"@type":"ReadAction","target":["https:\/\/nellydevuyst.com\/fr\/produit\/serum-anti-rougeurs-biorosacea\/"]}]},{"@type":"ImageObject","inLanguage":"fr-FR","@id":"https:\/\/nellydevuyst.com\/fr\/produit\/serum-anti-rougeurs-biorosacea\/#primaryimage","url":"https:\/\/nellydevuyst.com\/wp-content\/uploads\/2022\/04\/BioRosacea-Anti-Redness-Serum.jpg","contentUrl":"https:\/\/nellydevuyst.com\/wp-content\/uploads\/2022\/04\/BioRosacea-Anti-Redness-Serum.jpg","width":1200,"height":1200,"caption":"S\u00e9rum Anti-Rougeurs BioRosacea"},{"@type":"BreadcrumbList","@id":"https:\/\/nellydevuyst.com\/fr\/produit\/serum-anti-rougeurs-biorosacea\/#breadcrumb","itemListElement":[{"@type":"ListItem","position":1,"name":"Home","item":"https:\/\/nellydevuyst.com\/fr\/"},{"@type":"ListItem","position":2,"name":"Boutique","item":"https:\/\/nellydevuyst.com\/fr\/boutique\/"},{"@type":"ListItem","position":3,"name":"S\u00e9rum Anti-Rougeurs BioRosacea"}]},{"@type":"WebSite","@id":"https:\/\/nellydevuyst.com\/fr\/#website","url":"https:\/\/nellydevuyst.com\/fr\/","name":"Nelly De Vuyst\u00ae Skin Care","description":"The Best of Science and Nature","publisher":{"@id":"https:\/\/nellydevuyst.com\/fr\/#organization"},"alternateName":"NDV Skin Care","potentialAction":[{"@type":"SearchAction","target":{"@type":"EntryPoint","urlTemplate":"https:\/\/nellydevuyst.com\/fr\/?s={search_term_string}"},"query-input":{"@type":"PropertyValueSpecification","valueRequired":true,"valueName":"search_term_string"}}],"inLanguage":"fr-FR"},{"@type":"Organization","@id":"https:\/\/nellydevuyst.com\/fr\/#organization","name":"Nelly De Vuyst Skin Care","alternateName":"NDV Skin Care","url":"https:\/\/nellydevuyst.com\/fr\/","logo":{"@type":"ImageObject","inLanguage":"fr-FR","@id":"https:\/\/nellydevuyst.com\/fr\/#\/schema\/logo\/image\/","url":"https:\/\/nellydevuyst.com\/wp-content\/uploads\/2024\/01\/ndv-logo-favico.png","contentUrl":"https:\/\/nellydevuyst.com\/wp-content\/uploads\/2024\/01\/ndv-logo-favico.png","width":512,"height":512,"caption":"Nelly De Vuyst Skin Care"},"image":{"@id":"https:\/\/nellydevuyst.com\/fr\/#\/schema\/logo\/image\/"},"sameAs":["https:\/\/www.facebook.com\/NellyDeVuystSkincare\/","https:\/\/www.instagram.com\/nelly_devuyst\/","https:\/\/www.youtube.com\/user\/derme8282","https:\/\/www.tiktok.com\/@nellydevuyst","https:\/\/www.pinterest.com.mx\/nellydevuystskincare\/"]}]}},"_links":{"self":[{"href":"https:\/\/nellydevuyst.com\/fr\/wp-json\/wp\/v2\/product\/7076","targetHints":{"allow":["GET"]}}],"collection":[{"href":"https:\/\/nellydevuyst.com\/fr\/wp-json\/wp\/v2\/product"}],"about":[{"href":"https:\/\/nellydevuyst.com\/fr\/wp-json\/wp\/v2\/types\/product"}],"replies":[{"embeddable":true,"href":"https:\/\/nellydevuyst.com\/fr\/wp-json\/wp\/v2\/comments?post=7076"}],"wp:featuredmedia":[{"embeddable":true,"href":"https:\/\/nellydevuyst.com\/fr\/wp-json\/wp\/v2\/media\/13970"}],"wp:attachment":[{"href":"https:\/\/nellydevuyst.com\/fr\/wp-json\/wp\/v2\/media?parent=7076"}],"wp:term":[{"taxonomy":"product_brand","embeddable":true,"href":"https:\/\/nellydevuyst.com\/fr\/wp-json\/wp\/v2\/product_brand?post=7076"},{"taxonomy":"product_cat","embeddable":true,"href":"https:\/\/nellydevuyst.com\/fr\/wp-json\/wp\/v2\/product_cat?post=7076"},{"taxonomy":"product_tag","embeddable":true,"href":"https:\/\/nellydevuyst.com\/fr\/wp-json\/wp\/v2\/product_tag?post=7076"},{"taxonomy":"giftcard-category","embeddable":true,"href":"https:\/\/nellydevuyst.com\/fr\/wp-json\/wp\/v2\/giftcard-category?post=7076"}],"curies":[{"name":"wp","href":"https:\/\/api.w.org\/{rel}","templated":true}]}}