{"id":7191,"date":"2022-05-16T16:45:51","date_gmt":"2022-05-16T20:45:51","guid":{"rendered":"https:\/\/nellydevuyst.com\/?post_type=product&#038;p=7191"},"modified":"2026-04-15T07:40:29","modified_gmt":"2026-04-15T11:40:29","slug":"coffret-decouverte-biohomme","status":"publish","type":"product","link":"https:\/\/nellydevuyst.com\/fr\/produit\/coffret-decouverte-biohomme\/","title":{"rendered":"Coffret D\u00e9couverte BioHomme"},"content":{"rendered":"<h2 class=\"uppercase\">Soins ultimes pour hommes<\/h2>\n<p>D\u00e9couvrez la gamme Nelly De Vuyst\u00ae BioHomme. Une gamme de produits sp\u00e9cialement con\u00e7us pour les besoins de la peau masculine.<\/p>\n<p><strong>Inclus :<\/strong><\/p>\n<ul>\n<li class=\"bullet-arrow\"><a href=\"https:\/\/nellydevuyst.com\/fr\/produit\/gommage-3-minutes-biohomme\/\">Gommage 3 Minutes BioHomme<\/a><\/li>\n<li class=\"bullet-arrow\"><a href=\"https:\/\/nellydevuyst.com\/fr\/produit\/soft-net-nettoyant-moussant-biohomme\/\">Soft Net Nettoyant Moussant BioHomme<\/a><\/li>\n<li class=\"bullet-arrow\"><a href=\"https:\/\/nellydevuyst.com\/fr\/produit\/emulsion-apaisante-biohomme\/\">\u00c9mulsion Apaisante BioHomme<\/a><\/li>\n<li class=\"bullet-star\"><strong>GRATUIT :<\/strong> <a href=\"https:\/\/nellydevuyst.com\/fr\/produit\/brosse-faciale-ndv\/\">Brosse Faciale NDV<\/a><\/li>\n<\/ul>\n","protected":false},"excerpt":{"rendered":"<p>La peau des hommes est diff\u00e9rente de celle des femmes et n\u00e9cessite donc des soins particuliers. D\u00e9couvrez ce coffret tout-en-un comprenant des produits sp\u00e9cialement con\u00e7us pour les besoins de la peau des hommes.<\/p>\n","protected":false},"featured_media":14613,"comment_status":"open","ping_status":"closed","template":"","meta":[],"product_brand":[],"product_cat":[199,529],"product_tag":[239,333],"giftcard-category":[],"class_list":{"0":"post-7191","1":"product","2":"type-product","3":"status-publish","4":"has-post-thumbnail","6":"product_cat-pour-hommes","7":"product_cat-offres-speciales-idees-cadeaux","8":"product_tag-pour-hommes","9":"product_tag-promotion-fr","11":"first","12":"instock","13":"taxable","14":"shipping-taxable","15":"purchasable","16":"product-type-simple"},"yoast_head":"<!-- This site is optimized with the Yoast SEO plugin v27.4 - https:\/\/yoast.com\/product\/yoast-seo-wordpress\/ -->\n<title>Coffret D\u00e9couverte BioHomme | Nelly De Vuyst\u00ae Skin Care<\/title>\n<meta name=\"description\" content=\"Coffret cadeau tout-en-un comprenant un gommage de 3 minutes, un nettoyant moussant Soft Net, une \u00e9mulsion apaisante et en bonus une brosse faciale sp\u00e9cialement con\u00e7ue pour les hommes.\" \/>\n<meta name=\"robots\" content=\"index, follow, max-snippet:-1, max-image-preview:large, max-video-preview:-1\" \/>\n<link rel=\"canonical\" href=\"https:\/\/nellydevuyst.com\/fr\/produit\/coffret-decouverte-biohomme\/\" \/>\n<meta property=\"og:locale\" content=\"fr_FR\" \/>\n<meta property=\"og:type\" content=\"article\" \/>\n<meta property=\"og:title\" content=\"Coffret D\u00e9couverte BioHomme | Nelly De Vuyst\u00ae Skin Care\" \/>\n<meta property=\"og:description\" content=\"Coffret cadeau tout-en-un comprenant un gommage de 3 minutes, un nettoyant moussant Soft Net, une \u00e9mulsion apaisante et en bonus une brosse faciale sp\u00e9cialement con\u00e7ue pour les hommes.\" \/>\n<meta property=\"og:url\" content=\"https:\/\/nellydevuyst.com\/fr\/produit\/coffret-decouverte-biohomme\/\" \/>\n<meta property=\"og:site_name\" content=\"Nelly De Vuyst\u00ae Skin Care\" \/>\n<meta property=\"article:publisher\" content=\"https:\/\/www.facebook.com\/NellyDeVuystSkincare\/\" \/>\n<meta property=\"article:modified_time\" content=\"2026-04-15T11:40:29+00:00\" \/>\n<meta property=\"og:image\" content=\"https:\/\/nellydevuyst.com\/wp-content\/uploads\/2022\/05\/BioHomme-Discovery-Kit.jpg\" \/>\n\t<meta property=\"og:image:width\" content=\"1200\" \/>\n\t<meta property=\"og:image:height\" content=\"1200\" \/>\n\t<meta property=\"og:image:type\" content=\"image\/jpeg\" \/>\n<meta name=\"twitter:card\" content=\"summary_large_image\" \/>\n<script type=\"application\/ld+json\" class=\"yoast-schema-graph\">{\"@context\":\"https:\\\/\\\/schema.org\",\"@graph\":[{\"@type\":[\"WebPage\",\"ItemPage\"],\"@id\":\"https:\\\/\\\/nellydevuyst.com\\\/fr\\\/produit\\\/coffret-decouverte-biohomme\\\/\",\"url\":\"https:\\\/\\\/nellydevuyst.com\\\/fr\\\/produit\\\/coffret-decouverte-biohomme\\\/\",\"name\":\"Coffret D\u00e9couverte BioHomme | Nelly De Vuyst\u00ae Skin Care\",\"isPartOf\":{\"@id\":\"https:\\\/\\\/nellydevuyst.com\\\/fr\\\/#website\"},\"primaryImageOfPage\":{\"@id\":\"https:\\\/\\\/nellydevuyst.com\\\/fr\\\/produit\\\/coffret-decouverte-biohomme\\\/#primaryimage\"},\"image\":{\"@id\":\"https:\\\/\\\/nellydevuyst.com\\\/fr\\\/produit\\\/coffret-decouverte-biohomme\\\/#primaryimage\"},\"thumbnailUrl\":\"https:\\\/\\\/nellydevuyst.com\\\/wp-content\\\/uploads\\\/2022\\\/05\\\/BioHomme-Discovery-Kit.jpg\",\"datePublished\":\"2022-05-16T20:45:51+00:00\",\"dateModified\":\"2026-04-15T11:40:29+00:00\",\"description\":\"Coffret cadeau tout-en-un comprenant un gommage de 3 minutes, un nettoyant moussant Soft Net, une \u00e9mulsion apaisante et en bonus une brosse faciale sp\u00e9cialement con\u00e7ue pour les hommes.\",\"breadcrumb\":{\"@id\":\"https:\\\/\\\/nellydevuyst.com\\\/fr\\\/produit\\\/coffret-decouverte-biohomme\\\/#breadcrumb\"},\"inLanguage\":\"fr-FR\",\"potentialAction\":[{\"@type\":\"ReadAction\",\"target\":[\"https:\\\/\\\/nellydevuyst.com\\\/fr\\\/produit\\\/coffret-decouverte-biohomme\\\/\"]}]},{\"@type\":\"ImageObject\",\"inLanguage\":\"fr-FR\",\"@id\":\"https:\\\/\\\/nellydevuyst.com\\\/fr\\\/produit\\\/coffret-decouverte-biohomme\\\/#primaryimage\",\"url\":\"https:\\\/\\\/nellydevuyst.com\\\/wp-content\\\/uploads\\\/2022\\\/05\\\/BioHomme-Discovery-Kit.jpg\",\"contentUrl\":\"https:\\\/\\\/nellydevuyst.com\\\/wp-content\\\/uploads\\\/2022\\\/05\\\/BioHomme-Discovery-Kit.jpg\",\"width\":1200,\"height\":1200,\"caption\":\"Coffret D\u00e9couverte BioHomme\"},{\"@type\":\"BreadcrumbList\",\"@id\":\"https:\\\/\\\/nellydevuyst.com\\\/fr\\\/produit\\\/coffret-decouverte-biohomme\\\/#breadcrumb\",\"itemListElement\":[{\"@type\":\"ListItem\",\"position\":1,\"name\":\"Home\",\"item\":\"https:\\\/\\\/nellydevuyst.com\\\/fr\\\/\"},{\"@type\":\"ListItem\",\"position\":2,\"name\":\"Boutique\",\"item\":\"https:\\\/\\\/nellydevuyst.com\\\/fr\\\/boutique\\\/\"},{\"@type\":\"ListItem\",\"position\":3,\"name\":\"Coffret D\u00e9couverte BioHomme\"}]},{\"@type\":\"WebSite\",\"@id\":\"https:\\\/\\\/nellydevuyst.com\\\/fr\\\/#website\",\"url\":\"https:\\\/\\\/nellydevuyst.com\\\/fr\\\/\",\"name\":\"Nelly De Vuyst\u00ae Skin Care\",\"description\":\"The Best of Science and Nature\",\"publisher\":{\"@id\":\"https:\\\/\\\/nellydevuyst.com\\\/fr\\\/#organization\"},\"alternateName\":\"NDV Skin Care\",\"potentialAction\":[{\"@type\":\"SearchAction\",\"target\":{\"@type\":\"EntryPoint\",\"urlTemplate\":\"https:\\\/\\\/nellydevuyst.com\\\/fr\\\/?s={search_term_string}\"},\"query-input\":{\"@type\":\"PropertyValueSpecification\",\"valueRequired\":true,\"valueName\":\"search_term_string\"}}],\"inLanguage\":\"fr-FR\"},{\"@type\":\"Organization\",\"@id\":\"https:\\\/\\\/nellydevuyst.com\\\/fr\\\/#organization\",\"name\":\"Nelly De Vuyst Skin Care\",\"alternateName\":\"NDV Skin Care\",\"url\":\"https:\\\/\\\/nellydevuyst.com\\\/fr\\\/\",\"logo\":{\"@type\":\"ImageObject\",\"inLanguage\":\"fr-FR\",\"@id\":\"https:\\\/\\\/nellydevuyst.com\\\/fr\\\/#\\\/schema\\\/logo\\\/image\\\/\",\"url\":\"https:\\\/\\\/nellydevuyst.com\\\/wp-content\\\/uploads\\\/2024\\\/01\\\/ndv-logo-favico.png\",\"contentUrl\":\"https:\\\/\\\/nellydevuyst.com\\\/wp-content\\\/uploads\\\/2024\\\/01\\\/ndv-logo-favico.png\",\"width\":512,\"height\":512,\"caption\":\"Nelly De Vuyst Skin Care\"},\"image\":{\"@id\":\"https:\\\/\\\/nellydevuyst.com\\\/fr\\\/#\\\/schema\\\/logo\\\/image\\\/\"},\"sameAs\":[\"https:\\\/\\\/www.facebook.com\\\/NellyDeVuystSkincare\\\/\",\"https:\\\/\\\/www.instagram.com\\\/nelly_devuyst\\\/\",\"https:\\\/\\\/www.youtube.com\\\/user\\\/derme8282\",\"https:\\\/\\\/www.tiktok.com\\\/@nellydevuyst\",\"https:\\\/\\\/www.pinterest.com.mx\\\/nellydevuystskincare\\\/\"]}]}<\/script>\n<!-- \/ Yoast SEO plugin. -->","yoast_head_json":{"title":"Coffret D\u00e9couverte BioHomme | Nelly De Vuyst\u00ae Skin Care","description":"Coffret cadeau tout-en-un comprenant un gommage de 3 minutes, un nettoyant moussant Soft Net, une \u00e9mulsion apaisante et en bonus une brosse faciale sp\u00e9cialement con\u00e7ue pour les hommes.","robots":{"index":"index","follow":"follow","max-snippet":"max-snippet:-1","max-image-preview":"max-image-preview:large","max-video-preview":"max-video-preview:-1"},"canonical":"https:\/\/nellydevuyst.com\/fr\/produit\/coffret-decouverte-biohomme\/","og_locale":"fr_FR","og_type":"article","og_title":"Coffret D\u00e9couverte BioHomme | Nelly De Vuyst\u00ae Skin Care","og_description":"Coffret cadeau tout-en-un comprenant un gommage de 3 minutes, un nettoyant moussant Soft Net, une \u00e9mulsion apaisante et en bonus une brosse faciale sp\u00e9cialement con\u00e7ue pour les hommes.","og_url":"https:\/\/nellydevuyst.com\/fr\/produit\/coffret-decouverte-biohomme\/","og_site_name":"Nelly De Vuyst\u00ae Skin Care","article_publisher":"https:\/\/www.facebook.com\/NellyDeVuystSkincare\/","article_modified_time":"2026-04-15T11:40:29+00:00","og_image":[{"width":1200,"height":1200,"url":"https:\/\/nellydevuyst.com\/wp-content\/uploads\/2022\/05\/BioHomme-Discovery-Kit.jpg","type":"image\/jpeg"}],"twitter_card":"summary_large_image","schema":{"@context":"https:\/\/schema.org","@graph":[{"@type":["WebPage","ItemPage"],"@id":"https:\/\/nellydevuyst.com\/fr\/produit\/coffret-decouverte-biohomme\/","url":"https:\/\/nellydevuyst.com\/fr\/produit\/coffret-decouverte-biohomme\/","name":"Coffret D\u00e9couverte BioHomme | Nelly De Vuyst\u00ae Skin Care","isPartOf":{"@id":"https:\/\/nellydevuyst.com\/fr\/#website"},"primaryImageOfPage":{"@id":"https:\/\/nellydevuyst.com\/fr\/produit\/coffret-decouverte-biohomme\/#primaryimage"},"image":{"@id":"https:\/\/nellydevuyst.com\/fr\/produit\/coffret-decouverte-biohomme\/#primaryimage"},"thumbnailUrl":"https:\/\/nellydevuyst.com\/wp-content\/uploads\/2022\/05\/BioHomme-Discovery-Kit.jpg","datePublished":"2022-05-16T20:45:51+00:00","dateModified":"2026-04-15T11:40:29+00:00","description":"Coffret cadeau tout-en-un comprenant un gommage de 3 minutes, un nettoyant moussant Soft Net, une \u00e9mulsion apaisante et en bonus une brosse faciale sp\u00e9cialement con\u00e7ue pour les hommes.","breadcrumb":{"@id":"https:\/\/nellydevuyst.com\/fr\/produit\/coffret-decouverte-biohomme\/#breadcrumb"},"inLanguage":"fr-FR","potentialAction":[{"@type":"ReadAction","target":["https:\/\/nellydevuyst.com\/fr\/produit\/coffret-decouverte-biohomme\/"]}]},{"@type":"ImageObject","inLanguage":"fr-FR","@id":"https:\/\/nellydevuyst.com\/fr\/produit\/coffret-decouverte-biohomme\/#primaryimage","url":"https:\/\/nellydevuyst.com\/wp-content\/uploads\/2022\/05\/BioHomme-Discovery-Kit.jpg","contentUrl":"https:\/\/nellydevuyst.com\/wp-content\/uploads\/2022\/05\/BioHomme-Discovery-Kit.jpg","width":1200,"height":1200,"caption":"Coffret D\u00e9couverte BioHomme"},{"@type":"BreadcrumbList","@id":"https:\/\/nellydevuyst.com\/fr\/produit\/coffret-decouverte-biohomme\/#breadcrumb","itemListElement":[{"@type":"ListItem","position":1,"name":"Home","item":"https:\/\/nellydevuyst.com\/fr\/"},{"@type":"ListItem","position":2,"name":"Boutique","item":"https:\/\/nellydevuyst.com\/fr\/boutique\/"},{"@type":"ListItem","position":3,"name":"Coffret D\u00e9couverte BioHomme"}]},{"@type":"WebSite","@id":"https:\/\/nellydevuyst.com\/fr\/#website","url":"https:\/\/nellydevuyst.com\/fr\/","name":"Nelly De Vuyst\u00ae Skin Care","description":"The Best of Science and Nature","publisher":{"@id":"https:\/\/nellydevuyst.com\/fr\/#organization"},"alternateName":"NDV Skin Care","potentialAction":[{"@type":"SearchAction","target":{"@type":"EntryPoint","urlTemplate":"https:\/\/nellydevuyst.com\/fr\/?s={search_term_string}"},"query-input":{"@type":"PropertyValueSpecification","valueRequired":true,"valueName":"search_term_string"}}],"inLanguage":"fr-FR"},{"@type":"Organization","@id":"https:\/\/nellydevuyst.com\/fr\/#organization","name":"Nelly De Vuyst Skin Care","alternateName":"NDV Skin Care","url":"https:\/\/nellydevuyst.com\/fr\/","logo":{"@type":"ImageObject","inLanguage":"fr-FR","@id":"https:\/\/nellydevuyst.com\/fr\/#\/schema\/logo\/image\/","url":"https:\/\/nellydevuyst.com\/wp-content\/uploads\/2024\/01\/ndv-logo-favico.png","contentUrl":"https:\/\/nellydevuyst.com\/wp-content\/uploads\/2024\/01\/ndv-logo-favico.png","width":512,"height":512,"caption":"Nelly De Vuyst Skin Care"},"image":{"@id":"https:\/\/nellydevuyst.com\/fr\/#\/schema\/logo\/image\/"},"sameAs":["https:\/\/www.facebook.com\/NellyDeVuystSkincare\/","https:\/\/www.instagram.com\/nelly_devuyst\/","https:\/\/www.youtube.com\/user\/derme8282","https:\/\/www.tiktok.com\/@nellydevuyst","https:\/\/www.pinterest.com.mx\/nellydevuystskincare\/"]}]}},"_links":{"self":[{"href":"https:\/\/nellydevuyst.com\/fr\/wp-json\/wp\/v2\/product\/7191","targetHints":{"allow":["GET"]}}],"collection":[{"href":"https:\/\/nellydevuyst.com\/fr\/wp-json\/wp\/v2\/product"}],"about":[{"href":"https:\/\/nellydevuyst.com\/fr\/wp-json\/wp\/v2\/types\/product"}],"replies":[{"embeddable":true,"href":"https:\/\/nellydevuyst.com\/fr\/wp-json\/wp\/v2\/comments?post=7191"}],"wp:featuredmedia":[{"embeddable":true,"href":"https:\/\/nellydevuyst.com\/fr\/wp-json\/wp\/v2\/media\/14613"}],"wp:attachment":[{"href":"https:\/\/nellydevuyst.com\/fr\/wp-json\/wp\/v2\/media?parent=7191"}],"wp:term":[{"taxonomy":"product_brand","embeddable":true,"href":"https:\/\/nellydevuyst.com\/fr\/wp-json\/wp\/v2\/product_brand?post=7191"},{"taxonomy":"product_cat","embeddable":true,"href":"https:\/\/nellydevuyst.com\/fr\/wp-json\/wp\/v2\/product_cat?post=7191"},{"taxonomy":"product_tag","embeddable":true,"href":"https:\/\/nellydevuyst.com\/fr\/wp-json\/wp\/v2\/product_tag?post=7191"},{"taxonomy":"giftcard-category","embeddable":true,"href":"https:\/\/nellydevuyst.com\/fr\/wp-json\/wp\/v2\/giftcard-category?post=7191"}],"curies":[{"name":"wp","href":"https:\/\/api.w.org\/{rel}","templated":true}]}}