{"id":9301,"date":"2022-11-22T10:35:55","date_gmt":"2022-11-22T15:35:55","guid":{"rendered":"https:\/\/nellydevuyst.com\/?post_type=product&#038;p=9301"},"modified":"2026-02-07T14:54:22","modified_gmt":"2026-02-07T19:54:22","slug":"tonique-peaux-sensibles-biocalm-voyage","status":"publish","type":"product","link":"https:\/\/nellydevuyst.com\/fr\/produit\/tonique-peaux-sensibles-biocalm-voyage\/","title":{"rendered":"Tonique Peaux Sensibles BioCalm (Voyage)"},"content":{"rendered":"<h2 class=\"uppercase\">Embrassez le pouvoir transformateur des soins cibl\u00e9s avec notre Tonique Peaux Sensibles BioCalm<\/h2>\n<p>Embrassez la sensation calmante de notre tonique pH \u00e9quilibrant, con\u00e7u pour ceux ayant une peau sensible sujette aux rougeurs et aux sympt\u00f4mes de la rosac\u00e9e. D\u00e9velopp\u00e9e avec une profonde compr\u00e9hension des d\u00e9fis rencontr\u00e9s par les personnes souffrant d&rsquo;inflammation, cette formule est infus\u00e9e d&rsquo;extraits de plantes soigneusement s\u00e9lectionn\u00e9s et d&rsquo;eaux florales. Ces ingr\u00e9dients travaillent de mani\u00e8re synergique pour calmer l&rsquo;inflammation, diminuer les rougeurs et restaurer l&rsquo;\u00e9quilibre du pH de la peau, fournissant une base pour une peau plus saine.<\/p>\n<p>Au c\u0153ur de notre tonique se trouve un engagement envers un soin doux mais efficace. Sans alcool, notre tonique doux assure une exp\u00e9rience apaisante \u00e0 chaque application. En s&rsquo;attaquant aux causes profondes des rougeurs et du mal \u00eatre, notre tonique agit comme un alli\u00e9 quotidien dans votre routine de soins, nourrissant votre peau jusqu&rsquo;\u00e0 son \u00e9tat optimal. Con\u00e7u pour offrir \u00e0 la fois un soulagement imm\u00e9diat et des b\u00e9n\u00e9fices \u00e0 long terme, cette innovation fait le pont entre la science et la nature.<\/p>\n<p>Conform\u00e9ment \u00e0 notre engagement envers votre peau et l&rsquo;environnement, ce tonique pH rafra\u00eechissant et apaisant est biod\u00e9gradable, sans alcool, sans silicone, sans parab\u00e8nes, sans PEG, sans gluten, sans OGM, sans perturbateurs endocriniens, sans goudron, sans quaternium, sans parfum, sans colorant et non test\u00e9 sur les animaux.<\/p>\n","protected":false},"excerpt":{"rendered":"<p>Maintenez votre \u00e9quilibre pH avec notre Tonique pH sp\u00e9cifiquement formul\u00e9 pour les peaux sensibles et les peaux s\u00e8ches. Rafra\u00eechissant et apaisant, ce tonique sans alcool restaure l&rsquo;\u00e9quilibre naturel de votre peau, pr\u00e9venant le d\u00e9s\u00e9quilibre responsable des rougeurs ou des sympt\u00f4mes de rosac\u00e9e.<\/p>\n<ul>\n<li class=\"bullet-arrow\"><strong>Texture :<\/strong> Liquide (vaporisateur)<\/li>\n<li class=\"bullet-arrow\"><strong>Type de peau :<\/strong> Peau Sensible<\/li>\n<li class=\"bullet-arrow\"><strong>Pr\u00e9occupation cutan\u00e9e :<\/strong> Rougeurs, inflammation, irritation, rosac\u00e9e, acn\u00e9 rosac\u00e9e<\/li>\n<li class=\"bullet-arrow\"><strong>Format :<\/strong> 1.00 fl.oz. &#8211; 30 ml <em>(Pompe sans air)<\/em><\/li>\n<\/ul>\n<div class=\"row row-full-width align-equal\"  id=\"row-440962858\">\n\t<div id=\"col-990457234\" class=\"col small-12 large-12\"  >\n\t\t\t\t<div class=\"col-inner\"  >\n\t\t\t\n\t\t\t\n\n  \n    <div class=\"row large-columns-8 medium-columns-8 small-columns-8 row-collapse\" >\n  <div class=\"gallery-col col\" >\n          <div class=\"col-inner\">\n                        <div class=\"box has-hover gallery-box box-none\">\n              <div class=\"box-image\" >\n                <img width=\"1\" height=\"1\" src=\"https:\/\/nellydevuyst.com\/wp-content\/uploads\/2023\/05\/VEGAN-EN.svg\" class=\"attachment-medium size-medium\" alt=\"VEGAN\" ids=\"12323,12303,12319,12321,12309\" style=\"none\" lightbox=\"false\" col_spacing=\"collapse\" columns=\"8\" columns__sm=\"8\" columns__md=\"8\" decoding=\"async\" loading=\"lazy\" \/>                                                              <\/div>\n              <div class=\"box-text text-left\" >\n                 <p>VEGAN<\/p>\n              <\/div>\n            <\/div>\n                      <\/div>\n         <\/div><div class=\"gallery-col col\" >\n          <div class=\"col-inner\">\n                        <div class=\"box has-hover gallery-box box-none\">\n              <div class=\"box-image\" >\n                <img width=\"1\" height=\"1\" src=\"https:\/\/nellydevuyst.com\/wp-content\/uploads\/2023\/05\/ANIMALCRUELTY-EN.svg\" class=\"attachment-medium size-medium\" alt=\"NO ANIMAL CRUELTY\" ids=\"12323,12303,12319,12321,12309\" style=\"none\" lightbox=\"false\" col_spacing=\"collapse\" columns=\"8\" columns__sm=\"8\" columns__md=\"8\" decoding=\"async\" loading=\"lazy\" \/>                                                              <\/div>\n              <div class=\"box-text text-left\" >\n                 <p>NO ANIMAL CRUELTY <\/p>\n              <\/div>\n            <\/div>\n                      <\/div>\n         <\/div><div class=\"gallery-col col\" >\n          <div class=\"col-inner\">\n                        <div class=\"box has-hover gallery-box box-none\">\n              <div class=\"box-image\" >\n                <img width=\"1\" height=\"1\" src=\"https:\/\/nellydevuyst.com\/wp-content\/uploads\/2023\/05\/OGM-FR.svg\" class=\"attachment-medium size-medium\" alt=\"GLUTEN OGM\" ids=\"12323,12303,12319,12321,12309\" style=\"none\" lightbox=\"false\" col_spacing=\"collapse\" columns=\"8\" columns__sm=\"8\" columns__md=\"8\" decoding=\"async\" loading=\"lazy\" \/>                                                              <\/div>\n              <div class=\"box-text text-left\" >\n                 <p>GLUTEN OGM<\/p>\n              <\/div>\n            <\/div>\n                      <\/div>\n         <\/div><div class=\"gallery-col col\" >\n          <div class=\"col-inner\">\n                        <div class=\"box has-hover gallery-box box-none\">\n              <div class=\"box-image\" >\n                <img width=\"1\" height=\"1\" src=\"https:\/\/nellydevuyst.com\/wp-content\/uploads\/2023\/05\/RECYCLABLE-EN.svg\" class=\"attachment-medium size-medium\" alt=\"RECYCLABLE\" ids=\"12323,12303,12319,12321,12309\" style=\"none\" lightbox=\"false\" col_spacing=\"collapse\" columns=\"8\" columns__sm=\"8\" columns__md=\"8\" decoding=\"async\" loading=\"lazy\" \/>                                                              <\/div>\n              <div class=\"box-text text-left\" >\n                 <p>RECYCLABLE<\/p>\n              <\/div>\n            <\/div>\n                      <\/div>\n         <\/div><div class=\"gallery-col col\" >\n          <div class=\"col-inner\">\n                        <div class=\"box has-hover gallery-box box-none\">\n              <div class=\"box-image\" >\n                <img width=\"1\" height=\"1\" src=\"https:\/\/nellydevuyst.com\/wp-content\/uploads\/2023\/05\/CANADA-FR.svg\" class=\"attachment-medium size-medium\" alt=\"FABRIQUE AU CANADA\" ids=\"12323,12303,12319,12321,12309\" style=\"none\" lightbox=\"false\" col_spacing=\"collapse\" columns=\"8\" columns__sm=\"8\" columns__md=\"8\" decoding=\"async\" loading=\"lazy\" \/>                                                              <\/div>\n              <div class=\"box-text text-left\" >\n                 <p>FABRIQUE AU CANADA<\/p>\n              <\/div>\n            <\/div>\n                      <\/div>\n         <\/div><\/div>\n\t\t<\/div>\n\t\t\t\t\t<\/div>\n\n\t<\/div>\n","protected":false},"featured_media":14164,"comment_status":"open","ping_status":"closed","template":"","meta":[],"product_brand":[],"product_cat":[499,531,185],"product_tag":[228,252,241,240,229],"giftcard-category":[],"class_list":{"0":"post-9301","1":"product","2":"type-product","3":"status-publish","4":"has-post-thumbnail","6":"product_cat-collection-biocalm","7":"product_cat-formats-voyage","8":"product_cat-toniques","9":"product_tag-equilibrage-du-ph","10":"product_tag-hydratants","11":"product_tag-peau-sensible","12":"product_tag-rosacee","13":"product_tag-tonique","15":"first","16":"instock","17":"taxable","18":"shipping-taxable","19":"purchasable","20":"product-type-simple"},"yoast_head":"<!-- This site is optimized with the Yoast SEO plugin v27.2 - https:\/\/yoast.com\/product\/yoast-seo-wordpress\/ -->\n<title>Tonique Peaux Sensibles BioCalm (Voyage) | Nelly De Vuyst\u00ae Skin Care<\/title>\n<meta name=\"description\" content=\"D\u00e9couvrez notre tonique \u00e9quilibrant le pH pour la peau sensible. Rafra\u00eechissant et apaisant, ce tonique sans alcool \u00e9quilibre le pH de la peau, pr\u00e9venant l&#039;inflammation, id\u00e9al pour la peau s\u00e8che.\" \/>\n<meta name=\"robots\" content=\"index, follow, max-snippet:-1, max-image-preview:large, max-video-preview:-1\" \/>\n<link rel=\"canonical\" href=\"https:\/\/nellydevuyst.com\/fr\/produit\/tonique-peaux-sensibles-biocalm-voyage\/\" \/>\n<meta property=\"og:locale\" content=\"fr_FR\" \/>\n<meta property=\"og:type\" content=\"article\" \/>\n<meta property=\"og:title\" content=\"Tonique Peaux Sensibles BioCalm (Voyage) | Nelly De Vuyst\u00ae Skin Care\" \/>\n<meta property=\"og:description\" content=\"D\u00e9couvrez notre tonique \u00e9quilibrant le pH pour la peau sensible. Rafra\u00eechissant et apaisant, ce tonique sans alcool \u00e9quilibre le pH de la peau, pr\u00e9venant l&#039;inflammation, id\u00e9al pour la peau s\u00e8che.\" \/>\n<meta property=\"og:url\" content=\"https:\/\/nellydevuyst.com\/fr\/produit\/tonique-peaux-sensibles-biocalm-voyage\/\" \/>\n<meta property=\"og:site_name\" content=\"Nelly De Vuyst\u00ae Skin Care\" \/>\n<meta property=\"article:publisher\" content=\"https:\/\/www.facebook.com\/NellyDeVuystSkincare\/\" \/>\n<meta property=\"article:modified_time\" content=\"2026-02-07T19:54:22+00:00\" \/>\n<meta property=\"og:image\" content=\"https:\/\/nellydevuyst.com\/wp-content\/uploads\/2022\/11\/BioCalm-Sensitive-Skin-Toner-Travel.jpg\" \/>\n\t<meta property=\"og:image:width\" content=\"1200\" \/>\n\t<meta property=\"og:image:height\" content=\"1200\" \/>\n\t<meta property=\"og:image:type\" content=\"image\/jpeg\" \/>\n<meta name=\"twitter:card\" content=\"summary_large_image\" \/>\n<script type=\"application\/ld+json\" class=\"yoast-schema-graph\">{\"@context\":\"https:\/\/schema.org\",\"@graph\":[{\"@type\":[\"WebPage\",\"ItemPage\"],\"@id\":\"https:\/\/nellydevuyst.com\/fr\/produit\/tonique-peaux-sensibles-biocalm-voyage\/\",\"url\":\"https:\/\/nellydevuyst.com\/fr\/produit\/tonique-peaux-sensibles-biocalm-voyage\/\",\"name\":\"Tonique Peaux Sensibles BioCalm (Voyage) | Nelly De Vuyst\u00ae Skin Care\",\"isPartOf\":{\"@id\":\"https:\/\/nellydevuyst.com\/fr\/#website\"},\"primaryImageOfPage\":{\"@id\":\"https:\/\/nellydevuyst.com\/fr\/produit\/tonique-peaux-sensibles-biocalm-voyage\/#primaryimage\"},\"image\":{\"@id\":\"https:\/\/nellydevuyst.com\/fr\/produit\/tonique-peaux-sensibles-biocalm-voyage\/#primaryimage\"},\"thumbnailUrl\":\"https:\/\/nellydevuyst.com\/wp-content\/uploads\/2022\/11\/BioCalm-Sensitive-Skin-Toner-Travel.jpg\",\"datePublished\":\"2022-11-22T15:35:55+00:00\",\"dateModified\":\"2026-02-07T19:54:22+00:00\",\"description\":\"D\u00e9couvrez notre tonique \u00e9quilibrant le pH pour la peau sensible. Rafra\u00eechissant et apaisant, ce tonique sans alcool \u00e9quilibre le pH de la peau, pr\u00e9venant l'inflammation, id\u00e9al pour la peau s\u00e8che.\",\"breadcrumb\":{\"@id\":\"https:\/\/nellydevuyst.com\/fr\/produit\/tonique-peaux-sensibles-biocalm-voyage\/#breadcrumb\"},\"inLanguage\":\"fr-FR\",\"potentialAction\":[{\"@type\":\"ReadAction\",\"target\":[\"https:\/\/nellydevuyst.com\/fr\/produit\/tonique-peaux-sensibles-biocalm-voyage\/\"]}]},{\"@type\":\"ImageObject\",\"inLanguage\":\"fr-FR\",\"@id\":\"https:\/\/nellydevuyst.com\/fr\/produit\/tonique-peaux-sensibles-biocalm-voyage\/#primaryimage\",\"url\":\"https:\/\/nellydevuyst.com\/wp-content\/uploads\/2022\/11\/BioCalm-Sensitive-Skin-Toner-Travel.jpg\",\"contentUrl\":\"https:\/\/nellydevuyst.com\/wp-content\/uploads\/2022\/11\/BioCalm-Sensitive-Skin-Toner-Travel.jpg\",\"width\":1200,\"height\":1200,\"caption\":\"Tonique Peaux Sensibles BioCalm (Voyage)\"},{\"@type\":\"BreadcrumbList\",\"@id\":\"https:\/\/nellydevuyst.com\/fr\/produit\/tonique-peaux-sensibles-biocalm-voyage\/#breadcrumb\",\"itemListElement\":[{\"@type\":\"ListItem\",\"position\":1,\"name\":\"Home\",\"item\":\"https:\/\/nellydevuyst.com\/fr\/\"},{\"@type\":\"ListItem\",\"position\":2,\"name\":\"Boutique\",\"item\":\"https:\/\/nellydevuyst.com\/fr\/boutique\/\"},{\"@type\":\"ListItem\",\"position\":3,\"name\":\"Tonique Peaux Sensibles BioCalm (Voyage)\"}]},{\"@type\":\"WebSite\",\"@id\":\"https:\/\/nellydevuyst.com\/fr\/#website\",\"url\":\"https:\/\/nellydevuyst.com\/fr\/\",\"name\":\"Nelly De Vuyst\u00ae Skin Care\",\"description\":\"The Best of Science and Nature\",\"publisher\":{\"@id\":\"https:\/\/nellydevuyst.com\/fr\/#organization\"},\"alternateName\":\"NDV Skin Care\",\"potentialAction\":[{\"@type\":\"SearchAction\",\"target\":{\"@type\":\"EntryPoint\",\"urlTemplate\":\"https:\/\/nellydevuyst.com\/fr\/?s={search_term_string}\"},\"query-input\":{\"@type\":\"PropertyValueSpecification\",\"valueRequired\":true,\"valueName\":\"search_term_string\"}}],\"inLanguage\":\"fr-FR\"},{\"@type\":\"Organization\",\"@id\":\"https:\/\/nellydevuyst.com\/fr\/#organization\",\"name\":\"Nelly De Vuyst Skin Care\",\"alternateName\":\"NDV Skin Care\",\"url\":\"https:\/\/nellydevuyst.com\/fr\/\",\"logo\":{\"@type\":\"ImageObject\",\"inLanguage\":\"fr-FR\",\"@id\":\"https:\/\/nellydevuyst.com\/fr\/#\/schema\/logo\/image\/\",\"url\":\"https:\/\/nellydevuyst.com\/wp-content\/uploads\/2024\/01\/ndv-logo-favico.png\",\"contentUrl\":\"https:\/\/nellydevuyst.com\/wp-content\/uploads\/2024\/01\/ndv-logo-favico.png\",\"width\":512,\"height\":512,\"caption\":\"Nelly De Vuyst Skin Care\"},\"image\":{\"@id\":\"https:\/\/nellydevuyst.com\/fr\/#\/schema\/logo\/image\/\"},\"sameAs\":[\"https:\/\/www.facebook.com\/NellyDeVuystSkincare\/\",\"https:\/\/www.instagram.com\/nelly_devuyst\/\",\"https:\/\/www.youtube.com\/user\/derme8282\",\"https:\/\/www.tiktok.com\/@nellydevuyst\",\"https:\/\/www.pinterest.com.mx\/nellydevuystskincare\/\"]}]}<\/script>\n<!-- \/ Yoast SEO plugin. -->","yoast_head_json":{"title":"Tonique Peaux Sensibles BioCalm (Voyage) | Nelly De Vuyst\u00ae Skin Care","description":"D\u00e9couvrez notre tonique \u00e9quilibrant le pH pour la peau sensible. Rafra\u00eechissant et apaisant, ce tonique sans alcool \u00e9quilibre le pH de la peau, pr\u00e9venant l'inflammation, id\u00e9al pour la peau s\u00e8che.","robots":{"index":"index","follow":"follow","max-snippet":"max-snippet:-1","max-image-preview":"max-image-preview:large","max-video-preview":"max-video-preview:-1"},"canonical":"https:\/\/nellydevuyst.com\/fr\/produit\/tonique-peaux-sensibles-biocalm-voyage\/","og_locale":"fr_FR","og_type":"article","og_title":"Tonique Peaux Sensibles BioCalm (Voyage) | Nelly De Vuyst\u00ae Skin Care","og_description":"D\u00e9couvrez notre tonique \u00e9quilibrant le pH pour la peau sensible. Rafra\u00eechissant et apaisant, ce tonique sans alcool \u00e9quilibre le pH de la peau, pr\u00e9venant l'inflammation, id\u00e9al pour la peau s\u00e8che.","og_url":"https:\/\/nellydevuyst.com\/fr\/produit\/tonique-peaux-sensibles-biocalm-voyage\/","og_site_name":"Nelly De Vuyst\u00ae Skin Care","article_publisher":"https:\/\/www.facebook.com\/NellyDeVuystSkincare\/","article_modified_time":"2026-02-07T19:54:22+00:00","og_image":[{"width":1200,"height":1200,"url":"https:\/\/nellydevuyst.com\/wp-content\/uploads\/2022\/11\/BioCalm-Sensitive-Skin-Toner-Travel.jpg","type":"image\/jpeg"}],"twitter_card":"summary_large_image","schema":{"@context":"https:\/\/schema.org","@graph":[{"@type":["WebPage","ItemPage"],"@id":"https:\/\/nellydevuyst.com\/fr\/produit\/tonique-peaux-sensibles-biocalm-voyage\/","url":"https:\/\/nellydevuyst.com\/fr\/produit\/tonique-peaux-sensibles-biocalm-voyage\/","name":"Tonique Peaux Sensibles BioCalm (Voyage) | Nelly De Vuyst\u00ae Skin Care","isPartOf":{"@id":"https:\/\/nellydevuyst.com\/fr\/#website"},"primaryImageOfPage":{"@id":"https:\/\/nellydevuyst.com\/fr\/produit\/tonique-peaux-sensibles-biocalm-voyage\/#primaryimage"},"image":{"@id":"https:\/\/nellydevuyst.com\/fr\/produit\/tonique-peaux-sensibles-biocalm-voyage\/#primaryimage"},"thumbnailUrl":"https:\/\/nellydevuyst.com\/wp-content\/uploads\/2022\/11\/BioCalm-Sensitive-Skin-Toner-Travel.jpg","datePublished":"2022-11-22T15:35:55+00:00","dateModified":"2026-02-07T19:54:22+00:00","description":"D\u00e9couvrez notre tonique \u00e9quilibrant le pH pour la peau sensible. Rafra\u00eechissant et apaisant, ce tonique sans alcool \u00e9quilibre le pH de la peau, pr\u00e9venant l'inflammation, id\u00e9al pour la peau s\u00e8che.","breadcrumb":{"@id":"https:\/\/nellydevuyst.com\/fr\/produit\/tonique-peaux-sensibles-biocalm-voyage\/#breadcrumb"},"inLanguage":"fr-FR","potentialAction":[{"@type":"ReadAction","target":["https:\/\/nellydevuyst.com\/fr\/produit\/tonique-peaux-sensibles-biocalm-voyage\/"]}]},{"@type":"ImageObject","inLanguage":"fr-FR","@id":"https:\/\/nellydevuyst.com\/fr\/produit\/tonique-peaux-sensibles-biocalm-voyage\/#primaryimage","url":"https:\/\/nellydevuyst.com\/wp-content\/uploads\/2022\/11\/BioCalm-Sensitive-Skin-Toner-Travel.jpg","contentUrl":"https:\/\/nellydevuyst.com\/wp-content\/uploads\/2022\/11\/BioCalm-Sensitive-Skin-Toner-Travel.jpg","width":1200,"height":1200,"caption":"Tonique Peaux Sensibles BioCalm (Voyage)"},{"@type":"BreadcrumbList","@id":"https:\/\/nellydevuyst.com\/fr\/produit\/tonique-peaux-sensibles-biocalm-voyage\/#breadcrumb","itemListElement":[{"@type":"ListItem","position":1,"name":"Home","item":"https:\/\/nellydevuyst.com\/fr\/"},{"@type":"ListItem","position":2,"name":"Boutique","item":"https:\/\/nellydevuyst.com\/fr\/boutique\/"},{"@type":"ListItem","position":3,"name":"Tonique Peaux Sensibles BioCalm (Voyage)"}]},{"@type":"WebSite","@id":"https:\/\/nellydevuyst.com\/fr\/#website","url":"https:\/\/nellydevuyst.com\/fr\/","name":"Nelly De Vuyst\u00ae Skin Care","description":"The Best of Science and Nature","publisher":{"@id":"https:\/\/nellydevuyst.com\/fr\/#organization"},"alternateName":"NDV Skin Care","potentialAction":[{"@type":"SearchAction","target":{"@type":"EntryPoint","urlTemplate":"https:\/\/nellydevuyst.com\/fr\/?s={search_term_string}"},"query-input":{"@type":"PropertyValueSpecification","valueRequired":true,"valueName":"search_term_string"}}],"inLanguage":"fr-FR"},{"@type":"Organization","@id":"https:\/\/nellydevuyst.com\/fr\/#organization","name":"Nelly De Vuyst Skin Care","alternateName":"NDV Skin Care","url":"https:\/\/nellydevuyst.com\/fr\/","logo":{"@type":"ImageObject","inLanguage":"fr-FR","@id":"https:\/\/nellydevuyst.com\/fr\/#\/schema\/logo\/image\/","url":"https:\/\/nellydevuyst.com\/wp-content\/uploads\/2024\/01\/ndv-logo-favico.png","contentUrl":"https:\/\/nellydevuyst.com\/wp-content\/uploads\/2024\/01\/ndv-logo-favico.png","width":512,"height":512,"caption":"Nelly De Vuyst Skin Care"},"image":{"@id":"https:\/\/nellydevuyst.com\/fr\/#\/schema\/logo\/image\/"},"sameAs":["https:\/\/www.facebook.com\/NellyDeVuystSkincare\/","https:\/\/www.instagram.com\/nelly_devuyst\/","https:\/\/www.youtube.com\/user\/derme8282","https:\/\/www.tiktok.com\/@nellydevuyst","https:\/\/www.pinterest.com.mx\/nellydevuystskincare\/"]}]}},"_links":{"self":[{"href":"https:\/\/nellydevuyst.com\/fr\/wp-json\/wp\/v2\/product\/9301","targetHints":{"allow":["GET"]}}],"collection":[{"href":"https:\/\/nellydevuyst.com\/fr\/wp-json\/wp\/v2\/product"}],"about":[{"href":"https:\/\/nellydevuyst.com\/fr\/wp-json\/wp\/v2\/types\/product"}],"replies":[{"embeddable":true,"href":"https:\/\/nellydevuyst.com\/fr\/wp-json\/wp\/v2\/comments?post=9301"}],"wp:featuredmedia":[{"embeddable":true,"href":"https:\/\/nellydevuyst.com\/fr\/wp-json\/wp\/v2\/media\/14164"}],"wp:attachment":[{"href":"https:\/\/nellydevuyst.com\/fr\/wp-json\/wp\/v2\/media?parent=9301"}],"wp:term":[{"taxonomy":"product_brand","embeddable":true,"href":"https:\/\/nellydevuyst.com\/fr\/wp-json\/wp\/v2\/product_brand?post=9301"},{"taxonomy":"product_cat","embeddable":true,"href":"https:\/\/nellydevuyst.com\/fr\/wp-json\/wp\/v2\/product_cat?post=9301"},{"taxonomy":"product_tag","embeddable":true,"href":"https:\/\/nellydevuyst.com\/fr\/wp-json\/wp\/v2\/product_tag?post=9301"},{"taxonomy":"giftcard-category","embeddable":true,"href":"https:\/\/nellydevuyst.com\/fr\/wp-json\/wp\/v2\/giftcard-category?post=9301"}],"curies":[{"name":"wp","href":"https:\/\/api.w.org\/{rel}","templated":true}]}}